{"id":52487,"date":"2022-11-04T15:59:29","date_gmt":"2022-11-04T14:59:29","guid":{"rendered":"https:\/\/bassin-arcachon.com\/?page_id=52487"},"modified":"2025-09-04T16:36:41","modified_gmt":"2025-09-04T14:36:41","slug":"orari-delle-maree","status":"publish","type":"page","link":"https:\/\/bassin-arcachon.com\/it\/horaires-des-marees\/","title":{"rendered":"Tempi di marea"},"content":{"rendered":"<div style=\"height:30px\" aria-hidden=\"true\" class=\"wp-block-spacer\"><\/div>\n\n\n\n<div class=\"wp-block-uagb-container mareesvdo uagb-block-c39714a5 alignfull uagb-is-root-container\"><div class=\"uagb-container-inner-blocks-wrap\">\n<div class=\"wp-block-uagb-container uagb-block-05ae7661\">\n<figure class=\"wp-block-video\"><video height=\"720\" style=\"aspect-ratio: 720 \/ 720;\" width=\"720\" autoplay loop muted src=\"https:\/\/bassin-arcachon.com\/wp-content\/uploads\/2024\/02\/VideoMarees-1.mp4\" playsinline><\/video><\/figure>\n<\/div>\n\n\n\n<div class=\"wp-block-uagb-container uagb-block-f49a0e82\">\n<h2 class=\"wp-block-heading\">Maree di<br>Bassin da Arcachon,<br>uno spettacolo quotidiano<\/h2>\n\n\n\n<p>Nel cuore dell&#039;Bassin di Arcachon, lo spettacolo quotidiano delle maree, guidate dalla luna e dal sole, trasforma permanentemente il paesaggio. Queste affascinanti maree, sebbene variabili in altezza e velocit\u00e0, richiedono cautela.<br>\u00c8 importante consultare gli orari delle maree e seguire le istruzioni di sicurezza per esplorare l&#039;Bassin in sicurezza.<\/p>\n<\/div>\n<\/div><\/div>\n\n\n\n<p class=\"has-text-align-center\">Trova il nostro <a href=\"https:\/\/bassin-arcachon.com\/it\/previsioni-meteo-settimanali-per-il-bacino-di-arcachon\/\" data-type=\"link\" data-id=\"https:\/\/bassin-arcachon.com\/previsions-meteo-bassin-arcachon-semaine\/\">Bollettino meteorologico di 7 giorni<\/a> per l&#039;Bassin di Arcachon<\/p>\n\n\n\n<div style=\"height:100px\" aria-hidden=\"true\" class=\"wp-block-spacer\"><\/div>","protected":false},"excerpt":{"rendered":"<p>Mar\u00e9es duBassin d\u2019Arcachon,un spectacle quotidien Au c\u0153ur du Bassin d\u2019Arcachon, le spectacle quotidien des mar\u00e9es, guid\u00e9 par la lune et le soleil, transforme le paysage en permanence. Ces mar\u00e9es fascinantes, [&hellip;]<\/p>\n","protected":false},"author":300,"featured_media":271,"parent":0,"menu_order":14,"comment_status":"closed","ping_status":"closed","template":"page-templates\/page-marees2.php","meta":{"_acf_changed":false,"_uag_custom_page_level_css":"","footnotes":""},"class_list":["post-52487","page","type-page","status-publish","has-post-thumbnail","hentry"],"acf":[],"uagb_featured_image_src":{"full":["https:\/\/bassin-arcachon.com\/wp-content\/uploads\/2017\/02\/header-marees.png",1200,290,false],"thumbnail":["https:\/\/bassin-arcachon.com\/wp-content\/uploads\/2017\/02\/header-marees-150x150.png",150,150,true],"medium":["https:\/\/bassin-arcachon.com\/wp-content\/uploads\/2017\/02\/header-marees-600x145.png",600,145,true],"medium_large":["https:\/\/bassin-arcachon.com\/wp-content\/uploads\/2017\/02\/header-marees-768x186.png",768,186,true],"large":["https:\/\/bassin-arcachon.com\/wp-content\/uploads\/2017\/02\/header-marees-1024x247.png",1024,247,true],"1536x1536":["https:\/\/bassin-arcachon.com\/wp-content\/uploads\/2017\/02\/header-marees.png",1200,290,false],"2048x2048":["https:\/\/bassin-arcachon.com\/wp-content\/uploads\/2017\/02\/header-marees.png",1200,290,false],"trp-custom-language-flag":["https:\/\/bassin-arcachon.com\/wp-content\/uploads\/2017\/02\/header-marees-18x4.png",18,4,true]},"uagb_author_info":{"display_name":"dfuzionadmin","author_link":"https:\/\/bassin-arcachon.com\/it\/author\/dfuzionadmin\/"},"uagb_comment_info":0,"uagb_excerpt":"Mar\u00e9es duBassin d\u2019Arcachon,un spectacle quotidien Au c\u0153ur du Bassin d\u2019Arcachon, le spectacle quotidien des mar\u00e9es, guid\u00e9 par la lune et le soleil, transforme le paysage en permanence. Ces mar\u00e9es fascinantes, [&hellip;]","_links":{"self":[{"href":"https:\/\/bassin-arcachon.com\/it\/wp-json\/wp\/v2\/pages\/52487","targetHints":{"allow":["GET"]}}],"collection":[{"href":"https:\/\/bassin-arcachon.com\/it\/wp-json\/wp\/v2\/pages"}],"about":[{"href":"https:\/\/bassin-arcachon.com\/it\/wp-json\/wp\/v2\/types\/page"}],"author":[{"embeddable":true,"href":"https:\/\/bassin-arcachon.com\/it\/wp-json\/wp\/v2\/users\/300"}],"replies":[{"embeddable":true,"href":"https:\/\/bassin-arcachon.com\/it\/wp-json\/wp\/v2\/comments?post=52487"}],"version-history":[{"count":1,"href":"https:\/\/bassin-arcachon.com\/it\/wp-json\/wp\/v2\/pages\/52487\/revisions"}],"predecessor-version":[{"id":180388,"href":"https:\/\/bassin-arcachon.com\/it\/wp-json\/wp\/v2\/pages\/52487\/revisions\/180388"}],"wp:featuredmedia":[{"embeddable":true,"href":"https:\/\/bassin-arcachon.com\/it\/wp-json\/wp\/v2\/media\/271"}],"wp:attachment":[{"href":"https:\/\/bassin-arcachon.com\/it\/wp-json\/wp\/v2\/media?parent=52487"}],"curies":[{"name":"wp","href":"https:\/\/api.w.org\/{rel}","templated":true}]}}