{"id":58310,"date":"2024-05-07T13:31:15","date_gmt":"2024-05-07T11:31:15","guid":{"rendered":"https:\/\/bassin-arcachon.com\/?page_id=58310"},"modified":"2026-01-19T08:22:53","modified_gmt":"2026-01-19T07:22:53","slug":"previsioni-meteo-settimanali-per-il-bacino-di-arcachon","status":"publish","type":"page","link":"https:\/\/bassin-arcachon.com\/it\/previsions-meteo-bassin-arcachon-semaine\/","title":{"rendered":"Previsioni meteo Arcachon Bassin"},"content":{"rendered":"<h2 class=\"wp-block-heading has-text-align-center\" style=\"font-size:33px\">Trova il meteo locale <br>6 giorni sull&#039;Bassin da Arcachon<\/h2>\n\n\n\n<div style=\"height:28px\" aria-hidden=\"true\" class=\"wp-block-spacer\"><\/div>\n\n\n<div class=\"wp-block-image is-style-default\">\n<figure class=\"aligncenter size-large is-resized\"><img loading=\"lazy\" decoding=\"async\" width=\"1024\" height=\"683\" src=\"https:\/\/bassin-arcachon.com\/wp-content\/uploads\/2022\/11\/20160429_HD_Jetee-du-Moulleau_CASSIAU-9-scaled-1024x683.jpg\" alt=\"- - Bassin d&#039;Arcachon\" class=\"wp-image-52236\" style=\"width:736px;height:auto\" title=\"- - Bassin d&#039;Arcachon\" srcset=\"https:\/\/bassin-arcachon.com\/wp-content\/uploads\/2022\/11\/20160429_HD_Jetee-du-Moulleau_CASSIAU-9-scaled-1024x683.jpg 1024w, https:\/\/bassin-arcachon.com\/wp-content\/uploads\/2022\/11\/20160429_HD_Jetee-du-Moulleau_CASSIAU-9-scaled-600x400.jpg 600w, https:\/\/bassin-arcachon.com\/wp-content\/uploads\/2022\/11\/20160429_HD_Jetee-du-Moulleau_CASSIAU-9-scaled-768x512.jpg 768w, https:\/\/bassin-arcachon.com\/wp-content\/uploads\/2022\/11\/20160429_HD_Jetee-du-Moulleau_CASSIAU-9-scaled-1536x1024.jpg 1536w, https:\/\/bassin-arcachon.com\/wp-content\/uploads\/2022\/11\/20160429_HD_Jetee-du-Moulleau_CASSIAU-9-scaled-2048x1366.jpg 2048w, https:\/\/bassin-arcachon.com\/wp-content\/uploads\/2022\/11\/20160429_HD_Jetee-du-Moulleau_CASSIAU-9-scaled-18x12.jpg 18w\" sizes=\"auto, (max-width: 1024px) 100vw, 1024px\" \/><\/figure>\n<\/div>\n\n\n<div style=\"height:25px\" aria-hidden=\"true\" class=\"wp-block-spacer\"><\/div>\n\n\n\n<h2 class=\"wp-block-heading has-text-align-center has-large-font-size\">Pianifica le tue attivit\u00e0 in base al tempo:<\/h2>\n\n\n\n<p class=\"has-text-align-center\">Il tempo \u00e8 bello: \u00e8 un\u2019occasione per scoprire <a href=\"https:\/\/bassin-arcachon.com\/it\/i-nostri-elementi-essenziali\/le-spiagge\/\">le nostre spiagge pi\u00f9 belle<\/a> ! <br>Piove: l&#039;Bassin ad Arcachon \u00e8 pieno <a href=\"https:\/\/bassin-arcachon.com\/it\/cosa-fare-quando-piove\/\">di attivit\u00e0<\/a> anche in caso di maltempo!<\/p>\n\n\n\n<div style=\"height:38px\" aria-hidden=\"true\" class=\"wp-block-spacer\"><\/div>\n\n\n\n<div class=\"wp-block-uagb-container uagb-block-311c41f9 alignfull uagb-is-root-container\"><div class=\"uagb-container-inner-blocks-wrap\"><iframe title=\"Codice breve della mappa meteorologica di Ventus 44.65 -1.1667\" loading=\"lazy\" style=\"width: 100%; height: 600px; border-radius: 20px; box-sizing: border-box;\" src=\"https:\/\/embed.windy.com\/embed2.html?lat=44.65&lon=-1.1667&zoom=9&overlay=currents&marker=wrong&pressure=true&detailLat=44.65&detailLon=-1.1667&metricWind=knots&metricTemp=\u00b0C&detail=true&calendar=now&product=ecmwf&level=surface&menu=&message=true&type=map&location=coordinates&radarRange=-1\" frameborder=\"0\"><\/iframe>\n\n\n\n<div style=\"height:25px\" aria-hidden=\"true\" class=\"wp-block-spacer\"><\/div>\n\n\n\n<p class=\"has-text-align-center has-medium-font-size\"><strong>Situata sulla costa atlantica della Francia, Arcachon gode di un clima oceanico mite e temperato, che offre condizioni meteorologiche variabili durante tutto l&#039;anno.<\/strong><\/p>\n<\/div><\/div>\n\n\n\n<div style=\"height:29px\" aria-hidden=\"true\" class=\"wp-block-spacer\"><\/div>\n\n\n\n<div class=\"wp-block-uagb-container uagb-block-d27eeb93 alignfull uagb-is-root-container\"><div class=\"uagb-container-inner-blocks-wrap\">\n<div class=\"wp-block-uagb-container uagb-block-66f0952b\">\n<figure class=\"wp-block-image size-large\"><img loading=\"lazy\" decoding=\"async\" width=\"1024\" height=\"700\" src=\"https:\/\/bassin-arcachon.com\/wp-content\/uploads\/2020\/07\/20160531_HD_Printemps_Port-Biganos_CASSIAU-12-scaled-1024x700.jpg\" alt=\"Capanne colorate nel porto di Biganos\" class=\"wp-image-51799\" title=\"- - Bassin d&#039;Arcachon\" srcset=\"https:\/\/bassin-arcachon.com\/wp-content\/uploads\/2020\/07\/20160531_HD_Printemps_Port-Biganos_CASSIAU-12-scaled-1024x700.jpg 1024w, https:\/\/bassin-arcachon.com\/wp-content\/uploads\/2020\/07\/20160531_HD_Printemps_Port-Biganos_CASSIAU-12-scaled-600x410.jpg 600w, https:\/\/bassin-arcachon.com\/wp-content\/uploads\/2020\/07\/20160531_HD_Printemps_Port-Biganos_CASSIAU-12-scaled-768x525.jpg 768w, https:\/\/bassin-arcachon.com\/wp-content\/uploads\/2020\/07\/20160531_HD_Printemps_Port-Biganos_CASSIAU-12-scaled-1536x1050.jpg 1536w, https:\/\/bassin-arcachon.com\/wp-content\/uploads\/2020\/07\/20160531_HD_Printemps_Port-Biganos_CASSIAU-12-scaled-2048x1400.jpg 2048w, https:\/\/bassin-arcachon.com\/wp-content\/uploads\/2020\/07\/20160531_HD_Printemps_Port-Biganos_CASSIAU-12-scaled-18x12.jpg 18w\" sizes=\"auto, (max-width: 1024px) 100vw, 1024px\" \/><\/figure>\n<\/div>\n\n\n\n<div class=\"wp-block-uagb-container uagb-block-2e66e4fa\">\n<h2 class=\"wp-block-heading\">Meteo in primavera:<\/h2>\n\n\n\n<p>La primavera, stagione mite e soleggiata, vi invita a scoprire l&#039;Bassin di Arcachon. Temperature miti, gite in bicicletta, <a href=\"https:\/\/bassin-arcachon.com\/it\/le-nostre-citta-e-i-nostri-villaggi\/\">scoperta dei villaggi<\/a>, escursioni, <a href=\"https:\/\/www.reserve-ornithologique-du-teich.com\/\" data-type=\"link\" data-id=\"https:\/\/www.reserve-ornithologique-du-teich.com\/\" target=\"_blank\" rel=\"noopener\">osservazione uccelli<\/a>, degustazione di ostriche e specialit\u00e0 locali, mercati animati, artigianato, sport nautici, spettacoli\u2026 Primavera al Bassin di Arcachon: un soggiorno indimenticabile!<\/p>\n\n\n\n<p><\/p>\n<\/div>\n<\/div><\/div>\n\n\n\n<div style=\"height:37px\" aria-hidden=\"true\" class=\"wp-block-spacer\"><\/div>\n\n\n\n<div class=\"wp-block-uagb-container uagb-block-10d90490 alignfull uagb-is-root-container\"><div class=\"uagb-container-inner-blocks-wrap\">\n<div class=\"wp-block-uagb-container uagb-block-2d3d2013\">\n<figure class=\"wp-block-image size-large\"><img loading=\"lazy\" decoding=\"async\" width=\"1024\" height=\"683\" src=\"https:\/\/bassin-arcachon.com\/wp-content\/uploads\/2017\/03\/1-plage-bassin-darcachon-j5-1024x683.jpg\" alt=\"tempo estate spiaggia sole bacino di Arcachon\" class=\"wp-image-533\" title=\"- - Bassin d&#039;Arcachon\" srcset=\"https:\/\/bassin-arcachon.com\/wp-content\/uploads\/2017\/03\/1-plage-bassin-darcachon-j5-1024x683.jpg 1024w, https:\/\/bassin-arcachon.com\/wp-content\/uploads\/2017\/03\/1-plage-bassin-darcachon-j5-600x400.jpg 600w, https:\/\/bassin-arcachon.com\/wp-content\/uploads\/2017\/03\/1-plage-bassin-darcachon-j5-768x512.jpg 768w, https:\/\/bassin-arcachon.com\/wp-content\/uploads\/2017\/03\/1-plage-bassin-darcachon-j5-18x12.jpg 18w, https:\/\/bassin-arcachon.com\/wp-content\/uploads\/2017\/03\/1-plage-bassin-darcachon-j5.jpg 1200w\" sizes=\"auto, (max-width: 1024px) 100vw, 1024px\" \/><\/figure>\n<\/div>\n\n\n\n<div class=\"wp-block-uagb-container uagb-block-0f4a85e9\">\n<h2 class=\"wp-block-heading\">Il clima in estate:<\/h2>\n\n\n\n<p>Durante i mesi estivi, l&#039;Bassin di Arcachon \u00e8 bagnato da dolci brezze marine e temperature piacevoli, con medie che vanno dai 20\u00b0C ai 30\u00b0C. Le giornate soleggiate invitano al relax <a href=\"https:\/\/bassin-arcachon.com\/it\/i-nostri-elementi-essenziali\/le-spiagge\/\">Le spiagge<\/a> di sabbia finissima e alla scoperta dei pittoreschi borghi che costeggiano la Bassin.<\/p>\n<\/div>\n<\/div><\/div>\n\n\n\n<div style=\"height:37px\" aria-hidden=\"true\" class=\"wp-block-spacer\"><\/div>\n\n\n\n<div class=\"wp-block-uagb-container uagb-block-ad965336 alignfull uagb-is-root-container\"><div class=\"uagb-container-inner-blocks-wrap\">\n<div class=\"wp-block-uagb-container uagb-block-8a39d8e4\">\n<figure class=\"wp-block-image size-large\"><img loading=\"lazy\" decoding=\"async\" width=\"1024\" height=\"683\" src=\"https:\/\/bassin-arcachon.com\/wp-content\/uploads\/2023\/04\/20191010_BD_Sentier-Littoral-VeloPlage_CASSIAU-38-1024x683.jpg\" alt=\"passeggiata in autunno, tempo nel bacino di Arcachon\" class=\"wp-image-55429\" title=\"- - Bassin d&#039;Arcachon\" srcset=\"https:\/\/bassin-arcachon.com\/wp-content\/uploads\/2023\/04\/20191010_BD_Sentier-Littoral-VeloPlage_CASSIAU-38-1024x683.jpg 1024w, https:\/\/bassin-arcachon.com\/wp-content\/uploads\/2023\/04\/20191010_BD_Sentier-Littoral-VeloPlage_CASSIAU-38-600x400.jpg 600w, https:\/\/bassin-arcachon.com\/wp-content\/uploads\/2023\/04\/20191010_BD_Sentier-Littoral-VeloPlage_CASSIAU-38-768x512.jpg 768w, https:\/\/bassin-arcachon.com\/wp-content\/uploads\/2023\/04\/20191010_BD_Sentier-Littoral-VeloPlage_CASSIAU-38-18x12.jpg 18w, https:\/\/bassin-arcachon.com\/wp-content\/uploads\/2023\/04\/20191010_BD_Sentier-Littoral-VeloPlage_CASSIAU-38.jpg 1500w\" sizes=\"auto, (max-width: 1024px) 100vw, 1024px\" \/><\/figure>\n<\/div>\n\n\n\n<div class=\"wp-block-uagb-container uagb-block-c26c47a5\">\n<h2 class=\"wp-block-heading\">La dolcezza dell&#039;autunno: <\/h2>\n\n\n\n<p>L&#039;autunno porta una tavolozza di magnifici colori nel paesaggio dell&#039;Bassin di Arcachon. Le temperature iniziano a scendere leggermente, regalando giornate rinfrescanti ideali per <a href=\"https:\/\/bassin-arcachon.com\/it\/5-idee-per-passeggiate-nel-bacino-di-arcachon-consigliate-dalla-nostra-guida-naturalistica\/\">passeggiate<\/a> lungo i sentieri costieri e rilassarsi nei vivaci caff\u00e8 sul mare.<\/p>\n<\/div>\n<\/div><\/div>\n\n\n\n<div style=\"height:37px\" aria-hidden=\"true\" class=\"wp-block-spacer\"><\/div>\n\n\n\n<div class=\"wp-block-uagb-container uagb-block-ae90c130 alignfull uagb-is-root-container\"><div class=\"uagb-container-inner-blocks-wrap\">\n<div class=\"wp-block-uagb-container uagb-block-653d626f\">\n<figure class=\"wp-block-image size-large\"><img loading=\"lazy\" decoding=\"async\" width=\"1024\" height=\"683\" src=\"https:\/\/bassin-arcachon.com\/wp-content\/uploads\/2021\/01\/hiver-famille-SIBA-agence-les-conteurs-33-1024x683.jpg\" alt=\"tempo in inverno duna del bacino di pilat di arcachon\" class=\"wp-image-48545\" title=\"- - Bassin d&#039;Arcachon\" srcset=\"https:\/\/bassin-arcachon.com\/wp-content\/uploads\/2021\/01\/hiver-famille-SIBA-agence-les-conteurs-33-1024x683.jpg 1024w, https:\/\/bassin-arcachon.com\/wp-content\/uploads\/2021\/01\/hiver-famille-SIBA-agence-les-conteurs-33-600x400.jpg 600w, https:\/\/bassin-arcachon.com\/wp-content\/uploads\/2021\/01\/hiver-famille-SIBA-agence-les-conteurs-33-768x512.jpg 768w, https:\/\/bassin-arcachon.com\/wp-content\/uploads\/2021\/01\/hiver-famille-SIBA-agence-les-conteurs-33-18x12.jpg 18w, https:\/\/bassin-arcachon.com\/wp-content\/uploads\/2021\/01\/hiver-famille-SIBA-agence-les-conteurs-33.jpg 1500w\" sizes=\"auto, (max-width: 1024px) 100vw, 1024px\" \/><\/figure>\n<\/div>\n\n\n\n<div class=\"wp-block-uagb-container uagb-block-98dd496d\">\n<h2 class=\"wp-block-heading\">Meteo in inverno:<\/h2>\n\n\n\n<p>Durante l&#039;inverno, l&#039;Bassin di Arcachon rivela un&#039;atmosfera tranquilla e pacifica. Le temperature miti variano generalmente tra 5\u00b0C e 10\u00b0C, offrendo l&#039;opportunit\u00e0 di sperimentare la bellezza selvaggia della regione da una prospettiva diversa. Le passeggiate sulla spiaggia e la degustazione di frutti di mare nei ristoranti locali sono esperienze da non perdere nelle giornate soleggiate.<\/p>\n<\/div>\n<\/div><\/div>\n\n\n\n<div style=\"height:37px\" aria-hidden=\"true\" class=\"wp-block-spacer\"><\/div>\n\n\n\n<p class=\"has-text-align-center\">Inoltre, non esitate a consultare il <a href=\"https:\/\/bassin-arcachon.com\/it\/orari-delle-maree\/\">orari delle maree<\/a> del Bassin di Arcachon<\/p>","protected":false},"excerpt":{"rendered":"<p>Retrouvez votre m\u00e9t\u00e9o locale \u00e0 6 jours sur le Bassin d&rsquo;Arcachon Programmez vos activit\u00e9s suivant la m\u00e9t\u00e9o : Il fait beau : C&rsquo;est l&rsquo;occasion de d\u00e9couvrir nos plus belles plages [&hellip;]<\/p>\n","protected":false},"author":305,"featured_media":54249,"parent":0,"menu_order":0,"comment_status":"closed","ping_status":"closed","template":"","meta":{"_acf_changed":false,"_uag_custom_page_level_css":"","footnotes":""},"class_list":["post-58310","page","type-page","status-publish","has-post-thumbnail","hentry"],"acf":[],"uagb_featured_image_src":{"full":["https:\/\/bassin-arcachon.com\/wp-content\/uploads\/2023\/01\/C6A9329-scaled.jpg",2560,1707,false],"thumbnail":["https:\/\/bassin-arcachon.com\/wp-content\/uploads\/2023\/01\/C6A9329-scaled-150x150.jpg",150,150,true],"medium":["https:\/\/bassin-arcachon.com\/wp-content\/uploads\/2023\/01\/C6A9329-scaled-600x400.jpg",600,400,true],"medium_large":["https:\/\/bassin-arcachon.com\/wp-content\/uploads\/2023\/01\/C6A9329-scaled-768x512.jpg",768,512,true],"large":["https:\/\/bassin-arcachon.com\/wp-content\/uploads\/2023\/01\/C6A9329-scaled-1024x683.jpg",1024,683,true],"1536x1536":["https:\/\/bassin-arcachon.com\/wp-content\/uploads\/2023\/01\/C6A9329-scaled-1536x1024.jpg",1536,1024,true],"2048x2048":["https:\/\/bassin-arcachon.com\/wp-content\/uploads\/2023\/01\/C6A9329-scaled-2048x1366.jpg",2048,1366,true],"trp-custom-language-flag":["https:\/\/bassin-arcachon.com\/wp-content\/uploads\/2023\/01\/C6A9329-scaled-18x12.jpg",18,12,true]},"uagb_author_info":{"display_name":"Franck BAUPREY","author_link":"https:\/\/bassin-arcachon.com\/it\/author\/weboostdigital33gmail-com\/"},"uagb_comment_info":0,"uagb_excerpt":"Retrouvez votre m\u00e9t\u00e9o locale \u00e0 6 jours sur le Bassin d&rsquo;Arcachon Programmez vos activit\u00e9s suivant la m\u00e9t\u00e9o : Il fait beau : C&rsquo;est l&rsquo;occasion de d\u00e9couvrir nos plus belles plages [&hellip;]","_links":{"self":[{"href":"https:\/\/bassin-arcachon.com\/it\/wp-json\/wp\/v2\/pages\/58310","targetHints":{"allow":["GET"]}}],"collection":[{"href":"https:\/\/bassin-arcachon.com\/it\/wp-json\/wp\/v2\/pages"}],"about":[{"href":"https:\/\/bassin-arcachon.com\/it\/wp-json\/wp\/v2\/types\/page"}],"author":[{"embeddable":true,"href":"https:\/\/bassin-arcachon.com\/it\/wp-json\/wp\/v2\/users\/305"}],"replies":[{"embeddable":true,"href":"https:\/\/bassin-arcachon.com\/it\/wp-json\/wp\/v2\/comments?post=58310"}],"version-history":[{"count":8,"href":"https:\/\/bassin-arcachon.com\/it\/wp-json\/wp\/v2\/pages\/58310\/revisions"}],"predecessor-version":[{"id":223662,"href":"https:\/\/bassin-arcachon.com\/it\/wp-json\/wp\/v2\/pages\/58310\/revisions\/223662"}],"wp:featuredmedia":[{"embeddable":true,"href":"https:\/\/bassin-arcachon.com\/it\/wp-json\/wp\/v2\/media\/54249"}],"wp:attachment":[{"href":"https:\/\/bassin-arcachon.com\/it\/wp-json\/wp\/v2\/media?parent=58310"}],"curies":[{"name":"wp","href":"https:\/\/api.w.org\/{rel}","templated":true}]}}