{"id":743,"date":"2017-04-04T11:30:58","date_gmt":"2017-04-04T09:30:58","guid":{"rendered":"https:\/\/bassin-arcachon.com\/\/?page_id=743"},"modified":"2024-12-16T14:03:28","modified_gmt":"2024-12-16T13:03:28","slug":"wifi-arcachon","status":"publish","type":"page","link":"https:\/\/bassin-arcachon.com\/it\/trouver-votre-point-wifi\/wifi-arcachon\/","title":{"rendered":"Benvenuti ad Arcachon"},"content":{"rendered":"<div style=\"height:40px\" aria-hidden=\"true\" class=\"wp-block-spacer\"><\/div>\n\n\n\n<div class=\"wp-block-uagb-container uagb-block-55e89c32 alignfull uagb-is-root-container\"><div class=\"uagb-container-inner-blocks-wrap\">\n<h2 class=\"wp-block-heading\">Arcachon vi offre un accesso WiFi gratuito e sicuro per navigare su Internet liberamente nei luoghi pubblici attrezzati.<\/h2>\n<\/div><\/div>\n\n\n\n<div class=\"wp-block-uagb-container uagb-block-4700e32c alignfull uagb-is-root-container\"><div class=\"uagb-container-inner-blocks-wrap\">\n<div class=\"wp-block-uagb-container uagb-block-de8da834\">\n<p><\/p>\n\n\n\n<h3 class=\"wp-block-heading\">Che tu sia l\u00ec in autunno, inverno, estate o primavera, ogni stagione ad Arcachon ti offre un&#039;esperienza unica.<\/h3>\n\n\n\n<p><br>Godetevi la tranquillit\u00e0 dell&#039;autunno con i suoi colori caldi, rilassatevi in inverno con momenti di benessere e cultura, vivete un&#039;indimenticabile vacanza estiva sotto il sole, oppure riscoprite la natura vibrante della primavera.<br>Naviga su uno specchio d&#039;acqua sereno, esplora le attivit\u00e0 culturali, assapora la gastronomia locale e lasciati affascinare dai paesaggi e dall&#039;atmosfera dell&#039;Bassin di Arcachon. Per ulteriore ispirazione, visitare <a href=\"http:\/\/www.arcachon.com\" target=\"_blank\" rel=\"noopener\">www.arcachon.com<\/a> oppure contattare l&#039;Ufficio del Turismo per un supporto personalizzato.<\/p>\n\n\n\n<p>E buona notizia, grazie al wifi territoriale, puoi esplorare il sito senza doverti identificare. Sfrutta al massimo il tuo soggiorno ad Arcachon!<\/p>\n<\/div>\n\n\n\n<div class=\"wp-block-uagb-container uagb-block-8631efe1\">\n<figure class=\"wp-block-image size-large\"><img loading=\"lazy\" decoding=\"async\" width=\"1024\" height=\"1024\" src=\"https:\/\/bassin-arcachon.com\/wp-content\/uploads\/2022\/10\/ville-dhiver-velo-arcachon-1024x1024.jpg\" alt=\"- - Bassin d&#039;Arcachon\" class=\"wp-image-52836\" title=\"- - Bassin d&#039;Arcachon\" srcset=\"https:\/\/bassin-arcachon.com\/wp-content\/uploads\/2022\/10\/ville-dhiver-velo-arcachon-1024x1024.jpg 1024w, https:\/\/bassin-arcachon.com\/wp-content\/uploads\/2022\/10\/ville-dhiver-velo-arcachon-600x600.jpg 600w, https:\/\/bassin-arcachon.com\/wp-content\/uploads\/2022\/10\/ville-dhiver-velo-arcachon-150x150.jpg 150w, https:\/\/bassin-arcachon.com\/wp-content\/uploads\/2022\/10\/ville-dhiver-velo-arcachon-768x768.jpg 768w, https:\/\/bassin-arcachon.com\/wp-content\/uploads\/2022\/10\/ville-dhiver-velo-arcachon-12x12.jpg 12w, https:\/\/bassin-arcachon.com\/wp-content\/uploads\/2022\/10\/ville-dhiver-velo-arcachon.jpg 1080w\" sizes=\"auto, (max-width: 1024px) 100vw, 1024px\" \/><\/figure>\n<\/div>\n<\/div><\/div>\n\n\n\n<div class=\"wp-block-uagb-container uagb-block-894d81b3 alignfull uagb-is-root-container\"><div class=\"uagb-container-inner-blocks-wrap\"><\/div><\/div>\n\n\n\n<div style=\"height:40px\" aria-hidden=\"true\" class=\"wp-block-spacer\"><\/div>\n\n\n\n<div class=\"wp-block-uagb-container uagb-block-f74ed760 alignfull uagb-is-root-container\"><div class=\"uagb-container-inner-blocks-wrap\">\n<h3 class=\"wp-block-heading\">Naviga in modo intelligente!<\/h3>\n\n\n\n<p>La rete WiFi_Bassin_Arcachon ti ricorda! La connessione verr\u00e0 effettuata automaticamente sullo stesso dispositivo ogni volta che ti trovi nei pressi di uno dei nostri terminali WiFi, indipendentemente dal comune dell&#039;Bassin. Ricordati di riavviare il browser.<\/p>\n<\/div><\/div>\n\n\n\n<div class=\"wp-block-uagb-container uagb-block-c032b844 alignfull uagb-is-root-container\"><div class=\"uagb-container-inner-blocks-wrap\">\n<h3 class=\"wp-block-heading\">Sobriet\u00e0 digitale<\/h3>\n\n\n\n<p>Adottiamo le azioni giuste per un mondo digitale pi\u00f9 verde! Insieme, riduciamo il nostro impatto ambientale adottando semplici azioni per un mondo digitale pi\u00f9 responsabile. Scopri i nostri consigli pratici <strong><a href=\"https:\/\/www.ecologie.gouv.fr\/sites\/default\/files\/guide-en-route-vers-sobriete-numerique.pdf\" target=\"_blank\" rel=\"noopener\">su questo sito <\/a>! <\/strong><\/p>\n<\/div><\/div>\n\n\n\n<div style=\"height:40px\" aria-hidden=\"true\" class=\"wp-block-spacer\"><\/div>","protected":false},"excerpt":{"rendered":"<p>Arcachon vous offre un acc\u00e8s WiFi gratuit et s\u00e9curis\u00e9 pour surfer sur Internet librement dans les lieux publics \u00e9quip\u00e9s. Que vous soyez l\u00e0 pour l&rsquo;automne, l&rsquo;hiver, l&rsquo;\u00e9t\u00e9 ou le printemps, [&hellip;]<\/p>\n","protected":false},"author":25,"featured_media":49131,"parent":69,"menu_order":9,"comment_status":"closed","ping_status":"closed","template":"","meta":{"_acf_changed":false,"_uag_custom_page_level_css":"","footnotes":""},"class_list":["post-743","page","type-page","status-publish","has-post-thumbnail","hentry"],"acf":[],"uagb_featured_image_src":{"full":["https:\/\/bassin-arcachon.com\/wp-content\/uploads\/2021\/03\/pereire-arcachon-3-scaled.jpg",2560,1707,false],"thumbnail":["https:\/\/bassin-arcachon.com\/wp-content\/uploads\/2021\/03\/pereire-arcachon-3-scaled-150x150.jpg",150,150,true],"medium":["https:\/\/bassin-arcachon.com\/wp-content\/uploads\/2021\/03\/pereire-arcachon-3-scaled-600x400.jpg",600,400,true],"medium_large":["https:\/\/bassin-arcachon.com\/wp-content\/uploads\/2021\/03\/pereire-arcachon-3-scaled-768x512.jpg",768,512,true],"large":["https:\/\/bassin-arcachon.com\/wp-content\/uploads\/2021\/03\/pereire-arcachon-3-scaled-1024x683.jpg",1024,683,true],"1536x1536":["https:\/\/bassin-arcachon.com\/wp-content\/uploads\/2021\/03\/pereire-arcachon-3-scaled-1536x1024.jpg",1536,1024,true],"2048x2048":["https:\/\/bassin-arcachon.com\/wp-content\/uploads\/2021\/03\/pereire-arcachon-3-scaled-2048x1366.jpg",2048,1366,true],"trp-custom-language-flag":["https:\/\/bassin-arcachon.com\/wp-content\/uploads\/2021\/03\/pereire-arcachon-3-scaled-18x12.jpg",18,12,true]},"uagb_author_info":{"display_name":"Marie Clauzel","author_link":"https:\/\/bassin-arcachon.com\/it\/author\/mariesiba\/"},"uagb_comment_info":0,"uagb_excerpt":"Arcachon vous offre un acc\u00e8s WiFi gratuit et s\u00e9curis\u00e9 pour surfer sur Internet librement dans les lieux publics \u00e9quip\u00e9s. Que vous soyez l\u00e0 pour l&rsquo;automne, l&rsquo;hiver, l&rsquo;\u00e9t\u00e9 ou le printemps, [&hellip;]","_links":{"self":[{"href":"https:\/\/bassin-arcachon.com\/it\/wp-json\/wp\/v2\/pages\/743","targetHints":{"allow":["GET"]}}],"collection":[{"href":"https:\/\/bassin-arcachon.com\/it\/wp-json\/wp\/v2\/pages"}],"about":[{"href":"https:\/\/bassin-arcachon.com\/it\/wp-json\/wp\/v2\/types\/page"}],"author":[{"embeddable":true,"href":"https:\/\/bassin-arcachon.com\/it\/wp-json\/wp\/v2\/users\/25"}],"replies":[{"embeddable":true,"href":"https:\/\/bassin-arcachon.com\/it\/wp-json\/wp\/v2\/comments?post=743"}],"version-history":[{"count":1,"href":"https:\/\/bassin-arcachon.com\/it\/wp-json\/wp\/v2\/pages\/743\/revisions"}],"predecessor-version":[{"id":119041,"href":"https:\/\/bassin-arcachon.com\/it\/wp-json\/wp\/v2\/pages\/743\/revisions\/119041"}],"up":[{"embeddable":true,"href":"https:\/\/bassin-arcachon.com\/it\/wp-json\/wp\/v2\/pages\/69"}],"wp:featuredmedia":[{"embeddable":true,"href":"https:\/\/bassin-arcachon.com\/it\/wp-json\/wp\/v2\/media\/49131"}],"wp:attachment":[{"href":"https:\/\/bassin-arcachon.com\/it\/wp-json\/wp\/v2\/media?parent=743"}],"curies":[{"name":"wp","href":"https:\/\/api.w.org\/{rel}","templated":true}]}}