{"id":750,"date":"2017-04-04T12:10:30","date_gmt":"2017-04-04T10:10:30","guid":{"rendered":"https:\/\/bassin-arcachon.com\/\/?page_id=750"},"modified":"2024-12-16T14:02:56","modified_gmt":"2024-12-16T13:02:56","slug":"wifi-lege-cap-furetto","status":"publish","type":"page","link":"https:\/\/bassin-arcachon.com\/it\/trouver-votre-point-wifi\/wifi-lege-cap-ferret\/","title":{"rendered":"Benvenuti a L\u00e8ge-Cap Ferret"},"content":{"rendered":"<div class=\"wp-block-uagb-container uagb-block-bc819f8c alignfull uagb-is-root-container\"><div class=\"uagb-container-inner-blocks-wrap\">\n<div class=\"wp-block-uagb-container uagb-block-a57ec439\">\n<h2 class=\"wp-block-heading\">L\u00e8ge-Cap Ferret vi offre un accesso WiFi gratuito e sicuro per navigare su Internet liberamente nei luoghi pubblici attrezzati.<\/h2>\n\n\n\n<p>Tra Ocean e Bassin, la famosa penisola di&nbsp;<a href=\"https:\/\/bassin-arcachon.com\/it\/le-nostre-citta-e-i-nostri-villaggi\/furetto-lege-cap\/\">Furetto Lege-Cap&nbsp;<\/a>si estende per oltre 25 km, quindi dovremo fare delle scelte! Visitare il&nbsp;<a href=\"https:\/\/bassin-arcachon.com\/it\/i-nostri-elementi-essenziali\/il-faro-e-la-punta-di-cap-ferret\/\">Faro di Cap Ferret<\/a>, passeggiare nel&nbsp;<a href=\"https:\/\/bassin-arcachon.com\/it\/i-nostri-elementi-essenziali\/villaggi-e-porti-di-allevatori-di-ostriche\/\">villaggi di ostriche<\/a>, navigare lungo la penisola in barca, assaggiare ostriche e pasticcini, rilassarsi su una spiaggia segreta...<\/p>\n<\/div>\n\n\n\n<div class=\"wp-block-uagb-container uagb-block-13540670\">\n<div class=\"wp-block-uagb-image uagb-block-ba011f3b wp-block-uagb-image--layout-default wp-block-uagb-image--effect-static wp-block-uagb-image--align-none\"><figure class=\"wp-block-uagb-image__figure\"><img decoding=\"async\" srcset=\"https:\/\/bassin-arcachon.com\/wp-content\/uploads\/2018\/06\/cap-gourmand-degustation-huitres-ferret-1024x683.png \" sizes=\"auto, (max-width: 480px) 150px\" src=\"https:\/\/bassin-arcachon.com\/wp-content\/uploads\/2018\/06\/cap-gourmand-degustation-huitres-ferret-1024x683.png\" alt=\"Degustazione di ostriche con Cap Gourmand a Cap Ferret\" class=\"uag-image-22809\" width=\"1024\" height=\"683\" title=\"- - Bassin d&#039;Arcachon\" loading=\"lazy\" role=\"img\"><\/figure><\/div>\n<\/div>\n<\/div><\/div>\n\n\n\n<div style=\"height:40px\" aria-hidden=\"true\" class=\"wp-block-spacer\"><\/div>\n\n\n\n<div class=\"wp-block-uagb-container uagb-block-47487c6c alignfull uagb-is-root-container\"><div class=\"uagb-container-inner-blocks-wrap\">\n<figure class=\"wp-block-pullquote\"><blockquote><p>Scopri la penisola di L\u00e8ge-Cap Ferret su&nbsp;<a href=\"http:\/\/www.lege-capferret.com\/\" target=\"_blank\" rel=\"noreferrer noopener\">www.lege-capferret.com<\/a>.<br>Sfoglia questo&nbsp;<a href=\"https:\/\/bassin-arcachon.com\/it\/\">sito web, quello del Bassin di Arcachon<\/a>. Non \u00e8 necessario identificarsi!<\/p><\/blockquote><\/figure>\n<\/div><\/div>\n\n\n\n<div style=\"height:40px\" aria-hidden=\"true\" class=\"wp-block-spacer\"><\/div>\n\n\n\n<div class=\"wp-block-uagb-container uagb-block-56d9cee2 alignfull uagb-is-root-container\"><div class=\"uagb-container-inner-blocks-wrap\">\n<h3 class=\"wp-block-heading\">Naviga in modo intelligente!<\/h3>\n\n\n\n<p>La rete WiFi_Bassin_Arcachon ti ricorda! La connessione verr\u00e0 effettuata automaticamente sullo stesso dispositivo ogni volta che ti trovi nei pressi di uno dei nostri terminali WiFi, indipendentemente dal comune dell&#039;Bassin. Ricordati di riavviare il browser.<\/p>\n\n\n\n<h3 class=\"wp-block-heading\">Sobriet\u00e0 digitale<\/h3>\n\n\n\n<p>Adottiamo le azioni giuste per un mondo digitale pi\u00f9 verde! Insieme, riduciamo il nostro impatto ambientale adottando semplici azioni per un mondo digitale pi\u00f9 responsabile. Scopri i nostri consigli pratici\u00a0<strong><a href=\"https:\/\/www.ecologie.gouv.fr\/sites\/default\/files\/guide-en-route-vers-sobriete-numerique.pdf\" target=\"_blank\" rel=\"noreferrer noopener\">su questo sito\u00a0<\/a>!<\/strong><\/p>\n<\/div><\/div>\n\n\n\n<div style=\"height:40px\" aria-hidden=\"true\" class=\"wp-block-spacer\"><\/div>","protected":false},"excerpt":{"rendered":"<p>L\u00e8ge-Cap Ferret vous offre un acc\u00e8s WiFi gratuit et s\u00e9curis\u00e9 pour surfer sur Internet librement dans des lieux publics \u00e9quip\u00e9s. Entre Oc\u00e9an et Bassin, la c\u00e9l\u00e8bre presqu\u2019\u00eele de&nbsp;L\u00e8ge-Cap Ferret&nbsp;s\u2019\u00e9tend sur [&hellip;]<\/p>\n","protected":false},"author":25,"featured_media":22104,"parent":69,"menu_order":16,"comment_status":"closed","ping_status":"closed","template":"","meta":{"_acf_changed":false,"_uag_custom_page_level_css":"","footnotes":""},"class_list":["post-750","page","type-page","status-publish","has-post-thumbnail","hentry"],"acf":[],"uagb_featured_image_src":{"full":["https:\/\/bassin-arcachon.com\/wp-content\/uploads\/2018\/05\/velo-cap-ferret-SIBA-agence-les-conteurs-20-e1546599102188.jpg",1000,667,false],"thumbnail":["https:\/\/bassin-arcachon.com\/wp-content\/uploads\/2018\/05\/velo-cap-ferret-SIBA-agence-les-conteurs-20-e1546599102188-150x150.jpg",150,150,true],"medium":["https:\/\/bassin-arcachon.com\/wp-content\/uploads\/2018\/05\/velo-cap-ferret-SIBA-agence-les-conteurs-20-e1546599102188-600x400.jpg",600,400,true],"medium_large":["https:\/\/bassin-arcachon.com\/wp-content\/uploads\/2018\/05\/velo-cap-ferret-SIBA-agence-les-conteurs-20-e1546599102188-768x512.jpg",768,512,true],"large":["https:\/\/bassin-arcachon.com\/wp-content\/uploads\/2018\/05\/velo-cap-ferret-SIBA-agence-les-conteurs-20-e1546599102188.jpg",1000,667,false],"1536x1536":["https:\/\/bassin-arcachon.com\/wp-content\/uploads\/2018\/05\/velo-cap-ferret-SIBA-agence-les-conteurs-20-e1546599102188.jpg",1000,667,false],"2048x2048":["https:\/\/bassin-arcachon.com\/wp-content\/uploads\/2018\/05\/velo-cap-ferret-SIBA-agence-les-conteurs-20-e1546599102188.jpg",1000,667,false],"trp-custom-language-flag":["https:\/\/bassin-arcachon.com\/wp-content\/uploads\/2018\/05\/velo-cap-ferret-SIBA-agence-les-conteurs-20-e1546599102188-18x12.jpg",18,12,true]},"uagb_author_info":{"display_name":"Marie Clauzel","author_link":"https:\/\/bassin-arcachon.com\/it\/author\/mariesiba\/"},"uagb_comment_info":0,"uagb_excerpt":"L\u00e8ge-Cap Ferret vous offre un acc\u00e8s WiFi gratuit et s\u00e9curis\u00e9 pour surfer sur Internet librement dans des lieux publics \u00e9quip\u00e9s. Entre Oc\u00e9an et Bassin, la c\u00e9l\u00e8bre presqu\u2019\u00eele de&nbsp;L\u00e8ge-Cap Ferret&nbsp;s\u2019\u00e9tend sur [&hellip;]","_links":{"self":[{"href":"https:\/\/bassin-arcachon.com\/it\/wp-json\/wp\/v2\/pages\/750","targetHints":{"allow":["GET"]}}],"collection":[{"href":"https:\/\/bassin-arcachon.com\/it\/wp-json\/wp\/v2\/pages"}],"about":[{"href":"https:\/\/bassin-arcachon.com\/it\/wp-json\/wp\/v2\/types\/page"}],"author":[{"embeddable":true,"href":"https:\/\/bassin-arcachon.com\/it\/wp-json\/wp\/v2\/users\/25"}],"replies":[{"embeddable":true,"href":"https:\/\/bassin-arcachon.com\/it\/wp-json\/wp\/v2\/comments?post=750"}],"version-history":[{"count":1,"href":"https:\/\/bassin-arcachon.com\/it\/wp-json\/wp\/v2\/pages\/750\/revisions"}],"predecessor-version":[{"id":119040,"href":"https:\/\/bassin-arcachon.com\/it\/wp-json\/wp\/v2\/pages\/750\/revisions\/119040"}],"up":[{"embeddable":true,"href":"https:\/\/bassin-arcachon.com\/it\/wp-json\/wp\/v2\/pages\/69"}],"wp:featuredmedia":[{"embeddable":true,"href":"https:\/\/bassin-arcachon.com\/it\/wp-json\/wp\/v2\/media\/22104"}],"wp:attachment":[{"href":"https:\/\/bassin-arcachon.com\/it\/wp-json\/wp\/v2\/media?parent=750"}],"curies":[{"name":"wp","href":"https:\/\/api.w.org\/{rel}","templated":true}]}}