{"id":752,"date":"2017-04-04T12:20:56","date_gmt":"2017-04-04T10:20:56","guid":{"rendered":"https:\/\/bassin-arcachon.com\/\/?page_id=752"},"modified":"2024-12-16T14:01:58","modified_gmt":"2024-12-16T13:01:58","slug":"wifi-andernos-les-bains","status":"publish","type":"page","link":"https:\/\/bassin-arcachon.com\/it\/trouver-votre-point-wifi\/wifi-andernos-les-bains\/","title":{"rendered":"Benvenuti ad Andernos les Bains"},"content":{"rendered":"<div class=\"wp-block-uagb-container uagb-block-28c4200d alignfull uagb-is-root-container\"><div class=\"uagb-container-inner-blocks-wrap\">\n<div class=\"wp-block-uagb-container uagb-block-ac1923b3\">\n<h2 class=\"wp-block-heading\">Andernos ti offre un accesso WiFi gratuito e sicuro per navigare liberamente in Internet presso l&#039;ufficio turistico.<\/h2>\n\n\n\n<p>A nord della Bassin di Arcachon, esplorate in bicicletta il porto di ostriche di Andernos alla ricerca di ostriche fresche e passeggiate lungo il grande molo, prima di uscire dai sentieri battuti alla ricerca di crocchette.&nbsp;<a href=\"https:\/\/bassin-arcachon.com\/it\/le-nostre-citta-e-i-nostri-villaggi\/andernos-i-bagni\/\">Andernos les Bains<\/a>, una delle citt\u00e0 pi\u00f9 vivaci di Bassin, con pi\u00f9 di 500 eventi all&#039;anno.<\/p>\n<\/div>\n\n\n\n<div class=\"wp-block-uagb-container uagb-block-9a1f3a06\">\n<div class=\"wp-block-uagb-image uagb-block-a215d8dc wp-block-uagb-image--layout-default wp-block-uagb-image--effect-static wp-block-uagb-image--align-none\"><figure class=\"wp-block-uagb-image__figure\"><img decoding=\"async\" srcset=\"https:\/\/bassin-arcachon.com\/wp-content\/uploads\/2018\/10\/balades-amis-quinconces-andernos.jpg \" sizes=\"auto, (max-width: 480px) 150px\" src=\"https:\/\/bassin-arcachon.com\/wp-content\/uploads\/2018\/10\/balades-amis-quinconces-andernos.jpg\" alt=\"Con gli amici ai Quinconces di Andernos\" class=\"uag-image-26679\" width=\"1220\" height=\"600\" title=\"- - Bassin d&#039;Arcachon\" loading=\"lazy\" role=\"img\"><\/figure><\/div>\n<\/div>\n<\/div><\/div>\n\n\n\n<div style=\"height:40px\" aria-hidden=\"true\" class=\"wp-block-spacer\"><\/div>\n\n\n\n<div class=\"wp-block-uagb-container uagb-block-dcc38588 alignfull uagb-is-root-container\"><div class=\"uagb-container-inner-blocks-wrap\">\n<figure class=\"wp-block-pullquote\"><blockquote><p>Scopri la citt\u00e0 di Andernos-les-Bains su&nbsp;<a href=\"https:\/\/andernos-tourisme.fr\/\" target=\"_blank\" rel=\"noreferrer noopener\">andernos-tourisme.fr<\/a>.<br>Sfoglia questo&nbsp;<a href=\"https:\/\/bassin-arcachon.com\/it\/\">sito web, quello del Bassin di Arcachon<\/a>. <br>Non \u00e8 necessario identificarsi!<\/p><\/blockquote><\/figure>\n<\/div><\/div>\n\n\n\n<div style=\"height:40px\" aria-hidden=\"true\" class=\"wp-block-spacer\"><\/div>\n\n\n\n<div class=\"wp-block-uagb-container uagb-block-9ca951b6 alignfull uagb-is-root-container\"><div class=\"uagb-container-inner-blocks-wrap\">\n<h3 class=\"wp-block-heading\">Naviga in modo intelligente!<\/h3>\n\n\n\n<p>La rete WiFi_Bassin_Arcachon ti ricorda! La connessione verr\u00e0 effettuata automaticamente sullo stesso dispositivo ogni volta che ti trovi nei pressi di uno dei nostri terminali WiFi, indipendentemente dal comune dell&#039;Bassin. Ricordati di riavviare il browser.<\/p>\n<\/div><\/div>\n\n\n\n<div class=\"wp-block-uagb-container uagb-block-bca733d3 alignfull uagb-is-root-container\"><div class=\"uagb-container-inner-blocks-wrap\">\n<h3 class=\"wp-block-heading\">Sobriet\u00e0 digitale<\/h3>\n\n\n\n<p>Adottiamo le azioni giuste per un mondo digitale pi\u00f9 verde! Insieme, riduciamo il nostro impatto ambientale adottando semplici azioni per un mondo digitale pi\u00f9 responsabile. Scopri i nostri consigli pratici\u00a0<strong><a href=\"https:\/\/www.ecologie.gouv.fr\/sites\/default\/files\/guide-en-route-vers-sobriete-numerique.pdf\" target=\"_blank\" rel=\"noreferrer noopener\">su questo sito\u00a0<\/a>!<\/strong><\/p>\n<\/div><\/div>\n\n\n\n<div style=\"height:40px\" aria-hidden=\"true\" class=\"wp-block-spacer\"><\/div>","protected":false},"excerpt":{"rendered":"<p>Andernos vous offre un acc\u00e8s WiFi gratuit et s\u00e9curis\u00e9 pour surfer sur Internet librement \u00e0 l&rsquo;office de tourisme. Au nord du Bassin d\u2019Arcachon, on explore \u00e0 v\u00e9lo le port ostr\u00e9icole [&hellip;]<\/p>\n","protected":false},"author":25,"featured_media":23921,"parent":69,"menu_order":8,"comment_status":"closed","ping_status":"closed","template":"","meta":{"_acf_changed":false,"_uag_custom_page_level_css":"","footnotes":""},"class_list":["post-752","page","type-page","status-publish","has-post-thumbnail","hentry"],"acf":[],"uagb_featured_image_src":{"full":["https:\/\/bassin-arcachon.com\/wp-content\/uploads\/2018\/07\/Les-Quinconces-coin-secret-Andernos-les-Bains.jpg",1000,784,false],"thumbnail":["https:\/\/bassin-arcachon.com\/wp-content\/uploads\/2018\/07\/Les-Quinconces-coin-secret-Andernos-les-Bains-150x150.jpg",150,150,true],"medium":["https:\/\/bassin-arcachon.com\/wp-content\/uploads\/2018\/07\/Les-Quinconces-coin-secret-Andernos-les-Bains-600x470.jpg",600,470,true],"medium_large":["https:\/\/bassin-arcachon.com\/wp-content\/uploads\/2018\/07\/Les-Quinconces-coin-secret-Andernos-les-Bains-768x602.jpg",768,602,true],"large":["https:\/\/bassin-arcachon.com\/wp-content\/uploads\/2018\/07\/Les-Quinconces-coin-secret-Andernos-les-Bains.jpg",1000,784,false],"1536x1536":["https:\/\/bassin-arcachon.com\/wp-content\/uploads\/2018\/07\/Les-Quinconces-coin-secret-Andernos-les-Bains.jpg",1000,784,false],"2048x2048":["https:\/\/bassin-arcachon.com\/wp-content\/uploads\/2018\/07\/Les-Quinconces-coin-secret-Andernos-les-Bains.jpg",1000,784,false],"trp-custom-language-flag":["https:\/\/bassin-arcachon.com\/wp-content\/uploads\/2018\/07\/Les-Quinconces-coin-secret-Andernos-les-Bains-15x12.jpg",15,12,true]},"uagb_author_info":{"display_name":"Marie Clauzel","author_link":"https:\/\/bassin-arcachon.com\/it\/author\/mariesiba\/"},"uagb_comment_info":0,"uagb_excerpt":"Andernos vous offre un acc\u00e8s WiFi gratuit et s\u00e9curis\u00e9 pour surfer sur Internet librement \u00e0 l&rsquo;office de tourisme. Au nord du Bassin d\u2019Arcachon, on explore \u00e0 v\u00e9lo le port ostr\u00e9icole [&hellip;]","_links":{"self":[{"href":"https:\/\/bassin-arcachon.com\/it\/wp-json\/wp\/v2\/pages\/752","targetHints":{"allow":["GET"]}}],"collection":[{"href":"https:\/\/bassin-arcachon.com\/it\/wp-json\/wp\/v2\/pages"}],"about":[{"href":"https:\/\/bassin-arcachon.com\/it\/wp-json\/wp\/v2\/types\/page"}],"author":[{"embeddable":true,"href":"https:\/\/bassin-arcachon.com\/it\/wp-json\/wp\/v2\/users\/25"}],"replies":[{"embeddable":true,"href":"https:\/\/bassin-arcachon.com\/it\/wp-json\/wp\/v2\/comments?post=752"}],"version-history":[{"count":1,"href":"https:\/\/bassin-arcachon.com\/it\/wp-json\/wp\/v2\/pages\/752\/revisions"}],"predecessor-version":[{"id":119038,"href":"https:\/\/bassin-arcachon.com\/it\/wp-json\/wp\/v2\/pages\/752\/revisions\/119038"}],"up":[{"embeddable":true,"href":"https:\/\/bassin-arcachon.com\/it\/wp-json\/wp\/v2\/pages\/69"}],"wp:featuredmedia":[{"embeddable":true,"href":"https:\/\/bassin-arcachon.com\/it\/wp-json\/wp\/v2\/media\/23921"}],"wp:attachment":[{"href":"https:\/\/bassin-arcachon.com\/it\/wp-json\/wp\/v2\/media?parent=752"}],"curies":[{"name":"wp","href":"https:\/\/api.w.org\/{rel}","templated":true}]}}