{"id":758,"date":"2017-04-04T12:24:11","date_gmt":"2017-04-04T10:24:11","guid":{"rendered":"https:\/\/bassin-arcachon.com\/\/?page_id=758"},"modified":"2024-12-16T14:00:24","modified_gmt":"2024-12-16T13:00:24","slug":"wifi-la-teste-de-buch","status":"publish","type":"page","link":"https:\/\/bassin-arcachon.com\/it\/trouver-votre-point-wifi\/wifi-la-teste-de-buch\/","title":{"rendered":"Benvenuti in La Teste de Buch"},"content":{"rendered":"<div class=\"wp-block-uagb-container uagb-block-c8179621 alignfull uagb-is-root-container\"><div class=\"uagb-container-inner-blocks-wrap\">\n<div class=\"wp-block-uagb-container uagb-block-500ceffb\">\n<h2 class=\"wp-block-heading\">La Teste de Buch ti offre un accesso WiFi gratuito e sicuro per navigare liberamente in Internet in tutti i luoghi pubblici attrezzati.<\/h2>\n\n\n\n<p>Tra la Bassin e l&#039;oceano, tanti siti imperdibili da scoprire: il&nbsp;<a href=\"https:\/\/bassin-arcachon.com\/it\/i-nostri-elementi-essenziali\/la-duna-di-pilat\/\">Duna di Pilat<\/a>,&nbsp;<a href=\"https:\/\/bassin-arcachon.com\/it\/i-nostri-elementi-essenziali\/le-cabine-tchanquee\/\">Bird Island e le sue capanne su palafitte<\/a>, il&nbsp;<a href=\"https:\/\/bassin-arcachon.com\/it\/i-nostri-elementi-essenziali\/la-panchina-di-darguin\/\">Banca d&#039;Arguin<\/a>, Lago Cazaux\u2026 La Teste de Buch ha diversi distretti:&nbsp;<strong>Pila sur Mer<\/strong>,&nbsp;<strong>Cazaux<\/strong>&nbsp;e il centro di La Teste con i suoi&nbsp;<strong>porto di ostriche<\/strong>&nbsp;e il suo grande mercato.<\/p>\n<\/div>\n\n\n\n<div class=\"wp-block-uagb-container uagb-block-a02395f2\">\n<div class=\"wp-block-uagb-image uagb-block-aa536478 wp-block-uagb-image--layout-default wp-block-uagb-image--effect-static wp-block-uagb-image--align-none\"><figure class=\"wp-block-uagb-image__figure\"><img decoding=\"async\" srcset=\"https:\/\/bassin-arcachon.com\/wp-content\/uploads\/2017\/02\/Cabanes-tchanqu\u00e9es-bassin-darcachon.jpg \" sizes=\"auto, (max-width: 480px) 150px\" src=\"https:\/\/bassin-arcachon.com\/wp-content\/uploads\/2017\/02\/Cabanes-tchanqu\u00e9es-bassin-darcachon.jpg\" alt=\"- - Bassin d&#039;Arcachon\" class=\"uag-image-23673\" width=\"1000\" height=\"666\" title=\"- - Bassin d&#039;Arcachon\" loading=\"lazy\" role=\"img\"><\/figure><\/div>\n<\/div>\n<\/div><\/div>\n\n\n\n<div style=\"height:40px\" aria-hidden=\"true\" class=\"wp-block-spacer\"><\/div>\n\n\n\n<div class=\"wp-block-uagb-container uagb-block-1c7f21ff alignfull uagb-is-root-container\"><div class=\"uagb-container-inner-blocks-wrap\">\n<figure class=\"wp-block-pullquote\"><blockquote><p>Scopri la citt\u00e0 di La Teste de Buch su&nbsp;<a href=\"https:\/\/tourisme-latestedebuch.com\/\" target=\"_blank\" rel=\"noreferrer noopener\">www.tourisme-latestedebuch.com<\/a>.<br>Sfoglia questo&nbsp;<a href=\"https:\/\/bassin-arcachon.com\/it\/\">sito web, quello del Bassin di Arcachon<\/a>. Non \u00e8 necessario identificarsi!<\/p><\/blockquote><\/figure>\n<\/div><\/div>\n\n\n\n<div style=\"height:40px\" aria-hidden=\"true\" class=\"wp-block-spacer\"><\/div>\n\n\n\n<div class=\"wp-block-uagb-container uagb-block-226863b9 alignfull uagb-is-root-container\"><div class=\"uagb-container-inner-blocks-wrap\">\n<h3 class=\"wp-block-heading\">Naviga in modo intelligente!<\/h3>\n\n\n\n<p>La rete WiFi_Bassin_Arcachon ti ricorda! La connessione verr\u00e0 effettuata automaticamente sullo stesso dispositivo ogni volta che ti trovi nei pressi di uno dei nostri terminali WiFi, indipendentemente dal comune dell&#039;Bassin. Ricordati di riavviare il browser.<\/p>\n\n\n\n<h3 class=\"wp-block-heading\">Sobriet\u00e0 digitale<\/h3>\n\n\n\n<p>Adottiamo le azioni giuste per un mondo digitale pi\u00f9 verde! Insieme, riduciamo il nostro impatto ambientale adottando semplici azioni per un mondo digitale pi\u00f9 responsabile. Scopri i nostri consigli pratici\u00a0<strong><a href=\"https:\/\/www.ecologie.gouv.fr\/sites\/default\/files\/guide-en-route-vers-sobriete-numerique.pdf\" target=\"_blank\" rel=\"noreferrer noopener\">su questo sito\u00a0<\/a>!<\/strong><\/p>\n<\/div><\/div>\n\n\n\n<div style=\"height:40px\" aria-hidden=\"true\" class=\"wp-block-spacer\"><\/div>","protected":false},"excerpt":{"rendered":"<p>La Teste de Buch vous offre un acc\u00e8s WiFi gratuit et s\u00e9curis\u00e9 pour surfer sur Internet librement dans tous les lieux publics \u00e9quip\u00e9s. S\u2019\u00e9tirant entre le Bassin et l\u2019Oc\u00e9an, de [&hellip;]<\/p>\n","protected":false},"author":25,"featured_media":23765,"parent":69,"menu_order":14,"comment_status":"closed","ping_status":"closed","template":"","meta":{"_acf_changed":false,"_uag_custom_page_level_css":"","footnotes":""},"class_list":["post-758","page","type-page","status-publish","has-post-thumbnail","hentry"],"acf":[],"uagb_featured_image_src":{"full":["https:\/\/bassin-arcachon.com\/wp-content\/uploads\/2017\/02\/Plage-oc\u00e9ane-La-Teste-de-Buch.jpg",1200,800,false],"thumbnail":["https:\/\/bassin-arcachon.com\/wp-content\/uploads\/2017\/02\/Plage-oc\u00e9ane-La-Teste-de-Buch-150x150.jpg",150,150,true],"medium":["https:\/\/bassin-arcachon.com\/wp-content\/uploads\/2017\/02\/Plage-oc\u00e9ane-La-Teste-de-Buch-600x400.jpg",600,400,true],"medium_large":["https:\/\/bassin-arcachon.com\/wp-content\/uploads\/2017\/02\/Plage-oc\u00e9ane-La-Teste-de-Buch-768x512.jpg",768,512,true],"large":["https:\/\/bassin-arcachon.com\/wp-content\/uploads\/2017\/02\/Plage-oc\u00e9ane-La-Teste-de-Buch-1024x683.jpg",1024,683,true],"1536x1536":["https:\/\/bassin-arcachon.com\/wp-content\/uploads\/2017\/02\/Plage-oc\u00e9ane-La-Teste-de-Buch.jpg",1200,800,false],"2048x2048":["https:\/\/bassin-arcachon.com\/wp-content\/uploads\/2017\/02\/Plage-oc\u00e9ane-La-Teste-de-Buch.jpg",1200,800,false],"trp-custom-language-flag":["https:\/\/bassin-arcachon.com\/wp-content\/uploads\/2017\/02\/Plage-oc\u00e9ane-La-Teste-de-Buch-18x12.jpg",18,12,true]},"uagb_author_info":{"display_name":"Marie Clauzel","author_link":"https:\/\/bassin-arcachon.com\/it\/author\/mariesiba\/"},"uagb_comment_info":0,"uagb_excerpt":"La Teste de Buch vous offre un acc\u00e8s WiFi gratuit et s\u00e9curis\u00e9 pour surfer sur Internet librement dans tous les lieux publics \u00e9quip\u00e9s. S\u2019\u00e9tirant entre le Bassin et l\u2019Oc\u00e9an, de [&hellip;]","_links":{"self":[{"href":"https:\/\/bassin-arcachon.com\/it\/wp-json\/wp\/v2\/pages\/758","targetHints":{"allow":["GET"]}}],"collection":[{"href":"https:\/\/bassin-arcachon.com\/it\/wp-json\/wp\/v2\/pages"}],"about":[{"href":"https:\/\/bassin-arcachon.com\/it\/wp-json\/wp\/v2\/types\/page"}],"author":[{"embeddable":true,"href":"https:\/\/bassin-arcachon.com\/it\/wp-json\/wp\/v2\/users\/25"}],"replies":[{"embeddable":true,"href":"https:\/\/bassin-arcachon.com\/it\/wp-json\/wp\/v2\/comments?post=758"}],"version-history":[{"count":1,"href":"https:\/\/bassin-arcachon.com\/it\/wp-json\/wp\/v2\/pages\/758\/revisions"}],"predecessor-version":[{"id":119037,"href":"https:\/\/bassin-arcachon.com\/it\/wp-json\/wp\/v2\/pages\/758\/revisions\/119037"}],"up":[{"embeddable":true,"href":"https:\/\/bassin-arcachon.com\/it\/wp-json\/wp\/v2\/pages\/69"}],"wp:featuredmedia":[{"embeddable":true,"href":"https:\/\/bassin-arcachon.com\/it\/wp-json\/wp\/v2\/media\/23765"}],"wp:attachment":[{"href":"https:\/\/bassin-arcachon.com\/it\/wp-json\/wp\/v2\/media?parent=758"}],"curies":[{"name":"wp","href":"https:\/\/api.w.org\/{rel}","templated":true}]}}