{"id":762,"date":"2017-04-04T12:26:33","date_gmt":"2017-04-04T10:26:33","guid":{"rendered":"https:\/\/bassin-arcachon.com\/\/?page_id=762"},"modified":"2024-12-16T14:03:51","modified_gmt":"2024-12-16T13:03:51","slug":"wifi-gujan-mestras","status":"publish","type":"page","link":"https:\/\/bassin-arcachon.com\/it\/trouver-votre-point-wifi\/wifi-gujan-mestras\/","title":{"rendered":"Benvenuti a Gujan-Mestras"},"content":{"rendered":"<div class=\"wp-block-uagb-container uagb-block-ab967068 alignfull uagb-is-root-container\"><div class=\"uagb-container-inner-blocks-wrap\">\n<div class=\"wp-block-uagb-container uagb-block-ebd95c1a\">\n<h2 class=\"wp-block-heading\">Gujan-Mestras vi offre un accesso WiFi gratuito e sicuro per navigare su Internet liberamente nei luoghi pubblici attrezzati.<\/h2>\n\n\n\n<p>La capitale delle ostriche&nbsp;<strong>Bassin di Arcachon<\/strong>&nbsp;ha una vera identit\u00e0 marittima potenziata dalle sue compagnie navali e dagli allevatori di ostriche. Eventi festivi o sportivi animano regolarmente \u201cla citt\u00e0 dei sette porti\u201d.<\/p>\n<\/div>\n\n\n\n<div class=\"wp-block-uagb-container uagb-block-e5e32c49\">\n<div class=\"wp-block-uagb-image uagb-block-0fb342b7 wp-block-uagb-image--layout-default wp-block-uagb-image--effect-static wp-block-uagb-image--align-none\"><figure class=\"wp-block-uagb-image__figure\"><img decoding=\"async\" srcset=\"https:\/\/bassin-arcachon.com\/wp-content\/uploads\/2020\/07\/Sillonnez-03-GujanMestras.jpeg \" sizes=\"auto, (max-width: 480px) 150px\" src=\"https:\/\/bassin-arcachon.com\/wp-content\/uploads\/2020\/07\/Sillonnez-03-GujanMestras.jpeg\" alt=\"- - Bassin d&#039;Arcachon\" class=\"uag-image-51465\" width=\"1000\" height=\"666\" title=\"- - Bassin d&#039;Arcachon\" loading=\"lazy\" role=\"img\"><\/figure><\/div>\n<\/div>\n<\/div><\/div>\n\n\n\n<div style=\"height:40px\" aria-hidden=\"true\" class=\"wp-block-spacer\"><\/div>\n\n\n\n<div class=\"wp-block-uagb-container uagb-block-d177242b alignfull uagb-is-root-container\"><div class=\"uagb-container-inner-blocks-wrap\">\n<figure class=\"wp-block-pullquote\"><blockquote><p>Scopri la citt\u00e0 di Gujan-Mestras su&nbsp;<a href=\"http:\/\/www.gujanmestras.com\/\" target=\"_blank\" rel=\"noreferrer noopener\">www.gujanmestras.com<\/a>.<br>Sfoglia questo&nbsp;<a href=\"https:\/\/bassin-arcachon.com\/it\/\">sito web, quello del Bassin di Arcachon<\/a>. Non \u00e8 necessario identificarsi!<\/p><\/blockquote><\/figure>\n<\/div><\/div>\n\n\n\n<div style=\"height:40px\" aria-hidden=\"true\" class=\"wp-block-spacer\"><\/div>\n\n\n\n<div class=\"wp-block-uagb-container uagb-block-15d1a161 alignfull uagb-is-root-container\"><div class=\"uagb-container-inner-blocks-wrap\">\n<h3 class=\"wp-block-heading\">Naviga in modo intelligente!<\/h3>\n\n\n\n<p>La rete WiFi_Bassin_Arcachon ti ricorda! La connessione verr\u00e0 effettuata automaticamente sullo stesso dispositivo ogni volta che ti trovi nei pressi di uno dei nostri terminali WiFi, indipendentemente dal comune dell&#039;Bassin. Ricordati di riavviare il browser.<\/p>\n\n\n\n<h3 class=\"wp-block-heading\">Sobriet\u00e0 digitale<\/h3>\n\n\n\n<p>Adottiamo le azioni giuste per un mondo digitale pi\u00f9 verde! Insieme, riduciamo il nostro impatto ambientale adottando semplici azioni per un mondo digitale pi\u00f9 responsabile. Scopri i nostri consigli pratici\u00a0<strong><a href=\"https:\/\/www.ecologie.gouv.fr\/sites\/default\/files\/guide-en-route-vers-sobriete-numerique.pdf\" target=\"_blank\" rel=\"noreferrer noopener\">su questo sito\u00a0<\/a>!<\/strong><\/p>\n<\/div><\/div>\n\n\n\n<div style=\"height:40px\" aria-hidden=\"true\" class=\"wp-block-spacer\"><\/div>","protected":false},"excerpt":{"rendered":"<p>Gujan-Mestras vous offre un acc\u00e8s WiFi gratuit et s\u00e9curis\u00e9 pour surfer sur Internet librement dans les lieux publics \u00e9quip\u00e9s. La capitale ostr\u00e9icole du&nbsp;Bassin d\u2019Arcachon&nbsp;poss\u00e8de une v\u00e9ritable identit\u00e9 maritime dynamis\u00e9e par [&hellip;]<\/p>\n","protected":false},"author":25,"featured_media":23557,"parent":69,"menu_order":13,"comment_status":"closed","ping_status":"closed","template":"","meta":{"_acf_changed":false,"_uag_custom_page_level_css":"","footnotes":""},"class_list":["post-762","page","type-page","status-publish","has-post-thumbnail","hentry"],"acf":[],"uagb_featured_image_src":{"full":["https:\/\/bassin-arcachon.com\/wp-content\/uploads\/2017\/11\/Huitre-acachon-cap-ferret.jpg",1200,800,false],"thumbnail":["https:\/\/bassin-arcachon.com\/wp-content\/uploads\/2017\/11\/Huitre-acachon-cap-ferret-150x150.jpg",150,150,true],"medium":["https:\/\/bassin-arcachon.com\/wp-content\/uploads\/2017\/11\/Huitre-acachon-cap-ferret-600x400.jpg",600,400,true],"medium_large":["https:\/\/bassin-arcachon.com\/wp-content\/uploads\/2017\/11\/Huitre-acachon-cap-ferret-768x512.jpg",768,512,true],"large":["https:\/\/bassin-arcachon.com\/wp-content\/uploads\/2017\/11\/Huitre-acachon-cap-ferret-1024x683.jpg",1024,683,true],"1536x1536":["https:\/\/bassin-arcachon.com\/wp-content\/uploads\/2017\/11\/Huitre-acachon-cap-ferret.jpg",1200,800,false],"2048x2048":["https:\/\/bassin-arcachon.com\/wp-content\/uploads\/2017\/11\/Huitre-acachon-cap-ferret.jpg",1200,800,false],"trp-custom-language-flag":["https:\/\/bassin-arcachon.com\/wp-content\/uploads\/2017\/11\/Huitre-acachon-cap-ferret-18x12.jpg",18,12,true]},"uagb_author_info":{"display_name":"Marie Clauzel","author_link":"https:\/\/bassin-arcachon.com\/it\/author\/mariesiba\/"},"uagb_comment_info":0,"uagb_excerpt":"Gujan-Mestras vous offre un acc\u00e8s WiFi gratuit et s\u00e9curis\u00e9 pour surfer sur Internet librement dans les lieux publics \u00e9quip\u00e9s. La capitale ostr\u00e9icole du&nbsp;Bassin d\u2019Arcachon&nbsp;poss\u00e8de une v\u00e9ritable identit\u00e9 maritime dynamis\u00e9e par [&hellip;]","_links":{"self":[{"href":"https:\/\/bassin-arcachon.com\/it\/wp-json\/wp\/v2\/pages\/762","targetHints":{"allow":["GET"]}}],"collection":[{"href":"https:\/\/bassin-arcachon.com\/it\/wp-json\/wp\/v2\/pages"}],"about":[{"href":"https:\/\/bassin-arcachon.com\/it\/wp-json\/wp\/v2\/types\/page"}],"author":[{"embeddable":true,"href":"https:\/\/bassin-arcachon.com\/it\/wp-json\/wp\/v2\/users\/25"}],"replies":[{"embeddable":true,"href":"https:\/\/bassin-arcachon.com\/it\/wp-json\/wp\/v2\/comments?post=762"}],"version-history":[{"count":2,"href":"https:\/\/bassin-arcachon.com\/it\/wp-json\/wp\/v2\/pages\/762\/revisions"}],"predecessor-version":[{"id":187181,"href":"https:\/\/bassin-arcachon.com\/it\/wp-json\/wp\/v2\/pages\/762\/revisions\/187181"}],"up":[{"embeddable":true,"href":"https:\/\/bassin-arcachon.com\/it\/wp-json\/wp\/v2\/pages\/69"}],"wp:featuredmedia":[{"embeddable":true,"href":"https:\/\/bassin-arcachon.com\/it\/wp-json\/wp\/v2\/media\/23557"}],"wp:attachment":[{"href":"https:\/\/bassin-arcachon.com\/it\/wp-json\/wp\/v2\/media?parent=762"}],"curies":[{"name":"wp","href":"https:\/\/api.w.org\/{rel}","templated":true}]}}