{"id":768,"date":"2017-04-04T12:33:38","date_gmt":"2017-04-04T10:33:38","guid":{"rendered":"https:\/\/bassin-arcachon.com\/\/?page_id=768"},"modified":"2024-12-16T14:05:13","modified_gmt":"2024-12-16T13:05:13","slug":"wifi-audenge","status":"publish","type":"page","link":"https:\/\/bassin-arcachon.com\/it\/trouver-votre-point-wifi\/wifi-audenge\/","title":{"rendered":"Benvenuti in Audenge"},"content":{"rendered":"<div class=\"wp-block-uagb-container uagb-block-49014ca7 alignfull uagb-is-root-container\"><div class=\"uagb-container-inner-blocks-wrap\">\n<div class=\"wp-block-uagb-container uagb-block-41a2f477\">\n<h2 class=\"wp-block-heading\">Audenge ti offre un accesso WiFi gratuito e sicuro per navigare liberamente su Internet in luoghi pubblici attrezzati.<\/h2>\n\n\n\n<p>Dirigendosi verso la sponda orientale del&nbsp;<strong>Bassin di Arcachon<\/strong>&nbsp;! Con i suoi siti naturali protetti, il vivace porto di ostriche e le incredibili viste sull&#039;Bassin,&nbsp;<strong>Audenge<\/strong>&nbsp;riunisce tutti gli ingredienti per una vera vacanza.<\/p>\n<\/div>\n\n\n\n<div class=\"wp-block-uagb-container uagb-block-a59da987\">\n<div class=\"wp-block-uagb-image uagb-block-c3e360a1 wp-block-uagb-image--layout-default wp-block-uagb-image--effect-static wp-block-uagb-image--align-none\"><figure class=\"wp-block-uagb-image__figure\"><img decoding=\"async\" srcset=\"https:\/\/bassin-arcachon.com\/wp-content\/uploads\/2017\/12\/port-audenge-44-1024x683.jpg \" sizes=\"auto, (max-width: 480px) 150px\" src=\"https:\/\/bassin-arcachon.com\/wp-content\/uploads\/2017\/12\/port-audenge-44-1024x683.jpg\" alt=\"- - Bassin d&#039;Arcachon\" class=\"uag-image-11659\" width=\"1024\" height=\"683\" title=\"- - Bassin d&#039;Arcachon\" loading=\"lazy\" role=\"img\"><\/figure><\/div>\n<\/div>\n<\/div><\/div>\n\n\n\n<div style=\"height:40px\" aria-hidden=\"true\" class=\"wp-block-spacer\"><\/div>\n\n\n\n<div class=\"wp-block-uagb-container uagb-block-dfefdcaf alignfull uagb-is-root-container\"><div class=\"uagb-container-inner-blocks-wrap\">\n<figure class=\"wp-block-pullquote\"><blockquote><p>Scopri la citt\u00e0 di Audenge su&nbsp;<a href=\"https:\/\/www.tourisme-coeurdubassin.com\/\" target=\"_blank\" rel=\"noreferrer noopener\">www.tourisme-coeurdubassin.com<\/a>.<br>Sfoglia, questo&nbsp;<a href=\"https:\/\/bassin-arcachon.com\/it\/\">sito web, quello del Bassin di Arcachon<\/a>. Non \u00e8 necessario identificarsi!<\/p><\/blockquote><\/figure>\n<\/div><\/div>\n\n\n\n<div style=\"height:40px\" aria-hidden=\"true\" class=\"wp-block-spacer\"><\/div>\n\n\n\n<div class=\"wp-block-uagb-container uagb-block-4a41037d alignfull uagb-is-root-container\"><div class=\"uagb-container-inner-blocks-wrap\">\n<h3 class=\"wp-block-heading\">Naviga in modo intelligente!<\/h3>\n\n\n\n<p>La rete WiFi_Bassin_Arcachon ti ricorda! La connessione verr\u00e0 effettuata automaticamente sullo stesso dispositivo ogni volta che ti trovi nei pressi di uno dei nostri terminali WiFi, indipendentemente dal comune dell&#039;Bassin. Ricordati di riavviare il browser.<\/p>\n<\/div><\/div>\n\n\n\n<div class=\"wp-block-uagb-container uagb-block-98b0ad24 alignfull uagb-is-root-container\"><div class=\"uagb-container-inner-blocks-wrap\">\n<h3 class=\"wp-block-heading\">Sobriet\u00e0 digitale<\/h3>\n\n\n\n<p>Adottiamo le azioni giuste per un mondo digitale pi\u00f9 verde! Insieme, riduciamo il nostro impatto ambientale adottando semplici azioni per un mondo digitale pi\u00f9 responsabile. Scopri i nostri consigli pratici\u00a0<strong><a href=\"https:\/\/www.ecologie.gouv.fr\/sites\/default\/files\/guide-en-route-vers-sobriete-numerique.pdf\" target=\"_blank\" rel=\"noreferrer noopener\">su questo sito\u00a0<\/a>!<\/strong><\/p>\n<\/div><\/div>\n\n\n\n<div style=\"height:40px\" aria-hidden=\"true\" class=\"wp-block-spacer\"><\/div>","protected":false},"excerpt":{"rendered":"<p>Audenge vous offre un acc\u00e8s WiFi gratuit et s\u00e9curis\u00e9 pour surfer sur Internet librement dans les lieux publics \u00e9quip\u00e9s. Cap sur la rive Est du&nbsp;Bassin d\u2019Arcachon&nbsp;! Avec ses sites naturels [&hellip;]<\/p>\n","protected":false},"author":25,"featured_media":23808,"parent":69,"menu_order":11,"comment_status":"closed","ping_status":"closed","template":"","meta":{"_acf_changed":false,"_uag_custom_page_level_css":"","footnotes":""},"class_list":["post-768","page","type-page","status-publish","has-post-thumbnail","hentry"],"acf":[],"uagb_featured_image_src":{"full":["https:\/\/bassin-arcachon.com\/wp-content\/uploads\/2017\/02\/Domaine-de-Certes-Audenge.jpg",1000,666,false],"thumbnail":["https:\/\/bassin-arcachon.com\/wp-content\/uploads\/2017\/02\/Domaine-de-Certes-Audenge-150x150.jpg",150,150,true],"medium":["https:\/\/bassin-arcachon.com\/wp-content\/uploads\/2017\/02\/Domaine-de-Certes-Audenge-600x400.jpg",600,400,true],"medium_large":["https:\/\/bassin-arcachon.com\/wp-content\/uploads\/2017\/02\/Domaine-de-Certes-Audenge-768x511.jpg",768,511,true],"large":["https:\/\/bassin-arcachon.com\/wp-content\/uploads\/2017\/02\/Domaine-de-Certes-Audenge.jpg",1000,666,false],"1536x1536":["https:\/\/bassin-arcachon.com\/wp-content\/uploads\/2017\/02\/Domaine-de-Certes-Audenge.jpg",1000,666,false],"2048x2048":["https:\/\/bassin-arcachon.com\/wp-content\/uploads\/2017\/02\/Domaine-de-Certes-Audenge.jpg",1000,666,false],"trp-custom-language-flag":["https:\/\/bassin-arcachon.com\/wp-content\/uploads\/2017\/02\/Domaine-de-Certes-Audenge-18x12.jpg",18,12,true]},"uagb_author_info":{"display_name":"Marie Clauzel","author_link":"https:\/\/bassin-arcachon.com\/it\/author\/mariesiba\/"},"uagb_comment_info":0,"uagb_excerpt":"Audenge vous offre un acc\u00e8s WiFi gratuit et s\u00e9curis\u00e9 pour surfer sur Internet librement dans les lieux publics \u00e9quip\u00e9s. Cap sur la rive Est du&nbsp;Bassin d\u2019Arcachon&nbsp;! Avec ses sites naturels [&hellip;]","_links":{"self":[{"href":"https:\/\/bassin-arcachon.com\/it\/wp-json\/wp\/v2\/pages\/768","targetHints":{"allow":["GET"]}}],"collection":[{"href":"https:\/\/bassin-arcachon.com\/it\/wp-json\/wp\/v2\/pages"}],"about":[{"href":"https:\/\/bassin-arcachon.com\/it\/wp-json\/wp\/v2\/types\/page"}],"author":[{"embeddable":true,"href":"https:\/\/bassin-arcachon.com\/it\/wp-json\/wp\/v2\/users\/25"}],"replies":[{"embeddable":true,"href":"https:\/\/bassin-arcachon.com\/it\/wp-json\/wp\/v2\/comments?post=768"}],"version-history":[{"count":1,"href":"https:\/\/bassin-arcachon.com\/it\/wp-json\/wp\/v2\/pages\/768\/revisions"}],"predecessor-version":[{"id":119045,"href":"https:\/\/bassin-arcachon.com\/it\/wp-json\/wp\/v2\/pages\/768\/revisions\/119045"}],"up":[{"embeddable":true,"href":"https:\/\/bassin-arcachon.com\/it\/wp-json\/wp\/v2\/pages\/69"}],"wp:featuredmedia":[{"embeddable":true,"href":"https:\/\/bassin-arcachon.com\/it\/wp-json\/wp\/v2\/media\/23808"}],"wp:attachment":[{"href":"https:\/\/bassin-arcachon.com\/it\/wp-json\/wp\/v2\/media?parent=768"}],"curies":[{"name":"wp","href":"https:\/\/api.w.org\/{rel}","templated":true}]}}