{"id":770,"date":"2017-04-04T12:36:10","date_gmt":"2017-04-04T10:36:10","guid":{"rendered":"https:\/\/bassin-arcachon.com\/\/?page_id=770"},"modified":"2024-12-16T14:04:51","modified_gmt":"2024-12-16T13:04:51","slug":"bigano-wifi","status":"publish","type":"page","link":"https:\/\/bassin-arcachon.com\/it\/trouver-votre-point-wifi\/wifi-biganos\/","title":{"rendered":"Benvenuti a Biganos"},"content":{"rendered":"<div style=\"height:40px\" aria-hidden=\"true\" class=\"wp-block-spacer\"><\/div>\n\n\n\n<div class=\"wp-block-uagb-container uagb-block-89bd62e6 alignfull uagb-is-root-container\"><div class=\"uagb-container-inner-blocks-wrap\">\n<div class=\"wp-block-uagb-container uagb-block-f19cf252\">\n<h2 class=\"wp-block-heading\">Biganos ti offre un accesso WiFi gratuito e sicuro per navigare su Internet liberamente nei luoghi pubblici attrezzati.<\/h2>\n\n\n\n<p>Apriamo il capitolo&nbsp;<a href=\"https:\/\/bassin-arcachon.com\/it\/le-nostre-citta-e-i-nostri-villaggi\/cuore-del-bacino\/\">Cuore di Bassin<\/a>&nbsp;durante l&#039;esplorazione di Biganos. Dopo essere rimasti affascinati dal suo porto atipico che si apre sul delta della Leyre, esploriamo in bicicletta il porto di Tiles e le sue capanne, prima di andare a degustare del Caviar de France in buona compagnia.<\/p>\n<\/div>\n\n\n\n<div class=\"wp-block-uagb-container uagb-block-f4591093\">\n<div class=\"wp-block-uagb-image uagb-block-bb3ab00d wp-block-uagb-image--layout-default wp-block-uagb-image--effect-static wp-block-uagb-image--align-none\"><figure class=\"wp-block-uagb-image__figure\"><img decoding=\"async\" srcset=\"https:\/\/bassin-arcachon.com\/wp-content\/uploads\/2017\/12\/port-de-biganos-12-1024x700.jpg \" sizes=\"auto, (max-width: 480px) 150px\" src=\"https:\/\/bassin-arcachon.com\/wp-content\/uploads\/2017\/12\/port-de-biganos-12-1024x700.jpg\" alt=\"- - Bassin d&#039;Arcachon\" class=\"uag-image-11652\" width=\"1024\" height=\"700\" title=\"- - Bassin d&#039;Arcachon\" loading=\"lazy\" role=\"img\"><\/figure><\/div>\n<\/div>\n<\/div><\/div>\n\n\n\n<div style=\"height:40px\" aria-hidden=\"true\" class=\"wp-block-spacer\"><\/div>\n\n\n\n<div class=\"wp-block-uagb-container uagb-block-9b845831 alignfull uagb-is-root-container\"><div class=\"uagb-container-inner-blocks-wrap\">\n<figure class=\"wp-block-pullquote\"><blockquote><p>Scopri la citt\u00e0 di Biganos su&nbsp;<a href=\"https:\/\/www.tourisme-coeurdubassin.com\/\" target=\"_blank\" rel=\"noreferrer noopener\">www.tourisme-coeurdubassin.com<\/a>.<br>Sfoglia questo&nbsp;<a href=\"https:\/\/bassin-arcachon.com\/it\/\">sito web, quello del Bassin di Arcachon<\/a>. Non \u00e8 necessario identificarsi!<\/p><\/blockquote><\/figure>\n<\/div><\/div>\n\n\n\n<div style=\"height:40px\" aria-hidden=\"true\" class=\"wp-block-spacer\"><\/div>\n\n\n\n<div class=\"wp-block-uagb-container uagb-block-7004a56a alignfull uagb-is-root-container\"><div class=\"uagb-container-inner-blocks-wrap\">\n<h3 class=\"wp-block-heading\">Naviga in modo intelligente!<\/h3>\n\n\n\n<p>La rete WiFi_Bassin_Arcachon ti ricorda! La connessione verr\u00e0 effettuata automaticamente sullo stesso dispositivo ogni volta che ti trovi nei pressi di uno dei nostri terminali WiFi, indipendentemente dal comune dell&#039;Bassin. Ricordati di riavviare il browser.<\/p>\n\n\n\n<h3 class=\"wp-block-heading\">Sobriet\u00e0 digitale<\/h3>\n\n\n\n<p>Adottiamo le azioni giuste per un mondo digitale pi\u00f9 verde! Insieme, riduciamo il nostro impatto ambientale adottando semplici azioni per un mondo digitale pi\u00f9 responsabile. Scopri i nostri consigli pratici\u00a0<strong><a href=\"https:\/\/www.ecologie.gouv.fr\/sites\/default\/files\/guide-en-route-vers-sobriete-numerique.pdf\" target=\"_blank\" rel=\"noreferrer noopener\">su questo sito\u00a0<\/a>!<\/strong><\/p>\n<\/div><\/div>\n\n\n\n<div style=\"height:40px\" aria-hidden=\"true\" class=\"wp-block-spacer\"><\/div>","protected":false},"excerpt":{"rendered":"<p>Biganos vous offre un acc\u00e8s WiFi gratuit et s\u00e9curis\u00e9 pour surfer sur Internet librement dans les lieux publics \u00e9quip\u00e9s. On ouvre le chapitre&nbsp;C\u0153ur du Bassin&nbsp;en explorant Biganos. Apr\u00e8s \u00eatre tomb\u00e9 [&hellip;]<\/p>\n","protected":false},"author":25,"featured_media":24170,"parent":69,"menu_order":12,"comment_status":"closed","ping_status":"closed","template":"","meta":{"_acf_changed":false,"_uag_custom_page_level_css":"","footnotes":""},"class_list":["post-770","page","type-page","status-publish","has-post-thumbnail","hentry"],"acf":[],"uagb_featured_image_src":{"full":["https:\/\/bassin-arcachon.com\/wp-content\/uploads\/2017\/04\/port-des-tuiles-biganos.jpg",1200,664,false],"thumbnail":["https:\/\/bassin-arcachon.com\/wp-content\/uploads\/2017\/04\/port-des-tuiles-biganos-150x150.jpg",150,150,true],"medium":["https:\/\/bassin-arcachon.com\/wp-content\/uploads\/2017\/04\/port-des-tuiles-biganos-600x332.jpg",600,332,true],"medium_large":["https:\/\/bassin-arcachon.com\/wp-content\/uploads\/2017\/04\/port-des-tuiles-biganos-768x425.jpg",768,425,true],"large":["https:\/\/bassin-arcachon.com\/wp-content\/uploads\/2017\/04\/port-des-tuiles-biganos-1024x567.jpg",1024,567,true],"1536x1536":["https:\/\/bassin-arcachon.com\/wp-content\/uploads\/2017\/04\/port-des-tuiles-biganos.jpg",1200,664,false],"2048x2048":["https:\/\/bassin-arcachon.com\/wp-content\/uploads\/2017\/04\/port-des-tuiles-biganos.jpg",1200,664,false],"trp-custom-language-flag":["https:\/\/bassin-arcachon.com\/wp-content\/uploads\/2017\/04\/port-des-tuiles-biganos-18x10.jpg",18,10,true]},"uagb_author_info":{"display_name":"Marie Clauzel","author_link":"https:\/\/bassin-arcachon.com\/it\/author\/mariesiba\/"},"uagb_comment_info":0,"uagb_excerpt":"Biganos vous offre un acc\u00e8s WiFi gratuit et s\u00e9curis\u00e9 pour surfer sur Internet librement dans les lieux publics \u00e9quip\u00e9s. On ouvre le chapitre&nbsp;C\u0153ur du Bassin&nbsp;en explorant Biganos. Apr\u00e8s \u00eatre tomb\u00e9 [&hellip;]","_links":{"self":[{"href":"https:\/\/bassin-arcachon.com\/it\/wp-json\/wp\/v2\/pages\/770","targetHints":{"allow":["GET"]}}],"collection":[{"href":"https:\/\/bassin-arcachon.com\/it\/wp-json\/wp\/v2\/pages"}],"about":[{"href":"https:\/\/bassin-arcachon.com\/it\/wp-json\/wp\/v2\/types\/page"}],"author":[{"embeddable":true,"href":"https:\/\/bassin-arcachon.com\/it\/wp-json\/wp\/v2\/users\/25"}],"replies":[{"embeddable":true,"href":"https:\/\/bassin-arcachon.com\/it\/wp-json\/wp\/v2\/comments?post=770"}],"version-history":[{"count":1,"href":"https:\/\/bassin-arcachon.com\/it\/wp-json\/wp\/v2\/pages\/770\/revisions"}],"predecessor-version":[{"id":119044,"href":"https:\/\/bassin-arcachon.com\/it\/wp-json\/wp\/v2\/pages\/770\/revisions\/119044"}],"up":[{"embeddable":true,"href":"https:\/\/bassin-arcachon.com\/it\/wp-json\/wp\/v2\/pages\/69"}],"wp:featuredmedia":[{"embeddable":true,"href":"https:\/\/bassin-arcachon.com\/it\/wp-json\/wp\/v2\/media\/24170"}],"wp:attachment":[{"href":"https:\/\/bassin-arcachon.com\/it\/wp-json\/wp\/v2\/media?parent=770"}],"curies":[{"name":"wp","href":"https:\/\/api.w.org\/{rel}","templated":true}]}}