{"id":8409,"date":"2017-11-20T10:18:54","date_gmt":"2017-11-20T09:18:54","guid":{"rendered":"https:\/\/bassin-arcachon.com\/\/?page_id=8409"},"modified":"2025-07-17T16:51:20","modified_gmt":"2025-07-17T14:51:20","slug":"cosa-fare-quando-piove","status":"publish","type":"page","link":"https:\/\/bassin-arcachon.com\/it\/que-faire-quand-il-pleut\/","title":{"rendered":"Cosa fare quando piove ?"},"content":{"rendered":"<div class=\"wp-block-uagb-container uagb-block-3e11289c alignfull uagb-is-root-container\"><div class=\"uagb-container-inner-blocks-wrap\">\n<div class=\"wp-block-buttons is-content-justification-center is-layout-flex wp-container-core-buttons-is-layout-16018d1d wp-block-buttons-is-layout-flex\">\n<div class=\"wp-block-button\"><a class=\"wp-block-button__link wp-element-button\" href=\"https:\/\/www.calameo.com\/read\/000024421dd1f2bc56daa\" target=\"_blank\" rel=\"noreferrer noopener\">Cosa fare sull&#039;Arcachon Bassin quando piove? Scarica il PDF!<\/a><\/div>\n<\/div>\n<\/div><\/div>\n\n\n\n<div style=\"height:60px\" aria-hidden=\"true\" class=\"wp-block-spacer\"><\/div>\n\n\n\n<div class=\"wp-block-uagb-container uagb-block-5c2cf503 alignfull uagb-is-root-container\"><div class=\"uagb-container-inner-blocks-wrap\">\n<div class=\"wp-block-uagb-container uagb-block-b283b991\">\n<h2 class=\"wp-block-heading\">Gufo, sta piovendo!<\/h2>\n\n\n\n<p>Piove, va bene... ma il tuo soggiorno sull&#039;Arcachon Bassin non finisce qui!<\/p>\n\n\n\n<p>Approfitta di queste giornate nuvolose per scoprire attivit\u00e0 piacevoli sia in vacanza che nei fine settimana.<\/p>\n\n\n\n<p>Mediateca e piscina comunale, casin\u00f2, bowling, laser game, cinema, balneoterapia, talassoterapia, spa, arrampicata, escape game\u2026<\/p>\n\n\n\n<p>Non mancano le opportunit\u00e0 per ottenere ossigeno, anche in caso di pioggia!<\/p>\n<\/div>\n\n\n\n<div class=\"wp-block-uagb-container uagb-block-58a3a22c\">\n<div class=\"wp-block-uagb-image uagb-block-552f12e2 wp-block-uagb-image--layout-default wp-block-uagb-image--effect-static wp-block-uagb-image--align-none\"><figure class=\"wp-block-uagb-image__figure\"><img decoding=\"async\" srcset=\"https:\/\/bassin-arcachon.com\/wp-content\/uploads\/2020\/03\/thalasso-thalazur-arcachon-cure-couple-1024x684.jpg \" sizes=\"auto, (max-width: 480px) 150px\" src=\"https:\/\/bassin-arcachon.com\/wp-content\/uploads\/2020\/03\/thalasso-thalazur-arcachon-cure-couple-1024x684.jpg\" alt=\"- - Bassin d&#039;Arcachon\" class=\"uag-image-42589\" width=\"1024\" height=\"684\" title=\"- - Bassin d&#039;Arcachon\" loading=\"lazy\" role=\"img\"><\/figure><\/div>\n<\/div>\n<\/div><\/div>\n\n\n\n<div style=\"height:60px\" aria-hidden=\"true\" class=\"wp-block-spacer\"><\/div>\n\n\n\n<div class=\"wp-block-uagb-container uagb-block-fa5e4fc3 alignfull uagb-is-root-container\"><div class=\"uagb-container-inner-blocks-wrap\">\n<div class=\"wp-block-uagb-container uagb-block-9b9b8fd7\">\n<div class=\"wp-block-uagb-image uagb-block-600673eb wp-block-uagb-image--layout-default wp-block-uagb-image--effect-static wp-block-uagb-image--align-none\"><figure class=\"wp-block-uagb-image__figure\"><img decoding=\"async\" srcset=\"https:\/\/bassin-arcachon.com\/wp-content\/uploads\/2023\/01\/maison-huitre-bassin-arcachon-agence-les-conteurs-24-edited.jpg \" sizes=\"auto, (max-width: 480px) 150px\" src=\"https:\/\/bassin-arcachon.com\/wp-content\/uploads\/2023\/01\/maison-huitre-bassin-arcachon-agence-les-conteurs-24-edited.jpg\" alt=\"- - Bassin d&#039;Arcachon\" class=\"uag-image-54859\" width=\"800\" height=\"800\" title=\"- - Bassin d&#039;Arcachon\" loading=\"lazy\" role=\"img\"><\/figure><\/div>\n<\/div>\n\n\n\n<div class=\"wp-block-uagb-container uagb-block-07324eb0\">\n<h2 class=\"wp-block-heading\">Pausa cultura e scoperta<\/h2>\n\n\n\n<ul class=\"wp-block-list\">\n<li>il&nbsp;<a href=\"http:\/\/www.ville-arcachon.fr\/le-bunker-502\/\" target=\"_blank\" rel=\"noreferrer noopener\">bunker 502<\/a>, residuo della seconda guerra mondiale, ad Arcachon (all&#039;interno del MA.AT)<\/li>\n\n\n\n<li>Maison Louis David ad Andernos-les-Bains (museo cittadino e sede di mostre d&#039;arte)<\/li>\n\n\n\n<li>Piccolo museo delle ostriche, Cabane n\u00b055 ad Andernos-les-Bains (per le date di apertura, informarsi presso l&#039;ufficio turistico allo 05 56 82 02 95)<\/li>\n\n\n\n<li>La Cappella della villa algerina, il gioiello della penisola<\/li>\n\n\n\n<li>La Cappella dei Marinai ad Arcachon<\/li>\n\n\n\n<li>Il&nbsp;<a href=\"http:\/\/www.maison-huitre.fr\/\" target=\"_blank\" rel=\"noreferrer noopener\">Casa delle ostriche<\/a>, in Gujan-Mestras<\/li>\n\n\n\n<li>La Cabane bleue aux artistes (galleria d&#039;arte sul porto di Audenge)<\/li>\n\n\n\n<li>L&#039;Ecomuseo di Gardarem a Lanton (aperto solo nei fine settimana)<\/li>\n\n\n\n<li><a href=\"https:\/\/www.kokobelli.fr\/\" target=\"_blank\" rel=\"noopener\">officina kokobelli<\/a>&nbsp;(gioielli e oggetti decorativi in avorio vegetale e pigna) a L\u00e8ge-Cap Ferret \u2013 aperto da aprile a settembre<\/li>\n\n\n\n<li>Il <a href=\"https:\/\/captermer.com\/\" target=\"_blank\" rel=\"noopener\">Cabina del collezionista di resina<\/a> a L\u00e8ge-Cap Ferret<\/li>\n\n\n\n<li>il&nbsp;<a href=\"https:\/\/bassin-arcachon.com\/it\/i-nostri-elementi-essenziali\/il-faro-e-la-punta-di-cap-ferret\/\">Faro di Cap Ferret<\/a>&nbsp;e la sua mostra interattiva (aperta dal mercoled\u00ec alla domenica dalle 14:00 alle 17:00 o alle 18:00 in autunno-inverno)<\/li>\n<\/ul>\n<\/div>\n<\/div><\/div>\n\n\n\n<div style=\"height:60px\" aria-hidden=\"true\" class=\"wp-block-spacer\"><\/div>\n\n\n\n<div class=\"wp-block-uagb-container uagb-block-89ed556a alignfull uagb-is-root-container\"><div class=\"uagb-container-inner-blocks-wrap\">\n<div class=\"wp-block-uagb-container uagb-block-146e97e1\">\n<h2 class=\"wp-block-heading\">Lasciati guidare!<\/h2>\n\n\n\n<ul class=\"wp-block-list\">\n<li>il&nbsp;<a href=\"http:\/\/www.lepetittraindarcachon.fr\/le_petit_train_d_arcachon\/Le_petit_train_darcachon.html\" target=\"_blank\" rel=\"noreferrer noopener\">Trenino di Arcachon<\/a>&nbsp;(treno coperto)<\/li>\n\n\n\n<li>La Fabbrica del Cioccolato&quot;&nbsp;<a href=\"http:\/\/www.alienorchocolat.com\/chocolaterie.html\" target=\"_blank\" rel=\"noreferrer noopener\">Le prelibatezze di Eleonora<\/a>&nbsp;\u00bb presso La Teste de Buch, solo su prenotazione dal marted\u00ec al sabato<\/li>\n\n\n\n<li>Le Caviar Perlita \u2013 Visita de L&#039;Esturgeonni\u00e8re a Le Teich da aprile a settembre<\/li>\n\n\n\n<li>Il Caviale di Francia \u2013 Visita al Moulin de la Cassadotte a Biganos da aprile a settembre<\/li>\n\n\n\n<li>Visita alla fabbrica di cancelleria SMURFIT-KAPPA a Biganos (solo marted\u00ec e gioved\u00ec in luglio-agosto)<\/li>\n<\/ul>\n\n\n\n<p><em>Per le visite, avvicinati al tuo&nbsp;<a href=\"https:\/\/bassin-arcachon.com\/it\/offices-tourisme\/\">Ufficio Turistico<\/a><\/em><\/p>\n<\/div>\n\n\n\n<div class=\"wp-block-uagb-container uagb-block-895e6d9c\">\n<div class=\"wp-block-uagb-image uagb-block-d404c367 wp-block-uagb-image--layout-default wp-block-uagb-image--effect-static wp-block-uagb-image--align-none\"><figure class=\"wp-block-uagb-image__figure\"><img decoding=\"async\" srcset=\"https:\/\/bassin-arcachon.com\/wp-content\/uploads\/2023\/01\/Source-des-Abatilles-N0691b-e1548081054123-edited.jpg \" sizes=\"auto, (max-width: 480px) 150px\" src=\"https:\/\/bassin-arcachon.com\/wp-content\/uploads\/2023\/01\/Source-des-Abatilles-N0691b-e1548081054123-edited.jpg\" alt=\"Visita della Source des Abatilles ad Arcachon\" class=\"uag-image-54856\" width=\"1000\" height=\"749\" title=\"- - Bassin d&#039;Arcachon\" loading=\"lazy\" role=\"img\"><\/figure><\/div>\n<\/div>\n<\/div><\/div>\n\n\n\n<div style=\"height:60px\" aria-hidden=\"true\" class=\"wp-block-spacer\"><\/div>\n\n\n\n<div class=\"wp-block-uagb-container uagb-block-e10669f6 alignfull uagb-is-root-container\"><div class=\"uagb-container-inner-blocks-wrap\">\n<div class=\"wp-block-uagb-container uagb-block-40f8e1be\">\n<div class=\"wp-block-uagb-image uagb-block-b0e4088a wp-block-uagb-image--layout-default wp-block-uagb-image--effect-static wp-block-uagb-image--align-none\"><figure class=\"wp-block-uagb-image__figure\"><img decoding=\"async\" srcset=\"https:\/\/bassin-arcachon.com\/wp-content\/uploads\/2017\/08\/baby-72695_960_720.jpg \" sizes=\"auto, (max-width: 480px) 150px\" src=\"https:\/\/bassin-arcachon.com\/wp-content\/uploads\/2017\/08\/baby-72695_960_720.jpg\" alt=\"Attivit\u00e0 per bambini quando piove a Bassin d&#039;Arcachon\" class=\"uag-image-7296\" width=\"960\" height=\"640\" title=\"- - Bassin d&#039;Arcachon\" loading=\"lazy\" role=\"img\"><\/figure><\/div>\n<\/div>\n\n\n\n<div class=\"wp-block-uagb-container uagb-block-472b0972\">\n<h2 class=\"wp-block-heading\">Cosa fare con i miei pezzetti<\/h2>\n\n\n\n<ul class=\"wp-block-list\">\n<li><a href=\"http:\/\/www.bigajump.com\/\" target=\"_blank\" rel=\"noreferrer noopener\">GRANDE SALTO<\/a>&nbsp;Parco del trampolino coperto a Biganos<\/li>\n\n\n\n<li><a href=\"https:\/\/www.bassinabloc.fr\/\" target=\"_blank\" rel=\"noopener\">Blocco Bassin<\/a>, Sala di arrampicata a Gujan<\/li>\n\n\n\n<li><a href=\"https:\/\/www.battlekart.com\/fr\/arcachon\/\" target=\"_blank\" rel=\"noopener\">Kart da battaglia<\/a> Karting e giochi a La Teste de Buch<\/li>\n\n\n\n<li>Il&nbsp;<a href=\"https:\/\/bassin-arcachon.com\/it\/agenda-uscite-mercati\/\">cinema Bassin<\/a>&nbsp;sono aperti tutto l&#039;anno!<\/li>\n\n\n\n<li>E per i pi\u00f9 grandi: tuffatevi nel mondo della realt\u00e0 virtuale con <a href=\"https:\/\/bassinvr.fr\/\" target=\"_blank\" rel=\"noopener\">Bassin VR<\/a> !<\/li>\n<\/ul>\n\n\n\n<p><a href=\"https:\/\/bassin-arcachon.com\/it\/4-cose-da-fare-bambini-sta-piovendo\/\">Scopri le nostre 4 attivit\u00e0 da fare con i tuoi bambini quando piove!<\/a><\/p>\n<\/div>\n<\/div><\/div>\n\n\n\n<div style=\"height:60px\" aria-hidden=\"true\" class=\"wp-block-spacer\"><\/div>\n\n\n\n<div class=\"wp-block-uagb-container uagb-block-3e7ac0d7 alignfull uagb-is-root-container\"><div class=\"uagb-container-inner-blocks-wrap\">\n<div class=\"wp-block-uagb-container uagb-block-55376999\">\n<h2 class=\"wp-block-heading\">Crociere riparate<\/h2>\n\n\n\n<p>Uscite organizzate da Arcachon, Cap Ferret, Canon, Moulleau e Andernos a seconda della stagione:<\/p>\n\n\n\n<ul class=\"wp-block-list\">\n<li><strong>Giro dell&#039;isola degli uccelli<\/strong>, durata 1h45<\/li>\n\n\n\n<li><strong>Grand Tour di Bassin<\/strong>, durata 2h45<\/li>\n<\/ul>\n\n\n\n<p><em>Informarsi con il<a href=\"https:\/\/bateliers-arcachon.com\/\" target=\"_blank\" rel=\"noreferrer noopener\">Unione dei barcaioli<\/a>.<\/em><\/p>\n<\/div>\n\n\n\n<div class=\"wp-block-uagb-container uagb-block-5480b58d\">\n<div class=\"wp-block-uagb-image uagb-block-023bd38f wp-block-uagb-image--layout-default wp-block-uagb-image--effect-static wp-block-uagb-image--align-none\"><figure class=\"wp-block-uagb-image__figure\"><img decoding=\"async\" srcset=\"https:\/\/bassin-arcachon.com\/wp-content\/uploads\/2023\/08\/Design-sans-titre-2023-12-08T104740.989-1024x1024.png ,https:\/\/bassin-arcachon.com\/wp-content\/uploads\/2023\/08\/Design-sans-titre-2023-12-08T104740.989.png 780w, https:\/\/bassin-arcachon.com\/wp-content\/uploads\/2023\/08\/Design-sans-titre-2023-12-08T104740.989.png 360w\" sizes=\"auto, (max-width: 480px) 150px\" src=\"https:\/\/bassin-arcachon.com\/wp-content\/uploads\/2023\/08\/Design-sans-titre-2023-12-08T104740.989-1024x1024.png\" alt=\"- - Bassin d&#039;Arcachon\" class=\"uag-image-57369\" width=\"1024\" height=\"1024\" title=\"- - Bassin d&#039;Arcachon\" loading=\"lazy\" role=\"img\"><\/figure><\/div>\n<\/div>\n<\/div><\/div>\n\n\n\n<div style=\"height:60px\" aria-hidden=\"true\" class=\"wp-block-spacer\"><\/div>\n\n\n\n<div class=\"wp-block-uagb-container uagb-block-3fbba451 alignfull uagb-is-root-container\"><div class=\"uagb-container-inner-blocks-wrap\">\n<h2 class=\"wp-block-heading\">A pochi chilometri da Bassin<\/h2>\n\n\n\n<div class=\"wp-block-uagb-image uagb-block-5699374c wp-block-uagb-image--layout-default wp-block-uagb-image--effect-static wp-block-uagb-image--align-none\"><figure class=\"wp-block-uagb-image__figure\"><img decoding=\"async\" srcset=\"https:\/\/bassin-arcachon.com\/wp-content\/uploads\/2023\/01\/miroir-eau-bordeaux-edited.jpg \" sizes=\"auto, (max-width: 480px) 150px\" src=\"https:\/\/bassin-arcachon.com\/wp-content\/uploads\/2023\/01\/miroir-eau-bordeaux-edited.jpg\" alt=\"Lo specchio d&#039;acqua di Bordeaux\" class=\"uag-image-54851\" width=\"1200\" height=\"675\" title=\"- - Bassin d&#039;Arcachon\" loading=\"lazy\" role=\"img\"><\/figure><\/div>\n\n\n\n<h3 class=\"wp-block-heading\"><a href=\"https:\/\/bassin-arcachon.com\/it\/fuga-bordeaux\/\">Scopri Bordeaux:<\/a><\/h3>\n\n\n\n<ul class=\"wp-block-list\">\n<li><a href=\"https:\/\/www.laciteduvin.com\" target=\"_blank\" rel=\"noopener\">La citt\u00e0 del vino<\/a><\/li>\n\n\n\n<li><a href=\"https:\/\/www.bassins-lumieres.com\" target=\"_blank\" rel=\"noopener\">Bassin dell&#039;Illuminazione<\/a>  <\/li>\n\n\n\n<li>Passeggia per le strade della vecchia Bordeaux, stivali ai piedi<\/li>\n\n\n\n<li>Mettiti comodo in poltrona nel caratteristico cinema Utopia<\/li>\n\n\n\n<li>Goditi lo shopping sulla strada pi\u00f9 lunga d&#039;Europa: Rue Sainte-Catherine<\/li>\n\n\n\n<li>Bordeaux non ti lascer\u00e0 mai a corto di idee per gite culturali: Museo d&#039;Aquitania, Cap Science, CAPC, ecc.<\/li>\n\n\n\n<li>Godetevi la gastronomia locale attraverso un&#039;ampia scelta di ristoranti<\/li>\n\n\n\n<li>Vigneti e castelli: Bordeaux, Saint-\u00c9milion, M\u00e9doc, Entre-deux-mers...<\/li>\n\n\n\n<li>Plan\u00e8te Bordeaux (strada per Libourne, Beychac-et-Caillau), La Winerie<\/li>\n<\/ul>\n\n\n\n<h3 class=\"wp-block-heading\">Le Lande e l&#039;entroterra:<\/h3>\n\n\n\n<ul class=\"wp-block-list\">\n<li>Complesso acquatico \u2013 Spadium de Salles<\/li>\n\n\n\n<li><a href=\"https:\/\/www.marqueze.fr\" target=\"_blank\" rel=\"noopener\">Ecomuseo Marqu\u00e8ze<\/a> a Sabres <\/li>\n\n\n\n<li>Museo dell&#039;idrovolante a Biscarrosse<\/li>\n<\/ul>\n<\/div><\/div>\n\n\n\n<div style=\"height:60px\" aria-hidden=\"true\" class=\"wp-block-spacer\"><\/div>","protected":false},"excerpt":{"rendered":"<p>Chouette, il pleut ! Il pleut, d\u2019accord\u2026 mais votre s\u00e9jour sur le Bassin d\u2019Arcachon ne s\u2019arr\u00eate pas l\u00e0 ! Profitez de ces journ\u00e9es au temps couvert pour d\u00e9couvrir des activit\u00e9s [&hellip;]<\/p>\n","protected":false},"author":25,"featured_media":8421,"parent":0,"menu_order":8,"comment_status":"closed","ping_status":"closed","template":"","meta":{"_acf_changed":false,"_uag_custom_page_level_css":"","footnotes":""},"class_list":["post-8409","page","type-page","status-publish","has-post-thumbnail","hentry"],"acf":[],"uagb_featured_image_src":{"full":["https:\/\/bassin-arcachon.com\/wp-content\/uploads\/2017\/08\/child-898040_960_720-1.jpg",960,720,false],"thumbnail":["https:\/\/bassin-arcachon.com\/wp-content\/uploads\/2017\/08\/child-898040_960_720-1-150x150.jpg",150,150,true],"medium":["https:\/\/bassin-arcachon.com\/wp-content\/uploads\/2017\/08\/child-898040_960_720-1-600x450.jpg",600,450,true],"medium_large":["https:\/\/bassin-arcachon.com\/wp-content\/uploads\/2017\/08\/child-898040_960_720-1-768x576.jpg",768,576,true],"large":["https:\/\/bassin-arcachon.com\/wp-content\/uploads\/2017\/08\/child-898040_960_720-1.jpg",960,720,false],"1536x1536":["https:\/\/bassin-arcachon.com\/wp-content\/uploads\/2017\/08\/child-898040_960_720-1.jpg",960,720,false],"2048x2048":["https:\/\/bassin-arcachon.com\/wp-content\/uploads\/2017\/08\/child-898040_960_720-1.jpg",960,720,false],"trp-custom-language-flag":["https:\/\/bassin-arcachon.com\/wp-content\/uploads\/2017\/08\/child-898040_960_720-1-16x12.jpg",16,12,true]},"uagb_author_info":{"display_name":"Marie Clauzel","author_link":"https:\/\/bassin-arcachon.com\/it\/author\/mariesiba\/"},"uagb_comment_info":0,"uagb_excerpt":"Chouette, il pleut ! Il pleut, d\u2019accord\u2026 mais votre s\u00e9jour sur le Bassin d\u2019Arcachon ne s\u2019arr\u00eate pas l\u00e0 ! Profitez de ces journ\u00e9es au temps couvert pour d\u00e9couvrir des activit\u00e9s [&hellip;]","_links":{"self":[{"href":"https:\/\/bassin-arcachon.com\/it\/wp-json\/wp\/v2\/pages\/8409","targetHints":{"allow":["GET"]}}],"collection":[{"href":"https:\/\/bassin-arcachon.com\/it\/wp-json\/wp\/v2\/pages"}],"about":[{"href":"https:\/\/bassin-arcachon.com\/it\/wp-json\/wp\/v2\/types\/page"}],"author":[{"embeddable":true,"href":"https:\/\/bassin-arcachon.com\/it\/wp-json\/wp\/v2\/users\/25"}],"replies":[{"embeddable":true,"href":"https:\/\/bassin-arcachon.com\/it\/wp-json\/wp\/v2\/comments?post=8409"}],"version-history":[{"count":5,"href":"https:\/\/bassin-arcachon.com\/it\/wp-json\/wp\/v2\/pages\/8409\/revisions"}],"predecessor-version":[{"id":172578,"href":"https:\/\/bassin-arcachon.com\/it\/wp-json\/wp\/v2\/pages\/8409\/revisions\/172578"}],"wp:featuredmedia":[{"embeddable":true,"href":"https:\/\/bassin-arcachon.com\/it\/wp-json\/wp\/v2\/media\/8421"}],"wp:attachment":[{"href":"https:\/\/bassin-arcachon.com\/it\/wp-json\/wp\/v2\/media?parent=8409"}],"curies":[{"name":"wp","href":"https:\/\/api.w.org\/{rel}","templated":true}]}}