{"id":891,"date":"2017-04-10T15:04:49","date_gmt":"2017-04-10T13:04:49","guid":{"rendered":"http:\/\/bassin-arcachon.com\/?page_id=891"},"modified":"2026-04-07T11:42:53","modified_gmt":"2026-04-07T09:42:53","slug":"spazio-professionale","status":"publish","type":"page","link":"https:\/\/bassin-arcachon.com\/it\/espace-pro\/","title":{"rendered":"Zona professionale"},"content":{"rendered":"<div class=\"wp-block-uagb-container uagb-block-f8679caf alignfull uagb-is-root-container\"><div class=\"uagb-container-inner-blocks-wrap\">\n<h2 class=\"wp-block-heading\">Benvenuti nell'Espace Pro: strumenti e assistenza a vostra disposizione! <\/h2>\n\n\n\n<h3 class=\"wp-block-heading\">1) Dove posso trovare i nostri contenuti e i video che promuovono l'Bassin d'Arcachon? <\/h3>\n\n\n\n<p>Utilizzare \ud83d\ude0a e menzionare <strong>@bassindarcachon su <a href=\"https:\/\/www.facebook.com\/bassindarcachon\" target=\"_blank\" rel=\"noopener\">Facebook<\/a> e <a href=\"https:\/\/www.instagram.com\/bassindarcachon\/\" target=\"_blank\" rel=\"noopener\">instagram<\/a><\/strong>. <\/p>\n\n\n\n<ul class=\"wp-block-list\">\n<li><strong>I nostri video<\/strong> sono a vostra disposizione: <a href=\"\/it\/vimeo.com\/bassindarcachon\/\">vimeo.com\/bassindarcachon<\/a> <em>(scaricabile in HD)<\/em> e su<a href=\"https:\/\/www.youtube.com\/lebassindarcachon\" target=\"_blank\" rel=\"noopener\"> https:\/\/www.youtube.com\/lebassindarcachon<\/a><\/li>\n\n\n\n<li><strong>Sito e blog Bassin Arcachon<\/strong>\u00a0: <a href=\"https:\/\/bassin-arcachon.com\/it\/blog\/\">https:\/\/bassin-arcachon.com\/blog\/<\/a>\u00a0<\/li>\n\n\n\n<li>Idee per le vacanze da\u2019<strong>una settimana su Bassin<\/strong>&nbsp;: <a href=\"https:\/\/bassin-arcachon.com\/it\/1-settimana-in-piscina\/\">https:\/\/bassin-arcachon.com\/1-semaine-bassin\/<\/a><\/li>\n\n\n\n<li><strong>Elenco con i dettagli di contatto delle attivit\u00e0 e delle strutture per il tempo libero <\/strong>in riproduzione dinamica : <a href=\"https:\/\/www.calameo.com\/bassin-arcachon\/read\/000024421aa7e5a3e7faf\" target=\"_blank\" rel=\"noopener\">Guida 2026<\/a><\/li>\n\n\n\n<li>Tutti <strong>brochure e documenti scaricabili<\/strong> online : <a href=\"https:\/\/bassin-arcachon.com\/it\/le-nostre-brochure\/\">https:\/\/bassin-arcachon.com\/nos-brochures\/<\/a> <em>(ad es. elenco dei mercati, turismo a mano, cosa fare in caso di pioggia)<\/em><\/li>\n\n\n\n<li>il <strong>Pacchetto stampa Arcachon Bassin e comunicati stampa inviati a voi<\/strong> dalla SIBA : <a href=\"https:\/\/www.calameo.com\/bassin-arcachon\/subscriptions\/1430334\" target=\"_blank\" rel=\"noopener\">https:\/\/www.calameo.com\/bassin-arcachon\/subscriptions\/1430334<\/a><\/li>\n\n\n\n<li>Si prega di notare: <strong>un assistente AI, alimentato dai NOSTRI DATI<\/strong>, pu\u00f2 aiutarvi a rispondere a tutte le vostre domande: <a href=\"https:\/\/bassin-arcachon.com\/it\/\">https:\/\/bassin-arcachon.com\/<\/a><\/li>\n<\/ul>\n\n\n\n<h3 class=\"wp-block-heading\">2) Dove trovare informazioni affidabili e aggiornate sugli eventi nei nostri 12 comuni:<\/h3>\n\n\n\n<ul class=\"wp-block-list\">\n<li>Scaricare gratuitamente <a href=\"https:\/\/bassin-arcachon.com\/it\/scarica-la-nostra-applicazione\/\"><strong>l'applicazione Bassin ad Arcachon<\/strong><\/a> (<em>aggiornamento giornaliero<\/em>), riconoscibile per le 2 ruote. <\/li>\n\n\n\n<li>Selezionare <strong>\u00abIntrattenimento\u00bb<\/strong>, Poi <strong>\u00abcalendario eventi\u00bb<\/strong>, e infine il periodo.<\/li>\n<\/ul>\n\n\n\n<h3 class=\"wp-block-heading\">3) Come posso apparire sui materiali prodotti dalla SIBA?<\/h3>\n\n\n\n<p>I nostri supporti (<em>sito web e applicazione<\/em>) utilizzare un <strong>database regionale chiamato SIRTAQUI<\/strong>. Le informazioni vengono inserite dal vostro <strong>uffici turistici <\/strong>poi distribuiti sui media SIBA.<\/p>\n\n\n\n<p>Per essere inclusi in questo database, <strong>contattate il vostro ufficio turistico <\/strong>!<\/p>\n\n\n\n<h3 class=\"wp-block-heading\">4) Come possiamo interagire con le nostre reti di promozione della destinazione?<\/h3>\n\n\n\n<ul class=\"wp-block-list\">\n<li>Bassin d'Arcachon : \n<ul class=\"wp-block-list\">\n<li><strong>Facebook : <a href=\"https:\/\/www.instagram.com\/bassindarcachon\/\" target=\"_blank\" rel=\"noopener\">https:\/\/www.instagram.com\/bassindarcachon\/<\/a><\/strong><\/li>\n\n\n\n<li><strong>Instagram : <a href=\"https:\/\/www.instagram.com\/bassindarcachon\/\" target=\"_blank\" rel=\"noopener\">https:\/\/www.instagram.com\/bassindarcachon\/<\/a><\/strong><\/li>\n\n\n\n<li><strong>LinkedIn :<\/strong>\n<ul class=\"wp-block-list\">\n<li><a href=\"https:\/\/www.linkedin.com\/in\/marque-bassin-arcachon\/\" target=\"_blank\" rel=\"noopener\">https:\/\/www.linkedin.com\/in\/marque-bassin-arcachon\/<\/a><\/li>\n\n\n\n<li><a href=\"https:\/\/www.linkedin.com\/in\/bassindarcachonaffaires\" target=\"_blank\" rel=\"noopener\">https:\/\/www.linkedin.com\/in\/bassindarcachonaffaires<\/a><\/li>\n<\/ul>\n<\/li>\n<\/ul>\n<\/li>\n<\/ul>\n\n\n\n<h3 class=\"wp-block-heading\">5) Dove posso trovare informazioni turistiche su \u00abBassin d'Arcachon\u00bb? &nbsp;<\/h3>\n\n\n\n<div class=\"wp-block-uagb-container uagb-block-c7374873\">\n<p>Per ottenerne delle copie, rivolgetevi prima al vostro Ufficio del Turismo. Potete trovare la nostra documentazione anche sul calam\u00e9o interattivo:<\/p>\n<\/div>\n\n\n\n<ul class=\"wp-block-list\">\n<li><strong><a href=\"https:\/\/www.calameo.com\/bassin-arcachon\/read\/000024421306f9920b5fd\" target=\"_blank\" rel=\"noopener\">Carta turistica<\/a><\/strong> in francese, <a href=\"https:\/\/www.calameo.com\/bassin-arcachon\/read\/000024421068f7d6c4614\" target=\"_blank\" rel=\"noopener\">Inglese<\/a>, <a href=\"https:\/\/www.calameo.com\/bassin-arcachon\/read\/000024421e693dd179d84\" target=\"_blank\" rel=\"noopener\">Tedesco<\/a>,<a href=\"https:\/\/www.calameo.com\/bassin-arcachon\/read\/0000244213620f91402b8\" target=\"_blank\" rel=\"noopener\"> Spagnolo<\/a> e <a href=\"https:\/\/www.calameo.com\/bassin-arcachon\/read\/000024421fcbd62b9dd24\" target=\"_blank\" rel=\"noopener\">Italiano<\/a><\/li>\n\n\n\n<li><strong><a href=\"https:\/\/www.calameo.com\/bassin-arcachon\/read\/0000244214d5faf8a6d5b\" target=\"_blank\" rel=\"noopener\">Rivista Bassin di Arcachon<\/a><\/strong><\/li>\n\n\n\n<li>Elenco \u00ab&nbsp;<a href=\"https:\/\/www.calameo.com\/bassin-arcachon\/read\/00002442172196ce0017a\" target=\"_blank\" rel=\"noopener\"><strong>Il mio Bassin senza la MIA auto<\/strong><\/a>&nbsp;\u00bb (<em>aziende di noleggio biciclette, tutto quello che c'\u00e8 da sapere sulla mobilit\u00e0 in Bassin<\/em>)<\/li>\n<\/ul>\n\n\n\n<p>Per aiutarvi <strong>consegnare direttamente la nostra documentazione<\/strong>, si prega di contattare : <a href=\"mailto:communication@siba-bassin-arcachon.fr\">communication@siba-bassin-arcachon.fr<\/a><\/p>\n\n\n\n<h3 class=\"wp-block-heading\">6) Dove posso trovare i dati chiave sul turismo: numero di visitatori, settori industriali, ecc. :<\/h3>\n\n\n\n<p><strong>Raccolta dati accessibile e scaricabile<\/strong> online : <a href=\"https:\/\/www.siba-bassin-arcachon.fr\/le-pole-promotion\/le-recueil-de-donnees-tourisme\" target=\"_blank\" rel=\"noopener\">https:\/\/www.siba-bassin-arcachon.fr\/le-pole-promotion\/le-recueil-de-donnees-tourisme<\/a><\/p>\n\n\n\n<h3 class=\"wp-block-heading\">7) Quando \u00e8 necessario coinvolgere il dipartimento di promozione della SIBA?<\/h3>\n\n\n\n<p>Quando <strong>un progetto, un'azione o un'esigenza<\/strong> promozione della regione su scala collettiva, l'Unit\u00e0 di promozione \u00e8 un servizio di supporto, <strong>al servizio di partner istituzionali, professionisti del turismo e brand partner.<\/strong><\/p>\n\n\n\n<ul class=\"wp-block-list\">\n<li>Per <strong>diventare partner di <a href=\"https:\/\/www.marque-bassin-arcachon.fr\/\" target=\"_blank\" rel=\"noopener\">Arcachon Bassin marchio territoriale<\/a><\/strong> : inviare la richiesta motivata via e-mail a <a href=\"https:\/\/www.marque-bassin-arcachon.fr\/les-partenaires\/devenir-partenaire\/\" target=\"_blank\" rel=\"noopener\">https:\/\/www.marque-bassin-arcachon.fr\/les-partenaires\/devenir-partenaire\/<\/a><\/li>\n\n\n\n<li>Per saperne di pi\u00f9 <strong>chi \u00e8 un partner<\/strong>, Consultate la mappa interattiva online: <a href=\"https:\/\/www.marque-bassin-arcachon.fr\/les-partenaires\/deja-partenaires\/\" target=\"_blank\" rel=\"noopener\">https:\/\/www.marque-bassin-arcachon.fr\/les-partenaires\/deja-partenaires\/<\/a><\/li>\n\n\n\n<li>per unirsi al <strong>rete di professionisti del turismo d'affari<\/strong>&nbsp;: <a href=\"mailto:mice@siba-bassin-arcachon.fr\">mice@siba-bassin-arcachon.fr<\/a>. Per maggiori informazioni sul turismo d'affari, cliccare qui: <a href=\"https:\/\/bassin-arcachon.com\/it\/seminari-congressuali\/\">https:\/\/bassin-arcachon.com\/seminaires-congres\/<\/a><\/li>\n\n\n\n<li>Per beneficiare <strong>materiali e strumenti di sensibilizzazione<\/strong> preservare la qualit\u00e0 dell'acqua (<a href=\"https:\/\/www.siba-bassin-arcachon.fr\/ici-commence-la-mer\" target=\"_blank\" rel=\"noopener\">qui inizia il mare \u00abnon buttare via niente\u00bb<\/a>, gioco delle oche, adesivi per finestre...)\u00a0<\/li>\n<\/ul>\n\n\n\n<h3 class=\"wp-block-heading\">8) Necessit\u00e0 di contattare i media locali <a href=\"https:\/\/tvba.fr\/\" target=\"_blank\" rel=\"noopener\">TVBA.fr<\/a>&nbsp;: <\/h3>\n\n\n\n<ul class=\"wp-block-list\">\n<li>Contattate Fanny e Camille, le nostre due giornaliste locali, all'indirizzo <a href=\"mailto:contact@tvba.fr\">contact@tvba.fr<\/a>. Seguiteli su <strong><a href=\"https:\/\/tvba.fr\/\" target=\"_blank\" rel=\"noopener\">tvba.fr<\/a> <\/strong>e sui loro social network per tutte le ultime novit\u00e0:\n<ul class=\"wp-block-list\">\n<li><strong>Facebook : <a href=\"https:\/\/www.facebook.com\/tvba.fr\" target=\"_blank\" rel=\"noopener\">https:\/\/www.facebook.com\/tvba.fr<\/a><\/strong><\/li>\n\n\n\n<li><strong>Instagram : <a href=\"https:\/\/www.instagram.com\/tvba.fr\/\" target=\"_blank\" rel=\"noopener\">https:\/\/www.instagram.com\/tvba.fr\/<\/a><\/strong><\/li>\n<\/ul>\n<\/li>\n<\/ul>\n\n\n\n<p>Se avete bisogno di informazioni, di una brochure per il vostro stabilimento o per il vostro evento commerciale, di video o di gadget, non esitate a contattare il Dipartimento Promozione SIBA via e-mail:&nbsp;<a href=\"mailto:contact@bassin-arcachon.com\">contact@bassin-arcachon.com<\/a><\/p>\n<\/div><\/div>\n\n\n\n<div style=\"height:60px\" aria-hidden=\"true\" class=\"wp-block-spacer\"><\/div>","protected":false},"excerpt":{"rendered":"<p>Bienvenue dans l&rsquo;Espace Pro : des outils et supports \u00e0 votre disposition ! 1) O\u00f9 trouver nos contenus et vid\u00e9os&nbsp;de promotion Bassin d\u2019Arcachon ? Servez-vous&nbsp;\ud83d\ude0a et mentionnez @bassindarcachon sur Facebook [&hellip;]<\/p>\n","protected":false},"author":25,"featured_media":51812,"parent":0,"menu_order":30,"comment_status":"closed","ping_status":"closed","template":"","meta":{"_acf_changed":false,"_uag_custom_page_level_css":"","footnotes":""},"class_list":["post-891","page","type-page","status-publish","has-post-thumbnail","hentry"],"acf":[],"uagb_featured_image_src":{"full":["https:\/\/bassin-arcachon.com\/wp-content\/uploads\/2022\/10\/SIBA-CONGRES-web.jpg",1383,524,false],"thumbnail":["https:\/\/bassin-arcachon.com\/wp-content\/uploads\/2022\/10\/SIBA-CONGRES-web-150x150.jpg",150,150,true],"medium":["https:\/\/bassin-arcachon.com\/wp-content\/uploads\/2022\/10\/SIBA-CONGRES-web-600x227.jpg",600,227,true],"medium_large":["https:\/\/bassin-arcachon.com\/wp-content\/uploads\/2022\/10\/SIBA-CONGRES-web-768x291.jpg",768,291,true],"large":["https:\/\/bassin-arcachon.com\/wp-content\/uploads\/2022\/10\/SIBA-CONGRES-web-1024x388.jpg",1024,388,true],"1536x1536":["https:\/\/bassin-arcachon.com\/wp-content\/uploads\/2022\/10\/SIBA-CONGRES-web.jpg",1383,524,false],"2048x2048":["https:\/\/bassin-arcachon.com\/wp-content\/uploads\/2022\/10\/SIBA-CONGRES-web.jpg",1383,524,false],"trp-custom-language-flag":["https:\/\/bassin-arcachon.com\/wp-content\/uploads\/2022\/10\/SIBA-CONGRES-web-18x7.jpg",18,7,true]},"uagb_author_info":{"display_name":"Marie Clauzel","author_link":"https:\/\/bassin-arcachon.com\/it\/author\/mariesiba\/"},"uagb_comment_info":0,"uagb_excerpt":"Bienvenue dans l&rsquo;Espace Pro : des outils et supports \u00e0 votre disposition ! 1) O\u00f9 trouver nos contenus et vid\u00e9os&nbsp;de promotion Bassin d\u2019Arcachon ? Servez-vous&nbsp;\ud83d\ude0a et mentionnez @bassindarcachon sur Facebook [&hellip;]","_links":{"self":[{"href":"https:\/\/bassin-arcachon.com\/it\/wp-json\/wp\/v2\/pages\/891","targetHints":{"allow":["GET"]}}],"collection":[{"href":"https:\/\/bassin-arcachon.com\/it\/wp-json\/wp\/v2\/pages"}],"about":[{"href":"https:\/\/bassin-arcachon.com\/it\/wp-json\/wp\/v2\/types\/page"}],"author":[{"embeddable":true,"href":"https:\/\/bassin-arcachon.com\/it\/wp-json\/wp\/v2\/users\/25"}],"replies":[{"embeddable":true,"href":"https:\/\/bassin-arcachon.com\/it\/wp-json\/wp\/v2\/comments?post=891"}],"version-history":[{"count":22,"href":"https:\/\/bassin-arcachon.com\/it\/wp-json\/wp\/v2\/pages\/891\/revisions"}],"predecessor-version":[{"id":244593,"href":"https:\/\/bassin-arcachon.com\/it\/wp-json\/wp\/v2\/pages\/891\/revisions\/244593"}],"wp:featuredmedia":[{"embeddable":true,"href":"https:\/\/bassin-arcachon.com\/it\/wp-json\/wp\/v2\/media\/51812"}],"wp:attachment":[{"href":"https:\/\/bassin-arcachon.com\/it\/wp-json\/wp\/v2\/media?parent=891"}],"curies":[{"name":"wp","href":"https:\/\/api.w.org\/{rel}","templated":true}]}}