{"id":98630,"date":"2024-11-18T12:22:45","date_gmt":"2024-11-18T11:22:45","guid":{"rendered":"https:\/\/bassin-arcachon.com\/?page_id=98630"},"modified":"2026-04-08T16:52:32","modified_gmt":"2026-04-08T14:52:32","slug":"informazioni-pratiche-per-muoversi-in-bicicletta","status":"publish","type":"page","link":"https:\/\/bassin-arcachon.com\/it\/informations-pratiques-pour-se-deplacer-a-velo\/","title":{"rendered":"Informazioni pratiche per viaggiare in bicicletta"},"content":{"rendered":"<div class=\"wp-block-uagb-container uagb-block-c7651c20 alignfull uagb-is-root-container\"><div class=\"uagb-container-inner-blocks-wrap\">\n<p>In questa pagina trovi tutte le informazioni utili e pratiche per <strong>per fare i tuoi viaggi in bicicletta nelle migliori condizioni.<\/strong><\/p>\n<\/div><\/div>\n\n\n\n<div class=\"wp-block-uagb-container uagb-block-a9138734 alignfull uagb-is-root-container\"><div class=\"uagb-container-inner-blocks-wrap\">\n<h2 class=\"wp-block-heading\">1) Pompe di gonfiaggio self-service<\/h2>\n<\/div><\/div>\n\n\n\n<div class=\"wp-block-uagb-container uagb-block-832224e8 alignfull uagb-is-root-container\"><div class=\"uagb-container-inner-blocks-wrap\">\n<div class=\"wp-block-uagb-container uagb-block-cf1714b1\">\n<figure class=\"wp-block-image size-full\"><img loading=\"lazy\" decoding=\"async\" width=\"480\" height=\"640\" src=\"https:\/\/bassin-arcachon.com\/wp-content\/uploads\/2024\/11\/N\u00b05-Station-de-Gonflage-Mairie-duTeich.jpg\" alt=\"- - Bassin d&#039;Arcachon\" class=\"wp-image-98633\" title=\"- - Bassin d&#039;Arcachon\" srcset=\"https:\/\/bassin-arcachon.com\/wp-content\/uploads\/2024\/11\/N\u00b05-Station-de-Gonflage-Mairie-duTeich.jpg 480w, https:\/\/bassin-arcachon.com\/wp-content\/uploads\/2024\/11\/N\u00b05-Station-de-Gonflage-Mairie-duTeich-450x600.jpg 450w, https:\/\/bassin-arcachon.com\/wp-content\/uploads\/2024\/11\/N\u00b05-Station-de-Gonflage-Mairie-duTeich-9x12.jpg 9w\" sizes=\"auto, (max-width: 480px) 100vw, 480px\" \/><figcaption class=\"wp-element-caption\">\u00a9 COBAS<\/figcaption><\/figure>\n<\/div>\n\n\n\n<div class=\"wp-block-uagb-container uagb-block-732da1a7\">\n<h3 class=\"wp-block-heading\"><strong>Sulla South-Bassin:<\/strong><\/h3>\n\n\n\n<ul class=\"wp-block-list\">\n<li><strong>Arcachon:<\/strong><br>Pereire, Place Peyneau, Stazione ferroviaria SNCF, Molo Moulleau, Porticciolo di Arcachon<\/li>\n\n\n\n<li><strong>La Teste de Buch:<\/strong><br>Place Meller au Pyla, Halte Nautique de Cazaux, Port de La Teste, Intermarch\u00e9 Les Miquelots, Pr\u00e9s sal\u00e9s Ouest, Espace d'accueil de la Dune du Pilat (+ riparazioni)<\/li>\n\n\n\n<li><strong>Gujan-Mestras:<\/strong><br>Rotonda Chante-Cigale, stazione ferroviaria La Hume, La Ch\u00eaneraie, area ricreativa, stazione ferroviaria Gujan-Mestras (nord e sud), municipio di Gujan-Mestras<\/li>\n\n\n\n<li><strong>Le Teich:<\/strong><br>Municipio di Le Teich, Stazione ferroviaria SNCF, Super U, Porto di Le Teich<\/li>\n<\/ul>\n<\/div>\n<\/div><\/div>\n\n\n\n<div class=\"wp-block-uagb-container uagb-block-9a502bd6 alignfull uagb-is-root-container\"><div class=\"uagb-container-inner-blocks-wrap\">\n<div class=\"wp-block-uagb-container uagb-block-68dec60e\">\n<h3 class=\"wp-block-heading\"><a href=\"https:\/\/coban-atlantique.fr\/la-coban\/services-equipements\/\" target=\"_blank\" rel=\"noopener\">Sulla linea Nord Bassin: <\/a><\/h3>\n\n\n\n<ul class=\"wp-block-list\">\n<li><strong>Andernos les Bains:<\/strong><br>davanti alla mediateca con un totem riparatore, al mercato coperto e al porto delle ostriche<\/li>\n\n\n\n<li><strong>Ares:<\/strong><br>Al PEI di Ar\u00e8s-L\u00e8ge con un totem di riparazione, all'area di sosta della vecchia stazione, davanti all'Ufficio del Turismo e all'Espace Br\u00e9montier.<\/li>\n\n\n\n<li><strong>udienza:<\/strong><br>Al PEI di Cardolle con un totem di riparazione, alla piscina, alla rotonda del centro e davanti al complesso sportivo di Ballion.<\/li>\n\n\n\n<li><strong>Biganos:<\/strong><br>Sul piazzale della stazione TER, presso il PEI con totem di riparazione e all'ingresso del Parc Charles Lecoq<\/li>\n\n\n\n<li><strong>Lanton:<\/strong><br>Ufficio del Turismo del Coeur de Bassin - 1 route du Stade (sul parcheggio), presso lo scalo di Cassy (All\u00e9e de la halte - sulla V\u00e9lodyss\u00e9e) e presso la piscina<\/li>\n\n\n\n<li><strong>Luce \u2013 Cap Ferret:<\/strong><br>Presso la vecchia stazione ferroviaria di L\u00e8ge, l'Ufficio del Turismo di Claouey, il Port de la Vigne e l'Ufficio del Turismo di B\u00e9lisaire.<\/li>\n\n\n\n<li><strong>Marcheprime:<\/strong><br>Presso la scuola elementare Maurice FOGNET, nel centro della citt\u00e0, con un totem di riparazione, davanti alla sala La Caravelle e alla stazione TER.<\/li>\n\n\n\n<li><strong>Mio:<\/strong><br>Davanti all'ufficio turistico (All\u00e9e de Val de San Vicente) e nel Parc Birabeille con un totem riparatore.<\/li>\n<\/ul>\n<\/div>\n\n\n\n<div class=\"wp-block-uagb-container uagb-block-67e8edc7\">\n<figure class=\"wp-block-image size-large\"><img loading=\"lazy\" decoding=\"async\" width=\"506\" height=\"1024\" src=\"https:\/\/bassin-arcachon.com\/wp-content\/uploads\/2024\/11\/mobilier-type-62668ba9b5506298122291-1-506x1024.jpg\" alt=\"- - Bassin d&#039;Arcachon\" class=\"wp-image-98636\" title=\"- - Bassin d&#039;Arcachon\" srcset=\"https:\/\/bassin-arcachon.com\/wp-content\/uploads\/2024\/11\/mobilier-type-62668ba9b5506298122291-1-506x1024.jpg 506w, https:\/\/bassin-arcachon.com\/wp-content\/uploads\/2024\/11\/mobilier-type-62668ba9b5506298122291-1-297x600.jpg 297w, https:\/\/bassin-arcachon.com\/wp-content\/uploads\/2024\/11\/mobilier-type-62668ba9b5506298122291-1-768x1553.jpg 768w, https:\/\/bassin-arcachon.com\/wp-content\/uploads\/2024\/11\/mobilier-type-62668ba9b5506298122291-1-759x1536.jpg 759w, https:\/\/bassin-arcachon.com\/wp-content\/uploads\/2024\/11\/mobilier-type-62668ba9b5506298122291-1-1013x2048.jpg 1013w, https:\/\/bassin-arcachon.com\/wp-content\/uploads\/2024\/11\/mobilier-type-62668ba9b5506298122291-1-6x12.jpg 6w, https:\/\/bassin-arcachon.com\/wp-content\/uploads\/2024\/11\/mobilier-type-62668ba9b5506298122291-1.jpg 1024w\" sizes=\"auto, (max-width: 506px) 100vw, 506px\" \/><\/figure>\n<\/div>\n<\/div><\/div>\n\n\n\n<div class=\"wp-block-uagb-container uagb-block-4c786e10 alignfull uagb-is-root-container\"><div class=\"uagb-container-inner-blocks-wrap\">\n<h2 class=\"wp-block-heading\">2) Parcheggio sicuro per le biciclette<\/h2>\n<\/div><\/div>\n\n\n\n<div class=\"wp-block-uagb-container uagb-block-0b113335 alignfull uagb-is-root-container\"><div class=\"uagb-container-inner-blocks-wrap\">\n<div class=\"wp-block-uagb-container uagb-block-e639cbfa\">\n<figure class=\"wp-block-image size-full\"><img loading=\"lazy\" decoding=\"async\" width=\"380\" height=\"285\" src=\"https:\/\/bassin-arcachon.com\/wp-content\/uploads\/2024\/11\/PEI-audenge-380x285-1.jpg\" alt=\"- - Bassin d&#039;Arcachon\" class=\"wp-image-98640\" title=\"- - Bassin d&#039;Arcachon\" srcset=\"https:\/\/bassin-arcachon.com\/wp-content\/uploads\/2024\/11\/PEI-audenge-380x285-1.jpg 380w, https:\/\/bassin-arcachon.com\/wp-content\/uploads\/2024\/11\/PEI-audenge-380x285-1-16x12.jpg 16w\" sizes=\"auto, (max-width: 380px) 100vw, 380px\" \/><\/figure>\n<\/div>\n<\/div><\/div>\n\n\n\n<div class=\"wp-block-uagb-container uagb-block-0d2dcc91 alignfull uagb-is-root-container\"><div class=\"uagb-container-inner-blocks-wrap\">\n<p><strong>Parcheggiare in sicurezza \u00e8 meglio!<\/strong><\/p>\n\n\n\n<p>Parcheggio custodito, spazi riservati alle biciclette, accessibili:<\/p>\n\n\n\n<ul class=\"wp-block-list\">\n<li>Nelle stazioni di: <strong>Marcheprime, Biganos-Facture, Le Teich, Gujan-Mestras, <strong>La Hume<\/strong> e Arcachon<\/strong>. Alla fine tutte le stazioni ne saranno dotate.<\/li>\n\n\n\n<li>Aree per il car pooling<strong> di Mios A660 <\/strong>cos\u00ec come a livello di<strong>Fermata dell'autobus Al\u00e9go, boulevard de l'A\u00e9rium, Ar\u00e8s.<\/strong><\/li>\n\n\n\n<li>Sul <strong>Nodo intermodale di Audenge Cardolle (PEI)<\/strong> (vicino al campeggio Braou) e<strong> d'Ar\u00e8s-L\u00e8ge (incrocio RD106\/RD3 ad Ar\u00e8s)<\/strong>. <\/li>\n\n\n\n<li>Parcheggio bici a <strong>Moulleau (Arcachon)<\/strong><\/li>\n<\/ul>\n<\/div><\/div>\n\n\n\n<div class=\"wp-block-uagb-container uagb-block-40fa4ca0 alignfull uagb-is-root-container\"><div class=\"uagb-container-inner-blocks-wrap\">\n<h2 class=\"wp-block-heading\">3) Buono a sapersi: punti di ricarica elettrica<\/h2>\n<\/div><\/div>\n\n\n\n<div class=\"wp-block-uagb-container uagb-block-26b285ea alignfull uagb-is-root-container\"><div class=\"uagb-container-inner-blocks-wrap\">\n<p>Il piccolo porto di<strong>Arcachon<\/strong> o anche il<strong>Ufficio del Turismo di L\u00e8ge-Cap Ferret<\/strong>&nbsp;situati a Claouey dispongono di un terminale per biciclette elettriche.<\/p>\n\n\n\n<p><strong>Il Centro visitatori della Dune du Pilat<\/strong> propone un \u00abdispositivo per la ricarica della batteria di una bicicletta elettrica\u00bb (spine all'interno di armadietti collegati).<\/p>\n\n\n\n<p><br><\/p>\n<\/div><\/div>\n\n\n\n<div class=\"wp-block-uagb-container uagb-block-d49d06d2 alignfull uagb-is-root-container\"><div class=\"uagb-container-inner-blocks-wrap\">\n<h2 class=\"wp-block-heading\">4) Qualche consiglio? Una foratura? Sistemazione?<\/h2>\n<\/div><\/div>\n\n\n\n<div class=\"wp-block-uagb-container uagb-block-c50e29ba alignfull uagb-is-root-container\"><div class=\"uagb-container-inner-blocks-wrap\">\n<p>I nostri professionisti <strong>\u00abAccueil V\u00e9lo\u00bb<\/strong> sono qui per voi: <a href=\"https:\/\/www.francevelotourisme.com\/accueil-velo\" target=\"_blank\" rel=\"noopener\">https:\/\/www.francevelotourisme.com\/accueil-velo<\/a><\/p>\n\n\n\n<p><strong>NUOVO in Ar\u00e8s : <\/strong>LA GARE, uno sportello unico che offre un'officina per la riparazione di biciclette a chi \u00e8 di passaggio nella zona. Per saperne di pi\u00f9, cliccate qui: <a href=\"https:\/\/www.facebook.com\/lagareares\/\" target=\"_blank\" rel=\"noopener\">https:\/\/www.facebook.com\/lagareares\/<\/a><\/p>\n<\/div><\/div>\n\n\n\n<div class=\"wp-block-uagb-container uagb-block-ebfe10dc alignfull uagb-is-root-container\"><div class=\"uagb-container-inner-blocks-wrap\">\n<h2 class=\"wp-block-heading\">5) In caso di incendi boschivi <\/h2>\n\n\n\n<p>In estate, <strong>in caso di rischio di incendi boschivi, le piste ciclabili possono essere chiuse<\/strong>. Controllare le informazioni ufficiali : <a href=\"https:\/\/qr.dfci-aquitaine.fr\/p\/dc7aBiOioS?utm_source=qrcode&amp;utm_medium=link-list&amp;utm_campaign=40434135\" target=\"_blank\" rel=\"noopener\">https:\/\/qr.dfci-aquitaine.fr\/p\/dc7aBiOioS?utm_source=qrcode&amp;utm_medium=link-list&amp;utm_campaign=40434135<\/a><\/p>\n<\/div><\/div>\n\n\n\n<div class=\"wp-block-uagb-container uagb-block-907b103f alignfull uagb-is-root-container\"><div class=\"uagb-container-inner-blocks-wrap\"><\/div><\/div>","protected":false},"excerpt":{"rendered":"<p>Sur cette page, retrouvez toutes les informations utiles et pratiques pour r\u00e9aliser vos d\u00e9placements \u00e0 v\u00e9lo dans les meilleures conditions. 1) Les pompes de gonflage en libre-service Sur le Sud-Bassin [&hellip;]<\/p>\n","protected":false},"author":25,"featured_media":223651,"parent":0,"menu_order":0,"comment_status":"closed","ping_status":"closed","template":"","meta":{"_acf_changed":false,"_uag_custom_page_level_css":"","footnotes":""},"class_list":["post-98630","page","type-page","status-publish","has-post-thumbnail","hentry"],"acf":[],"uagb_featured_image_src":{"full":["https:\/\/bassin-arcachon.com\/wp-content\/uploads\/2026\/01\/2015_HD_Viree-velo-Bassin_BIETTE-10-scaled-1.jpg",2560,1707,false],"thumbnail":["https:\/\/bassin-arcachon.com\/wp-content\/uploads\/2026\/01\/2015_HD_Viree-velo-Bassin_BIETTE-10-scaled-1-150x150.jpg",150,150,true],"medium":["https:\/\/bassin-arcachon.com\/wp-content\/uploads\/2026\/01\/2015_HD_Viree-velo-Bassin_BIETTE-10-scaled-1-600x400.jpg",600,400,true],"medium_large":["https:\/\/bassin-arcachon.com\/wp-content\/uploads\/2026\/01\/2015_HD_Viree-velo-Bassin_BIETTE-10-scaled-1-768x512.jpg",768,512,true],"large":["https:\/\/bassin-arcachon.com\/wp-content\/uploads\/2026\/01\/2015_HD_Viree-velo-Bassin_BIETTE-10-scaled-1-1024x683.jpg",1024,683,true],"1536x1536":["https:\/\/bassin-arcachon.com\/wp-content\/uploads\/2026\/01\/2015_HD_Viree-velo-Bassin_BIETTE-10-scaled-1-1536x1024.jpg",1536,1024,true],"2048x2048":["https:\/\/bassin-arcachon.com\/wp-content\/uploads\/2026\/01\/2015_HD_Viree-velo-Bassin_BIETTE-10-scaled-1-2048x1366.jpg",2048,1366,true],"trp-custom-language-flag":["https:\/\/bassin-arcachon.com\/wp-content\/uploads\/2026\/01\/2015_HD_Viree-velo-Bassin_BIETTE-10-scaled-1-18x12.jpg",18,12,true]},"uagb_author_info":{"display_name":"Marie Clauzel","author_link":"https:\/\/bassin-arcachon.com\/it\/author\/mariesiba\/"},"uagb_comment_info":0,"uagb_excerpt":"Sur cette page, retrouvez toutes les informations utiles et pratiques pour r\u00e9aliser vos d\u00e9placements \u00e0 v\u00e9lo dans les meilleures conditions. 1) Les pompes de gonflage en libre-service Sur le Sud-Bassin [&hellip;]","_links":{"self":[{"href":"https:\/\/bassin-arcachon.com\/it\/wp-json\/wp\/v2\/pages\/98630","targetHints":{"allow":["GET"]}}],"collection":[{"href":"https:\/\/bassin-arcachon.com\/it\/wp-json\/wp\/v2\/pages"}],"about":[{"href":"https:\/\/bassin-arcachon.com\/it\/wp-json\/wp\/v2\/types\/page"}],"author":[{"embeddable":true,"href":"https:\/\/bassin-arcachon.com\/it\/wp-json\/wp\/v2\/users\/25"}],"replies":[{"embeddable":true,"href":"https:\/\/bassin-arcachon.com\/it\/wp-json\/wp\/v2\/comments?post=98630"}],"version-history":[{"count":35,"href":"https:\/\/bassin-arcachon.com\/it\/wp-json\/wp\/v2\/pages\/98630\/revisions"}],"predecessor-version":[{"id":244851,"href":"https:\/\/bassin-arcachon.com\/it\/wp-json\/wp\/v2\/pages\/98630\/revisions\/244851"}],"wp:featuredmedia":[{"embeddable":true,"href":"https:\/\/bassin-arcachon.com\/it\/wp-json\/wp\/v2\/media\/223651"}],"wp:attachment":[{"href":"https:\/\/bassin-arcachon.com\/it\/wp-json\/wp\/v2\/media?parent=98630"}],"curies":[{"name":"wp","href":"https:\/\/api.w.org\/{rel}","templated":true}]}}