{"id":117,"date":"2017-02-07T16:17:11","date_gmt":"2017-02-07T15:17:11","guid":{"rendered":"https:\/\/bassin-arcachon.com\/\/?page_id=117"},"modified":"2024-12-13T10:53:49","modified_gmt":"2024-12-13T09:53:49","slug":"%d0%b3%d1%83%d0%b4%d0%b6%d0%b0%d0%bd-%d0%bc%d0%b5%d1%81%d1%82%d1%80%d1%8b","status":"publish","type":"page","link":"https:\/\/bassin-arcachon.com\/ru\/nos-villes-et-villages\/gujan-mestras\/","title":{"rendered":"\u0413\u0443\u0436\u0430\u043d-\u041c\u0435\u0441\u0442\u0440\u0430\u0441"},"content":{"rendered":"<div class=\"wp-block-uagb-container uagb-block-aab26be1 alignfull uagb-is-root-container\"><div class=\"uagb-container-inner-blocks-wrap\">\n<div class=\"wp-block-uagb-container uagb-block-3cf758f3\">\n<div class=\"wp-block-uagb-image uagb-block-e679998f wp-block-uagb-image--layout-default wp-block-uagb-image--effect-static wp-block-uagb-image--align-none\"><figure class=\"wp-block-uagb-image__figure\"><img decoding=\"async\" srcset=\"https:\/\/bassin-arcachon.com\/wp-content\/uploads\/2017\/02\/mini-map-gujan.jpg \" sizes=\"auto, (max-width: 480px) 150px\" src=\"https:\/\/bassin-arcachon.com\/wp-content\/uploads\/2017\/02\/mini-map-gujan.jpg\" alt=\"\u041a\u0430\u0440\u0442\u0430 \u0413\u0443\u0434\u0436\u0430\u043d \u041c\u0435\u0441\u0442\u0440\u0430\u0441\" class=\"uag-image-1919\" width=\"278\" height=\"278\" title=\"- - Bassin d&#039;Arcachon\" loading=\"lazy\" role=\"img\"><\/figure><\/div>\n\n\n\n<h2 class=\"wp-block-heading\">\u0413\u0443\u0436\u0430\u043d-\u041c\u0435\u0441\u0442\u0440\u0430\u0441, \u0433\u043e\u0440\u043e\u0434 \u0441 7 \u043f\u043e\u0440\u0442\u0430\u043c\u0438<\/h2>\n\n\n\n<p>\u042d\u0442\u043e \u043d\u0435 \u043c\u0435\u043d\u0435\u0435 7 \u0443\u0441\u0442\u0440\u0438\u0447\u043d\u044b\u0445 \u043f\u043e\u0440\u0442\u043e\u0432, \u043a\u043e\u0442\u043e\u0440\u044b\u0435 \u0441\u043b\u0435\u0434\u0443\u044e\u0442 \u043e\u0434\u0438\u043d \u0437\u0430 \u0434\u0440\u0443\u0433\u0438\u043c \u0432&nbsp;<strong>\u0413\u0443\u0436\u0430\u043d-\u041c\u0435\u0441\u0442\u0440\u0430\u0441<\/strong>. \u0417\u0434\u0435\u0441\u044c \u0432\u044b \u0441\u043c\u043e\u0436\u0435\u0442\u0435 \u043f\u043e\u043d\u0430\u0431\u043b\u044e\u0434\u0430\u0442\u044c \u0437\u0430 \u043f\u043e\u0432\u0441\u0435\u0434\u043d\u0435\u0432\u043d\u043e\u0439 \u0440\u0430\u0431\u043e\u0442\u043e\u0439 \u0443\u0441\u0442\u0440\u0438\u0447\u043d\u044b\u0445 \u0444\u0435\u0440\u043c\u0435\u0440\u043e\u0432, \u043f\u043e\u043b\u0443\u0447\u0438\u0442\u044c \u0432\u043e\u0437\u043c\u043e\u0436\u043d\u043e\u0441\u0442\u044c \u0443\u0437\u043d\u0430\u0442\u044c \u0431\u043e\u043b\u044c\u0448\u0435 \u043e\u0431 \u044d\u0442\u043e\u0439 \u0443\u0432\u043b\u0435\u043a\u0430\u0442\u0435\u043b\u044c\u043d\u043e\u0439 \u043f\u0440\u043e\u0444\u0435\u0441\u0441\u0438\u0438. \u0420\u0430\u0441\u0441\u043b\u0430\u0431\u044c\u0442\u0435\u0441\u044c \u0438 \u043f\u043e\u0447\u0443\u0432\u0441\u0442\u0432\u0443\u0439\u0442\u0435 \u0437\u0430\u043f\u0430\u0445 \u0443\u0441\u0442\u0440\u0438\u0446, \u0432\u044b \u043f\u0440\u0438\u0431\u044b\u043b\u0438!<br>\u0415\u0441\u043b\u0438 \u0432\u044b \u0438\u0449\u0435\u0442\u0435 \u0430\u0440\u0435\u043d\u0434\u0443 \u043d\u0430 \u0432\u0440\u0435\u043c\u044f \u043e\u0442\u043f\u0443\u0441\u043a\u0430 \u0432 \u0413\u0443\u0436\u0430\u043d-\u041c\u0435\u0441\u0442\u0440\u0430\u0441\u0435, <a href=\"https:\/\/bassin-arcachon.com\/ru\/%d0%b8%d0%bb%d0%b8-%d1%81%d0%bf%d0%b0%d1%82%d1%8c\/%d0%b0%d1%80%d0%b5%d0%bd%d0%b4%d0%b0\/%d0%bd%d0%b0%d1%88%d0%b0-%d0%be%d1%82%d0%bf%d1%83%d1%81%d0%ba%d0%bd%d0%b0%d1%8f-%d0%b0%d1%80%d0%b5%d0%bd%d0%b4%d0%b0-%d0%b2-%d0%b3%d1%83%d0%b4%d0%b6%d0%b0%d0%bd%d0%b5-%d0%bc%d0%b5%d1%81%d1%82%d1%80\/\">\u044d\u0442\u043e \u0432\u043e\u0442 \u0442\u0430\u043a <\/a>! <\/p>\n<\/div>\n\n\n\n<div class=\"wp-block-uagb-container uagb-block-56d49e3a\">\n<div class=\"wp-block-uagb-image uagb-block-207e986c wp-block-uagb-image--layout-default wp-block-uagb-image--effect-static wp-block-uagb-image--align-none\"><figure class=\"wp-block-uagb-image__figure\"><img decoding=\"async\" srcset=\"https:\/\/bassin-arcachon.com\/wp-content\/uploads\/2020\/07\/Sillonnez-03-GujanMestras.jpeg \" sizes=\"auto, (max-width: 480px) 150px\" src=\"https:\/\/bassin-arcachon.com\/wp-content\/uploads\/2020\/07\/Sillonnez-03-GujanMestras.jpeg\" alt=\"- - Bassin d&#039;Arcachon\" class=\"uag-image-51465\" width=\"1000\" height=\"666\" title=\"- - Bassin d&#039;Arcachon\" loading=\"lazy\" role=\"img\"><\/figure><\/div>\n<\/div>\n<\/div><\/div>\n\n\n\n<div style=\"height:40px\" aria-hidden=\"true\" class=\"wp-block-spacer\"><\/div>\n\n\n\n<div class=\"wp-block-uagb-container uagb-block-3ddc2cdc alignfull uagb-is-root-container\"><div class=\"uagb-container-inner-blocks-wrap\">\n<h2 class=\"wp-block-heading\">\u041f\u0440\u043e\u0433\u0443\u043b\u043a\u0430 \u0438\u0437 \u043f\u043e\u0440\u0442\u0430 \u0432 \u043f\u043e\u0440\u0442<\/h2>\n\n\n\n<p>\u0421 \u044d\u0442\u0438\u043c\u0438&nbsp;<strong>\u043a\u0440\u0430\u0441\u043e\u0447\u043d\u044b\u0435 \u0445\u0438\u0436\u0438\u043d\u044b<\/strong>, \u0435\u0433\u043e&nbsp;<strong>\u0443\u0441\u0442\u0440\u0438\u0447\u043d\u044b\u0435 \u0444\u0435\u0440\u043c\u0435\u0440\u044b<\/strong>&nbsp;\u0430 \u0442\u0430\u043a\u0436\u0435&nbsp;<a href=\"https:\/\/bassin-arcachon.com\/ru\/%d0%b8%d0%bb%d0%b8-%d0%b5%d1%81%d1%82%d1%8c\/cabanes-a-huitres\/\">\u0434\u0435\u0433\u0443\u0441\u0442\u0430\u0446\u0438\u044f \u0443\u0441\u0442\u0440\u0438\u0446<\/a>, \u0435\u0441\u0442\u044c \u043c\u043d\u043e\u0433\u043e \u0432\u043e\u0437\u043c\u043e\u0436\u043d\u043e\u0441\u0442\u0435\u0439 \u043e\u0441\u0442\u0430\u043d\u043e\u0432\u0438\u0442\u044c\u0441\u044f \u0432 \u0413\u044e\u0436\u0430\u043d-\u041c\u0435\u0441\u0442\u0440\u0430\u0441. \u041a\u0430\u0436\u0434\u044b\u0439 \u043f\u043e\u0440\u0442 \u0438\u043c\u0435\u0435\u0442 \u0441\u0432\u043e\u044e \u0430\u0443\u0442\u0435\u043d\u0442\u0438\u0447\u043d\u043e\u0441\u0442\u044c \u0438 \u043c\u0435\u043d\u044f\u0435\u0442\u0441\u044f \u0432 \u0437\u0430\u0432\u0438\u0441\u0438\u043c\u043e\u0441\u0442\u0438 \u043e\u0442 \u0440\u0438\u0442\u043c\u0430 \u043f\u0440\u0438\u043b\u0438\u0432\u043e\u0432 \u0438 \u043e\u0442\u043b\u0438\u0432\u043e\u0432. \u041d\u0430 \u044d\u0441\u043f\u043b\u0430\u043d\u0430\u0434\u0435 \u0443\u0441\u0442\u0440\u0438\u0447\u043d\u044b\u0445 \u0444\u0435\u0440\u043c\u0435\u0440\u043e\u0432 \u0432&nbsp;<a href=\"https:\/\/bassin-arcachon.com\/ru\/%d0%be%d1%82%d0%ba%d1%80%d1%8b%d1%82%d0%b8%d0%b5-%d0%b2-%d0%bf%d0%be%d1%80%d1%82-%d0%b4%d0%b5-%d0%bb%d0%b0%d1%80%d1%80%d0%be%d1%81\/\">\u041f\u043e\u0440\u0442 \u041b\u0430\u0440\u0440\u043e\u0441<\/a>, \u0441\u0434\u0435\u043b\u0430\u0439\u0442\u0435 \u043f\u0435\u0440\u0435\u0440\u044b\u0432, \u0447\u0442\u043e\u0431\u044b \u0432\u0441\u0442\u0440\u0435\u0442\u0438\u0442\u044c\u0441\u044f \u0441 \u0444\u0435\u0440\u043c\u0435\u0440\u0430\u043c\u0438, \u0432\u044b\u0440\u0430\u0449\u0438\u0432\u0430\u044e\u0449\u0438\u043c\u0438 \u0443\u0441\u0442\u0440\u0438\u0446, \u0438 \u043f\u043e\u043f\u0440\u043e\u0431\u043e\u0432\u0430\u0442\u044c \u0443\u0441\u0442\u0440\u0438\u0446\u044b \u0441 \u043a\u0440\u0435\u0432\u0435\u0442\u043a\u0430\u043c\u0438 \u0438 \u043f\u0430\u0448\u0442\u0435\u0442\u043e\u043c! \u0410 \u0447\u0442\u043e\u0431\u044b \u043f\u043e\u043b\u043d\u043e\u0441\u0442\u044c\u044e \u043f\u043e\u043d\u044f\u0442\u044c \u0438\u0441\u0442\u043e\u0440\u0438\u044e \u0443\u0441\u0442\u0440\u0438\u0446\u044b, \u0432\u043e\u0441\u043f\u043e\u043b\u044c\u0437\u0443\u0439\u0442\u0435\u0441\u044c \u044d\u0442\u043e\u0439 \u043f\u0440\u043e\u0433\u0443\u043b\u043a\u043e\u0439, \u0447\u0442\u043e\u0431\u044b \u043f\u043e\u0441\u0435\u0442\u0438\u0442\u044c&nbsp;<a href=\"http:\/\/www.maison-huitre.fr\/\" target=\"_blank\" rel=\"noopener\">\u0423\u0441\u0442\u0440\u0438\u0447\u043d\u044b\u0439 \u0434\u043e\u043c<\/a>.<\/p>\n<\/div><\/div>\n\n\n<div class=\"wp-block-image\">\n<figure class=\"aligncenter size-large is-resized\"><img loading=\"lazy\" decoding=\"async\" width=\"1024\" height=\"683\" src=\"https:\/\/bassin-arcachon.com\/wp-content\/uploads\/2023\/02\/20191203_HD_Hiver_Pole-de-Larros_Gujan_CASSIAU-11-1-scaled-1024x683.jpg\" alt=\"- - Bassin d&#039;Arcachon\" class=\"wp-image-55080\" style=\"aspect-ratio:16\/9;object-fit:cover;width:1200px\" title=\"- - Bassin d&#039;Arcachon\" srcset=\"https:\/\/bassin-arcachon.com\/wp-content\/uploads\/2023\/02\/20191203_HD_Hiver_Pole-de-Larros_Gujan_CASSIAU-11-1-scaled-1024x683.jpg 1024w, https:\/\/bassin-arcachon.com\/wp-content\/uploads\/2023\/02\/20191203_HD_Hiver_Pole-de-Larros_Gujan_CASSIAU-11-1-scaled-600x400.jpg 600w, https:\/\/bassin-arcachon.com\/wp-content\/uploads\/2023\/02\/20191203_HD_Hiver_Pole-de-Larros_Gujan_CASSIAU-11-1-scaled-768x512.jpg 768w, https:\/\/bassin-arcachon.com\/wp-content\/uploads\/2023\/02\/20191203_HD_Hiver_Pole-de-Larros_Gujan_CASSIAU-11-1-scaled-1536x1024.jpg 1536w, https:\/\/bassin-arcachon.com\/wp-content\/uploads\/2023\/02\/20191203_HD_Hiver_Pole-de-Larros_Gujan_CASSIAU-11-1-scaled-2048x1366.jpg 2048w, https:\/\/bassin-arcachon.com\/wp-content\/uploads\/2023\/02\/20191203_HD_Hiver_Pole-de-Larros_Gujan_CASSIAU-11-1-scaled-18x12.jpg 18w\" sizes=\"auto, (max-width: 1024px) 100vw, 1024px\" \/><\/figure>\n<\/div>\n\n\n<div style=\"height:40px\" aria-hidden=\"true\" class=\"wp-block-spacer\"><\/div>\n\n\n\n<div class=\"wp-block-uagb-container uagb-block-2702df83 alignfull uagb-is-root-container\"><div class=\"uagb-container-inner-blocks-wrap\">\n<h2 class=\"wp-block-heading\">\u041f\u0440\u0438\u0431\u0440\u0435\u0436\u043d\u0430\u044f \u0442\u0440\u043e\u043f\u0430 \u0413\u0443\u0436\u0430\u043d-\u041c\u0435\u0441\u0442\u0440\u0430\u0441, \u043f\u0435\u0448\u043a\u043e\u043c \u0438\u043b\u0438 \u043d\u0430 \u0432\u0435\u043b\u043e\u0441\u0438\u043f\u0435\u0434\u0435.<\/h2>\n\n\n\n<p>\u042d\u0442\u043e\u0442&nbsp;<strong>7-\u043a\u0438\u043b\u043e\u043c\u0435\u0442\u0440\u043e\u0432\u044b\u0439 \u043c\u0430\u0440\u0448\u0440\u0443\u0442 \u0441\u043e\u0435\u0434\u0438\u043d\u044f\u0435\u0442 7 \u043f\u043e\u0440\u0442\u043e\u0432 \u0413\u044e\u0436\u0430\u043d-\u041c\u0435\u0441\u0442\u0440\u0430\u0441.<\/strong>&nbsp;\u0438 \u043f\u0435\u0440\u0435\u0441\u0435\u043a\u0430\u0435\u0442 \u0441\u043e\u0445\u0440\u0430\u043d\u0438\u0432\u0448\u0438\u0435\u0441\u044f \u043b\u0430\u043d\u0434\u0448\u0430\u0444\u0442\u044b \u043c\u0435\u0436\u0434\u0443 Bassin \u0438 \u0441\u043e\u043b\u043e\u043d\u0447\u0430\u043a\u0430\u043c\u0438. \u041f\u0435\u0448\u043a\u043e\u043c \u0438\u043b\u0438 \u043d\u0430 \u0432\u0435\u043b\u043e\u0441\u0438\u043f\u0435\u0434\u0435 \u043f\u0440\u043e\u0439\u0434\u0438\u0442\u0435 \u043f\u043e \u043f\u0440\u0438\u0431\u0440\u0435\u0436\u043d\u043e\u0439 \u0442\u0440\u043e\u043f\u0435, \u0447\u0442\u043e\u0431\u044b \u0432\u043e\u0441\u0441\u043e\u0435\u0434\u0438\u043d\u0438\u0442\u044c\u0441\u044f \u0441 \u043f\u0440\u0438\u0440\u043e\u0434\u043e\u0439. \u0412\u043e \u0432\u0440\u0435\u043c\u044f \u043e\u0442\u043b\u0438\u0432\u0430 \u043c\u0435\u0441\u0442\u0430\u043c\u0438 \u043a\u0430\u0436\u0435\u0442\u0441\u044f, \u0447\u0442\u043e \u0432\u044b \u043d\u0430\u0445\u043e\u0434\u0438\u0442\u0435\u0441\u044c \u043f\u043e\u0441\u0440\u0435\u0434\u0438 \u0441\u0430\u0432\u0430\u043d\u043d\u044b, \u0430 \u0432\u043e \u0432\u0440\u0435\u043c\u044f \u043f\u0440\u0438\u043b\u0438\u0432\u0430 \u0432\u044b \u043f\u0435\u0440\u0435\u0441\u0435\u043a\u0430\u0435\u0442\u0435 \u043f\u0435\u0448\u0435\u0445\u043e\u0434\u043d\u044b\u0435 \u043c\u043e\u0441\u0442\u044b \u043f\u0440\u044f\u043c\u043e \u043d\u0430\u0434 \u0432\u043e\u0434\u043e\u0439!<\/p>\n\n\n\n<p>\u0412\u043e\u0441\u043f\u043e\u043b\u044c\u0437\u0443\u0439\u0442\u0435\u0441\u044c \u0441\u0432\u043e\u0438\u043c \u0432\u0440\u0435\u043c\u0435\u043d\u0435\u043c \u0432 \u043f\u043e\u0440\u0442\u0430\u0445, \u0447\u0442\u043e\u0431\u044b \u043e\u0442\u043f\u0440\u0430\u0432\u0438\u0442\u044c\u0441\u044f \u0432\u00a0<strong>\u0432\u0441\u0442\u0440\u0435\u0447\u0430 \u0443\u0441\u0442\u0440\u0438\u0447\u043d\u044b\u0445 \u0444\u0435\u0440\u043c\u0435\u0440\u043e\u0432<\/strong>\u00a0\u0438\u043b\u0438 \u0443\u0441\u0442\u0440\u043e\u0439\u0442\u0435 \u0438\u043c\u043f\u0440\u043e\u0432\u0438\u0437\u0438\u0440\u043e\u0432\u0430\u043d\u043d\u044b\u0439 \u043f\u0438\u043a\u043d\u0438\u043a \u0432\u043e\u0437\u043b\u0435 \u0442\u0440\u043e\u043f\u044b!<\/p>\n\n\n\n<div style=\"height:40px\" aria-hidden=\"true\" class=\"wp-block-spacer\"><\/div>\n<\/div><\/div>\n\n\n\n<div class=\"wp-block-uagb-container uagb-block-fa9f6d1e alignfull uagb-is-root-container\">\n<div class=\"wp-block-cover is-light has-parallax\"><span aria-hidden=\"true\" class=\"wp-block-cover__background has-background-dim-0 has-background-dim\"><\/span><div class=\"wp-block-cover__image-background wp-image-20636 has-parallax\" style=\"background-position:50% 50%;background-image:url(https:\/\/bassin-arcachon.com\/wp-content\/uploads\/2018\/04\/Sentier-littoral-Gujan.jpg)\"><\/div><div class=\"wp-block-cover__inner-container is-layout-flow wp-block-cover-is-layout-flow\">\n<h2 class=\"wp-block-heading has-text-align-center has-white-color has-text-color has-background has-large-font-size\" style=\"background-color:#000000b3\"><a href=\"https:\/\/www.gironde-tourisme.fr\/patrimoine-naturel\/le-sentier-du-littoral-de-gujan-mestras\/\" target=\"_blank\" rel=\"noopener\">\u041f\u0440\u043e\u0439\u0434\u0438\u0442\u0435 \u043f\u043e \u043f\u0440\u0438\u0431\u0440\u0435\u0436\u043d\u043e\u0439 \u0442\u0440\u043e\u043f\u0435 \u0440\u0430\u043d\u043e \u0443\u0442\u0440\u043e\u043c \u0438\u043b\u0438 \u0432 \u043a\u043e\u043d\u0446\u0435 \u0434\u043d\u044f.<\/a><\/h2>\n<\/div><\/div>\n<\/div>\n\n\n\n<div style=\"height:40px\" aria-hidden=\"true\" class=\"wp-block-spacer\"><\/div>\n\n\n\n<div class=\"wp-block-uagb-container uagb-block-7bbb98c5 alignfull uagb-is-root-container\"><div class=\"uagb-container-inner-blocks-wrap\">\n<div class=\"wp-block-uagb-container uagb-block-c027a36d\">\n<h2 class=\"wp-block-heading\">\u042d\u0440\u0430\u0442\u043e\u043f\u0438\u044f \u0434\u043b\u044f \u0441\u0435\u043c\u0435\u0439\u043d\u043e\u0433\u043e \u0434\u043d\u044f<\/h2>\n\n\n\n<p>\u0417\u0434\u0435\u0441\u044c \u0435\u0441\u0442\u044c&nbsp;<strong>\u0422\u0435\u043c\u0430\u0442\u0438\u0447\u0435\u0441\u043a\u0438\u0435 \u043f\u0430\u0440\u043a\u0438<\/strong>&nbsp;\u0434\u043b\u044f \u0432\u0441\u0435\u0445 \u0432\u043e\u0437\u0440\u0430\u0441\u0442\u043e\u0432 \u0438 \u043d\u0430 \u043b\u044e\u0431\u043e\u0439 \u0432\u043a\u0443\u0441: La Coccinelle, Kid Parc, Aqualand, Bassin Aventures, Max&#039; Golf, Laser Lander... \u041f\u043e\u043a\u0430 \u0434\u0435\u0442\u0438 \u0440\u0430\u0437\u0432\u043b\u0435\u043a\u0430\u044e\u0442\u0441\u044f \u043d\u0430 \u0433\u043e\u0440\u043a\u0430\u0445, \u0430\u043c\u0435\u0440\u0438\u043a\u0430\u043d\u0441\u043a\u0438\u0445 \u0433\u043e\u0440\u043a\u0430\u0445 \u0438\u043b\u0438 \u0434\u0430\u0436\u0435 \u043d\u0430 \u0442\u0440\u0430\u0441\u0441\u0435 \u043d\u0430 \u0434\u0435\u0440\u0435\u0432\u044c\u044f\u0445, \u0432\u0437\u0440\u043e\u0441\u043b\u044b\u0435 \u043c\u043e\u0433\u0443\u0442 \u043f\u043e\u043f\u0440\u043e\u0431\u043e\u0432\u0430\u0442\u044c \u0441\u0432\u043e\u0438 \u0441\u0438\u043b\u044b \u043d\u0430 \u043f\u043e\u043b\u0435 \u0434\u043b\u044f \u0433\u043e\u043b\u044c\u0444\u0430 \u0432&nbsp;<a href=\"https:\/\/bluegreen.fr\/\" target=\"_blank\" rel=\"noopener\">\u0411\u043b\u0443\u0433\u0440\u0438\u043d \u0438\u0437 \u0413\u044e\u0436\u0430\u043d-\u041c\u0435\u0441\u0442\u0440\u0430\u0441\u0430.<\/a><\/p>\n\n\n\n<p><strong>\u0412 \u0438\u044e\u043b\u0435-\u0430\u0432\u0433\u0443\u0441\u0442\u0435 \u0437\u0430\u043f\u043b\u0430\u043d\u0438\u0440\u0443\u0439\u0442\u0435 \u0434\u0435\u043d\u044c \u0432 \u043e\u0434\u043d\u043e\u043c \u0438\u0437 \u043a\u0440\u0443\u043f\u043d\u0435\u0439\u0448\u0438\u0445 \u0430\u043a\u0432\u0430\u043f\u0430\u0440\u043a\u043e\u0432 \u043d\u0430 \u0430\u0442\u043b\u0430\u043d\u0442\u0438\u0447\u0435\u0441\u043a\u043e\u043c \u043f\u043e\u0431\u0435\u0440\u0435\u0436\u044c\u0435: Aqualand!<\/strong><\/p>\n<\/div>\n\n\n\n<div class=\"wp-block-uagb-container uagb-block-4fb842d7\">\n<figure class=\"wp-block-embed is-type-video is-provider-vimeo wp-block-embed-vimeo wp-embed-aspect-16-9 wp-has-aspect-ratio\"><div class=\"wp-block-embed__wrapper\">\n<iframe loading=\"lazy\" title=\"\u041f\u0430\u0440\u043a\u0438 \u043e\u0442\u0434\u044b\u0445\u0430 1\u0422\u041f1\u0422 \u0432 30-\u0435 \u0433\u0433.\" src=\"https:\/\/player.vimeo.com\/video\/209048634?dnt=1&amp;app_id=122963\" width=\"500\" height=\"281\" frameborder=\"0\" allow=\"autoplay; fullscreen; picture-in-picture; clipboard-write\"><\/iframe>\n<\/div><\/figure>\n<\/div>\n<\/div><\/div>","protected":false},"excerpt":{"rendered":"<p>Gujan-Mestras, la ville aux 7 ports Ce n\u2019est pas moins de 7 ports ostr\u00e9icoles qui se succ\u00e8dent \u00e0&nbsp;Gujan-Mestras. Ici, vous pourrez observer le travail quotidien des ostr\u00e9iculteurs, l\u2019occasion d\u2019en apprendre [&hellip;]<\/p>\n","protected":false},"author":25,"featured_media":11174,"parent":29,"menu_order":3,"comment_status":"closed","ping_status":"closed","template":"","meta":{"_acf_changed":false,"_uag_custom_page_level_css":"","footnotes":""},"class_list":["post-117","page","type-page","status-publish","has-post-thumbnail","hentry"],"acf":[],"uagb_featured_image_src":{"full":["https:\/\/bassin-arcachon.com\/wp-content\/uploads\/2017\/02\/Sentier_littoral_Gujan_N6825.jpg",2048,1365,false],"thumbnail":["https:\/\/bassin-arcachon.com\/wp-content\/uploads\/2017\/02\/Sentier_littoral_Gujan_N6825-150x150.jpg",150,150,true],"medium":["https:\/\/bassin-arcachon.com\/wp-content\/uploads\/2017\/02\/Sentier_littoral_Gujan_N6825-600x400.jpg",600,400,true],"medium_large":["https:\/\/bassin-arcachon.com\/wp-content\/uploads\/2017\/02\/Sentier_littoral_Gujan_N6825-768x512.jpg",768,512,true],"large":["https:\/\/bassin-arcachon.com\/wp-content\/uploads\/2017\/02\/Sentier_littoral_Gujan_N6825-1024x683.jpg",1024,683,true],"1536x1536":["https:\/\/bassin-arcachon.com\/wp-content\/uploads\/2017\/02\/Sentier_littoral_Gujan_N6825-1536x1024.jpg",1536,1024,true],"2048x2048":["https:\/\/bassin-arcachon.com\/wp-content\/uploads\/2017\/02\/Sentier_littoral_Gujan_N6825.jpg",2048,1365,false],"trp-custom-language-flag":["https:\/\/bassin-arcachon.com\/wp-content\/uploads\/2017\/02\/Sentier_littoral_Gujan_N6825-18x12.jpg",18,12,true]},"uagb_author_info":{"display_name":"Marie Clauzel","author_link":"https:\/\/bassin-arcachon.com\/ru\/author\/mariesiba\/"},"uagb_comment_info":0,"uagb_excerpt":"Gujan-Mestras, la ville aux 7 ports Ce n\u2019est pas moins de 7 ports ostr\u00e9icoles qui se succ\u00e8dent \u00e0&nbsp;Gujan-Mestras. Ici, vous pourrez observer le travail quotidien des ostr\u00e9iculteurs, l\u2019occasion d\u2019en apprendre [&hellip;]","_links":{"self":[{"href":"https:\/\/bassin-arcachon.com\/ru\/wp-json\/wp\/v2\/pages\/117","targetHints":{"allow":["GET"]}}],"collection":[{"href":"https:\/\/bassin-arcachon.com\/ru\/wp-json\/wp\/v2\/pages"}],"about":[{"href":"https:\/\/bassin-arcachon.com\/ru\/wp-json\/wp\/v2\/types\/page"}],"author":[{"embeddable":true,"href":"https:\/\/bassin-arcachon.com\/ru\/wp-json\/wp\/v2\/users\/25"}],"replies":[{"embeddable":true,"href":"https:\/\/bassin-arcachon.com\/ru\/wp-json\/wp\/v2\/comments?post=117"}],"version-history":[{"count":1,"href":"https:\/\/bassin-arcachon.com\/ru\/wp-json\/wp\/v2\/pages\/117\/revisions"}],"predecessor-version":[{"id":118613,"href":"https:\/\/bassin-arcachon.com\/ru\/wp-json\/wp\/v2\/pages\/117\/revisions\/118613"}],"up":[{"embeddable":true,"href":"https:\/\/bassin-arcachon.com\/ru\/wp-json\/wp\/v2\/pages\/29"}],"wp:featuredmedia":[{"embeddable":true,"href":"https:\/\/bassin-arcachon.com\/ru\/wp-json\/wp\/v2\/media\/11174"}],"wp:attachment":[{"href":"https:\/\/bassin-arcachon.com\/ru\/wp-json\/wp\/v2\/media?parent=117"}],"curies":[{"name":"WP","href":"https:\/\/api.w.org\/{rel}","templated":true}]}}