{"id":120,"date":"2017-02-07T16:18:43","date_gmt":"2017-02-07T15:18:43","guid":{"rendered":"https:\/\/bassin-arcachon.com\/\/?page_id=120"},"modified":"2024-12-13T10:54:23","modified_gmt":"2024-12-13T09:54:23","slug":"%d0%bb%d0%b5-%d1%82%d0%b0%d0%b9%d1%85","status":"publish","type":"page","link":"https:\/\/bassin-arcachon.com\/ru\/nos-villes-et-villages\/le-teich\/","title":{"rendered":"Le Teich"},"content":{"rendered":"<div class=\"wp-block-uagb-container uagb-block-647b9371 alignfull uagb-is-root-container\"><div class=\"uagb-container-inner-blocks-wrap\">\n<div class=\"wp-block-uagb-container uagb-block-2f6ffa31\">\n<div class=\"wp-block-uagb-image uagb-block-7a5a156c wp-block-uagb-image--layout-default wp-block-uagb-image--effect-static wp-block-uagb-image--align-none\"><figure class=\"wp-block-uagb-image__figure\"><img decoding=\"async\" srcset=\"https:\/\/bassin-arcachon.com\/wp-content\/uploads\/2017\/02\/mini-map-le-teich.jpg \" sizes=\"auto, (max-width: 480px) 150px\" src=\"https:\/\/bassin-arcachon.com\/wp-content\/uploads\/2017\/02\/mini-map-le-teich.jpg\" alt=\"- - Bassin d&#039;Arcachon\" class=\"uag-image-1923\" width=\"278\" height=\"278\" title=\"- - Bassin d&#039;Arcachon\" loading=\"lazy\" role=\"img\"><\/figure><\/div>\n\n\n\n<h2 class=\"wp-block-heading\">\u041d\u0430\u0441\u0442\u043e\u044f\u0449\u0438\u0439 \u043e\u0442\u0434\u044b\u0445 \u043d\u0430 \u043f\u0440\u0438\u0440\u043e\u0434\u0435 \u0432 Le Teich<\/h2>\n\n\n\n<p>\u0412 \u0441\u043e\u0445\u0440\u0430\u043d\u0438\u0432\u0448\u0435\u0439\u0441\u044f \u0437\u0435\u043b\u0435\u043d\u0438 \u0438 \u0432\u0434\u0430\u043b\u0438 \u043e\u0442 \u0448\u0443\u043c\u0430 \u0438 \u0441\u0443\u0435\u0442\u044b,&nbsp;<strong>Le Teich<\/strong>&nbsp;\u043f\u0440\u0438\u0433\u043b\u0430\u0448\u0430\u0435\u0442 \u0432\u0430\u0441 \u043d\u0430 \u043f\u043e\u043b\u043d\u043e\u0435 \u043e\u0442\u043a\u043b\u044e\u0447\u0435\u043d\u0438\u0435! \u041b\u044e\u0431\u0438\u0442\u0435\u043b\u0438 \u0448\u0438\u0440\u043e\u043a\u0438\u0445 \u043f\u0440\u043e\u0441\u0442\u043e\u0440\u043e\u0432 \u043c\u043e\u0433\u0443\u0442 \u0442\u043e\u043b\u044c\u043a\u043e \u043e\u0446\u0435\u043d\u0438\u0442\u044c \u044d\u0442\u043e\u0442 \u043c\u043e\u043c\u0435\u043d\u0442. \u041e\u0442 \u043f\u043e\u043c\u0435\u0441\u0442\u044c\u044f \u0424\u043b\u0435\u0440\u0438 \u0434\u043e&nbsp;<strong>\u0414\u0435\u043b\u044c\u0442\u0430 \u041b\u0435\u0439\u0440\u0430<\/strong>, \u043f\u0440\u043e\u0445\u043e\u0434\u044f \u0447\u0435\u0440\u0435\u0437&nbsp;<strong>\u041e\u0440\u043d\u0438\u0442\u043e\u043b\u043e\u0433\u0438\u0447\u0435\u0441\u043a\u0438\u0439 \u0437\u0430\u043f\u043e\u0432\u0435\u0434\u043d\u0438\u043a<\/strong>, Le Teich \u0441\u0442\u0430\u043d\u0435\u0442 \u0432\u0430\u0448\u0438\u043c \u0440\u0430\u0439\u0441\u043a\u0438\u043c \u0443\u0433\u043e\u043b\u043a\u043e\u043c.<br>\u0415\u0441\u043b\u0438 \u0432\u044b \u0445\u043e\u0442\u0438\u0442\u0435 \u043d\u0430\u0439\u0442\u0438 \u0436\u0438\u043b\u044c\u0435 \u0434\u043b\u044f \u043f\u0440\u043e\u0436\u0438\u0432\u0430\u043d\u0438\u044f \u0442\u0430\u043c, \u043e\u0437\u043d\u0430\u043a\u043e\u043c\u044c\u0442\u0435\u0441\u044c \u0441 \u043d\u0430\u0448\u0438\u043c \u0432\u044b\u0431\u043e\u0440\u043e\u043c \u0436\u0438\u043b\u044c\u044f. <a href=\"https:\/\/bassin-arcachon.com\/ru\/%d0%b8%d0%bb%d0%b8-%d1%81%d0%bf%d0%b0%d1%82%d1%8c\/%d0%b0%d1%80%d0%b5%d0%bd%d0%b4%d0%b0\/%d0%bd%d0%b0%d1%88%d0%b0-%d0%be%d1%82%d0%bf%d1%83%d1%81%d0%ba%d0%bd%d0%b0%d1%8f-%d0%b0%d1%80%d0%b5%d0%bd%d0%b4%d0%b0-%d0%b2-teich\/\">\u0421\u044e\u0434\u0430<\/a> ! <\/p>\n<\/div>\n\n\n\n<div class=\"wp-block-uagb-container uagb-block-669331e1\">\n<div class=\"wp-block-uagb-image uagb-block-1ffb6ffb wp-block-uagb-image--layout-default wp-block-uagb-image--effect-static wp-block-uagb-image--align-none\"><figure class=\"wp-block-uagb-image__figure\"><img decoding=\"async\" srcset=\"https:\/\/bassin-arcachon.com\/wp-content\/uploads\/2017\/02\/reserve-ornithologique-le-teich-bassin-darcachon-1.jpg \" sizes=\"auto, (max-width: 480px) 150px\" src=\"https:\/\/bassin-arcachon.com\/wp-content\/uploads\/2017\/02\/reserve-ornithologique-le-teich-bassin-darcachon-1.jpg\" alt=\"- - Bassin d&#039;Arcachon\" class=\"uag-image-23571\" width=\"1000\" height=\"666\" title=\"- - Bassin d&#039;Arcachon\" loading=\"lazy\" role=\"img\"><\/figure><\/div>\n\n\n\n<p>\u0417\u0430\u0431\u0440\u043e\u043d\u0438\u0440\u0443\u0439\u0442\u0435 \u0441\u043b\u0435\u0434\u0443\u044e\u0449\u0438\u0439 \u0432\u0438\u0437\u0438\u0442 \u0441&nbsp;<a href=\"https:\/\/billetterie.leteich-ecotourisme.fr\/\" target=\"_blank\" rel=\"noreferrer noopener\">\u0411\u0438\u043b\u0435\u0442\u043d\u0430\u044f \u043a\u0430\u0441\u0441\u0430 \u0442\u0443\u0440\u0438\u0441\u0442\u0438\u0447\u0435\u0441\u043a\u043e\u0433\u043e \u043e\u0444\u0438\u0441\u0430 \u0422\u0435\u0439\u0445\u0430<\/a>.<\/p>\n<\/div>\n<\/div><\/div>\n\n\n\n<div style=\"height:40px\" aria-hidden=\"true\" class=\"wp-block-spacer\"><\/div>\n\n\n\n<div class=\"wp-block-uagb-container uagb-block-d05deecb alignfull uagb-is-root-container\"><div class=\"uagb-container-inner-blocks-wrap\">\n<h2 class=\"wp-block-heading\">\u041f\u043e\u043d\u0430\u0431\u043b\u044e\u0434\u0430\u0439\u0442\u0435 \u0437\u0430 \u043f\u0442\u0438\u0446\u0430\u043c\u0438 \u0432 \u043e\u0440\u043d\u0438\u0442\u043e\u043b\u043e\u0433\u0438\u0447\u0435\u0441\u043a\u043e\u043c \u0437\u0430\u043f\u043e\u0432\u0435\u0434\u043d\u0438\u043a\u0435.<\/h2>\n\n\n\n<p>\u0420\u0430\u0441\u043f\u043e\u043b\u043e\u0436\u0435\u043d\u043d\u044b\u0439 \u043d\u0430 \u043e\u0434\u043d\u043e\u043c \u0438\u0437 \u0432\u0430\u0436\u043d\u0435\u0439\u0448\u0438\u0445 \u043f\u0443\u0442\u0435\u0439 \u043c\u0438\u0433\u0440\u0430\u0446\u0438\u0438, \u0432\u044b \u043c\u043e\u0436\u0435\u0442\u0435&nbsp;<strong>\u043d\u0430\u0431\u043b\u044e\u0434\u0430\u0442\u044c \u0437\u0430 \u043f\u0442\u0438\u0446\u0430\u043c\u0438&nbsp;<\/strong>\u0432&nbsp;<a href=\"https:\/\/bassin-arcachon.com\/ru\/%d0%bd%d0%b0%d1%88%d0%b8-%d0%be%d1%81%d0%bd%d0%be%d0%b2%d1%8b\/%d0%be%d1%80%d0%bd%d0%b8%d1%82%d0%be%d0%bb%d0%be%d0%b3%d0%b8%d1%87%d0%b5%d1%81%d0%ba%d0%b8%d0%b9-%d0%b7%d0%b0%d0%bf%d0%be%d0%b2%d0%b5%d0%b4%d0%bd%d0%b8%d0%ba\/\">\u0422\u0435\u0439\u0445\u0441\u043a\u0438\u0439 \u043e\u0440\u043d\u0438\u0442\u043e\u043b\u043e\u0433\u0438\u0447\u0435\u0441\u043a\u0438\u0439 \u0437\u0430\u043f\u043e\u0432\u0435\u0434\u043d\u0438\u043a<\/a>&nbsp;! \u0412\u043e\u043e\u0440\u0443\u0436\u0438\u0442\u0435\u0441\u044c \u0445\u043e\u0440\u043e\u0448\u0435\u0439 \u043e\u0431\u0443\u0432\u044c\u044e, \u0431\u0438\u043d\u043e\u043a\u043b\u0435\u043c (\u0432\u043e\u0437\u043c\u043e\u0436\u0435\u043d \u043f\u0440\u043e\u043a\u0430\u0442 \u043d\u0430 \u0432\u0445\u043e\u0434\u0435) \u0438 \u043e\u0442\u043f\u0440\u0430\u0432\u043b\u044f\u0439\u0442\u0435\u0441\u044c \u043f\u0435\u0448\u043a\u043e\u043c \u043f\u043e \u043e\u0434\u043d\u043e\u0439 \u0438\u0437 \u0442\u0440\u043e\u043f. \u041f\u043e \u043f\u0443\u0442\u0438 \u043e\u0441\u0442\u0430\u043d\u043e\u0432\u0438\u0442\u0435\u0441\u044c \u0432 \u0441\u043c\u043e\u0442\u0440\u043e\u0432\u044b\u0445 \u0445\u0438\u0436\u0438\u043d\u0430\u0445, \u0447\u0442\u043e\u0431\u044b \u043f\u043e\u043d\u0430\u0431\u043b\u044e\u0434\u0430\u0442\u044c \u0437\u0430 \u043f\u0442\u0438\u0446\u0430\u043c\u0438 \u0432 \u0434\u0438\u043a\u043e\u0439 \u043f\u0440\u0438\u0440\u043e\u0434\u0435!<\/p>\n<\/div><\/div>\n\n\n\n<div style=\"height:40px\" aria-hidden=\"true\" class=\"wp-block-spacer\"><\/div>\n\n\n\n<div class=\"wp-block-uagb-container uagb-block-3e5d2e4e alignfull uagb-is-root-container\">\n<div class=\"wp-block-cover is-light has-parallax\"><span aria-hidden=\"true\" class=\"wp-block-cover__background has-background-dim-0 has-background-dim\"><\/span><div class=\"wp-block-cover__image-background wp-image-21280 has-parallax\" style=\"background-position:50% 50%;background-image:url(https:\/\/bassin-arcachon.com\/wp-content\/uploads\/2018\/05\/Le-Teich-1.jpg)\"><\/div><div class=\"wp-block-cover__inner-container is-layout-flow wp-block-cover-is-layout-flow\">\n<h2 class=\"wp-block-heading has-text-align-center has-white-color has-text-color has-background has-large-font-size\" style=\"background-color:#000000b3\">\u041b\u0435\u0442\u043e\u043c \u0432\u044b\u0431\u0435\u0440\u0438\u0442\u0435 \u044d\u043a\u0441\u043a\u0443\u0440\u0441\u0438\u044e \u0441 \u0433\u0438\u0434\u043e\u043c \u0432 \u0441\u0443\u043c\u0435\u0440\u043a\u0430\u0445, \u0432 \u0443\u0435\u0434\u0438\u043d\u0435\u043d\u0438\u0438 \u043f\u0442\u0438\u0446.<\/h2>\n<\/div><\/div>\n<\/div>\n\n\n\n<div style=\"height:40px\" aria-hidden=\"true\" class=\"wp-block-spacer\"><\/div>\n\n\n\n<div class=\"wp-block-uagb-container uagb-block-94a0e486 alignfull uagb-is-root-container\"><div class=\"uagb-container-inner-blocks-wrap\">\n<h2 class=\"wp-block-heading\">\u0411\u0443\u043a\u043e\u043b\u0438\u0447\u0435\u0441\u043a\u0438\u0439 \u043e\u0442\u0434\u044b\u0445 \u0432 Domaine de Fleury<\/h2>\n\n\n\n<p>\u041e\u0442\u043f\u0440\u0430\u0432\u043b\u044f\u0439\u0442\u0435\u0441\u044c \u0432 \u0441\u0430\u043c\u043e\u0435 \u0441\u0435\u0440\u0434\u0446\u0435 \u043b\u0435\u0441\u0438\u0441\u0442\u044b\u0445 \u0431\u043e\u043b\u043e\u0442 \u0438 \u0432\u043b\u0430\u0436\u043d\u044b\u0445 \u043b\u0443\u0433\u043e\u0432 \u043d\u0430 \u043f\u0440\u043e\u0433\u0443\u043b\u043a\u0443 \u043f\u043e&nbsp;<strong>\u0420\u0430\u0439\u043e\u043d \u0424\u043b\u0435\u0440\u0438.<\/strong>&nbsp;\u0427\u0442\u043e\u0431\u044b \u043f\u0440\u043e\u0439\u0442\u0438 3-\u043a\u0438\u043b\u043e\u043c\u0435\u0442\u0440\u043e\u0432\u044b\u0439 \u043c\u0430\u0440\u0448\u0440\u0443\u0442, \u043a\u043e\u0442\u043e\u0440\u044b\u0439 \u043f\u0440\u043e\u0445\u043e\u0434\u0438\u0442 \u043f\u043e \u0432\u0441\u0435\u0439 \u0442\u0435\u0440\u0440\u0438\u0442\u043e\u0440\u0438\u0438, \u0442\u0440\u0435\u0431\u0443\u0435\u0442\u0441\u044f \u043e\u043a\u043e\u043b\u043e 1 \u0447\u0430\u0441\u0430 \u0445\u043e\u0434\u044c\u0431\u044b. \u041f\u043e \u043f\u0443\u0442\u0438 \u0432\u044b \u043c\u043e\u0436\u0435\u0442\u0435 \u0432\u0441\u0442\u0440\u0435\u0442\u0438\u0442\u044c \u043c\u043d\u043e\u0436\u0435\u0441\u0442\u0432\u043e \u0432\u0438\u0434\u043e\u0432 \u043f\u0442\u0438\u0446, \u0442\u0430\u043a\u0438\u0445 \u043a\u0430\u043a \u0446\u0430\u043f\u043b\u0438, \u0430\u0438\u0441\u0442\u044b \u0438 \u043a\u043e\u043b\u043f\u0438\u0446\u044b, \u0430 \u0442\u0430\u043a\u0436\u0435 \u043d\u0435\u0441\u043a\u043e\u043b\u044c\u043a\u043e \u043f\u0430\u0441\u0443\u0449\u0438\u0445\u0441\u044f \u0431\u0435\u043b\u043e\u043a\u0443\u0440\u044b\u0445 \u0430\u043a\u0432\u0438\u0442\u0430\u043d\u0446\u0435\u0432.<\/p>\n\n\n\t\t\t\t\t<div\n\t\t\t\t\t\tclass=\"wp-block-uagb-image-gallery uagb-block-83e5b01d\"\n\t\t\t\t\t\tstyle=\"\"\n\t\t\t\t\t>\n\t\t\t\t\t\t\t\t\t\t\t<div class=\"spectra-image-gallery spectra-image-gallery__layout--grid spectra-image-gallery__layout--grid-col-2 spectra-image-gallery__layout--grid-col-tab-2 spectra-image-gallery__layout--grid-col-mob-2\">\n\t\t\t\t\t\t\t\t\t\t\t<div class='spectra-image-gallery__media-wrapper' data-spectra-gallery-image-id='23948' tabindex=\"0\">\n\t\t\t\t\t\t\t<div class=\"spectra-image-gallery__media spectra-image-gallery__media--grid\">\n\t\t\t\t<picture>\n\t\t\t\t\t<source media=\"(min-width: 1024px)\" srcset=\"https:\/\/bassin-arcachon.com\/wp-content\/uploads\/2018\/07\/Domaine-de-Fleury-Le-Teich-1024x683.jpg\">\n\t\t\t\t\t<source media=\"(min-width: 768px)\" srcset=\"https:\/\/bassin-arcachon.com\/wp-content\/uploads\/2018\/07\/Domaine-de-Fleury-Le-Teich-1024x683.jpg\">\n\t\t\t\t\t<img decoding=\"async\" class=\"spectra-image-gallery__media-thumbnail spectra-image-gallery__media-thumbnail--grid\" src=\"https:\/\/bassin-arcachon.com\/wp-content\/uploads\/2018\/07\/Domaine-de-Fleury-Le-Teich-300x200.jpg\" alt=\"- - Bassin d&#039;Arcachon\" loading=\"lazy\" title=\"- - Bassin d&#039;Arcachon\">\n\t\t\t\t<\/picture>\n\t\t\t\t<div class=\"spectra-image-gallery__media-thumbnail-blurrer\"><\/div>\n\t\t\t\t\t\t\t\t\t\t\t<div class=\"spectra-image-gallery__media-thumbnail-caption-wrapper spectra-image-gallery__media-thumbnail-caption-wrapper--overlay\"><\/div>\n\t\t\t\t\t\t\t\t<\/div>\n\t\t\t\t\t\t<\/div>\n\t\t\t\t\t\t<div class='spectra-image-gallery__media-wrapper' data-spectra-gallery-image-id='19968' tabindex=\"0\">\n\t\t\t\t\t\t\t<div class=\"spectra-image-gallery__media spectra-image-gallery__media--grid\">\n\t\t\t\t<picture>\n\t\t\t\t\t<source media=\"(min-width: 1024px)\" srcset=\"https:\/\/bassin-arcachon.com\/wp-content\/uploads\/2018\/04\/le-teich-e1546599776901.jpg\">\n\t\t\t\t\t<source media=\"(min-width: 768px)\" srcset=\"https:\/\/bassin-arcachon.com\/wp-content\/uploads\/2018\/04\/le-teich-e1546599776901.jpg\">\n\t\t\t\t\t<img decoding=\"async\" class=\"spectra-image-gallery__media-thumbnail spectra-image-gallery__media-thumbnail--grid\" src=\"https:\/\/bassin-arcachon.com\/wp-content\/uploads\/2018\/04\/le-teich-e1546599776901-300x200.jpg\" alt=\"\u042d\u043a\u0441\u043a\u0443\u0440\u0441\u0438\u044f \u043f\u043e \u0433\u043e\u0440\u043e\u0434\u0443 \u0422\u0430\u0439\u0445 \u043f\u043e \u0430\u0434\u0440\u0435\u0441\u0443 Bassin d&#039;Arcachon\" loading=\"lazy\" title=\"- - Bassin d&#039;Arcachon\">\n\t\t\t\t<\/picture>\n\t\t\t\t<div class=\"spectra-image-gallery__media-thumbnail-blurrer\"><\/div>\n\t\t\t\t\t\t\t\t\t\t\t<div class=\"spectra-image-gallery__media-thumbnail-caption-wrapper spectra-image-gallery__media-thumbnail-caption-wrapper--overlay\"><\/div>\n\t\t\t\t\t\t\t\t<\/div>\n\t\t\t\t\t\t<\/div>\n\t\t\t\t\t\t\t\t\t\t<\/div>\n\t\t\t\t\t\t\t\t\t\t\t\t\t\t\t\t\t\t<\/div>\n\t\t\t\t\t\t\t\t\t<\/div><\/div>\n\n\n\n<div style=\"height:40px\" aria-hidden=\"true\" class=\"wp-block-spacer\"><\/div>\n\n\n\n<div class=\"wp-block-uagb-container uagb-block-f461adfa alignfull uagb-is-root-container\"><div class=\"uagb-container-inner-blocks-wrap\">\n<figure class=\"wp-block-pullquote\" style=\"border-radius:0px;border-top-style:none;border-top-width:0px;border-right-style:none;border-right-width:0px;border-bottom-style:none;border-bottom-width:0px;border-left-width:2px\"><blockquote><p>\u041e\u0442\u043a\u0440\u043e\u0439\u0442\u0435 \u0433\u043b\u0430\u0437\u0430, \u0432\u043e\u0437\u043c\u043e\u0436\u043d\u043e, \u0432\u0430\u043c \u043f\u043e\u0432\u0435\u0437\u0435\u0442 \u0443\u0432\u0438\u0434\u0435\u0442\u044c \u043f\u0440\u0443\u0434\u043e\u0432\u0443\u044e \u0447\u0435\u0440\u0435\u043f\u0430\u0445\u0443.<\/p><\/blockquote><\/figure>\n<\/div><\/div>\n\n\n\n<div style=\"height:20px\" aria-hidden=\"true\" class=\"wp-block-spacer\"><\/div>\n\n\n\n<div class=\"wp-block-uagb-container uagb-block-14623528 alignfull uagb-is-root-container\"><div class=\"uagb-container-inner-blocks-wrap\">\n<div class=\"wp-block-uagb-container uagb-block-d7c1de90\">\n<div class=\"wp-block-uagb-image uagb-block-a50f5eb3 wp-block-uagb-image--layout-default wp-block-uagb-image--effect-static wp-block-uagb-image--align-none\"><figure class=\"wp-block-uagb-image__figure\"><img decoding=\"async\" srcset=\"https:\/\/bassin-arcachon.com\/wp-content\/uploads\/2017\/04\/faire-du-canoe-sur-la-leyre-1024x683.jpg \" sizes=\"auto, (max-width: 480px) 150px\" src=\"https:\/\/bassin-arcachon.com\/wp-content\/uploads\/2017\/04\/faire-du-canoe-sur-la-leyre-1024x683.jpg\" alt=\"\u0433\u0440\u0435\u0431\u043b\u044f \u043d\u0430 \u043a\u0430\u043d\u043e\u044d\" class=\"uag-image-24474\" width=\"1024\" height=\"683\" title=\"- - Bassin d&#039;Arcachon\" loading=\"lazy\" role=\"img\"><\/figure><\/div>\n<\/div>\n\n\n\n<div class=\"wp-block-uagb-container uagb-block-3f3a28e0\">\n<h2 class=\"wp-block-heading\">\u0412\u0434\u043e\u043b\u044c \u0432\u043e\u0434\u044b \u0432\u0434\u043e\u043b\u044c \u0434\u0435\u043b\u044c\u0442\u044b \u041b\u0435\u0439\u0440\u0430<\/h2>\n\n\n\n<p>\u041f\u0435\u0448\u043a\u043e\u043c, \u043d\u0430 \u0432\u0435\u043b\u043e\u0441\u0438\u043f\u0435\u0434\u0435 \u0438\u043b\u0438 \u043f\u043e \u0432\u043e\u0434\u0435 \u043f\u0440\u0438\u0445\u043e\u0434\u0438\u0442\u0435\u00a0<strong>\u041b\u0435\u0439\u0440\u0430<\/strong>, \u0442\u0430\u043a\u0436\u0435 \u043d\u0430\u0437\u044b\u0432\u0430\u0435\u043c\u0430\u044f \u00ab\u043c\u0430\u043b\u0435\u043d\u044c\u043a\u043e\u0439 \u0430\u043c\u0430\u0437\u043e\u043d\u043a\u043e\u0439\u00bb\u00a0<strong>Bassin \u0438\u0437 \u0410\u0440\u043a\u0430\u0448\u043e\u043d\u0430<\/strong>. \u0427\u0442\u043e\u0431\u044b \u0438\u0441\u0441\u043b\u0435\u0434\u043e\u0432\u0430\u0442\u044c \u0434\u0438\u043a\u0443\u044e \u0441\u0442\u043e\u0440\u043e\u043d\u0443 \u0434\u0435\u043b\u044c\u0442\u044b, \u043d\u0435 \u0441\u0442\u0435\u0441\u043d\u044f\u0439\u0442\u0435\u0441\u044c \u0430\u0440\u0435\u043d\u0434\u043e\u0432\u0430\u0442\u044c \u043b\u043e\u0434\u043a\u0443 \u0431\u0435\u0437 \u043b\u0438\u0446\u0435\u043d\u0437\u0438\u0438, \u043a\u0430\u043d\u043e\u044d \u0438\u043b\u0438 \u0432\u0435\u0441\u043b\u043e \u0432 \u043f\u043e\u0440\u0442\u0443 \u0422\u0435\u0439\u0445\u0430. \u0412\u0434\u0430\u043b\u0438 \u043e\u0442 \u0433\u043e\u0440\u043e\u0434\u0441\u043a\u043e\u0439 \u0441\u0443\u0435\u0442\u044b \u0432\u044b \u043e\u0431\u044f\u0437\u0430\u0442\u0435\u043b\u044c\u043d\u043e \u043e\u0431\u0440\u0435\u0442\u0435\u0442\u0435 \u043e\u0449\u0443\u0449\u0435\u043d\u0438\u0435 \u0441\u0432\u043e\u0431\u043e\u0434\u044b!<\/p>\n<\/div>\n<\/div><\/div>\n\n\n\n<div style=\"height:40px\" aria-hidden=\"true\" class=\"wp-block-spacer\"><\/div>\n\n\n\n<div class=\"wp-block-uagb-container uagb-block-f602a397 alignfull uagb-is-root-container\">\n<div class=\"wp-block-cover is-light has-parallax\"><span aria-hidden=\"true\" class=\"wp-block-cover__background has-background-dim-0 has-background-dim\"><\/span><div class=\"wp-block-cover__image-background wp-image-23949 has-parallax\" style=\"background-position:50% 50%;background-image:url(https:\/\/bassin-arcachon.com\/wp-content\/uploads\/2018\/07\/Le-Teich-Bassin-Arcachon.jpg)\"><\/div><div class=\"wp-block-cover__inner-container is-layout-flow wp-block-cover-is-layout-flow\">\n<h2 class=\"wp-block-heading has-text-align-center has-white-color has-text-color has-background has-large-font-size\" style=\"background-color:#000000b3\">\u041d\u0435\u0431\u043e\u043b\u044c\u0448\u0438\u0435 \u0440\u0443\u0447\u044c\u0438 \u0432\u0434\u043e\u043b\u044c \u0440\u0435\u043a\u0438 \u043f\u0440\u0438\u0433\u043b\u0430\u0448\u0430\u044e\u0442 \u0432\u0430\u0441 \u043d\u0430 \u043f\u0438\u043a\u043d\u0438\u043a!<\/h2>\n<\/div><\/div>\n<\/div>\n\n\n\n<div style=\"height:20px\" aria-hidden=\"true\" class=\"wp-block-spacer\"><\/div>","protected":false},"excerpt":{"rendered":"<p>Les vraies vacances c\u00f4t\u00e9 nature au Teich Dans un \u00e9crin de verdure pr\u00e9serv\u00e9 et loin de l\u2019effervescence,&nbsp;Le Teich&nbsp;vous invite \u00e0 une d\u00e9connexion totale ! Les amoureux de grands espaces ne [&hellip;]<\/p>\n","protected":false},"author":25,"featured_media":1133,"parent":29,"menu_order":4,"comment_status":"closed","ping_status":"closed","template":"","meta":{"_acf_changed":false,"_uag_custom_page_level_css":"","footnotes":""},"class_list":["post-120","page","type-page","status-publish","has-post-thumbnail","hentry"],"acf":[],"uagb_featured_image_src":{"full":["https:\/\/bassin-arcachon.com\/wp-content\/uploads\/2017\/02\/le-teich_vue.jpg",1200,800,false],"thumbnail":["https:\/\/bassin-arcachon.com\/wp-content\/uploads\/2017\/02\/le-teich_vue-150x150.jpg",150,150,true],"medium":["https:\/\/bassin-arcachon.com\/wp-content\/uploads\/2017\/02\/le-teich_vue-600x400.jpg",600,400,true],"medium_large":["https:\/\/bassin-arcachon.com\/wp-content\/uploads\/2017\/02\/le-teich_vue-768x512.jpg",768,512,true],"large":["https:\/\/bassin-arcachon.com\/wp-content\/uploads\/2017\/02\/le-teich_vue-1024x683.jpg",1024,683,true],"1536x1536":["https:\/\/bassin-arcachon.com\/wp-content\/uploads\/2017\/02\/le-teich_vue.jpg",1200,800,false],"2048x2048":["https:\/\/bassin-arcachon.com\/wp-content\/uploads\/2017\/02\/le-teich_vue.jpg",1200,800,false],"trp-custom-language-flag":["https:\/\/bassin-arcachon.com\/wp-content\/uploads\/2017\/02\/le-teich_vue-18x12.jpg",18,12,true]},"uagb_author_info":{"display_name":"Marie Clauzel","author_link":"https:\/\/bassin-arcachon.com\/ru\/author\/mariesiba\/"},"uagb_comment_info":0,"uagb_excerpt":"Les vraies vacances c\u00f4t\u00e9 nature au Teich Dans un \u00e9crin de verdure pr\u00e9serv\u00e9 et loin de l\u2019effervescence,&nbsp;Le Teich&nbsp;vous invite \u00e0 une d\u00e9connexion totale ! Les amoureux de grands espaces ne [&hellip;]","_links":{"self":[{"href":"https:\/\/bassin-arcachon.com\/ru\/wp-json\/wp\/v2\/pages\/120","targetHints":{"allow":["GET"]}}],"collection":[{"href":"https:\/\/bassin-arcachon.com\/ru\/wp-json\/wp\/v2\/pages"}],"about":[{"href":"https:\/\/bassin-arcachon.com\/ru\/wp-json\/wp\/v2\/types\/page"}],"author":[{"embeddable":true,"href":"https:\/\/bassin-arcachon.com\/ru\/wp-json\/wp\/v2\/users\/25"}],"replies":[{"embeddable":true,"href":"https:\/\/bassin-arcachon.com\/ru\/wp-json\/wp\/v2\/comments?post=120"}],"version-history":[{"count":2,"href":"https:\/\/bassin-arcachon.com\/ru\/wp-json\/wp\/v2\/pages\/120\/revisions"}],"predecessor-version":[{"id":121812,"href":"https:\/\/bassin-arcachon.com\/ru\/wp-json\/wp\/v2\/pages\/120\/revisions\/121812"}],"up":[{"embeddable":true,"href":"https:\/\/bassin-arcachon.com\/ru\/wp-json\/wp\/v2\/pages\/29"}],"wp:featuredmedia":[{"embeddable":true,"href":"https:\/\/bassin-arcachon.com\/ru\/wp-json\/wp\/v2\/media\/1133"}],"wp:attachment":[{"href":"https:\/\/bassin-arcachon.com\/ru\/wp-json\/wp\/v2\/media?parent=120"}],"curies":[{"name":"WP","href":"https:\/\/api.w.org\/{rel}","templated":true}]}}