{"id":131,"date":"2017-02-08T09:54:55","date_gmt":"2017-02-08T08:54:55","guid":{"rendered":"https:\/\/bassin-arcachon.com\/\/?page_id=131"},"modified":"2024-05-13T12:31:03","modified_gmt":"2024-05-13T10:31:03","slug":"%d0%bc%d0%b0%d1%8f%d0%ba-%d0%b8-%d0%bf%d1%83%d0%b0%d0%bd%d1%82-%d0%b4%d1%8e-%d0%ba%d0%b0%d0%bf-%d1%85%d0%be%d1%80%d0%b5%d0%ba","status":"publish","type":"page","link":"https:\/\/bassin-arcachon.com\/ru\/nos-incontournables\/le-phare-et-pointe-du-cap-ferret\/","title":{"rendered":"\u041c\u0430\u044f\u043a \u0438 \u041f\u0443\u044d\u043d\u0442-\u0434\u044e-\u041a\u0430\u043f-\u0424\u0435\u0440\u0440\u0435"},"content":{"rendered":"<div class=\"wp-block-uagb-container uagb-block-d8155aed alignfull uagb-is-root-container\"><div class=\"uagb-container-inner-blocks-wrap\">\n<div class=\"wp-block-uagb-container uagb-block-b4230842\">\n<div class=\"wp-block-uagb-image uagb-block-92d88869 wp-block-uagb-image--layout-default wp-block-uagb-image--effect-static wp-block-uagb-image--align-none\"><figure class=\"wp-block-uagb-image__figure\"><img decoding=\"async\" srcset=\"https:\/\/bassin-arcachon.com\/wp-content\/uploads\/2017\/02\/mini-map-phare-pointe.jpg \" sizes=\"auto, (max-width: 480px) 150px\" src=\"https:\/\/bassin-arcachon.com\/wp-content\/uploads\/2017\/02\/mini-map-phare-pointe.jpg\" alt=\"- - Bassin d&#039;Arcachon\" class=\"uag-image-1900\" width=\"278\" height=\"278\" title=\"- - Bassin d&#039;Arcachon\" loading=\"lazy\" role=\"img\"><\/figure><\/div>\n\n\n\n<p><strong>\u042d\u0442\u043e \u043c\u0435\u0441\u0442\u043e \u0432 \u041b\u0435\u0436-\u041a\u0430\u043f-\u0424\u0435\u0440\u0440\u0435 \u043d\u0435\u043b\u044c\u0437\u044f \u043f\u0440\u043e\u043f\u0443\u0441\u0442\u0438\u0442\u044c \u0432 \u043b\u044e\u0431\u043e\u0435 \u0432\u0440\u0435\u043c\u044f \u0433\u043e\u0434\u0430! \u0421 \u0432\u044b\u0441\u043e\u0442\u044b \u043c\u0430\u044f\u043a\u0430 \u041a\u0430\u043f-\u0424\u0435\u0440\u0440\u0435 \u0438\u043b\u0438 \u0441 \u041f\u0443\u044d\u043d\u0442\u0430 \u0432\u044b \u043c\u043e\u0436\u0435\u0442\u0435 \u043f\u043e\u043b\u044e\u0431\u043e\u0432\u0430\u0442\u044c\u0441\u044f \u043a\u0440\u0430\u0441\u0438\u0432\u0435\u0439\u0448\u0438\u043c\u0438 \u043f\u0430\u043d\u043e\u0440\u0430\u043c\u0430\u043c\u0438 Bassin \u0410\u0440\u043a\u0430\u0448\u043e\u043d\u0430.<\/strong><\/p>\n\n\n\n<h2 class=\"wp-block-heading\">\u0412\u0437\u044f\u0442\u044c \u0432\u044b\u0441\u043e\u0442\u0443<\/h2>\n\n\n\n<p>\u041d\u0430\u043f\u0440\u0430\u0432\u043b\u0435\u043d\u0438\u0435&nbsp;<strong>\u041c\u0430\u044f\u043a \u041a\u0430\u043f-\u0424\u0435\u0440\u0440\u0435&nbsp;<\/strong>\u0431\u0440\u0430\u0442\u044c \u043f\u043e\u043b\u043d\u044b\u0435 \u0433\u043b\u0430\u0437\u0430! \u041d\u0435\u0432\u043e\u0437\u043c\u043e\u0436\u043d\u043e \u043f\u0440\u043e\u043f\u0443\u0441\u0442\u0438\u0442\u044c \u044d\u0442\u043e \u0432\u0430\u0436\u043d\u043e\u0435 \u043c\u0435\u0441\u0442\u043e Bassin. \u041f\u0440\u0438\u0448\u043b\u043e \u0432\u0440\u0435\u043c\u044f \u0437\u0430\u043d\u044f\u0442\u044c\u0441\u044f \u0441\u043f\u043e\u0440\u0442\u043e\u043c \u0438 \u043f\u043e\u0434\u043d\u044f\u0442\u044c\u0441\u044f \u043d\u0430&nbsp;<strong>258 \u0448\u0430\u0433\u043e\u0432 \u043e\u0442 \u043c\u0430\u044f\u043a\u0430<\/strong>&nbsp;! \u041e\u043a\u0430\u0437\u0430\u0432\u0448\u0438\u0441\u044c \u043d\u0430\u0432\u0435\u0440\u0445\u0443, \u0432\u0438\u0434 \u0437\u0430\u0445\u0432\u0430\u0442\u044b\u0432\u0430\u0435\u0442 \u0434\u0443\u0445. \u041e\u0442\u0441\u044e\u0434\u0430 \u0432\u044b \u043c\u043e\u0436\u0435\u0442\u0435 \u043d\u0430\u0441\u043b\u0430\u0436\u0434\u0430\u0442\u044c\u0441\u044f&nbsp;<strong>360\u00b0 \u043e\u0431\u0437\u043e\u0440<\/strong>&nbsp;\u0432\u044b\u0441\u043e\u0442\u043e\u0439 \u0431\u043e\u043b\u0435\u0435 53 \u043c \u043d\u0430 \u041a\u043e\u043d\u0448-\u0434\u044e-\u041c\u0438\u043c\u0431\u043e,&nbsp;<a href=\"https:\/\/bassin-arcachon.com\/ru\/%d0%bd%d0%b0%d1%88%d0%b8-%d0%be%d1%81%d0%bd%d0%be%d0%b2%d1%8b\/%d0%b4%d1%8e%d0%bd%d0%b0-%d0%bf%d0%b8%d0%bb%d0%b0%d1%82%d0%b0\/\">\u0414\u044e\u043d\u0430 \u041f\u0438\u043b\u0430\u0442\u0430<\/a>\u0438 \u0443\u0441\u0442\u0440\u0438\u0447\u043d\u044b\u0435 \u043a\u0440\u043e\u0432\u0430\u0442\u0438.<\/p>\n\n\n\n<p><strong>\u0426\u0435\u043d\u044b<\/strong>&nbsp;: 4\u20ac\/\u0440\u0435\u0431\u0435\u043d\u043e\u043a, 7\u20ac\/\u0432\u0437\u0440\u043e\u0441\u043b\u044b\u0439<\/p>\n<\/div>\n\n\n\n<div class=\"wp-block-uagb-container uagb-block-f398ede0\">\n<div class=\"wp-block-uagb-image uagb-block-17584f11 wp-block-uagb-image--layout-default wp-block-uagb-image--effect-static wp-block-uagb-image--align-none\"><figure class=\"wp-block-uagb-image__figure\"><img decoding=\"async\" srcset=\"https:\/\/bassin-arcachon.com\/wp-content\/uploads\/2017\/10\/velo-cap-ferret-SIBA-agence-les-conteurs-6-683x1024.jpg \" sizes=\"auto, (max-width: 480px) 150px\" src=\"https:\/\/bassin-arcachon.com\/wp-content\/uploads\/2017\/10\/velo-cap-ferret-SIBA-agence-les-conteurs-6-683x1024.jpg\" alt=\"\u041c\u0430\u044f\u043a Cap Ferret \u043d\u0430 \u0432\u0435\u043b\u043e\u0441\u0438\u043f\u0435\u0434\u0435\" class=\"uag-image-10402\" width=\"683\" height=\"1024\" title=\"- - Bassin d&#039;Arcachon\" loading=\"lazy\" role=\"img\"><\/figure><\/div>\n<\/div>\n<\/div><\/div>\n\n\n\n<div style=\"height:40px\" aria-hidden=\"true\" class=\"wp-block-spacer\"><\/div>\n\n\n\n<div class=\"wp-block-uagb-container uagb-block-3905ab67 alignfull uagb-is-root-container\">\n<div class=\"wp-block-cover has-parallax\"><span aria-hidden=\"true\" class=\"wp-block-cover__background has-background-dim-0 has-background-dim\"><\/span><div class=\"wp-block-cover__image-background wp-image-1061 has-parallax\" style=\"background-position:50% 50%;background-image:url(https:\/\/bassin-arcachon.com\/wp-content\/uploads\/2017\/02\/phare-du-cap-ferret.jpg)\"><\/div><div class=\"wp-block-cover__inner-container is-layout-flow wp-block-cover-is-layout-flow\">\n<h2 class=\"wp-block-heading has-text-align-center has-white-color has-text-color has-background has-large-font-size\" style=\"background-color:#000000b3\">\u041b\u0443\u0447\u0448\u0435 \u043d\u0430\u0447\u0430\u043b\u043e \u0438\u043b\u0438 \u043a\u043e\u043d\u0435\u0446 \u0434\u043d\u044f, \u043a\u043e\u0433\u0434\u0430 \u043d\u0435\u0431\u043e \u043c\u0435\u043d\u044f\u0435\u0442 \u0446\u0432\u0435\u0442!<\/h2>\n<\/div><\/div>\n<\/div>\n\n\n\n<div style=\"height:40px\" aria-hidden=\"true\" class=\"wp-block-spacer\"><\/div>\n\n\n\n<div class=\"wp-block-uagb-container uagb-block-d6e90228 alignfull uagb-is-root-container\"><div class=\"uagb-container-inner-blocks-wrap\">\n<div class=\"wp-block-uagb-container uagb-block-e7e617d5\">\n<div class=\"wp-block-uagb-image uagb-block-5b4f7557 wp-block-uagb-image--layout-default wp-block-uagb-image--effect-static wp-block-uagb-image--align-none\"><figure class=\"wp-block-uagb-image__figure\"><img decoding=\"async\" srcset=\"https:\/\/bassin-arcachon.com\/wp-content\/uploads\/2017\/02\/boutique-phare-lege.jpg ,https:\/\/bassin-arcachon.com\/wp-content\/uploads\/2017\/02\/boutique-phare-lege.jpg 780w, https:\/\/bassin-arcachon.com\/wp-content\/uploads\/2017\/02\/boutique-phare-lege.jpg 360w\" sizes=\"auto, (max-width: 480px) 150px\" src=\"https:\/\/bassin-arcachon.com\/wp-content\/uploads\/2017\/02\/boutique-phare-lege.jpg\" alt=\"- - Bassin d&#039;Arcachon\" class=\"uag-image-1064\" width=\"1024\" height=\"767\" title=\"- - Bassin d&#039;Arcachon\" loading=\"lazy\" role=\"img\"><\/figure><\/div>\n<\/div>\n\n\n\n<div class=\"wp-block-uagb-container uagb-block-e2e34a34\">\n<h2 class=\"wp-block-heading\">\u041f\u043e\u0441\u0435\u0442\u0438\u0442\u0435 \u043c\u0443\u0437\u0435\u0439 \u0438 \u0441\u0434\u0435\u043b\u0430\u0439\u0442\u0435 \u043f\u043e\u043a\u0443\u043f\u043a\u0438 \u0432 \u043c\u0430\u0433\u0430\u0437\u0438\u043d\u0435 Lighthouse.<\/h2>\n\n\n\n<p>\u041f\u043e\u0441\u043b\u0435 \u0432\u043e\u0441\u0445\u043e\u0436\u0434\u0435\u043d\u0438\u044f \u0441\u043e\u0432\u0435\u0440\u0448\u0438\u0442\u0435 \u0438\u043d\u0442\u0435\u0440\u0430\u043a\u0442\u0438\u0432\u043d\u0443\u044e \u043f\u0440\u043e\u0433\u0443\u043b\u043a\u0443 \u043f\u043e \u043f\u0430\u043c\u044f\u0442\u043d\u0438\u043a\u0443, \u043f\u043e \u043d\u0430\u0432\u0438\u0433\u0430\u0446\u0438\u0438 \u0438 \u044d\u0432\u043e\u043b\u044e\u0446\u0438\u0438 \u043c\u043e\u0440\u0441\u043a\u043e\u0439 \u043a\u0430\u0440\u0442\u043e\u0433\u0440\u0430\u0444\u0438\u0438. \u0410 \u043f\u0435\u0440\u0435\u0434 \u043e\u0442\u044a\u0435\u0437\u0434\u043e\u043c \u0437\u0430\u0433\u043b\u044f\u043d\u0438\u0442\u0435 \u0432 \u043c\u0430\u0433\u0430\u0437\u0438\u043d \u041c\u0430\u044f\u043a\u0430, \u0447\u0442\u043e\u0431\u044b \u043d\u0430\u0439\u0442\u0438 \u043f\u043e\u0434\u0430\u0440\u043a\u0438, \u043a\u043e\u0442\u043e\u0440\u044b\u0445 \u0431\u043e\u043b\u044c\u0448\u0435 \u043d\u0438\u0433\u0434\u0435 \u043d\u0435 \u043d\u0430\u0439\u0434\u0435\u0442\u0435. \u042d\u0442\u043e \u0442\u0430\u043a\u0436\u0435 \u043e\u0434\u0438\u043d \u0438\u0437 \u043b\u044e\u0431\u0438\u043c\u044b\u0445 \u043c\u0430\u0433\u0430\u0437\u0438\u043d\u043e\u0432 \u043c\u0435\u0441\u0442\u043d\u044b\u0445 \u0436\u0438\u0442\u0435\u043b\u0435\u0439, \u043a\u043e\u0442\u043e\u0440\u044b\u0435 \u043e\u0441\u0442\u0430\u043d\u0430\u0432\u043b\u0438\u0432\u0430\u044e\u0442\u0441\u044f \u0437\u0434\u0435\u0441\u044c, \u0447\u0442\u043e\u0431\u044b \u043d\u0430\u0439\u0442\u0438 \u043f\u043e\u0434\u0430\u0440\u043a\u0438 \u0434\u043b\u044f \u0441\u0432\u043e\u0438\u0445 \u0433\u043e\u0441\u0442\u0435\u0439!<\/p>\n<\/div>\n<\/div><\/div>\n\n\n\n<div style=\"height:60px\" aria-hidden=\"true\" class=\"wp-block-spacer\"><\/div>\n\n\n\n<div class=\"wp-block-uagb-container uagb-block-22c34bf5 alignfull uagb-is-root-container\"><div class=\"uagb-container-inner-blocks-wrap\">\n<div class=\"wp-block-uagb-container uagb-block-8d327173\">\n<h2 class=\"wp-block-heading\">\u0421\u043b\u0435\u0434\u0443\u0439\u0442\u0435 \u043f\u043e \u043f\u0443\u0442\u0438 \u00abAb\u00e9c\u00e9daire des Dunes\u00bb.<\/h2>\n\n\n\n<p>\u0410 \u0435\u0441\u043b\u0438 \u0432\u043e\u0441\u043f\u043e\u043b\u044c\u0437\u043e\u0432\u0430\u0442\u044c\u0441\u044f \u0441\u043b\u0443\u0447\u0430\u0435\u043c \u043f\u0440\u043e\u0433\u0443\u043b\u044f\u0442\u044c\u0441\u044f \u043f\u043e\u0441\u0440\u0435\u0434\u0438 \u043f\u0435\u0441\u0447\u0430\u043d\u044b\u0445 \u0434\u044e\u043d? \u041f\u0440\u043e\u0439\u0434\u0438\u0442\u0435 \u043f\u043e \u0442\u0440\u043e\u043f\u0435 (\u0430\u043b\u043b\u0435\u0435 \u0434\u044e\u043d) 5 \u043a\u043c, \u0447\u0442\u043e\u0431\u044b \u043e\u0442\u043a\u0440\u044b\u0442\u044c \u0434\u043b\u044f \u0441\u0435\u0431\u044f \u0444\u0430\u0443\u043d\u0443 \u0438 \u0444\u043b\u043e\u0440\u0443 \u041a\u0430\u043f-\u0424\u0435\u0440\u0440\u0435. \u041e\u0442 \u0432\u0445\u043e\u0434\u0430 \u0432 \u041a\u0430\u043f-\u0424\u0435\u0440\u0440\u0435 \u0434\u043e \u043a\u0440\u0430\u0439\u043d\u0435\u0439 \u043e\u043a\u043e\u043d\u0435\u0447\u043d\u043e\u0441\u0442\u0438 \u043f\u043e\u043b\u0443\u043e\u0441\u0442\u0440\u043e\u0432\u0430 \u043f\u0430\u043d\u0435\u043b\u0438, \u043f\u0440\u0435\u0434\u0441\u0442\u0430\u0432\u043b\u044f\u044e\u0449\u0438\u0435 \u043a\u0430\u0436\u0434\u0443\u044e \u0431\u0443\u043a\u0432\u0443 \u0430\u043b\u0444\u0430\u0432\u0438\u0442\u0430, \u043e\u0431\u044a\u044f\u0441\u043d\u044f\u044e\u0442 \u0432\u0441\u0435 \u043e \u0434\u044e\u043d\u0430\u0445, \u043f\u0440\u0438\u043b\u0438\u0432\u0430\u0445, \u043c\u043e\u0440\u0441\u043a\u043e\u0439 \u0436\u0438\u0437\u043d\u0438 \u0438 \u043c\u0438\u0433\u0440\u0430\u0446\u0438\u0438 \u043f\u0442\u0438\u0446... \u0432 \u0434\u0440\u0443\u0433\u043e\u043c \u043c\u0435\u0441\u0442\u0435, \u043f\u043e\u0447\u0435\u043c\u0443 \u044d\u0442\u043e \u043d\u0430\u0437\u044b\u0432\u0430\u0435\u0442\u0441\u044f &quot;&nbsp;<a href=\"https:\/\/www.lege-capferret.com\/wp-content\/uploads\/2017\/08\/Balade_pied_AbecedaireDesDunes.pdf\" target=\"_blank\" rel=\"noreferrer noopener\">\u0411\u0443\u043a\u0432\u0430\u0440\u044c \u0434\u044e\u043d<\/a> !<\/p>\n<\/div>\n\n\n\n<div class=\"wp-block-uagb-container uagb-block-236142b1\">\n<div class=\"wp-block-uagb-image uagb-block-9010d749 wp-block-uagb-image--layout-default wp-block-uagb-image--effect-static wp-block-uagb-image--align-none\"><figure class=\"wp-block-uagb-image__figure\"><img decoding=\"async\" srcset=\"\" sizes=\"auto, (max-width: 480px) 150px\" src=\"https:\/\/bassin-arcachon.com\/wp-content\/uploads\/2018\/07\/ab\u00e9c\u00e9daire-des-dunes-cap-ferret-1024x683.jpg\" alt=\"- - Bassin d&#039;Arcachon\" class=\"uag-image-23722\" width=\"1024\" height=\"683\" title=\"- - Bassin d&#039;Arcachon\" loading=\"lazy\" role=\"img\" data-srcset=\"\"><\/figure><\/div>\n<\/div>\n<\/div><\/div>\n\n\n\n<div style=\"height:60px\" aria-hidden=\"true\" class=\"wp-block-spacer\"><\/div>\n\n\n\n<div class=\"wp-block-uagb-container uagb-block-111066f8 alignfull uagb-is-root-container\"><div class=\"uagb-container-inner-blocks-wrap\">\n<div class=\"wp-block-uagb-container uagb-block-9a4a99d4\">\n<div class=\"wp-block-uagb-image uagb-block-dc573222 wp-block-uagb-image--layout-default wp-block-uagb-image--effect-static wp-block-uagb-image--align-none\"><figure class=\"wp-block-uagb-image__figure\"><img decoding=\"async\" srcset=\"https:\/\/bassin-arcachon.com\/wp-content\/uploads\/2018\/07\/plage-pointe-cap-ferret-e1546594665964.jpg ,https:\/\/bassin-arcachon.com\/wp-content\/uploads\/2018\/07\/plage-pointe-cap-ferret-e1546594665964.jpg 780w, https:\/\/bassin-arcachon.com\/wp-content\/uploads\/2018\/07\/plage-pointe-cap-ferret-e1546594665964.jpg 360w\" sizes=\"auto, (max-width: 480px) 150px\" src=\"https:\/\/bassin-arcachon.com\/wp-content\/uploads\/2018\/07\/plage-pointe-cap-ferret-e1546594665964.jpg\" alt=\"\u041f\u043b\u044f\u0436 \u043d\u0430 \u043c\u044b\u0441\u0435 \u041a\u0430\u043f \u0424\u0435\u0440\u0440\u0435\" class=\"uag-image-24875\" width=\"1000\" height=\"667\" title=\"- - Bassin d&#039;Arcachon\" loading=\"lazy\" role=\"img\"><\/figure><\/div>\n<\/div>\n\n\n\n<div class=\"wp-block-uagb-container uagb-block-8614e705\">\n<h2 class=\"wp-block-heading\">\u041f\u043e\u043b\u044e\u0431\u0443\u0439\u0442\u0435\u0441\u044c \u043d\u0430 \u041f\u0443\u044d\u043d\u0442-\u0434\u044e-\u041a\u0430\u043f-\u0424\u0435\u0440\u0440\u0435<\/h2>\n\n\n\n<p>\u0423\u0441\u0442\u0440\u043e\u0439\u0442\u0435\u0441\u044c \u043d\u0430 \u043c\u0433\u043d\u043e\u0432\u0435\u043d\u0438\u0435 \u043d\u0430 \u043f\u0435\u0441\u043a\u0435 \u0438\u043b\u0438 \u0432 \u0441\u0440\u0443\u0431\u0435 \u0438 \u043d\u0430\u0441\u043b\u0430\u0434\u0438\u0442\u0435\u0441\u044c 180-\u0433\u0440\u0430\u0434\u0443\u0441\u043d\u044b\u043c \u043e\u0431\u0437\u043e\u0440\u043e\u043c \u0414\u044e\u043d\u044b \u0434\u044e \u041f\u0438\u043b\u0430\u0442,&nbsp;<a href=\"https:\/\/bassin-arcachon.com\/ru\/%d0%bd%d0%b0%d1%88%d0%b8-%d0%be%d1%81%d0%bd%d0%be%d0%b2%d1%8b\/%d0%b1%d0%b0%d0%bd%d0%ba-%d0%b4%d0%b0%d1%80%d0%b3%d0%b8%d0%bd\/\">\u0411\u0430\u043d\u043a \u0410\u0440\u0433\u0438\u043d<\/a>&nbsp;\u0438 \u043f\u0440\u043e\u0445\u043e\u0434\u0438\u0442 \u043f\u043e\u0434 \u0448\u0443\u043c \u043f\u043b\u0435\u0449\u0443\u0449\u0435\u0439\u0441\u044f \u0432\u043e\u0434\u044b. \u0417\u0434\u0435\u0441\u044c \u0441\u043f\u043e\u043a\u043e\u0439\u043d\u0430\u044f \u0432\u043e\u0434\u0430 Bassin \u0432\u0441\u0442\u0440\u0435\u0447\u0430\u0435\u0442\u0441\u044f \u0441 \u0410\u0442\u043b\u0430\u043d\u0442\u0438\u0447\u0435\u0441\u043a\u0438\u043c \u043e\u043a\u0435\u0430\u043d\u043e\u043c.<\/p>\n\n\n\n<p>\u0410 \u0435\u0441\u043b\u0438 \u043f\u0440\u0438\u0441\u043c\u043e\u0442\u0440\u0435\u0442\u044c\u0441\u044f, \u0442\u043e \u043c\u043e\u0436\u043d\u043e \u0443\u0432\u0438\u0434\u0435\u0442\u044c \u043f\u0435\u0440\u0435\u043f\u043b\u0435\u0442\u0435\u043d\u0438\u0435 \u0442\u043e\u043a\u043e\u0432, \u044d\u0442\u043e \u0432\u0435\u043b\u0438\u043a\u043e\u043b\u0435\u043f\u043d\u043e!<\/p>\n<\/div>\n<\/div><\/div>\n\n\n\n<div style=\"height:40px\" aria-hidden=\"true\" class=\"wp-block-spacer\"><\/div>\n\n\n\n<div class=\"wp-block-uagb-container uagb-block-514828b2 alignfull uagb-is-root-container\"><div class=\"uagb-container-inner-blocks-wrap\">\n<figure class=\"wp-block-pullquote\" style=\"border-radius:0px;border-top-style:none;border-top-width:0px;border-right-style:none;border-right-width:0px;border-bottom-style:none;border-bottom-width:0px;border-left-width:2px\"><blockquote><p>\u041f\u0440\u0438\u0445\u043e\u0434\u0438\u0442\u0435 \u0443\u0442\u0440\u043e\u043c, \u044d\u0442\u043e \u0432\u043e\u043b\u0448\u0435\u0431\u0441\u0442\u0432\u043e \u043d\u0430 \u043f\u043e\u043b\u0443\u043e\u0441\u0442\u0440\u043e\u0432\u0435 \u041f\u0443\u044d\u043d\u0442-\u0434\u0435-\u043b\u0430!<\/p><\/blockquote><\/figure>\n<\/div><\/div>\n\n\n\n<div style=\"height:20px\" aria-hidden=\"true\" class=\"wp-block-spacer\"><\/div>\n\n\n\n<div class=\"wp-block-uagb-container uagb-block-0f6b7a7c alignfull uagb-is-root-container\"><div class=\"uagb-container-inner-blocks-wrap\">\n<div class=\"wp-block-uagb-container uagb-block-c957af83\">\n<h2 class=\"wp-block-heading\">\u041d\u0430\u0448\u0438 \u043f\u043e\u043b\u0435\u0437\u043d\u044b\u0435 \u0441\u0441\u044b\u043b\u043a\u0438 \u0434\u043b\u044f \u043f\u043e\u0434\u0433\u043e\u0442\u043e\u0432\u043a\u0438 \u043a \u043e\u0442\u043f\u0443\u0441\u043a\u0443 \u0432 \u041b\u0435\u0436-\u041a\u0430\u043f-\u0424\u0435\u0440\u0440\u0435<\/h2>\n\n\n\n<p><a href=\"https:\/\/bassin-arcachon.com\/ru\/%d0%b8%d0%bb%d0%b8-%d1%81%d0%bf%d0%b0%d1%82%d1%8c\/%d0%be%d1%82%d0%b4%d1%8b%d1%85-%d0%bd%d0%b0-%d0%bf%d1%80%d0%b8%d1%80%d0%be%d0%b4%d0%b5\/lege-cap-ferret\/\">\u041a\u0435\u043c\u043f\u0438\u043d\u0433<\/a>,\u00a0<a href=\"https:\/\/bassin-arcachon.com\/ru\/%d0%b8%d0%bb%d0%b8-%d1%81%d0%bf%d0%b0%d1%82%d1%8c\/%d0%b0%d1%80%d0%b5%d0%bd%d0%b4%d0%b0-%d0%bd%d0%be%d1%87%d0%bb%d0%b5%d0%b3%d0%b0-%d0%b8-%d0%b7%d0%b0%d0%b2%d1%82%d1%80%d0%b0%d0%ba%d0%b0\/%d0%ba%d0%b5%d0%bf%d0%ba%d0%b0-%d1%85%d0%be%d1%80%d0%b5%d0%ba\/\">\u0433\u043e\u0441\u0442\u0435\u0432\u043e\u0439 \u0434\u043e\u043c<\/a>,\u00a0<a href=\"https:\/\/bassin-arcachon.com\/ru\/%d0%b8%d0%bb%d0%b8-%d1%81%d0%bf%d0%b0%d1%82%d1%8c\/%d0%be%d1%82%d0%b5%d0%bb%d0%b8\/%d0%ba%d0%b5%d0%bf%d0%ba%d0%b0-%d1%85%d0%be%d1%80%d0%b5%d0%ba\/\">\u0413\u043e\u0441\u0442\u0438\u043d\u0438\u0446\u0430<\/a>,\u00a0<a href=\"https:\/\/bassin-arcachon.com\/ru\/%d0%b8%d0%bb%d0%b8-%d1%81%d0%bf%d0%b0%d1%82%d1%8c\/%d0%b0%d1%80%d0%b5%d0%bd%d0%b4%d0%b0\/%d0%ba%d0%b5%d0%bf%d0%ba%d0%b0-%d1%85%d0%be%d1%80%d0%b5%d0%ba\/\">\u043d\u0430\u0448\u0438 \u043a\u043e\u0442\u0442\u0435\u0434\u0436\u0438<\/a>,\u00a0<a href=\"https:\/\/bassin-arcachon.com\/ru\/%d0%bf%d0%be%d0%b2%d0%b5%d1%81%d1%82%d0%ba%d0%b0-%d0%b4%d0%bd%d1%8f-%d0%bf%d1%80%d0%be%d0%b3%d1%83%d0%bb%d0%ba%d0%b8-%d1%80%d1%8b%d0%bd%d0%ba%d0%b8\/%d1%88%d0%b0%d0%b3%d0%b8-%d0%bb%d0%b5%d0%b3%d0%b5-%d0%ba%d0%b0%d0%bf-%d1%85%d0%be%d1%80%d1%8c%d0%ba%d0%b0\/\">\u0440\u044b\u043d\u043a\u0438 \u043f\u043e\u043b\u0443\u043e\u0441\u0442\u0440\u043e\u0432\u0430<\/a>,\u00a0<a href=\"https:\/\/bassin-arcachon.com\/ru\/%d0%b8%d0%bb%d0%b8-%d0%b5%d1%81%d1%82%d1%8c\/lege-cap-ferret\/\">\u0420\u0435\u0441\u0442\u043e\u0440\u0430\u043d\u044b \u0432 \u041b\u0435\u0433-\u041a\u0430\u043f-\u0424\u0435\u0440\u0440\u0435<\/a>.<\/p>\n\n\n\n<p>\u0414\u043b\u044f \u043b\u044e\u0431\u0438\u0442\u0435\u043b\u0435\u0439 \u0432\u0435\u043b\u043e\u0441\u043f\u043e\u0440\u0442\u0430 \u043e\u0442\u043a\u0440\u043e\u0439\u0442\u0435 \u0434\u043b\u044f \u0441\u0435\u0431\u044f&nbsp;<a href=\"https:\/\/bassin-arcachon.com\/ru\/%d1%81%d1%85%d0%b5%d0%bc%d0%b0\/de-belisaire-a-pointe\/\">\u043d\u0430\u0448 \u043c\u0430\u0440\u0448\u0440\u0443\u0442, \u043a\u043e\u0442\u043e\u0440\u044b\u0439 \u043d\u0430\u0447\u0438\u043d\u0430\u0435\u0442\u0441\u044f \u043e\u0442 \u043f\u0438\u0440\u0441\u0430 \u0411\u0435\u043b\u0438\u0437\u0435\u0440 \u0434\u043e \u041f\u0443\u044d\u043d\u0442-\u0434\u044e-\u041a\u0430\u043f-\u0424\u0435\u0440\u0440\u0435<\/a>.<\/p>\n<\/div>\n\n\n\n<div class=\"wp-block-uagb-container uagb-block-21836a80\">\t\t\t\t\t<div\n\t\t\t\t\t\tclass=\"wp-block-uagb-image-gallery uagb-block-10ddf0f1\"\n\t\t\t\t\t\tstyle=\"\"\n\t\t\t\t\t>\n\t\t\t\t\t\t\t\t\t\t\t<div class=\"spectra-image-gallery spectra-image-gallery__layout--carousel\">\n\t\t\t\t\t\t\t\t<div class=\"uagb-slick-carousel uagb-block-10ddf0f1\">\n\t\t\t\t\t\t\t\t\t\t\t\t<div class='spectra-image-gallery__media-wrapper' data-spectra-gallery-image-id='37780'>\n\t\t\t\t\t\t\t<div class=\"spectra-image-gallery__media spectra-image-gallery__media--carousel\">\n\t\t\t\t<picture>\n\t\t\t\t\t<source media=\"(min-width: 1024px)\" srcset=\"https:\/\/bassin-arcachon.com\/wp-content\/uploads\/2019\/09\/plage-pointe-siba-agence-les-conteurs-47-1024x683.jpg\">\n\t\t\t\t\t<source media=\"(min-width: 768px)\" srcset=\"https:\/\/bassin-arcachon.com\/wp-content\/uploads\/2019\/09\/plage-pointe-siba-agence-les-conteurs-47-1024x683.jpg\">\n\t\t\t\t\t<img decoding=\"async\" class=\"spectra-image-gallery__media-thumbnail spectra-image-gallery__media-thumbnail--carousel\" src=\"https:\/\/bassin-arcachon.com\/wp-content\/uploads\/2019\/09\/plage-pointe-siba-agence-les-conteurs-47-450x300.jpg\" alt=\"\u041f\u043b\u044f\u0436 \u041a\u0430\u043f \u0424\u0435\u0440\u0440\u0435\" loading=\"lazy\" title=\"- - Bassin d&#039;Arcachon\">\n\t\t\t\t<\/picture>\n\t\t\t\t<div class=\"spectra-image-gallery__media-thumbnail-blurrer\"><\/div>\n\t\t\t\t\t\t\t\t\t\t\t<div class=\"spectra-image-gallery__media-thumbnail-caption-wrapper spectra-image-gallery__media-thumbnail-caption-wrapper--overlay\"><\/div>\n\t\t\t\t\t\t\t\t<\/div>\n\t\t\t\t\t\t<\/div>\n\t\t\t\t\t\t<div class='spectra-image-gallery__media-wrapper' data-spectra-gallery-image-id='26169'>\n\t\t\t\t\t\t\t<div class=\"spectra-image-gallery__media spectra-image-gallery__media--carousel\">\n\t\t\t\t<picture>\n\t\t\t\t\t<source media=\"(min-width: 1024px)\" srcset=\"https:\/\/bassin-arcachon.com\/wp-content\/uploads\/2018\/09\/nourri-a-lhu\u00eetre-\u00e9lev\u00e9-sous-les-pins-Bassin-dArcachon.jpg\">\n\t\t\t\t\t<source media=\"(min-width: 768px)\" srcset=\"https:\/\/bassin-arcachon.com\/wp-content\/uploads\/2018\/09\/nourri-a-lhu\u00eetre-\u00e9lev\u00e9-sous-les-pins-Bassin-dArcachon.jpg\">\n\t\t\t\t\t<img decoding=\"async\" class=\"spectra-image-gallery__media-thumbnail spectra-image-gallery__media-thumbnail--carousel\" src=\"https:\/\/bassin-arcachon.com\/wp-content\/uploads\/2018\/09\/nourri-a-lhu\u00eetre-\u00e9lev\u00e9-sous-les-pins-Bassin-dArcachon-450x300.jpg\" alt=\"- - Bassin d&#039;Arcachon\" loading=\"lazy\" title=\"- - Bassin d&#039;Arcachon\">\n\t\t\t\t<\/picture>\n\t\t\t\t<div class=\"spectra-image-gallery__media-thumbnail-blurrer\"><\/div>\n\t\t\t\t\t\t\t\t\t\t\t<div class=\"spectra-image-gallery__media-thumbnail-caption-wrapper spectra-image-gallery__media-thumbnail-caption-wrapper--overlay\"><\/div>\n\t\t\t\t\t\t\t\t<\/div>\n\t\t\t\t\t\t<\/div>\n\t\t\t\t\t\t\t\t\t\t\t<\/div>\n\t\t\t\t\t\t\t<\/div>\n\t\t\t\t\t\t\t\t\t\t\t<\/div>\n\t\t\t\t\t\t\t\t\t<\/div>\n<\/div><\/div>\n\n\n\n<div style=\"height:60px\" aria-hidden=\"true\" class=\"wp-block-spacer\"><\/div>","protected":false},"excerpt":{"rendered":"<p>\u00c0 toutes les saisons, c\u2019est l\u2019endroit \u00e0 ne pas manquer \u00e0 L\u00e8ge-Cap Ferret&nbsp;! Sur les hauteurs du Phare du Cap Ferret ou depuis la Pointe, vous pourrez y admirer les [&hellip;]<\/p>\n","protected":false},"author":25,"featured_media":7327,"parent":27,"menu_order":0,"comment_status":"closed","ping_status":"closed","template":"","meta":{"_acf_changed":false,"_uag_custom_page_level_css":"","footnotes":""},"class_list":["post-131","page","type-page","status-publish","has-post-thumbnail","hentry"],"acf":[],"uagb_featured_image_src":{"full":["https:\/\/bassin-arcachon.com\/wp-content\/uploads\/2017\/02\/Phare_N0491.jpg",2048,1365,false],"thumbnail":["https:\/\/bassin-arcachon.com\/wp-content\/uploads\/2017\/02\/Phare_N0491-150x150.jpg",150,150,true],"medium":["https:\/\/bassin-arcachon.com\/wp-content\/uploads\/2017\/02\/Phare_N0491-600x400.jpg",600,400,true],"medium_large":["https:\/\/bassin-arcachon.com\/wp-content\/uploads\/2017\/02\/Phare_N0491-768x512.jpg",768,512,true],"large":["https:\/\/bassin-arcachon.com\/wp-content\/uploads\/2017\/02\/Phare_N0491-1024x683.jpg",1024,683,true],"1536x1536":["https:\/\/bassin-arcachon.com\/wp-content\/uploads\/2017\/02\/Phare_N0491-1536x1024.jpg",1536,1024,true],"2048x2048":["https:\/\/bassin-arcachon.com\/wp-content\/uploads\/2017\/02\/Phare_N0491.jpg",2048,1365,false],"trp-custom-language-flag":["https:\/\/bassin-arcachon.com\/wp-content\/uploads\/2017\/02\/Phare_N0491-18x12.jpg",18,12,true]},"uagb_author_info":{"display_name":"Marie Clauzel","author_link":"https:\/\/bassin-arcachon.com\/ru\/author\/mariesiba\/"},"uagb_comment_info":0,"uagb_excerpt":"\u00c0 toutes les saisons, c\u2019est l\u2019endroit \u00e0 ne pas manquer \u00e0 L\u00e8ge-Cap Ferret&nbsp;! Sur les hauteurs du Phare du Cap Ferret ou depuis la Pointe, vous pourrez y admirer les [&hellip;]","_links":{"self":[{"href":"https:\/\/bassin-arcachon.com\/ru\/wp-json\/wp\/v2\/pages\/131","targetHints":{"allow":["GET"]}}],"collection":[{"href":"https:\/\/bassin-arcachon.com\/ru\/wp-json\/wp\/v2\/pages"}],"about":[{"href":"https:\/\/bassin-arcachon.com\/ru\/wp-json\/wp\/v2\/types\/page"}],"author":[{"embeddable":true,"href":"https:\/\/bassin-arcachon.com\/ru\/wp-json\/wp\/v2\/users\/25"}],"replies":[{"embeddable":true,"href":"https:\/\/bassin-arcachon.com\/ru\/wp-json\/wp\/v2\/comments?post=131"}],"version-history":[{"count":1,"href":"https:\/\/bassin-arcachon.com\/ru\/wp-json\/wp\/v2\/pages\/131\/revisions"}],"predecessor-version":[{"id":217792,"href":"https:\/\/bassin-arcachon.com\/ru\/wp-json\/wp\/v2\/pages\/131\/revisions\/217792"}],"up":[{"embeddable":true,"href":"https:\/\/bassin-arcachon.com\/ru\/wp-json\/wp\/v2\/pages\/27"}],"wp:featuredmedia":[{"embeddable":true,"href":"https:\/\/bassin-arcachon.com\/ru\/wp-json\/wp\/v2\/media\/7327"}],"wp:attachment":[{"href":"https:\/\/bassin-arcachon.com\/ru\/wp-json\/wp\/v2\/media?parent=131"}],"curies":[{"name":"WP","href":"https:\/\/api.w.org\/{rel}","templated":true}]}}