{"id":143,"date":"2017-02-08T09:57:25","date_gmt":"2017-02-08T08:57:25","guid":{"rendered":"https:\/\/bassin-arcachon.com\/\/?page_id=143"},"modified":"2024-05-07T11:28:13","modified_gmt":"2024-05-07T09:28:13","slug":"%d0%bf%d0%be%d0%bc%d0%b5%d1%81%d1%82%d1%8c%d1%8f-%d0%be%d1%84-%d0%ba%d0%be%d0%bd%d0%b5%d1%87%d0%bd%d0%be-%d0%b3%d1%80%d0%b0%d0%b2%d0%b5%d0%b9%d1%80%d0%be%d0%bd","status":"publish","type":"page","link":"https:\/\/bassin-arcachon.com\/ru\/nos-incontournables\/les-domaines-de-certes-graveyron\/","title":{"rendered":"Domaine de Juillet \u0438 Graveyron"},"content":{"rendered":"<div class=\"wp-block-uagb-container uagb-block-5f31c455 alignfull uagb-is-root-container\"><div class=\"uagb-container-inner-blocks-wrap\">\n<div class=\"wp-block-uagb-container uagb-block-dc1f6b85\">\n<div class=\"wp-block-uagb-image uagb-block-7a748453 wp-block-uagb-image--layout-default wp-block-uagb-image--effect-static wp-block-uagb-image--align-none\"><figure class=\"wp-block-uagb-image__figure\"><img decoding=\"async\" srcset=\"https:\/\/bassin-arcachon.com\/wp-content\/uploads\/2017\/02\/mini-map-domaine-certes.jpg \" sizes=\"auto, (max-width: 480px) 150px\" src=\"https:\/\/bassin-arcachon.com\/wp-content\/uploads\/2017\/02\/mini-map-domaine-certes.jpg\" alt=\"- - Bassin d&#039;Arcachon\" class=\"uag-image-1906\" width=\"278\" height=\"278\" title=\"- - Bassin d&#039;Arcachon\" loading=\"lazy\" role=\"img\"><\/figure><\/div>\n\n\n\n<h2 class=\"wp-block-heading\">\u0411\u0435\u0441\u043f\u0440\u0435\u0446\u0435\u0434\u0435\u043d\u0442\u043d\u044b\u0439 \u0432\u0438\u0434 \u043d\u0430 Bassin \u0410\u0440\u043a\u0430\u0448\u043e\u043d\u0430<\/h2>\n\n\n\n<p>\u041f\u0440\u0438\u0435\u0437\u0434 \u043a \u043d\u0430\u043c - \u044d\u0442\u043e \u0442\u0430\u043a\u0436\u0435 \u0432\u043e\u0437\u043c\u043e\u0436\u043d\u043e\u0441\u0442\u044c \u043e\u0442\u043a\u0440\u044b\u0442\u044c \u0434\u043b\u044f \u0441\u0435\u0431\u044f \u0435\u0433\u043e \u043f\u0440\u0438\u0440\u043e\u0434\u0443 \u0438 \u0441\u043e\u0445\u0440\u0430\u043d\u0438\u0432\u0448\u0438\u0435\u0441\u044f \u043f\u0440\u0438\u0440\u043e\u0434\u043d\u044b\u0435 \u043f\u0440\u043e\u0441\u0442\u0440\u0430\u043d\u0441\u0442\u0432\u0430 \u0432&nbsp;<a href=\"https:\/\/bassin-arcachon.com\/ru\/%d0%bd%d0%b0%d1%88%d0%b8-%d0%b3%d0%be%d1%80%d0%be%d0%b4%d0%b0-%d0%b8-%d0%b4%d0%b5%d1%80%d0%b5%d0%b2%d0%bd%d0%b8\/%d1%81%d0%b5%d1%80%d0%b4%d1%86%d0%b5-%d0%b1%d0%b0%d1%81%d1%81%d0%b5%d0%b9%d0%bd%d0%b0\/\">\u0421\u0435\u0440\u0434\u0446\u0435 \u0410\u0440\u043a\u0430\u0448\u043e\u043d\u0430 Bassin<\/a>.<\/p>\n\n\n\n<p>\u041e\u0442\u043f\u0440\u0430\u0432\u043b\u044f\u0439\u0442\u0435\u0441\u044c \u043d\u0430 \u043a\u0440\u0430\u0439 \u0441\u043e\u043b\u043e\u043d\u0447\u0430\u043a\u043e\u0432, \u0441\u0442\u0430\u0440\u044b\u0445 \u0441\u043e\u043b\u043e\u043d\u0447\u0430\u043a\u043e\u0432 \u0438\u043b\u0438 \u0434\u0430\u0436\u0435 \u043f\u0440\u0443\u0434\u043e\u0432, \u0433\u0434\u0435 \u0432\u044b\u0440\u0430\u0449\u0438\u0432\u0430\u044e\u0442 \u0440\u044b\u0431\u0443, \u0447\u0442\u043e\u0431\u044b \u0441\u043e\u0432\u0435\u0440\u0448\u0438\u0442\u044c \u043f\u0440\u043e\u0433\u0443\u043b\u043a\u0443 \u0432 \u043f\u043e\u0438\u0441\u043a\u0430\u0445 \u043f\u0435\u0440\u0435\u043b\u0435\u0442\u043d\u044b\u0445 \u043f\u0442\u0438\u0446!<\/p>\n\n\n\n<p>\u0423 \u0432\u0430\u0441 \u0435\u0441\u0442\u044c \u0432\u044b\u0431\u043e\u0440 \u043c\u0435\u0436\u0434\u0443 2 \u043f\u0435\u0448\u0435\u0445\u043e\u0434\u043d\u044b\u043c\u0438 \u043c\u0430\u0440\u0448\u0440\u0443\u0442\u0430\u043c\u0438. Domaine de Certes-Graveyron \u043c\u043e\u0436\u043d\u043e \u0438\u0441\u0441\u043b\u0435\u0434\u043e\u0432\u0430\u0442\u044c \u0441 \u0433\u0438\u0434\u043e\u043c \u0438\u043b\u0438 \u0431\u0435\u0437 \u043d\u0435\u0433\u043e!<\/p>\n<\/div>\n\n\n\n<div class=\"wp-block-uagb-container uagb-block-178aba80\">\t\t\t\t\t<div\n\t\t\t\t\t\tclass=\"wp-block-uagb-image-gallery uagb-block-5ebb1c33\"\n\t\t\t\t\t\tstyle=\"\"\n\t\t\t\t\t>\n\t\t\t\t\t\t\t\t\t\t\t<div class=\"spectra-image-gallery spectra-image-gallery__layout--masonry spectra-image-gallery__layout--masonry-col-1 spectra-image-gallery__layout--masonry-col-tab-2 spectra-image-gallery__layout--masonry-col-mob-2\">\n\t\t\t\t\t\t\t\t\t\t\t<div class='spectra-image-gallery__media-wrapper--isotope'>\n\t\t\t\t\t\t\t<div class='spectra-image-gallery__media-wrapper' data-spectra-gallery-image-id='23810' tabindex=\"0\">\n\t\t\t\t\t\t\t<div class=\"spectra-image-gallery__media spectra-image-gallery__media--masonry\">\n\t\t\t\t<picture>\n\t\t\t\t\t<source media=\"(min-width: 1024px)\" srcset=\"https:\/\/bassin-arcachon.com\/wp-content\/uploads\/2017\/02\/Domaines-Certes-Graveyron-Bassin-Arcachon-2.jpg\">\n\t\t\t\t\t<source media=\"(min-width: 768px)\" srcset=\"https:\/\/bassin-arcachon.com\/wp-content\/uploads\/2017\/02\/Domaines-Certes-Graveyron-Bassin-Arcachon-2.jpg\">\n\t\t\t\t\t<img decoding=\"async\" class=\"spectra-image-gallery__media-thumbnail spectra-image-gallery__media-thumbnail--masonry\" src=\"https:\/\/bassin-arcachon.com\/wp-content\/uploads\/2017\/02\/Domaines-Certes-Graveyron-Bassin-Arcachon-2-300x200.jpg\" alt=\"- - Bassin d&#039;Arcachon\" loading=\"lazy\" title=\"- - Bassin d&#039;Arcachon\">\n\t\t\t\t<\/picture>\n\t\t\t\t<div class=\"spectra-image-gallery__media-thumbnail-blurrer\"><\/div>\n\t\t\t\t\t\t\t\t\t\t\t<div class=\"spectra-image-gallery__media-thumbnail-caption-wrapper spectra-image-gallery__media-thumbnail-caption-wrapper--overlay\"><\/div>\n\t\t\t\t\t\t\t\t<\/div>\n\t\t\t\t\t\t<\/div>\n\t\t\t\t\t\t<\/div>\n\t\t\t\t\t\t<div class='spectra-image-gallery__media-wrapper--isotope'>\n\t\t\t\t\t\t\t<div class='spectra-image-gallery__media-wrapper' data-spectra-gallery-image-id='23812' tabindex=\"0\">\n\t\t\t\t\t\t\t<div class=\"spectra-image-gallery__media spectra-image-gallery__media--masonry\">\n\t\t\t\t<picture>\n\t\t\t\t\t<source media=\"(min-width: 1024px)\" srcset=\"https:\/\/bassin-arcachon.com\/wp-content\/uploads\/2017\/02\/Domaines-Certes-Graveyron-Bassin-Arcachon-4.jpg\">\n\t\t\t\t\t<source media=\"(min-width: 768px)\" srcset=\"https:\/\/bassin-arcachon.com\/wp-content\/uploads\/2017\/02\/Domaines-Certes-Graveyron-Bassin-Arcachon-4.jpg\">\n\t\t\t\t\t<img decoding=\"async\" class=\"spectra-image-gallery__media-thumbnail spectra-image-gallery__media-thumbnail--masonry\" src=\"https:\/\/bassin-arcachon.com\/wp-content\/uploads\/2017\/02\/Domaines-Certes-Graveyron-Bassin-Arcachon-4-300x200.jpg\" alt=\"\u041a\u043e\u043d\u0435\u0447\u043d\u043e-\u0413\u0440\u0430\u0432\u0435\u0439\u0440\u043e\u043d\" loading=\"lazy\" title=\"- - Bassin d&#039;Arcachon\">\n\t\t\t\t<\/picture>\n\t\t\t\t<div class=\"spectra-image-gallery__media-thumbnail-blurrer\"><\/div>\n\t\t\t\t\t\t\t\t\t\t\t<div class=\"spectra-image-gallery__media-thumbnail-caption-wrapper spectra-image-gallery__media-thumbnail-caption-wrapper--overlay\"><\/div>\n\t\t\t\t\t\t\t\t<\/div>\n\t\t\t\t\t\t<\/div>\n\t\t\t\t\t\t<\/div>\n\t\t\t\t\t\t\t\t\t\t<\/div>\n\t\t\t\t\t\t\t\t\t\t\t\t\t\t\t\t\t\t<\/div>\n\t\t\t\t\t\t\t\t\t<\/div>\n<\/div><\/div>\n\n\n\n<div style=\"height:40px\" aria-hidden=\"true\" class=\"wp-block-spacer\"><\/div>\n\n\n\n<div class=\"wp-block-uagb-container uagb-block-5e993aeb alignfull uagb-is-root-container\"><div class=\"uagb-container-inner-blocks-wrap\">\n<figure class=\"wp-block-pullquote\" style=\"border-radius:0px;border-top-style:none;border-top-width:0px;border-right-style:none;border-right-width:0px;border-bottom-style:none;border-bottom-width:0px;border-left-width:2px\"><blockquote><p>\u041d\u0435 \u0437\u0430\u0431\u0443\u0434\u044c\u0442\u0435 \u0432\u0437\u044f\u0442\u044c \u0441 \u0441\u043e\u0431\u043e\u0439 \u0431\u0438\u043d\u043e\u043a\u043b\u044c<\/p><\/blockquote><\/figure>\n<\/div><\/div>\n\n\n\n<div class=\"wp-block-uagb-container uagb-block-de4de636 alignfull uagb-is-root-container\"><div class=\"uagb-container-inner-blocks-wrap\"><\/div><\/div>\n\n\n\n<div style=\"height:40px\" aria-hidden=\"true\" class=\"wp-block-spacer\"><\/div>\n\n\n\n<div class=\"wp-block-uagb-container uagb-block-82b58f16 alignfull uagb-is-root-container\"><div class=\"uagb-container-inner-blocks-wrap\">\n<div class=\"wp-block-uagb-container uagb-block-57d8d05f\">\n<h2 class=\"wp-block-heading\">\u041f\u0440\u043e\u0433\u0443\u043b\u044f\u0439\u0442\u0435\u0441\u044c \u043f\u043e \u0442\u0440\u043e\u043f\u0430\u043c Domaine de Certes-Graveyron.<\/h2>\n\n\n\n<p>\u0415\u0441\u0442\u044c 2 \u0432\u043e\u0437\u043c\u043e\u0436\u043d\u044b\u0445 \u043c\u0430\u0440\u0448\u0440\u0443\u0442\u0430.<\/p>\n\n\n\n<p>\u041f\u043e \u0436\u0435\u043b\u0430\u043d\u0438\u044e \u043c\u043e\u0436\u043d\u043e \u043f\u0440\u043e\u0433\u0443\u043b\u044f\u0442\u044c\u0441\u044f \u043f\u043e&nbsp;<strong>\u0441\u0445\u0435\u043c\u0430 \u043a\u043e\u043d\u0435\u0447\u043d\u043e<\/strong>&nbsp;\u043d\u0430&nbsp;<strong>14\u043a\u043c<\/strong>, \u0438\u0437 \u0431\u0430\u0441\u0441\u0435\u0439\u043d\u0430 Lanton \u0438\u043b\u0438&nbsp;<strong>\u0447\u0442\u043e \u0438\u0437 \u0413\u0440\u0430\u0432\u0435\u0440\u043e\u043d\u0430<\/strong>&nbsp;\u043d\u0430&nbsp;<strong>5\u043a\u043c<\/strong>, \u043e\u0442\u043f\u0440\u0430\u0432\u043b\u044f\u044f\u0441\u044c \u0438\u0437 \u043f\u043e\u0440\u0442\u0430 \u041e\u0434\u0435\u043d\u0436.<\/p>\n\n\n\n<p>\u041d\u0435\u0437\u0430\u0432\u0438\u0441\u0438\u043c\u043e \u043e\u0442 \u0432\u044b\u0431\u0440\u0430\u043d\u043d\u043e\u0433\u043e \u043c\u0430\u0440\u0448\u0440\u0443\u0442\u0430, \u0432\u044b \u043e\u0431\u044f\u0437\u0430\u0442\u0435\u043b\u044c\u043d\u043e \u0441\u0442\u0430\u043d\u0435\u0442\u0435 \u0441\u0432\u0438\u0434\u0435\u0442\u0435\u043b\u0435\u043c \u0432\u0435\u043b\u0438\u043a\u043e\u043b\u0435\u043f\u043d\u043e\u0433\u043e \u0437\u0440\u0435\u043b\u0438\u0449\u0430 \u043c\u0435\u0434\u043b\u0435\u043d\u043d\u043e \u043b\u0435\u0442\u044f\u0449\u0438\u0445 \u0441\u0435\u0440\u044b\u0445 \u0446\u0430\u043f\u0435\u043b\u044c. \u041d\u043e \u044d\u0442\u043e \u043d\u0435 \u043e\u0441\u0442\u0430\u043d\u0430\u0432\u043b\u0438\u0432\u0430\u0435\u0442\u0441\u044f \u043d\u0430 \u0434\u043e\u0441\u0442\u0438\u0433\u043d\u0443\u0442\u043e\u043c, \u0432 \u043f\u043e\u043c\u0435\u0441\u0442\u044c\u0435 \u043f\u0440\u0438\u0441\u0443\u0442\u0441\u0442\u0432\u0443\u044e\u0442 \u043b\u0435\u0431\u0435\u0434\u0438, \u0431\u0435\u043b\u044b\u0435 \u0446\u0430\u043f\u043b\u0438, \u0431\u0430\u043a\u043b\u0430\u043d\u044b, \u0447\u0435\u0440\u043d\u044b\u0435 \u043a\u043e\u0440\u0448\u0443\u043d\u044b \u0438 \u0434\u0430\u0436\u0435 \u0430\u0438\u0441\u0442\u044b.<\/p>\n\n\n\n<p>\u041f\u0440\u043e\u0439\u0434\u044f \u043d\u0435\u043c\u043d\u043e\u0433\u043e, \u0432\u044b \u0432\u0441\u0442\u0440\u0435\u0442\u0438\u0442\u0435&nbsp;<strong>\u0434\u0438\u043a\u0438\u0439 \u043f\u043b\u044f\u0436 \u0413\u0440\u0430\u0432\u0435\u0440\u043e\u043d\u0430<\/strong>, \u0435\u0434\u0438\u043d\u0441\u0442\u0432\u0435\u043d\u043d\u044b\u0439 \u043f\u043b\u044f\u0436 \u0432 \u041e\u0434\u0435\u043d\u0436\u0435. \u042d\u0442\u043e \u0438\u0434\u0435\u0430\u043b\u044c\u043d\u043e\u0435 \u0432\u0440\u0435\u043c\u044f \u0434\u043b\u044f \u043a\u0443\u043f\u0430\u043d\u0438\u044f \u0432\u043e \u0432\u0440\u0435\u043c\u044f \u043f\u0440\u0438\u043b\u0438\u0432\u0430 \u0438\u043b\u0438 \u0438\u0437\u0443\u0447\u0435\u043d\u0438\u044f \u043e\u043a\u0440\u0443\u0436\u0430\u044e\u0449\u0435\u0439 \u0441\u0440\u0435\u0434\u044b \u0432\u043e \u0432\u0440\u0435\u043c\u044f \u043e\u0442\u043b\u0438\u0432\u0430. \u0412\u043e\u0441\u043f\u043e\u043b\u044c\u0437\u0443\u0439\u0442\u0435\u0441\u044c \u0432\u043e\u0437\u043c\u043e\u0436\u043d\u043e\u0441\u0442\u044c\u044e \u0443\u0441\u0442\u0440\u043e\u0438\u0442\u044c \u043f\u0438\u043a\u043d\u0438\u043a.<\/p>\n<\/div>\n\n\n\n<div class=\"wp-block-uagb-container uagb-block-d7cf7d77\">\t\t\t\t\t<div\n\t\t\t\t\t\tclass=\"wp-block-uagb-image-gallery uagb-block-0bd647a2\"\n\t\t\t\t\t\tstyle=\"\"\n\t\t\t\t\t>\n\t\t\t\t\t\t\t\t\t\t\t<div class=\"spectra-image-gallery spectra-image-gallery__layout--carousel\">\n\t\t\t\t\t\t\t\t<div class=\"uagb-slick-carousel uagb-block-0bd647a2\">\n\t\t\t\t\t\t\t\t\t\t\t\t<div class='spectra-image-gallery__media-wrapper' data-spectra-gallery-image-id='23813'>\n\t\t\t\t\t\t\t<div class=\"spectra-image-gallery__media spectra-image-gallery__media--carousel\">\n\t\t\t\t<picture>\n\t\t\t\t\t<source media=\"(min-width: 1024px)\" srcset=\"https:\/\/bassin-arcachon.com\/wp-content\/uploads\/2017\/02\/Domaines-Certes-Graveyron-Bassin-Arcachon-5.jpg\">\n\t\t\t\t\t<source media=\"(min-width: 768px)\" srcset=\"https:\/\/bassin-arcachon.com\/wp-content\/uploads\/2017\/02\/Domaines-Certes-Graveyron-Bassin-Arcachon-5.jpg\">\n\t\t\t\t\t<img decoding=\"async\" class=\"spectra-image-gallery__media-thumbnail spectra-image-gallery__media-thumbnail--carousel\" src=\"https:\/\/bassin-arcachon.com\/wp-content\/uploads\/2017\/02\/Domaines-Certes-Graveyron-Bassin-Arcachon-5-300x200.jpg\" alt=\"\u0414\u043e\u043c\u0435\u043d \u0434\u0435, \u043f\u043e \u043e\u0431\u0449\u0435\u043c\u0443 \u043f\u0440\u0438\u0437\u043d\u0430\u043d\u0438\u044e, \u0413\u0440\u0430\u0432\u0435\u0439\u0440\u043e\u043d\" loading=\"lazy\" title=\"- - Bassin d&#039;Arcachon\">\n\t\t\t\t<\/picture>\n\t\t\t\t<div class=\"spectra-image-gallery__media-thumbnail-blurrer\"><\/div>\n\t\t\t\t\t\t\t\t\t\t\t<div class=\"spectra-image-gallery__media-thumbnail-caption-wrapper spectra-image-gallery__media-thumbnail-caption-wrapper--overlay\"><\/div>\n\t\t\t\t\t\t\t\t<\/div>\n\t\t\t\t\t\t<\/div>\n\t\t\t\t\t\t<div class='spectra-image-gallery__media-wrapper' data-spectra-gallery-image-id='23807'>\n\t\t\t\t\t\t\t<div class=\"spectra-image-gallery__media spectra-image-gallery__media--carousel\">\n\t\t\t\t<picture>\n\t\t\t\t\t<source media=\"(min-width: 1024px)\" srcset=\"https:\/\/bassin-arcachon.com\/wp-content\/uploads\/2017\/02\/Certes-Graveyron-Audenge-Lanton-1024x683.jpg\">\n\t\t\t\t\t<source media=\"(min-width: 768px)\" srcset=\"https:\/\/bassin-arcachon.com\/wp-content\/uploads\/2017\/02\/Certes-Graveyron-Audenge-Lanton-1024x683.jpg\">\n\t\t\t\t\t<img decoding=\"async\" class=\"spectra-image-gallery__media-thumbnail spectra-image-gallery__media-thumbnail--carousel\" src=\"https:\/\/bassin-arcachon.com\/wp-content\/uploads\/2017\/02\/Certes-Graveyron-Audenge-Lanton-300x200.jpg\" alt=\"- - Bassin d&#039;Arcachon\" loading=\"lazy\" title=\"- - Bassin d&#039;Arcachon\">\n\t\t\t\t<\/picture>\n\t\t\t\t<div class=\"spectra-image-gallery__media-thumbnail-blurrer\"><\/div>\n\t\t\t\t\t\t\t\t\t\t\t<div class=\"spectra-image-gallery__media-thumbnail-caption-wrapper spectra-image-gallery__media-thumbnail-caption-wrapper--overlay\"><\/div>\n\t\t\t\t\t\t\t\t<\/div>\n\t\t\t\t\t\t<\/div>\n\t\t\t\t\t\t<div class='spectra-image-gallery__media-wrapper' data-spectra-gallery-image-id='23755'>\n\t\t\t\t\t\t\t<div class=\"spectra-image-gallery__media spectra-image-gallery__media--carousel\">\n\t\t\t\t<picture>\n\t\t\t\t\t<source media=\"(min-width: 1024px)\" srcset=\"https:\/\/bassin-arcachon.com\/wp-content\/uploads\/2017\/02\/Peche-a-pied-mar\u00e9e-basse-coeur-du-bassin.jpg\">\n\t\t\t\t\t<source media=\"(min-width: 768px)\" srcset=\"https:\/\/bassin-arcachon.com\/wp-content\/uploads\/2017\/02\/Peche-a-pied-mar\u00e9e-basse-coeur-du-bassin.jpg\">\n\t\t\t\t\t<img decoding=\"async\" class=\"spectra-image-gallery__media-thumbnail spectra-image-gallery__media-thumbnail--carousel\" src=\"https:\/\/bassin-arcachon.com\/wp-content\/uploads\/2017\/02\/Peche-a-pied-mar\u00e9e-basse-coeur-du-bassin-300x200.jpg\" alt=\"- - Bassin d&#039;Arcachon\" loading=\"lazy\" title=\"- - Bassin d&#039;Arcachon\">\n\t\t\t\t<\/picture>\n\t\t\t\t<div class=\"spectra-image-gallery__media-thumbnail-blurrer\"><\/div>\n\t\t\t\t\t\t\t\t\t\t\t<div class=\"spectra-image-gallery__media-thumbnail-caption-wrapper spectra-image-gallery__media-thumbnail-caption-wrapper--overlay\"><\/div>\n\t\t\t\t\t\t\t\t<\/div>\n\t\t\t\t\t\t<\/div>\n\t\t\t\t\t\t<div class='spectra-image-gallery__media-wrapper' data-spectra-gallery-image-id='1692'>\n\t\t\t\t\t\t\t<div class=\"spectra-image-gallery__media spectra-image-gallery__media--carousel\">\n\t\t\t\t<picture>\n\t\t\t\t\t<source media=\"(min-width: 1024px)\" srcset=\"https:\/\/bassin-arcachon.com\/wp-content\/uploads\/2017\/04\/domaine-de-certes-24-1024x683.jpg\">\n\t\t\t\t\t<source media=\"(min-width: 768px)\" srcset=\"https:\/\/bassin-arcachon.com\/wp-content\/uploads\/2017\/04\/domaine-de-certes-24-1024x683.jpg\">\n\t\t\t\t\t<img decoding=\"async\" class=\"spectra-image-gallery__media-thumbnail spectra-image-gallery__media-thumbnail--carousel\" src=\"https:\/\/bassin-arcachon.com\/wp-content\/uploads\/2017\/04\/domaine-de-certes-24-300x200.jpg\" alt=\"- - Bassin d&#039;Arcachon\" loading=\"lazy\" title=\"- - Bassin d&#039;Arcachon\">\n\t\t\t\t<\/picture>\n\t\t\t\t<div class=\"spectra-image-gallery__media-thumbnail-blurrer\"><\/div>\n\t\t\t\t\t\t\t\t\t\t\t<div class=\"spectra-image-gallery__media-thumbnail-caption-wrapper spectra-image-gallery__media-thumbnail-caption-wrapper--overlay\"><\/div>\n\t\t\t\t\t\t\t\t<\/div>\n\t\t\t\t\t\t<\/div>\n\t\t\t\t\t\t\t\t\t\t\t<\/div>\n\t\t\t\t\t\t\t<\/div>\n\t\t\t\t\t\t\t\t\t\t\t<\/div>\n\t\t\t\t\t\t\t\t\t<\/div>\n<\/div><\/div>\n\n\n\n<div style=\"height:60px\" aria-hidden=\"true\" class=\"wp-block-spacer\"><\/div>\n\n\n\n<div class=\"wp-block-uagb-container uagb-block-9390bb8d alignfull uagb-is-root-container\"><div class=\"uagb-container-inner-blocks-wrap\">\n<h2 class=\"wp-block-heading\">\u041f\u043e\u0437\u0432\u043e\u043b\u044c\u0442\u0435 \u0441\u0435\u0431\u0435 \u0443\u0432\u043b\u0435\u0447\u044c\u0441\u044f \u0442\u0435\u0447\u0435\u043d\u0438\u0435\u043c<\/h2>\n\n\n\n<p>\u0414\u043b\u044f \u043e\u0442\u0434\u044b\u0445\u0430 \u043d\u0430 \u0432\u043e\u0434\u0435 \u0441\u0430\u0434\u0438\u0442\u0435\u0441\u044c \u043d\u0430&nbsp;<a href=\"https:\/\/bassin-arcachon.com\/ru\/%d1%87%d1%82%d0%be-%d0%b4%d0%b5%d0%bb%d0%b0%d1%82%d1%8c\/%d0%bd%d0%b0-%d0%b2%d0%be%d0%b4%d0%b5\/\">\u043a\u0430\u043d\u043e\u044d \u043a\u0430\u044f\u043a<\/a> \u043e\u0442\u043a\u0440\u044b\u0442\u044c \u0434\u043b\u044f \u0441\u0435\u0431\u044f Domaine de Certes-Graveyron \u0434\u0440\u0443\u0433\u0438\u043c \u0441\u043f\u043e\u0441\u043e\u0431\u043e\u043c, \u043e\u0442\u043f\u0440\u0430\u0432\u043b\u044f\u044f\u0441\u044c \u0438\u0437 \u043f\u043e\u0440\u0442\u0430 \u041a\u0430\u0441\u0441\u0438. \u041f\u043e \u043f\u0443\u0442\u0438 \u0432\u044b \u0432\u0441\u0442\u0440\u0435\u0442\u0438\u0442\u0435 \u043d\u0435\u0441\u043a\u043e\u043b\u044c\u043a\u043e \u0442\u0443\u0440\u0438\u0441\u0442\u043e\u0432, \u043a\u043e\u0442\u043e\u0440\u044b\u0435 \u043e\u0442\u043f\u0440\u0430\u0432\u0438\u043b\u0438\u0441\u044c \u043d\u0430 \u043f\u0440\u043e\u0433\u0443\u043b\u043a\u0443.<\/p>\n\n\n\n<p>\u0412\u043e\u0441\u043f\u043e\u043b\u044c\u0437\u0443\u0439\u0442\u0435\u0441\u044c \u043f\u043e\u043d\u0442\u043e\u043d\u043e\u043c, \u0447\u0442\u043e\u0431\u044b \u043f\u0440\u0438\u0448\u0432\u0430\u0440\u0442\u043e\u0432\u0430\u0442\u044c\u0441\u044f \u0438 \u043f\u043e\u043d\u0430\u0431\u043b\u044e\u0434\u0430\u0442\u044c \u0437\u0430 \u043f\u0442\u0438\u0446\u0430\u043c\u0438, \u043f\u0440\u043e\u043b\u0435\u0442\u0430\u044e\u0449\u0438\u043c\u0438 \u043d\u0430\u0434 \u0433\u043e\u043b\u043e\u0432\u043e\u0439!<\/p>\n\n\n\t\t\t\t\t<div\n\t\t\t\t\t\tclass=\"wp-block-uagb-image-gallery uagb-block-4b05dd87\"\n\t\t\t\t\t\tstyle=\"\"\n\t\t\t\t\t>\n\t\t\t\t\t\t\t\t\t\t\t<div class=\"spectra-image-gallery spectra-image-gallery__layout--grid spectra-image-gallery__layout--grid-col-2 spectra-image-gallery__layout--grid-col-tab-2 spectra-image-gallery__layout--grid-col-mob-2\">\n\t\t\t\t\t\t\t\t\t\t\t<div class='spectra-image-gallery__media-wrapper' data-spectra-gallery-image-id='23811' tabindex=\"0\">\n\t\t\t\t\t\t\t<div class=\"spectra-image-gallery__media spectra-image-gallery__media--grid\">\n\t\t\t\t<picture>\n\t\t\t\t\t<source media=\"(min-width: 1024px)\" srcset=\"https:\/\/bassin-arcachon.com\/wp-content\/uploads\/2017\/02\/Domaines-Certes-Graveyron-Bassin-Arcachon-3.jpg\">\n\t\t\t\t\t<source media=\"(min-width: 768px)\" srcset=\"https:\/\/bassin-arcachon.com\/wp-content\/uploads\/2017\/02\/Domaines-Certes-Graveyron-Bassin-Arcachon-3.jpg\">\n\t\t\t\t\t<img decoding=\"async\" class=\"spectra-image-gallery__media-thumbnail spectra-image-gallery__media-thumbnail--grid\" src=\"https:\/\/bassin-arcachon.com\/wp-content\/uploads\/2017\/02\/Domaines-Certes-Graveyron-Bassin-Arcachon-3-300x200.jpg\" alt=\"- - Bassin d&#039;Arcachon\" loading=\"lazy\" title=\"- - Bassin d&#039;Arcachon\">\n\t\t\t\t<\/picture>\n\t\t\t\t<div class=\"spectra-image-gallery__media-thumbnail-blurrer\"><\/div>\n\t\t\t\t\t\t\t\t\t\t\t<div class=\"spectra-image-gallery__media-thumbnail-caption-wrapper spectra-image-gallery__media-thumbnail-caption-wrapper--overlay\"><\/div>\n\t\t\t\t\t\t\t\t<\/div>\n\t\t\t\t\t\t<\/div>\n\t\t\t\t\t\t<div class='spectra-image-gallery__media-wrapper' data-spectra-gallery-image-id='23818' tabindex=\"0\">\n\t\t\t\t\t\t\t<div class=\"spectra-image-gallery__media spectra-image-gallery__media--grid\">\n\t\t\t\t<picture>\n\t\t\t\t\t<source media=\"(min-width: 1024px)\" srcset=\"https:\/\/bassin-arcachon.com\/wp-content\/uploads\/2018\/07\/Canoe-domaine-de-certes.jpg\">\n\t\t\t\t\t<source media=\"(min-width: 768px)\" srcset=\"https:\/\/bassin-arcachon.com\/wp-content\/uploads\/2018\/07\/Canoe-domaine-de-certes.jpg\">\n\t\t\t\t\t<img decoding=\"async\" class=\"spectra-image-gallery__media-thumbnail spectra-image-gallery__media-thumbnail--grid\" src=\"https:\/\/bassin-arcachon.com\/wp-content\/uploads\/2018\/07\/Canoe-domaine-de-certes-300x200.jpg\" alt=\"\u043a\u0430\u043d\u043e\u044d \u0440\u044f\u0434\u043e\u043c \u0441 \u043f\u043e\u043c\u0435\u0441\u0442\u044c\u0435\u043c, \u043f\u0440\u0430\u0432\u0434\u0430, \u043c\u043e\u0433\u0438\u043b\u044c\u043d\u044b\u043c\" loading=\"lazy\" title=\"- - Bassin d&#039;Arcachon\">\n\t\t\t\t<\/picture>\n\t\t\t\t<div class=\"spectra-image-gallery__media-thumbnail-blurrer\"><\/div>\n\t\t\t\t\t\t\t\t\t\t\t<div class=\"spectra-image-gallery__media-thumbnail-caption-wrapper spectra-image-gallery__media-thumbnail-caption-wrapper--overlay\"><\/div>\n\t\t\t\t\t\t\t\t<\/div>\n\t\t\t\t\t\t<\/div>\n\t\t\t\t\t\t\t\t\t\t<\/div>\n\t\t\t\t\t\t\t\t\t\t\t\t\t\t\t\t\t\t<\/div>\n\t\t\t\t\t\t\t\t\t<\/div><\/div>\n\n\n\n<div style=\"height:60px\" aria-hidden=\"true\" class=\"wp-block-spacer\"><\/div>\n\n\n\n<div style=\"height:60px\" aria-hidden=\"true\" class=\"wp-block-spacer\"><\/div>","protected":false},"excerpt":{"rendered":"<p>Une vue in\u00e9dite sur le Bassin d\u2019Arcachon Venir chez nous, c\u2019est aussi l\u2019occasion de d\u00e9couvrir sa nature et ses espaces naturels pr\u00e9serv\u00e9s dans le&nbsp;C\u0153ur du Bassin d\u2019Arcachon. Partez au bord [&hellip;]<\/p>\n","protected":false},"author":25,"featured_media":23808,"parent":27,"menu_order":0,"comment_status":"closed","ping_status":"closed","template":"","meta":{"_acf_changed":false,"_uag_custom_page_level_css":"","footnotes":""},"class_list":["post-143","page","type-page","status-publish","has-post-thumbnail","hentry"],"acf":[],"uagb_featured_image_src":{"full":["https:\/\/bassin-arcachon.com\/wp-content\/uploads\/2017\/02\/Domaine-de-Certes-Audenge.jpg",1000,666,false],"thumbnail":["https:\/\/bassin-arcachon.com\/wp-content\/uploads\/2017\/02\/Domaine-de-Certes-Audenge-150x150.jpg",150,150,true],"medium":["https:\/\/bassin-arcachon.com\/wp-content\/uploads\/2017\/02\/Domaine-de-Certes-Audenge-600x400.jpg",600,400,true],"medium_large":["https:\/\/bassin-arcachon.com\/wp-content\/uploads\/2017\/02\/Domaine-de-Certes-Audenge-768x511.jpg",768,511,true],"large":["https:\/\/bassin-arcachon.com\/wp-content\/uploads\/2017\/02\/Domaine-de-Certes-Audenge.jpg",1000,666,false],"1536x1536":["https:\/\/bassin-arcachon.com\/wp-content\/uploads\/2017\/02\/Domaine-de-Certes-Audenge.jpg",1000,666,false],"2048x2048":["https:\/\/bassin-arcachon.com\/wp-content\/uploads\/2017\/02\/Domaine-de-Certes-Audenge.jpg",1000,666,false],"trp-custom-language-flag":["https:\/\/bassin-arcachon.com\/wp-content\/uploads\/2017\/02\/Domaine-de-Certes-Audenge-18x12.jpg",18,12,true]},"uagb_author_info":{"display_name":"Marie Clauzel","author_link":"https:\/\/bassin-arcachon.com\/ru\/author\/mariesiba\/"},"uagb_comment_info":0,"uagb_excerpt":"Une vue in\u00e9dite sur le Bassin d\u2019Arcachon Venir chez nous, c\u2019est aussi l\u2019occasion de d\u00e9couvrir sa nature et ses espaces naturels pr\u00e9serv\u00e9s dans le&nbsp;C\u0153ur du Bassin d\u2019Arcachon. Partez au bord [&hellip;]","_links":{"self":[{"href":"https:\/\/bassin-arcachon.com\/ru\/wp-json\/wp\/v2\/pages\/143","targetHints":{"allow":["GET"]}}],"collection":[{"href":"https:\/\/bassin-arcachon.com\/ru\/wp-json\/wp\/v2\/pages"}],"about":[{"href":"https:\/\/bassin-arcachon.com\/ru\/wp-json\/wp\/v2\/types\/page"}],"author":[{"embeddable":true,"href":"https:\/\/bassin-arcachon.com\/ru\/wp-json\/wp\/v2\/users\/25"}],"replies":[{"embeddable":true,"href":"https:\/\/bassin-arcachon.com\/ru\/wp-json\/wp\/v2\/comments?post=143"}],"version-history":[{"count":0,"href":"https:\/\/bassin-arcachon.com\/ru\/wp-json\/wp\/v2\/pages\/143\/revisions"}],"up":[{"embeddable":true,"href":"https:\/\/bassin-arcachon.com\/ru\/wp-json\/wp\/v2\/pages\/27"}],"wp:featuredmedia":[{"embeddable":true,"href":"https:\/\/bassin-arcachon.com\/ru\/wp-json\/wp\/v2\/media\/23808"}],"wp:attachment":[{"href":"https:\/\/bassin-arcachon.com\/ru\/wp-json\/wp\/v2\/media?parent=143"}],"curies":[{"name":"WP","href":"https:\/\/api.w.org\/{rel}","templated":true}]}}