{"id":157,"date":"2017-03-09T14:32:23","date_gmt":"2017-03-09T13:32:23","guid":{"rendered":"https:\/\/bassin-arcachon.com\/\/?page_id=157"},"modified":"2024-12-13T11:01:26","modified_gmt":"2024-12-13T10:01:26","slug":"%d0%b0%d1%80%d0%b5%d1%81","status":"publish","type":"page","link":"https:\/\/bassin-arcachon.com\/ru\/nos-villes-et-villages\/ares\/","title":{"rendered":"\u0410\u0440\u0435\u0441"},"content":{"rendered":"<div class=\"wp-block-uagb-container uagb-block-1d8bdfb2 alignfull uagb-is-root-container\"><div class=\"uagb-container-inner-blocks-wrap\">\n<div class=\"wp-block-uagb-container uagb-block-32469a85\">\n<div class=\"wp-block-uagb-image uagb-block-1f4775da wp-block-uagb-image--layout-default wp-block-uagb-image--effect-static wp-block-uagb-image--align-none\"><figure class=\"wp-block-uagb-image__figure\"><img decoding=\"async\" srcset=\"https:\/\/bassin-arcachon.com\/wp-content\/uploads\/2020\/07\/mini-map-ares.jpg \" sizes=\"auto, (max-width: 480px) 150px\" src=\"https:\/\/bassin-arcachon.com\/wp-content\/uploads\/2020\/07\/mini-map-ares.jpg\" alt=\"- - Bassin d&#039;Arcachon\" class=\"uag-image-44398\" width=\"278\" height=\"278\" title=\"- - Bassin d&#039;Arcachon\" loading=\"lazy\" role=\"img\"><\/figure><\/div>\n<\/div>\n\n\n\n<div class=\"wp-block-uagb-container uagb-block-685d65f6\">\n<h2 class=\"wp-block-heading\">Ares, \u0434\u043b\u044f \u043d\u0430\u0441\u0442\u043e\u044f\u0449\u0435\u0433\u043e \u0441\u0435\u043c\u0435\u0439\u043d\u043e\u0433\u043e \u043e\u0442\u0434\u044b\u0445\u0430<\/h2>\n\n\n\n<p>\u041c\u0435\u0436\u0434\u0443 Bassin \u0438 \u043f\u0440\u0438\u0440\u043e\u0434\u043e\u0439 \u0410\u0440\u0435\u0441\u0443 \u0435\u0441\u0442\u044c \u0447\u0435\u043c \u0432\u0430\u0441 \u0443\u0434\u0438\u0432\u0438\u0442\u044c! \u041f\u0440\u0438\u0445\u043e\u0434\u0438\u0442\u0435 \u0438 \u043d\u0430\u0441\u043b\u0430\u0434\u0438\u0442\u0435\u0441\u044c \u0435\u0433\u043e \u0443\u0441\u0442\u0440\u0438\u0447\u043d\u044b\u043c \u043f\u043e\u0440\u0442\u043e\u043c \u0438\u043b\u0438 \u0435\u0433\u043e \u043f\u0440\u0438\u0440\u043e\u0434\u043d\u044b\u043c\u0438 \u043c\u0435\u0441\u0442\u0430\u043c\u0438 \u0432 \u043f\u043e\u0438\u0441\u043a\u0430\u0445 \u043e\u0445\u0440\u0430\u043d\u044f\u0435\u043c\u044b\u0445 \u0432\u0438\u0434\u043e\u0432. \u0411\u043b\u0430\u0433\u043e\u0434\u0430\u0440\u044f \u044f\u0440\u043b\u044b\u043a\u0443 \u00abFamille Plus\u00bb \u0410\u0440\u0435\u0441 \u044f\u0432\u043b\u044f\u0435\u0442\u0441\u044f \u0438\u0434\u0435\u0430\u043b\u044c\u043d\u044b\u043c \u043c\u0435\u0441\u0442\u043e\u043c \u0434\u043b\u044f \u043d\u0430\u0441\u0442\u043e\u044f\u0449\u0435\u0433\u043e \u0441\u0435\u043c\u0435\u0439\u043d\u043e\u0433\u043e \u043e\u0442\u0434\u044b\u0445\u0430.&nbsp;<a href=\"https:\/\/bassin-arcachon.com\/ru\/%d1%87%d1%82%d0%be-%d0%b4%d0%b5%d0%bb%d0%b0%d1%82%d1%8c\/samuser-avec-les-enfants\/\">\u0441 \u0434\u0435\u0442\u044c\u043c\u0438<\/a>&nbsp;!<br>\u0412\u044b \u0438\u0449\u0435\u0442\u0435 \u043e\u0442\u0435\u043b\u044c, <a href=\"https:\/\/bassin-arcachon.com\/ru\/%d0%b8%d0%bb%d0%b8-%d1%81%d0%bf%d0%b0%d1%82%d1%8c\/%d0%b0%d1%80%d0%b5%d0%bd%d0%b4%d0%b0\/%d0%bd%d0%b0%d1%88%d0%b0-%d0%b0%d1%80%d0%b5%d0%bd%d0%b4%d0%b0-%d0%bd%d0%b0-%d0%b2%d1%80%d0%b5%d0%bc%d1%8f-%d0%be%d1%82%d0%bf%d1%83%d1%81%d0%ba%d0%b0-%d0%b2-%d0%b0%d1%80%d0%b5%d1%81%d0%b5\/\">\u0430\u0440\u0435\u043d\u0434\u0430 \u043d\u0430 \u0432\u0440\u0435\u043c\u044f \u043e\u0442\u043f\u0443\u0441\u043a\u0430<\/a>, <a href=\"https:\/\/bassin-arcachon.com\/ru\/%d0%b8%d0%bb%d0%b8-%d1%81%d0%bf%d0%b0%d1%82%d1%8c\/%d0%ba%d1%80%d0%be%d0%b2%d0%b0%d1%82%d1%8c-%d0%b8-%d0%b7%d0%b0%d0%b2%d1%82%d1%80%d0%b0%d0%ba\/%d0%bd%d0%b0%d1%88%d0%b8-%d0%bd%d0%be%d0%bc%d0%b5%d1%80%d0%b0-%d0%b2-%d0%b0%d1%80%d0%b5\/\">\u0433\u043e\u0441\u0442\u0435\u0432\u043e\u0439 \u0434\u043e\u043c<\/a>, <a href=\"https:\/\/bassin-arcachon.com\/ru\/%d0%b8%d0%bb%d0%b8-%d1%81%d0%bf%d0%b0%d1%82%d1%8c\/%d0%be%d1%82%d0%b4%d1%8b%d1%85-%d0%bd%d0%b0-%d0%bf%d1%80%d0%b8%d1%80%d0%be%d0%b4%d0%b5\/%d0%b0%d1%80%d0%b5%d1%81\/\">\u043a\u0435\u043c\u043f\u0438\u043d\u0433<\/a>, \u0410\u0440\u0435\u0441 \u2013 \u0438\u0434\u0435\u0430\u043b\u044c\u043d\u044b\u0439 \u043c\u043e\u0440\u0441\u043a\u043e\u0439 \u043a\u0443\u0440\u043e\u0440\u0442 \u0434\u043b\u044f \u043e\u0442\u0434\u044b\u0445\u0430.<\/p>\n<\/div>\n<\/div><\/div>\n\n\n\n<div style=\"height:60px\" aria-hidden=\"true\" class=\"wp-block-spacer\"><\/div>\n\n\n\n<div class=\"wp-block-uagb-container uagb-block-d7962e0c alignfull uagb-is-root-container\"><div class=\"uagb-container-inner-blocks-wrap\">\n<div class=\"wp-block-uagb-container uagb-block-bd920663\">\n<div class=\"wp-block-uagb-image uagb-block-a08aee1b wp-block-uagb-image--layout-default wp-block-uagb-image--effect-static wp-block-uagb-image--align-none\"><figure class=\"wp-block-uagb-image__figure\"><img decoding=\"async\" srcset=\"https:\/\/bassin-arcachon.com\/wp-content\/uploads\/2018\/04\/port-ostreicole-aras-e1548070404746.jpg \" sizes=\"auto, (max-width: 480px) 150px\" src=\"https:\/\/bassin-arcachon.com\/wp-content\/uploads\/2018\/04\/port-ostreicole-aras-e1548070404746.jpg\" alt=\"\u0423\u0441\u0442\u0440\u0438\u0447\u043d\u044b\u0439 \u043f\u043e\u0440\u0442 \u0410\u0440\u0435\u0441\" class=\"uag-image-19887\" width=\"1000\" height=\"667\" title=\"- - Bassin d&#039;Arcachon\" loading=\"lazy\" role=\"img\"><\/figure><\/div>\n<\/div>\n\n\n\n<div class=\"wp-block-uagb-container uagb-block-0339e121\">\n<h3 class=\"wp-block-heading\">\u041f\u0440\u043e\u0433\u0443\u043b\u044f\u0439\u0442\u0435\u0441\u044c \u043f\u043e \u0443\u0441\u0442\u0440\u0438\u0447\u043d\u043e\u043c\u0443 \u043f\u043e\u0440\u0442\u0443<\/h3>\n\n\n\n<p>\u041d\u0430\u043f\u0440\u0430\u0432\u043b\u044f\u0439\u0442\u0435\u0441\u044c \u043a \u043a\u0440\u0430\u0441\u043e\u0447\u043d\u044b\u043c \u0445\u0438\u0436\u0438\u043d\u0430\u043c&nbsp;<a href=\"https:\/\/bassin-arcachon.com\/ru\/%d0%bd%d0%b0%d1%88%d0%b8-%d0%be%d1%81%d0%bd%d0%be%d0%b2%d1%8b\/%d1%83%d1%81%d1%82%d1%80%d0%b8%d1%87%d0%bd%d1%8b%d0%b5-%d0%b4%d0%b5%d1%80%d0%b5%d0%b2%d0%bd%d0%b8-%d0%b8-%d0%bf%d0%be%d1%80%d1%82%d1%8b\/\">\u0423\u0441\u0442\u0440\u0438\u0447\u043d\u044b\u0439 \u043f\u043e\u0440\u0442<\/a>&nbsp;\u0410\u0440\u0435\u0441! \u041d\u0430 \u043a\u0430\u043d\u0430\u043b\u0435 \u043a\u0440\u0443\u0433\u043e\u0432\u044b\u0435 \u043f\u043e\u0435\u0437\u0434\u043a\u0438 \u043f\u043e \u043a\u0432\u0430\u0440\u0442\u0438\u0440\u0430\u043c \u0438 \u0446\u0432\u0435\u0442\u043e\u0447\u043d\u044b\u0435 \u0434\u043e\u0440\u043e\u0436\u043a\u0438 \u043f\u0440\u0438\u0433\u043b\u0430\u0448\u0430\u044e\u0442 \u0432\u0430\u0441 \u043f\u0440\u043e\u0433\u0443\u043b\u044f\u0442\u044c\u0441\u044f.<\/p>\n\n\n\n<p>\u041f\u043e \u0441\u043e\u0441\u0435\u0434\u0441\u0442\u0432\u0443 \u043e\u0447\u0430\u0440\u043e\u0432\u0430\u0442\u0435\u043b\u044c\u043d\u044b\u0439 \u043f\u0435\u0439\u0437\u0430\u0436&nbsp;<a href=\"https:\/\/bassin-arcachon.com\/ru\/%d0%bd%d0%b0%d1%88%d0%b8-%d0%be%d1%81%d0%bd%d0%be%d0%b2%d1%8b\/les-pres-sales-dares-lege\/\">\u0421\u043e\u043b\u0435\u043d\u044b\u0435 \u043b\u0443\u0433\u0430 \u0410\u0440\u0435\u0441-\u041b\u0435\u0436<\/a>&nbsp;\u043f\u0440\u0435\u0434\u043b\u0430\u0433\u0430\u0435\u0442 \u0441\u043e\u0432\u0435\u0440\u0448\u0435\u043d\u043d\u043e \u0434\u0440\u0443\u0433\u0443\u044e \u043f\u0430\u043d\u043e\u0440\u0430\u043c\u0443. \u0412\u043e\u0441\u043f\u043e\u043b\u044c\u0437\u0443\u0439\u0442\u0435\u0441\u044c \u0432\u043e\u0437\u043c\u043e\u0436\u043d\u043e\u0441\u0442\u044c\u044e \u043e\u0442\u0432\u0435\u0434\u0430\u0442\u044c \u0445\u043e\u0440\u043e\u0448\u0438\u0445 \u0443\u0441\u0442\u0440\u0438\u0446 \u0432 \u0441\u043e\u043f\u0440\u043e\u0432\u043e\u0436\u0434\u0435\u043d\u0438\u0438 \u0431\u043e\u043a\u0430\u043b\u0430 \u0431\u0435\u043b\u043e\u0433\u043e \u0432\u0438\u043d\u0430 \u0443 \u043d\u0430\u0448\u0438\u0445 \u0443\u0441\u0442\u0440\u0438\u0447\u043d\u044b\u0445 \u0444\u0435\u0440\u043c\u0435\u0440\u043e\u0432!<\/p>\n<\/div>\n<\/div><\/div>\n\n\n\n<div style=\"height:40px\" aria-hidden=\"true\" class=\"wp-block-spacer\"><\/div>\n\n\n\n<div class=\"wp-block-uagb-container uagb-block-fb81b349 alignfull uagb-is-root-container\"><div class=\"uagb-container-inner-blocks-wrap\">\n<div class=\"wp-block-uagb-container uagb-block-0ad5a044\">\n<h3 class=\"wp-block-heading\">\u041f\u043e\u0433\u0440\u0443\u0437\u0438\u0442\u0435\u0441\u044c \u043f\u043e\u0441\u0440\u0435\u0434\u0438 \u0441\u043e\u043b\u044f\u043d\u044b\u0445 \u043b\u0443\u0433\u043e\u0432<\/h3>\n\n\n\n<p>\u041e\u0442\u043f\u0440\u0430\u0432\u043b\u044f\u044f\u0441\u044c \u0438\u0437 \u0443\u0441\u0442\u0440\u0438\u0447\u043d\u043e\u0433\u043e \u043f\u043e\u0440\u0442\u0430 \u0410\u0440\u0435\u0441, \u043e\u0442\u043f\u0440\u0430\u0432\u043b\u044f\u0439\u0442\u0435\u0441\u044c \u043f\u043e \u043e\u0431\u043e\u0437\u043d\u0430\u0447\u0435\u043d\u043d\u044b\u043c \u0442\u0440\u043e\u043f\u0430\u043c \u041d\u0430\u0446\u0438\u043e\u043d\u0430\u043b\u044c\u043d\u043e\u0433\u043e \u043f\u0440\u0438\u0440\u043e\u0434\u043d\u043e\u0433\u043e \u0437\u0430\u043f\u043e\u0432\u0435\u0434\u043d\u0438\u043a\u0430 \u0421\u043e\u043b\u0435\u043d\u044b\u0435 \u043b\u0443\u0433\u0430.<\/p>\n\n\n\n<p>\u041d\u0435 \u0441\u043f\u0443\u0441\u043a\u0430\u0439\u0442\u0435 \u0433\u043b\u0430\u0437 \u0441 \u0434\u043e\u0440\u043e\u0433\u0438, \u0432\u044b \u0441\u043c\u043e\u0436\u0435\u0442\u0435 \u0443\u0432\u0438\u0434\u0435\u0442\u044c \u0435\u0432\u0440\u043e\u043f\u0435\u0439\u0441\u043a\u0438\u0445 \u043f\u0440\u0443\u0434\u043e\u0432\u044b\u0445 \u0447\u0435\u0440\u0435\u043f\u0430\u0445 \u0438 \u0434\u0430\u0436\u0435 \u0437\u0435\u043b\u0435\u043d\u044b\u0445 \u044f\u0449\u0435\u0440\u0438\u0446 \u043d\u0430 \u0440\u0430\u0434\u043e\u0441\u0442\u044c \u0434\u0435\u0442\u044f\u043c! \u041c\u044b \u0441\u043e\u0432\u0435\u0442\u0443\u0435\u043c \u0432\u0430\u043c \u043e\u0442\u043a\u0440\u044b\u0442\u044c \u0434\u043b\u044f \u0441\u0435\u0431\u044f&nbsp;<a href=\"https:\/\/bassin-arcachon.com\/ru\/%d0%be%d1%82%d0%ba%d1%80%d1%8b%d1%82%d0%b8%d0%b5-%d0%bf%d1%80%d0%b5%d0%b4%d0%b2%d0%b0%d1%80%d0%b8%d1%82%d0%b5%d0%bb%d1%8c%d0%bd%d0%be%d0%b9-%d0%bf%d1%80%d0%be%d0%b4%d0%b0%d0%b6%d0%b8-%d1%80%d0%b5\/\" target=\"_blank\" rel=\"noreferrer noopener\">\u0421\u043e\u043b\u0435\u043d\u044b\u0435 \u043b\u0443\u0433\u0430 \u0441 \u0410\u043b\u0435\u043a\u0441\u0430\u043d\u0434\u0440\u043e\u043c, \u0433\u0438\u0434\u043e\u043c \u043f\u043e \u043f\u0440\u0438\u0440\u043e\u0434\u0435<\/a>&nbsp;\u0432<a href=\"https:\/\/www.ares-tourisme.com\/\" data-type=\"URL\" data-id=\"https:\/\/www.ares-tourisme.com\/\" target=\"_blank\" rel=\"noopener\">\u0422\u0443\u0440\u0438\u0441\u0442\u0438\u0447\u0435\u0441\u043a\u043e\u0435 \u0430\u0433\u0435\u043d\u0441\u0442\u0432\u043e<\/a>.<\/p>\n<\/div>\n\n\n\n<div class=\"wp-block-uagb-container uagb-block-6133f195\">\n<div class=\"wp-block-uagb-image uagb-block-c8017fc4 wp-block-uagb-image--layout-default wp-block-uagb-image--effect-static wp-block-uagb-image--align-none\"><figure class=\"wp-block-uagb-image__figure\"><img decoding=\"async\" srcset=\"https:\/\/bassin-arcachon.com\/wp-content\/uploads\/2017\/02\/pres-sales-ares-17-1024x683.jpg \" sizes=\"auto, (max-width: 480px) 150px\" src=\"https:\/\/bassin-arcachon.com\/wp-content\/uploads\/2017\/02\/pres-sales-ares-17-1024x683.jpg\" alt=\"- - Bassin d&#039;Arcachon\" class=\"uag-image-11705\" width=\"1024\" height=\"683\" title=\"- - Bassin d&#039;Arcachon\" loading=\"lazy\" role=\"img\"><\/figure><\/div>\n<\/div>\n<\/div><\/div>\n\n\n\n<div style=\"height:40px\" aria-hidden=\"true\" class=\"wp-block-spacer\"><\/div>\n\n\n\n<div class=\"wp-block-uagb-container uagb-block-f0c1a50e alignfull uagb-is-root-container\"><div class=\"uagb-container-inner-blocks-wrap\">\n<div class=\"wp-block-uagb-container uagb-block-450fbae2\">\n<div class=\"wp-block-uagb-image uagb-block-0ef644f2 wp-block-uagb-image--layout-default wp-block-uagb-image--effect-static wp-block-uagb-image--align-none\"><figure class=\"wp-block-uagb-image__figure\"><img decoding=\"async\" srcset=\"https:\/\/bassin-arcachon.com\/wp-content\/uploads\/2020\/07\/ares-triangle-de-pereire-1024x683-1.jpg \" sizes=\"auto, (max-width: 480px) 150px\" src=\"https:\/\/bassin-arcachon.com\/wp-content\/uploads\/2020\/07\/ares-triangle-de-pereire-1024x683-1.jpg\" alt=\"- - Bassin d&#039;Arcachon\" class=\"uag-image-44401\" width=\"1024\" height=\"683\" title=\"- - Bassin d&#039;Arcachon\" loading=\"lazy\" role=\"img\"><\/figure><\/div>\n<\/div>\n\n\n\n<div class=\"wp-block-uagb-container uagb-block-6c2c0313\">\n<h3 class=\"wp-block-heading\">\u041f\u0438\u043a\u043d\u0438\u043a \u0432 \u0422\u0440\u0435\u0443\u0433\u043e\u043b\u044c\u043d\u0438\u043a\u0435 \u0434\u0435 \u041f\u0435\u0440\u0435\u0439\u0440<\/h3>\n\n\n\n<p>\u0418\u043c\u043f\u0440\u043e\u0432\u0438\u0437\u0438\u0440\u0443\u0439\u0442\u0435 \u043f\u0438\u043a\u043d\u0438\u043a \u043d\u0430 \u043f\u043b\u044f\u0436\u0435 Triangle de Pereire \u0438\u043b\u0438 \u043d\u0430 <a href=\"https:\/\/bassin-arcachon.com\/ru\/%d0%bf%d0%b5%d1%80%d0%b2%d1%8b%d0%b5-%d0%bf%d0%bb%d0%be%d0%b4%d1%8b-%d0%be%d1%81%d0%b5%d0%bd%d0%b8\/\">\u0441\u0430\u0439\u0442 \u0421\u0435\u043d\u0442-\u0411\u0440\u0438\u0441<\/a> \u0432 \u0442\u0435\u043d\u0438 \u0441\u043e\u0441\u0435\u043d.<\/p>\n\n\n\n<p>\u041f\u043e\u0441\u043b\u0435 \u043e\u0431\u0435\u0434\u0430 \u043e\u0442\u043f\u0440\u0430\u0432\u043b\u044f\u0439\u0442\u0435\u0441\u044c \u0438\u0441\u0441\u043b\u0435\u0434\u043e\u0432\u0430\u0442\u044c \u043c\u0430\u043b\u0435\u043d\u044c\u043a\u0438\u0435 \u0441\u0435\u043a\u0440\u0435\u0442\u043d\u044b\u0435 \u0443\u0433\u043e\u043b\u043a\u0438 \u043f\u043e\u043c\u0435\u0441\u0442\u044c\u044f \u0438 \u043e\u0437\u0435\u0440\u0430.<\/p>\n\n\n\n<p>\u041a\u043e\u0433\u0434\u0430 \u043e\u0442\u043b\u0438\u0432, \u043a\u043e\u043d\u0448-\u0434\u0435-\u0421\u0435\u043d-\u0411\u0440\u0438\u0441 \u2014 \u0435\u0434\u0438\u043d\u0441\u0442\u0432\u0435\u043d\u043d\u043e\u0435 \u043c\u0435\u0441\u0442\u043e, \u0433\u0434\u0435 \u043c\u043e\u0436\u043d\u043e \u043a\u0443\u043f\u0430\u0442\u044c\u0441\u044f.<\/p>\n<\/div>\n<\/div><\/div>\n\n\n\n<div style=\"height:40px\" aria-hidden=\"true\" class=\"wp-block-spacer\"><\/div>\n\n\n\n<div class=\"wp-block-uagb-container uagb-block-3f06d5b2 alignfull uagb-is-root-container\"><div class=\"uagb-container-inner-blocks-wrap\">\n<div class=\"wp-block-uagb-container uagb-block-4b47f266\">\n<h3 class=\"wp-block-heading\">\u041f\u0440\u043e\u0433\u0443\u043b\u044f\u0439\u0442\u0435\u0441\u044c \u043f\u043e \u043b\u0435\u0441\u0443<\/h3>\n\n\n\n<p>\u041e\u0442\u043f\u0440\u0430\u0432\u043b\u044f\u0439\u0442\u0435\u0441\u044c \u0432 \u043b\u0435\u0441 \u0410\u0440\u0435\u0441 \u043d\u0430 \u043f\u0440\u043e\u0433\u0443\u043b\u043a\u0443 \u043d\u0430 \u043f\u0440\u0438\u0440\u043e\u0434\u0435.<\/p>\n\n\n\n<p>\u041e\u0441\u0435\u043d\u044c\u044e \u0438\u0434\u0435\u0430\u043b\u044c\u043d\u043e \u043f\u043e\u0434\u0445\u043e\u0434\u0438\u0442 \u0434\u043b\u044f \u0441\u0431\u043e\u0440\u0430 \u0433\u0440\u0438\u0431\u043e\u0432! <a href=\"https:\/\/bassin-arcachon.com\/ru\/%d1%87%d1%82%d0%be-%d0%b4%d0%b5%d0%bb%d0%b0%d1%82%d1%8c\/%d0%bf%d0%b5%d1%88%d0%b8%d0%b5-%d0%b8-%d0%b2%d0%b5%d0%bb%d0%be%d1%81%d0%b8%d0%bf%d0%b5%d0%b4%d0%bd%d1%8b%d0%b5-%d0%bf%d1%80%d0%be%d0%b3%d1%83%d0%bb%d0%ba%d0%b8\/\">\u041f\u0435\u0448\u043a\u043e\u043c \u0438\u043b\u0438 \u043d\u0430 \u0432\u0435\u043b\u043e\u0441\u0438\u043f\u0435\u0434\u0435<\/a>, \u043e\u0442\u043f\u0440\u0430\u0432\u0438\u043b\u0438\u0441\u044c \u043d\u0430 \u0434\u0435\u043d\u0451\u043a \u043f\u043e\u0441\u0440\u0435\u0434\u0438 \u043f\u0440\u0438\u043c\u043e\u0440\u0441\u043a\u0438\u0445 \u0441\u043e\u0441\u0435\u043d. \u041f\u043e \u043f\u0443\u0442\u0438 \u0441\u0430\u0439\u0442 \u043f\u0440\u0435\u0434\u043b\u0430\u0433\u0430\u0435\u0442 \u0432\u0430\u043c \u043f\u0435\u0440\u0435\u0434\u043e\u0445\u043d\u0443\u0442\u044c \u0432 \u0442\u0435\u043d\u0438 \u0434\u0435\u0440\u0435\u0432\u0430. <\/p>\n\n\n\n<p>\u0422\u0443\u0440\u0438\u0441\u0442\u0438\u0447\u0435\u0441\u043a\u0438\u0439 \u043e\u0444\u0438\u0441 \u043f\u0440\u0435\u0434\u043b\u0430\u0433\u0430\u0435\u0442 \u043c\u043d\u043e\u0433\u043e \u043f\u043e\u0441\u0435\u0449\u0435\u043d\u0438\u0439, \u043d\u0435 \u0441\u0442\u0435\u0441\u043d\u044f\u0439\u0442\u0435\u0441\u044c \u0438\u0434\u0442\u0438 \u0442\u0443\u0434\u0430!<\/p>\n<\/div>\n\n\n\n<div class=\"wp-block-uagb-container uagb-block-363ce8c8\">\n<div class=\"wp-block-uagb-image uagb-block-775d576c wp-block-uagb-image--layout-default wp-block-uagb-image--effect-static wp-block-uagb-image--align-none\"><figure class=\"wp-block-uagb-image__figure\"><img decoding=\"async\" srcset=\"https:\/\/bassin-arcachon.com\/wp-content\/uploads\/2020\/07\/Ramasser-les-champignons-en-foret-Bassin-Arcachon-1024x683-1.jpg \" sizes=\"auto, (max-width: 480px) 150px\" src=\"https:\/\/bassin-arcachon.com\/wp-content\/uploads\/2020\/07\/Ramasser-les-champignons-en-foret-Bassin-Arcachon-1024x683-1.jpg\" alt=\"- - Bassin d&#039;Arcachon\" class=\"uag-image-44402\" width=\"1024\" height=\"683\" title=\"- - Bassin d&#039;Arcachon\" loading=\"lazy\" role=\"img\"><\/figure><\/div>\n<\/div>\n<\/div><\/div>\n\n\n\n<div style=\"height:40px\" aria-hidden=\"true\" class=\"wp-block-spacer\"><\/div>\n\n\n\n<div class=\"wp-block-uagb-container uagb-block-826c5612 alignfull uagb-is-root-container\"><div class=\"uagb-container-inner-blocks-wrap\">\n<div class=\"wp-block-uagb-container uagb-block-4ea2cc4b\">\n<div class=\"wp-block-uagb-image uagb-block-26aa436a wp-block-uagb-image--layout-default wp-block-uagb-image--effect-static wp-block-uagb-image--align-none\"><figure class=\"wp-block-uagb-image__figure\"><img decoding=\"async\" srcset=\"https:\/\/bassin-arcachon.com\/wp-content\/uploads\/2020\/07\/ares-velos-1024x681-1.jpg \" sizes=\"auto, (max-width: 480px) 150px\" src=\"https:\/\/bassin-arcachon.com\/wp-content\/uploads\/2020\/07\/ares-velos-1024x681-1.jpg\" alt=\"- - Bassin d&#039;Arcachon\" class=\"uag-image-44403\" width=\"1024\" height=\"681\" title=\"- - Bassin d&#039;Arcachon\" loading=\"lazy\" role=\"img\"><\/figure><\/div>\n<\/div>\n\n\n\n<div class=\"wp-block-uagb-container uagb-block-98ade739\">\n<h3 class=\"wp-block-heading\">\u041f\u0440\u043e\u0433\u0443\u043b\u043a\u0430 \u043f\u043e \u0432\u0435\u043b\u043e\u0441\u0438\u043f\u0435\u0434\u043d\u044b\u043c \u0434\u043e\u0440\u043e\u0436\u043a\u0430\u043c \u0438 \u043f\u0435\u0448\u0435\u0445\u043e\u0434\u043d\u044b\u043c \u0434\u043e\u0440\u043e\u0436\u043a\u0430\u043c<\/h3>\n\n\n\n<p>\u041f\u0438\u043a\u043d\u0438\u043a \u0432 \u043a\u043e\u0440\u0437\u0438\u043d\u0435, \u0432\u044b\u0445\u043e\u0434 \u043d\u0430 \u0443\u043b\u0438\u0446\u0443 <a href=\"https:\/\/bassin-arcachon.com\/ru\/%d1%81%d1%85%d0%b5%d0%bc%d0%b0\/tour-dares\/\">\u0432\u0435\u043b\u043e\u0441\u0438\u043f\u0435\u0434\u043d\u044b\u0435 \u0434\u043e\u0440\u043e\u0436\u043a\u0438 \u0438\u043b\u0438 \u043f\u0435\u0448\u0435\u0445\u043e\u0434\u043d\u044b\u0435 \u0434\u043e\u0440\u043e\u0436\u043a\u0438, \u0447\u0442\u043e\u0431\u044b \u043e\u0442\u043a\u0440\u044b\u0442\u044c \u0434\u043b\u044f \u0441\u0435\u0431\u044f \u0432\u0441\u0435 \u0433\u0440\u0430\u043d\u0438 \u0410\u0440\u0435\u0441\u0430.<\/a><\/p>\n\n\n\n<p>\u041f\u043e \u043f\u0443\u0442\u0438 \u0434\u0430\u0439\u0442\u0435 \u0441\u0435\u0431\u0435 \u0437\u0430\u0441\u043b\u0443\u0436\u0435\u043d\u043d\u044b\u0439 \u043f\u0435\u0440\u0435\u0440\u044b\u0432 \u043d\u0430 \u043f\u043b\u0430\u0432\u0430\u043d\u0438\u0435 \u0432\u043e \u0432\u0440\u0435\u043c\u044f \u043f\u0440\u0438\u043b\u0438\u0432\u0430 \u043d\u0430 Bassin \u0438\u043b\u0438 \u0432\u044b\u0431\u0435\u0440\u0438\u0442\u0435 Saint Brice \u0432\u043e \u0432\u0440\u0435\u043c\u044f \u043e\u0442\u043b\u0438\u0432\u0430!<\/p>\n<\/div>\n<\/div><\/div>\n\n\n\n<div style=\"height:40px\" aria-hidden=\"true\" class=\"wp-block-spacer\"><\/div>\n\n\n\n<div class=\"wp-block-uagb-container uagb-block-4d7178b8 alignfull uagb-is-root-container\"><div class=\"uagb-container-inner-blocks-wrap\">\n<div class=\"wp-block-uagb-container uagb-block-3b8c531e\">\n<h3 class=\"wp-block-heading\">\u0412\u0434\u043e\u043b\u044c \u043f\u0438\u0440\u0441\u0430 \u0410\u0440\u0435\u0441<\/h3>\n\n\n\n<p>\u041f\u0438\u0440\u0441 \u0410\u0440\u0435\u0441 \u0438\u0437\u0432\u0435\u0441\u0442\u0435\u043d \u043a\u0430\u043a \u0441\u0430\u043c\u044b\u0439 \u0441\u0442\u0430\u0440\u044b\u0439 \u0432 Bassin \u0410\u0440\u043a\u0430\u0448\u043e\u043d\u0430.<\/p>\n\n\n\n<p>\u041f\u0435\u0448\u043a\u043e\u043c \u0438 \u0432\u043e \u0432\u0440\u0435\u043c\u044f \u043e\u0442\u043b\u0438\u0432\u0430 \u043f\u0440\u043e\u0433\u0443\u043b\u044f\u0439\u0442\u0435\u0441\u044c \u0432\u0434\u043e\u043b\u044c \u043f\u0438\u0440\u0441\u0430, \u043a\u043e\u0442\u043e\u0440\u044b\u0439 \u0432 \u0442\u043e \u0432\u0440\u0435\u043c\u044f \u0438\u0441\u043f\u043e\u043b\u044c\u0437\u043e\u0432\u0430\u043b\u0441\u044f \u043a\u0430\u043a \u043f\u0440\u0438\u0447\u0430\u043b \u0434\u043b\u044f \u0440\u044b\u0431\u0430\u043a\u043e\u0432.<\/p>\n\n\n\n<p>\u0425\u043e\u0440\u043e\u0448\u0430\u044f \u0442\u043e\u0447\u043a\u0430 \u0437\u0440\u0435\u043d\u0438\u044f \u043d\u0430 Bassin: \u0434\u043e\u0441\u0442\u0430\u043d\u044c\u0442\u0435 \u043a\u0430\u043c\u0435\u0440\u0443!<\/p>\n<\/div>\n\n\n\n<div class=\"wp-block-uagb-container uagb-block-9a8e086f\">\n<div class=\"wp-block-uagb-image uagb-block-c59bb09f wp-block-uagb-image--layout-default wp-block-uagb-image--effect-static wp-block-uagb-image--align-none\"><figure class=\"wp-block-uagb-image__figure\"><img decoding=\"async\" srcset=\"https:\/\/bassin-arcachon.com\/wp-content\/uploads\/2019\/06\/jet\u00e9e-dAr\u00e8s-point-de-vue-sur-le-Bassin-dArcachon.jpg 1000w, https:\/\/bassin-arcachon.com\/wp-content\/uploads\/2019\/06\/jet\u00e9e-dAr\u00e8s-point-de-vue-sur-le-Bassin-dArcachon-600x450.jpg 600w, https:\/\/bassin-arcachon.com\/wp-content\/uploads\/2019\/06\/jet\u00e9e-dAr\u00e8s-point-de-vue-sur-le-Bassin-dArcachon-768x576.jpg 768w, https:\/\/bassin-arcachon.com\/wp-content\/uploads\/2019\/06\/jet\u00e9e-dAr\u00e8s-point-de-vue-sur-le-Bassin-dArcachon-16x12.jpg 16w\" sizes=\"auto, (max-width: 480px) 150px\" src=\"https:\/\/bassin-arcachon.com\/wp-content\/uploads\/2019\/06\/jet\u00e9e-dAr\u00e8s-point-de-vue-sur-le-Bassin-dArcachon.jpg\" alt=\"- - Bassin d&#039;Arcachon\" class=\"uag-image-35260\" width=\"1000\" height=\"750\" title=\"- - Bassin d&#039;Arcachon\" loading=\"lazy\" role=\"img\"><\/figure><\/div>\n<\/div>\n<\/div><\/div>\n\n\n\n<div style=\"height:40px\" aria-hidden=\"true\" class=\"wp-block-spacer\"><\/div>","protected":false},"excerpt":{"rendered":"<p>Ar\u00e8s, pour des vraies vacances en famille Entre Bassin et nature, Ar\u00e8s a de quoi vous surprendre ! Venez profiter de son port ostr\u00e9icole, ou de ses sites naturels \u00e0 [&hellip;]<\/p>\n","protected":false},"author":25,"featured_media":11705,"parent":29,"menu_order":7,"comment_status":"closed","ping_status":"closed","template":"","meta":{"_acf_changed":false,"_uag_custom_page_level_css":"","footnotes":""},"class_list":["post-157","page","type-page","status-publish","has-post-thumbnail","hentry"],"acf":[],"uagb_featured_image_src":{"full":["https:\/\/bassin-arcachon.com\/wp-content\/uploads\/2017\/02\/pres-sales-ares-17.jpg",1200,800,false],"thumbnail":["https:\/\/bassin-arcachon.com\/wp-content\/uploads\/2017\/02\/pres-sales-ares-17-150x150.jpg",150,150,true],"medium":["https:\/\/bassin-arcachon.com\/wp-content\/uploads\/2017\/02\/pres-sales-ares-17-600x400.jpg",600,400,true],"medium_large":["https:\/\/bassin-arcachon.com\/wp-content\/uploads\/2017\/02\/pres-sales-ares-17-768x512.jpg",768,512,true],"large":["https:\/\/bassin-arcachon.com\/wp-content\/uploads\/2017\/02\/pres-sales-ares-17-1024x683.jpg",1024,683,true],"1536x1536":["https:\/\/bassin-arcachon.com\/wp-content\/uploads\/2017\/02\/pres-sales-ares-17.jpg",1200,800,false],"2048x2048":["https:\/\/bassin-arcachon.com\/wp-content\/uploads\/2017\/02\/pres-sales-ares-17.jpg",1200,800,false],"trp-custom-language-flag":["https:\/\/bassin-arcachon.com\/wp-content\/uploads\/2017\/02\/pres-sales-ares-17-18x12.jpg",18,12,true]},"uagb_author_info":{"display_name":"Marie Clauzel","author_link":"https:\/\/bassin-arcachon.com\/ru\/author\/mariesiba\/"},"uagb_comment_info":0,"uagb_excerpt":"Ar\u00e8s, pour des vraies vacances en famille Entre Bassin et nature, Ar\u00e8s a de quoi vous surprendre ! Venez profiter de son port ostr\u00e9icole, ou de ses sites naturels \u00e0 [&hellip;]","_links":{"self":[{"href":"https:\/\/bassin-arcachon.com\/ru\/wp-json\/wp\/v2\/pages\/157","targetHints":{"allow":["GET"]}}],"collection":[{"href":"https:\/\/bassin-arcachon.com\/ru\/wp-json\/wp\/v2\/pages"}],"about":[{"href":"https:\/\/bassin-arcachon.com\/ru\/wp-json\/wp\/v2\/types\/page"}],"author":[{"embeddable":true,"href":"https:\/\/bassin-arcachon.com\/ru\/wp-json\/wp\/v2\/users\/25"}],"replies":[{"embeddable":true,"href":"https:\/\/bassin-arcachon.com\/ru\/wp-json\/wp\/v2\/comments?post=157"}],"version-history":[{"count":1,"href":"https:\/\/bassin-arcachon.com\/ru\/wp-json\/wp\/v2\/pages\/157\/revisions"}],"predecessor-version":[{"id":118617,"href":"https:\/\/bassin-arcachon.com\/ru\/wp-json\/wp\/v2\/pages\/157\/revisions\/118617"}],"up":[{"embeddable":true,"href":"https:\/\/bassin-arcachon.com\/ru\/wp-json\/wp\/v2\/pages\/29"}],"wp:featuredmedia":[{"embeddable":true,"href":"https:\/\/bassin-arcachon.com\/ru\/wp-json\/wp\/v2\/media\/11705"}],"wp:attachment":[{"href":"https:\/\/bassin-arcachon.com\/ru\/wp-json\/wp\/v2\/media?parent=157"}],"curies":[{"name":"WP","href":"https:\/\/api.w.org\/{rel}","templated":true}]}}