{"id":37585,"date":"2019-08-30T12:09:05","date_gmt":"2019-08-30T10:09:05","guid":{"rendered":"https:\/\/bassin-arcachon.com\/\/?page_id=37585"},"modified":"2024-08-27T10:27:46","modified_gmt":"2024-08-27T08:27:46","slug":"vtc-%d0%bf%d1%80%d0%be%d0%ba%d0%b0%d1%82","status":"publish","type":"page","link":"https:\/\/bassin-arcachon.com\/ru\/se-deplacer-sur-le-bassin\/location-vtc\/","title":{"rendered":"\u0410\u0440\u0435\u043d\u0434\u0430 \u0412\u0422\u041a"},"content":{"rendered":"<div class=\"wp-block-uagb-container uagb-block-8832d69f alignfull uagb-is-root-container\"><div class=\"uagb-container-inner-blocks-wrap\">\n<h2 class=\"wp-block-heading\">\u041d\u0430\u0439\u0442\u0438 \u0430\u0432\u0442\u043e\u043c\u043e\u0431\u0438\u043b\u044c \u0441 \u0432\u043e\u0434\u0438\u0442\u0435\u043b\u0435\u043c \u043d\u0430 Bassin \u0432 \u0410\u0440\u043a\u0430\u0448\u043e\u043d\u0435<\/h2>\n\n\n\n<h3 class=\"wp-block-heading\">\u0410\u0420\u041a\u0410\u0411\u0415\u0420\u041b\u0410\u0419\u041d\u0421<\/h3>\n\n\n\n<p>\u041f\u0440\u0435\u0438\u043c\u0443\u0449\u0435\u0441\u0442\u0432\u0430 \u0438 \u0443\u0441\u043b\u0443\u0433\u0438 7\/7 \u2013 24\/24 (\u0442\u043e\u043b\u044c\u043a\u043e \u043f\u043e \u043f\u0440\u0435\u0434\u0432\u0430\u0440\u0438\u0442\u0435\u043b\u044c\u043d\u043e\u043c\u0443 \u0437\u0430\u043a\u0430\u0437\u0443)<br>\u0422\u0430\u043a\u043e\u0439. 06 14 04 17 87<br>\u042d\u043b\u0435\u043a\u0442\u0440\u043e\u043d\u043d\u043e\u0435 \u043f\u0438\u0441\u044c\u043c\u043e:&nbsp;<a href=\"mailto:contact@arcaberlines.com\">contact@arcaberlines.com<\/a><br>\u0412\u0435\u0431-\u0441\u0430\u0439\u0442 :&nbsp;<a href=\"http:\/\/www.arcaberlines.com\/\" target=\"_blank\" rel=\"noreferrer noopener\">www.arcaberlines.com<\/a><\/p>\n\n\n\n<h3 class=\"wp-block-heading\">BA VTC \/ \u041b\u0418\u041d\u0418\u0419\u041d\u042b\u0419 \u041b\u0418\u041c\u0423\u0417\u0418\u041d VTC <\/h3>\n\n\n\n<p>\u041f\u0440\u0435\u0438\u043c\u0443\u0449\u0435\u0441\u0442\u0432\u0430 \u0438 \u0443\u0441\u043b\u0443\u0433\u0438 7\/7 \u2013 24\/24<br>\u0422\u0430\u043a\u043e\u0439. 0 805 38 08 08 (\u0431\u0435\u0441\u043f\u043b\u0430\u0442\u043d\u044b\u0439 \u043d\u043e\u043c\u0435\u0440)<br>\u042d\u043b\u0435\u043a\u0442\u0440\u043e\u043d\u043d\u043e\u0435 \u043f\u0438\u0441\u044c\u043c\u043e:\u00a0<a href=\"mailto:linelimousinevtc@gmail.com\">linelimousinevtc@gmail.com <\/a><br>\u041e\u043d\u043b\u0430\u0439\u043d-\u0431\u0440\u043e\u043d\u0438\u0440\u043e\u0432\u0430\u043d\u0438\u0435 \u0438 \u043e\u043f\u043b\u0430\u0442\u0430 \u043a\u0440\u0435\u0434\u0438\u0442\u043d\u043e\u0439 \u043a\u0430\u0440\u0442\u043e\u0439 \u043d\u0430\u00a0<a href=\"https:\/\/ba591691d.web.app\/\" target=\"_blank\" rel=\"noreferrer noopener\">https:\/\/ba591691d.web.app\/<\/a><\/p>\n\n\n\n<h3 class=\"wp-block-heading\">\u0422\u0420\u0410\u041d\u0421\u041f\u041e\u0420\u0422\u041d\u042b\u0419 \u0412\u041e\u0414\u0418\u0422\u0415\u041b\u042c<\/h3>\n\n\n\n<p>\u0422\u0430\u043a\u043e\u0439. 06 11 28 10 37<br>\u042d\u043b\u0435\u043a\u0442\u0440\u043e\u043d\u043d\u043e\u0435 \u043f\u0438\u0441\u044c\u043c\u043e:&nbsp;<a href=\"mailto:contact-driver@orange.fr\">contact-driver@orange.fr<\/a><br>\u0412\u0435\u0431-\u0441\u0430\u0439\u0442 :&nbsp;<a href=\"http:\/\/www.transportdriver.fr\/\" target=\"_blank\" rel=\"noreferrer noopener\">www.transportdriver.fr<\/a><\/p>\n\n\n\n<h3 class=\"wp-block-heading\">\u041d\u041e\u041a\u0422\u0410\u041c\u0411\u0423\u041b\u042c\u0421\u041a\u0418\u0419 \u0411\u0410\u0421\u0421\u0415\u0419\u041d \u0410\u0420\u041a\u0410\u0428\u041e\u041d<\/h3>\n\n\n\n<p>\u041d\u043e\u0447\u043d\u043e\u0439 \u0442\u0440\u0430\u043d\u0441\u043f\u043e\u0440\u0442 \/ \u0412\u043e\u043a\u0437\u0430\u043b \u0438 \u0430\u044d\u0440\u043e\u043f\u043e\u0440\u0442 \/ \u041f\u0440\u043e\u0432\u0438\u0437\u0438\u044f<br>\u0422\u0430\u043a\u043e\u0439. 06 37 16 57 23<br>\u0412\u0435\u0431-\u0441\u0430\u0439\u0442 :\u00a0<a href=\"https:\/\/www.vtc-noctambule.fr\/\" target=\"_blank\" rel=\"noopener\">https:\/\/www.vtc-noctambule.fr\/<\/a><\/p>\n\n\n\n<h3 class=\"wp-block-heading\">VIP-\u0412\u041e\u0414\u0418\u0422\u0415\u041b\u042c\u0421\u041a\u0418\u0415 \u0423\u0421\u041b\u0423\u0413\u0418<\/h3>\n\n\n\n<p>\u0422\u0430\u043a\u043e\u0439. 06 05 36 64 38<br>\u042d\u043b\u0435\u043a\u0442\u0440\u043e\u043d\u043d\u043e\u0435 \u043f\u0438\u0441\u044c\u043c\u043e:\u00a0<a href=\"mailto:vip.chauffeur.service33@gmail.com\">vip.chauffeur.service.33@gmail.com <\/a><br>\u0412\u0435\u0431-\u0441\u0430\u0439\u0442 : <a href=\"https:\/\/www.eurecab.com\/annonce\/vip-chauffeur-service\" target=\"_blank\" rel=\"noreferrer noopener\">https:\/\/www.eurecab.com\/annonce\/vip-chauffeur-service<\/a><\/p>\n\n\n\n<h3 class=\"wp-block-heading\">\u0422\u0420\u0410\u041d\u0421\u0424\u0415\u0420 \u0412 \u0410\u0420\u041a\u0410\u0428\u041e\u041d<\/h3>\n\n\n\n<p>\u0422\u0430\u043a\u043e\u0439. 07 71 80 75 28 \/ 07 71 10 05 75<br>\u042d\u043b\u0435\u043a\u0442\u0440\u043e\u043d\u043d\u043e\u0435 \u043f\u0438\u0441\u044c\u043c\u043e:\u00a0<a href=\"mailto:arcachontransfert@gmail.com\">arcachontransfert@gmail.com<\/a> <\/p>\n\n\n\n<h3 class=\"wp-block-heading\">\u041f\u0420\u0418\u0412\u0418\u041b\u0415\u0413\u0418\u042f \u041f\u0420\u0418\u0412\u0418\u041b\u0415\u0413\u0418\u042f VTC<\/h3>\n\n\n\n<p>\u041f\u0440\u0435\u0438\u043c\u0443\u0449\u0435\u0441\u0442\u0432\u0430 \u0438 \u0443\u0441\u043b\u0443\u0433\u0438 7\/7 \u2013 24\/24<br>\u0422\u0430\u043a\u043e\u0439. 06 23 07 35 58<br>\u042d\u043b\u0435\u043a\u0442\u0440\u043e\u043d\u043d\u043e\u0435 \u043f\u0438\u0441\u044c\u043c\u043e:\u00a0<a href=\"mailto:privilegeprivevtc@gmail.com\">privilegeprivevtc@gmail.com<\/a><br><\/p>\n\n\n\n<h3 class=\"wp-block-heading\">\u0412\u0422\u0426 \u0421\u041b\u041f <\/h3>\n\n\n\n<p>\u0422\u0430\u043a\u043e\u0439. 06 70 04 56 42<br>\u042d\u043b\u0435\u043a\u0442\u0440\u043e\u043d\u043d\u043e\u0435 \u043f\u0438\u0441\u044c\u043c\u043e:&nbsp;<a href=\"mailto:vtcslp@gmail.com\">vtcslp@gmail.com<\/a> <br>\u0412\u0435\u0431-\u0441\u0430\u0439\u0442 :&nbsp;<a href=\"https:\/\/www.facebook.com\/MavoituresurleBassin\/\" target=\"_blank\" rel=\"noopener\">https:\/\/www.facebook.com\/MavoituresurleBassin\/<\/a><\/p>\n\n\n\n<h3 class=\"wp-block-heading\">\u041c\u0418\u0421\u0422\u0415\u0420 \u0410\u0412\u0422\u041e\u041c\u041e\u0411\u0418\u041b\u042c\u041d\u0418\u041a<\/h3>\n\n\n\n<p>\u0422\u0430\u043a\u043e\u0439. 06 42 57 81 55 <br>\u042d\u043b\u0435\u043a\u0442\u0440\u043e\u043d\u043d\u043e\u0435 \u043f\u0438\u0441\u044c\u043c\u043e:&nbsp;<a href=\"mailto:mistercardriver33@gmail.com\">mistercardriver33@gmail.com<\/a><br>\u0412\u0435\u0431-\u0441\u0430\u0439\u0442 : <a href=\"https:\/\/www.mistercardriver-arcachon.fr\/\" target=\"_blank\" rel=\"noopener\">https:\/\/www.mistercardriver-arcachon.fr\/<\/a><\/p>\n\n\n\n<h3 class=\"wp-block-heading\">\u041b\u0435\u0434\u0438\u0434\u0440\u0430\u0439\u0432\u0435\u0440 VTC<\/h3>\n\n\n\n<p>\u0422\u0430\u043a\u043e\u0439. 06 70 42 42 17<br>\u042d\u043b\u0435\u043a\u0442\u0440\u043e\u043d\u043d\u043e\u0435 \u043f\u0438\u0441\u044c\u043c\u043e: <a href=\"mailto:contact@ladydrivervtc.fr\">contact@ladydrivervtc.fr<\/a><br>\u0412\u0435\u0431-\u0441\u0430\u0439\u0442 : <a href=\"https:\/\/ladydrivervtc.fr\/\" target=\"_blank\" rel=\"noopener\">https:\/\/ladydrivervtc.fr\/<\/a><\/p>\n\n\n\n<h3 class=\"wp-block-heading\">\u0410\u0420\u041a\u0410\u0420 \u0412\u0422\u0426 <\/h3>\n\n\n\n<p>\u0422\u0430\u043a\u043e\u0439. 06 23 37 60 66<br>\u042d\u043b\u0435\u043a\u0442\u0440\u043e\u043d\u043d\u043e\u0435 \u043f\u0438\u0441\u044c\u043c\u043e: <a href=\"mailto:myarcar@gmail.com\" target=\"_blank\" rel=\"noreferrer noopener\">myarcar@gmail.com<\/a> \u0412\u0435\u0431-\u0441\u0430\u0439\u0442 : <a href=\"https:\/\/myarcar.com\/\" target=\"_blank\" rel=\"noopener\">myarcar.com<\/a><\/p>\n\n\n\n<h3 class=\"wp-block-heading\">V DRIVE \/ CAP FERRET V DRIVE<\/h3>\n\n\n\n<p>\u0422\u0430\u043a\u043e\u0439. 06 33 00 51 65<br>\u042d\u043b\u0435\u043a\u0442\u0440\u043e\u043d\u043d\u043e\u0435 \u043f\u0438\u0441\u044c\u043c\u043e: <a href=\"mailto:vdrive.fr@gmail.com\">vdrive.fr@gmail.com <\/a><br>\u0412\u0435\u0431-\u0441\u0430\u0439\u0442 : <a href=\"https:\/\/v-drive.fr\/\" target=\"_blank\" rel=\"noopener\">https:\/\/v-drive.fr\/<\/a><\/p>\n\n\n\n<h3 class=\"wp-block-heading\">\u0410\u0412\u0421 \u0412\u0422\u0426<\/h3>\n\n\n\n<p> \u0422\u0430\u043a\u043e\u0439. 07 74 34 65 00 <br>\u042d\u043b\u0435\u043a\u0442\u0440\u043e\u043d\u043d\u043e\u0435 \u043f\u0438\u0441\u044c\u043c\u043e: <a href=\"mailto:lescigalesdubassin@gmail.com\">lescigalesdubassin@gmail.com<\/a><\/p>\n\n\n\n<h3 class=\"wp-block-heading\">\u0424\u0420\u042d\u041d\u041a\u0418 \u0412\u0422\u041a<\/h3>\n\n\n\n<p>\u0422\u0430\u043a\u043e\u0439. 07 83 86 29 61<br>\u042d\u043b\u0435\u043a\u0442\u0440\u043e\u043d\u043d\u043e\u0435 \u043f\u0438\u0441\u044c\u043c\u043e: <a href=\"mailto:franckyvtc@gmail.com\">franckyvtc@gmail.com<\/a><\/p>\n\n\n\n<h3 class=\"wp-block-heading\">\u041f\u0418\u041b\u0410\u0412\u0422\u0426<\/h3>\n\n\n\n<p>\u0422\u0430\u043a\u043e\u0439. 06 98 07 68 78<br>\u042d\u043b\u0435\u043a\u0442\u0440\u043e\u043d\u043d\u043e\u0435 \u043f\u0438\u0441\u044c\u043c\u043e: <a href=\"mailto:contact@pylavtc.fr\" data-type=\"mailto\" data-id=\"mailto:contact@pylavtc.fr\">contact@pylavtc.fr<\/a><br>\u0412\u0435\u0431-\u0441\u0430\u0439\u0442 : <a href=\"http:\/\/pylavtc.fr\" target=\"_blank\" rel=\"noopener\">pylavtc.fr<\/a><\/p>\n<\/div><\/div>\n\n\n\n<h3 class=\"wp-block-heading\"><br><\/h3>\n\n\n\n<p><\/p>","protected":false},"excerpt":{"rendered":"<p>Trouvez un v\u00e9hicule avec chauffeur sur le Bassin d&rsquo;Arcachon ARCABERLINES Prestations et services 7\/7 \u2013 24\/24 (sur r\u00e9servation pr\u00e9alable uniquement)T\u00e9l. 06 14 04 17 87Mail :&nbsp;contact@arcaberlines.comSite web :&nbsp;www.arcaberlines.com BA VTC [&hellip;]<\/p>\n","protected":false},"author":25,"featured_media":26494,"parent":67,"menu_order":0,"comment_status":"closed","ping_status":"closed","template":"","meta":{"_acf_changed":false,"_uag_custom_page_level_css":"","footnotes":""},"class_list":["post-37585","page","type-page","status-publish","has-post-thumbnail","hentry"],"acf":[],"uagb_featured_image_src":{"full":["https:\/\/bassin-arcachon.com\/wp-content\/uploads\/2018\/10\/sentier-littoral-bassin-arcachon.jpg",1000,666,false],"thumbnail":["https:\/\/bassin-arcachon.com\/wp-content\/uploads\/2018\/10\/sentier-littoral-bassin-arcachon-150x150.jpg",150,150,true],"medium":["https:\/\/bassin-arcachon.com\/wp-content\/uploads\/2018\/10\/sentier-littoral-bassin-arcachon-600x400.jpg",600,400,true],"medium_large":["https:\/\/bassin-arcachon.com\/wp-content\/uploads\/2018\/10\/sentier-littoral-bassin-arcachon-768x511.jpg",768,511,true],"large":["https:\/\/bassin-arcachon.com\/wp-content\/uploads\/2018\/10\/sentier-littoral-bassin-arcachon.jpg",1000,666,false],"1536x1536":["https:\/\/bassin-arcachon.com\/wp-content\/uploads\/2018\/10\/sentier-littoral-bassin-arcachon.jpg",1000,666,false],"2048x2048":["https:\/\/bassin-arcachon.com\/wp-content\/uploads\/2018\/10\/sentier-littoral-bassin-arcachon.jpg",1000,666,false],"trp-custom-language-flag":["https:\/\/bassin-arcachon.com\/wp-content\/uploads\/2018\/10\/sentier-littoral-bassin-arcachon-18x12.jpg",18,12,true]},"uagb_author_info":{"display_name":"Marie Clauzel","author_link":"https:\/\/bassin-arcachon.com\/ru\/author\/mariesiba\/"},"uagb_comment_info":0,"uagb_excerpt":"Trouvez un v\u00e9hicule avec chauffeur sur le Bassin d&rsquo;Arcachon ARCABERLINES Prestations et services 7\/7 \u2013 24\/24 (sur r\u00e9servation pr\u00e9alable uniquement)T\u00e9l. 06 14 04 17 87Mail :&nbsp;contact@arcaberlines.comSite web :&nbsp;www.arcaberlines.com BA VTC [&hellip;]","_links":{"self":[{"href":"https:\/\/bassin-arcachon.com\/ru\/wp-json\/wp\/v2\/pages\/37585","targetHints":{"allow":["GET"]}}],"collection":[{"href":"https:\/\/bassin-arcachon.com\/ru\/wp-json\/wp\/v2\/pages"}],"about":[{"href":"https:\/\/bassin-arcachon.com\/ru\/wp-json\/wp\/v2\/types\/page"}],"author":[{"embeddable":true,"href":"https:\/\/bassin-arcachon.com\/ru\/wp-json\/wp\/v2\/users\/25"}],"replies":[{"embeddable":true,"href":"https:\/\/bassin-arcachon.com\/ru\/wp-json\/wp\/v2\/comments?post=37585"}],"version-history":[{"count":1,"href":"https:\/\/bassin-arcachon.com\/ru\/wp-json\/wp\/v2\/pages\/37585\/revisions"}],"predecessor-version":[{"id":239046,"href":"https:\/\/bassin-arcachon.com\/ru\/wp-json\/wp\/v2\/pages\/37585\/revisions\/239046"}],"up":[{"embeddable":true,"href":"https:\/\/bassin-arcachon.com\/ru\/wp-json\/wp\/v2\/pages\/67"}],"wp:featuredmedia":[{"embeddable":true,"href":"https:\/\/bassin-arcachon.com\/ru\/wp-json\/wp\/v2\/media\/26494"}],"wp:attachment":[{"href":"https:\/\/bassin-arcachon.com\/ru\/wp-json\/wp\/v2\/media?parent=37585"}],"curies":[{"name":"WP","href":"https:\/\/api.w.org\/{rel}","templated":true}]}}