{"id":398,"date":"2017-03-14T08:39:01","date_gmt":"2017-03-14T07:39:01","guid":{"rendered":"https:\/\/bassin-arcachon.com\/\/?page_id=398"},"modified":"2024-11-06T16:34:54","modified_gmt":"2024-11-06T15:34:54","slug":"%d0%ba%d1%80%d0%be%d0%b2%d0%b0%d1%82%d1%8c-%d0%b8-%d0%b7%d0%b0%d0%b2%d1%82%d1%80%d0%b0%d0%ba","status":"publish","type":"page","link":"https:\/\/bassin-arcachon.com\/ru\/ou-dormir\/chambres-hotes\/","title":{"rendered":"\u0413\u043e\u0441\u0442\u0435\u0432\u044b\u0435 \u043a\u043e\u043c\u043d\u0430\u0442\u044b"},"content":{"rendered":"<div class=\"wp-block-uagb-container uagb-block-21cae65d alignfull uagb-is-root-container\"><div class=\"uagb-container-inner-blocks-wrap\">\n<div class=\"wp-block-uagb-container uagb-block-2d2c9a91\">\n<h2 class=\"wp-block-heading\">\u0412\u0430\u0448\u0430 \u043a\u0440\u043e\u0432\u0430\u0442\u044c \u0438 \u0437\u0430\u0432\u0442\u0440\u0430\u043a \u0441 \u0431\u0430\u0441\u0441\u0435\u0439\u043d\u043e\u043c<\/h2>\n\n\n\n<p>\u0415\u0441\u043b\u0438 Bassin \u043d\u0438\u043a\u043e\u0433\u0434\u0430 \u043d\u0435 \u0431\u044b\u0432\u0430\u0435\u0442 \u0434\u0430\u043b\u0435\u043a\u043e, \u0447\u0442\u043e\u0431\u044b \u043f\u043e\u043f\u043b\u0430\u0432\u0430\u0442\u044c, \u0442\u043e \u0432 \u043e\u0442\u043f\u0443\u0441\u043a\u0435 \u0432\u0441\u0435\u0433\u0434\u0430 \u043f\u0440\u0438\u044f\u0442\u043d\u043e \u0438\u043c\u0435\u0442\u044c \u0431\u0430\u0441\u0441\u0435\u0439\u043d. \u041e\u0442\u043a\u0440\u043e\u0439\u0442\u0435 \u0434\u043b\u044f \u0441\u0435\u0431\u044f \u043d\u0430\u0448 \u0432\u044b\u0431\u043e\u0440&nbsp;<strong>\u0433\u043e\u0441\u0442\u0435\u0432\u044b\u0435 \u043d\u043e\u043c\u0435\u0440\u0430 \u0441 \u0431\u0430\u0441\u0441\u0435\u0439\u043d\u0430\u043c\u0438<\/strong>, \u0437\u0430\u0440\u0435\u0437\u0435\u0440\u0432\u0438\u0440\u043e\u0432\u0430\u043d\u043d\u044b\u0439 \u0442\u043e\u043b\u044c\u043a\u043e \u0434\u043b\u044f \u0432\u0430\u0441 \u0438\u043b\u0438 \u043e\u0431\u0449\u0438\u0439 \u0434\u043b\u044f \u0432\u0441\u0435\u0445 \u0445\u043e\u0441\u0442\u043e\u0432.<\/p>\n\n\n\n<div class=\"wp-block-buttons is-layout-flex wp-block-buttons-is-layout-flex\">\n<div class=\"wp-block-button\"><a class=\"wp-block-button__link wp-element-button\" href=\"https:\/\/bassin-arcachon.com\/ru\/https-2\/\/bassin-arcachon-com\/%d1%80%d0%b0%d0%b7%d0%bc%d0%b5%d1%89%d0%b5%d0%bd%d0%b8%d0%b5-2\/%d0%b3%d0%be%d1%81%d1%82%d0%b5%d0%b2%d1%8b%d0%b5-%d0%bd%d0%be%d0%bc%d0%b5%d1%80%d0%b0-%d0%b8-%d0%b1%d0%b0%d1%81%d1%81%d0%b5%d0%b9%d0%bd\/\">\u041a\u0440\u043e\u0432\u0430\u0442\u044c \u0438 \u0437\u0430\u0432\u0442\u0440\u0430\u043a \u0441 \u0431\u0430\u0441\u0441\u0435\u0439\u043d\u043e\u043c<\/a><\/div>\n<\/div>\n<\/div>\n\n\n\n<div class=\"wp-block-uagb-container uagb-block-85c1bd8a\">\n<div class=\"wp-block-uagb-image uagb-block-e2ca8422 wp-block-uagb-image--layout-default wp-block-uagb-image--effect-static wp-block-uagb-image--align-none\"><figure class=\"wp-block-uagb-image__figure\"><img decoding=\"async\" srcset=\"https:\/\/bassin-arcachon.com\/wp-content\/uploads\/2017\/03\/chambre-dhotes-bassin-arcachon.jpg \" sizes=\"auto, (max-width: 480px) 150px\" src=\"https:\/\/bassin-arcachon.com\/wp-content\/uploads\/2017\/03\/chambre-dhotes-bassin-arcachon.jpg\" alt=\"- - Bassin d&#039;Arcachon\" class=\"uag-image-1357\" width=\"884\" height=\"700\" title=\"- - Bassin d&#039;Arcachon\" loading=\"lazy\" role=\"img\"><\/figure><\/div>\n<\/div>\n<\/div><\/div>\n\n\n\n<div style=\"height:60px\" aria-hidden=\"true\" class=\"wp-block-spacer\"><\/div>\n\n\n\n<div class=\"wp-block-uagb-container uagb-block-1dcad099 alignfull uagb-is-root-container\"><div class=\"uagb-container-inner-blocks-wrap\">\n<div class=\"wp-block-uagb-container uagb-block-dc7665c0\">\n<div class=\"wp-block-uagb-image uagb-block-79c0e5ca wp-block-uagb-image--layout-default wp-block-uagb-image--effect-static wp-block-uagb-image--align-none\"><figure class=\"wp-block-uagb-image__figure\"><img decoding=\"async\" srcset=\"https:\/\/bassin-arcachon.com\/wp-content\/uploads\/2017\/03\/vue-bassin.jpg \" sizes=\"auto, (max-width: 480px) 150px\" src=\"https:\/\/bassin-arcachon.com\/wp-content\/uploads\/2017\/03\/vue-bassin.jpg\" alt=\"- - Bassin d&#039;Arcachon\" class=\"uag-image-1358\" width=\"900\" height=\"600\" title=\"- - Bassin d&#039;Arcachon\" loading=\"lazy\" role=\"img\"><\/figure><\/div>\n<\/div>\n\n\n\n<div class=\"wp-block-uagb-container uagb-block-75b47c51\">\n<h2 class=\"wp-block-heading\">\u0412\u044b\u0431\u0435\u0440\u0438\u0442\u0435 \u043e\u0447\u0430\u0440\u043e\u0432\u0430\u043d\u0438\u0435 \u043e\u0442\u0435\u043b\u044f \u0442\u0438\u043f\u0430 &quot;\u043f\u043e\u0441\u0442\u0435\u043b\u044c \u0438 \u0437\u0430\u0432\u0442\u0440\u0430\u043a&quot; Bassin<\/h2>\n\n\n\n<p>\u041a\u0440\u043e\u0432\u0430\u0442\u044c \u0438 \u0437\u0430\u0432\u0442\u0440\u0430\u043a \u043d\u0430 \u0431\u0435\u0440\u0435\u0433\u0443 \u043c\u043e\u0440\u044f \u0438\u043b\u0438 \u0440\u044f\u0434\u043e\u043c \u0441&nbsp;<strong>Bassin \u0438\u0437 \u0410\u0440\u043a\u0430\u0448\u043e\u043d\u0430<\/strong>&nbsp;\u0435\u0441\u043b\u0438 \u0431\u044b\u0442\u044c \u0442\u043e\u0447\u043d\u0435\u0435! \u0414\u043b\u044f \u043d\u043e\u0447\u043b\u0435\u0433\u0430 \u0438 \u0437\u0430\u0432\u0442\u0440\u0430\u043a\u0430 \u0440\u044f\u0434\u043e\u043c \u0441 \u043e\u043a\u0435\u0430\u043d\u043e\u043c \u0432\u0430\u043c \u043f\u0440\u0438\u0434\u0435\u0442\u0441\u044f \u0432\u044b\u0431\u0440\u0430\u0442\u044c \u0436\u0438\u043b\u044c\u0435 \u043d\u0430 Presqu&#039;\u00eele de&nbsp;<a href=\"https:\/\/bassin-arcachon.com\/ru\/%d0%bd%d0%b0%d1%88%d0%b8-%d0%b3%d0%be%d1%80%d0%be%d0%b4%d0%b0-%d0%b8-%d0%b4%d0%b5%d1%80%d0%b5%d0%b2%d0%bd%d0%b8\/lege-cap-ferret\/\" target=\"_blank\" rel=\"noreferrer noopener\">\u041b\u0435\u0433-\u041a\u0430\u043f \u0425\u043e\u0440\u0435\u043a<\/a>&nbsp;\u0418\u043b\u0438 \u043d\u0430&nbsp;<a href=\"https:\/\/bassin-arcachon.com\/ru\/%d0%bd%d0%b0%d1%88%d0%b8-%d0%b3%d0%be%d1%80%d0%be%d0%b4%d0%b0-%d0%b8-%d0%b4%d0%b5%d1%80%d0%b5%d0%b2%d0%bd%d0%b8\/%d1%82%d0%b5%d1%81%d1%82-%d0%be%d1%84-%d0%b1%d1%83%d1%85\/\" target=\"_blank\" rel=\"noreferrer noopener\">La Teste de Buch<\/a>.<\/p>\n\n\n\n<div class=\"wp-block-buttons is-layout-flex wp-block-buttons-is-layout-flex\">\n<div class=\"wp-block-button\"><a class=\"wp-block-button__link wp-element-button\" href=\"https:\/\/bassin-arcachon.com\/ru\/%d1%80%d0%b0%d0%b7%d0%bc%d0%b5%d1%89%d0%b5%d0%bd%d0%b8%d0%b5-2\/%d0%ba%d1%80%d0%be%d0%b2%d0%b0%d1%82%d1%8c-%d0%b8-%d0%b7%d0%b0%d0%b2%d1%82%d1%80%d0%b0%d0%bavemer\/\">\u0413\u043e\u0441\u0442\u0435\u0432\u044b\u0435 \u043a\u043e\u043c\u043d\u0430\u0442\u044b \u0441 \u0432\u0438\u0434\u043e\u043c Bassin<\/a><\/div>\n<\/div>\n<\/div>\n<\/div><\/div>\n\n\n\n<div style=\"height:60px\" aria-hidden=\"true\" class=\"wp-block-spacer\"><\/div>\n\n\n\n<div class=\"wp-block-uagb-container uagb-block-60c02d29 alignfull uagb-is-root-container\"><div class=\"uagb-container-inner-blocks-wrap\">\n<div class=\"wp-block-uagb-container uagb-block-980a0440\">\n<h2 class=\"wp-block-heading\">\u0420\u044f\u0434\u043e\u043c \u0441 \u0434\u044e\u043d\u043e\u0439 \u0434\u044e \u041f\u0438\u043b\u0430\u0442<\/h2>\n\n\n\n<p>\u0414\u043b\u044f \u043d\u043e\u0447\u043b\u0435\u0433\u0430 \u0438 \u0437\u0430\u0432\u0442\u0440\u0430\u043a\u0430 \u0440\u044f\u0434\u043e\u043c \u0441&nbsp;<a href=\"https:\/\/bassin-arcachon.com\/ru\/%d0%bd%d0%b0%d1%88%d0%b8-%d0%be%d1%81%d0%bd%d0%be%d0%b2%d1%8b\/%d0%b4%d1%8e%d0%bd%d0%b0-%d0%bf%d0%b8%d0%bb%d0%b0%d1%82%d0%b0\/\" target=\"_blank\" rel=\"noreferrer noopener\">\u0414\u044e\u043d\u0430 \u041f\u0438\u043b\u0430\u0442\u0430<\/a>, \u0432\u044b\u0431\u0435\u0440\u0438\u0442\u0435 \u0431\u043b\u0438\u0436\u0430\u0439\u0448\u0438\u0439 \u0440\u0430\u0439\u043e\u043d:&nbsp;<strong>\u041f\u0438\u043b\u0430-\u0441\u044e\u0440-\u041c\u0435\u0440<\/strong>, \u0432 \u0433\u043e\u0440\u043e\u0434\u043a\u0435 1\u0422\u041f2\u0422. \u0414\u043b\u044f \u043e\u0431\u0437\u043e\u0440\u0430 \u044d\u0442\u043e\u0439 \u0441\u0438\u043c\u0432\u043e\u043b\u0438\u0447\u0435\u0441\u043a\u043e\u0439 \u0434\u044e\u043d\u044b \u0432\u044b\u0431\u0435\u0440\u0438\u0442\u0435&nbsp;<strong>\u0434\u0435\u0440\u0435\u0432\u043d\u044f \u041a\u0430\u043f-\u0424\u0435\u0440\u0440\u0435<\/strong>&nbsp;\u043f\u043e\u043b\u0443\u043e\u0441\u0442\u0440\u043e\u0432\u0430. \u0412\u044b \u0431\u0443\u0434\u0435\u0442\u0435 \u0434\u0430\u043b\u044c\u0448\u0435, \u043d\u043e \u0432\u0438\u0434, \u043a\u043e\u0433\u0434\u0430 \u0432\u044b \u043f\u0440\u043e\u0441\u043d\u0435\u0442\u0435\u0441\u044c, \u0431\u0443\u0434\u0435\u0442 \u043d\u0435\u0432\u0435\u0440\u043e\u044f\u0442\u043d\u044b\u043c.<\/p>\n\n\n\n<div class=\"wp-block-buttons is-layout-flex wp-block-buttons-is-layout-flex\">\n<div class=\"wp-block-button\"><a class=\"wp-block-button__link wp-element-button\" href=\"https:\/\/bassin-arcachon.com\/ru\/%d1%80%d0%b0%d0%b7%d0%bc%d0%b5%d1%89%d0%b5%d0%bd%d0%b8%d0%b5-2\/%d0%ba%d0%be%d0%bc%d0%bd%d0%b0%d1%82%d1%8b-%d0%b4%d0%bb%d1%8f-%d0%b3%d0%be%d1%81%d1%82%d0%b5%d0%b9\/\">\u041a\u0440\u043e\u0432\u0430\u0442\u044c \u0438 \u0437\u0430\u0432\u0442\u0440\u0430\u043a \u0432\u043e\u0437\u043b\u0435 \u0434\u044e\u043d\u044b \u0434\u044e \u041f\u0438\u043b\u0430\u0442<\/a><\/div>\n<\/div>\n<\/div>\n\n\n\n<div class=\"wp-block-uagb-container uagb-block-91cdc693\">\n<div class=\"wp-block-uagb-image uagb-block-1038aa3e wp-block-uagb-image--layout-default wp-block-uagb-image--effect-static wp-block-uagb-image--align-none\"><figure class=\"wp-block-uagb-image__figure\"><img decoding=\"async\" srcset=\"https:\/\/bassin-arcachon.com\/wp-content\/uploads\/2017\/02\/Randonnee-sur-la-dune-du-Pilat-1024x683.jpg \" sizes=\"auto, (max-width: 480px) 150px\" src=\"https:\/\/bassin-arcachon.com\/wp-content\/uploads\/2017\/02\/Randonnee-sur-la-dune-du-Pilat-1024x683.jpg\" alt=\"- - Bassin d&#039;Arcachon\" class=\"uag-image-1223\" width=\"1024\" height=\"683\" title=\"- - Bassin d&#039;Arcachon\" loading=\"lazy\" role=\"img\"><\/figure><\/div>\n<\/div>\n<\/div><\/div>\n\n\n\n<div style=\"height:60px\" aria-hidden=\"true\" class=\"wp-block-spacer\"><\/div>\n\n\n\n<div class=\"wp-block-uagb-container uagb-block-abff89f2 alignfull uagb-is-root-container\"><div class=\"uagb-container-inner-blocks-wrap\">\n<div class=\"wp-block-uagb-container uagb-block-a07f034d\">\n<div class=\"wp-block-uagb-image uagb-block-22676635 wp-block-uagb-image--layout-default wp-block-uagb-image--effect-static wp-block-uagb-image--align-none\"><figure class=\"wp-block-uagb-image__figure\"><img decoding=\"async\" srcset=\"https:\/\/bassin-arcachon.com\/wp-content\/uploads\/2017\/02\/aiguillon-arcachon-5-1024x512.jpg \" sizes=\"auto, (max-width: 480px) 150px\" src=\"https:\/\/bassin-arcachon.com\/wp-content\/uploads\/2017\/02\/aiguillon-arcachon-5-1024x512.jpg\" alt=\"- - Bassin d&#039;Arcachon\" class=\"uag-image-1263\" width=\"1024\" height=\"512\" title=\"- - Bassin d&#039;Arcachon\" loading=\"lazy\" role=\"img\"><\/figure><\/div>\n<\/div>\n\n\n\n<div class=\"wp-block-uagb-container uagb-block-b2c73c18\">\n<h2 class=\"wp-block-heading\">\u0414\u043e\u043c\u0438\u043a \u043d\u0430 \u043f\u0440\u0430\u0437\u0434\u043d\u0438\u043a\u0438<\/h2>\n\n\n\n<p>\u0413\u043e\u0440\u043e\u0434\u0430 \u0438 \u0434\u0435\u0440\u0435\u0432\u043d\u0438 Bassin d&#039;Arcachon \u043f\u043e\u043b\u043d\u044b \u043e\u0447\u0430\u0440\u043e\u0432\u0430\u0442\u0435\u043b\u044c\u043d\u044b\u0445 \u0430\u0434\u0440\u0435\u0441\u043e\u0432 \u0432 \u0434\u0443\u0445\u0435 &quot;&nbsp;<strong>\u0440\u044b\u0431\u0430\u0446\u043a\u0438\u0435 \u0445\u0438\u0436\u0438\u043d\u044b<\/strong>&nbsp;&quot;. \u0422\u0438\u043f\u0438\u0447\u043d\u044b\u0439 \u0434\u043e\u043c Bassin \u043e\u0431\u0448\u0438\u0442 \u0441\u043d\u0430\u0440\u0443\u0436\u0438 \u0434\u0435\u0440\u0435\u0432\u043e\u043c \u0438 \u0443\u043a\u0440\u0430\u0448\u0435\u043d \u043a\u043e\u0440\u044f\u0433\u0430\u043c\u0438, \u0434\u043e\u0431\u044b\u0442\u044b\u043c\u0438 \u0437\u0438\u043c\u043e\u0439 \u043d\u0430 \u043f\u043b\u044f\u0436\u0430\u0445. \u0412\u044b \u0441\u0430\u043c\u0438 \u0432\u044b\u0431\u0438\u0440\u0430\u0435\u0442\u0435 \u043a\u0440\u043e\u0432\u0430\u0442\u044c \u0438 \u0437\u0430\u0432\u0442\u0440\u0430\u043a, \u043a\u043e\u0442\u043e\u0440\u044b\u0435 \u043e\u0447\u0430\u0440\u0443\u044e\u0442 \u0432\u0430\u0441 \u0431\u043e\u043b\u044c\u0448\u0435 \u0432\u0441\u0435\u0433\u043e.<\/p>\n\n\n\n<div class=\"wp-block-buttons is-layout-flex wp-block-buttons-is-layout-flex\">\n<div class=\"wp-block-button\"><a class=\"wp-block-button__link wp-element-button\" href=\"https:\/\/bassin-arcachon.com\/ru\/%d1%80%d0%b0%d0%b7%d0%bc%d0%b5%d1%89%d0%b5%d0%bd%d0%b8%d0%b5-2\/%d0%bd%d0%be%d1%87%d0%bb%d0%b5%d0%b3-%d0%b8-%d0%b7%d0%b0%d0%b2%d1%82%d1%80%d0%b0%d0%ba-%d0%b8-%d0%b4%d1%83%d1%85-%d0%ba%d0%b0%d1%8e%d1%82%d1%8b\/\">\u041a\u0430\u044e\u0442\u0430 \u0442\u0438\u043f\u0430 &quot;\u043f\u043e\u0441\u0442\u0435\u043b\u044c \u0438 \u0437\u0430\u0432\u0442\u0440\u0430\u043a&quot;<\/a><\/div>\n<\/div>\n<\/div>\n<\/div><\/div>\n\n\n\n<div style=\"height:60px\" aria-hidden=\"true\" class=\"wp-block-spacer\"><\/div>\n\n\n\n<div class=\"wp-block-uagb-container uagb-block-9eb4992f alignfull uagb-is-root-container\"><div class=\"uagb-container-inner-blocks-wrap\">\n<div class=\"wp-block-uagb-container uagb-block-99950309\">\n<h2 class=\"wp-block-heading\">\u0412\u044b\u0431\u0438\u0440\u0430\u0439\u0442\u0435 \u043d\u043e\u043c\u0435\u0440 Naturally Bassin.<\/h2>\n\n\n\n<p>\u0427\u0442\u043e\u0431\u044b \u0431\u044b\u0442\u044c \u0443\u0432\u0435\u0440\u0435\u043d\u043d\u044b\u043c \u0432 \u043f\u0440\u0430\u0432\u0438\u043b\u044c\u043d\u043e\u0441\u0442\u0438 \u0432\u044b\u0431\u043e\u0440\u0430 \u043f\u0440\u0438 \u0431\u0440\u043e\u043d\u0438\u0440\u043e\u0432\u0430\u043d\u0438\u0438, \u0432\u044b\u0431\u0435\u0440\u0438\u0442\u0435 \u0432\u0430\u0440\u0438\u0430\u043d\u0442 \u00ab\u043f\u043e\u0441\u0442\u0435\u043b\u044c \u0438 \u0437\u0430\u0432\u0442\u0440\u0430\u043a\u00bb.&nbsp;<strong>\u0415\u0441\u0442\u0435\u0441\u0442\u0432\u0435\u043d\u043d\u043e Bassin<\/strong>&nbsp;\u00bb \u043a\u043e\u0442\u043e\u0440\u044b\u0439 \u043f\u0440\u043e\u0434\u0432\u0438\u0433\u0430\u0435\u0442 \u0436\u0438\u043b\u044c\u0435, \u0432\u043b\u0430\u0434\u0435\u043b\u044c\u0446\u044b \u043a\u043e\u0442\u043e\u0440\u043e\u0433\u043e \u0441\u0442\u0440\u0435\u043c\u044f\u0442\u0441\u044f \u043f\u043e\u043c\u043e\u0447\u044c \u0432\u0430\u043c \u043e\u0442\u043a\u0440\u044b\u0442\u044c \u0434\u043b\u044f \u0441\u0435\u0431\u044f Bassin \u0410\u0440\u043a\u0430\u0448\u043e\u043d\u0430 \u0432\u043e \u0432\u0441\u0435\u043c, \u0447\u0442\u043e \u0432 \u043d\u0435\u043c \u0435\u0441\u0442\u044c, \u043e\u0441\u043e\u0431\u0435\u043d\u043d\u043e\u0433\u043e, \u0445\u0440\u0443\u043f\u043a\u043e\u0433\u043e \u0438 \u0438\u043d\u0442\u0438\u043c\u043d\u043e\u0433\u043e.<\/p>\n\n\n\n<div class=\"wp-block-buttons is-layout-flex wp-block-buttons-is-layout-flex\">\n<div class=\"wp-block-button\"><a class=\"wp-block-button__link wp-element-button\" href=\"https:\/\/bassin-arcachon.com\/ru\/%d1%80%d0%b0%d0%b7%d0%bc%d0%b5%d1%89%d0%b5%d0%bd%d0%b8%d0%b5-2\/chambres-dhotes%26amp%3blabel%3anaturellement+bassin\/\">\u041a\u0440\u043e\u0432\u0430\u0442\u044c \u0438 \u0437\u0430\u0432\u0442\u0440\u0430\u043a \u0435\u0441\u0442\u0435\u0441\u0442\u0432\u0435\u043d\u043d\u043e Bassin<\/a><\/div>\n<\/div>\n<\/div>\n\n\n\n<div class=\"wp-block-uagb-container uagb-block-2fa6eec4\">\n<div class=\"wp-block-uagb-image uagb-block-53910baf wp-block-uagb-image--layout-default wp-block-uagb-image--effect-static wp-block-uagb-image--align-none\"><figure class=\"wp-block-uagb-image__figure\"><img decoding=\"async\" srcset=\"https:\/\/bassin-arcachon.com\/wp-content\/uploads\/2017\/03\/regine-et-yves-cazes-la-teste-de-buch.jpg \" sizes=\"auto, (max-width: 480px) 150px\" src=\"https:\/\/bassin-arcachon.com\/wp-content\/uploads\/2017\/03\/regine-et-yves-cazes-la-teste-de-buch.jpg\" alt=\"- - Bassin d&#039;Arcachon\" class=\"uag-image-1360\" width=\"1000\" height=\"666\" title=\"- - Bassin d&#039;Arcachon\" loading=\"lazy\" role=\"img\"><\/figure><\/div>\n<\/div>\n<\/div><\/div>\n\n\n\n<div style=\"height:60px\" aria-hidden=\"true\" class=\"wp-block-spacer\"><\/div>\n\n\n\n<div class=\"wp-block-uagb-container uagb-block-35a3db1c alignfull uagb-is-root-container\">\n<div class=\"wp-block-cover is-light has-parallax\"><span aria-hidden=\"true\" class=\"wp-block-cover__background has-background-dim-0 has-background-dim\"><\/span><div class=\"wp-block-cover__image-background wp-image-1363 has-parallax\" style=\"background-position:50% 50%;background-image:url(https:\/\/bassin-arcachon.com\/wp-content\/uploads\/2017\/03\/ville-hiver-arcachon-14.jpg)\"><\/div><div class=\"wp-block-cover__inner-container is-layout-flow wp-block-cover-is-layout-flow\">\n<div class=\"wp-block-uagb-container uagb-block-a99a95e2\">\n<h2 class=\"wp-block-heading has-text-align-center has-white-color has-text-color has-large-font-size\">\u0411\u0440\u043e\u043d\u0438\u0440\u0443\u0439\u0442\u0435 \u043a\u0430\u043a \u043c\u043e\u0436\u043d\u043e \u0441\u043a\u043e\u0440\u0435\u0435!<\/h2>\n\n\n\n<p class=\"has-text-align-center has-white-color has-text-color\"><a href=\"https:\/\/bassin-arcachon.com\/ru\/%d1%80%d0%b0%d0%b7%d0%bc%d0%b5%d1%89%d0%b5%d0%bd%d0%b8%d0%b5-2\/%d0%ba%d0%be%d0%bc%d0%bd%d0%b0%d1%82%d1%8b-%d0%b4%d0%bb%d1%8f-%d0%b3%d0%be%d1%81%d1%82%d0%b5%d0%b9\/\">\u041d\u0410\u0427\u041d\u0418\u0422\u0415 \u041f\u041e\u0418\u0421\u041a<\/a><\/p>\n<\/div>\n<\/div><\/div>\n<\/div>\n\n\n\n<div style=\"height:40px\" aria-hidden=\"true\" class=\"wp-block-spacer\"><\/div>","protected":false},"excerpt":{"rendered":"<p>Votre chambre d\u2019h\u00f4tes avec piscine Si le Bassin n\u2019est jamais tr\u00e8s loin pour une baignade, avoir une piscine est toujours agr\u00e9able pour les vacances. D\u00e9couvrez notre s\u00e9lection de&nbsp;chambres d\u2019h\u00f4tes \u00e9quip\u00e9es [&hellip;]<\/p>\n","protected":false},"author":25,"featured_media":24458,"parent":43,"menu_order":2,"comment_status":"closed","ping_status":"closed","template":"","meta":{"_acf_changed":false,"_uag_custom_page_level_css":"","footnotes":""},"class_list":["post-398","page","type-page","status-publish","has-post-thumbnail","hentry"],"acf":[],"uagb_featured_image_src":{"full":["https:\/\/bassin-arcachon.com\/wp-content\/uploads\/2017\/03\/chambre-hotes-bassin-arcachon.jpg",1000,666,false],"thumbnail":["https:\/\/bassin-arcachon.com\/wp-content\/uploads\/2017\/03\/chambre-hotes-bassin-arcachon-150x150.jpg",150,150,true],"medium":["https:\/\/bassin-arcachon.com\/wp-content\/uploads\/2017\/03\/chambre-hotes-bassin-arcachon-600x400.jpg",600,400,true],"medium_large":["https:\/\/bassin-arcachon.com\/wp-content\/uploads\/2017\/03\/chambre-hotes-bassin-arcachon-768x511.jpg",768,511,true],"large":["https:\/\/bassin-arcachon.com\/wp-content\/uploads\/2017\/03\/chambre-hotes-bassin-arcachon.jpg",1000,666,false],"1536x1536":["https:\/\/bassin-arcachon.com\/wp-content\/uploads\/2017\/03\/chambre-hotes-bassin-arcachon.jpg",1000,666,false],"2048x2048":["https:\/\/bassin-arcachon.com\/wp-content\/uploads\/2017\/03\/chambre-hotes-bassin-arcachon.jpg",1000,666,false],"trp-custom-language-flag":["https:\/\/bassin-arcachon.com\/wp-content\/uploads\/2017\/03\/chambre-hotes-bassin-arcachon-18x12.jpg",18,12,true]},"uagb_author_info":{"display_name":"Marie Clauzel","author_link":"https:\/\/bassin-arcachon.com\/ru\/author\/mariesiba\/"},"uagb_comment_info":0,"uagb_excerpt":"Votre chambre d\u2019h\u00f4tes avec piscine Si le Bassin n\u2019est jamais tr\u00e8s loin pour une baignade, avoir une piscine est toujours agr\u00e9able pour les vacances. D\u00e9couvrez notre s\u00e9lection de&nbsp;chambres d\u2019h\u00f4tes \u00e9quip\u00e9es [&hellip;]","_links":{"self":[{"href":"https:\/\/bassin-arcachon.com\/ru\/wp-json\/wp\/v2\/pages\/398","targetHints":{"allow":["GET"]}}],"collection":[{"href":"https:\/\/bassin-arcachon.com\/ru\/wp-json\/wp\/v2\/pages"}],"about":[{"href":"https:\/\/bassin-arcachon.com\/ru\/wp-json\/wp\/v2\/types\/page"}],"author":[{"embeddable":true,"href":"https:\/\/bassin-arcachon.com\/ru\/wp-json\/wp\/v2\/users\/25"}],"replies":[{"embeddable":true,"href":"https:\/\/bassin-arcachon.com\/ru\/wp-json\/wp\/v2\/comments?post=398"}],"version-history":[{"count":2,"href":"https:\/\/bassin-arcachon.com\/ru\/wp-json\/wp\/v2\/pages\/398\/revisions"}],"predecessor-version":[{"id":68295,"href":"https:\/\/bassin-arcachon.com\/ru\/wp-json\/wp\/v2\/pages\/398\/revisions\/68295"}],"up":[{"embeddable":true,"href":"https:\/\/bassin-arcachon.com\/ru\/wp-json\/wp\/v2\/pages\/43"}],"wp:featuredmedia":[{"embeddable":true,"href":"https:\/\/bassin-arcachon.com\/ru\/wp-json\/wp\/v2\/media\/24458"}],"wp:attachment":[{"href":"https:\/\/bassin-arcachon.com\/ru\/wp-json\/wp\/v2\/media?parent=398"}],"curies":[{"name":"WP","href":"https:\/\/api.w.org\/{rel}","templated":true}]}}