{"id":400,"date":"2017-03-14T08:40:27","date_gmt":"2017-03-14T07:40:27","guid":{"rendered":"https:\/\/bassin-arcachon.com\/\/?page_id=400"},"modified":"2025-01-06T10:18:30","modified_gmt":"2025-01-06T09:18:30","slug":"%d0%b3%d0%be%d1%81%d1%82%d0%b8%d0%bd%d0%b8%d1%86%d0%b0","status":"publish","type":"page","link":"https:\/\/bassin-arcachon.com\/ru\/ou-dormir\/hotel\/","title":{"rendered":"\u041e\u0442\u0435\u043b\u0438"},"content":{"rendered":"<div class=\"wp-block-uagb-container uagb-block-c9158cb7 alignfull uagb-is-root-container\"><div class=\"uagb-container-inner-blocks-wrap\">\n<p>\u0412\u044b \u0438\u0449\u0435\u0442\u0435&nbsp;<a href=\"https:\/\/bassin-arcachon.com\/ru\/%d0%b8%d0%bb%d0%b8-%d1%81%d0%bf%d0%b0%d1%82%d1%8c\/\" target=\"_blank\" rel=\"noreferrer noopener\">\u0438\u043b\u0438 \u0441\u043f\u0430\u0442\u044c<\/a>&nbsp;\u043d\u0430 Bassin \u0432 \u0410\u0440\u043a\u0430\u0448\u043e\u043d\u0435? \u041e\u0442\u043a\u0440\u043e\u0439\u0442\u0435 \u0434\u043b\u044f \u0441\u0435\u0431\u044f \u043d\u0430\u0448\u0438 \u043e\u0447\u0430\u0440\u043e\u0432\u0430\u0442\u0435\u043b\u044c\u043d\u044b\u0435 \u043e\u0442\u0435\u043b\u0438 \u043d\u0430 \u043e\u043a\u0440\u0430\u0438\u043d\u0435 \u0442\u0440\u0430\u0441\u0441\u044b Bassin \u0441 \u0431\u0430\u0441\u0441\u0435\u0439\u043d\u043e\u043c \u0438\u043b\u0438 \u0441\u043f\u0430-\u0446\u0435\u043d\u0442\u0440\u043e\u043c \u0438 \u043f\u0440\u043e\u0432\u0435\u0434\u0438\u0442\u0435 \u043d\u0435\u0437\u0430\u0431\u044b\u0432\u0430\u0435\u043c\u044b\u0439 \u043e\u0442\u0434\u044b\u0445, \u0441\u0442\u043e\u044f \u0432 \u0432\u043e\u0434\u0435.<\/p>\n<\/div><\/div>\n\n\n\n<div class=\"wp-block-uagb-container uagb-block-a7b14adc alignfull uagb-is-root-container\"><div class=\"uagb-container-inner-blocks-wrap\">\n<div class=\"wp-block-uagb-container uagb-block-855fd94f\">\n<h2 class=\"wp-block-heading\">\u041e\u0442\u0435\u043b\u044c \u0443 \u043c\u043e\u0440\u044f<\/h2>\n\n\n\n<p>\u0417\u0434\u0435\u0441\u044c \u0440\u0435\u0447\u044c \u0438\u0434\u0435\u0442 \u043d\u0435 \u043e\u0431 \u043e\u0442\u0435\u043b\u0435 \u0443 \u043c\u043e\u0440\u044f, \u0430 \u043e \u043a\u0440\u0430\u044e 1\u0422\u041f4\u0422! \u0418\u041c\u0415\u0415\u0422\u00a0<a href=\"https:\/\/bassin-arcachon.com\/ru\/%d1%80%d0%b0%d0%b7%d0%bc%d0%b5%d1%89%d0%b5%d0%bd%d0%b8%d0%b5-2\/%d0%be%d1%82%d0%b5%d0%bb%d0%b8%40%d0%b0%d0%bd%d0%b4%d0%b5%d1%80%d0%bd%d0%be%d1%81\/\" target=\"_blank\" rel=\"noreferrer noopener\">\u0410\u043d\u0434\u0435\u0440\u043d\u043e\u0441<\/a>, \u0412\u00a0<a href=\"https:\/\/bassin-arcachon.com\/ru\/%d1%80%d0%b0%d0%b7%d0%bc%d0%b5%d1%89%d0%b5%d0%bd%d0%b8%d0%b5-2\/%d0%be%d1%82%d0%b5%d0%bb%d0%b8%40cap-%d1%85%d0%be%d1%80%d0%b5%d0%ba\/\" target=\"_blank\" rel=\"noreferrer noopener\">\u041a\u0430\u043f-\u0424\u0435\u0440\u0440\u0435<\/a>, \u0438\u043b\u0438 \u043d\u0430 \u0434\u0440\u0443\u0433\u043e\u0439 \u0441\u0442\u043e\u0440\u043e\u043d\u0435 Bassin \u0441\u043f\u0438\u0442\u0435, \u043e\u043f\u0443\u0441\u0442\u0438\u0432 \u043d\u043e\u0433\u0438 \u0432 \u0432\u043e\u0434\u0443. \u0418 \u0435\u0441\u043b\u0438 \u0432\u044b \u0445\u043e\u0442\u0438\u0442\u0435 \u0437\u0430\u0431\u0440\u043e\u043d\u0438\u0440\u043e\u0432\u0430\u0442\u044c\u00a0<strong>\u043e\u0442\u0435\u043b\u044c \u0440\u044f\u0434\u043e\u043c \u0441 \u043e\u043a\u0435\u0430\u043d\u043e\u043c<\/strong>\u00a0\u0410\u0442\u043b\u0430\u043d\u0442\u0438\u043a\u0435, \u043c\u044b \u0440\u0435\u043a\u043e\u043c\u0435\u043d\u0434\u0443\u0435\u043c \u043f\u043e\u043b\u0443\u043e\u0441\u0442\u0440\u043e\u0432 \u041b\u0435\u0436-\u041a\u0430\u043f-\u0424\u0435\u0440\u0440\u0435 \u0438\u043b\u0438 \u0433\u043e\u0440\u043e\u0434 \u0422\u0435\u0441\u0442-\u0434\u044e-\u0411\u044e\u0448, \u043a\u043e\u0442\u043e\u0440\u044b\u0435 \u043e\u0431\u0435 \u0441\u0442\u043e\u0440\u043e\u043d\u044b \u043e\u0442\u043a\u0440\u044b\u0432\u0430\u044e\u0442 \u0432\u043e\u043b\u043d\u044b \u043e\u043a\u0435\u0430\u043d\u0430.<\/p>\n\n\n\n<div class=\"wp-block-buttons is-layout-flex wp-block-buttons-is-layout-flex\">\n<div class=\"wp-block-button\"><a class=\"wp-block-button__link wp-element-button\" href=\"https:\/\/bassin-arcachon.com\/ru\/%d1%80%d0%b0%d0%b7%d0%bc%d0%b5%d1%89%d0%b5%d0%bd%d0%b8%d0%b5-2\/%d0%be%d1%82%d0%b5%d0%bb%d0%b8-%d0%b8-%d0%b2%d1%8c%d1%8e%d0%bc%d0%b5%d1%80\/\">\u041e\u0442\u0435\u043b\u0438 \u0441 \u0432\u0438\u0434\u043e\u043c Bassin<\/a><\/div>\n<\/div>\n<\/div>\n\n\n\n<div class=\"wp-block-uagb-container uagb-block-3512e021\">\n<div class=\"wp-block-uagb-image uagb-block-06931776 wp-block-uagb-image--layout-default wp-block-uagb-image--effect-static wp-block-uagb-image--align-none\"><figure class=\"wp-block-uagb-image__figure\"><img decoding=\"async\" srcset=\"https:\/\/bassin-arcachon.com\/wp-content\/uploads\/2020\/02\/chambre-dh\u00f4tes-gujan-mestras-cabane-14-1-1024x683.jpg \" sizes=\"auto, (max-width: 480px) 150px\" src=\"https:\/\/bassin-arcachon.com\/wp-content\/uploads\/2020\/02\/chambre-dh\u00f4tes-gujan-mestras-cabane-14-1-1024x683.jpg\" alt=\"- - Bassin d&#039;Arcachon\" class=\"uag-image-41869\" width=\"1024\" height=\"683\" title=\"- - Bassin d&#039;Arcachon\" loading=\"lazy\" role=\"img\"><\/figure><\/div>\n<\/div>\n<\/div><\/div>\n\n\n\n<div style=\"height:60px\" aria-hidden=\"true\" class=\"wp-block-spacer\"><\/div>\n\n\n\n<div class=\"wp-block-uagb-container uagb-block-90e98bfc alignfull uagb-is-root-container\">\n<div class=\"wp-block-cover is-light has-parallax\"><span aria-hidden=\"true\" class=\"wp-block-cover__background has-background-dim-0 has-background-dim\"><\/span><div class=\"wp-block-cover__image-background wp-image-1345 has-parallax\" style=\"background-position:50% 50%;background-image:url(https:\/\/bassin-arcachon.com\/wp-content\/uploads\/2017\/03\/Camping-Panorama-du-Pyla-cottage-vue-mer-coin-farniente.jpg)\"><\/div><div class=\"wp-block-cover__inner-container is-layout-flow wp-block-cover-is-layout-flow\">\n<div class=\"wp-block-uagb-container uagb-block-f463157c\">\n<h2 class=\"wp-block-heading has-text-align-center has-white-color has-text-color has-large-font-size\">\u0427\u0442\u043e\u0431\u044b \u043d\u0430\u0439\u0442\u0438 \u0438\u0434\u0435\u0430\u043b\u044c\u043d\u044b\u0439 \u043e\u0442\u0435\u043b\u044c, \u0431\u0440\u043e\u043d\u0438\u0440\u0443\u0439\u0442\u0435 \u043a\u0430\u043a \u043c\u043e\u0436\u043d\u043e \u0440\u0430\u043d\u044c\u0448\u0435!<\/h2>\n\n\n\n<p class=\"has-text-align-center has-white-color has-text-color\"><a href=\"https:\/\/bassin-arcachon.com\/ru\/%d1%80%d0%b0%d0%b7%d0%bc%d0%b5%d1%89%d0%b5%d0%bd%d0%b8%d0%b5-2\/%d0%be%d1%82%d0%b5%d0%bb%d0%b8\/\">\u041d\u0410\u0427\u041d\u0418\u0422\u0415 \u041f\u041e\u0418\u0421\u041a<\/a><\/p>\n<\/div>\n<\/div><\/div>\n<\/div>\n\n\n\n<div style=\"height:60px\" aria-hidden=\"true\" class=\"wp-block-spacer\"><\/div>\n\n\n\n<div class=\"wp-block-uagb-container uagb-block-e1fdc3fa alignfull uagb-is-root-container\"><div class=\"uagb-container-inner-blocks-wrap\">\n<div class=\"wp-block-uagb-container uagb-block-fefb2fda\">\n<h2 class=\"wp-block-heading\">\u0412\u0430\u0448 \u043e\u0442\u0435\u043b\u044c \u0441\u043e \u0421\u041f\u0410<\/h2>\n\n\n\n<p>\u042d\u0442\u043e \u043e\u0434\u043d\u043e \u0438\u0437 \u0443\u0434\u043e\u0432\u043e\u043b\u044c\u0441\u0442\u0432\u0438\u0439 \u043e\u0442\u043f\u0443\u0441\u043a\u0430 \u0438\u043b\u0438 \u0432\u044b\u0445\u043e\u0434\u043d\u044b\u0445: \u0432\u043e\u0437\u043c\u043e\u0436\u043d\u043e\u0441\u0442\u044c \u0437\u0430\u0431\u0440\u043e\u043d\u0438\u0440\u043e\u0432\u0430\u0442\u044c&nbsp;<strong>\u043e\u0442\u0435\u043b\u044c \u0441\u043e \u0421\u041f\u0410<\/strong>. \u041f\u0440\u0435\u0438\u043c\u0443\u0449\u0435\u0441\u0442\u0432\u043e \u0421\u041f\u0410 \u0432 \u0442\u043e\u043c, \u0447\u0442\u043e \u043d\u0430\u0441\u043b\u0430\u0434\u0438\u0442\u044c\u0441\u044f Bassin Arcachon \u043c\u043e\u0436\u043d\u043e \u0432 \u043b\u044e\u0431\u043e\u0435 \u0432\u0440\u0435\u043c\u044f \u0433\u043e\u0434\u0430, \u0432\u0435\u0434\u044c \u0445\u0430\u043c\u043c\u0430\u043c \u0438\u043b\u0438 \u0441\u0430\u0443\u043d\u0430 \u0434\u043e\u0441\u0442\u0443\u043f\u043d\u044b \u0432 \u043b\u044e\u0431\u0443\u044e \u043f\u043e\u0433\u043e\u0434\u0443. \u0418\u041c\u0415\u0415\u0422&nbsp;<a href=\"https:\/\/bassin-arcachon.com\/ru\/%d0%b8%d0%bb%d0%b8-%d1%81%d0%bf%d0%b0%d1%82%d1%8c\/%d0%b3%d0%be%d1%81%d1%82%d0%b8%d0%bd%d0%b8%d1%86%d0%b0\/%d1%82%d0%b5%d1%81%d1%82-%d0%be%d1%84-%d0%b1%d1%83%d1%85\/\" target=\"_blank\" rel=\"noreferrer noopener\">\u041b\u0430-\u0422\u0435\u0441\u0442-\u0434\u0435-\u0411\u044e\u0448<\/a>&nbsp;\u0438\u043b\u0438 \u0443 \u043f\u043e\u0434\u043d\u043e\u0436\u044c\u044f&nbsp;<a href=\"https:\/\/bassin-arcachon.com\/ru\/%d0%b8%d0%bb%d0%b8-%d1%81%d0%bf%d0%b0%d1%82%d1%8c\/%d0%b3%d0%be%d1%81%d1%82%d0%b8%d0%bd%d0%b8%d1%86%d0%b0\/%d0%b4%d1%8e%d0%bd%d0%b0-%d0%bf%d0%b8%d0%bb%d0%b0%d1%82\/\" target=\"_blank\" rel=\"noreferrer noopener\">\u0414\u044e\u043d\u0430 \u041f\u0438\u043b\u0430\u0442\u0430<\/a>, \u043f\u043e\u0431\u0430\u043b\u0443\u0439\u0442\u0435 \u0441\u0435\u0431\u044f \u043f\u0440\u0438\u044f\u0442\u043d\u044b\u043c \u043c\u043e\u043c\u0435\u043d\u0442\u043e\u043c \u0440\u0435\u043b\u0430\u043a\u0441\u0430\u0446\u0438\u0438 \u0432 \u0441\u043f\u0430-\u0446\u0435\u043d\u0442\u0440\u0435 \u0432\u0430\u0448\u0435\u0433\u043e \u043e\u0442\u0435\u043b\u044f!<\/p>\n\n\n\n<div class=\"wp-block-buttons is-layout-flex wp-block-buttons-is-layout-flex\">\n<div class=\"wp-block-button\"><a class=\"wp-block-button__link wp-element-button\" href=\"https:\/\/bassin-arcachon.com\/ru\/%d1%80%d0%b0%d0%b7%d0%bc%d0%b5%d1%89%d0%b5%d0%bd%d0%b8%d0%b5-2\/%d0%be%d1%82%d0%b5%d0%bb%d0%b8-%d0%b8-%d1%81%d0%bf%d0%b0\/\">\u041e\u0442\u0435\u043b\u0438 \u0441\u043e \u0421\u041f\u0410<\/a><\/div>\n<\/div>\n<\/div>\n\n\n\n<div class=\"wp-block-uagb-container uagb-block-993a6690\">\n<div class=\"wp-block-uagb-image uagb-block-80e2563c wp-block-uagb-image--layout-default wp-block-uagb-image--effect-static wp-block-uagb-image--align-none\"><figure class=\"wp-block-uagb-image__figure\"><img decoding=\"async\" srcset=\"https:\/\/bassin-arcachon.com\/wp-content\/uploads\/2017\/02\/detente-spa-1024x683.jpg \" sizes=\"auto, (max-width: 480px) 150px\" src=\"https:\/\/bassin-arcachon.com\/wp-content\/uploads\/2017\/02\/detente-spa-1024x683.jpg\" alt=\"- - Bassin d&#039;Arcachon\" class=\"uag-image-7222\" width=\"1024\" height=\"683\" title=\"- - Bassin d&#039;Arcachon\" loading=\"lazy\" role=\"img\"><\/figure><\/div>\n<\/div>\n<\/div><\/div>\n\n\n\n<div style=\"height:60px\" aria-hidden=\"true\" class=\"wp-block-spacer\"><\/div>\n\n\n\n<div class=\"wp-block-uagb-container uagb-block-71b2b3c1 alignfull uagb-is-root-container\"><div class=\"uagb-container-inner-blocks-wrap\">\n<div class=\"wp-block-uagb-container uagb-block-5571b746\">\n<div class=\"wp-block-uagb-image uagb-block-d1f996b2 wp-block-uagb-image--layout-default wp-block-uagb-image--effect-static wp-block-uagb-image--align-none\"><figure class=\"wp-block-uagb-image__figure\"><img decoding=\"async\" srcset=\"https:\/\/bassin-arcachon.com\/wp-content\/uploads\/2017\/03\/hotel-arcachon.jpg \" sizes=\"auto, (max-width: 480px) 150px\" src=\"https:\/\/bassin-arcachon.com\/wp-content\/uploads\/2017\/03\/hotel-arcachon.jpg\" alt=\"- - Bassin d&#039;Arcachon\" class=\"uag-image-24506\" width=\"1000\" height=\"666\" title=\"- - Bassin d&#039;Arcachon\" loading=\"lazy\" role=\"img\"><\/figure><\/div>\n<\/div>\n\n\n\n<div class=\"wp-block-uagb-container uagb-block-88044b96\">\n<h2 class=\"wp-block-heading\">\u041e\u0447\u0430\u0440\u043e\u0432\u0430\u043d\u0438\u0435 \u043e\u0442\u0435\u043b\u0435\u0439 Bassin \u0432 \u0410\u0440\u043a\u0430\u0448\u043e\u043d\u0435<\/h2>\n\n\n\n<p>\u041e\u0447\u0430\u0440\u043e\u0432\u0430\u0442\u0435\u043b\u044c\u043d\u044b\u0435 \u043e\u0442\u0435\u043b\u0438 \u043d\u0435 \u043b\u0438\u0448\u0435\u043d\u044b\u00a0<strong>Bassin \u0438\u0437 \u0410\u0440\u043a\u0430\u0448\u043e\u043d\u0430<\/strong>. \u041a\u0440\u0430\u0441\u0438\u0432\u044b\u0435 \u0430\u0434\u0440\u0435\u0441\u0430 \u0432 \u0441\u0430\u043c\u043e\u043c \u0441\u0435\u0440\u0434\u0446\u0435 1\u0422\u041f4\u0422,\u00a0<a href=\"https:\/\/bassin-arcachon.com\/ru\/%d1%80%d0%b0%d0%b7%d0%bc%d0%b5%d1%89%d0%b5%d0%bd%d0%b8%d0%b5-2\/%d0%be%d1%82%d0%b5%d0%bb%d0%b8%40lanton\/\" target=\"_blank\" rel=\"noreferrer noopener\">\u041b\u0430\u043d\u0442\u043e\u043d<\/a>\u00a0\u0432 \u0411\u0438\u0433\u0430\u043d\u043e\u0441\u0435 \u0438\u043b\u0438 \u0442\u0438\u043f\u0438\u0447\u043d\u044b\u0445 \u0440\u0435\u0437\u0438\u0434\u0435\u043d\u0446\u0438\u044f\u0445 \u0432\u00a0<a href=\"https:\/\/bassin-arcachon.com\/ru\/%d1%80%d0%b0%d0%b7%d0%bc%d0%b5%d1%89%d0%b5%d0%bd%d0%b8%d0%b5-2\/%d0%be%d1%82%d0%b5%d0%bb%d0%b8%d0%b0%d1%80%d0%ba%d0%b0%d1%88%d0%be%d0%bd\/\" target=\"_blank\" rel=\"noreferrer noopener\">\u0410\u0440\u043a\u0430\u0448\u043e\u043d<\/a>, \u0443 \u043d\u0430\u0441 \u0435\u0441\u0442\u044c \u043f\u0440\u0435\u043a\u0440\u0430\u0441\u043d\u044b\u0435 \u043e\u0442\u0435\u043b\u0438, \u043a\u043e\u0442\u043e\u0440\u044b\u0435 \u0432\u044b \u043c\u043e\u0436\u0435\u0442\u0435 \u043e\u0442\u043a\u0440\u044b\u0442\u044c \u0434\u043b\u044f \u0441\u0435\u0431\u044f \u043f\u0440\u044f\u043c\u043e \u0441\u0435\u0439\u0447\u0430\u0441.<\/p>\n\n\n\n<div class=\"wp-block-buttons is-layout-flex wp-block-buttons-is-layout-flex\">\n<div class=\"wp-block-button\"><a class=\"wp-block-button__link wp-element-button\" href=\"https:\/\/bassin-arcachon.com\/ru\/%d1%80%d0%b0%d0%b7%d0%bc%d0%b5%d1%89%d0%b5%d0%bd%d0%b8%d0%b5-2\/%d0%be%d1%82%d0%b5%d0%bb%d0%b8\/\">\u0411\u0443\u0442\u0438\u043a-\u043e\u0442\u0435\u043b\u0438<\/a><\/div>\n<\/div>\n<\/div>\n<\/div><\/div>\n\n\n\n<div style=\"height:60px\" aria-hidden=\"true\" class=\"wp-block-spacer\"><\/div>\n\n\n\n<div class=\"wp-block-uagb-container uagb-block-5cf21d76 alignfull uagb-is-root-container\"><div class=\"uagb-container-inner-blocks-wrap\">\n<div class=\"wp-block-uagb-container uagb-block-5ee4e383\">\n<h2 class=\"wp-block-heading\">\u041a\u043e\u043c\u0444\u043e\u0440\u0442 \u043e\u0442\u0435\u043b\u044f \u0441 \u0431\u0430\u0441\u0441\u0435\u0439\u043d\u043e\u043c<\/h2>\n\n\n\n<p>\u0414\u0430\u0436\u0435 \u0435\u0441\u043b\u0438 Arcachon Bassin \u0432\u0441\u0435\u0433\u0434\u0430 \u0440\u044f\u0434\u043e\u043c, \u0438\u043c\u0435\u044f\u00a0<strong>\u0431\u0430\u0441\u0441\u0435\u0439\u043d \u0432 \u043e\u0442\u0435\u043b\u0435<\/strong>\u00a0\u0432\u0441\u0435\u0433\u0434\u0430 \u0446\u0435\u043d\u0438\u0442\u0441\u044f. \u0412 \u0441\u043b\u0443\u0447\u0430\u0435 \u043e\u0442\u043b\u0438\u0432\u0430 \u0438\u043b\u0438 \u043f\u0440\u043e\u0441\u0442\u043e \u0434\u043b\u044f \u0442\u043e\u0433\u043e, \u0447\u0442\u043e\u0431\u044b \u0438\u0441\u043a\u0443\u043f\u0430\u0442\u044c\u0441\u044f \u0441\u0440\u0430\u0437\u0443 \u043f\u043e\u0441\u043b\u0435 \u043f\u0440\u043e\u0431\u0443\u0436\u0434\u0435\u043d\u0438\u044f, \u043e\u0442\u043a\u0440\u043e\u0439\u0442\u0435 \u0434\u043b\u044f \u0441\u0435\u0431\u044f \u043d\u0430\u0448 \u0432\u044b\u0431\u043e\u0440 \u043e\u0442\u0435\u043b\u0435\u0439 \u0441 \u0431\u0430\u0441\u0441\u0435\u0439\u043d\u0430\u043c\u0438 \u043f\u043e \u0432\u0441\u0435\u043c\u0443 Bassin. \u0418\u0437\u00a0<a href=\"https:\/\/bassin-arcachon.com\/ru\/%d1%80%d0%b0%d0%b7%d0%bc%d0%b5%d1%89%d0%b5%d0%bd%d0%b8%d0%b5-2\/%d0%be%d1%82%d0%b5%d0%bb%d0%b8gujan-mestras\/\" target=\"_blank\" rel=\"noreferrer noopener\">\u0413\u0443\u0436\u0430\u043d-\u041c\u0435\u0441\u0442\u0440\u0430\u0441<\/a>\u00a0\u0432\u00a0<a href=\"https:\/\/bassin-arcachon.com\/ru\/%d1%80%d0%b0%d0%b7%d0%bc%d0%b5%d1%89%d0%b5%d0%bd%d0%b8%d0%b5-2\/hotelsares-2\/\" target=\"_blank\" rel=\"noreferrer noopener\">\u0410\u0440\u0435\u0441<\/a>, \u041f\u0440\u043e\u0445\u043e\u0434\u044f \u043c\u0438\u043c\u043e\u00a0<a href=\"https:\/\/bassin-arcachon.com\/ru\/%d1%80%d0%b0%d0%b7%d0%bc%d0%b5%d1%89%d0%b5%d0%bd%d0%b8%d0%b5-2\/%d0%be%d1%82%d0%b5%d0%bb%d0%b8%40le-teich\/\" target=\"_blank\" rel=\"noreferrer noopener\">Le Teich<\/a>\u00a0\u0413\u0434\u0435\u00a0<a href=\"https:\/\/bassin-arcachon.com\/ru\/%d1%80%d0%b0%d0%b7%d0%bc%d0%b5%d1%89%d0%b5%d0%bd%d0%b8%d0%b5-2\/hotelscoeur-de-bassin-2\/\" target=\"_blank\" rel=\"noreferrer noopener\">\u041e\u0434\u0435\u043d\u0436<\/a>, \u0437\u0430\u0431\u0440\u043e\u043d\u0438\u0440\u0443\u0439\u0442\u0435 \u043e\u0442\u0435\u043b\u044c \u0441 \u0431\u0430\u0441\u0441\u0435\u0439\u043d\u043e\u043c!<\/p>\n\n\n\n<div class=\"wp-block-buttons is-layout-flex wp-block-buttons-is-layout-flex\">\n<div class=\"wp-block-button\"><a class=\"wp-block-button__link wp-element-button\" href=\"https:\/\/bassin-arcachon.com\/ru\/%d1%80%d0%b0%d0%b7%d0%bc%d0%b5%d1%89%d0%b5%d0%bd%d0%b8%d0%b5-2\/%d0%be%d1%82%d0%b5%d0%bb%d0%b8-%d0%b8-%d0%b1%d0%b0%d1%81%d1%81%d0%b5%d0%b9%d0%bd\/\">\u041e\u0442\u0435\u043b\u0438 \u0441 \u0431\u0430\u0441\u0441\u0435\u0439\u043d\u043e\u043c<\/a><\/div>\n<\/div>\n<\/div>\n\n\n\n<div class=\"wp-block-uagb-container uagb-block-e52772f2\">\n<div class=\"wp-block-uagb-image uagb-block-f59a49ab wp-block-uagb-image--layout-default wp-block-uagb-image--effect-static wp-block-uagb-image--align-none\"><figure class=\"wp-block-uagb-image__figure\"><img decoding=\"async\" srcset=\"https:\/\/bassin-arcachon.com\/wp-content\/uploads\/2019\/11\/Piscine-2-600.jpg \" sizes=\"auto, (max-width: 480px) 150px\" src=\"https:\/\/bassin-arcachon.com\/wp-content\/uploads\/2019\/11\/Piscine-2-600.jpg\" alt=\"- - Bassin d&#039;Arcachon\" class=\"uag-image-38869\" width=\"600\" height=\"400\" title=\"- - Bassin d&#039;Arcachon\" loading=\"lazy\" role=\"img\"><\/figure><\/div>\n<\/div>\n<\/div><\/div>\n\n\n\n<div style=\"height:60px\" aria-hidden=\"true\" class=\"wp-block-spacer\"><\/div>\n\n\n\n<div class=\"wp-block-uagb-container uagb-block-2831fd6a alignfull uagb-is-root-container\"><div class=\"uagb-container-inner-blocks-wrap\">\n<h3 class=\"wp-block-heading has-text-align-center\">\u041e\u0442\u043a\u0440\u043e\u0439\u0442\u0435 \u0434\u043b\u044f \u0441\u0435\u0431\u044f \u0434\u0440\u0443\u0433\u0438\u0435 \u0442\u0438\u043f\u044b \u0440\u0430\u0437\u043c\u0435\u0449\u0435\u043d\u0438\u044f \u0432 \u0440\u0430\u0439\u043e\u043d\u0435 Bassin Arcachon:<\/h3>\n\n\n\n<p class=\"has-text-align-center\"><a href=\"https:\/\/bassin-arcachon.com\/ru\/%d1%80%d0%b0%d0%b7%d0%bc%d0%b5%d1%89%d0%b5%d0%bd%d0%b8%d0%b5-2\/%d0%ba%d0%be%d0%bc%d0%bd%d0%b0%d1%82%d1%8b-%d0%b4%d0%bb%d1%8f-%d0%b3%d0%be%d1%81%d1%82%d0%b5%d0%b9\/\" target=\"_blank\" rel=\"noreferrer noopener\">\u0413\u043e\u0441\u0442\u0435\u0432\u044b\u0435 \u043a\u043e\u043c\u043d\u0430\u0442\u044b<\/a><br><a href=\"https:\/\/bassin-arcachon.com\/ru\/%d1%80%d0%b0%d0%b7%d0%bc%d0%b5%d1%89%d0%b5%d0%bd%d0%b8%d0%b5-2\/%d0%ba%d0%b5%d0%bc%d0%bf%d0%b8%d0%bd%d0%b3%d0%b8\/\" target=\"_blank\" rel=\"noreferrer noopener\">\u041a\u0435\u043c\u043f\u0438\u043d\u0433\u0438<\/a><\/p>\n<\/div><\/div>\n\n\n\n<div style=\"height:60px\" aria-hidden=\"true\" class=\"wp-block-spacer\"><\/div>","protected":false},"excerpt":{"rendered":"<p>Vous cherchez&nbsp;o\u00f9 dormir&nbsp;sur le Bassin d\u2019Arcachon ? D\u00e9couvrez nos h\u00f4tels de charme, au bord du Bassin, avec piscine ou avec spa, et passez un s\u00e9jour inoubliable les pieds dans l\u2019eau. [&hellip;]<\/p>\n","protected":false},"author":25,"featured_media":394,"parent":43,"menu_order":3,"comment_status":"closed","ping_status":"closed","template":"","meta":{"_acf_changed":false,"_uag_custom_page_level_css":"","footnotes":""},"class_list":["post-400","page","type-page","status-publish","has-post-thumbnail","hentry"],"acf":[],"uagb_featured_image_src":{"full":["https:\/\/bassin-arcachon.com\/wp-content\/uploads\/2017\/03\/header-hotels.jpg",842,560,false],"thumbnail":["https:\/\/bassin-arcachon.com\/wp-content\/uploads\/2017\/03\/header-hotels-150x150.jpg",150,150,true],"medium":["https:\/\/bassin-arcachon.com\/wp-content\/uploads\/2017\/03\/header-hotels-600x399.jpg",600,399,true],"medium_large":["https:\/\/bassin-arcachon.com\/wp-content\/uploads\/2017\/03\/header-hotels-768x511.jpg",768,511,true],"large":["https:\/\/bassin-arcachon.com\/wp-content\/uploads\/2017\/03\/header-hotels.jpg",842,560,false],"1536x1536":["https:\/\/bassin-arcachon.com\/wp-content\/uploads\/2017\/03\/header-hotels.jpg",842,560,false],"2048x2048":["https:\/\/bassin-arcachon.com\/wp-content\/uploads\/2017\/03\/header-hotels.jpg",842,560,false],"trp-custom-language-flag":["https:\/\/bassin-arcachon.com\/wp-content\/uploads\/2017\/03\/header-hotels-18x12.jpg",18,12,true]},"uagb_author_info":{"display_name":"Marie Clauzel","author_link":"https:\/\/bassin-arcachon.com\/ru\/author\/mariesiba\/"},"uagb_comment_info":0,"uagb_excerpt":"Vous cherchez&nbsp;o\u00f9 dormir&nbsp;sur le Bassin d\u2019Arcachon ? D\u00e9couvrez nos h\u00f4tels de charme, au bord du Bassin, avec piscine ou avec spa, et passez un s\u00e9jour inoubliable les pieds dans l\u2019eau. [&hellip;]","_links":{"self":[{"href":"https:\/\/bassin-arcachon.com\/ru\/wp-json\/wp\/v2\/pages\/400","targetHints":{"allow":["GET"]}}],"collection":[{"href":"https:\/\/bassin-arcachon.com\/ru\/wp-json\/wp\/v2\/pages"}],"about":[{"href":"https:\/\/bassin-arcachon.com\/ru\/wp-json\/wp\/v2\/types\/page"}],"author":[{"embeddable":true,"href":"https:\/\/bassin-arcachon.com\/ru\/wp-json\/wp\/v2\/users\/25"}],"replies":[{"embeddable":true,"href":"https:\/\/bassin-arcachon.com\/ru\/wp-json\/wp\/v2\/comments?post=400"}],"version-history":[{"count":1,"href":"https:\/\/bassin-arcachon.com\/ru\/wp-json\/wp\/v2\/pages\/400\/revisions"}],"predecessor-version":[{"id":68248,"href":"https:\/\/bassin-arcachon.com\/ru\/wp-json\/wp\/v2\/pages\/400\/revisions\/68248"}],"up":[{"embeddable":true,"href":"https:\/\/bassin-arcachon.com\/ru\/wp-json\/wp\/v2\/pages\/43"}],"wp:featuredmedia":[{"embeddable":true,"href":"https:\/\/bassin-arcachon.com\/ru\/wp-json\/wp\/v2\/media\/394"}],"wp:attachment":[{"href":"https:\/\/bassin-arcachon.com\/ru\/wp-json\/wp\/v2\/media?parent=400"}],"curies":[{"name":"WP","href":"https:\/\/api.w.org\/{rel}","templated":true}]}}