{"id":44455,"date":"2020-07-06T14:40:46","date_gmt":"2020-07-06T12:40:46","guid":{"rendered":"https:\/\/bassin-arcachon.com\/\/?page_id=44455"},"modified":"2024-11-06T11:41:24","modified_gmt":"2024-11-06T10:41:24","slug":"%d0%b0%d1%80%d0%b5%d1%81-2","status":"publish","type":"page","link":"https:\/\/bassin-arcachon.com\/ru\/ou-dormir\/camping\/ares-2\/","title":{"rendered":"\u041d\u0430\u0448\u0438 \u043a\u0435\u043c\u043f\u0438\u043d\u0433\u0438 \u0432 \u0410\u0440\u0435\u0441\u0435"},"content":{"rendered":"<div class=\"wp-block-uagb-container uagb-block-7ba71126 alignfull uagb-is-root-container\"><div class=\"uagb-container-inner-blocks-wrap\">\n<div class=\"wp-block-uagb-container uagb-block-dfceb38c\">\n<h2 class=\"wp-block-heading\">\u041d\u0430\u0448\u0438 \u043a\u0435\u043c\u043f\u0438\u043d\u0433\u0438 \u0441 \u0431\u0430\u0441\u0441\u0435\u0439\u043d\u043e\u043c \u0432 \u0410\u0440\u0435\u0441\u0435<\/h2>\n\n\n\n<p>\u041f\u0430\u0440\u0430 \u0438\u043b\u0438 \u0441\u0435\u043c\u044c\u044f \u043d\u0430\u0441\u043b\u0430\u0434\u0438\u0442\u0435\u0441\u044c \u043c\u043e\u043c\u0435\u043d\u0442\u043e\u043c \u0440\u0435\u043b\u0430\u043a\u0441\u0430\u0446\u0438\u0438 \u0443 \u0431\u0430\u0441\u0441\u0435\u0439\u043d\u0430 \u043f\u043e\u0441\u043b\u0435 \u0434\u043d\u044f, \u043f\u0440\u043e\u0432\u0435\u0434\u0435\u043d\u043d\u043e\u0433\u043e \u0432 \u0441\u043e\u043b\u0435\u043d\u043e\u0439 \u0432\u043e\u0434\u0435 \u0431\u0430\u0441\u0441\u0435\u0439\u043d\u0430! \u0417\u0430\u0431\u0440\u043e\u043d\u0438\u0440\u0443\u0439\u0442\u0435 \u043f\u0440\u043e\u0436\u0438\u0432\u0430\u043d\u0438\u0435 \u0432 \u043a\u0435\u043c\u043f\u0438\u043d\u0433\u0435 \u0438 \u043f\u043e\u043b\u0443\u0447\u0438\u0442\u0435 \u043c\u0430\u043a\u0441\u0438\u043c\u0443\u043c \u0443\u0434\u043e\u0432\u043e\u043b\u044c\u0441\u0442\u0432\u0438\u044f \u043e\u0442 \u043e\u0442\u043f\u0443\u0441\u043a\u0430, \u043e\u0442\u0434\u044b\u0445\u0430\u044f \u0443 \u0431\u0430\u0441\u0441\u0435\u0439\u043d\u0430 \u0432 \u043a\u0435\u043c\u043f\u0438\u043d\u0433\u0435 \u0432 \u0410\u0440\u0435\u0441\u0435 \u0438\u043b\u0438 \u043f\u043e\u0431\u043b\u0438\u0437\u043e\u0441\u0442\u0438!<\/p>\n\n\n\n<div class=\"wp-block-buttons is-layout-flex wp-block-buttons-is-layout-flex\">\n<div class=\"wp-block-button\"><a class=\"wp-block-button__link wp-element-button\" href=\"https:\/\/bassin-arcachon.com\/ru\/%d1%80%d0%b0%d0%b7%d0%bc%d0%b5%d1%89%d0%b5%d0%bd%d0%b8%d0%b5-2\/%d0%ba%d0%b5%d0%bc%d0%bf%d0%b8%d0%bd%d0%b3%d0%b8arespiscine-2\/\">\u041a\u0435\u043c\u043f\u0438\u043d\u0433\u0438 \u0441 \u0431\u0430\u0441\u0441\u0435\u0439\u043d\u043e\u043c<\/a><\/div>\n<\/div>\n<\/div>\n\n\n\n<div class=\"wp-block-uagb-container uagb-block-270f4ce0\">\n<div class=\"wp-block-uagb-image uagb-block-31e999fe wp-block-uagb-image--layout-default wp-block-uagb-image--effect-static wp-block-uagb-image--align-none\"><figure class=\"wp-block-uagb-image__figure\"><img decoding=\"async\" srcset=\"https:\/\/bassin-arcachon.com\/wp-content\/uploads\/2017\/03\/camping-piscine-1024x768.jpg ,https:\/\/bassin-arcachon.com\/wp-content\/uploads\/2017\/03\/camping-piscine.jpg 780w, https:\/\/bassin-arcachon.com\/wp-content\/uploads\/2017\/03\/camping-piscine.jpg 360w\" sizes=\"auto, (max-width: 480px) 150px\" src=\"https:\/\/bassin-arcachon.com\/wp-content\/uploads\/2017\/03\/camping-piscine-1024x768.jpg\" alt=\"- - Bassin d&#039;Arcachon\" class=\"uag-image-1343\" width=\"1024\" height=\"768\" title=\"\u043a\u0435\u043c\u043f\u0438\u043d\u0433 \u0431\u0430\u0441\u0441\u0435\u0439\u043d\" loading=\"lazy\" role=\"img\"><\/figure><\/div>\n<\/div>\n<\/div><\/div>\n\n\n\n<div style=\"height:60px\" aria-hidden=\"true\" class=\"wp-block-spacer\"><\/div>\n\n\n\n<div class=\"wp-block-uagb-container uagb-block-eaa47007 alignfull uagb-is-root-container\"><div class=\"uagb-container-inner-blocks-wrap\">\n<div class=\"wp-block-uagb-container uagb-block-a978a454\">\n<div class=\"wp-block-uagb-image uagb-block-05d2882c wp-block-uagb-image--layout-default wp-block-uagb-image--effect-static wp-block-uagb-image--align-none\"><figure class=\"wp-block-uagb-image__figure\"><img decoding=\"async\" srcset=\"https:\/\/bassin-arcachon.com\/wp-content\/uploads\/2020\/07\/ares-velos-1024x681-1.jpg \" sizes=\"auto, (max-width: 480px) 150px\" src=\"https:\/\/bassin-arcachon.com\/wp-content\/uploads\/2020\/07\/ares-velos-1024x681-1.jpg\" alt=\"- - Bassin d&#039;Arcachon\" class=\"uag-image-44403\" width=\"1024\" height=\"681\" title=\"- - Bassin d&#039;Arcachon\" loading=\"lazy\" role=\"img\"><\/figure><\/div>\n<\/div>\n\n\n\n<div class=\"wp-block-uagb-container uagb-block-ab746ba7\">\n<h2 class=\"wp-block-heading\">\u041d\u0430\u0448\u0438 \u043a\u0435\u043c\u043f\u0438\u043d\u0433\u0438 \u0441 \u0432\u0438\u0434\u043e\u043c \u043d\u0430 \u0442\u0440\u0430\u0441\u0441\u0443 Bassin \u0432 \u0410\u0440\u0435\u0441\u0435<\/h2>\n\n\n\n<p>\u041f\u0440\u043e\u0441\u044b\u043f\u0430\u0439\u0442\u0435\u0441\u044c \u043f\u043e\u0434 \u0437\u0432\u0443\u043a \u043f\u043b\u0435\u0441\u043a\u0430 \u0432\u043e\u0434\u044b \u0432 \u043e\u0434\u043d\u043e\u043c \u0438\u0437 \u043d\u0430\u0448\u0438\u0445 \u043a\u0435\u043c\u043f\u0438\u043d\u0433\u043e\u0432 \u0432 <a href=\"https:\/\/bassin-arcachon.com\/ru\/%d0%bd%d0%b0%d1%88%d0%b8-%d0%b3%d0%be%d1%80%d0%be%d0%b4%d0%b0-%d0%b8-%d0%b4%d0%b5%d1%80%d0%b5%d0%b2%d0%bd%d0%b8\/%d0%b0%d1%80%d0%b5%d1%81\/\">\u0410\u0440\u0435\u0441<\/a> \u0441 \u0432\u0438\u0434\u043e\u043c \u043d\u0430 \u0431\u0430\u0441\u0441\u0435\u0439\u043d (\u0438\u043b\u0438 \u0440\u044f\u0434\u043e\u043c)! \u041d\u0430\u0431\u043b\u044e\u0434\u0430\u0439\u0442\u0435 \u0437\u0430 \u043f\u0435\u0440\u0432\u044b\u043c\u0438 \u043f\u043b\u044b\u0432\u0443\u0449\u0438\u043c\u0438 \u0431\u0430\u0440\u0436\u0430\u043c\u0438, \u0432 \u0437\u0430\u0432\u0438\u0441\u0438\u043c\u043e\u0441\u0442\u0438 \u043e\u0442 \u043f\u0440\u0438\u043b\u0438\u0432\u043e\u0432 \u0438 \u043e\u0442\u043b\u0438\u0432\u043e\u0432 \u043a\u0430\u0436\u0434\u043e\u0435 \u0443\u0442\u0440\u043e \u0432\u044b \u0431\u0443\u0434\u0435\u0442\u0435 \u0432\u0438\u0434\u0435\u0442\u044c \u043d\u043e\u0432\u044b\u0439 \u043f\u0435\u0439\u0437\u0430\u0436! \u0418\u0442\u0430\u043a, \u044d\u0442\u043e \u0432\u0430\u0441 \u0441\u043e\u0431\u043b\u0430\u0437\u043d\u044f\u0435\u0442? \u0412\u044b\u0431\u0435\u0440\u0438\u0442\u0435 \u043e\u0434\u0438\u043d \u0438\u0437 \u043d\u0430\u0448\u0438\u0445 \u043a\u0435\u043c\u043f\u0438\u043d\u0433\u043e\u0432 \u0441 \u0432\u0438\u0434\u043e\u043c \u043d\u0430 \u0431\u0430\u0441\u0441\u0435\u0439\u043d \u0432 \u0410\u0440\u0435\u0441\u0435!<\/p>\n\n\n\n<div class=\"wp-block-buttons is-layout-flex wp-block-buttons-is-layout-flex\">\n<div class=\"wp-block-button\"><a class=\"wp-block-button__link wp-element-button\" href=\"https:\/\/bassin-arcachon.com\/ru\/%d1%80%d0%b0%d0%b7%d0%bc%d0%b5%d1%89%d0%b5%d0%bd%d0%b8%d0%b5-2\/%d0%ba%d0%b5%d0%bc%d0%bf%d0%b8%d0%bd%d0%b3%d0%b8aresvuemer\/\">\u041a\u0435\u043c\u043f\u0438\u043d\u0433 \u043d\u0430 \u0431\u0435\u0440\u0435\u0433\u0443<\/a><\/div>\n<\/div>\n<\/div>\n<\/div><\/div>\n\n\n\n<div style=\"height:60px\" aria-hidden=\"true\" class=\"wp-block-spacer\"><\/div>\n\n\n\n<div class=\"wp-block-uagb-container uagb-block-e4245f34 alignfull uagb-is-root-container\"><div class=\"uagb-container-inner-blocks-wrap\">\n<div class=\"wp-block-uagb-container uagb-block-550cde5c\">\n<h2 class=\"wp-block-heading\">\u041d\u0430\u0448\u0438 \u043a\u0435\u043c\u043f\u0438\u043d\u0433\u0438 \u0441 Wi-Fi \u0432 \u0410\u0440\u0435\u0441\u0435<\/h2>\n\n\n\n<p>\u0425\u043e\u0442\u0438\u0442\u0435 \u043f\u043e\u0441\u043c\u043e\u0442\u0440\u0435\u0442\u044c \u0444\u0438\u043b\u044c\u043c \u0438\u043b\u0438 \u043f\u043e\u0434\u0435\u043b\u0438\u0442\u044c\u0441\u044f \u0444\u043e\u0442\u043e\u0433\u0440\u0430\u0444\u0438\u044f\u043c\u0438 \u0438\u0437 \u043e\u0442\u043f\u0443\u0441\u043a\u0430 \u0432 \u0441\u043e\u0446\u0438\u0430\u043b\u044c\u043d\u044b\u0445 \u0441\u0435\u0442\u044f\u0445? \u041d\u0430\u0441\u043b\u0430\u0436\u0434\u0430\u0439\u0442\u0435\u0441\u044c Wi-Fi \u0432 \u043d\u0430\u0448\u0438\u0445 \u043a\u0435\u043c\u043f\u0438\u043d\u0433\u0430\u0445 \u0432 \u0410\u0440\u0435\u0441\u0435! \u041e\u0441\u0442\u0430\u0432\u0430\u0439\u0442\u0435\u0441\u044c \u043d\u0430 \u0441\u0432\u044f\u0437\u0438 \u0438 \u043e\u0440\u0433\u0430\u043d\u0438\u0437\u0443\u0439\u0442\u0435 \u0441\u0432\u043e\u0438 \u043f\u0440\u043e\u0433\u0443\u043b\u043a\u0438 \u0438\u0437 \u043a\u0435\u043c\u043f\u0438\u043d\u0433\u0430 \u0431\u043b\u0430\u0433\u043e\u0434\u0430\u0440\u044f Wi-Fi-\u0441\u043e\u0435\u0434\u0438\u043d\u0435\u043d\u0438\u044e \u0438 \u043f\u0440\u043e\u0432\u0435\u0434\u0438\u0442\u0435 \u043e\u0442\u043f\u0443\u0441\u043a \u043c\u0435\u0447\u0442\u044b! \u0412\u044b\u0431\u0438\u0440\u0430\u0439\u0442\u0435 \u043a\u0435\u043c\u043f\u0438\u043d\u0433 \u0441 Wi-Fi \u0432 \u0410\u0440\u0435\u0441\u0435!<\/p>\n\n\n\n<div class=\"wp-block-buttons is-layout-flex wp-block-buttons-is-layout-flex\">\n<div class=\"wp-block-button\"><a class=\"wp-block-button__link wp-element-button\" href=\"https:\/\/bassin-arcachon.com\/ru\/%d1%80%d0%b0%d0%b7%d0%bc%d0%b5%d1%89%d0%b5%d0%bd%d0%b8%d0%b5-2\/%d0%ba%d0%b5%d0%bc%d0%bf%d0%b8%d0%bd%d0%b3%d0%b8areswifi\/\">\u041a\u0435\u043c\u043f\u0438\u043d\u0433\u0438 \u0441 Wi-Fi<\/a><\/div>\n<\/div>\n<\/div>\n\n\n\n<div class=\"wp-block-uagb-container uagb-block-36439317\">\n<div class=\"wp-block-uagb-image uagb-block-e04e83d9 wp-block-uagb-image--layout-default wp-block-uagb-image--effect-static wp-block-uagb-image--align-none\"><figure class=\"wp-block-uagb-image__figure\"><img decoding=\"async\" srcset=\"https:\/\/bassin-arcachon.com\/wp-content\/uploads\/2017\/04\/ares-port-ostreicole-1024x768.jpg \" sizes=\"auto, (max-width: 480px) 150px\" src=\"https:\/\/bassin-arcachon.com\/wp-content\/uploads\/2017\/04\/ares-port-ostreicole-1024x768.jpg\" alt=\"- - Bassin d&#039;Arcachon\" class=\"uag-image-1162\" width=\"1024\" height=\"768\" title=\"- - Bassin d&#039;Arcachon\" loading=\"lazy\" role=\"img\"><\/figure><\/div>\n<\/div>\n<\/div><\/div>\n\n\n\n<div style=\"height:60px\" aria-hidden=\"true\" class=\"wp-block-spacer\"><\/div>\n\n\n\n<div class=\"wp-block-uagb-container uagb-block-ca0feb9e alignfull uagb-is-root-container\">\n<div class=\"wp-block-cover is-light has-parallax\"><span aria-hidden=\"true\" class=\"wp-block-cover__background has-background-dim-0 has-background-dim\"><\/span><div class=\"wp-block-cover__image-background wp-image-1345 has-parallax\" style=\"background-position:50% 50%;background-image:url(https:\/\/bassin-arcachon.com\/wp-content\/uploads\/2017\/03\/Camping-Panorama-du-Pyla-cottage-vue-mer-coin-farniente.jpg)\"><\/div><div class=\"wp-block-cover__inner-container is-layout-flow wp-block-cover-is-layout-flow\">\n<div class=\"wp-block-uagb-container uagb-block-5b189076\">\n<h2 class=\"wp-block-heading has-text-align-center has-white-color has-text-color has-large-font-size\">\u041f\u0440\u043e\u0432\u0435\u0434\u0438\u0442\u0435 \u0441\u0432\u043e\u0439 \u043e\u0442\u043f\u0443\u0441\u043a \u0441 \u043b\u0435\u0433\u043a\u043e\u0441\u0442\u044c\u044e \u0432 \u043e\u0434\u043d\u043e\u043c \u0438\u0437 \u043a\u0435\u043c\u043f\u0438\u043d\u0433\u043e\u0432 Bassin \u0432 \u0410\u0440\u043a\u0430\u0448\u043e\u043d\u0435!<\/h2>\n\n\n\n<p class=\"has-text-align-center has-white-color has-text-color\"><a href=\"https:\/\/bassin-arcachon.com\/ru\/%d1%80%d0%b0%d0%b7%d0%bc%d0%b5%d1%89%d0%b5%d0%bd%d0%b8%d0%b5-2\/%d0%ba%d0%b5%d0%bc%d0%bf%d0%b8%d0%bd%d0%b3%d0%b8\/\">\u041d\u0410\u0427\u041d\u0418\u0422\u0415 \u041f\u041e\u0418\u0421\u041a<\/a><\/p>\n<\/div>\n<\/div><\/div>\n<\/div>\n\n\n\n<div style=\"height:60px\" aria-hidden=\"true\" class=\"wp-block-spacer\"><\/div>\n\n\n\n<div class=\"wp-block-uagb-container uagb-block-02e6a164 alignfull uagb-is-root-container\"><div class=\"uagb-container-inner-blocks-wrap\">\n<div class=\"wp-block-uagb-container uagb-block-8edb6d7d\">\n<h3 class=\"wp-block-heading\">\u0425\u043e\u0442\u0438\u0442\u0435 \u0437\u0430\u0431\u0440\u043e\u043d\u0438\u0440\u043e\u0432\u0430\u0442\u044c \u043a\u0435\u043c\u043f\u0438\u043d\u0433 \u0432 \u043e\u043a\u0440\u0435\u0441\u0442\u043d\u043e\u0441\u0442\u044f\u0445 \u0410\u0440\u0435\u0441\u0430?<\/h3>\n\n\n\n<p>\u041e\u0442\u043a\u0440\u043e\u0439\u0442\u0435 \u0434\u043b\u044f \u0441\u0435\u0431\u044f \u0432\u0441\u0435 \u043d\u0430\u0448\u0438 \u043a\u0435\u043c\u043f\u0438\u043d\u0433\u0438 \u0432 Bassin \u0410\u0440\u043a\u0430\u0448\u043e\u043d:&nbsp;<a href=\"https:\/\/bassin-arcachon.com\/ru\/%d1%80%d0%b0%d0%b7%d0%bc%d0%b5%d1%89%d0%b5%d0%bd%d0%b8%d0%b5-2\/%d0%be%d1%82%d0%b5%d0%bb%d0%b8+%d0%bb%d0%b5-%d1%82%d0%b0%d0%b9%d1%85\/\">Le Teich<\/a>,&nbsp;<a href=\"https:\/\/bassin-arcachon.com\/ru\/%d1%80%d0%b0%d0%b7%d0%bc%d0%b5%d1%89%d0%b5%d0%bd%d0%b8%d0%b5-2\/%d0%be%d1%82%d0%b5%d0%bb%d0%b8+%d0%b0%d1%80%d0%ba%d0%b0%d1%88%d0%be%d0%bd\/\">\u0410\u0440\u043a\u0430\u0448\u043e\u043d<\/a>,&nbsp;<a href=\"https:\/\/bassin-arcachon.com\/ru\/%d1%80%d0%b0%d0%b7%d0%bc%d0%b5%d1%89%d0%b5%d0%bd%d0%b8%d0%b5-2\/%d0%be%d1%82%d0%b5%d0%bb%d0%b8+%d1%82%d0%b5%d1%81%d1%82-%d0%be%d1%84-%d0%b1%d1%83%d1%85\/\">La Teste de Buch<\/a>,&nbsp;<a href=\"https:\/\/bassin-arcachon.com\/ru\/%d1%80%d0%b0%d0%b7%d0%bc%d0%b5%d1%89%d0%b5%d0%bd%d0%b8%d0%b5-2\/%d0%be%d1%82%d0%b5%d0%bb%d0%b8+%d0%b0%d0%bd%d0%b4%d0%b5%d1%80%d0%bd%d0%be%d1%81\/\">\u0410\u043d\u0434\u0435\u0440\u043d\u043e\u0441<\/a>,&nbsp;<a href=\"https:\/\/bassin-arcachon.com\/ru\/%d1%80%d0%b0%d0%b7%d0%bc%d0%b5%d1%89%d0%b5%d0%bd%d0%b8%d0%b5-2\/%d0%be%d1%82%d0%b5%d0%bb%d0%b8+%d0%b3%d1%83%d0%b4%d0%b6%d0%b0%d0%bd-%d0%bc%d0%b5%d1%81%d1%82%d1%80%d1%8b\/\">\u0413\u0443\u0436\u0430\u043d-\u041c\u0435\u0441\u0442\u0440\u0430\u0441,<\/a>&nbsp;<a href=\"https:\/\/bassin-arcachon.com\/ru\/%d1%80%d0%b0%d0%b7%d0%bc%d0%b5%d1%89%d0%b5%d0%bd%d0%b8%d0%b5-2\/%d0%be%d1%82%d0%b5%d0%bb%d0%b8+%d1%81%d0%b5%d1%80%d0%b4%d1%86%d0%b5-%d0%b1%d0%b0%d1%81%d1%81%d0%b5%d0%b9%d0%bd%d0%b0-2\/\">\u0411\u0438\u0433\u0430\u043d\u043e\u0441,<\/a>&nbsp;<a href=\"https:\/\/bassin-arcachon.com\/ru\/%d1%80%d0%b0%d0%b7%d0%bc%d0%b5%d1%89%d0%b5%d0%bd%d0%b8%d0%b5-2\/%d0%be%d1%82%d0%b5%d0%bb%d0%b8+%d1%81%d0%b5%d1%80%d0%b4%d1%86%d0%b5-%d0%b1%d0%b0%d1%81%d1%81%d0%b5%d0%b9%d0%bd%d0%b0-2\/\">\u041e\u0434\u0435\u043d\u0436<\/a>,<a href=\"https:\/\/bassin-arcachon.com\/ru\/%d1%80%d0%b0%d0%b7%d0%bc%d0%b5%d1%89%d0%b5%d0%bd%d0%b8%d0%b5-2\/%d0%be%d1%82%d0%b5%d0%bb%d0%b8+%d1%81%d0%b5%d1%80%d0%b4%d1%86%d0%b5-%d0%b1%d0%b0%d1%81%d1%81%d0%b5%d0%b9%d0%bd%d0%b0-2\/\">&nbsp;\u041b\u0430\u043d\u0442\u043e\u043d&nbsp;<\/a>\u0430 \u0442\u0430\u043a\u0436\u0435&nbsp;<a href=\"https:\/\/bassin-arcachon.com\/ru\/%d1%80%d0%b0%d0%b7%d0%bc%d0%b5%d1%89%d0%b5%d0%bd%d0%b8%d0%b5-2\/%d0%be%d1%82%d0%b5%d0%bb%d0%b8+lege-cap-ferret\/\">\u041a\u0430\u043f-\u0424\u0435\u0440\u0440\u0435<\/a>&nbsp;!<\/p>\n<\/div>\n\n\n\n<div class=\"wp-block-uagb-container uagb-block-2e52a006\">\n<div class=\"wp-block-uagb-image uagb-block-a755267c wp-block-uagb-image--layout-default wp-block-uagb-image--effect-static wp-block-uagb-image--align-none\"><figure class=\"wp-block-uagb-image__figure\"><img decoding=\"async\" srcset=\"https:\/\/bassin-arcachon.com\/wp-content\/uploads\/2018\/09\/nourri-a-lhu\u00eetre-\u00e9lev\u00e9-sous-les-pins-Bassin-dArcachon.jpg 1000w, https:\/\/bassin-arcachon.com\/wp-content\/uploads\/2018\/09\/nourri-a-lhu\u00eetre-\u00e9lev\u00e9-sous-les-pins-Bassin-dArcachon-600x400.jpg 600w, https:\/\/bassin-arcachon.com\/wp-content\/uploads\/2018\/09\/nourri-a-lhu\u00eetre-\u00e9lev\u00e9-sous-les-pins-Bassin-dArcachon-768x511.jpg 768w, https:\/\/bassin-arcachon.com\/wp-content\/uploads\/2018\/09\/nourri-a-lhu\u00eetre-\u00e9lev\u00e9-sous-les-pins-Bassin-dArcachon-18x12.jpg 18w\" sizes=\"auto, (max-width: 480px) 150px\" src=\"https:\/\/bassin-arcachon.com\/wp-content\/uploads\/2018\/09\/nourri-a-lhu\u00eetre-\u00e9lev\u00e9-sous-les-pins-Bassin-dArcachon.jpg\" alt=\"- - Bassin d&#039;Arcachon\" class=\"uag-image-26169\" width=\"1000\" height=\"666\" title=\"- - Bassin d&#039;Arcachon\" loading=\"lazy\" role=\"img\"><\/figure><\/div>\n<\/div>\n<\/div><\/div>\n\n\n\n<div style=\"height:60px\" aria-hidden=\"true\" class=\"wp-block-spacer\"><\/div>","protected":false},"excerpt":{"rendered":"<p>Nos campings avec piscine \u00e0 Ar\u00e8s A deux ou en famille, profitez d\u2019un moment 100% d\u00e9tente au bord de la piscine apr\u00e8s une journ\u00e9e dans l\u2019eau saline du bassin ! [&hellip;]<\/p>\n","protected":false},"author":25,"featured_media":2217,"parent":392,"menu_order":1,"comment_status":"closed","ping_status":"closed","template":"","meta":{"_acf_changed":false,"_uag_custom_page_level_css":"","footnotes":""},"class_list":["post-44455","page","type-page","status-publish","has-post-thumbnail","hentry"],"acf":[],"uagb_featured_image_src":{"full":["https:\/\/bassin-arcachon.com\/wp-content\/uploads\/2017\/03\/camping-bassin-arcachon.jpg",1200,800,false],"thumbnail":["https:\/\/bassin-arcachon.com\/wp-content\/uploads\/2017\/03\/camping-bassin-arcachon-150x150.jpg",150,150,true],"medium":["https:\/\/bassin-arcachon.com\/wp-content\/uploads\/2017\/03\/camping-bassin-arcachon-600x400.jpg",600,400,true],"medium_large":["https:\/\/bassin-arcachon.com\/wp-content\/uploads\/2017\/03\/camping-bassin-arcachon-768x512.jpg",768,512,true],"large":["https:\/\/bassin-arcachon.com\/wp-content\/uploads\/2017\/03\/camping-bassin-arcachon-1024x683.jpg",1024,683,true],"1536x1536":["https:\/\/bassin-arcachon.com\/wp-content\/uploads\/2017\/03\/camping-bassin-arcachon.jpg",1200,800,false],"2048x2048":["https:\/\/bassin-arcachon.com\/wp-content\/uploads\/2017\/03\/camping-bassin-arcachon.jpg",1200,800,false],"trp-custom-language-flag":["https:\/\/bassin-arcachon.com\/wp-content\/uploads\/2017\/03\/camping-bassin-arcachon-18x12.jpg",18,12,true]},"uagb_author_info":{"display_name":"Marie Clauzel","author_link":"https:\/\/bassin-arcachon.com\/ru\/author\/mariesiba\/"},"uagb_comment_info":0,"uagb_excerpt":"Nos campings avec piscine \u00e0 Ar\u00e8s A deux ou en famille, profitez d\u2019un moment 100% d\u00e9tente au bord de la piscine apr\u00e8s une journ\u00e9e dans l\u2019eau saline du bassin ! [&hellip;]","_links":{"self":[{"href":"https:\/\/bassin-arcachon.com\/ru\/wp-json\/wp\/v2\/pages\/44455","targetHints":{"allow":["GET"]}}],"collection":[{"href":"https:\/\/bassin-arcachon.com\/ru\/wp-json\/wp\/v2\/pages"}],"about":[{"href":"https:\/\/bassin-arcachon.com\/ru\/wp-json\/wp\/v2\/types\/page"}],"author":[{"embeddable":true,"href":"https:\/\/bassin-arcachon.com\/ru\/wp-json\/wp\/v2\/users\/25"}],"replies":[{"embeddable":true,"href":"https:\/\/bassin-arcachon.com\/ru\/wp-json\/wp\/v2\/comments?post=44455"}],"version-history":[{"count":4,"href":"https:\/\/bassin-arcachon.com\/ru\/wp-json\/wp\/v2\/pages\/44455\/revisions"}],"predecessor-version":[{"id":68271,"href":"https:\/\/bassin-arcachon.com\/ru\/wp-json\/wp\/v2\/pages\/44455\/revisions\/68271"}],"up":[{"embeddable":true,"href":"https:\/\/bassin-arcachon.com\/ru\/wp-json\/wp\/v2\/pages\/392"}],"wp:featuredmedia":[{"embeddable":true,"href":"https:\/\/bassin-arcachon.com\/ru\/wp-json\/wp\/v2\/media\/2217"}],"wp:attachment":[{"href":"https:\/\/bassin-arcachon.com\/ru\/wp-json\/wp\/v2\/media?parent=44455"}],"curies":[{"name":"WP","href":"https:\/\/api.w.org\/{rel}","templated":true}]}}