{"id":44470,"date":"2020-07-06T15:19:42","date_gmt":"2020-07-06T13:19:42","guid":{"rendered":"https:\/\/bassin-arcachon.com\/\/?page_id=44470"},"modified":"2024-11-06T11:42:38","modified_gmt":"2024-11-06T10:42:38","slug":"lege-cap-ferret","status":"publish","type":"page","link":"https:\/\/bassin-arcachon.com\/ru\/ou-dormir\/camping\/lege-cap-ferret\/","title":{"rendered":"\u041d\u0430\u0448\u0438 \u043a\u0435\u043c\u043f\u0438\u043d\u0433\u0438 \u0432 \u041b\u0435\u0436-\u041a\u0430\u043f-\u0424\u0435\u0440\u0440\u0435"},"content":{"rendered":"<div class=\"wp-block-uagb-container uagb-block-1c6506fd alignfull uagb-is-root-container\"><div class=\"uagb-container-inner-blocks-wrap\">\n<div class=\"wp-block-uagb-container uagb-block-8e4b4a20\">\n<h2 class=\"wp-block-heading\">\u041d\u0430\u0448\u0438 \u043a\u0435\u043c\u043f\u0438\u043d\u0433\u0438 \u0441 \u0431\u0430\u0441\u0441\u0435\u0439\u043d\u043e\u043c \u0432 \u041b\u0435\u0436-\u041a\u0430\u043f-\u0424\u0435\u0440\u0440\u0435<\/h2>\n\n\n\n<p>\u0418 \u0435\u0441\u043b\u0438 \u0432\u044b \u043f\u0440\u043e\u0432\u0435\u0434\u0435\u0442\u0435 \u043e\u0442\u043f\u0443\u0441\u043a \u043c\u0435\u0447\u0442\u044b \u0443&nbsp;<strong>\u0431\u0430\u0441\u0441\u0435\u0439\u043d<\/strong>&nbsp;\u0438 \u0431\u043b\u0438\u0437\u043a\u043e \u043a \u043f\u043b\u044f\u0436\u0443? \u0412\u044b\u0431\u0435\u0440\u0438 \u0441\u0432\u043e\u0439&nbsp;<strong>\u041e\u0442\u0434\u044b\u0445 \u043d\u0430 \u043f\u0440\u0438\u0440\u043e\u0434\u0435<\/strong>&nbsp;\u0438\u0437&nbsp;<strong>\u041b\u0435\u0433-\u041a\u0430\u043f-\u0424\u0435\u0440\u0440\u0435&nbsp;<\/strong>\u0441&nbsp;<strong>\u0431\u0430\u0441\u0441\u0435\u0439\u043d<\/strong>, \u0438 \u043d\u0430\u0441\u043b\u0430\u0436\u0434\u0430\u0439\u0442\u0435\u0441\u044c \u043d\u0435\u0437\u0430\u0431\u044b\u0432\u0430\u0435\u043c\u044b\u043c\u0438 \u043c\u043e\u043c\u0435\u043d\u0442\u0430\u043c\u0438 \u0441 \u0434\u0435\u0442\u044c\u043c\u0438 \u0438\u043b\u0438 \u0434\u0440\u0443\u0437\u044c\u044f\u043c\u0438! \u0421\u0440\u0435\u0434\u0438 \u0441\u043e\u0441\u0435\u043d \u0438\u043b\u0438 \u0443 \u043a\u0440\u043e\u043c\u043a\u0438 \u0432\u043e\u0434\u044b \u043d\u0430\u0448&nbsp;<strong>\u043a\u0435\u043c\u043f\u0438\u043d\u0433\u0438<\/strong>&nbsp;\u0441&nbsp;<strong>\u0431\u0430\u0441\u0441\u0435\u0439\u043d<\/strong>&nbsp;\u0432 \u041b\u0435\u0436-\u041a\u0430\u043f-\u0424\u0435\u0440\u0440\u0435 \u0433\u0430\u0440\u0430\u043d\u0442\u0438\u0440\u0443\u0435\u0442 \u0432\u0430\u043c \u043f\u043e\u043b\u043d\u0443\u044e \u0441\u043c\u0435\u043d\u0443 \u043e\u0431\u0441\u0442\u0430\u043d\u043e\u0432\u043a\u0438!<\/p>\n\n\n\n<div class=\"wp-block-buttons is-layout-flex wp-block-buttons-is-layout-flex\">\n<div class=\"wp-block-button\"><a class=\"wp-block-button__link wp-element-button\" href=\"https:\/\/bassin-arcachon.com\/ru\/%d1%80%d0%b0%d0%b7%d0%bc%d0%b5%d1%89%d0%b5%d0%bd%d0%b8%d0%b5-2\/%d0%ba%d0%b5%d0%bc%d0%bf%d0%b8%d0%bd%d0%b3%d0%b8-lege-cap-ferret-piscine\/\">\u041a\u0435\u043c\u043f\u0438\u043d\u0433\u0438 \u0441 \u0431\u0430\u0441\u0441\u0435\u0439\u043d\u043e\u043c<\/a><\/div>\n<\/div>\n<\/div>\n\n\n\n<div class=\"wp-block-uagb-container uagb-block-90e8a36d\">\n<div class=\"wp-block-uagb-image uagb-block-3a782d9c wp-block-uagb-image--layout-default wp-block-uagb-image--effect-static wp-block-uagb-image--align-none\"><figure class=\"wp-block-uagb-image__figure\"><img decoding=\"async\" srcset=\"https:\/\/bassin-arcachon.com\/wp-content\/uploads\/2018\/04\/villlage-ostreicole-velo-lege-cap-ferret-4-e1548069875703.jpg ,https:\/\/bassin-arcachon.com\/wp-content\/uploads\/2018\/04\/villlage-ostreicole-velo-lege-cap-ferret-4-e1548069875703.jpg 780w, https:\/\/bassin-arcachon.com\/wp-content\/uploads\/2018\/04\/villlage-ostreicole-velo-lege-cap-ferret-4-e1548069875703.jpg 360w\" sizes=\"auto, (max-width: 480px) 150px\" src=\"https:\/\/bassin-arcachon.com\/wp-content\/uploads\/2018\/04\/villlage-ostreicole-velo-lege-cap-ferret-4-e1548069875703.jpg\" alt=\"\u041f\u0440\u043e\u0433\u0443\u043b\u043a\u0430 \u043f\u043e \u0443\u0441\u0442\u0440\u0438\u0447\u043d\u043e\u0439 \u0444\u0435\u0440\u043c\u0435 \u041b\u0435\u0436-\u041a\u0430\u043f-\u0424\u0435\u0440\u0440\u0435.\" class=\"uag-image-19931\" width=\"1024\" height=\"682\" title=\"\u041f\u0440\u043e\u0433\u0443\u043b\u043a\u0430 \u043f\u043e \u0443\u0441\u0442\u0440\u0438\u0447\u043d\u043e\u0439 \u0444\u0435\u0440\u043c\u0435 \u041b\u0435\u0436-\u041a\u0430\u043f-\u0424\u0435\u0440\u0440\u0435.\" loading=\"lazy\" role=\"img\"\/><\/figure><\/div>\n<\/div>\n<\/div><\/div>\n\n\n\n<div style=\"height:60px\" aria-hidden=\"true\" class=\"wp-block-spacer\"><\/div>\n\n\n\n<div class=\"wp-block-uagb-container uagb-block-580af11a alignfull uagb-is-root-container\"><div class=\"uagb-container-inner-blocks-wrap\">\n<div class=\"wp-block-uagb-container uagb-block-fb01fee9\">\n<div class=\"wp-block-uagb-image uagb-block-2f070cf7 wp-block-uagb-image--layout-default wp-block-uagb-image--effect-static wp-block-uagb-image--align-none\"><figure class=\"wp-block-uagb-image__figure\"><img decoding=\"async\" srcset=\"https:\/\/bassin-arcachon.com\/wp-content\/uploads\/2017\/09\/la-pointe-aux-chevaux-printemps-1024x683.jpg \" sizes=\"auto, (max-width: 480px) 150px\" src=\"https:\/\/bassin-arcachon.com\/wp-content\/uploads\/2017\/09\/la-pointe-aux-chevaux-printemps-1024x683.jpg\" alt=\"- - Bassin d&#039;Arcachon\" class=\"uag-image-9680\" width=\"1024\" height=\"683\" title=\"- - Bassin d&#039;Arcachon\" loading=\"lazy\" role=\"img\"><\/figure><\/div>\n<\/div>\n\n\n\n<div class=\"wp-block-uagb-container uagb-block-0d7376de\">\n<h2 class=\"wp-block-heading\">\u041d\u0430\u0448\u0438 \u043a\u0435\u043c\u043f\u0438\u043d\u0433\u0438 \u0441 \u0432\u0438\u0434\u043e\u043c \u043d\u0430 \u0431\u0430\u0441\u0441\u0435\u0439\u043d \u0432 \u041b\u0435\u0436-\u041a\u0430\u043f-\u0424\u0435\u0440\u0440\u0435<\/h2>\n\n\n\n<p>\u0425\u043e\u0442\u0438\u0442\u0435 \u043c\u043e\u043c\u0435\u043d\u0442 \u043e\u0442\u0434\u044b\u0445\u0430 \u0441 \u0441\u0435\u043c\u044c\u0435\u0439 \u0438\u043b\u0438 \u0434\u0440\u0443\u0437\u044c\u044f\u043c\u0438? \u0412\u044b\u0431\u0435\u0440\u0438\u0442\u0435 \u0441\u0432\u043e\u0439&nbsp;<strong>\u041e\u0442\u0434\u044b\u0445 \u043d\u0430 \u043f\u0440\u0438\u0440\u043e\u0434\u0435<\/strong>&nbsp;\u0432&nbsp;<strong>\u041b\u0435\u0433-\u041a\u0430\u043f-\u0424\u0435\u0440\u0440\u0435&nbsp;<\/strong>\u0441&nbsp;<strong>\u0432\u0438\u0434 \u043d\u0430 \u0431\u0430\u0441\u0441\u0435\u0439\u043d<\/strong>&nbsp;! \u0416\u0438\u0432\u0438\u0442\u0435 \u0432 \u0440\u0438\u0442\u043c\u0435 \u043f\u0440\u0438\u043b\u0438\u0432\u043e\u0432 \u0438 \u043f\u0440\u043e\u0441\u044b\u043f\u0430\u0439\u0442\u0435\u0441\u044c \u043a\u0430\u0436\u0434\u043e\u0435 \u0443\u0442\u0440\u043e \u0441 \u043d\u043e\u0432\u043e\u0439 \u043f\u0430\u043d\u043e\u0440\u0430\u043c\u043e\u0439. \u0423 \u043a\u0440\u043e\u043c\u043a\u0438 \u0432\u043e\u0434\u044b \u0438 \u0441 \u043d\u043e\u0433\u0430\u043c\u0438 \u0432 \u043f\u0435\u0441\u043a\u0435, \u043d\u0430\u0441\u043b\u0430\u0436\u0434\u0430\u0439\u0442\u0435\u0441\u044c \u043f\u0440\u044f\u043c\u044b\u043c \u0434\u043e\u0441\u0442\u0443\u043f\u043e\u043c \u043a \u043f\u043b\u044f\u0436\u0443. \u0422\u0430\u043a \u0447\u0442\u043e \u043d\u0435 \u043f\u0440\u043e\u043f\u0443\u0441\u0442\u0438\u0442\u0435 \u043d\u0430\u0448&nbsp;<strong>\u043a\u0435\u043c\u043f\u0438\u043d\u0433\u0438<\/strong>&nbsp;\u0441&nbsp;<strong>\u0432\u0438\u0434 \u043d\u0430 \u0431\u0430\u0441\u0441\u0435\u0439\u043d<\/strong>&nbsp;\u0432&nbsp;<strong>\u041b\u0435\u0433-\u041a\u0430\u043f-\u0424\u0435\u0440\u0440\u0435<\/strong>&nbsp;!<\/p>\n\n\n\n<div class=\"wp-block-buttons is-layout-flex wp-block-buttons-is-layout-flex\">\n<div class=\"wp-block-button\"><a class=\"wp-block-button__link wp-element-button\" href=\"https:\/\/bassin-arcachon.com\/ru\/%d1%80%d0%b0%d0%b7%d0%bc%d0%b5%d1%89%d0%b5%d0%bd%d0%b8%d0%b5-2\/%d0%ba%d0%b5%d0%bc%d0%bf%d0%b8%d0%bd%d0%b3%d0%b8lege-cap-ferretvuemer\/\">\u041a\u0435\u043c\u043f\u0438\u043d\u0433 \u043d\u0430 \u0431\u0435\u0440\u0435\u0433\u0443<\/a><\/div>\n<\/div>\n<\/div>\n<\/div><\/div>\n\n\n\n<div style=\"height:60px\" aria-hidden=\"true\" class=\"wp-block-spacer\"><\/div>\n\n\n\n<div class=\"wp-block-uagb-container uagb-block-052cc5b4 alignfull uagb-is-root-container\"><div class=\"uagb-container-inner-blocks-wrap\">\n<div class=\"wp-block-uagb-container uagb-block-54bd363b\">\n<h2 class=\"wp-block-heading\">\u041d\u0430\u0448\u0438 \u043a\u0435\u043c\u043f\u0438\u043d\u0433\u0438 \u043e\u0442\u043a\u0440\u044b\u0442\u044b \u043a\u0440\u0443\u0433\u043b\u044b\u0439 \u0433\u043e\u0434 \u0432 \u041b\u0435\u0436-\u041a\u0430\u043f-\u0424\u0435\u0440\u0440\u0435<\/h2>\n\n\n\n<p><strong>\u041b\u0435\u0433-\u041a\u0430\u043f-\u0424\u0435\u0440\u0440\u0435&nbsp;<\/strong>\u0440\u0430\u0441\u043a\u0440\u044b\u0432\u0430\u0435\u0442 \u043d\u043e\u0432\u043e\u0435 \u043b\u0438\u0446\u043e \u0432 \u0442\u0435\u0447\u0435\u043d\u0438\u0435 \u0441\u0435\u0437\u043e\u043d\u043e\u0432. \u041d\u0430\u0441\u0442\u0443\u043f\u0430\u044e\u0442 \u0445\u043e\u043b\u043e\u0434\u0430, \u043f\u0435\u0439\u0437\u0430\u0436\u0438 \u043c\u0435\u043d\u044f\u044e\u0442\u0441\u044f, \u0438 Bassin \u043f\u0440\u0435\u043e\u0431\u0440\u0430\u0436\u0430\u0435\u0442\u0441\u044f, \u0441\u0442\u0430\u043d\u043e\u0432\u0438\u0442\u0441\u044f \u0435\u0449\u0435 \u0432\u043e\u043b\u0448\u0435\u0431\u043d\u0435\u0435! \u041e\u0442\u043a\u0440\u043e\u0439\u0442\u0435 \u0434\u043b\u044f \u0441\u0435\u0431\u044f \u044d\u0442\u0443 \u0433\u0440\u0430\u043d\u044c&nbsp;<strong>\u041c\u0430\u044f\u043a Cap Ferret<\/strong>&nbsp;\u0438 \u0432\u044b\u0431\u0435\u0440\u0438\u0442\u0435&nbsp;<strong>\u041e\u0442\u0434\u044b\u0445 \u043d\u0430 \u043f\u0440\u0438\u0440\u043e\u0434\u0435<\/strong>&nbsp;<strong>\u043e\u0442\u043a\u0440\u044b\u0442 \u043a\u0440\u0443\u0433\u043b\u044b\u0439 \u0433\u043e\u0434&nbsp;<\/strong>! \u041f\u0440\u0438\u0445\u043e\u0434\u0438\u0442\u0435 \u0438 \u0437\u0430\u0440\u044f\u0434\u0438\u0442\u0435\u0441\u044c \u044d\u043d\u0435\u0440\u0433\u0438\u0435\u0439 \u0432 \u0441\u043f\u043e\u043a\u043e\u0439\u0441\u0442\u0432\u0438\u0438 \u0438 \u0441\u0432\u0435\u0436\u0435\u0441\u0442\u0438! \u041f\u0440\u043e\u0433\u0443\u043b\u044f\u0439\u0442\u0435\u0441\u044c \u043f\u043e \u043f\u0443\u0441\u0442\u044b\u043d\u043d\u044b\u043c \u043f\u043b\u044f\u0436\u0430\u043c \u0438 \u0432 \u043b\u0435\u0441\u0443&nbsp;<strong>\u041c\u0430\u044f\u043a Cap Ferret<\/strong>, \u0438 \u043e\u0449\u0443\u0442\u0438\u0442\u0435 \u043c\u0430\u0433\u0438\u044e&nbsp;<strong>\u041e\u0442\u0434\u044b\u0445 \u043d\u0430 \u043f\u0440\u0438\u0440\u043e\u0434\u0435<\/strong>&nbsp;\u0432 \u043b\u044e\u0431\u043e\u0435 \u0432\u0440\u0435\u043c\u044f&nbsp;<strong>\u0433\u043e\u0434<\/strong>&nbsp;!<\/p>\n\n\n\n<div class=\"wp-block-buttons is-layout-flex wp-block-buttons-is-layout-flex\">\n<div class=\"wp-block-button\"><a class=\"wp-block-button__link wp-element-button\" href=\"https:\/\/bassin-arcachon.com\/ru\/%d1%80%d0%b0%d0%b7%d0%bc%d0%b5%d1%89%d0%b5%d0%bd%d0%b8%d0%b5-2\/%d0%ba%d0%b5%d0%bc%d0%bf%d0%b8%d0%bd%d0%b3%d0%b8lege-cap-ferret\/\">\u041a\u0435\u043c\u043f\u0438\u043d\u0433\u0438 \u043e\u0442\u043a\u0440\u044b\u0442\u044b \u043a\u0440\u0443\u0433\u043b\u044b\u0439 \u0433\u043e\u0434<\/a><\/div>\n<\/div>\n<\/div>\n\n\n\n<div class=\"wp-block-uagb-container uagb-block-05875d1e\">\n<div class=\"wp-block-uagb-image uagb-block-1bc4f155 wp-block-uagb-image--layout-default wp-block-uagb-image--effect-static wp-block-uagb-image--align-none\"><figure class=\"wp-block-uagb-image__figure\"><img decoding=\"async\" srcset=\"https:\/\/bassin-arcachon.com\/wp-content\/uploads\/2018\/11\/Patinoire-L\u00e8ge-Cap-Ferret-1024x683.jpg \" sizes=\"auto, (max-width: 480px) 150px\" src=\"https:\/\/bassin-arcachon.com\/wp-content\/uploads\/2018\/11\/Patinoire-L\u00e8ge-Cap-Ferret-1024x683.jpg\" alt=\"- - Bassin d&#039;Arcachon\" class=\"uag-image-27045\" width=\"1024\" height=\"683\" title=\"- - Bassin d&#039;Arcachon\" loading=\"lazy\" role=\"img\"><\/figure><\/div>\n<\/div>\n<\/div><\/div>\n\n\n\n<div style=\"height:60px\" aria-hidden=\"true\" class=\"wp-block-spacer\"><\/div>\n\n\n\n<div class=\"wp-block-uagb-container uagb-block-2abae769 alignfull uagb-is-root-container\">\n<div class=\"wp-block-cover is-light has-parallax\"><span aria-hidden=\"true\" class=\"wp-block-cover__background has-background-dim-0 has-background-dim\"><\/span><div class=\"wp-block-cover__image-background wp-image-1345 has-parallax\" style=\"background-position:50% 50%;background-image:url(https:\/\/bassin-arcachon.com\/wp-content\/uploads\/2017\/03\/Camping-Panorama-du-Pyla-cottage-vue-mer-coin-farniente.jpg)\"><\/div><div class=\"wp-block-cover__inner-container is-layout-flow wp-block-cover-is-layout-flow\">\n<div class=\"wp-block-uagb-container uagb-block-396d4238\">\n<h2 class=\"wp-block-heading has-text-align-center has-white-color has-text-color has-large-font-size\">\u041f\u0440\u043e\u0432\u0435\u0434\u0438\u0442\u0435 \u0441\u0432\u043e\u0439 \u043e\u0442\u043f\u0443\u0441\u043a \u0441 \u043b\u0435\u0433\u043a\u043e\u0441\u0442\u044c\u044e \u0432 \u043e\u0434\u043d\u043e\u043c \u0438\u0437 \u043a\u0435\u043c\u043f\u0438\u043d\u0433\u043e\u0432 Bassin \u0432 \u0410\u0440\u043a\u0430\u0448\u043e\u043d\u0435!<\/h2>\n\n\n\n<p class=\"has-text-align-center has-white-color has-text-color\"><a href=\"https:\/\/bassin-arcachon.com\/ru\/%d1%80%d0%b0%d0%b7%d0%bc%d0%b5%d1%89%d0%b5%d0%bd%d0%b8%d0%b5-2\/%d0%ba%d0%b5%d0%bc%d0%bf%d0%b8%d0%bd%d0%b3%d0%b8\/\">\u041d\u0410\u0427\u041d\u0418\u0422\u0415 \u041f\u041e\u0418\u0421\u041a<\/a><\/p>\n<\/div>\n<\/div><\/div>\n<\/div>\n\n\n\n<div style=\"height:60px\" aria-hidden=\"true\" class=\"wp-block-spacer\"><\/div>\n\n\n\n<div class=\"wp-block-uagb-container uagb-block-02e6a164 alignfull uagb-is-root-container\"><div class=\"uagb-container-inner-blocks-wrap\">\n<div class=\"wp-block-uagb-container uagb-block-8edb6d7d\">\n<h3 class=\"wp-block-heading\">\u0425\u043e\u0442\u0438\u0442\u0435 \u0437\u0430\u0431\u0440\u043e\u043d\u0438\u0440\u043e\u0432\u0430\u0442\u044c \u043a\u0435\u043c\u043f\u0438\u043d\u0433 \u0432 \u0440\u0430\u0439\u043e\u043d\u0435 \u041b\u0435\u0436-\u041a\u0430\u043f-\u0424\u0435\u0440\u0440\u0435?<\/h3>\n\n\n\n<p>\u041e\u0442\u043a\u0440\u043e\u0439\u0442\u0435 \u0434\u043b\u044f \u0441\u0435\u0431\u044f \u0432\u0441\u0435 \u043d\u0430\u0448\u0438 \u043a\u0435\u043c\u043f\u0438\u043d\u0433\u0438 \u0432 Bassin \u0410\u0440\u043a\u0430\u0448\u043e\u043d:&nbsp;<a href=\"https:\/\/bassin-arcachon.com\/ru\/%d1%80%d0%b0%d0%b7%d0%bc%d0%b5%d1%89%d0%b5%d0%bd%d0%b8%d0%b5-2\/%d0%be%d1%82%d0%b5%d0%bb%d0%b8+%d0%b0%d1%80%d0%b5%d1%81\/\">\u0410\u0440\u0435\u0441<\/a>,&nbsp;<a href=\"https:\/\/bassin-arcachon.com\/ru\/%d1%80%d0%b0%d0%b7%d0%bc%d0%b5%d1%89%d0%b5%d0%bd%d0%b8%d0%b5-2\/%d0%be%d1%82%d0%b5%d0%bb%d0%b8+%d0%b0%d1%80%d0%ba%d0%b0%d1%88%d0%be%d0%bd\/\">\u0410\u0440\u043a\u0430\u0448\u043e\u043d<\/a>,&nbsp;<a href=\"https:\/\/bassin-arcachon.com\/ru\/%d1%80%d0%b0%d0%b7%d0%bc%d0%b5%d1%89%d0%b5%d0%bd%d0%b8%d0%b5-2\/%d0%be%d1%82%d0%b5%d0%bb%d0%b8+%d1%82%d0%b5%d1%81%d1%82-%d0%be%d1%84-%d0%b1%d1%83%d1%85\/\">La Teste de Buch<\/a>,&nbsp;<a href=\"https:\/\/bassin-arcachon.com\/ru\/%d1%80%d0%b0%d0%b7%d0%bc%d0%b5%d1%89%d0%b5%d0%bd%d0%b8%d0%b5-2\/%d0%be%d1%82%d0%b5%d0%bb%d0%b8+%d0%b0%d0%bd%d0%b4%d0%b5%d1%80%d0%bd%d0%be%d1%81\/\">\u0410\u043d\u0434\u0435\u0440\u043d\u043e\u0441<\/a>,&nbsp;<a href=\"https:\/\/bassin-arcachon.com\/ru\/%d1%80%d0%b0%d0%b7%d0%bc%d0%b5%d1%89%d0%b5%d0%bd%d0%b8%d0%b5-2\/%d0%be%d1%82%d0%b5%d0%bb%d0%b8+%d0%b3%d1%83%d0%b4%d0%b6%d0%b0%d0%bd-%d0%bc%d0%b5%d1%81%d1%82%d1%80%d1%8b\/\">\u0413\u0443\u0436\u0430\u043d-\u041c\u0435\u0441\u0442\u0440\u0430\u0441,<\/a>&nbsp;<a href=\"https:\/\/bassin-arcachon.com\/ru\/%d1%80%d0%b0%d0%b7%d0%bc%d0%b5%d1%89%d0%b5%d0%bd%d0%b8%d0%b5-2\/%d0%be%d1%82%d0%b5%d0%bb%d0%b8+%d1%81%d0%b5%d1%80%d0%b4%d1%86%d0%b5-%d0%b1%d0%b0%d1%81%d1%81%d0%b5%d0%b9%d0%bd%d0%b0-2\/\">\u0411\u0438\u0433\u0430\u043d\u043e\u0441,<\/a>&nbsp;<a href=\"https:\/\/bassin-arcachon.com\/ru\/%d1%80%d0%b0%d0%b7%d0%bc%d0%b5%d1%89%d0%b5%d0%bd%d0%b8%d0%b5-2\/%d0%be%d1%82%d0%b5%d0%bb%d0%b8+%d1%81%d0%b5%d1%80%d0%b4%d1%86%d0%b5-%d0%b1%d0%b0%d1%81%d1%81%d0%b5%d0%b9%d0%bd%d0%b0-2\/\">\u041e\u0434\u0435\u043d\u0436<\/a>,<a href=\"https:\/\/bassin-arcachon.com\/ru\/%d1%80%d0%b0%d0%b7%d0%bc%d0%b5%d1%89%d0%b5%d0%bd%d0%b8%d0%b5-2\/%d0%be%d1%82%d0%b5%d0%bb%d0%b8+%d1%81%d0%b5%d1%80%d0%b4%d1%86%d0%b5-%d0%b1%d0%b0%d1%81%d1%81%d0%b5%d0%b9%d0%bd%d0%b0-2\/\">&nbsp;\u041b\u0430\u043d\u0442\u043e\u043d&nbsp;<\/a>\u0430 \u0442\u0430\u043a\u0436\u0435&nbsp;<a href=\"https:\/\/bassin-arcachon.com\/ru\/%d1%80%d0%b0%d0%b7%d0%bc%d0%b5%d1%89%d0%b5%d0%bd%d0%b8%d0%b5-2\/%d0%be%d1%82%d0%b5%d0%bb%d0%b8+%d0%bb%d0%b5-%d1%82%d0%b0%d0%b9%d1%85\/\">Le Teich<\/a>&nbsp;!<\/p>\n<\/div>\n\n\n\n<div class=\"wp-block-uagb-container uagb-block-2e52a006\">\n<div class=\"wp-block-uagb-image uagb-block-a755267c wp-block-uagb-image--layout-default wp-block-uagb-image--effect-static wp-block-uagb-image--align-none\"><figure class=\"wp-block-uagb-image__figure\"><img decoding=\"async\" srcset=\"https:\/\/bassin-arcachon.com\/wp-content\/uploads\/2018\/09\/nourri-a-lhu\u00eetre-\u00e9lev\u00e9-sous-les-pins-Bassin-dArcachon.jpg 1000w, https:\/\/bassin-arcachon.com\/wp-content\/uploads\/2018\/09\/nourri-a-lhu\u00eetre-\u00e9lev\u00e9-sous-les-pins-Bassin-dArcachon-600x400.jpg 600w, https:\/\/bassin-arcachon.com\/wp-content\/uploads\/2018\/09\/nourri-a-lhu\u00eetre-\u00e9lev\u00e9-sous-les-pins-Bassin-dArcachon-768x511.jpg 768w, https:\/\/bassin-arcachon.com\/wp-content\/uploads\/2018\/09\/nourri-a-lhu\u00eetre-\u00e9lev\u00e9-sous-les-pins-Bassin-dArcachon-18x12.jpg 18w\" sizes=\"auto, (max-width: 480px) 150px\" src=\"https:\/\/bassin-arcachon.com\/wp-content\/uploads\/2018\/09\/nourri-a-lhu\u00eetre-\u00e9lev\u00e9-sous-les-pins-Bassin-dArcachon.jpg\" alt=\"- - Bassin d&#039;Arcachon\" class=\"uag-image-26169\" width=\"1000\" height=\"666\" title=\"- - Bassin d&#039;Arcachon\" loading=\"lazy\" role=\"img\"><\/figure><\/div>\n<\/div>\n<\/div><\/div>\n\n\n\n<div style=\"height:40px\" aria-hidden=\"true\" class=\"wp-block-spacer\"><\/div>","protected":false},"excerpt":{"rendered":"<p>Nos campings avec piscine \u00e0 L\u00e8ge Cap Ferret Et si vous passiez des vacances de r\u00eave au bord de la&nbsp;piscine&nbsp;et \u00e0 deux pas de la plage ? Choisissez votre&nbsp;camping&nbsp;de&nbsp;L\u00e8ge-Cap-Ferret&nbsp;avec&nbsp;piscine, et [&hellip;]<\/p>\n","protected":false},"author":25,"featured_media":2217,"parent":392,"menu_order":1,"comment_status":"closed","ping_status":"closed","template":"","meta":{"_acf_changed":false,"_uag_custom_page_level_css":"","footnotes":""},"class_list":["post-44470","page","type-page","status-publish","has-post-thumbnail","hentry"],"acf":[],"uagb_featured_image_src":{"full":["https:\/\/bassin-arcachon.com\/wp-content\/uploads\/2017\/03\/camping-bassin-arcachon.jpg",1200,800,false],"thumbnail":["https:\/\/bassin-arcachon.com\/wp-content\/uploads\/2017\/03\/camping-bassin-arcachon-150x150.jpg",150,150,true],"medium":["https:\/\/bassin-arcachon.com\/wp-content\/uploads\/2017\/03\/camping-bassin-arcachon-600x400.jpg",600,400,true],"medium_large":["https:\/\/bassin-arcachon.com\/wp-content\/uploads\/2017\/03\/camping-bassin-arcachon-768x512.jpg",768,512,true],"large":["https:\/\/bassin-arcachon.com\/wp-content\/uploads\/2017\/03\/camping-bassin-arcachon-1024x683.jpg",1024,683,true],"1536x1536":["https:\/\/bassin-arcachon.com\/wp-content\/uploads\/2017\/03\/camping-bassin-arcachon.jpg",1200,800,false],"2048x2048":["https:\/\/bassin-arcachon.com\/wp-content\/uploads\/2017\/03\/camping-bassin-arcachon.jpg",1200,800,false],"trp-custom-language-flag":["https:\/\/bassin-arcachon.com\/wp-content\/uploads\/2017\/03\/camping-bassin-arcachon-18x12.jpg",18,12,true]},"uagb_author_info":{"display_name":"Marie Clauzel","author_link":"https:\/\/bassin-arcachon.com\/ru\/author\/mariesiba\/"},"uagb_comment_info":0,"uagb_excerpt":"Nos campings avec piscine \u00e0 L\u00e8ge Cap Ferret Et si vous passiez des vacances de r\u00eave au bord de la&nbsp;piscine&nbsp;et \u00e0 deux pas de la plage ? Choisissez votre&nbsp;camping&nbsp;de&nbsp;L\u00e8ge-Cap-Ferret&nbsp;avec&nbsp;piscine, et [&hellip;]","_links":{"self":[{"href":"https:\/\/bassin-arcachon.com\/ru\/wp-json\/wp\/v2\/pages\/44470","targetHints":{"allow":["GET"]}}],"collection":[{"href":"https:\/\/bassin-arcachon.com\/ru\/wp-json\/wp\/v2\/pages"}],"about":[{"href":"https:\/\/bassin-arcachon.com\/ru\/wp-json\/wp\/v2\/types\/page"}],"author":[{"embeddable":true,"href":"https:\/\/bassin-arcachon.com\/ru\/wp-json\/wp\/v2\/users\/25"}],"replies":[{"embeddable":true,"href":"https:\/\/bassin-arcachon.com\/ru\/wp-json\/wp\/v2\/comments?post=44470"}],"version-history":[{"count":2,"href":"https:\/\/bassin-arcachon.com\/ru\/wp-json\/wp\/v2\/pages\/44470\/revisions"}],"predecessor-version":[{"id":68273,"href":"https:\/\/bassin-arcachon.com\/ru\/wp-json\/wp\/v2\/pages\/44470\/revisions\/68273"}],"up":[{"embeddable":true,"href":"https:\/\/bassin-arcachon.com\/ru\/wp-json\/wp\/v2\/pages\/392"}],"wp:featuredmedia":[{"embeddable":true,"href":"https:\/\/bassin-arcachon.com\/ru\/wp-json\/wp\/v2\/media\/2217"}],"wp:attachment":[{"href":"https:\/\/bassin-arcachon.com\/ru\/wp-json\/wp\/v2\/media?parent=44470"}],"curies":[{"name":"WP","href":"https:\/\/api.w.org\/{rel}","templated":true}]}}