{"id":45506,"date":"2020-07-10T13:56:48","date_gmt":"2020-07-10T11:56:48","guid":{"rendered":"https:\/\/bassin-arcachon.com\/\/?page_id=45506"},"modified":"2024-11-06T11:09:15","modified_gmt":"2024-11-06T10:09:15","slug":"%d0%bd%d0%b0%d1%88%d0%b8-%d0%bd%d0%be%d0%bc%d0%b5%d1%80%d0%b0-%d0%b2-%d0%b3%d1%83%d0%b6%d0%b0%d0%bd-%d0%bc%d0%b5%d1%81%d1%82%d1%80%d0%b0%d1%81","status":"publish","type":"page","link":"https:\/\/bassin-arcachon.com\/ru\/ou-dormir\/chambres-hotes\/nos-chambres-dhotes-a-gujan-mestras\/","title":{"rendered":"\u041d\u0430\u0448\u0438 \u0433\u043e\u0441\u0442\u0435\u0432\u044b\u0435 \u043a\u043e\u043c\u043d\u0430\u0442\u044b \u0432 \u0413\u044e\u0436\u0430\u043d-\u041c\u0435\u0441\u0442\u0440\u0430\u0441"},"content":{"rendered":"<div class=\"wp-block-uagb-container uagb-block-07b47c64 alignfull uagb-is-root-container\"><div class=\"uagb-container-inner-blocks-wrap\">\n<div class=\"wp-block-uagb-container uagb-block-84591744\">\n<h2 class=\"wp-block-heading\">\u041d\u0430\u0448\u0438 \u043d\u043e\u043c\u0435\u0440\u0430 \u0432 \u0413\u044e\u0436\u0430\u043d-\u041c\u0435\u0441\u0442\u0440\u0430\u0441\u0435 \u0441\u043e \u0441\u0442\u043e\u043b\u0430\u043c\u0438<\/h2>\n\n\n\n<p>\u0425\u043e\u0442\u0438\u0442\u0435 \u043e\u0442\u0434\u043e\u0445\u043d\u0443\u0442\u044c \u0434\u043b\u044f \u0433\u0443\u0440\u043c\u0430\u043d\u043e\u0432 \u0432 \u0413\u044e\u0436\u0430\u043d-\u041c\u0435\u0441\u0442\u0440\u0430\u0441\u0435? \u041d\u0430\u0441\u043b\u0430\u0436\u0434\u0430\u0439\u0442\u0435\u0441\u044c \u043c\u0435\u0441\u0442\u043d\u044b\u043c\u0438 \u043f\u0440\u043e\u0434\u0443\u043a\u0442\u0430\u043c\u0438, \u043a\u043e\u0442\u043e\u0440\u044b\u0435 \u043f\u043e\u0434\u0430\u044e\u0442\u0441\u044f \u043d\u0430 \u043e\u0434\u043d\u043e\u043c \u0438\u0437 \u043d\u0430\u0448\u0438\u0445 \u0433\u043e\u0441\u0442\u0435\u0432\u044b\u0445 \u0441\u0442\u043e\u043b\u043e\u0432 \u0432 \u0413\u044e\u0436\u0430\u043d-\u041c\u0435\u0441\u0442\u0440\u0430\u0441\u0435! \u041f\u043e\u043f\u0440\u043e\u0431\u0443\u0439\u0442\u0435 \u0443\u0441\u0442\u0440\u0438\u0446 \u0441 \u0445\u043e\u0440\u043e\u0448\u0438\u043c \u0432\u0438\u043d\u043e\u043c \u0438 \u0440\u0430\u0437\u0434\u0435\u043b\u0438\u0442\u0435 \u0442\u0435\u043f\u043b\u044b\u0435 \u043c\u043e\u043c\u0435\u043d\u0442\u044b \u0441 \u0433\u0443\u0436\u0430\u043d\u0430\u043c\u0438! \u041f\u043e\u0437\u043d\u0430\u043a\u043e\u043c\u044c\u0442\u0435\u0441\u044c \u0441 \u043c\u0435\u0441\u0442\u043d\u044b\u043c\u0438 \u0436\u0438\u0442\u0435\u043b\u044f\u043c\u0438, \u0432\u044b\u0431\u0440\u0430\u0432 \u0433\u043e\u0441\u0442\u0435\u0432\u0443\u044e \u043a\u043e\u043c\u043d\u0430\u0442\u0443 \u0432 \u0413\u0443\u0436\u0430\u043d-\u041c\u0435\u0441\u0442\u0440\u0430\u0441\u0435!<\/p>\n\n\n\n<div class=\"wp-block-buttons is-layout-flex wp-block-buttons-is-layout-flex\">\n<div class=\"wp-block-button\"><a class=\"wp-block-button__link wp-element-button\" href=\"https:\/\/bassin-arcachon.com\/ru\/https-2\/\/bassin-arcachon-com\/%d1%80%d0%b0%d0%b7%d0%bc%d0%b5%d1%89%d0%b5%d0%bd%d0%b8%d0%b5-2\/chambres-dhotes%40gujan-mestras%26amp%3bhotes\/\">\u0413\u043e\u0441\u0442\u0435\u0432\u044b\u0435 \u043a\u043e\u043c\u043d\u0430\u0442\u044b \u0441\u043e \u0441\u0442\u043e\u043b\u0438\u043a\u0430\u043c\u0438 \u0434\u043b\u044f \u0433\u043e\u0441\u0442\u0435\u0439<\/a><\/div>\n<\/div>\n<\/div>\n\n\n\n<div class=\"wp-block-uagb-container uagb-block-0083c461\">\n<div class=\"wp-block-uagb-image uagb-block-bde49f7c wp-block-uagb-image--layout-default wp-block-uagb-image--effect-static wp-block-uagb-image--align-none\"><figure class=\"wp-block-uagb-image__figure\"><img decoding=\"async\" srcset=\"https:\/\/bassin-arcachon.com\/wp-content\/uploads\/2018\/07\/Balade-dans-les-ports-de-Gujan-Mestras.jpg \" sizes=\"auto, (max-width: 480px) 150px\" src=\"https:\/\/bassin-arcachon.com\/wp-content\/uploads\/2018\/07\/Balade-dans-les-ports-de-Gujan-Mestras.jpg\" alt=\"- - Bassin d&#039;Arcachon\" class=\"uag-image-24021\" width=\"1000\" height=\"666\" title=\"- - Bassin d&#039;Arcachon\" loading=\"lazy\" role=\"img\"><\/figure><\/div>\n<\/div>\n<\/div><\/div>\n\n\n\n<div style=\"height:60px\" aria-hidden=\"true\" class=\"wp-block-spacer\"><\/div>\n\n\n\n<div class=\"wp-block-uagb-container uagb-block-944ecb77 alignfull uagb-is-root-container\"><div class=\"uagb-container-inner-blocks-wrap\">\n<div class=\"wp-block-uagb-container uagb-block-6610ab55\">\n<div class=\"wp-block-uagb-image uagb-block-80979e73 wp-block-uagb-image--layout-default wp-block-uagb-image--effect-static wp-block-uagb-image--align-none\"><figure class=\"wp-block-uagb-image__figure\"><img decoding=\"async\" srcset=\"https:\/\/bassin-arcachon.com\/wp-content\/uploads\/2017\/09\/Larros_Gujan_Mestras_N4426b-1024x682.jpg \" sizes=\"auto, (max-width: 480px) 150px\" src=\"https:\/\/bassin-arcachon.com\/wp-content\/uploads\/2017\/09\/Larros_Gujan_Mestras_N4426b-1024x682.jpg\" alt=\"- - Bassin d&#039;Arcachon\" class=\"uag-image-9473\" width=\"1024\" height=\"682\" title=\"- - Bassin d&#039;Arcachon\" loading=\"lazy\" role=\"img\"><\/figure><\/div>\n<\/div>\n\n\n\n<div class=\"wp-block-uagb-container uagb-block-83a68d3a\">\n<h2 class=\"wp-block-heading\">\u041d\u0430\u0448\u0438 \u043d\u043e\u043c\u0435\u0440\u0430 \u0432 \u0413\u044e\u0436\u0430\u043d-\u041c\u0435\u0441\u0442\u0440\u0430\u0441\u0435 \u0441 \u0431\u0430\u0441\u0441\u0435\u0439\u043d\u043e\u043c<\/h2>\n\n\n\n<p>\u0417\u0430\u0440\u044f\u0434\u0438\u0442\u0435\u0441\u044c \u044d\u043d\u0435\u0440\u0433\u0438\u0435\u0439 \u0432 \u0431\u0430\u0441\u0441\u0435\u0439\u043d\u0435 \u0432\u0430\u0448\u0435\u0433\u043e \u043d\u043e\u043c\u0435\u0440\u0430 \u0432 \u0413\u044e\u0436\u0430\u043d-\u041c\u0435\u0441\u0442\u0440\u0430\u0441\u0435! \u041f\u043e\u0441\u043b\u0435 \u0441\u043f\u043e\u0440\u0442\u0438\u0432\u043d\u043e\u0433\u043e \u0434\u043d\u044f, \u043a\u043e\u0433\u0434\u0430 \u0432\u044b \u043f\u0440\u043e\u0441\u044b\u043f\u0430\u0435\u0442\u0435\u0441\u044c \u0443\u0442\u0440\u043e\u043c \u0438\u043b\u0438 \u0445\u043e\u0442\u0438\u0442\u0435 \u0440\u0430\u0441\u0441\u043b\u0430\u0431\u0438\u0442\u044c\u0441\u044f, \u043d\u0430\u0441\u043b\u0430\u0434\u0438\u0442\u0435\u0441\u044c \u0431\u0430\u0441\u0441\u0435\u0439\u043d\u043e\u043c! \u0421 \u043f\u043e\u0434\u043e\u0433\u0440\u0435\u0432\u043e\u043c, \u0437\u0430\u043a\u0440\u044b\u0442\u0438\u0435\u043c \u0438\u043b\u0438 \u043e\u0445\u043b\u0430\u0436\u0434\u0435\u043d\u0438\u0435\u043c \u2013 \u0443 \u0432\u0430\u0441 \u0435\u0441\u0442\u044c \u0432\u044b\u0431\u043e\u0440! \u0421 \u0434\u0440\u0443\u0437\u044c\u044f\u043c\u0438 \u0438\u043b\u0438 \u0441\u0435\u043c\u044c\u0435\u0439 \u0432\u044b\u0431\u0435\u0440\u0438\u0442\u0435 \u043e\u0434\u0438\u043d \u0438\u0437 \u043d\u0430\u0448\u0438\u0445 \u043d\u043e\u043c\u0435\u0440\u043e\u0432 \u0441 \u0431\u0430\u0441\u0441\u0435\u0439\u043d\u043e\u043c \u0432 \u0413\u044e\u0436\u0430\u043d-\u041c\u0435\u0441\u0442\u0440\u0430\u0441\u0435!<\/p>\n\n\n\n<div class=\"wp-block-buttons is-layout-flex wp-block-buttons-is-layout-flex\">\n<div class=\"wp-block-button\"><a class=\"wp-block-button__link wp-element-button\" href=\"https:\/\/bassin-arcachon.com\/ru\/https-2\/\/bassin-arcachon-com\/%d1%80%d0%b0%d0%b7%d0%bc%d0%b5%d1%89%d0%b5%d0%bd%d0%b8%d0%b5-2\/chambres-dhotes%40gujan-mestras%26amp%3bpiscine\/\">\u041a\u0440\u043e\u0432\u0430\u0442\u044c \u0438 \u0437\u0430\u0432\u0442\u0440\u0430\u043a \u0441 \u0431\u0430\u0441\u0441\u0435\u0439\u043d\u043e\u043c<\/a><\/div>\n<\/div>\n<\/div>\n<\/div><\/div>\n\n\n\n<div style=\"height:60px\" aria-hidden=\"true\" class=\"wp-block-spacer\"><\/div>\n\n\n\n<div class=\"wp-block-uagb-container uagb-block-d801cb3d alignfull uagb-is-root-container\"><div class=\"uagb-container-inner-blocks-wrap\">\n<div class=\"wp-block-uagb-container uagb-block-7b675e14\">\n<h2 class=\"wp-block-heading\">\u041d\u0430\u0448\u0438 \u043d\u043e\u043c\u0435\u0440\u0430 \u0432 \u0413\u044e\u0436\u0430\u043d-\u041c\u0435\u0441\u0442\u0440\u0430\u0441\u0435 \u0441 \u0441\u0430\u0434\u043e\u043c<\/h2>\n\n\n\n<p>\u041e\u0442\u0434\u043e\u0445\u043d\u0438\u0442\u0435 \u0432 \u0441\u0430\u0434\u0443 \u0441\u0432\u043e\u0435\u0439 \u043a\u043e\u043c\u043d\u0430\u0442\u044b \u0434\u043b\u044f \u0433\u043e\u0441\u0442\u0435\u0439 \u0432 \u0413\u044e\u0436\u0430\u043d-\u041c\u0435\u0441\u0442\u0440\u0430\u0441\u0435 \u0438 \u043f\u043e\u043e\u0431\u0449\u0430\u0439\u0442\u0435\u0441\u044c \u0441 \u0445\u043e\u0437\u044f\u0438\u043d\u043e\u043c, \u043f\u043e\u043a\u0430 \u0434\u0435\u0442\u0438 \u0432\u0435\u0441\u0435\u043b\u044f\u0442\u0441\u044f \u0432 \u044d\u0442\u043e\u0439 \u0446\u0432\u0435\u0442\u043e\u0447\u043d\u043e\u0439 \u043e\u0431\u0441\u0442\u0430\u043d\u043e\u0432\u043a\u0435! \u0412 \u0441\u0430\u0434\u0443, \u0432 \u0442\u0435\u043d\u0438 \u0434\u0435\u0440\u0435\u0432\u044c\u0435\u0432, \u044d\u0442\u043e \u0432\u043e\u0437\u043c\u043e\u0436\u043d\u043e\u0441\u0442\u044c \u043f\u0435\u0440\u0435\u0436\u0438\u0442\u044c \u043d\u0430\u0441\u0442\u043e\u044f\u0449\u0438\u0435 \u043c\u043e\u043c\u0435\u043d\u0442\u044b \u043e\u0431\u0449\u0435\u043d\u0438\u044f \u0432 \u043f\u043e\u043b\u043d\u043e\u043c \u0441\u043f\u043e\u043a\u043e\u0439\u0441\u0442\u0432\u0438\u0438. \u0412\u044b\u0431\u0435\u0440\u0438\u0442\u0435 \u043d\u043e\u043c\u0435\u0440 \u0441 \u0441\u0430\u0434\u043e\u043c \u0432 \u0413\u044e\u0436\u0430\u043d-\u041c\u0435\u0441\u0442\u0440\u0430\u0441\u0435 \u0438 \u043d\u0430\u0441\u043b\u0430\u0434\u0438\u0442\u0435\u0441\u044c \u0437\u0435\u043b\u0435\u043d\u044c\u044e, \u0437\u0430\u0440\u0435\u0437\u0435\u0440\u0432\u0438\u0440\u043e\u0432\u0430\u043d\u043d\u043e\u0439 \u0434\u043b\u044f \u0432\u0430\u0441!<\/p>\n\n\n\n<div class=\"wp-block-buttons is-layout-flex wp-block-buttons-is-layout-flex\">\n<div class=\"wp-block-button\"><a class=\"wp-block-button__link wp-element-button\" href=\"https:\/\/bassin-arcachon.com\/ru\/https-2\/\/bassin-arcachon-com\/%d1%80%d0%b0%d0%b7%d0%bc%d0%b5%d1%89%d0%b5%d0%bd%d0%b8%d0%b5-2\/chambres-dhotes%40gujan-mestras%26amp%3bjardin\/\">\u041a\u0440\u043e\u0432\u0430\u0442\u044c \u0438 \u0437\u0430\u0432\u0442\u0440\u0430\u043a \u0441 \u0441\u0430\u0434\u043e\u043c<\/a><\/div>\n<\/div>\n<\/div>\n\n\n\n<div class=\"wp-block-uagb-container uagb-block-242e117b\">\n<div class=\"wp-block-uagb-image uagb-block-0afaf613 wp-block-uagb-image--layout-default wp-block-uagb-image--effect-static wp-block-uagb-image--align-none\"><figure class=\"wp-block-uagb-image__figure\"><img decoding=\"async\" srcset=\"https:\/\/bassin-arcachon.com\/wp-content\/uploads\/2018\/04\/Parcours-exrt\u00e9rieur-Maison-de-lHu\u00eetre.jpg \" sizes=\"auto, (max-width: 480px) 150px\" src=\"https:\/\/bassin-arcachon.com\/wp-content\/uploads\/2018\/04\/Parcours-exrt\u00e9rieur-Maison-de-lHu\u00eetre.jpg\" alt=\"- - Bassin d&#039;Arcachon\" class=\"uag-image-20627\" width=\"1000\" height=\"666\" title=\"- - Bassin d&#039;Arcachon\" loading=\"lazy\" role=\"img\"><\/figure><\/div>\n<\/div>\n<\/div><\/div>\n\n\n\n<div style=\"height:60px\" aria-hidden=\"true\" class=\"wp-block-spacer\"><\/div>\n\n\n\n<div class=\"wp-block-uagb-container uagb-block-762e3df1 alignfull uagb-is-root-container\">\n<div class=\"wp-block-cover is-light has-parallax\"><span aria-hidden=\"true\" class=\"wp-block-cover__background has-background-dim-0 has-background-dim\"><\/span><div class=\"wp-block-cover__image-background wp-image-1345 has-parallax\" style=\"background-position:50% 50%;background-image:url(https:\/\/bassin-arcachon.com\/wp-content\/uploads\/2017\/03\/Camping-Panorama-du-Pyla-cottage-vue-mer-coin-farniente.jpg)\"><\/div><div class=\"wp-block-cover__inner-container is-layout-flow wp-block-cover-is-layout-flow\">\n<div class=\"wp-block-uagb-container uagb-block-2a0a6faa\">\n<h2 class=\"wp-block-heading has-text-align-center has-white-color has-text-color has-large-font-size\">\u041f\u0440\u043e\u0432\u0435\u0434\u0438\u0442\u0435 \u0441\u0432\u043e\u0439 \u043e\u0442\u043f\u0443\u0441\u043a \u0441 \u043b\u0435\u0433\u043a\u043e\u0441\u0442\u044c\u044e \u0432 \u043e\u0434\u043d\u043e\u043c \u0438\u0437 \u0433\u043e\u0441\u0442\u0435\u0432\u044b\u0445 \u043d\u043e\u043c\u0435\u0440\u043e\u0432 Bassin \u0432 \u0410\u0440\u043a\u0430\u0448\u043e\u043d\u0435!<\/h2>\n\n\n\n<p class=\"has-text-align-center has-white-color has-text-color\"><a href=\"https:\/\/bassin-arcachon.com\/ru\/https-2\/\/bassin-arcachon-com\/%d1%80%d0%b0%d0%b7%d0%bc%d0%b5%d1%89%d0%b5%d0%bd%d0%b8%d0%b5-2\/%d0%ba%d0%be%d0%bc%d0%bd%d0%b0%d1%82%d1%8b-%d0%b4%d0%bb%d1%8f-%d0%b3%d0%be%d1%81%d1%82%d0%b5%d0%b9\/\">\u041d\u0410\u0427\u041d\u0418\u0422\u0415 \u041f\u041e\u0418\u0421\u041a<\/a><\/p>\n<\/div>\n<\/div><\/div>\n<\/div>\n\n\n\n<div style=\"height:60px\" aria-hidden=\"true\" class=\"wp-block-spacer\"><\/div>\n\n\n\n<div class=\"wp-block-uagb-container uagb-block-a68209e3 alignfull uagb-is-root-container\"><div class=\"uagb-container-inner-blocks-wrap\">\n<div class=\"wp-block-uagb-container uagb-block-aff204e2\">\n<h3 class=\"wp-block-heading\">\u0425\u043e\u0442\u0438\u0442\u0435 \u0437\u0430\u0431\u0440\u043e\u043d\u0438\u0440\u043e\u0432\u0430\u0442\u044c \u043d\u043e\u043c\u0435\u0440 \u0432 \u0440\u0430\u0439\u043e\u043d\u0435 \u0413\u044e\u0436\u0430\u043d-\u041c\u0435\u0441\u0442\u0440\u0430\u0441?<\/h3>\n\n\n\n<p>\u041e\u0442\u043a\u0440\u043e\u0439\u0442\u0435 \u0434\u043b\u044f \u0441\u0435\u0431\u044f \u0432\u0441\u0435 \u043d\u043e\u043c\u0435\u0440\u0430 \u043e\u0442\u0435\u043b\u044f Bassin Arcachon:&nbsp;<a href=\"https:\/\/bassin-arcachon.com\/ru\/%d0%b8%d0%bb%d0%b8-%d1%81%d0%bf%d0%b0%d1%82%d1%8c\/%d0%b0%d1%80%d0%b5%d0%bd%d0%b4%d0%b0-%d0%bd%d0%be%d1%87%d0%bb%d0%b5%d0%b3%d0%b0-%d0%b8-%d0%b7%d0%b0%d0%b2%d1%82%d1%80%d0%b0%d0%ba%d0%b0\/?commune=arcachon\">\u0410\u0440\u043a\u0430\u0448\u043e\u043d<\/a>,&nbsp;<a href=\"https:\/\/bassin-arcachon.com\/ru\/%d0%b8%d0%bb%d0%b8-%d1%81%d0%bf%d0%b0%d1%82%d1%8c\/%d0%b0%d1%80%d0%b5%d0%bd%d0%b4%d0%b0-%d0%bd%d0%be%d1%87%d0%bb%d0%b5%d0%b3%d0%b0-%d0%b8-%d0%b7%d0%b0%d0%b2%d1%82%d1%80%d0%b0%d0%ba%d0%b0\/?commune=ares\">\u0410\u0440\u0435\u0441<\/a>,&nbsp;<a href=\"https:\/\/bassin-arcachon.com\/ru\/%d0%b8%d0%bb%d0%b8-%d1%81%d0%bf%d0%b0%d1%82%d1%8c\/%d0%b0%d1%80%d0%b5%d0%bd%d0%b4%d0%b0-%d0%bd%d0%be%d1%87%d0%bb%d0%b5%d0%b3%d0%b0-%d0%b8-%d0%b7%d0%b0%d0%b2%d1%82%d1%80%d0%b0%d0%ba%d0%b0\/?commune=lanton\">\u041b\u0430\u043d\u0442\u043e\u043d<\/a>,&nbsp;<a href=\"https:\/\/bassin-arcachon.com\/ru\/%d0%b8%d0%bb%d0%b8-%d1%81%d0%bf%d0%b0%d1%82%d1%8c\/%d0%b0%d1%80%d0%b5%d0%bd%d0%b4%d0%b0-%d0%bd%d0%be%d1%87%d0%bb%d0%b5%d0%b3%d0%b0-%d0%b8-%d0%b7%d0%b0%d0%b2%d1%82%d1%80%d0%b0%d0%ba%d0%b0\/?commune=andernos-les-bains\">\u0410\u043d\u0434\u0435\u0440\u043d\u043e\u0441<\/a>,&nbsp;<a href=\"https:\/\/bassin-arcachon.com\/ru\/%d0%b8%d0%bb%d0%b8-%d1%81%d0%bf%d0%b0%d1%82%d1%8c\/%d0%b0%d1%80%d0%b5%d0%bd%d0%b4%d0%b0-%d0%bd%d0%be%d1%87%d0%bb%d0%b5%d0%b3%d0%b0-%d0%b8-%d0%b7%d0%b0%d0%b2%d1%82%d1%80%d0%b0%d0%ba%d0%b0\/?commune=la-teste-de-buch\">La Teste de Buch<\/a>,&nbsp;<a href=\"https:\/\/bassin-arcachon.com\/ru\/%d0%b8%d0%bb%d0%b8-%d1%81%d0%bf%d0%b0%d1%82%d1%8c\/%d0%b0%d1%80%d0%b5%d0%bd%d0%b4%d0%b0-%d0%bd%d0%be%d1%87%d0%bb%d0%b5%d0%b3%d0%b0-%d0%b8-%d0%b7%d0%b0%d0%b2%d1%82%d1%80%d0%b0%d0%ba%d0%b0\/?commune=audenge\">\u041e\u0434\u0435\u043d\u0436,<\/a>&nbsp;\u0430 \u0442\u0430\u043a\u0436\u0435&nbsp;<a href=\"https:\/\/bassin-arcachon.com\/ru\/%d0%b8%d0%bb%d0%b8-%d1%81%d0%bf%d0%b0%d1%82%d1%8c\/%d0%b0%d1%80%d0%b5%d0%bd%d0%b4%d0%b0-%d0%bd%d0%be%d1%87%d0%bb%d0%b5%d0%b3%d0%b0-%d0%b8-%d0%b7%d0%b0%d0%b2%d1%82%d1%80%d0%b0%d0%ba%d0%b0\/?commune=lege-cap-ferret\">\u041a\u0430\u043f-\u0424\u0435\u0440\u0440\u0435<\/a>&nbsp;!<\/p>\n<\/div>\n\n\n\n<div class=\"wp-block-uagb-container uagb-block-82b5398d\">\n<div class=\"wp-block-uagb-image uagb-block-b354914e wp-block-uagb-image--layout-default wp-block-uagb-image--effect-static wp-block-uagb-image--align-none\"><figure class=\"wp-block-uagb-image__figure\"><img decoding=\"async\" srcset=\"https:\/\/bassin-arcachon.com\/wp-content\/uploads\/2018\/09\/nourri-a-lhu\u00eetre-\u00e9lev\u00e9-sous-les-pins-Bassin-dArcachon.jpg 1000w, https:\/\/bassin-arcachon.com\/wp-content\/uploads\/2018\/09\/nourri-a-lhu\u00eetre-\u00e9lev\u00e9-sous-les-pins-Bassin-dArcachon-600x400.jpg 600w, https:\/\/bassin-arcachon.com\/wp-content\/uploads\/2018\/09\/nourri-a-lhu\u00eetre-\u00e9lev\u00e9-sous-les-pins-Bassin-dArcachon-768x511.jpg 768w, https:\/\/bassin-arcachon.com\/wp-content\/uploads\/2018\/09\/nourri-a-lhu\u00eetre-\u00e9lev\u00e9-sous-les-pins-Bassin-dArcachon-18x12.jpg 18w\" sizes=\"auto, (max-width: 480px) 150px\" src=\"https:\/\/bassin-arcachon.com\/wp-content\/uploads\/2018\/09\/nourri-a-lhu\u00eetre-\u00e9lev\u00e9-sous-les-pins-Bassin-dArcachon.jpg\" alt=\"- - Bassin d&#039;Arcachon\" class=\"uag-image-26169\" width=\"1000\" height=\"666\" title=\"- - Bassin d&#039;Arcachon\" loading=\"lazy\" role=\"img\"><\/figure><\/div>\n<\/div>\n<\/div><\/div>\n\n\n\n<div style=\"height:60px\" aria-hidden=\"true\" class=\"wp-block-spacer\"><\/div>","protected":false},"excerpt":{"rendered":"<p>Nos chambres d\u2019h\u00f4tes \u00e0 Gujan-Mestras avec table d\u2019h\u00f4tes Envie d\u2019une escapade gourmande \u00e0 Gujan-Mestras ? Appr\u00e9ciez les produits locaux servis dans l\u2019une de nos tables d\u2019h\u00f4tes \u00e0 Gujan-Mestras ! D\u00e9gustez [&hellip;]<\/p>\n","protected":false},"author":25,"featured_media":2217,"parent":398,"menu_order":1,"comment_status":"closed","ping_status":"closed","template":"","meta":{"_acf_changed":false,"_uag_custom_page_level_css":"","footnotes":""},"class_list":["post-45506","page","type-page","status-publish","has-post-thumbnail","hentry"],"acf":[],"uagb_featured_image_src":{"full":["https:\/\/bassin-arcachon.com\/wp-content\/uploads\/2017\/03\/camping-bassin-arcachon.jpg",1200,800,false],"thumbnail":["https:\/\/bassin-arcachon.com\/wp-content\/uploads\/2017\/03\/camping-bassin-arcachon-150x150.jpg",150,150,true],"medium":["https:\/\/bassin-arcachon.com\/wp-content\/uploads\/2017\/03\/camping-bassin-arcachon-600x400.jpg",600,400,true],"medium_large":["https:\/\/bassin-arcachon.com\/wp-content\/uploads\/2017\/03\/camping-bassin-arcachon-768x512.jpg",768,512,true],"large":["https:\/\/bassin-arcachon.com\/wp-content\/uploads\/2017\/03\/camping-bassin-arcachon-1024x683.jpg",1024,683,true],"1536x1536":["https:\/\/bassin-arcachon.com\/wp-content\/uploads\/2017\/03\/camping-bassin-arcachon.jpg",1200,800,false],"2048x2048":["https:\/\/bassin-arcachon.com\/wp-content\/uploads\/2017\/03\/camping-bassin-arcachon.jpg",1200,800,false],"trp-custom-language-flag":["https:\/\/bassin-arcachon.com\/wp-content\/uploads\/2017\/03\/camping-bassin-arcachon-18x12.jpg",18,12,true]},"uagb_author_info":{"display_name":"Marie Clauzel","author_link":"https:\/\/bassin-arcachon.com\/ru\/author\/mariesiba\/"},"uagb_comment_info":0,"uagb_excerpt":"Nos chambres d\u2019h\u00f4tes \u00e0 Gujan-Mestras avec table d\u2019h\u00f4tes Envie d\u2019une escapade gourmande \u00e0 Gujan-Mestras ? Appr\u00e9ciez les produits locaux servis dans l\u2019une de nos tables d\u2019h\u00f4tes \u00e0 Gujan-Mestras ! D\u00e9gustez [&hellip;]","_links":{"self":[{"href":"https:\/\/bassin-arcachon.com\/ru\/wp-json\/wp\/v2\/pages\/45506","targetHints":{"allow":["GET"]}}],"collection":[{"href":"https:\/\/bassin-arcachon.com\/ru\/wp-json\/wp\/v2\/pages"}],"about":[{"href":"https:\/\/bassin-arcachon.com\/ru\/wp-json\/wp\/v2\/types\/page"}],"author":[{"embeddable":true,"href":"https:\/\/bassin-arcachon.com\/ru\/wp-json\/wp\/v2\/users\/25"}],"replies":[{"embeddable":true,"href":"https:\/\/bassin-arcachon.com\/ru\/wp-json\/wp\/v2\/comments?post=45506"}],"version-history":[{"count":1,"href":"https:\/\/bassin-arcachon.com\/ru\/wp-json\/wp\/v2\/pages\/45506\/revisions"}],"predecessor-version":[{"id":68259,"href":"https:\/\/bassin-arcachon.com\/ru\/wp-json\/wp\/v2\/pages\/45506\/revisions\/68259"}],"up":[{"embeddable":true,"href":"https:\/\/bassin-arcachon.com\/ru\/wp-json\/wp\/v2\/pages\/398"}],"wp:featuredmedia":[{"embeddable":true,"href":"https:\/\/bassin-arcachon.com\/ru\/wp-json\/wp\/v2\/media\/2217"}],"wp:attachment":[{"href":"https:\/\/bassin-arcachon.com\/ru\/wp-json\/wp\/v2\/media?parent=45506"}],"curies":[{"name":"WP","href":"https:\/\/api.w.org\/{rel}","templated":true}]}}