{"id":45509,"date":"2020-07-10T13:59:02","date_gmt":"2020-07-10T11:59:02","guid":{"rendered":"https:\/\/bassin-arcachon.com\/\/?page_id=45509"},"modified":"2024-11-06T11:07:53","modified_gmt":"2024-11-06T10:07:53","slug":"%d0%bd%d0%b0%d1%88%d0%b8-%d0%bd%d0%be%d0%bc%d0%b5%d1%80-%d0%b7%d0%b0%d0%b2%d1%82%d1%80%d0%b0%d0%ba-%d0%b2-%d0%bb%d0%b0%d0%bd%d1%82%d0%be%d0%bd%d0%b5","status":"publish","type":"page","link":"https:\/\/bassin-arcachon.com\/ru\/ou-dormir\/chambres-hotes\/nos-chambres-dhotes-a-lanton\/","title":{"rendered":"\u041d\u0430\u0448\u0430 \u043a\u0440\u043e\u0432\u0430\u0442\u044c \u0438 \u0437\u0430\u0432\u0442\u0440\u0430\u043a \u0432 \u041b\u0430\u043d\u0442\u043e\u043d\u0435"},"content":{"rendered":"<div class=\"wp-block-uagb-container uagb-block-450ae21c alignfull uagb-is-root-container\"><div class=\"uagb-container-inner-blocks-wrap\">\n<div class=\"wp-block-uagb-container uagb-block-fec758ab\">\n<h2 class=\"wp-block-heading\">\u041d\u0430\u0448\u0438 \u043d\u043e\u043c\u0435\u0440\u0430 \u0432 \u041b\u0430\u043d\u0442\u043e\u043d\u0435 \u0441 Wi-Fi<\/h2>\n\n\n\n<p>\u041f\u043e\u0441\u0435\u0449\u0435\u043d\u0438\u044f, \u043c\u0435\u0440\u043e\u043f\u0440\u0438\u044f\u0442\u0438\u044f \u0438 \u043c\u0430\u0440\u0448\u0440\u0443\u0442\u044b, \u043e\u0440\u0433\u0430\u043d\u0438\u0437\u0443\u0439\u0442\u0435 \u043e\u0441\u0442\u0430\u0432\u0448\u0443\u044e\u0441\u044f \u0447\u0430\u0441\u0442\u044c \u0432\u0430\u0448\u0435\u0433\u043e \u043f\u0440\u0435\u0431\u044b\u0432\u0430\u043d\u0438\u044f \u0431\u043b\u0430\u0433\u043e\u0434\u0430\u0440\u044f Wi-Fi \u043d\u0430\u0448\u0438\u0445 \u043d\u043e\u043c\u0435\u0440\u043e\u0432 \u0432 \u041b\u0430\u043d\u0442\u043e\u043d\u0435. \u0412 \u0441\u0430\u043c\u043e\u043c \u0441\u0435\u0440\u0434\u0446\u0435 Bassin \u0438 \u043d\u0430 \u043e\u043f\u0443\u0448\u043a\u0435 \u043b\u0435\u0441\u0430 \u0432\u043e\u0441\u043f\u043e\u043b\u044c\u0437\u0443\u0439\u0442\u0435\u0441\u044c Wi-Fi \u0432 \u0441\u0432\u043e\u0435\u0439 \u043a\u043e\u043c\u043d\u0430\u0442\u0435 \u0434\u043b\u044f \u0433\u043e\u0441\u0442\u0435\u0439, \u0447\u0442\u043e\u0431\u044b \u043f\u043e\u0434\u0435\u043b\u0438\u0442\u044c\u0441\u044f \u0441\u0432\u043e\u0438\u043c\u0438 \u0441\u0430\u043c\u044b\u043c\u0438 \u043f\u0440\u0435\u043a\u0440\u0430\u0441\u043d\u044b\u043c\u0438 \u0432\u043e\u0441\u043f\u043e\u043c\u0438\u043d\u0430\u043d\u0438\u044f\u043c\u0438 \u043e\u0431 \u043e\u0442\u0434\u044b\u0445\u0435 \u0438 \u043f\u043e\u0434\u0433\u043e\u0442\u043e\u0432\u0438\u0442\u044c\u0441\u044f \u043a \u0441\u043b\u0435\u0434\u0443\u044e\u0449\u0438\u043c! \u041e\u0440\u0433\u0430\u043d\u0438\u0437\u0443\u0439\u0442\u0435 \u043e\u0441\u0442\u0430\u0432\u0448\u0443\u044e\u0441\u044f \u0447\u0430\u0441\u0442\u044c \u0441\u0432\u043e\u0435\u0433\u043e \u043f\u0440\u0435\u0431\u044b\u0432\u0430\u043d\u0438\u044f \u0432 \u041b\u0430\u043d\u0442\u043e\u043d\u0435!<\/p>\n\n\n\n<div class=\"wp-block-buttons is-layout-flex wp-block-buttons-is-layout-flex\">\n<div class=\"wp-block-button\"><a class=\"wp-block-button__link wp-element-button\" href=\"https:\/\/bassin-arcachon.com\/ru\/https-2\/\/bassin-arcachon-com\/%d1%80%d0%b0%d0%b7%d0%bc%d0%b5%d1%89%d0%b5%d0%bd%d0%b8%d0%b5-2\/chambres-dhotes%40coeur-de-bassin%26amp%3bwifi\/\">\u041a\u0440\u043e\u0432\u0430\u0442\u044c \u0438 \u0437\u0430\u0432\u0442\u0440\u0430\u043a \u0441 Wi-Fi<\/a><\/div>\n<\/div>\n<\/div>\n\n\n\n<div class=\"wp-block-uagb-container uagb-block-9492f291\">\n<div class=\"wp-block-uagb-image uagb-block-162d4074 wp-block-uagb-image--layout-default wp-block-uagb-image--effect-static wp-block-uagb-image--align-none\"><figure class=\"wp-block-uagb-image__figure\"><img decoding=\"async\" srcset=\"https:\/\/bassin-arcachon.com\/wp-content\/uploads\/2017\/08\/happy3.jpg \" sizes=\"auto, (max-width: 480px) 150px\" src=\"https:\/\/bassin-arcachon.com\/wp-content\/uploads\/2017\/08\/happy3.jpg\" alt=\"\u041b\u0443\u0438\u0437\u0430 \u0410\u043d\u0434\u0435\u0440\u043d\u043e\u0441\" class=\"uag-image-7499\" width=\"700\" height=\"465\" title=\"- - Bassin d&#039;Arcachon\" loading=\"lazy\" role=\"img\"><\/figure><\/div>\n<\/div>\n<\/div><\/div>\n\n\n\n<div style=\"height:60px\" aria-hidden=\"true\" class=\"wp-block-spacer\"><\/div>\n\n\n\n<div class=\"wp-block-uagb-container uagb-block-f62741a8 alignfull uagb-is-root-container\"><div class=\"uagb-container-inner-blocks-wrap\">\n<div class=\"wp-block-uagb-container uagb-block-cdff9caa\">\n<div class=\"wp-block-uagb-image uagb-block-928b2a5b wp-block-uagb-image--layout-default wp-block-uagb-image--effect-static wp-block-uagb-image--align-none\"><figure class=\"wp-block-uagb-image__figure\"><img decoding=\"async\" srcset=\"https:\/\/bassin-arcachon.com\/wp-content\/uploads\/2018\/07\/Jetee-andernos-les-bains-bassin-arcachon.jpg \" sizes=\"auto, (max-width: 480px) 150px\" src=\"https:\/\/bassin-arcachon.com\/wp-content\/uploads\/2018\/07\/Jetee-andernos-les-bains-bassin-arcachon.jpg\" alt=\"- - Bassin d&#039;Arcachon\" class=\"uag-image-23915\" width=\"1000\" height=\"750\" title=\"- - Bassin d&#039;Arcachon\" loading=\"lazy\" role=\"img\"><\/figure><\/div>\n<\/div>\n\n\n\n<div class=\"wp-block-uagb-container uagb-block-bdcd5c4d\">\n<h2 class=\"wp-block-heading\">\u041d\u0430\u0448\u0438 \u0433\u043e\u0441\u0442\u0435\u0432\u044b\u0435 \u043a\u043e\u043c\u043d\u0430\u0442\u044b \u0432 \u041b\u0430\u043d\u0442\u043e\u043d\u0435 \u0441 \u0441\u0430\u0434\u043e\u043c<\/h2>\n\n\n\n<p>\u041e\u0441\u0442\u0430\u043d\u043e\u0432\u0438\u0442\u0435\u0441\u044c \u0432 \u041b\u0430\u043d\u0442\u043e\u043d\u0435 \u0438 \u043e\u0442\u0434\u043e\u0445\u043d\u0438\u0442\u0435 \u0432 \u0446\u0432\u0435\u0442\u043e\u0447\u043d\u043e\u043c \u0441\u0430\u0434\u0443 \u0432\u0430\u0448\u0435\u0433\u043e \u043e\u0442\u0435\u043b\u044f \u0442\u0438\u043f\u0430 \u00ab\u043f\u043e\u0441\u0442\u0435\u043b\u044c \u0438 \u0437\u0430\u0432\u0442\u0440\u0430\u043a\u00bb. \u041f\u043e\u0437\u0432\u043e\u043b\u044c\u0442\u0435 \u0434\u0435\u0442\u044f\u043c \u0438\u0433\u0440\u0430\u0442\u044c \u0432 \u043f\u043e\u043b\u043d\u043e\u043c \u0441\u043f\u043e\u043a\u043e\u0439\u0441\u0442\u0432\u0438\u0438 \u0432 \u043e\u0433\u043e\u0440\u043e\u0436\u0435\u043d\u043d\u043e\u043c \u0438 \u0437\u0430\u0442\u0435\u043d\u0435\u043d\u043d\u043e\u043c \u0441\u0430\u0434\u0443. \u041d\u0430\u0441\u043b\u0430\u0436\u0434\u0430\u0439\u0442\u0435\u0441\u044c \u043f\u0440\u0438\u0440\u043e\u0434\u043e\u0439 \u043c\u0435\u0436\u0434\u0443 \u043f\u043b\u044f\u0436\u0430\u043c\u0438 \u0438 \u043b\u0435\u0441\u043e\u043c \u0432\u0441\u0435\u0439 \u0441\u0435\u043c\u044c\u0435\u0439. \u041f\u0440\u043e\u0432\u0435\u0434\u0438\u0442\u0435 \u043e\u0442\u043f\u0443\u0441\u043a \u043d\u0430 \u043f\u0440\u0438\u0440\u043e\u0434\u0435 100%, \u0432\u044b\u0431\u0440\u0430\u0432 \u043d\u043e\u043c\u0435\u0440 \u0441 \u0441\u0430\u0434\u043e\u043c \u0432 \u041b\u0430\u043d\u0442\u043e\u043d\u0435!<\/p>\n\n\n\n<div class=\"wp-block-buttons is-layout-flex wp-block-buttons-is-layout-flex\">\n<div class=\"wp-block-button\"><a class=\"wp-block-button__link wp-element-button\" href=\"https:\/\/bassin-arcachon.com\/ru\/https-2\/\/bassin-arcachon-com\/%d1%80%d0%b0%d0%b7%d0%bc%d0%b5%d1%89%d0%b5%d0%bd%d0%b8%d0%b5-2\/chambres-dhotes%40coeur-de-bassin%26amp%3bjardin\/\">\u041a\u0440\u043e\u0432\u0430\u0442\u044c \u0438 \u0437\u0430\u0432\u0442\u0440\u0430\u043a \u0441 \u0441\u0430\u0434\u043e\u043c<\/a><\/div>\n<\/div>\n<\/div>\n<\/div><\/div>\n\n\n\n<div style=\"height:60px\" aria-hidden=\"true\" class=\"wp-block-spacer\"><\/div>\n\n\n\n<div class=\"wp-block-uagb-container uagb-block-d3ee264b alignfull uagb-is-root-container\"><div class=\"uagb-container-inner-blocks-wrap\">\n<div class=\"wp-block-uagb-container uagb-block-0e2f2a9d\">\n<h2 class=\"wp-block-heading\">\u041d\u0430\u0448\u0438 \u0433\u043e\u0441\u0442\u0435\u0432\u044b\u0435 \u043a\u043e\u043c\u043d\u0430\u0442\u044b \u0432 \u041b\u0430\u043d\u0442\u043e\u043d\u0435 \u043e\u0442\u043a\u0440\u044b\u0442\u044b \u043a\u0440\u0443\u0433\u043b\u044b\u0439 \u0433\u043e\u0434<\/h2>\n\n\n\n<p>\u0425\u043e\u0442\u0435\u043b\u0438 \u0431\u044b \u0432\u044b \u0447\u0443\u0432\u0441\u0442\u0432\u043e\u0432\u0430\u0442\u044c \u0441\u0435\u0431\u044f \u043e\u0434\u0438\u043d\u043e\u043a\u0438\u043c \u0432 \u044d\u0442\u043e\u043c \u043c\u0438\u0440\u0435? \u041e\u0442\u043a\u0440\u043e\u0439\u0442\u0435 \u0434\u043b\u044f \u0441\u0435\u0431\u044f Bassin \u0410\u0440\u043a\u0430\u0448\u043e\u043d\u0430 \u0437\u0438\u043c\u043e\u0439. \u0421 \u0441\u0435\u043c\u044c\u0435\u0439 \u0438\u043b\u0438 \u0432\u0434\u0432\u043e\u0435\u043c \u043d\u0430\u0441\u043b\u0430\u0434\u0438\u0442\u0435\u0441\u044c \u0443\u043d\u0438\u043a\u0430\u043b\u044c\u043d\u044b\u043c\u0438 \u043c\u043e\u043c\u0435\u043d\u0442\u0430\u043c\u0438 \u043d\u0430 \u043f\u0443\u0441\u0442\u044b\u043d\u043d\u043e\u043c \u043f\u043b\u044f\u0436\u0435 \u0438\u043b\u0438 \u0432 \u0441\u0435\u0440\u0434\u0446\u0435 \u043b\u0435\u0441\u0430. \u041e\u0441\u0442\u0430\u043d\u043e\u0432\u0438\u0442\u0435\u0441\u044c \u0432 \u043e\u0442\u0435\u043b\u0435 \u0442\u0438\u043f\u0430 \u00ab\u043f\u043e\u0441\u0442\u0435\u043b\u044c \u0438 \u0437\u0430\u0432\u0442\u0440\u0430\u043a\u00bb, \u043e\u0442\u043a\u0440\u044b\u0442\u043e\u043c \u043a\u0440\u0443\u0433\u043b\u044b\u0439 \u0433\u043e\u0434 \u0432 \u041b\u0430\u043d\u0442\u043e\u043d\u0435, \u0438 \u043d\u0430\u0441\u043b\u0430\u0434\u0438\u0442\u0435\u0441\u044c \u0438\u0434\u0435\u0430\u043b\u044c\u043d\u044b\u043c \u0440\u0430\u0441\u043f\u043e\u043b\u043e\u0436\u0435\u043d\u0438\u0435\u043c \u0432 \u0441\u0430\u043c\u043e\u043c \u0441\u0435\u0440\u0434\u0446\u0435 Bassin!<\/p>\n\n\n\n<div class=\"wp-block-buttons is-layout-flex wp-block-buttons-is-layout-flex\">\n<div class=\"wp-block-button\"><a class=\"wp-block-button__link wp-element-button\" href=\"https:\/\/bassin-arcachon.com\/ru\/https-2\/\/bassin-arcachon-com\/%d1%80%d0%b0%d0%b7%d0%bc%d0%b5%d1%89%d0%b5%d0%bd%d0%b8%d0%b5-2\/chambres-dhotes%40coeur-de-bassin\/\">\u0413\u043e\u0441\u0442\u0435\u0432\u044b\u0435 \u043a\u043e\u043c\u043d\u0430\u0442\u044b \u043e\u0442\u043a\u0440\u044b\u0442\u044b \u043a\u0440\u0443\u0433\u043b\u044b\u0439 \u0433\u043e\u0434<\/a><\/div>\n<\/div>\n<\/div>\n\n\n\n<div class=\"wp-block-uagb-container uagb-block-3ddb0584\">\n<div class=\"wp-block-uagb-image uagb-block-c553fef2 wp-block-uagb-image--layout-default wp-block-uagb-image--effect-static wp-block-uagb-image--align-none\"><figure class=\"wp-block-uagb-image__figure\"><img decoding=\"async\" srcset=\"https:\/\/bassin-arcachon.com\/wp-content\/uploads\/2018\/10\/andernos-velo-SIBA-agence-les-conteurs-50-1024x683.jpg \" sizes=\"auto, (max-width: 480px) 150px\" src=\"https:\/\/bassin-arcachon.com\/wp-content\/uploads\/2018\/10\/andernos-velo-SIBA-agence-les-conteurs-50-1024x683.jpg\" alt=\"\u041a\u0440\u0430\u0441\u0438\u0432\u044b\u0435 \u0432\u0438\u043b\u043b\u044b \u0432 \u0410\u043d\u0434\u0435\u0440\u043d\u043e\u0441\u0435\" class=\"uag-image-26668\" width=\"1024\" height=\"683\" title=\"- - Bassin d&#039;Arcachon\" loading=\"lazy\" role=\"img\"><\/figure><\/div>\n<\/div>\n<\/div><\/div>\n\n\n\n<div style=\"height:60px\" aria-hidden=\"true\" class=\"wp-block-spacer\"><\/div>\n\n\n\n<div class=\"wp-block-uagb-container uagb-block-cdd77159 alignfull uagb-is-root-container\">\n<div class=\"wp-block-cover is-light has-parallax\"><span aria-hidden=\"true\" class=\"wp-block-cover__background has-background-dim-0 has-background-dim\"><\/span><div class=\"wp-block-cover__image-background wp-image-1345 has-parallax\" style=\"background-position:50% 50%;background-image:url(https:\/\/bassin-arcachon.com\/wp-content\/uploads\/2017\/03\/Camping-Panorama-du-Pyla-cottage-vue-mer-coin-farniente.jpg)\"><\/div><div class=\"wp-block-cover__inner-container is-layout-flow wp-block-cover-is-layout-flow\">\n<div class=\"wp-block-uagb-container uagb-block-fb66c32a\">\n<h2 class=\"wp-block-heading has-text-align-center has-white-color has-text-color has-large-font-size\">\u041f\u0440\u043e\u0432\u0435\u0434\u0438\u0442\u0435 \u0441\u0432\u043e\u0439 \u043e\u0442\u043f\u0443\u0441\u043a \u0441 \u043b\u0435\u0433\u043a\u043e\u0441\u0442\u044c\u044e \u0432 \u043e\u0434\u043d\u043e\u043c \u0438\u0437 \u0433\u043e\u0441\u0442\u0435\u0432\u044b\u0445 \u043d\u043e\u043c\u0435\u0440\u043e\u0432 Bassin \u0432 \u0410\u0440\u043a\u0430\u0448\u043e\u043d\u0435!<\/h2>\n\n\n\n<p class=\"has-text-align-center has-white-color has-text-color\"><a href=\"https:\/\/bassin-arcachon.com\/ru\/https-2\/\/bassin-arcachon-com\/%d1%80%d0%b0%d0%b7%d0%bc%d0%b5%d1%89%d0%b5%d0%bd%d0%b8%d0%b5-2\/%d0%ba%d0%be%d0%bc%d0%bd%d0%b0%d1%82%d1%8b-%d0%b4%d0%bb%d1%8f-%d0%b3%d0%be%d1%81%d1%82%d0%b5%d0%b9\/\">\u041d\u0410\u0427\u041d\u0418\u0422\u0415 \u041f\u041e\u0418\u0421\u041a<\/a><\/p>\n<\/div>\n<\/div><\/div>\n<\/div>\n\n\n\n<div style=\"height:60px\" aria-hidden=\"true\" class=\"wp-block-spacer\"><\/div>\n\n\n\n<div class=\"wp-block-uagb-container uagb-block-675e017b alignfull uagb-is-root-container\"><div class=\"uagb-container-inner-blocks-wrap\">\n<div class=\"wp-block-uagb-container uagb-block-22d19b05\">\n<h3 class=\"wp-block-heading\">\u0425\u043e\u0442\u0438\u0442\u0435 \u0437\u0430\u0431\u0440\u043e\u043d\u0438\u0440\u043e\u0432\u0430\u0442\u044c \u043a\u0440\u043e\u0432\u0430\u0442\u044c \u0438 \u0437\u0430\u0432\u0442\u0440\u0430\u043a \u0432 \u0440\u0430\u0439\u043e\u043d\u0435 \u041b\u0430\u043d\u0442\u043e\u043d\u0430?<\/h3>\n\n\n\n<p>\u041e\u0442\u043a\u0440\u043e\u0439\u0442\u0435 \u0434\u043b\u044f \u0441\u0435\u0431\u044f \u0432\u0441\u0435 \u043d\u043e\u043c\u0435\u0440\u0430 \u043e\u0442\u0435\u043b\u044f Bassin Arcachon:&nbsp;<a href=\"https:\/\/bassin-arcachon.com\/ru\/%d0%b8%d0%bb%d0%b8-%d1%81%d0%bf%d0%b0%d1%82%d1%8c\/%d0%b0%d1%80%d0%b5%d0%bd%d0%b4%d0%b0-%d0%bd%d0%be%d1%87%d0%bb%d0%b5%d0%b3%d0%b0-%d0%b8-%d0%b7%d0%b0%d0%b2%d1%82%d1%80%d0%b0%d0%ba%d0%b0\/?commune=arcachon\">\u0410\u0440\u043a\u0430\u0448\u043e\u043d<\/a>,&nbsp;<a href=\"https:\/\/bassin-arcachon.com\/ru\/%d0%b8%d0%bb%d0%b8-%d1%81%d0%bf%d0%b0%d1%82%d1%8c\/%d0%b0%d1%80%d0%b5%d0%bd%d0%b4%d0%b0-%d0%bd%d0%be%d1%87%d0%bb%d0%b5%d0%b3%d0%b0-%d0%b8-%d0%b7%d0%b0%d0%b2%d1%82%d1%80%d0%b0%d0%ba%d0%b0\/?commune=ares\">\u0410\u0440\u0435\u0441<\/a>,&nbsp;<a href=\"https:\/\/bassin-arcachon.com\/ru\/%d0%b8%d0%bb%d0%b8-%d1%81%d0%bf%d0%b0%d1%82%d1%8c\/%d0%b0%d1%80%d0%b5%d0%bd%d0%b4%d0%b0-%d0%bd%d0%be%d1%87%d0%bb%d0%b5%d0%b3%d0%b0-%d0%b8-%d0%b7%d0%b0%d0%b2%d1%82%d1%80%d0%b0%d0%ba%d0%b0\/?commune=andernos-les-bains\">\u0410\u043d\u0434\u0435\u0440\u043d\u043e\u0441<\/a>,&nbsp;<a href=\"https:\/\/bassin-arcachon.com\/ru\/%d0%b8%d0%bb%d0%b8-%d1%81%d0%bf%d0%b0%d1%82%d1%8c\/%d0%b0%d1%80%d0%b5%d0%bd%d0%b4%d0%b0-%d0%bd%d0%be%d1%87%d0%bb%d0%b5%d0%b3%d0%b0-%d0%b8-%d0%b7%d0%b0%d0%b2%d1%82%d1%80%d0%b0%d0%ba%d0%b0\/?commune=gujan-mestras\">\u0413\u0443\u0436\u0430\u043d-\u041c\u0435\u0441\u0442\u0440\u0430\u0441<\/a>,&nbsp;<a href=\"https:\/\/bassin-arcachon.com\/ru\/%d0%b8%d0%bb%d0%b8-%d1%81%d0%bf%d0%b0%d1%82%d1%8c\/%d0%b0%d1%80%d0%b5%d0%bd%d0%b4%d0%b0-%d0%bd%d0%be%d1%87%d0%bb%d0%b5%d0%b3%d0%b0-%d0%b8-%d0%b7%d0%b0%d0%b2%d1%82%d1%80%d0%b0%d0%ba%d0%b0\/?commune=la-teste-de-buch\">La Teste de Buch<\/a>,&nbsp;<a href=\"https:\/\/bassin-arcachon.com\/ru\/%d0%b8%d0%bb%d0%b8-%d1%81%d0%bf%d0%b0%d1%82%d1%8c\/%d0%b0%d1%80%d0%b5%d0%bd%d0%b4%d0%b0-%d0%bd%d0%be%d1%87%d0%bb%d0%b5%d0%b3%d0%b0-%d0%b8-%d0%b7%d0%b0%d0%b2%d1%82%d1%80%d0%b0%d0%ba%d0%b0\/?commune=audenge\">\u041e\u0434\u0435\u043d\u0436,<\/a>&nbsp;\u0430 \u0442\u0430\u043a\u0436\u0435&nbsp;<a href=\"https:\/\/bassin-arcachon.com\/ru\/%d0%b8%d0%bb%d0%b8-%d1%81%d0%bf%d0%b0%d1%82%d1%8c\/%d0%b0%d1%80%d0%b5%d0%bd%d0%b4%d0%b0-%d0%bd%d0%be%d1%87%d0%bb%d0%b5%d0%b3%d0%b0-%d0%b8-%d0%b7%d0%b0%d0%b2%d1%82%d1%80%d0%b0%d0%ba%d0%b0\/?commune=lege-cap-ferret\">\u041a\u0430\u043f-\u0424\u0435\u0440\u0440\u0435<\/a>&nbsp;!<\/p>\n<\/div>\n\n\n\n<div class=\"wp-block-uagb-container uagb-block-ed0ff29b\">\n<div class=\"wp-block-uagb-image uagb-block-15122c67 wp-block-uagb-image--layout-default wp-block-uagb-image--effect-static wp-block-uagb-image--align-none\"><figure class=\"wp-block-uagb-image__figure\"><img decoding=\"async\" srcset=\"https:\/\/bassin-arcachon.com\/wp-content\/uploads\/2018\/09\/nourri-a-lhu\u00eetre-\u00e9lev\u00e9-sous-les-pins-Bassin-dArcachon.jpg 1000w, https:\/\/bassin-arcachon.com\/wp-content\/uploads\/2018\/09\/nourri-a-lhu\u00eetre-\u00e9lev\u00e9-sous-les-pins-Bassin-dArcachon-600x400.jpg 600w, https:\/\/bassin-arcachon.com\/wp-content\/uploads\/2018\/09\/nourri-a-lhu\u00eetre-\u00e9lev\u00e9-sous-les-pins-Bassin-dArcachon-768x511.jpg 768w, https:\/\/bassin-arcachon.com\/wp-content\/uploads\/2018\/09\/nourri-a-lhu\u00eetre-\u00e9lev\u00e9-sous-les-pins-Bassin-dArcachon-18x12.jpg 18w\" sizes=\"auto, (max-width: 480px) 150px\" src=\"https:\/\/bassin-arcachon.com\/wp-content\/uploads\/2018\/09\/nourri-a-lhu\u00eetre-\u00e9lev\u00e9-sous-les-pins-Bassin-dArcachon.jpg\" alt=\"- - Bassin d&#039;Arcachon\" class=\"uag-image-26169\" width=\"1000\" height=\"666\" title=\"- - Bassin d&#039;Arcachon\" loading=\"lazy\" role=\"img\"><\/figure><\/div>\n<\/div>\n<\/div><\/div>\n\n\n\n<div style=\"height:60px\" aria-hidden=\"true\" class=\"wp-block-spacer\"><\/div>","protected":false},"excerpt":{"rendered":"<p>Nos chambres d\u2019h\u00f4tes \u00e0 Lanton avec Wifi Visites, activit\u00e9s et itin\u00e9raires, organisez la suite de votre s\u00e9jour gr\u00e2ce \u00e0 la Wifi de nos chambres d\u2019h\u00f4tes \u00e0 Lanton. Au c\u0153ur du [&hellip;]<\/p>\n","protected":false},"author":25,"featured_media":2217,"parent":398,"menu_order":1,"comment_status":"closed","ping_status":"closed","template":"","meta":{"_acf_changed":false,"_uag_custom_page_level_css":"","footnotes":""},"class_list":["post-45509","page","type-page","status-publish","has-post-thumbnail","hentry"],"acf":[],"uagb_featured_image_src":{"full":["https:\/\/bassin-arcachon.com\/wp-content\/uploads\/2017\/03\/camping-bassin-arcachon.jpg",1200,800,false],"thumbnail":["https:\/\/bassin-arcachon.com\/wp-content\/uploads\/2017\/03\/camping-bassin-arcachon-150x150.jpg",150,150,true],"medium":["https:\/\/bassin-arcachon.com\/wp-content\/uploads\/2017\/03\/camping-bassin-arcachon-600x400.jpg",600,400,true],"medium_large":["https:\/\/bassin-arcachon.com\/wp-content\/uploads\/2017\/03\/camping-bassin-arcachon-768x512.jpg",768,512,true],"large":["https:\/\/bassin-arcachon.com\/wp-content\/uploads\/2017\/03\/camping-bassin-arcachon-1024x683.jpg",1024,683,true],"1536x1536":["https:\/\/bassin-arcachon.com\/wp-content\/uploads\/2017\/03\/camping-bassin-arcachon.jpg",1200,800,false],"2048x2048":["https:\/\/bassin-arcachon.com\/wp-content\/uploads\/2017\/03\/camping-bassin-arcachon.jpg",1200,800,false],"trp-custom-language-flag":["https:\/\/bassin-arcachon.com\/wp-content\/uploads\/2017\/03\/camping-bassin-arcachon-18x12.jpg",18,12,true]},"uagb_author_info":{"display_name":"Marie Clauzel","author_link":"https:\/\/bassin-arcachon.com\/ru\/author\/mariesiba\/"},"uagb_comment_info":0,"uagb_excerpt":"Nos chambres d\u2019h\u00f4tes \u00e0 Lanton avec Wifi Visites, activit\u00e9s et itin\u00e9raires, organisez la suite de votre s\u00e9jour gr\u00e2ce \u00e0 la Wifi de nos chambres d\u2019h\u00f4tes \u00e0 Lanton. Au c\u0153ur du [&hellip;]","_links":{"self":[{"href":"https:\/\/bassin-arcachon.com\/ru\/wp-json\/wp\/v2\/pages\/45509","targetHints":{"allow":["GET"]}}],"collection":[{"href":"https:\/\/bassin-arcachon.com\/ru\/wp-json\/wp\/v2\/pages"}],"about":[{"href":"https:\/\/bassin-arcachon.com\/ru\/wp-json\/wp\/v2\/types\/page"}],"author":[{"embeddable":true,"href":"https:\/\/bassin-arcachon.com\/ru\/wp-json\/wp\/v2\/users\/25"}],"replies":[{"embeddable":true,"href":"https:\/\/bassin-arcachon.com\/ru\/wp-json\/wp\/v2\/comments?post=45509"}],"version-history":[{"count":1,"href":"https:\/\/bassin-arcachon.com\/ru\/wp-json\/wp\/v2\/pages\/45509\/revisions"}],"predecessor-version":[{"id":68256,"href":"https:\/\/bassin-arcachon.com\/ru\/wp-json\/wp\/v2\/pages\/45509\/revisions\/68256"}],"up":[{"embeddable":true,"href":"https:\/\/bassin-arcachon.com\/ru\/wp-json\/wp\/v2\/pages\/398"}],"wp:featuredmedia":[{"embeddable":true,"href":"https:\/\/bassin-arcachon.com\/ru\/wp-json\/wp\/v2\/media\/2217"}],"wp:attachment":[{"href":"https:\/\/bassin-arcachon.com\/ru\/wp-json\/wp\/v2\/media?parent=45509"}],"curies":[{"name":"WP","href":"https:\/\/api.w.org\/{rel}","templated":true}]}}