{"id":45555,"date":"2020-07-10T14:47:51","date_gmt":"2020-07-10T12:47:51","guid":{"rendered":"https:\/\/bassin-arcachon.com\/\/?page_id=45555"},"modified":"2024-11-06T10:47:16","modified_gmt":"2024-11-06T09:47:16","slug":"%d0%bd%d0%b0%d1%88%d0%b8-%d0%be%d1%82%d0%b5%d0%bb%d0%b8-%d0%b2-%d0%b0%d1%80%d0%b5%d1%81%d0%b5","status":"publish","type":"page","link":"https:\/\/bassin-arcachon.com\/ru\/ou-dormir\/nos-hotels-a-ares\/","title":{"rendered":"\u041d\u0430\u0448\u0438 \u043e\u0442\u0435\u043b\u0438 \u0432 \u0410\u0440\u0435\u0441\u0435"},"content":{"rendered":"<div class=\"wp-block-uagb-container uagb-block-d6340998 alignfull uagb-is-root-container\"><div class=\"uagb-container-inner-blocks-wrap\">\n<h2 class=\"wp-block-heading has-text-align-center\" style=\"font-size:25px\">\u0412 \u0410\u0440\u0435\u0441\u0435 \u0443 \u0432\u0430\u0441 \u0435\u0441\u0442\u044c \u0432\u044b\u0431\u043e\u0440 \u043c\u0435\u0436\u0434\u0443 \u043e\u0442\u0435\u043b\u044f\u043c\u0438 \u0441 \u0431\u0430\u0441\u0441\u0435\u0439\u043d\u043e\u043c, \u043f\u0430\u0440\u043a\u043e\u0432\u043a\u043e\u0439 \u0438 \u0441\u0435\u043c\u0435\u0439\u043d\u044b\u043c\u0438 \u043d\u043e\u043c\u0435\u0440\u0430\u043c\u0438. \u041d\u0430\u0439\u0434\u0438\u0442\u0435 \u0438\u0434\u0435\u0430\u043b\u044c\u043d\u0443\u044e \u043d\u0435\u0434\u0432\u0438\u0436\u0438\u043c\u043e\u0441\u0442\u044c \u0434\u043b\u044f \u0432\u0430\u0448\u0435\u0433\u043e \u043f\u0440\u0435\u0431\u044b\u0432\u0430\u043d\u0438\u044f.<\/h2>\n<\/div><\/div>\n\n\n\n<div style=\"height:40px\" aria-hidden=\"true\" class=\"wp-block-spacer\"><\/div>\n\n\n\n<div class=\"wp-block-uagb-container uagb-block-7792da94 alignfull uagb-is-root-container\"><div class=\"uagb-container-inner-blocks-wrap\">\n<div class=\"wp-block-uagb-container uagb-block-5161a769\">\n<h2 class=\"wp-block-heading\">\u041d\u0430\u0448\u0438 \u043e\u0442\u0435\u043b\u0438 \u0432 \u0410\u0440\u0435\u0441\u0435 \u0441 \u0431\u0430\u0441\u0441\u0435\u0439\u043d\u043e\u043c<\/h2>\n\n\n\n<p>\u0421 \u0441\u0435\u043c\u044c\u0435\u0439 \u0438\u043b\u0438 \u0434\u0440\u0443\u0437\u044c\u044f\u043c\u0438 \u043d\u0430\u0441\u043b\u0430\u0434\u0438\u0442\u0435\u0441\u044c \u0431\u0430\u0441\u0441\u0435\u0439\u043d\u043e\u043c \u0432 \u043e\u0434\u043d\u043e\u043c \u0438\u0437 \u043d\u0430\u0448\u0438\u0445 \u043e\u0442\u0435\u043b\u0435\u0439 \u0432 \u0410\u0440\u0435\u0441\u0435! \u041e\u0442\u043a\u0440\u043e\u0439\u0442\u0435 \u0434\u043b\u044f \u0441\u0435\u0431\u044f \u043d\u0430\u0448 \u0432\u044b\u0431\u043e\u0440 \u043e\u0442\u0435\u043b\u0435\u0439, \u0432 \u043a\u043e\u0442\u043e\u0440\u044b\u0445 \u0435\u0441\u0442\u044c \u0434\u0435\u0442\u0441\u043a\u0438\u0435 \u0431\u0430\u0441\u0441\u0435\u0439\u043d\u044b \u0434\u043b\u044f \u0441\u0430\u043c\u044b\u0445 \u043c\u0430\u043b\u0435\u043d\u044c\u043a\u0438\u0445, \u0432\u043e\u0434\u043d\u044b\u0435 \u0438\u0433\u0440\u044b \u0434\u043b\u044f \u0434\u0435\u0442\u0435\u0439 \u0438\u043b\u0438 \u0437\u043e\u043d\u044b \u043e\u0442\u0434\u044b\u0445\u0430 \u0434\u043b\u044f \u0434\u0435\u0442\u0435\u0439 \u043f\u043e\u0441\u0442\u0430\u0440\u0448\u0435. \u0414\u043e\u0441\u0442\u0430\u0442\u043e\u0447\u043d\u043e, \u0447\u0442\u043e\u0431\u044b \u0443\u0434\u043e\u0432\u043b\u0435\u0442\u0432\u043e\u0440\u0438\u0442\u044c \u0441\u0430\u043c\u044b\u0445 \u0442\u0440\u0435\u0431\u043e\u0432\u0430\u0442\u0435\u043b\u044c\u043d\u044b\u0445 \u043f\u043b\u043e\u0432\u0446\u043e\u0432! \u041e\u0441\u0432\u0435\u0436\u0430\u044e\u0449\u0438\u0439 \u0438\u043b\u0438 \u0441\u043e\u0433\u0440\u0435\u0432\u0430\u044e\u0449\u0438\u0439, \u0441\u043f\u043e\u0440\u0442\u0438\u0432\u043d\u044b\u0439 \u0438\u043b\u0438 \u0440\u0430\u0441\u0441\u043b\u0430\u0431\u043b\u044f\u044e\u0449\u0438\u0439 \u2014 \u0432 \u043d\u0430\u0448\u0438\u0445 \u043e\u0442\u0435\u043b\u044f\u0445 \u0410\u0440\u0435\u0441\u0430 \u0443 \u043a\u0430\u0436\u0434\u043e\u0433\u043e \u0435\u0441\u0442\u044c \u0441\u0432\u043e\u0439 \u0431\u0430\u0441\u0441\u0435\u0439\u043d! \u041a\u0430\u043a\u0438\u043c \u0431\u0443\u0434\u0435\u0442 \u0442\u0432\u043e\u0439?<\/p>\n\n\n\n<div class=\"wp-block-buttons is-layout-flex wp-block-buttons-is-layout-flex\">\n<div class=\"wp-block-button\"><a class=\"wp-block-button__link wp-element-button\" href=\"https:\/\/bassin-arcachon.com\/ru\/%d1%80%d0%b0%d0%b7%d0%bc%d0%b5%d1%89%d0%b5%d0%bd%d0%b8%d0%b5-2\/%d0%be%d1%82%d0%b5%d0%bb%d0%b8-%d0%b8-%d0%b1%d0%b0%d1%81%d1%81%d0%b5%d0%b9%d0%bd\/\">\u041e\u0442\u0435\u043b\u0438 \u0441 \u0431\u0430\u0441\u0441\u0435\u0439\u043d\u043e\u043c<\/a><\/div>\n<\/div>\n<\/div>\n\n\n\n<div class=\"wp-block-uagb-container uagb-block-f8f5f9f9\">\n<div class=\"wp-block-uagb-image uagb-block-90d42698 wp-block-uagb-image--layout-default wp-block-uagb-image--effect-static wp-block-uagb-image--align-none\"><figure class=\"wp-block-uagb-image__figure\"><img decoding=\"async\" srcset=\"https:\/\/bassin-arcachon.com\/wp-content\/uploads\/2017\/04\/ares-port-ostreicole-1024x768.jpg \" sizes=\"auto, (max-width: 480px) 150px\" src=\"https:\/\/bassin-arcachon.com\/wp-content\/uploads\/2017\/04\/ares-port-ostreicole-1024x768.jpg\" alt=\"- - Bassin d&#039;Arcachon\" class=\"uag-image-1162\" width=\"1024\" height=\"768\" title=\"- - Bassin d&#039;Arcachon\" loading=\"lazy\" role=\"img\"><\/figure><\/div>\n<\/div>\n<\/div><\/div>\n\n\n\n<div style=\"height:60px\" aria-hidden=\"true\" class=\"wp-block-spacer\"><\/div>\n\n\n\n<div class=\"wp-block-uagb-container uagb-block-66800836 alignfull uagb-is-root-container\"><div class=\"uagb-container-inner-blocks-wrap\">\n<div class=\"wp-block-uagb-container uagb-block-d368b390\">\n<div class=\"wp-block-uagb-image uagb-block-84006432 wp-block-uagb-image--layout-default wp-block-uagb-image--effect-static wp-block-uagb-image--align-none\"><figure class=\"wp-block-uagb-image__figure\"><img decoding=\"async\" srcset=\"https:\/\/bassin-arcachon.com\/wp-content\/uploads\/2017\/02\/parking-dune-du-pilat.jpg \" sizes=\"auto, (max-width: 480px) 150px\" src=\"https:\/\/bassin-arcachon.com\/wp-content\/uploads\/2017\/02\/parking-dune-du-pilat.jpg\" alt=\"- - Bassin d&#039;Arcachon\" class=\"uag-image-24070\" width=\"1000\" height=\"664\" title=\"- - Bassin d&#039;Arcachon\" loading=\"lazy\" role=\"img\"><\/figure><\/div>\n<\/div>\n\n\n\n<div class=\"wp-block-uagb-container uagb-block-185509d3\">\n<h2 class=\"wp-block-heading\">\u041d\u0430\u0448\u0438 \u043e\u0442\u0435\u043b\u0438 \u0432 \u0410\u0440\u0435\u0441\u0435 \u0441 \u043f\u0430\u0440\u043a\u043e\u0432\u043a\u043e\u0439<\/h2>\n\n\n\n<p>\u0425\u043e\u0442\u0438\u0442\u0435 \u043f\u0440\u0438\u043f\u0430\u0440\u043a\u043e\u0432\u0430\u0442\u044c \u0441\u0432\u043e\u0439 \u0430\u0432\u0442\u043e\u043c\u043e\u0431\u0438\u043b\u044c \u0432\u0441\u0435\u0433\u043e \u0437\u0430 \u043d\u0435\u0441\u043a\u043e\u043b\u044c\u043a\u043e \u043c\u0438\u043d\u0443\u0442? \u0421\u0434\u0435\u043b\u0430\u0439\u0442\u0435 \u0441\u0432\u043e\u0439 \u0432\u044b\u0445\u043e\u0434\u043d\u043e\u0439 \u043a\u043e\u043c\u0444\u043e\u0440\u0442\u043d\u044b\u043c \u0438 \u043d\u0435\u043f\u0440\u0438\u043d\u0443\u0436\u0434\u0435\u043d\u043d\u044b\u043c, \u0437\u0430\u0431\u0440\u043e\u043d\u0438\u0440\u043e\u0432\u0430\u0432 \u043e\u0442\u0435\u043b\u044c \u0432 \u0410\u0440\u0435\u0441\u0435 \u0441 \u043f\u0430\u0440\u043a\u043e\u0432\u043a\u043e\u0439! \u0412\u044b \u043c\u043e\u0436\u0435\u0442\u0435 \u043e\u0441\u0442\u0430\u0432\u0438\u0442\u044c \u043c\u0430\u0448\u0438\u043d\u0443 \u0438 \u0432\u0437\u044f\u0442\u044c \u043d\u0430\u043f\u0440\u043e\u043a\u0430\u0442 \u0432\u0435\u043b\u043e\u0441\u0438\u043f\u0435\u0434, \u0447\u0442\u043e\u0431\u044b \u0431\u043e\u043b\u0435\u0435 \u0441\u0432\u043e\u0431\u043e\u0434\u043d\u043e \u043f\u0435\u0440\u0435\u0434\u0432\u0438\u0433\u0430\u0442\u044c\u0441\u044f \u0432 \u0446\u0435\u043d\u0442\u0440\u0435 \u0433\u043e\u0440\u043e\u0434\u0430. \u0412\u044b\u0431\u0440\u0430\u0432 \u043e\u0442\u0435\u043b\u044c \u0441 \u043f\u0430\u0440\u043a\u043e\u0432\u043a\u043e\u0439, \u0432\u044b \u0442\u0430\u043a\u0436\u0435 \u0438\u0437\u0431\u0435\u0436\u0438\u0442\u0435 \u043f\u0440\u043e\u0431\u043e\u043a! \u0414\u043e\u0441\u0442\u0430\u0442\u043e\u0447\u043d\u043e, \u0447\u0442\u043e\u0431\u044b \u0441\u044d\u043a\u043e\u043d\u043e\u043c\u0438\u0442\u044c \u0432\u0440\u0435\u043c\u044f, \u0447\u0442\u043e\u0431\u044b \u0441 \u043b\u0435\u0433\u043a\u043e\u0441\u0442\u044c\u044e \u043e\u0442\u043a\u0440\u044b\u0442\u044c \u0434\u043b\u044f \u0441\u0435\u0431\u044f \u043e\u043a\u0440\u0435\u0441\u0442\u043d\u043e\u0441\u0442\u0438 Bassin \u0410\u0440\u043a\u0430\u0448\u043e\u043d\u0430 \u0438 \u0435\u0433\u043e \u0432\u0435\u043b\u0438\u043a\u043e\u043b\u0435\u043f\u043d\u044b\u0435 \u043f\u0435\u0439\u0437\u0430\u0436\u0438. \u041d\u0430\u0439\u0434\u0438\u0442\u0435 \u0441\u0432\u043e\u0439 \u043e\u0442\u0435\u043b\u044c \u0441 \u043f\u0430\u0440\u043a\u043e\u0432\u043a\u043e\u0439 \u0432 \u0410\u0440\u0435\u0441\u0435 \u0438 \u0441\u0434\u0435\u043b\u0430\u0439\u0442\u0435 \u0441\u0432\u043e\u044e \u0436\u0438\u0437\u043d\u044c \u043f\u0440\u043e\u0449\u0435!<\/p>\n\n\n\n<div class=\"wp-block-buttons is-layout-flex wp-block-buttons-is-layout-flex\">\n<div class=\"wp-block-button\"><a class=\"wp-block-button__link wp-element-button\" href=\"https:\/\/bassin-arcachon.com\/ru\/%d1%80%d0%b0%d0%b7%d0%bc%d0%b5%d1%89%d0%b5%d0%bd%d0%b8%d0%b5-2\/%d0%be%d1%82%d0%b5%d0%bb%d0%b8-%d0%b8-%d0%bf%d0%b0%d1%80%d0%ba%d0%be%d0%b2%d0%ba%d0%b0-2\/\">\u041e\u0442\u0435\u043b\u0438 \u0441 \u043f\u0430\u0440\u043a\u043e\u0432\u043a\u043e\u0439<\/a><\/div>\n<\/div>\n<\/div>\n<\/div><\/div>\n\n\n\n<div style=\"height:60px\" aria-hidden=\"true\" class=\"wp-block-spacer\"><\/div>\n\n\n\n<div class=\"wp-block-uagb-container uagb-block-9523392f alignfull uagb-is-root-container\"><div class=\"uagb-container-inner-blocks-wrap\">\n<div class=\"wp-block-uagb-container uagb-block-6ee4a939\">\n<h2 class=\"wp-block-heading\">\u041d\u0430\u0448\u0438 \u043e\u0442\u0435\u043b\u0438 \u0432 \u0410\u0440\u0435\u0441\u0435 \u0441 \u0441\u0435\u043c\u0435\u0439\u043d\u044b\u043c\u0438 \u043d\u043e\u043c\u0435\u0440\u0430\u043c\u0438<\/h2>\n\n\n\n<p>\u0412\u044b \u043e\u0441\u0442\u0430\u043d\u043e\u0432\u0438\u043b\u0438\u0441\u044c \u0432 \u0410\u0440\u0435\u0441\u0435 \u0441 \u0434\u0435\u0442\u044c\u043c\u0438? \u0412\u044b\u0431\u0438\u0440\u0430\u0439\u0442\u0435 \u043e\u0442\u0435\u043b\u044c \u0441 \u0441\u0435\u043c\u0435\u0439\u043d\u044b\u043c \u043d\u043e\u043c\u0435\u0440\u043e\u043c! \u041f\u0440\u043e\u0441\u0442\u043e\u0440\u043d\u044b\u0435 \u0438 \u0443\u0434\u043e\u0431\u043d\u044b\u0435, \u043e\u043d\u0438 \u043f\u0440\u0435\u0434\u043b\u0430\u0433\u0430\u044e\u0442 \u043c\u0435\u0441\u0442\u043e \u0434\u043b\u044f \u043a\u0430\u0436\u0434\u043e\u0433\u043e \u0438 \u043f\u0440\u043e\u0441\u0442\u0440\u0430\u043d\u0441\u0442\u0432\u043e \u0434\u043b\u044f \u043a\u0430\u0436\u0434\u043e\u0433\u043e! \u0418 \u043c\u043e\u043b\u043e\u0434\u044b\u0435, \u0438 \u043f\u043e\u0436\u0438\u043b\u044b\u0435 \u0441\u043c\u043e\u0433\u0443\u0442 \u0447\u0443\u0432\u0441\u0442\u0432\u043e\u0432\u0430\u0442\u044c \u0441\u0435\u0431\u044f \u043a\u0430\u043a \u0434\u043e\u043c\u0430. \u0412\u0430\u043c \u043d\u0443\u0436\u043d\u043e \u0431\u043e\u043b\u044c\u0448\u0435 \u043a\u043e\u043d\u0444\u0438\u0434\u0435\u043d\u0446\u0438\u0430\u043b\u044c\u043d\u043e\u0441\u0442\u0438? \u0412\u044b\u0431\u0438\u0440\u0430\u0439\u0442\u0435 \u0441\u043c\u0435\u0436\u043d\u044b\u0435 \u043d\u043e\u043c\u0435\u0440\u0430. \u0418\u0434\u0435\u0430\u043b\u044c\u043d\u043e \u043f\u043e\u0434\u0445\u043e\u0434\u0438\u0442 \u0434\u043b\u044f \u0441\u043e\u0432\u043c\u0435\u0441\u0442\u043d\u043e\u0439 \u0436\u0438\u0437\u043d\u0438 \u0432 \u0433\u0430\u0440\u043c\u043e\u043d\u0438\u0438. \u041d\u0430\u0448\u0438 \u043e\u0442\u0435\u043b\u0438 \u0441 \u0441\u0435\u043c\u0435\u0439\u043d\u044b\u043c\u0438 \u043d\u043e\u043c\u0435\u0440\u0430\u043c\u0438 \u0432 \u0410\u0440\u0435\u0441\u0435 \u0433\u0430\u0440\u0430\u043d\u0442\u0438\u0440\u0443\u044e\u0442 \u0432\u0430\u043c \u043d\u0435\u0437\u0430\u0431\u044b\u0432\u0430\u0435\u043c\u044b\u0439 \u0441\u0435\u043c\u0435\u0439\u043d\u044b\u0439 \u043e\u0442\u0434\u044b\u0445 \u0432\u0441\u0435\u0433\u043e \u0432 \u0434\u0432\u0443\u0445 \u0448\u0430\u0433\u0430\u0445 \u043e\u0442 \u043f\u043b\u044f\u0436\u0430!<\/p>\n\n\n\n<div class=\"wp-block-buttons is-layout-flex wp-block-buttons-is-layout-flex\">\n<div class=\"wp-block-button\"><a class=\"wp-block-button__link wp-element-button\" href=\"https:\/\/bassin-arcachon.com\/ru\/%d1%80%d0%b0%d0%b7%d0%bc%d0%b5%d1%89%d0%b5%d0%bd%d0%b8%d0%b5-2\/%d0%be%d1%82%d0%b5%d0%bb%d0%b8-%d0%b8-%d1%81%d0%b5%d0%bc%d1%8c%d1%8f\/\">\u041e\u0442\u0435\u043b\u0438 \u0441 \u0441\u0435\u043c\u0435\u0439\u043d\u044b\u043c\u0438 \u043d\u043e\u043c\u0435\u0440\u0430\u043c\u0438<\/a><\/div>\n<\/div>\n<\/div>\n\n\n\n<div class=\"wp-block-uagb-container uagb-block-68257ebb\">\n<div class=\"wp-block-uagb-image uagb-block-85fcf081 wp-block-uagb-image--layout-default wp-block-uagb-image--effect-static wp-block-uagb-image--align-none\"><figure class=\"wp-block-uagb-image__figure\"><img decoding=\"async\" srcset=\"https:\/\/bassin-arcachon.com\/wp-content\/uploads\/2017\/08\/2-e1548082207616.jpg \" sizes=\"auto, (max-width: 480px) 150px\" src=\"https:\/\/bassin-arcachon.com\/wp-content\/uploads\/2017\/08\/2-e1548082207616.jpg\" alt=\"\u0421\u0435\u043c\u0435\u0439\u043d\u044b\u0439 \u043e\u0442\u0434\u044b\u0445 \u0432 \u0410\u0440\u0435\u0441\u0435\" class=\"uag-image-7703\" width=\"1000\" height=\"747\" title=\"- - Bassin d&#039;Arcachon\" loading=\"lazy\" role=\"img\"><\/figure><\/div>\n<\/div>\n<\/div><\/div>\n\n\n\n<div style=\"height:60px\" aria-hidden=\"true\" class=\"wp-block-spacer\"><\/div>\n\n\n\n<div class=\"wp-block-uagb-container uagb-block-152c6ce9 alignfull uagb-is-root-container\">\n<div class=\"wp-block-cover is-light has-parallax\"><span aria-hidden=\"true\" class=\"wp-block-cover__background has-background-dim-0 has-background-dim\"><\/span><div class=\"wp-block-cover__image-background wp-image-1345 has-parallax\" style=\"background-position:50% 50%;background-image:url(https:\/\/bassin-arcachon.com\/wp-content\/uploads\/2017\/03\/Camping-Panorama-du-Pyla-cottage-vue-mer-coin-farniente.jpg)\"><\/div><div class=\"wp-block-cover__inner-container is-layout-flow wp-block-cover-is-layout-flow\">\n<div class=\"wp-block-uagb-container uagb-block-e744b7ca\">\n<h2 class=\"wp-block-heading has-text-align-center has-white-color has-text-color has-large-font-size\">\u041f\u0440\u043e\u0432\u0435\u0434\u0438\u0442\u0435 \u0441\u0432\u043e\u0439 \u043e\u0442\u043f\u0443\u0441\u043a \u0441 \u043b\u0435\u0433\u043a\u043e\u0441\u0442\u044c\u044e \u0432 \u043e\u0434\u043d\u043e\u043c \u0438\u0437 \u043e\u0442\u0435\u043b\u0435\u0439 Bassin \u0432 \u0410\u0440\u043a\u0430\u0448\u043e\u043d\u0435.<\/h2>\n\n\n\n<p class=\"has-text-align-center has-white-color has-text-color\"><a href=\"https:\/\/bassin-arcachon.com\/ru\/%d1%80%d0%b0%d0%b7%d0%bc%d0%b5%d1%89%d0%b5%d0%bd%d0%b8%d0%b5-2\/%d0%be%d1%82%d0%b5%d0%bb%d0%b8\/\">\u041d\u0410\u0427\u041d\u0418\u0422\u0415 \u041f\u041e\u0418\u0421\u041a<\/a><\/p>\n<\/div>\n<\/div><\/div>\n<\/div>\n\n\n\n<div style=\"height:60px\" aria-hidden=\"true\" class=\"wp-block-spacer\"><\/div>\n\n\n\n<div class=\"wp-block-uagb-container uagb-block-67970557 alignfull uagb-is-root-container\"><div class=\"uagb-container-inner-blocks-wrap\">\n<div class=\"wp-block-uagb-container uagb-block-dd7dcc04\">\n<h3 class=\"wp-block-heading\">\u0425\u043e\u0442\u0438\u0442\u0435 \u0437\u0430\u0431\u0440\u043e\u043d\u0438\u0440\u043e\u0432\u0430\u0442\u044c \u043e\u0442\u0435\u043b\u044c \u0432 \u0440\u0430\u0439\u043e\u043d\u0435 \u0410\u0440\u0435\u0441\u0430?<\/h3>\n\n\n\n<p>\u041e\u0442\u043a\u0440\u043e\u0439\u0442\u0435 \u0434\u043b\u044f \u0441\u0435\u0431\u044f \u0432\u0441\u0435 \u043d\u0430\u0448\u0438 \u043e\u0442\u0435\u043b\u0438 \u0432 Bassin \u0410\u0440\u043a\u0430\u0448\u043e\u043d:&nbsp;<a href=\"https:\/\/bassin-arcachon.com\/ru\/%d1%80%d0%b0%d0%b7%d0%bc%d0%b5%d1%89%d0%b5%d0%bd%d0%b8%d0%b5-2\/%d0%be%d1%82%d0%b5%d0%bb%d0%b8+%d0%bb%d0%b5-%d1%82%d0%b0%d0%b9%d1%85\/\">Le Teich<\/a>,&nbsp;<a href=\"https:\/\/bassin-arcachon.com\/ru\/%d1%80%d0%b0%d0%b7%d0%bc%d0%b5%d1%89%d0%b5%d0%bd%d0%b8%d0%b5-2\/%d0%be%d1%82%d0%b5%d0%bb%d0%b8+%d0%b0%d1%80%d0%ba%d0%b0%d1%88%d0%be%d0%bd\/\">\u0410\u0440\u043a\u0430\u0448\u043e\u043d<\/a>,&nbsp;<a href=\"https:\/\/bassin-arcachon.com\/ru\/%d1%80%d0%b0%d0%b7%d0%bc%d0%b5%d1%89%d0%b5%d0%bd%d0%b8%d0%b5-2\/%d0%be%d1%82%d0%b5%d0%bb%d0%b8+%d1%82%d0%b5%d1%81%d1%82-%d0%be%d1%84-%d0%b1%d1%83%d1%85\/\">La Teste de Buch<\/a>,&nbsp;<a href=\"https:\/\/bassin-arcachon.com\/ru\/%d1%80%d0%b0%d0%b7%d0%bc%d0%b5%d1%89%d0%b5%d0%bd%d0%b8%d0%b5-2\/%d0%be%d1%82%d0%b5%d0%bb%d0%b8+%d0%b0%d0%bd%d0%b4%d0%b5%d1%80%d0%bd%d0%be%d1%81\/\">\u0410\u043d\u0434\u0435\u0440\u043d\u043e\u0441<\/a>,&nbsp;<a href=\"https:\/\/bassin-arcachon.com\/ru\/%d1%80%d0%b0%d0%b7%d0%bc%d0%b5%d1%89%d0%b5%d0%bd%d0%b8%d0%b5-2\/%d0%be%d1%82%d0%b5%d0%bb%d0%b8+%d0%b3%d1%83%d0%b4%d0%b6%d0%b0%d0%bd-%d0%bc%d0%b5%d1%81%d1%82%d1%80%d1%8b\/\">\u0413\u0443\u0436\u0430\u043d-\u041c\u0435\u0441\u0442\u0440\u0430\u0441,<\/a>&nbsp;<a href=\"https:\/\/bassin-arcachon.com\/ru\/%d1%80%d0%b0%d0%b7%d0%bc%d0%b5%d1%89%d0%b5%d0%bd%d0%b8%d0%b5-2\/%d0%be%d1%82%d0%b5%d0%bb%d0%b8+%d1%81%d0%b5%d1%80%d0%b4%d1%86%d0%b5-%d0%b1%d0%b0%d1%81%d1%81%d0%b5%d0%b9%d0%bd%d0%b0-2\/\">\u0411\u0438\u0433\u0430\u043d\u043e\u0441,<\/a>&nbsp;<a href=\"https:\/\/bassin-arcachon.com\/ru\/%d1%80%d0%b0%d0%b7%d0%bc%d0%b5%d1%89%d0%b5%d0%bd%d0%b8%d0%b5-2\/%d0%be%d1%82%d0%b5%d0%bb%d0%b8+%d1%81%d0%b5%d1%80%d0%b4%d1%86%d0%b5-%d0%b1%d0%b0%d1%81%d1%81%d0%b5%d0%b9%d0%bd%d0%b0-2\/\">\u041e\u0434\u0435\u043d\u0436<\/a>,<a href=\"https:\/\/bassin-arcachon.com\/ru\/%d1%80%d0%b0%d0%b7%d0%bc%d0%b5%d1%89%d0%b5%d0%bd%d0%b8%d0%b5-2\/%d0%be%d1%82%d0%b5%d0%bb%d0%b8+%d1%81%d0%b5%d1%80%d0%b4%d1%86%d0%b5-%d0%b1%d0%b0%d1%81%d1%81%d0%b5%d0%b9%d0%bd%d0%b0-2\/\">&nbsp;\u041b\u0430\u043d\u0442\u043e\u043d&nbsp;<\/a>\u0430 \u0442\u0430\u043a\u0436\u0435&nbsp;<a href=\"https:\/\/bassin-arcachon.com\/ru\/%d1%80%d0%b0%d0%b7%d0%bc%d0%b5%d1%89%d0%b5%d0%bd%d0%b8%d0%b5-2\/%d0%be%d1%82%d0%b5%d0%bb%d0%b8+lege-cap-ferret\/\">\u041a\u0430\u043f-\u0424\u0435\u0440\u0440\u0435<\/a>&nbsp;!<\/p>\n<\/div>\n\n\n\n<div class=\"wp-block-uagb-container uagb-block-dd7a49a4\">\n<div class=\"wp-block-uagb-image uagb-block-349829c0 wp-block-uagb-image--layout-default wp-block-uagb-image--effect-static wp-block-uagb-image--align-none\"><figure class=\"wp-block-uagb-image__figure\"><img decoding=\"async\" srcset=\"https:\/\/bassin-arcachon.com\/wp-content\/uploads\/2018\/09\/nourri-a-lhu\u00eetre-\u00e9lev\u00e9-sous-les-pins-Bassin-dArcachon.jpg 1000w, https:\/\/bassin-arcachon.com\/wp-content\/uploads\/2018\/09\/nourri-a-lhu\u00eetre-\u00e9lev\u00e9-sous-les-pins-Bassin-dArcachon-600x400.jpg 600w, https:\/\/bassin-arcachon.com\/wp-content\/uploads\/2018\/09\/nourri-a-lhu\u00eetre-\u00e9lev\u00e9-sous-les-pins-Bassin-dArcachon-768x511.jpg 768w, https:\/\/bassin-arcachon.com\/wp-content\/uploads\/2018\/09\/nourri-a-lhu\u00eetre-\u00e9lev\u00e9-sous-les-pins-Bassin-dArcachon-18x12.jpg 18w\" sizes=\"auto, (max-width: 480px) 150px\" src=\"https:\/\/bassin-arcachon.com\/wp-content\/uploads\/2018\/09\/nourri-a-lhu\u00eetre-\u00e9lev\u00e9-sous-les-pins-Bassin-dArcachon.jpg\" alt=\"- - Bassin d&#039;Arcachon\" class=\"uag-image-26169\" width=\"1000\" height=\"666\" title=\"- - Bassin d&#039;Arcachon\" loading=\"lazy\" role=\"img\"><\/figure><\/div>\n<\/div>\n<\/div><\/div>\n\n\n\n<div style=\"height:60px\" aria-hidden=\"true\" class=\"wp-block-spacer\"><\/div>","protected":false},"excerpt":{"rendered":"<p>\u00c0 Ar\u00e8s, vous avez le choix entre des h\u00f4tels avec piscine, parking ou chambres familiales. Trouvez l&rsquo;\u00e9tablissement parfait pour votre s\u00e9jour. Nos h\u00f4tels \u00e0 Ar\u00e8s avec piscine En famille ou [&hellip;]<\/p>\n","protected":false},"author":25,"featured_media":2217,"parent":43,"menu_order":1,"comment_status":"closed","ping_status":"closed","template":"","meta":{"_acf_changed":false,"_uag_custom_page_level_css":"","footnotes":""},"class_list":["post-45555","page","type-page","status-publish","has-post-thumbnail","hentry"],"acf":[],"uagb_featured_image_src":{"full":["https:\/\/bassin-arcachon.com\/wp-content\/uploads\/2017\/03\/camping-bassin-arcachon.jpg",1200,800,false],"thumbnail":["https:\/\/bassin-arcachon.com\/wp-content\/uploads\/2017\/03\/camping-bassin-arcachon-150x150.jpg",150,150,true],"medium":["https:\/\/bassin-arcachon.com\/wp-content\/uploads\/2017\/03\/camping-bassin-arcachon-600x400.jpg",600,400,true],"medium_large":["https:\/\/bassin-arcachon.com\/wp-content\/uploads\/2017\/03\/camping-bassin-arcachon-768x512.jpg",768,512,true],"large":["https:\/\/bassin-arcachon.com\/wp-content\/uploads\/2017\/03\/camping-bassin-arcachon-1024x683.jpg",1024,683,true],"1536x1536":["https:\/\/bassin-arcachon.com\/wp-content\/uploads\/2017\/03\/camping-bassin-arcachon.jpg",1200,800,false],"2048x2048":["https:\/\/bassin-arcachon.com\/wp-content\/uploads\/2017\/03\/camping-bassin-arcachon.jpg",1200,800,false],"trp-custom-language-flag":["https:\/\/bassin-arcachon.com\/wp-content\/uploads\/2017\/03\/camping-bassin-arcachon-18x12.jpg",18,12,true]},"uagb_author_info":{"display_name":"Marie Clauzel","author_link":"https:\/\/bassin-arcachon.com\/ru\/author\/mariesiba\/"},"uagb_comment_info":0,"uagb_excerpt":"\u00c0 Ar\u00e8s, vous avez le choix entre des h\u00f4tels avec piscine, parking ou chambres familiales. Trouvez l&rsquo;\u00e9tablissement parfait pour votre s\u00e9jour. Nos h\u00f4tels \u00e0 Ar\u00e8s avec piscine En famille ou [&hellip;]","_links":{"self":[{"href":"https:\/\/bassin-arcachon.com\/ru\/wp-json\/wp\/v2\/pages\/45555","targetHints":{"allow":["GET"]}}],"collection":[{"href":"https:\/\/bassin-arcachon.com\/ru\/wp-json\/wp\/v2\/pages"}],"about":[{"href":"https:\/\/bassin-arcachon.com\/ru\/wp-json\/wp\/v2\/types\/page"}],"author":[{"embeddable":true,"href":"https:\/\/bassin-arcachon.com\/ru\/wp-json\/wp\/v2\/users\/25"}],"replies":[{"embeddable":true,"href":"https:\/\/bassin-arcachon.com\/ru\/wp-json\/wp\/v2\/comments?post=45555"}],"version-history":[{"count":2,"href":"https:\/\/bassin-arcachon.com\/ru\/wp-json\/wp\/v2\/pages\/45555\/revisions"}],"predecessor-version":[{"id":68236,"href":"https:\/\/bassin-arcachon.com\/ru\/wp-json\/wp\/v2\/pages\/45555\/revisions\/68236"}],"up":[{"embeddable":true,"href":"https:\/\/bassin-arcachon.com\/ru\/wp-json\/wp\/v2\/pages\/43"}],"wp:featuredmedia":[{"embeddable":true,"href":"https:\/\/bassin-arcachon.com\/ru\/wp-json\/wp\/v2\/media\/2217"}],"wp:attachment":[{"href":"https:\/\/bassin-arcachon.com\/ru\/wp-json\/wp\/v2\/media?parent=45555"}],"curies":[{"name":"WP","href":"https:\/\/api.w.org\/{rel}","templated":true}]}}