{"id":45564,"date":"2020-07-10T14:55:02","date_gmt":"2020-07-10T12:55:02","guid":{"rendered":"https:\/\/bassin-arcachon.com\/\/?page_id=45564"},"modified":"2024-11-06T10:46:19","modified_gmt":"2024-11-06T09:46:19","slug":"%d0%bd%d0%b0%d1%88%d0%b8-%d0%be%d1%82%d0%b5%d0%bb%d0%b8-%d0%b2-%d0%bb%d0%b0-%d1%82%d0%b5%d1%81%d1%82-%d0%b4%d0%b5-%d0%b1%d1%8e%d1%88","status":"publish","type":"page","link":"https:\/\/bassin-arcachon.com\/ru\/ou-dormir\/nos-hotels-a-la-teste-de-buch\/","title":{"rendered":"\u041d\u0430\u0448\u0438 \u043e\u0442\u0435\u043b\u0438 \u0432 \u0433\u043e\u0440\u043e\u0434\u0435 \u0422\u0435\u0441\u0442-\u0434\u0435-\u0411\u044e\u0448"},"content":{"rendered":"<div class=\"wp-block-uagb-container uagb-block-558ad891 alignfull uagb-is-root-container\"><div class=\"uagb-container-inner-blocks-wrap\">\n<h2 class=\"wp-block-heading has-text-align-center\" style=\"font-size:25px\"><strong>\u041e\u0441\u0442\u0430\u043d\u043e\u0432\u0438\u0442\u0435\u0441\u044c \u0432 \u043e\u0434\u043d\u043e\u043c \u0438\u0437 \u043d\u0430\u0448\u0438\u0445 \u043e\u0442\u0435\u043b\u0435\u0439 \u0432 \u041b\u0430-\u0422\u0435\u0441\u0442-\u0434\u0435-\u0411\u044e\u0448 \u0441 \u0432\u0438\u0434\u043e\u043c \u043d\u0430 Bassin \u0432 \u0410\u0440\u043a\u0430\u0448\u043e\u043d\u0435, \u0432 \u0440\u0435\u0441\u0442\u043e\u0440\u0430\u043d\u0435 \u0438\u043b\u0438 \u043f\u043e\u0434\u043a\u043b\u044e\u0447\u0438\u0442\u0435\u0441\u044c \u043a Wi-Fi, \u0447\u0442\u043e\u0431\u044b \u043f\u043e\u043b\u0443\u0447\u0438\u0442\u044c \u043d\u0435\u0437\u0430\u0431\u044b\u0432\u0430\u0435\u043c\u044b\u0435 \u0432\u043f\u0435\u0447\u0430\u0442\u043b\u0435\u043d\u0438\u044f \u0440\u044f\u0434\u043e\u043c \u0441 Bassin \u0432 \u0410\u0440\u043a\u0430\u0448\u043e\u043d\u0435!<\/strong><\/h2>\n<\/div><\/div>\n\n\n\n<div style=\"height:40px\" aria-hidden=\"true\" class=\"wp-block-spacer\"><\/div>\n\n\n\n<div class=\"wp-block-uagb-container uagb-block-74a47fc8 alignfull uagb-is-root-container\"><div class=\"uagb-container-inner-blocks-wrap\">\n<div class=\"wp-block-uagb-container uagb-block-b325b7a7\">\n<h2 class=\"wp-block-heading\">\u041d\u0430\u0448\u0438 \u043e\u0442\u0435\u043b\u0438 \u0432 La Teste de Buch \u0441 \u0432\u0438\u0434\u043e\u043c \u043d\u0430 Bassin<\/h2>\n\n\n\n<p>\u0427\u0442\u043e, \u0435\u0441\u043b\u0438 \u043f\u0435\u043d\u0438\u0435 \u043f\u0442\u0438\u0446 \u0441\u0442\u0430\u043d\u0435\u0442 \u0432\u0430\u0448\u0438\u043c \u043d\u043e\u0432\u044b\u043c \u0431\u0443\u0434\u0438\u043b\u044c\u043d\u0438\u043a\u043e\u043c? \u0412\u044b\u0431\u0435\u0440\u0438\u0442\u0435 \u043e\u0442\u0435\u043b\u044c \u0432 \u041b\u0430-\u0422\u0435\u0441\u0442-\u0434\u0435-\u0411\u044e\u0448 \u0441 \u0432\u0438\u0434\u043e\u043c \u043d\u0430 \u0431\u0430\u0441\u0441\u0435\u0439\u043d \u0438 \u043a\u0430\u0436\u0434\u043e\u0435 \u0443\u0442\u0440\u043e \u043d\u0430\u0441\u043b\u0430\u0436\u0434\u0430\u0439\u0442\u0435\u0441\u044c \u043d\u0430\u0441\u0442\u043e\u044f\u0449\u0438\u043c \u043f\u0440\u0438\u0440\u043e\u0434\u043d\u044b\u043c \u0441\u043e\u043a\u0440\u043e\u0432\u0438\u0449\u0435\u043c! \u0421\u043e\u0437\u0435\u0440\u0446\u0430\u0439\u0442\u0435 Banc d&#039;Arguin, \u0443\u0441\u0442\u0440\u0438\u0447\u043d\u044b\u0435 \u0433\u0440\u044f\u0434\u043a\u0438 \u0432\u0434\u0430\u043b\u0435\u043a\u0435 \u0438 \u043a\u0430\u0436\u0434\u043e\u0435 \u0443\u0442\u0440\u043e \u0443\u0434\u0438\u0432\u043b\u044f\u0439\u0442\u0435\u0441\u044c \u043a\u0440\u0430\u0441\u043e\u0442\u0435 \u043f\u0435\u0439\u0437\u0430\u0436\u0430, \u043a\u043e\u0442\u043e\u0440\u044b\u0439 \u0432\u0441\u0435 \u0435\u0449\u0435 \u043e\u0442\u043b\u0438\u0447\u0430\u0435\u0442\u0441\u044f \u043e\u0442 \u0432\u0447\u0435\u0440\u0430\u0448\u043d\u0435\u0433\u043e. \u041f\u043e\u043e\u0431\u0435\u0434\u0430\u0439\u0442\u0435 \u043d\u043e\u0433\u0430\u043c\u0438 \u0432 \u043f\u0435\u0441\u043a\u0435, \u0447\u0442\u043e\u0431\u044b \u043d\u0430\u0441\u043b\u0430\u0434\u0438\u0442\u044c\u0441\u044f \u043f\u0435\u0440\u0432\u044b\u043c\u0438 \u043b\u0443\u0447\u0430\u043c\u0438 \u0443\u0442\u0440\u0430. \u041b\u044e\u0431\u0438\u0442\u0435\u043b\u0438 \u0441\u043f\u043e\u043a\u043e\u0439\u0441\u0442\u0432\u0438\u044f \u0438 \u043f\u0440\u0438\u0440\u043e\u0434\u044b, \u0432\u044b \u043d\u0430\u0439\u0434\u0435\u0442\u0435 \u043c\u0430\u043b\u0435\u043d\u044c\u043a\u0438\u0439 \u0440\u0430\u0439\u0441\u043a\u0438\u0439 \u0443\u0433\u043e\u043b\u043e\u043a, \u0441\u0434\u0435\u043b\u0430\u043d\u043d\u044b\u0439 \u043d\u0430 \u0437\u0430\u043a\u0430\u0437. \u041e\u0441\u0442\u0430\u043d\u043e\u0432\u0438\u0442\u0435\u0441\u044c \u0432 \u043e\u0442\u0435\u043b\u0435 \u043c\u0435\u0447\u0442\u044b \u043d\u0430 La Teste de Buch \u0441 \u0432\u0438\u0434\u043e\u043c \u043d\u0430 \u0431\u0430\u0441\u0441\u0435\u0439\u043d!<\/p>\n\n\n\n<div class=\"wp-block-buttons is-layout-flex wp-block-buttons-is-layout-flex\">\n<div class=\"wp-block-button\"><a class=\"wp-block-button__link wp-element-button\" href=\"https:\/\/bassin-arcachon.com\/ru\/%d1%80%d0%b0%d0%b7%d0%bc%d0%b5%d1%89%d0%b5%d0%bd%d0%b8%d0%b5-2\/%d0%be%d1%82%d0%b5%d0%bb%d0%b8-%d0%b8-%d0%b2%d1%8c%d1%8e%d0%bc%d0%b5%d1%80\/\">\u041e\u0442\u0435\u043b\u0438 \u0443 \u0432\u043e\u0434\u044b<\/a><\/div>\n<\/div>\n<\/div>\n\n\n\n<div class=\"wp-block-uagb-container uagb-block-6d45da4f\">\n<div class=\"wp-block-uagb-image uagb-block-71f09992 wp-block-uagb-image--layout-default wp-block-uagb-image--effect-static wp-block-uagb-image--align-none\"><figure class=\"wp-block-uagb-image__figure\"><img decoding=\"async\" srcset=\"https:\/\/bassin-arcachon.com\/wp-content\/uploads\/2017\/03\/regine-et-yves-cazes-la-teste-de-buch.jpg \" sizes=\"auto, (max-width: 480px) 150px\" src=\"https:\/\/bassin-arcachon.com\/wp-content\/uploads\/2017\/03\/regine-et-yves-cazes-la-teste-de-buch.jpg\" alt=\"- - Bassin d&#039;Arcachon\" class=\"uag-image-1360\" width=\"1000\" height=\"666\" title=\"- - Bassin d&#039;Arcachon\" loading=\"lazy\" role=\"img\"><\/figure><\/div>\n<\/div>\n<\/div><\/div>\n\n\n\n<div style=\"height:60px\" aria-hidden=\"true\" class=\"wp-block-spacer\"><\/div>\n\n\n\n<div class=\"wp-block-uagb-container uagb-block-92c10215 alignfull uagb-is-root-container\"><div class=\"uagb-container-inner-blocks-wrap\">\n<div class=\"wp-block-uagb-container uagb-block-1353e8c0\">\n<div class=\"wp-block-uagb-image uagb-block-a77d6d7d wp-block-uagb-image--layout-default wp-block-uagb-image--effect-static wp-block-uagb-image--align-none\"><figure class=\"wp-block-uagb-image__figure\"><img decoding=\"async\" srcset=\"https:\/\/bassin-arcachon.com\/wp-content\/uploads\/2017\/11\/oyster-1758592_960_720.jpg \" sizes=\"auto, (max-width: 480px) 150px\" src=\"https:\/\/bassin-arcachon.com\/wp-content\/uploads\/2017\/11\/oyster-1758592_960_720.jpg\" alt=\"- - Bassin d&#039;Arcachon\" class=\"uag-image-10744\" width=\"960\" height=\"640\" title=\"- - Bassin d&#039;Arcachon\" loading=\"lazy\" role=\"img\"><\/figure><\/div>\n<\/div>\n\n\n\n<div class=\"wp-block-uagb-container uagb-block-981f2d61\">\n<h2 class=\"wp-block-heading\">\u041d\u0430\u0448\u0438 \u043e\u0442\u0435\u043b\u0438 \u0432 \u0433\u043e\u0440\u043e\u0434\u0435 \u041b\u0430-\u0422\u0435\u0441\u0442-\u0434\u0435-\u0411\u044e\u0448 \u0441 \u0440\u0435\u0441\u0442\u043e\u0440\u0430\u043d\u043e\u043c<\/h2>\n\n\n\n<p>\u041c\u043e\u0436\u043d\u043e \u0445\u043e\u0440\u043e\u0448\u043e \u0441\u043f\u0430\u0442\u044c \u0438 \u0445\u043e\u0440\u043e\u0448\u043e \u0435\u0441\u0442\u044c \u0432 \u043e\u0434\u043d\u043e\u043c \u043c\u0435\u0441\u0442\u0435! \u041f\u043e\u043f\u0440\u043e\u0431\u0443\u0439\u0442\u0435 \u0444\u0438\u0440\u043c\u0435\u043d\u043d\u044b\u0435 \u0431\u043b\u044e\u0434\u0430 \u0440\u0435\u0433\u0438\u043e\u043d\u0430 Bassin d&#039;Arcachon \u0432 \u043e\u0434\u043d\u043e\u043c \u0438\u0437 \u043d\u0430\u0448\u0438\u0445 \u043e\u0442\u0435\u043b\u0435\u0439 \u0441 \u0440\u0435\u0441\u0442\u043e\u0440\u0430\u043d\u043e\u043c La Teste de Buch! \u041f\u043e\u043f\u0440\u043e\u0431\u0443\u0439\u0442\u0435 \u043c\u0435\u0441\u0442\u043d\u044b\u0435 \u0434\u0435\u043b\u0438\u043a\u0430\u0442\u0435\u0441\u044b \u0438 \u0438\u0437\u044b\u0441\u043a\u0430\u043d\u043d\u0443\u044e \u043a\u0443\u0445\u043d\u044e \u0448\u0435\u0444-\u043f\u043e\u0432\u0430\u0440\u0430, \u043a\u043e\u0442\u043e\u0440\u044b\u0439 \u043e\u0431\u043d\u043e\u0432\u043b\u044f\u0435\u0442 \u0441\u0432\u043e\u0435 \u043c\u0435\u043d\u044e \u0432 \u0437\u0430\u0432\u0438\u0441\u0438\u043c\u043e\u0441\u0442\u0438 \u043e\u0442 \u043f\u043e\u0441\u0442\u0443\u043f\u043b\u0435\u043d\u0438\u044f \u0434\u043d\u044f. \u041a\u0430\u0447\u0435\u0441\u0442\u0432\u043e \u043e\u0431\u0441\u043b\u0443\u0436\u0438\u0432\u0430\u043d\u0438\u044f, \u0441\u0432\u0435\u0436\u0435\u0441\u0442\u044c \u043f\u0440\u043e\u0434\u0443\u043a\u0442\u043e\u0432 \u0438 \u0430\u0443\u0442\u0435\u043d\u0442\u0438\u0447\u043d\u044b\u0435 \u0432\u043a\u0443\u0441\u044b: \u0432\u0430\u0448\u0438 \u0432\u043a\u0443\u0441\u043e\u0432\u044b\u0435 \u0440\u0435\u0446\u0435\u043f\u0442\u043e\u0440\u044b \u0431\u0443\u0434\u0443\u0442 \u0442\u0440\u0435\u0431\u043e\u0432\u0430\u0442\u044c \u0431\u043e\u043b\u044c\u0448\u0435\u0433\u043e! \u0421\u0434\u0435\u043b\u0430\u0439\u0442\u0435 \u0432\u044b\u0431\u043e\u0440 \u0441\u043e \u0432\u043a\u0443\u0441\u043e\u043c \u0438 \u043e\u0441\u0442\u0430\u043d\u043e\u0432\u0438\u0442\u0435 \u0441\u0432\u043e\u0439 \u0432\u044b\u0431\u043e\u0440 \u043d\u0430 \u0433\u043e\u0441\u0442\u0438\u043d\u0438\u0446\u0435 \u0441 \u0440\u0435\u0441\u0442\u043e\u0440\u0430\u043d\u043e\u043c \u043d\u0430 La Teste de Buch!<\/p>\n\n\n\n<div class=\"wp-block-buttons is-layout-flex wp-block-buttons-is-layout-flex\">\n<div class=\"wp-block-button\"><a class=\"wp-block-button__link wp-element-button\" href=\"https:\/\/bassin-arcachon.com\/ru\/%d1%80%d0%b0%d0%b7%d0%bc%d0%b5%d1%89%d0%b5%d0%bd%d0%b8%d0%b5-2\/%d0%be%d1%82%d0%b5%d0%bb%d0%b8-%d0%b8-%d1%80%d0%b5%d1%81%d1%82%d0%be%d1%80%d0%b0%d0%bd%d1%8b\/\">\u041e\u0442\u0435\u043b\u0438 \u0441 \u0440\u0435\u0441\u0442\u043e\u0440\u0430\u043d\u0430\u043c\u0438<\/a><\/div>\n<\/div>\n<\/div>\n<\/div><\/div>\n\n\n\n<div style=\"height:60px\" aria-hidden=\"true\" class=\"wp-block-spacer\"><\/div>\n\n\n\n<div class=\"wp-block-uagb-container uagb-block-ccb6d5cd alignfull uagb-is-root-container\"><div class=\"uagb-container-inner-blocks-wrap\">\n<div class=\"wp-block-uagb-container uagb-block-05fd5305\">\n<h2 class=\"wp-block-heading\">\u041d\u0430\u0448\u0438 \u043e\u0442\u0435\u043b\u0438 \u0432 \u0433\u043e\u0440\u043e\u0434\u0435 \u041b\u0430-\u0422\u0435\u0441\u0442-\u0434\u0435-\u0411\u044e\u0448 \u0441 Wi-Fi<\/h2>\n\n\n\n<p>\u041a\u0430\u043a \u043d\u0430\u0441\u0447\u0435\u0442 \u0442\u043e\u0433\u043e, \u0447\u0442\u043e\u0431\u044b \u043e\u0440\u0433\u0430\u043d\u0438\u0437\u043e\u0432\u0430\u0442\u044c \u043c\u043e\u0440\u0441\u043a\u0443\u044e \u043f\u0440\u043e\u0433\u0443\u043b\u043a\u0443 \u0441 \u0434\u0440\u0443\u0437\u044c\u044f\u043c\u0438 \u0432 La Teste de Buch? \u0411\u043b\u0430\u0433\u043e\u0434\u0430\u0440\u044f Wi-Fi \u0432 \u043e\u0442\u0435\u043b\u0435 \u043e\u0441\u0442\u0430\u0432\u0430\u0439\u0442\u0435\u0441\u044c \u043d\u0430 \u0441\u0432\u044f\u0437\u0438 \u0432\u043e \u0432\u0440\u0435\u043c\u044f \u043e\u0442\u043f\u0443\u0441\u043a\u0430! \u041f\u043e\u0434\u0434\u0435\u0440\u0436\u0438\u0432\u0430\u0439\u0442\u0435 \u0441\u0432\u044f\u0437\u044c \u0441\u043e \u0441\u0432\u043e\u0438\u043c \u0441\u043e\u043e\u0431\u0449\u0435\u0441\u0442\u0432\u043e\u043c, \u0447\u0442\u043e\u0431\u044b \u043d\u0435 \u043f\u0440\u043e\u043f\u0443\u0441\u0442\u0438\u0442\u044c \u043f\u043e\u0441\u043b\u0435\u0434\u043d\u0438\u0435 \u0442\u0435\u043d\u0434\u0435\u043d\u0446\u0438\u0438. \u041f\u0443\u0431\u043b\u0438\u043a\u0443\u0439\u0442\u0435 \u0441\u0432\u043e\u0438 \u043b\u0443\u0447\u0448\u0438\u0435 \u0444\u043e\u0442\u043e\u0433\u0440\u0430\u0444\u0438\u0438 \u0438 \u0434\u0435\u043b\u0438\u0442\u0435\u0441\u044c \u043b\u0443\u0447\u0448\u0438\u043c\u0438 \u043c\u043e\u043c\u0435\u043d\u0442\u0430\u043c\u0438 \u0441 \u0442\u0435\u043c\u0438, \u043a\u043e\u0433\u043e \u043b\u044e\u0431\u0438\u0442\u0435. \u041f\u0440\u0435\u0431\u044b\u0432\u0430\u043d\u0438\u0435, \u043f\u043e\u043b\u043d\u043e\u0435 \u043c\u0435\u0440\u043e\u043f\u0440\u0438\u044f\u0442\u0438\u0439? \u0421\u043f\u043b\u0430\u043d\u0438\u0440\u0443\u0439\u0442\u0435 \u0441\u0432\u043e\u0439 \u043e\u0442\u0434\u044b\u0445 \u0441 \u043a\u043e\u043c\u0444\u043e\u0440\u0442\u043e\u043c, \u0432\u044b\u0431\u0440\u0430\u0432 \u043e\u0442\u0435\u043b\u044c \u0441 Wi-Fi \u0432 La Teste de Buch!<\/p>\n\n\n\n<div class=\"wp-block-buttons is-layout-flex wp-block-buttons-is-layout-flex\">\n<div class=\"wp-block-button\"><a class=\"wp-block-button__link wp-element-button\" href=\"https:\/\/bassin-arcachon.com\/ru\/%d1%80%d0%b0%d0%b7%d0%bc%d0%b5%d1%89%d0%b5%d0%bd%d0%b8%d0%b5-2\/%d0%be%d1%82%d0%b5%d0%bb%d0%b8%26amp%3bwifi\/\">\u041e\u0442\u0435\u043b\u0438 \u0441 Wi-Fi<\/a><\/div>\n<\/div>\n<\/div>\n\n\n\n<div class=\"wp-block-uagb-container uagb-block-596a3cd8\">\n<div class=\"wp-block-uagb-image uagb-block-afbba182 wp-block-uagb-image--layout-default wp-block-uagb-image--effect-static wp-block-uagb-image--align-none\"><figure class=\"wp-block-uagb-image__figure\"><img decoding=\"async\" srcset=\"https:\/\/bassin-arcachon.com\/wp-content\/uploads\/2017\/04\/Modif-Marion-6-e1674026597644.jpg \" sizes=\"auto, (max-width: 480px) 150px\" src=\"https:\/\/bassin-arcachon.com\/wp-content\/uploads\/2017\/04\/Modif-Marion-6-e1674026597644.jpg\" alt=\"WIFI \u041b\u0430\u043d\u0442\u043e\u043d\" class=\"uag-image-7364\" width=\"542\" height=\"368\" title=\"- - Bassin d&#039;Arcachon\" loading=\"lazy\" role=\"img\"><\/figure><\/div>\n<\/div>\n<\/div><\/div>\n\n\n\n<div style=\"height:60px\" aria-hidden=\"true\" class=\"wp-block-spacer\"><\/div>\n\n\n\n<div class=\"wp-block-uagb-container uagb-block-0817f2fc alignfull uagb-is-root-container\">\n<div class=\"wp-block-cover is-light has-parallax\"><span aria-hidden=\"true\" class=\"wp-block-cover__background has-background-dim-0 has-background-dim\"><\/span><div class=\"wp-block-cover__image-background wp-image-1345 has-parallax\" style=\"background-position:50% 50%;background-image:url(https:\/\/bassin-arcachon.com\/wp-content\/uploads\/2017\/03\/Camping-Panorama-du-Pyla-cottage-vue-mer-coin-farniente.jpg)\"><\/div><div class=\"wp-block-cover__inner-container is-layout-flow wp-block-cover-is-layout-flow\">\n<div class=\"wp-block-uagb-container uagb-block-a6864bad\">\n<h2 class=\"wp-block-heading has-text-align-center has-white-color has-text-color has-large-font-size\">\u041f\u0440\u043e\u0432\u0435\u0434\u0438\u0442\u0435 \u0441\u0432\u043e\u0439 \u043e\u0442\u043f\u0443\u0441\u043a \u0441 \u043b\u0435\u0433\u043a\u043e\u0441\u0442\u044c\u044e \u0432 \u043e\u0434\u043d\u043e\u043c \u0438\u0437 \u043e\u0442\u0435\u043b\u0435\u0439 Bassin \u0432 \u0410\u0440\u043a\u0430\u0448\u043e\u043d\u0435.<\/h2>\n\n\n\n<p class=\"has-text-align-center has-white-color has-text-color\"><a href=\"https:\/\/bassin-arcachon.com\/ru\/%d1%80%d0%b0%d0%b7%d0%bc%d0%b5%d1%89%d0%b5%d0%bd%d0%b8%d0%b5-2\/%d0%be%d1%82%d0%b5%d0%bb%d0%b8\/\">\u041d\u0410\u0427\u041d\u0418\u0422\u0415 \u041f\u041e\u0418\u0421\u041a<\/a><\/p>\n<\/div>\n<\/div><\/div>\n<\/div>\n\n\n\n<div style=\"height:60px\" aria-hidden=\"true\" class=\"wp-block-spacer\"><\/div>\n\n\n\n<div class=\"wp-block-uagb-container uagb-block-67970557 alignfull uagb-is-root-container\"><div class=\"uagb-container-inner-blocks-wrap\">\n<div class=\"wp-block-uagb-container uagb-block-dd7dcc04\">\n<h3 class=\"wp-block-heading\">\u0425\u043e\u0442\u0438\u0442\u0435 \u0437\u0430\u0431\u0440\u043e\u043d\u0438\u0440\u043e\u0432\u0430\u0442\u044c \u043e\u0442\u0435\u043b\u044c \u043e\u043a\u043e\u043b\u043e La Teste de Buch?<\/h3>\n\n\n\n<p>\u041e\u0442\u043a\u0440\u043e\u0439\u0442\u0435 \u0434\u043b\u044f \u0441\u0435\u0431\u044f \u0432\u0441\u0435 \u043d\u0430\u0448\u0438 \u043e\u0442\u0435\u043b\u0438 \u0432 Bassin \u0410\u0440\u043a\u0430\u0448\u043e\u043d:&nbsp;<a href=\"https:\/\/bassin-arcachon.com\/ru\/%d1%80%d0%b0%d0%b7%d0%bc%d0%b5%d1%89%d0%b5%d0%bd%d0%b8%d0%b5-2\/%d0%be%d1%82%d0%b5%d0%bb%d0%b8+%d0%b0%d1%80%d0%b5%d1%81\/\">\u0410\u0440\u0435\u0441<\/a>,&nbsp;<a href=\"https:\/\/bassin-arcachon.com\/ru\/%d1%80%d0%b0%d0%b7%d0%bc%d0%b5%d1%89%d0%b5%d0%bd%d0%b8%d0%b5-2\/%d0%be%d1%82%d0%b5%d0%bb%d0%b8+%d0%b0%d1%80%d0%ba%d0%b0%d1%88%d0%be%d0%bd\/\">\u0410\u0440\u043a\u0430\u0448\u043e\u043d<\/a>,&nbsp;<a href=\"https:\/\/bassin-arcachon.com\/ru\/%d1%80%d0%b0%d0%b7%d0%bc%d0%b5%d1%89%d0%b5%d0%bd%d0%b8%d0%b5-2\/%d0%be%d1%82%d0%b5%d0%bb%d0%b8+%d0%bb%d0%b5-%d1%82%d0%b0%d0%b9%d1%85\/\">Le Teich<\/a>,&nbsp;<a href=\"https:\/\/bassin-arcachon.com\/ru\/%d1%80%d0%b0%d0%b7%d0%bc%d0%b5%d1%89%d0%b5%d0%bd%d0%b8%d0%b5-2\/%d0%be%d1%82%d0%b5%d0%bb%d0%b8+%d0%b0%d0%bd%d0%b4%d0%b5%d1%80%d0%bd%d0%be%d1%81\/\">\u0410\u043d\u0434\u0435\u0440\u043d\u043e\u0441<\/a>,&nbsp;<a href=\"https:\/\/bassin-arcachon.com\/ru\/%d1%80%d0%b0%d0%b7%d0%bc%d0%b5%d1%89%d0%b5%d0%bd%d0%b8%d0%b5-2\/%d0%be%d1%82%d0%b5%d0%bb%d0%b8+%d0%b3%d1%83%d0%b4%d0%b6%d0%b0%d0%bd-%d0%bc%d0%b5%d1%81%d1%82%d1%80%d1%8b\/\">\u0413\u0443\u0436\u0430\u043d-\u041c\u0435\u0441\u0442\u0440\u0430\u0441,<\/a>&nbsp;<a href=\"https:\/\/bassin-arcachon.com\/ru\/%d1%80%d0%b0%d0%b7%d0%bc%d0%b5%d1%89%d0%b5%d0%bd%d0%b8%d0%b5-2\/%d0%be%d1%82%d0%b5%d0%bb%d0%b8+%d1%81%d0%b5%d1%80%d0%b4%d1%86%d0%b5-%d0%b1%d0%b0%d1%81%d1%81%d0%b5%d0%b9%d0%bd%d0%b0-2\/\">\u0411\u0438\u0433\u0430\u043d\u043e\u0441,<\/a>&nbsp;<a href=\"https:\/\/bassin-arcachon.com\/ru\/%d1%80%d0%b0%d0%b7%d0%bc%d0%b5%d1%89%d0%b5%d0%bd%d0%b8%d0%b5-2\/%d0%be%d1%82%d0%b5%d0%bb%d0%b8+%d1%81%d0%b5%d1%80%d0%b4%d1%86%d0%b5-%d0%b1%d0%b0%d1%81%d1%81%d0%b5%d0%b9%d0%bd%d0%b0-2\/\">\u041e\u0434\u0435\u043d\u0436<\/a>,<a href=\"https:\/\/bassin-arcachon.com\/ru\/%d1%80%d0%b0%d0%b7%d0%bc%d0%b5%d1%89%d0%b5%d0%bd%d0%b8%d0%b5-2\/%d0%be%d1%82%d0%b5%d0%bb%d0%b8+%d1%81%d0%b5%d1%80%d0%b4%d1%86%d0%b5-%d0%b1%d0%b0%d1%81%d1%81%d0%b5%d0%b9%d0%bd%d0%b0-2\/\">&nbsp;\u041b\u0430\u043d\u0442\u043e\u043d&nbsp;<\/a>\u0430 \u0442\u0430\u043a\u0436\u0435&nbsp;<a href=\"https:\/\/bassin-arcachon.com\/ru\/%d1%80%d0%b0%d0%b7%d0%bc%d0%b5%d1%89%d0%b5%d0%bd%d0%b8%d0%b5-2\/%d0%be%d1%82%d0%b5%d0%bb%d0%b8+lege-cap-ferret\/\">\u041a\u0430\u043f-\u0424\u0435\u0440\u0440\u0435<\/a>&nbsp;!<\/p>\n<\/div>\n\n\n\n<div class=\"wp-block-uagb-container uagb-block-dd7a49a4\">\n<div class=\"wp-block-uagb-image uagb-block-349829c0 wp-block-uagb-image--layout-default wp-block-uagb-image--effect-static wp-block-uagb-image--align-none\"><figure class=\"wp-block-uagb-image__figure\"><img decoding=\"async\" srcset=\"https:\/\/bassin-arcachon.com\/wp-content\/uploads\/2018\/09\/nourri-a-lhu\u00eetre-\u00e9lev\u00e9-sous-les-pins-Bassin-dArcachon.jpg 1000w, https:\/\/bassin-arcachon.com\/wp-content\/uploads\/2018\/09\/nourri-a-lhu\u00eetre-\u00e9lev\u00e9-sous-les-pins-Bassin-dArcachon-600x400.jpg 600w, https:\/\/bassin-arcachon.com\/wp-content\/uploads\/2018\/09\/nourri-a-lhu\u00eetre-\u00e9lev\u00e9-sous-les-pins-Bassin-dArcachon-768x511.jpg 768w, https:\/\/bassin-arcachon.com\/wp-content\/uploads\/2018\/09\/nourri-a-lhu\u00eetre-\u00e9lev\u00e9-sous-les-pins-Bassin-dArcachon-18x12.jpg 18w\" sizes=\"auto, (max-width: 480px) 150px\" src=\"https:\/\/bassin-arcachon.com\/wp-content\/uploads\/2018\/09\/nourri-a-lhu\u00eetre-\u00e9lev\u00e9-sous-les-pins-Bassin-dArcachon.jpg\" alt=\"- - Bassin d&#039;Arcachon\" class=\"uag-image-26169\" width=\"1000\" height=\"666\" title=\"- - Bassin d&#039;Arcachon\" loading=\"lazy\" role=\"img\"><\/figure><\/div>\n<\/div>\n<\/div><\/div>\n\n\n\n<div style=\"height:60px\" aria-hidden=\"true\" class=\"wp-block-spacer\"><\/div>","protected":false},"excerpt":{"rendered":"<p>S\u00e9journez dans l&rsquo;un de nos h\u00f4tels \u00e0 La Teste-de-Buch, offrant une vue sur le Bassin d\u2019Arcachon, un restaurant, ou une connexion Wi-Fi pour une exp\u00e9rience inoubliable pr\u00e8s du Bassin d&rsquo;Arcachon [&hellip;]<\/p>\n","protected":false},"author":25,"featured_media":2217,"parent":43,"menu_order":1,"comment_status":"closed","ping_status":"closed","template":"","meta":{"_acf_changed":false,"_uag_custom_page_level_css":"","footnotes":""},"class_list":["post-45564","page","type-page","status-publish","has-post-thumbnail","hentry"],"acf":[],"uagb_featured_image_src":{"full":["https:\/\/bassin-arcachon.com\/wp-content\/uploads\/2017\/03\/camping-bassin-arcachon.jpg",1200,800,false],"thumbnail":["https:\/\/bassin-arcachon.com\/wp-content\/uploads\/2017\/03\/camping-bassin-arcachon-150x150.jpg",150,150,true],"medium":["https:\/\/bassin-arcachon.com\/wp-content\/uploads\/2017\/03\/camping-bassin-arcachon-600x400.jpg",600,400,true],"medium_large":["https:\/\/bassin-arcachon.com\/wp-content\/uploads\/2017\/03\/camping-bassin-arcachon-768x512.jpg",768,512,true],"large":["https:\/\/bassin-arcachon.com\/wp-content\/uploads\/2017\/03\/camping-bassin-arcachon-1024x683.jpg",1024,683,true],"1536x1536":["https:\/\/bassin-arcachon.com\/wp-content\/uploads\/2017\/03\/camping-bassin-arcachon.jpg",1200,800,false],"2048x2048":["https:\/\/bassin-arcachon.com\/wp-content\/uploads\/2017\/03\/camping-bassin-arcachon.jpg",1200,800,false],"trp-custom-language-flag":["https:\/\/bassin-arcachon.com\/wp-content\/uploads\/2017\/03\/camping-bassin-arcachon-18x12.jpg",18,12,true]},"uagb_author_info":{"display_name":"Marie Clauzel","author_link":"https:\/\/bassin-arcachon.com\/ru\/author\/mariesiba\/"},"uagb_comment_info":0,"uagb_excerpt":"S\u00e9journez dans l&rsquo;un de nos h\u00f4tels \u00e0 La Teste-de-Buch, offrant une vue sur le Bassin d\u2019Arcachon, un restaurant, ou une connexion Wi-Fi pour une exp\u00e9rience inoubliable pr\u00e8s du Bassin d&rsquo;Arcachon [&hellip;]","_links":{"self":[{"href":"https:\/\/bassin-arcachon.com\/ru\/wp-json\/wp\/v2\/pages\/45564","targetHints":{"allow":["GET"]}}],"collection":[{"href":"https:\/\/bassin-arcachon.com\/ru\/wp-json\/wp\/v2\/pages"}],"about":[{"href":"https:\/\/bassin-arcachon.com\/ru\/wp-json\/wp\/v2\/types\/page"}],"author":[{"embeddable":true,"href":"https:\/\/bassin-arcachon.com\/ru\/wp-json\/wp\/v2\/users\/25"}],"replies":[{"embeddable":true,"href":"https:\/\/bassin-arcachon.com\/ru\/wp-json\/wp\/v2\/comments?post=45564"}],"version-history":[{"count":2,"href":"https:\/\/bassin-arcachon.com\/ru\/wp-json\/wp\/v2\/pages\/45564\/revisions"}],"predecessor-version":[{"id":68235,"href":"https:\/\/bassin-arcachon.com\/ru\/wp-json\/wp\/v2\/pages\/45564\/revisions\/68235"}],"up":[{"embeddable":true,"href":"https:\/\/bassin-arcachon.com\/ru\/wp-json\/wp\/v2\/pages\/43"}],"wp:featuredmedia":[{"embeddable":true,"href":"https:\/\/bassin-arcachon.com\/ru\/wp-json\/wp\/v2\/media\/2217"}],"wp:attachment":[{"href":"https:\/\/bassin-arcachon.com\/ru\/wp-json\/wp\/v2\/media?parent=45564"}],"curies":[{"name":"WP","href":"https:\/\/api.w.org\/{rel}","templated":true}]}}