{"id":45696,"date":"2020-07-10T16:03:22","date_gmt":"2020-07-10T14:03:22","guid":{"rendered":"https:\/\/bassin-arcachon.com\/\/?page_id=45696"},"modified":"2024-11-06T11:57:44","modified_gmt":"2024-11-06T10:57:44","slug":"%d0%bd%d0%b0%d1%88%d0%b0-%d0%be%d1%82%d0%bf%d1%83%d1%81%d0%ba%d0%bd%d0%b0%d1%8f-%d0%b0%d1%80%d0%b5%d0%bd%d0%b4%d0%b0-%d0%b2-audenge","status":"publish","type":"page","link":"https:\/\/bassin-arcachon.com\/ru\/ou-dormir\/locations\/nos-locations-de-vacances-a-audenge\/","title":{"rendered":"\u041d\u0430\u0448\u0435 \u0436\u0438\u043b\u044c\u0435 \u0434\u043b\u044f \u043e\u0442\u0434\u044b\u0445\u0430 \u0432 \u041e\u0434\u0435\u043d\u0436\u0435"},"content":{"rendered":"<div class=\"wp-block-uagb-container uagb-block-cd74bc1a alignfull uagb-is-root-container\"><div class=\"uagb-container-inner-blocks-wrap\">\n<div class=\"wp-block-uagb-container uagb-block-7d517c26\">\n<h2 class=\"wp-block-heading\">\u041d\u0430\u0448\u0438 \u0430\u043f\u0430\u0440\u0442\u0430\u043c\u0435\u043d\u0442\u044b \u0432 \u0430\u0440\u0435\u043d\u0434\u0443 \u043d\u0430 \u0432\u0440\u0435\u043c\u044f \u043e\u0442\u043f\u0443\u0441\u043a\u0430 \u0432 \u041e\u0434\u0435\u043d\u0436\u0435 \u0441 \u0431\u0430\u0441\u0441\u0435\u0439\u043d\u043e\u043c<\/h2>\n\n\n\n<p>\u041a\u0430\u043a \u043d\u0430\u0441\u0447\u0435\u0442 \u0440\u0430\u0441\u0441\u043b\u0430\u0431\u043b\u044f\u044e\u0449\u0435\u0433\u043e \u043e\u0442\u0434\u044b\u0445\u0430 \u0443 \u0431\u0430\u0441\u0441\u0435\u0439\u043d\u0430 100%? \u0421 \u0441\u0435\u043c\u044c\u0435\u0439 \u0438\u043b\u0438 \u0434\u0440\u0443\u0437\u044c\u044f\u043c\u0438 \u0440\u0430\u0441\u0441\u043b\u0430\u0431\u044c\u0442\u0435\u0441\u044c \u0443 \u0432\u043e\u0434\u044b \u0438 \u043d\u0430\u0441\u043b\u0430\u0434\u0438\u0442\u0435\u0441\u044c \u043e\u0441\u0432\u0435\u0436\u0430\u044e\u0449\u0438\u043c \u043a\u0443\u043f\u0430\u043d\u0438\u0435\u043c! \u0415\u0441\u043b\u0438 \u0432\u0430\u043c \u0445\u043e\u043b\u043e\u0434\u043d\u043e, \u0432\u044b\u0431\u0435\u0440\u0438\u0442\u0435 \u0430\u0440\u0435\u043d\u0434\u0443 \u043d\u0430 \u0432\u0440\u0435\u043c\u044f \u043e\u0442\u043f\u0443\u0441\u043a\u0430 \u0441 \u0431\u0430\u0441\u0441\u0435\u0439\u043d\u043e\u043c \u0441 \u043f\u043e\u0434\u043e\u0433\u0440\u0435\u0432\u043e\u043c! \u0412\u044b\u0431\u0435\u0440\u0438\u0442\u0435 \u043a\u043e\u0442\u0442\u0435\u0434\u0436 \u0441\u0432\u043e\u0435\u0439 \u043c\u0435\u0447\u0442\u044b \u0441 \u0431\u0430\u0441\u0441\u0435\u0439\u043d\u043e\u043c \u0432 \u041e\u0434\u0435\u043d\u0436\u0435!<\/p>\n\n\n\n<div class=\"wp-block-buttons is-layout-flex wp-block-buttons-is-layout-flex\">\n<div class=\"wp-block-button\"><a class=\"wp-block-button__link wp-element-button\" href=\"https:\/\/bassin-arcachon.com\/ru\/%d1%80%d0%b0%d0%b7%d0%bc%d0%b5%d1%89%d0%b5%d0%bd%d0%b8%d0%b5-2\/%d0%b0%d1%80%d0%b5%d0%bd%d0%b4%d0%b0-%d0%b6%d0%b8%d0%bb%d1%8c%d1%8f-%d0%bd%d0%b0-%d0%b2%d1%80%d0%b5%d0%bc%d1%8f-%d0%be%d1%82%d0%bf%d1%83%d1%81%d0%ba%d0%b0-%d0%b2-%d1%81%d0%b0%d0%bc%d0%be%d0%bc-%d1%81\/\">\u0410\u0440\u0435\u043d\u0434\u0430 \u0441 \u0431\u0430\u0441\u0441\u0435\u0439\u043d\u043e\u043c<\/a><\/div>\n<\/div>\n<\/div>\n\n\n\n<div class=\"wp-block-uagb-container uagb-block-3df4b4d3\">\n<div class=\"wp-block-uagb-image uagb-block-fcb9b78f wp-block-uagb-image--layout-default wp-block-uagb-image--effect-static wp-block-uagb-image--align-none\"><figure class=\"wp-block-uagb-image__figure\"><img decoding=\"async\" srcset=\"https:\/\/bassin-arcachon.com\/wp-content\/uploads\/2018\/10\/andernos-velo-SIBA-agence-les-conteurs-50-1024x683.jpg \" sizes=\"auto, (max-width: 480px) 150px\" src=\"https:\/\/bassin-arcachon.com\/wp-content\/uploads\/2018\/10\/andernos-velo-SIBA-agence-les-conteurs-50-1024x683.jpg\" alt=\"\u041a\u0440\u0430\u0441\u0438\u0432\u044b\u0435 \u0432\u0438\u043b\u043b\u044b \u0432 \u0410\u043d\u0434\u0435\u0440\u043d\u043e\u0441\u0435\" class=\"uag-image-26668\" width=\"1024\" height=\"683\" title=\"- - Bassin d&#039;Arcachon\" loading=\"lazy\" role=\"img\"><\/figure><\/div>\n<\/div>\n<\/div><\/div>\n\n\n\n<div style=\"height:60px\" aria-hidden=\"true\" class=\"wp-block-spacer\"><\/div>\n\n\n\n<div class=\"wp-block-uagb-container uagb-block-c190ddbf alignfull uagb-is-root-container\"><div class=\"uagb-container-inner-blocks-wrap\">\n<div class=\"wp-block-uagb-container uagb-block-d523219e\">\n<div class=\"wp-block-uagb-image uagb-block-7cdf8258 wp-block-uagb-image--layout-default wp-block-uagb-image--effect-static wp-block-uagb-image--align-none\"><figure class=\"wp-block-uagb-image__figure\"><img decoding=\"async\" srcset=\"https:\/\/bassin-arcachon.com\/wp-content\/uploads\/2018\/10\/balade-automne-quinconces-andernos-e1546467709734.jpg \" sizes=\"auto, (max-width: 480px) 150px\" src=\"https:\/\/bassin-arcachon.com\/wp-content\/uploads\/2018\/10\/balade-automne-quinconces-andernos-e1546467709734.jpg\" alt=\"\u041a\u0432\u0438\u043d\u043a\u043e\u043d\u0441 \u0410\u043d\u0434\u0435\u0440\u043d\u043e\u0441 \u043e\u0441\u0435\u043d\u043d\u044f\u044f \u043f\u0440\u043e\u0433\u0443\u043b\u043a\u0430\" class=\"uag-image-26500\" width=\"1000\" height=\"667\" title=\"- - Bassin d&#039;Arcachon\" loading=\"lazy\" role=\"img\"><\/figure><\/div>\n<\/div>\n\n\n\n<div class=\"wp-block-uagb-container uagb-block-9a784c52\">\n<h2 class=\"wp-block-heading\">\u041d\u0430\u0448\u0430 \u0430\u0440\u0435\u043d\u0434\u0430 \u043d\u0430 \u0432\u0440\u0435\u043c\u044f \u043e\u0442\u043f\u0443\u0441\u043a\u0430 \u0432 \u041e\u0434\u0435\u043d\u0436\u0435 \u0441 \u0441\u0430\u0434\u043e\u043c<\/h2>\n\n\n\n<p>\u041f\u0440\u043e\u0432\u0435\u0434\u0438\u0442\u0435 \u043d\u0435\u0437\u0430\u0431\u044b\u0432\u0430\u0435\u043c\u043e\u0435 \u043f\u0440\u0435\u0431\u044b\u0432\u0430\u043d\u0438\u0435 \u0432 \u043e\u0434\u043d\u043e\u043c \u0438\u0437 \u043d\u0430\u0448\u0438\u0445 \u043a\u043e\u0442\u0442\u0435\u0434\u0436\u0435\u0439 \u0441 \u0441\u0430\u0434\u043e\u043c. <a href=\"https:\/\/www.ville-audenge.fr\/\" data-type=\"URL\" data-id=\"https:\/\/www.ville-audenge.fr\/\" target=\"_blank\" rel=\"noopener\">\u041e\u0434\u0435\u043d\u0436<\/a> ! \u041e\u0441\u0442\u0430\u043d\u043e\u0432\u0438\u0442\u0435\u0441\u044c \u0432 \u043d\u0430\u0441\u0442\u043e\u044f\u0449\u0435\u0439 \u0442\u0438\u0445\u043e\u0439 \u0433\u0430\u0432\u0430\u043d\u0438 \u0438 \u0440\u0430\u0441\u0441\u043b\u0430\u0431\u044c\u0442\u0435\u0441\u044c, \u0441\u043b\u0443\u0448\u0430\u044f \u043f\u0435\u043d\u0438\u0435 \u043f\u0442\u0438\u0446. \u041e\u0442\u043f\u0440\u0430\u0432\u043b\u044f\u0439\u0442\u0435\u0441\u044c \u0432\u0434\u0432\u043e\u0435\u043c \u0438\u043b\u0438 \u0432\u0441\u0435\u0439 \u0441\u0435\u043c\u044c\u0435\u0439, \u043e\u0442\u0434\u043e\u0445\u043d\u0438\u0442\u0435 \u0432 \u0441\u0430\u0434\u0443 \u0432\u0430\u0448\u0435\u0433\u043e \u0434\u043e\u043c\u0430, \u0441\u0434\u0430\u0432\u0430\u0435\u043c\u043e\u0433\u043e \u0432 \u0430\u0440\u0435\u043d\u0434\u0443 \u0432 \u041e\u0434\u0435\u043d\u0436\u0435!<\/p>\n\n\n\n<div class=\"wp-block-buttons is-layout-flex wp-block-buttons-is-layout-flex\">\n<div class=\"wp-block-button\"><a class=\"wp-block-button__link wp-element-button\" href=\"https:\/\/bassin-arcachon.com\/ru\/%d1%80%d0%b0%d0%b7%d0%bc%d0%b5%d1%89%d0%b5%d0%bd%d0%b8%d0%b5-2\/%d0%b0%d1%80%d0%b5%d0%bd%d0%b4%d0%b0-%d0%bd%d0%b0-%d0%b2%d1%80%d0%b5%d0%bc%d1%8f-%d0%be%d1%82%d0%bf%d1%83%d1%81%d0%ba%d0%b0%40%d1%81%d0%b5%d1%80%d0%b4%d1%86%d0%b5-%d0%b1%d0%b0%d1%81%d1%81%d0%b5%d0%b9-2\/\">\u0410\u0440\u0435\u043d\u0434\u0430 \u0441 \u0441\u0430\u0434\u043e\u043c<\/a><\/div>\n<\/div>\n<\/div>\n<\/div><\/div>\n\n\n\n<div style=\"height:60px\" aria-hidden=\"true\" class=\"wp-block-spacer\"><\/div>\n\n\n\n<div class=\"wp-block-uagb-container uagb-block-495b16a4 alignfull uagb-is-root-container\"><div class=\"uagb-container-inner-blocks-wrap\">\n<div class=\"wp-block-uagb-container uagb-block-8993205a\">\n<h2 class=\"wp-block-heading\">\u041d\u0430\u0448\u0435 \u0436\u0438\u043b\u044c\u0435 \u0434\u043b\u044f \u043e\u0442\u0434\u044b\u0445\u0430 \u0432 \u041e\u0434\u0435\u043d\u0436\u0435 \u0441 Wi-Fi<\/h2>\n\n\n\n<p>\u041f\u043e\u0434\u0435\u043b\u0438\u0442\u0435\u0441\u044c \u0441\u0430\u043c\u044b\u043c\u0438 \u043f\u0440\u0435\u043a\u0440\u0430\u0441\u043d\u044b\u043c\u0438 \u043c\u043e\u043c\u0435\u043d\u0442\u0430\u043c\u0438 \u0432\u0430\u0448\u0435\u0433\u043e \u043f\u0440\u0435\u0431\u044b\u0432\u0430\u043d\u0438\u044f \u0441\u043e \u0441\u0432\u043e\u0438\u043c\u0438 \u0431\u043b\u0438\u0437\u043a\u0438\u043c\u0438 \u0431\u043b\u0430\u0433\u043e\u0434\u0430\u0440\u044f Wi-Fi \u043d\u0430\u0448\u0435\u0433\u043e \u043f\u0440\u043e\u043a\u0430\u0442\u0430 \u0432 \u041e\u0434\u0435\u043d\u0436\u0435! \u041f\u043e\u0441\u0440\u0435\u0434\u0438 \u0441\u043e\u0441\u0435\u043d \u0440\u0430\u0437\u043c\u0435\u0441\u0442\u0438\u0442\u0435 \u0441\u0432\u043e\u0438 \u043f\u043e\u0441\u043b\u0435\u0434\u043d\u0438\u0435 \u0444\u043e\u0442\u043e\u0433\u0440\u0430\u0444\u0438\u0438 \u0438 \u0441\u043f\u043e\u043a\u043e\u0439\u043d\u043e \u043f\u043e\u0441\u043c\u043e\u0442\u0440\u0438\u0442\u0435 \u0444\u0438\u043b\u044c\u043c \u0438\u0437 \u0441\u0432\u043e\u0435\u0439 \u043a\u043e\u043c\u043d\u0430\u0442\u044b. \u041e\u0441\u0442\u0430\u0432\u0430\u0439\u0442\u0435\u0441\u044c \u043d\u0430 \u0441\u0432\u044f\u0437\u0438 \u0434\u0430\u0436\u0435 \u0432 \u0441\u0430\u043c\u043e\u043c \u0446\u0435\u043d\u0442\u0440\u0435 Bassin \u0438 \u043e\u0441\u0442\u0430\u043d\u043e\u0432\u0438\u0442\u0435 \u0441\u0432\u043e\u0439 \u0432\u044b\u0431\u043e\u0440 \u043d\u0430 \u043e\u0442\u043f\u0443\u0441\u043a\u043d\u043e\u0439 \u0430\u0440\u0435\u043d\u0434\u0435 \u0441 Wi-Fi \u0432 \u041e\u0434\u0435\u043d\u0436\u0435!<\/p>\n\n\n\n<div class=\"wp-block-buttons is-layout-flex wp-block-buttons-is-layout-flex\">\n<div class=\"wp-block-button\"><a class=\"wp-block-button__link wp-element-button\" href=\"https:\/\/bassin-arcachon.com\/ru\/%d1%80%d0%b0%d0%b7%d0%bc%d0%b5%d1%89%d0%b5%d0%bd%d0%b8%d0%b5-2\/%d0%b0%d1%80%d0%b5%d0%bd%d0%b4%d0%b0-%d0%bd%d0%b0-%d0%b2%d1%80%d0%b5%d0%bc%d1%8f-%d0%be%d1%82%d0%bf%d1%83%d1%81%d0%ba%d0%b0coeur-de-bassinwifi-2\/\">\u0410\u0440\u0435\u043d\u0434\u0430 \u0441 Wi-Fi<\/a><\/div>\n<\/div>\n<\/div>\n\n\n\n<div class=\"wp-block-uagb-container uagb-block-7bd64160\">\n<div class=\"wp-block-uagb-image uagb-block-bf73ab68 wp-block-uagb-image--layout-default wp-block-uagb-image--effect-static wp-block-uagb-image--align-none\"><figure class=\"wp-block-uagb-image__figure\"><img decoding=\"async\" srcset=\"https:\/\/bassin-arcachon.com\/wp-content\/uploads\/2017\/08\/happy3.jpg \" sizes=\"auto, (max-width: 480px) 150px\" src=\"https:\/\/bassin-arcachon.com\/wp-content\/uploads\/2017\/08\/happy3.jpg\" alt=\"\u041b\u0443\u0438\u0437\u0430 \u0410\u043d\u0434\u0435\u0440\u043d\u043e\u0441\" class=\"uag-image-7499\" width=\"700\" height=\"465\" title=\"- - Bassin d&#039;Arcachon\" loading=\"lazy\" role=\"img\"><\/figure><\/div>\n<\/div>\n<\/div><\/div>\n\n\n\n<div style=\"height:60px\" aria-hidden=\"true\" class=\"wp-block-spacer\"><\/div>\n\n\n\n<div class=\"wp-block-uagb-container uagb-block-46a33311 alignfull uagb-is-root-container\">\n<div class=\"wp-block-cover is-light has-parallax\"><span aria-hidden=\"true\" class=\"wp-block-cover__background has-background-dim-0 has-background-dim\"><\/span><div class=\"wp-block-cover__image-background wp-image-1345 has-parallax\" style=\"background-position:50% 50%;background-image:url(https:\/\/bassin-arcachon.com\/wp-content\/uploads\/2017\/03\/Camping-Panorama-du-Pyla-cottage-vue-mer-coin-farniente.jpg)\"><\/div><div class=\"wp-block-cover__inner-container is-layout-flow wp-block-cover-is-layout-flow\">\n<div class=\"wp-block-uagb-container uagb-block-898b5409\">\n<h2 class=\"wp-block-heading has-text-align-center has-white-color has-text-color has-large-font-size\">\u041f\u0440\u043e\u0432\u0435\u0434\u0438\u0442\u0435 \u0441\u0432\u043e\u0439 \u043e\u0442\u043f\u0443\u0441\u043a \u0441 \u043b\u0435\u0433\u043a\u043e\u0441\u0442\u044c\u044e \u0432 \u043e\u0434\u043d\u043e\u043c \u0438\u0437 \u0434\u043e\u043c\u043e\u0432 \u0434\u043b\u044f \u043e\u0442\u043f\u0443\u0441\u043a\u0430 Bassin \u0432 \u0410\u0440\u043a\u0430\u0448\u043e\u043d\u0435.<\/h2>\n\n\n\n<p class=\"has-text-align-center has-white-color has-text-color\"><a href=\"https:\/\/bassin-arcachon.com\/ru\/%d1%80%d0%b0%d0%b7%d0%bc%d0%b5%d1%89%d0%b5%d0%bd%d0%b8%d0%b5-2\/%d0%b0%d1%80%d0%b5%d0%bd%d0%b4%d0%b0-%d0%bd%d0%b0-%d0%b2%d1%80%d0%b5%d0%bc%d1%8f-%d0%be%d1%82%d0%bf%d1%83%d1%81%d0%ba%d0%b0\/\">\u041d\u0410\u0427\u041d\u0418\u0422\u0415 \u041f\u041e\u0418\u0421\u041a<\/a><\/p>\n<\/div>\n<\/div><\/div>\n<\/div>\n\n\n\n<div style=\"height:60px\" aria-hidden=\"true\" class=\"wp-block-spacer\"><\/div>\n\n\n\n<div class=\"wp-block-uagb-container uagb-block-5bc354f6 alignfull uagb-is-root-container\"><div class=\"uagb-container-inner-blocks-wrap\">\n<div class=\"wp-block-uagb-container uagb-block-014e0810\">\n<h2 class=\"wp-block-heading\">\u0425\u043e\u0442\u0438\u0442\u0435 \u0437\u0430\u0431\u0440\u043e\u043d\u0438\u0440\u043e\u0432\u0430\u0442\u044c \u0436\u0438\u043b\u044c\u0435 \u0434\u043b\u044f \u043e\u0442\u043f\u0443\u0441\u043a\u0430 \u0432 \u0440\u0430\u0439\u043e\u043d\u0435 \u041e\u0434\u0430\u043d\u0436\u0430?<\/h2>\n\n\n\n<p>\u041e\u0442\u043a\u0440\u043e\u0439\u0442\u0435 \u0434\u043b\u044f \u0441\u0435\u0431\u044f \u0432\u0441\u0435 \u043d\u0430\u0448\u0438 \u0432\u0430\u0440\u0438\u0430\u043d\u0442\u044b \u0430\u0440\u0435\u043d\u0434\u044b \u0434\u043b\u044f \u043e\u0442\u043f\u0443\u0441\u043a\u0430 \u0432 Bassin \u0410\u0440\u043a\u0430\u0448\u043e\u043d:&nbsp;<a href=\"https:\/\/bassin-arcachon.com\/ru\/%d1%80%d0%b0%d0%b7%d0%bc%d0%b5%d1%89%d0%b5%d0%bd%d0%b8%d0%b5-2\/%d0%b0%d1%80%d0%b5%d0%bd%d0%b4%d0%b0-%d0%bd%d0%b0-%d0%b2%d1%80%d0%b5%d0%bc%d1%8f-%d0%be%d1%82%d0%bf%d1%83%d1%81%d0%ba%d0%b0+%d0%b0%d1%80%d0%b5%d1%81\/\">\u0410\u0440\u0435\u0441<\/a>,&nbsp;<a href=\"https:\/\/bassin-arcachon.com\/ru\/%d1%80%d0%b0%d0%b7%d0%bc%d0%b5%d1%89%d0%b5%d0%bd%d0%b8%d0%b5-2\/%d0%b0%d1%80%d0%b5%d0%bd%d0%b4%d0%b0-%d0%bd%d0%b0-%d0%b2%d1%80%d0%b5%d0%bc%d1%8f-%d0%be%d1%82%d0%bf%d1%83%d1%81%d0%ba%d0%b0+%d0%b0%d1%80%d0%ba%d0%b0%d1%88%d0%be%d0%bd\/\">\u0410\u0440\u043a\u0430\u0448\u043e\u043d<\/a>,&nbsp;<a href=\"https:\/\/bassin-arcachon.com\/ru\/%d1%80%d0%b0%d0%b7%d0%bc%d0%b5%d1%89%d0%b5%d0%bd%d0%b8%d0%b5-2\/%d0%b0%d1%80%d0%b5%d0%bd%d0%b4%d0%b0-%d0%bd%d0%b0-%d0%b2%d1%80%d0%b5%d0%bc%d1%8f-%d0%be%d1%82%d0%bf%d1%83%d1%81%d0%ba%d0%b0+%d1%81%d0%b5%d1%80%d0%b4%d1%86%d0%b5-%d0%b1%d0%b0%d1%81%d1%81%d0%b5%d0%b9%d0%bd%d0%b0-2\/\">\u041e\u0434\u0435\u043d\u0436<\/a>,&nbsp;<a href=\"https:\/\/bassin-arcachon.com\/ru\/%d1%80%d0%b0%d0%b7%d0%bc%d0%b5%d1%89%d0%b5%d0%bd%d0%b8%d0%b5-2\/%d0%b0%d1%80%d0%b5%d0%bd%d0%b4%d0%b0-%d0%bd%d0%b0-%d0%b2%d1%80%d0%b5%d0%bc%d1%8f-%d0%be%d1%82%d0%bf%d1%83%d1%81%d0%ba%d0%b0+%d0%b0%d0%bd%d0%b4%d0%b5%d1%80%d0%bd%d0%be%d1%81\/\">\u0410\u043d\u0434\u0435\u0440\u043d\u043e\u0441<\/a>,&nbsp;<a href=\"https:\/\/bassin-arcachon.com\/ru\/%d1%80%d0%b0%d0%b7%d0%bc%d0%b5%d1%89%d0%b5%d0%bd%d0%b8%d0%b5-2\/%d0%b0%d1%80%d0%b5%d0%bd%d0%b4%d0%b0-%d0%bd%d0%b0-%d0%b2%d1%80%d0%b5%d0%bc%d1%8f-%d0%be%d1%82%d0%bf%d1%83%d1%81%d0%ba%d0%b0+%d0%b3%d1%83%d0%b4%d0%b6%d0%b0%d0%bd-%d0%bc%d0%b5%d1%81%d1%82%d1%80%d1%8b\/\">\u0413\u0443\u0436\u0430\u043d-\u041c\u0435\u0441\u0442\u0440\u0430\u0441,<\/a>&nbsp;<a href=\"https:\/\/bassin-arcachon.com\/ru\/%d1%80%d0%b0%d0%b7%d0%bc%d0%b5%d1%89%d0%b5%d0%bd%d0%b8%d0%b5-2\/%d0%b0%d1%80%d0%b5%d0%bd%d0%b4%d0%b0-%d0%bd%d0%b0-%d0%b2%d1%80%d0%b5%d0%bc%d1%8f-%d0%be%d1%82%d0%bf%d1%83%d1%81%d0%ba%d0%b0+%d1%81%d0%b5%d1%80%d0%b4%d1%86%d0%b5-%d0%b1%d0%b0%d1%81%d1%81%d0%b5%d0%b9%d0%bd%d0%b0-2\/\">\u0411\u0438\u0433\u0430\u043d\u043e\u0441,<\/a>&nbsp;<a href=\"https:\/\/bassin-arcachon.com\/ru\/%d1%80%d0%b0%d0%b7%d0%bc%d0%b5%d1%89%d0%b5%d0%bd%d0%b8%d0%b5-2\/%d0%b0%d1%80%d0%b5%d0%bd%d0%b4%d0%b0-%d0%bd%d0%b0-%d0%b2%d1%80%d0%b5%d0%bc%d1%8f-%d0%be%d1%82%d0%bf%d1%83%d1%81%d0%ba%d0%b0+%d1%81%d0%b5%d1%80%d0%b4%d1%86%d0%b5-%d0%b1%d0%b0%d1%81%d1%81%d0%b5%d0%b9%d0%bd%d0%b0-2\/\">\u041e\u0434\u0435\u043d\u0436<\/a>,<a href=\"https:\/\/bassin-arcachon.com\/ru\/%d1%80%d0%b0%d0%b7%d0%bc%d0%b5%d1%89%d0%b5%d0%bd%d0%b8%d0%b5-2\/%d0%b0%d1%80%d0%b5%d0%bd%d0%b4%d0%b0-%d0%bd%d0%b0-%d0%b2%d1%80%d0%b5%d0%bc%d1%8f-%d0%be%d1%82%d0%bf%d1%83%d1%81%d0%ba%d0%b0+%d1%81%d0%b5%d1%80%d0%b4%d1%86%d0%b5-%d0%b1%d0%b0%d1%81%d1%81%d0%b5%d0%b9%d0%bd%d0%b0-2\/\">&nbsp;\u041b\u0430\u043d\u0442\u043e\u043d&nbsp;<\/a>\u0430 \u0442\u0430\u043a\u0436\u0435&nbsp;<a href=\"https:\/\/bassin-arcachon.com\/ru\/%d1%80%d0%b0%d0%b7%d0%bc%d0%b5%d1%89%d0%b5%d0%bd%d0%b8%d0%b5-2\/%d0%b0%d1%80%d0%b5%d0%bd%d0%b4%d0%b0-%d0%bd%d0%b0-%d0%b2%d1%80%d0%b5%d0%bc%d1%8f-%d0%be%d1%82%d0%bf%d1%83%d1%81%d0%ba%d0%b0+lege-cap-ferret\/\">\u041a\u0430\u043f-\u0424\u0435\u0440\u0440\u0435<\/a>&nbsp;!<\/p>\n<\/div>\n\n\n\n<div class=\"wp-block-uagb-container uagb-block-7d2b4334\">\n<div class=\"wp-block-uagb-image uagb-block-d9b547aa wp-block-uagb-image--layout-default wp-block-uagb-image--effect-static wp-block-uagb-image--align-none\"><figure class=\"wp-block-uagb-image__figure\"><img decoding=\"async\" srcset=\"https:\/\/bassin-arcachon.com\/wp-content\/uploads\/2018\/09\/nourri-a-lhu\u00eetre-\u00e9lev\u00e9-sous-les-pins-Bassin-dArcachon.jpg 1000w, https:\/\/bassin-arcachon.com\/wp-content\/uploads\/2018\/09\/nourri-a-lhu\u00eetre-\u00e9lev\u00e9-sous-les-pins-Bassin-dArcachon-600x400.jpg 600w, https:\/\/bassin-arcachon.com\/wp-content\/uploads\/2018\/09\/nourri-a-lhu\u00eetre-\u00e9lev\u00e9-sous-les-pins-Bassin-dArcachon-768x511.jpg 768w, https:\/\/bassin-arcachon.com\/wp-content\/uploads\/2018\/09\/nourri-a-lhu\u00eetre-\u00e9lev\u00e9-sous-les-pins-Bassin-dArcachon-18x12.jpg 18w\" sizes=\"auto, (max-width: 480px) 150px\" src=\"https:\/\/bassin-arcachon.com\/wp-content\/uploads\/2018\/09\/nourri-a-lhu\u00eetre-\u00e9lev\u00e9-sous-les-pins-Bassin-dArcachon.jpg\" alt=\"- - Bassin d&#039;Arcachon\" class=\"uag-image-26169\" width=\"1000\" height=\"666\" title=\"- - Bassin d&#039;Arcachon\" loading=\"lazy\" role=\"img\"><\/figure><\/div>\n<\/div>\n<\/div><\/div>\n\n\n\n<div style=\"height:60px\" aria-hidden=\"true\" class=\"wp-block-spacer\"><\/div>","protected":false},"excerpt":{"rendered":"<p>Nos locations de vacances \u00e0 Audenge avec piscine Que diriez-vous d\u2019un s\u00e9jour 100% d\u00e9tente au bord de la piscine ? En famille ou entre amis, pr\u00e9lassez-vous au bord de l\u2019eau [&hellip;]<\/p>\n","protected":false},"author":25,"featured_media":2217,"parent":508,"menu_order":1,"comment_status":"closed","ping_status":"closed","template":"","meta":{"_acf_changed":false,"_uag_custom_page_level_css":"","footnotes":""},"class_list":["post-45696","page","type-page","status-publish","has-post-thumbnail","hentry"],"acf":[],"uagb_featured_image_src":{"full":["https:\/\/bassin-arcachon.com\/wp-content\/uploads\/2017\/03\/camping-bassin-arcachon.jpg",1200,800,false],"thumbnail":["https:\/\/bassin-arcachon.com\/wp-content\/uploads\/2017\/03\/camping-bassin-arcachon-150x150.jpg",150,150,true],"medium":["https:\/\/bassin-arcachon.com\/wp-content\/uploads\/2017\/03\/camping-bassin-arcachon-600x400.jpg",600,400,true],"medium_large":["https:\/\/bassin-arcachon.com\/wp-content\/uploads\/2017\/03\/camping-bassin-arcachon-768x512.jpg",768,512,true],"large":["https:\/\/bassin-arcachon.com\/wp-content\/uploads\/2017\/03\/camping-bassin-arcachon-1024x683.jpg",1024,683,true],"1536x1536":["https:\/\/bassin-arcachon.com\/wp-content\/uploads\/2017\/03\/camping-bassin-arcachon.jpg",1200,800,false],"2048x2048":["https:\/\/bassin-arcachon.com\/wp-content\/uploads\/2017\/03\/camping-bassin-arcachon.jpg",1200,800,false],"trp-custom-language-flag":["https:\/\/bassin-arcachon.com\/wp-content\/uploads\/2017\/03\/camping-bassin-arcachon-18x12.jpg",18,12,true]},"uagb_author_info":{"display_name":"Marie Clauzel","author_link":"https:\/\/bassin-arcachon.com\/ru\/author\/mariesiba\/"},"uagb_comment_info":0,"uagb_excerpt":"Nos locations de vacances \u00e0 Audenge avec piscine Que diriez-vous d\u2019un s\u00e9jour 100% d\u00e9tente au bord de la piscine ? En famille ou entre amis, pr\u00e9lassez-vous au bord de l\u2019eau [&hellip;]","_links":{"self":[{"href":"https:\/\/bassin-arcachon.com\/ru\/wp-json\/wp\/v2\/pages\/45696","targetHints":{"allow":["GET"]}}],"collection":[{"href":"https:\/\/bassin-arcachon.com\/ru\/wp-json\/wp\/v2\/pages"}],"about":[{"href":"https:\/\/bassin-arcachon.com\/ru\/wp-json\/wp\/v2\/types\/page"}],"author":[{"embeddable":true,"href":"https:\/\/bassin-arcachon.com\/ru\/wp-json\/wp\/v2\/users\/25"}],"replies":[{"embeddable":true,"href":"https:\/\/bassin-arcachon.com\/ru\/wp-json\/wp\/v2\/comments?post=45696"}],"version-history":[{"count":2,"href":"https:\/\/bassin-arcachon.com\/ru\/wp-json\/wp\/v2\/pages\/45696\/revisions"}],"predecessor-version":[{"id":68289,"href":"https:\/\/bassin-arcachon.com\/ru\/wp-json\/wp\/v2\/pages\/45696\/revisions\/68289"}],"up":[{"embeddable":true,"href":"https:\/\/bassin-arcachon.com\/ru\/wp-json\/wp\/v2\/pages\/508"}],"wp:featuredmedia":[{"embeddable":true,"href":"https:\/\/bassin-arcachon.com\/ru\/wp-json\/wp\/v2\/media\/2217"}],"wp:attachment":[{"href":"https:\/\/bassin-arcachon.com\/ru\/wp-json\/wp\/v2\/media?parent=45696"}],"curies":[{"name":"WP","href":"https:\/\/api.w.org\/{rel}","templated":true}]}}