{"id":47656,"date":"2020-09-18T11:22:19","date_gmt":"2020-09-18T09:22:19","guid":{"rendered":"https:\/\/bassin-arcachon.com\/\/?page_id=47656"},"modified":"2024-09-02T10:51:56","modified_gmt":"2024-09-02T08:51:56","slug":"%d0%b7%d0%b5%d0%bb%d0%b5%d0%bd%d0%b0%d1%8f-%d0%b2%d1%81%d1%82%d1%80%d0%b5%d1%87%d0%b0","status":"publish","type":"page","link":"https:\/\/bassin-arcachon.com\/ru\/seminaires-congres\/green-meeting-2\/","title":{"rendered":"\u0417\u0435\u043b\u0435\u043d\u0430\u044f \u0432\u0441\u0442\u0440\u0435\u0447\u0430"},"content":{"rendered":"<div class=\"wp-block-uagb-container uagb-block-3086f23c alignfull uagb-is-root-container\"><div class=\"uagb-container-inner-blocks-wrap\">\n<div class=\"wp-block-uagb-container uagb-block-f235f073\">\t\t\t\t\t<div\n\t\t\t\t\t\tclass=\"wp-block-uagb-image-gallery uagb-block-c5031403\"\n\t\t\t\t\t\tstyle=\"\"\n\t\t\t\t\t>\n\t\t\t\t\t\t\t\t\t\t\t<div class=\"spectra-image-gallery spectra-image-gallery__layout--carousel\">\n\t\t\t\t\t\t\t\t<div class=\"uagb-slick-carousel uagb-block-c5031403\">\n\t\t\t\t\t\t\t\t\t\t\t\t<div class='spectra-image-gallery__media-wrapper' data-spectra-gallery-image-id='47762'>\n\t\t\t\t\t\t\t<div class=\"spectra-image-gallery__media spectra-image-gallery__media--carousel\">\n\t\t\t\t<picture>\n\t\t\t\t\t<source media=\"(min-width: 1024px)\" srcset=\"https:\/\/bassin-arcachon.com\/wp-content\/uploads\/2020\/09\/1-vvf-lege-cap-ferret-1024x683.jpg\">\n\t\t\t\t\t<source media=\"(min-width: 768px)\" srcset=\"https:\/\/bassin-arcachon.com\/wp-content\/uploads\/2020\/09\/1-vvf-lege-cap-ferret-1024x683.jpg\">\n\t\t\t\t\t<img decoding=\"async\" class=\"spectra-image-gallery__media-thumbnail spectra-image-gallery__media-thumbnail--carousel\" src=\"https:\/\/bassin-arcachon.com\/wp-content\/uploads\/2020\/09\/1-vvf-lege-cap-ferret-300x200.jpg\" alt=\"- - Bassin d&#039;Arcachon\" loading=\"lazy\" title=\"- - Bassin d&#039;Arcachon\">\n\t\t\t\t<\/picture>\n\t\t\t\t<div class=\"spectra-image-gallery__media-thumbnail-blurrer\"><\/div>\n\t\t\t\t\t\t\t\t\t\t\t<div class=\"spectra-image-gallery__media-thumbnail-caption-wrapper spectra-image-gallery__media-thumbnail-caption-wrapper--overlay\"><\/div>\n\t\t\t\t\t\t\t\t<\/div>\n\t\t\t\t\t\t<\/div>\n\t\t\t\t\t\t<div class='spectra-image-gallery__media-wrapper' data-spectra-gallery-image-id='47763'>\n\t\t\t\t\t\t\t<div class=\"spectra-image-gallery__media spectra-image-gallery__media--carousel\">\n\t\t\t\t<picture>\n\t\t\t\t\t<source media=\"(min-width: 1024px)\" srcset=\"https:\/\/bassin-arcachon.com\/wp-content\/uploads\/2020\/09\/2-d\u00e9gustation-huitres-arcachon-cap-ferret-1024x682.jpg\">\n\t\t\t\t\t<source media=\"(min-width: 768px)\" srcset=\"https:\/\/bassin-arcachon.com\/wp-content\/uploads\/2020\/09\/2-d\u00e9gustation-huitres-arcachon-cap-ferret-1024x682.jpg\">\n\t\t\t\t\t<img decoding=\"async\" class=\"spectra-image-gallery__media-thumbnail spectra-image-gallery__media-thumbnail--carousel\" src=\"https:\/\/bassin-arcachon.com\/wp-content\/uploads\/2020\/09\/2-d\u00e9gustation-huitres-arcachon-cap-ferret-300x200.jpg\" alt=\"- - Bassin d&#039;Arcachon\" loading=\"lazy\" title=\"- - Bassin d&#039;Arcachon\">\n\t\t\t\t<\/picture>\n\t\t\t\t<div class=\"spectra-image-gallery__media-thumbnail-blurrer\"><\/div>\n\t\t\t\t\t\t\t\t\t\t\t<div class=\"spectra-image-gallery__media-thumbnail-caption-wrapper spectra-image-gallery__media-thumbnail-caption-wrapper--overlay\"><\/div>\n\t\t\t\t\t\t\t\t<\/div>\n\t\t\t\t\t\t<\/div>\n\t\t\t\t\t\t<div class='spectra-image-gallery__media-wrapper' data-spectra-gallery-image-id='47764'>\n\t\t\t\t\t\t\t<div class=\"spectra-image-gallery__media spectra-image-gallery__media--carousel\">\n\t\t\t\t<picture>\n\t\t\t\t\t<source media=\"(min-width: 1024px)\" srcset=\"https:\/\/bassin-arcachon.com\/wp-content\/uploads\/2020\/09\/3-maison-de-lhu\u00eetre-gujan-mestras-1024x683.jpg\">\n\t\t\t\t\t<source media=\"(min-width: 768px)\" srcset=\"https:\/\/bassin-arcachon.com\/wp-content\/uploads\/2020\/09\/3-maison-de-lhu\u00eetre-gujan-mestras-1024x683.jpg\">\n\t\t\t\t\t<img decoding=\"async\" class=\"spectra-image-gallery__media-thumbnail spectra-image-gallery__media-thumbnail--carousel\" src=\"https:\/\/bassin-arcachon.com\/wp-content\/uploads\/2020\/09\/3-maison-de-lhu\u00eetre-gujan-mestras-300x200.jpg\" alt=\"- - Bassin d&#039;Arcachon\" loading=\"lazy\" title=\"- - Bassin d&#039;Arcachon\">\n\t\t\t\t<\/picture>\n\t\t\t\t<div class=\"spectra-image-gallery__media-thumbnail-blurrer\"><\/div>\n\t\t\t\t\t\t\t\t\t\t\t<div class=\"spectra-image-gallery__media-thumbnail-caption-wrapper spectra-image-gallery__media-thumbnail-caption-wrapper--overlay\"><\/div>\n\t\t\t\t\t\t\t\t<\/div>\n\t\t\t\t\t\t<\/div>\n\t\t\t\t\t\t<div class='spectra-image-gallery__media-wrapper' data-spectra-gallery-image-id='47765'>\n\t\t\t\t\t\t\t<div class=\"spectra-image-gallery__media spectra-image-gallery__media--carousel\">\n\t\t\t\t<picture>\n\t\t\t\t\t<source media=\"(min-width: 1024px)\" srcset=\"https:\/\/bassin-arcachon.com\/wp-content\/uploads\/2020\/09\/4-rallye-aventure-khapanat-1024x683.jpg\">\n\t\t\t\t\t<source media=\"(min-width: 768px)\" srcset=\"https:\/\/bassin-arcachon.com\/wp-content\/uploads\/2020\/09\/4-rallye-aventure-khapanat-1024x683.jpg\">\n\t\t\t\t\t<img decoding=\"async\" class=\"spectra-image-gallery__media-thumbnail spectra-image-gallery__media-thumbnail--carousel\" src=\"https:\/\/bassin-arcachon.com\/wp-content\/uploads\/2020\/09\/4-rallye-aventure-khapanat-300x200.jpg\" alt=\"- - Bassin d&#039;Arcachon\" loading=\"lazy\" title=\"- - Bassin d&#039;Arcachon\">\n\t\t\t\t<\/picture>\n\t\t\t\t<div class=\"spectra-image-gallery__media-thumbnail-blurrer\"><\/div>\n\t\t\t\t\t\t\t\t\t\t\t<div class=\"spectra-image-gallery__media-thumbnail-caption-wrapper spectra-image-gallery__media-thumbnail-caption-wrapper--overlay\"><\/div>\n\t\t\t\t\t\t\t\t<\/div>\n\t\t\t\t\t\t<\/div>\n\t\t\t\t\t\t<div class='spectra-image-gallery__media-wrapper' data-spectra-gallery-image-id='47766'>\n\t\t\t\t\t\t\t<div class=\"spectra-image-gallery__media spectra-image-gallery__media--carousel\">\n\t\t\t\t<picture>\n\t\t\t\t\t<source media=\"(min-width: 1024px)\" srcset=\"https:\/\/bassin-arcachon.com\/wp-content\/uploads\/2020\/09\/5-plogging-bassin-arcachon.jpg\">\n\t\t\t\t\t<source media=\"(min-width: 768px)\" srcset=\"https:\/\/bassin-arcachon.com\/wp-content\/uploads\/2020\/09\/5-plogging-bassin-arcachon.jpg\">\n\t\t\t\t\t<img decoding=\"async\" class=\"spectra-image-gallery__media-thumbnail spectra-image-gallery__media-thumbnail--carousel\" src=\"https:\/\/bassin-arcachon.com\/wp-content\/uploads\/2020\/09\/5-plogging-bassin-arcachon-300x170.jpg\" alt=\"- - Bassin d&#039;Arcachon\" loading=\"lazy\" title=\"- - Bassin d&#039;Arcachon\">\n\t\t\t\t<\/picture>\n\t\t\t\t<div class=\"spectra-image-gallery__media-thumbnail-blurrer\"><\/div>\n\t\t\t\t\t\t\t\t\t\t\t<div class=\"spectra-image-gallery__media-thumbnail-caption-wrapper spectra-image-gallery__media-thumbnail-caption-wrapper--overlay\"><\/div>\n\t\t\t\t\t\t\t\t<\/div>\n\t\t\t\t\t\t<\/div>\n\t\t\t\t\t\t<div class='spectra-image-gallery__media-wrapper' data-spectra-gallery-image-id='47767'>\n\t\t\t\t\t\t\t<div class=\"spectra-image-gallery__media spectra-image-gallery__media--carousel\">\n\t\t\t\t<picture>\n\t\t\t\t\t<source media=\"(min-width: 1024px)\" srcset=\"https:\/\/bassin-arcachon.com\/wp-content\/uploads\/2020\/09\/6-food-tour-goumand-cap-ferret-1024x683.jpg\">\n\t\t\t\t\t<source media=\"(min-width: 768px)\" srcset=\"https:\/\/bassin-arcachon.com\/wp-content\/uploads\/2020\/09\/6-food-tour-goumand-cap-ferret-1024x683.jpg\">\n\t\t\t\t\t<img decoding=\"async\" class=\"spectra-image-gallery__media-thumbnail spectra-image-gallery__media-thumbnail--carousel\" src=\"https:\/\/bassin-arcachon.com\/wp-content\/uploads\/2020\/09\/6-food-tour-goumand-cap-ferret-300x200.jpg\" alt=\"- - Bassin d&#039;Arcachon\" loading=\"lazy\" title=\"- - Bassin d&#039;Arcachon\">\n\t\t\t\t<\/picture>\n\t\t\t\t<div class=\"spectra-image-gallery__media-thumbnail-blurrer\"><\/div>\n\t\t\t\t\t\t\t\t\t\t\t<div class=\"spectra-image-gallery__media-thumbnail-caption-wrapper spectra-image-gallery__media-thumbnail-caption-wrapper--overlay\"><\/div>\n\t\t\t\t\t\t\t\t<\/div>\n\t\t\t\t\t\t<\/div>\n\t\t\t\t\t\t<div class='spectra-image-gallery__media-wrapper' data-spectra-gallery-image-id='47768'>\n\t\t\t\t\t\t\t<div class=\"spectra-image-gallery__media spectra-image-gallery__media--carousel\">\n\t\t\t\t<picture>\n\t\t\t\t\t<source media=\"(min-width: 1024px)\" srcset=\"https:\/\/bassin-arcachon.com\/wp-content\/uploads\/2020\/09\/dune-pilat-SIBA-agence-les-conteurs-132-1024x682.jpg\">\n\t\t\t\t\t<source media=\"(min-width: 768px)\" srcset=\"https:\/\/bassin-arcachon.com\/wp-content\/uploads\/2020\/09\/dune-pilat-SIBA-agence-les-conteurs-132-1024x682.jpg\">\n\t\t\t\t\t<img decoding=\"async\" class=\"spectra-image-gallery__media-thumbnail spectra-image-gallery__media-thumbnail--carousel\" src=\"https:\/\/bassin-arcachon.com\/wp-content\/uploads\/2020\/09\/dune-pilat-SIBA-agence-les-conteurs-132-300x200.jpg\" alt=\"- - Bassin d&#039;Arcachon\" loading=\"lazy\" title=\"- - Bassin d&#039;Arcachon\">\n\t\t\t\t<\/picture>\n\t\t\t\t<div class=\"spectra-image-gallery__media-thumbnail-blurrer\"><\/div>\n\t\t\t\t\t\t\t\t\t\t\t<div class=\"spectra-image-gallery__media-thumbnail-caption-wrapper spectra-image-gallery__media-thumbnail-caption-wrapper--overlay\"><\/div>\n\t\t\t\t\t\t\t\t<\/div>\n\t\t\t\t\t\t<\/div>\n\t\t\t\t\t\t<div class='spectra-image-gallery__media-wrapper' data-spectra-gallery-image-id='47769'>\n\t\t\t\t\t\t\t<div class=\"spectra-image-gallery__media spectra-image-gallery__media--carousel\">\n\t\t\t\t<picture>\n\t\t\t\t\t<source media=\"(min-width: 1024px)\" srcset=\"https:\/\/bassin-arcachon.com\/wp-content\/uploads\/2020\/09\/onewheel-1024x682.jpg\">\n\t\t\t\t\t<source media=\"(min-width: 768px)\" srcset=\"https:\/\/bassin-arcachon.com\/wp-content\/uploads\/2020\/09\/onewheel-1024x682.jpg\">\n\t\t\t\t\t<img decoding=\"async\" class=\"spectra-image-gallery__media-thumbnail spectra-image-gallery__media-thumbnail--carousel\" src=\"https:\/\/bassin-arcachon.com\/wp-content\/uploads\/2020\/09\/onewheel-300x200.jpg\" alt=\"- - Bassin d&#039;Arcachon\" loading=\"lazy\" title=\"- - Bassin d&#039;Arcachon\">\n\t\t\t\t<\/picture>\n\t\t\t\t<div class=\"spectra-image-gallery__media-thumbnail-blurrer\"><\/div>\n\t\t\t\t\t\t\t\t\t\t\t<div class=\"spectra-image-gallery__media-thumbnail-caption-wrapper spectra-image-gallery__media-thumbnail-caption-wrapper--overlay\"><\/div>\n\t\t\t\t\t\t\t\t<\/div>\n\t\t\t\t\t\t<\/div>\n\t\t\t\t\t\t\t\t\t\t\t<\/div>\n\t\t\t\t\t\t\t<\/div>\n\t\t\t\t\t\t\t\t\t\t\t<\/div>\n\t\t\t\t\t\t\t\t\t<\/div>\n\n\n\n<div class=\"wp-block-uagb-container uagb-block-859424fe\">\n<div class=\"wp-block-uagb-container uagb-block-8fd1b5b6\">\n<p class=\"has-white-color has-text-color\" style=\"font-size:16px\">\u041f\u0440\u0435\u0434\u043b\u043e\u0436\u0435\u043d\u0438\u0435 \u00ab\u0417\u0435\u043b\u0435\u043d\u0430\u044f \u0432\u0441\u0442\u0440\u0435\u0447\u0430\u00bb<br><br>\u0421\u0435\u043c\u0438\u043d\u0430\u0440 \u0441\u043e \u0441\u043c\u044b\u0441\u043b\u043e\u043c<br><br>\u0412 \u0441\u0430\u043c\u043e\u043c \u0441\u0435\u0440\u0434\u0446\u0435 \u043f\u0440\u0438\u0440\u043e\u0434\u044b<br><br>\u0437\u0435\u043b\u0435\u043d\u044b\u0435 \u0442\u0430\u0440\u0438\u0444\u044b<br><br>\u042d\u043a\u043e\u043b\u043e\u0433\u0438\u0447\u0435\u0441\u043a\u0438 \u043e\u0442\u0432\u0435\u0442\u0441\u0442\u0432\u0435\u043d\u043d\u043e\u0435 \u043e\u0442\u043a\u0440\u044b\u0442\u0438\u0435 \u041f\u043b\u043e\u0433\u0433\u0438\u043d\u0433 \u0421\u043f\u043b\u043e\u0447\u0435\u043d\u043d\u043e\u0441\u0442\u044c<\/p>\n<\/div>\n\n\n\n<div class=\"wp-block-uagb-container uagb-block-b87b9e95\">\n<h4 class=\"wp-block-heading\">\u0421\u0432\u044f\u0436\u0438\u0442\u0435\u0441\u044c \u0441 \u043d\u0430\u043c\u0438<\/h4>\n\n\n\n<p class=\"has-black-color has-text-color\"><a href=\"mailto:mice@siba-bassin-arcachon.fr\">mice@siba-bassin-arcachon.fr<\/a><\/p>\n<\/div>\n<\/div>\n<\/div><\/div>\n\n\n\n<div style=\"height:40px\" aria-hidden=\"true\" class=\"wp-block-spacer\"><\/div>\n\n\n\n<div class=\"wp-block-uagb-container uagb-block-849d9147 alignfull uagb-is-root-container\"><div class=\"uagb-container-inner-blocks-wrap\">\n<div class=\"wp-block-uagb-container uagb-block-b5166cbf\">\n<h2 class=\"wp-block-heading\">\u041f\u0440\u0435\u0434\u043b\u0430\u0433\u0430\u0435\u043c\u0430\u044f \u043f\u0440\u043e\u0433\u0440\u0430\u043c\u043c\u0430<\/h2>\n\n\n\n<h3 class=\"wp-block-heading\">1 \u0434\u0435\u043d\u044c<strong><\/strong><\/h3>\n\n\n\n<ul class=\"wp-block-list\">\n<li>\u041f\u0440\u0438\u0431\u044b\u0442\u0438\u0435 \u0443\u0447\u0430\u0441\u0442\u043d\u0438\u043a\u043e\u0432 \u0443\u0442\u0440\u043e\u043c<\/li>\n\n\n\n<li>\u0423\u0441\u0442\u0430\u043d\u043e\u0432\u043a\u0430 \u043d\u0430 Bassin \u0432&nbsp;<strong>\u00ab\u044d\u043a\u043e\u043b\u043e\u0433\u0438\u0447\u0435\u0441\u043a\u0438 \u043e\u0442\u0432\u0435\u0442\u0441\u0442\u0432\u0435\u043d\u043d\u0430\u044f\u00bb \u0441\u0440\u0435\u0434\u0430<\/strong>&nbsp;\u00bb<\/li>\n\n\n\n<li>\u041e\u0431\u0435\u0434 &quot;\u0448\u0432\u0435\u0434\u0441\u043a\u0438\u0439 \u0441\u0442\u043e\u043b&quot; \u0438\u0437 \u043c\u0435\u0441\u0442\u043d\u044b\u0445 \u0431\u043b\u044e\u0434&nbsp;<strong>\u0437\u0434\u043e\u0440\u043e\u0432\u044b\u0439&nbsp;<\/strong>\u00bb<\/li>\n\n\n\n<li>\u0420\u0430\u0431\u043e\u0447\u0430\u044f \u0432\u0441\u0442\u0440\u0435\u0447\u0430 \u043d\u0430 \u043f\u0440\u0438\u0440\u043e\u0434\u0435 \u0441 \u0440\u0430\u0441\u0441\u043b\u0430\u0431\u043b\u044f\u044e\u0449\u0438\u043c \u0441\u0435\u043c\u0438\u043d\u0430\u0440\u043e\u043c \u0438\u043b\u0438<strong>&nbsp;\u0433\u0430\u0441\u0442\u0440\u043e\u043d\u043e\u043c\u0438\u0447\u0435\u0441\u043a\u0438\u0439 \u0442\u0443\u0440<\/strong>&nbsp;\u043d\u0430 \u043f\u0440\u0438\u0440\u043e\u0434\u0435 \u0438\u043b\u0438 \u0443 \u043c\u043e\u0440\u044f.<\/li>\n\n\n\n<li>\u0412 \u043a\u043e\u043d\u0446\u0435 \u0434\u043d\u044f \u043f\u043e\u0441\u0435\u0442\u0438\u0442\u0435&nbsp;<strong>\u0423\u0441\u0442\u0440\u0438\u0447\u043d\u044b\u0439 \u0434\u043e\u043c&nbsp;<\/strong>(\u0413\u0443\u0436\u0430\u043d-\u041c\u0435\u0441\u0442\u0440\u0430\u0441), \u043f\u043e\u0441\u043b\u0435 \u0447\u0435\u0433\u043e \u0441\u043b\u0435\u0434\u0443\u0435\u0442 \u043a\u043e\u043a\u0442\u0435\u0439\u043b\u044c\u043d\u044b\u0439 \u043f\u0440\u0438\u0435\u043c \u0432&nbsp;<strong>\u0445\u0438\u0436\u0438\u043d\u0430 \u0444\u0435\u0440\u043c\u0435\u0440\u0430-\u0443\u0441\u0442\u0440\u0438\u0446\u044b \u0432 \u043f\u043e\u0440\u0442\u0443<\/strong>.<\/li>\n<\/ul>\n\n\n\n<p><a href=\"https:\/\/fr.calameo.com\/read\/0000244211152a79deb84\" target=\"_blank\" rel=\"noreferrer noopener\">\u0420\u0430\u0437\u043c\u0435\u0449\u0435\u043d\u0438\u0435 \u043d\u0430 \u0432\u044b\u0431\u0440\u0430\u043d\u043d\u043e\u043c \u0432\u0430\u043c\u0438 \u0443\u0447\u0430\u0441\u0442\u043a\u0435.<\/a><\/p>\n\n\n\n<h3 class=\"wp-block-heading\">\u0414\u0435\u043d\u044c 2<strong><\/strong><\/h3>\n\n\n\n<ul class=\"wp-block-list\">\n<li>\u0417\u0430\u0432\u0442\u0440\u0430\u043a &quot;\u0448\u0432\u0435\u0434\u0441\u043a\u0438\u0439 \u0441\u0442\u043e\u043b&quot;<\/li>\n\n\n\n<li>\u0414\u0435\u043b\u043e\u0432\u0430\u044f \u0432\u0441\u0442\u0440\u0435\u0447\u0430 \u0438 \u043a\u043e\u0444\u0435-\u0431\u0440\u0435\u0439\u043a&nbsp;<strong>\u043c\u0435\u0441\u0442\u043d\u044b\u0435 \u043f\u0440\u043e\u0434\u0443\u043a\u0442\u044b<\/strong><\/li>\n\n\n\n<li>\u041e\u0431\u0435\u0434 \u0432 \u043e\u0442\u0435\u043b\u0435<\/li>\n\n\n\n<li>\u0412\u0442\u043e\u0440\u0430\u044f \u043f\u043e\u043b\u043e\u0432\u0438\u043d\u0430 \u0434\u043d\u044f \u043f\u043e\u0441\u0432\u044f\u0449\u0435\u043d\u0430 \u043d\u0435\u043e\u0431\u044b\u0447\u043d\u043e\u0439 \u043f\u0440\u043e\u0431\u0435\u0436\u043a\u0435: &quot;&nbsp;<strong>\u041f\u043b\u043e\u0433\u0433\u0438\u043d\u0433<\/strong>&nbsp;! \u0418\u043b\u0438 \u043a\u0430\u043a \u0441\u043e\u0432\u043c\u0435\u0441\u0442\u0438\u0442\u044c \u0441\u043f\u043e\u0440\u0442 \u0438 \u043f\u0440\u0438\u0440\u043e\u0434\u0443? \u0420\u0430\u0441\u0441\u043a\u0430\u0436\u0438\u0442\u0435 \u0441\u0432\u043e\u0438\u043c \u043a\u043e\u043c\u0430\u043d\u0434\u0430\u043c \u043e\u0431 \u043e\u043a\u0440\u0443\u0436\u0430\u044e\u0449\u0435\u0439 \u0441\u0440\u0435\u0434\u0435 \u0438 \u043f\u043e\u043f\u0440\u043e\u0431\u0443\u0439\u0442\u0435 \u0441\u043a\u0443\u043b\u044c\u043f\u0442\u0443\u0440\u0443 \u0438\u0437 \u043e\u0442\u0445\u043e\u0434\u043e\u0432 \u0438 \u043f\u0435\u0440\u0435\u0440\u0430\u0431\u0430\u0442\u044b\u0432\u0430\u0435\u043c\u043e\u0435 \u0441\u0435\u043b\u0444\u0438!<\/li>\n<\/ul>\n\n\n\n<p><strong>\u041a\u0423\u0414\u0410<\/strong><\/p>\n\n\n\n<ul class=\"wp-block-list\">\n<li>\u0417\u0430\u0445\u0432\u0430\u0442\u044b\u0432\u0430\u044e\u0449\u0438\u0439 \u0432\u044b\u0437\u043e\u0432 \u0441&nbsp;<strong>\u0432\u044b\u0437\u043e\u0432 \u0432\u0435\u0442\u0440\u0430<\/strong>&nbsp;! \u0413\u0435\u043d\u0435\u0440\u0438\u0440\u0443\u0439\u0442\u0435 \u0441\u0432\u043e\u044e \u0441\u043e\u0431\u0441\u0442\u0432\u0435\u043d\u043d\u0443\u044e \u044d\u043d\u0435\u0440\u0433\u0438\u044e, \u0447\u0442\u043e\u0431\u044b \u0443\u0447\u0430\u0441\u0442\u0432\u043e\u0432\u0430\u0442\u044c \u0432 \u043d\u0435\u0432\u0435\u0440\u043e\u044f\u0442\u043d\u043e\u0439 \u0433\u043e\u043d\u043a\u0435! \u0412\u0430\u0448\u0430 \u043a\u043e\u043c\u0430\u043d\u0434\u0430 \u0434\u043e\u043b\u0436\u043d\u0430 \u043f\u043e\u0441\u0442\u0440\u043e\u0438\u0442\u044c \u0432\u0435\u0442\u0440\u044f\u043a, \u043a\u043e\u0442\u043e\u0440\u044b\u0439 \u0432\u044b\u0440\u0430\u0431\u0430\u0442\u044b\u0432\u0430\u0435\u0442 \u043a\u0430\u043a \u043c\u043e\u0436\u043d\u043e \u0431\u043e\u043b\u044c\u0448\u0435 \u044d\u043b\u0435\u043a\u0442\u0440\u043e\u044d\u043d\u0435\u0440\u0433\u0438\u0438 \u0437\u0430 \u043e\u0442\u0432\u0435\u0434\u0435\u043d\u043d\u043e\u0435 \u0432\u0440\u0435\u043c\u044f.<\/li>\n<\/ul>\n\n\n\n<p><strong>\u041a\u0423\u0414\u0410<\/strong><\/p>\n\n\n\n<ul class=\"wp-block-list\">\n<li>\u0421\u043e\u0440\u0435\u0432\u043d\u0443\u0439\u0442\u0435\u0441\u044c \u043c\u0435\u0436\u0434\u0443 \u043a\u043e\u043c\u0430\u043d\u0434\u0430\u043c\u0438 \u0432 \u0432\u0435\u0441\u0435\u043b\u043e\u0439 \u0438 \u043e\u0440\u0438\u0433\u0438\u043d\u0430\u043b\u044c\u043d\u043e\u0439 \u0444\u043e\u0440\u043c\u0435 \u0441<strong>&nbsp;\u043f\u0440\u0438\u043a\u043b\u044e\u0447\u0435\u043d\u0438\u044f \u0438 \u0440\u0430\u043b\u043b\u0438 \u043d\u0430 \u043f\u0440\u0438\u0440\u043e\u0434\u0435&nbsp;<\/strong>\u043d\u0430 Bassin \u0410\u0440\u043a\u0430\u0448\u043e\u043d\u0430,&nbsp;<a href=\"https:\/\/www.khapevent.fr\/pages\/nos-circuits-khap-event.html\" target=\"_blank\" rel=\"noreferrer noopener\">\u0441 \u0421\u0430\u043d\u0434\u0440\u043e\u0439 \u0438 \u0416\u0430\u043d-\u041c\u0430\u0440\u043a\u043e\u043c \u0438\u0437 Khap Event<\/a>.<\/li>\n\n\n\n<li>\u041e\u0442\u044a\u0435\u0437\u0434 \u0443\u0447\u0430\u0441\u0442\u043d\u0438\u043a\u043e\u0432 \u0432 \u043a\u043e\u043d\u0446\u0435 \u0434\u043d\u044f.<\/li>\n<\/ul>\n\n\n\n<p>\u0412 \u043a\u0430\u0447\u0435\u0441\u0442\u0432\u0435 \u043f\u0440\u0438\u043c\u0435\u0440\u043e\u0432 \u043f\u0440\u0438\u0432\u043e\u0434\u044f\u0442\u0441\u044f \u043e\u0431\u044a\u0435\u0434\u0438\u043d\u044f\u044e\u0449\u0438\u0435 \u043c\u0435\u0440\u043e\u043f\u0440\u0438\u044f\u0442\u0438\u044f, \u043f\u0440\u0435\u0434\u043b\u0430\u0433\u0430\u0435\u043c\u044b\u0435 \u0432 \u044d\u0442\u043e\u0439 \u043f\u0440\u043e\u0433\u0440\u0430\u043c\u043c\u0435. \u041a\u043e\u043d\u0442\u0430\u043a\u0442&nbsp;<a href=\"https:\/\/www.arcachonecotours.com\/\" target=\"_blank\" rel=\"noreferrer noopener\">\u041f\u0440\u0438\u043d\u0438\u043c\u0430\u044e\u0449\u0435\u0435 \u0430\u0433\u0435\u043d\u0442\u0441\u0442\u0432\u043e Arcachon Ecotours<\/a>&nbsp;\u0437\u0430 \u043e\u0440\u0433\u0430\u043d\u0438\u0437\u0430\u0446\u0438\u044e \u0432\u0430\u0448\u0435\u0433\u043e \u044d\u043a\u043e-\u043e\u0442\u0432\u0435\u0442\u0441\u0442\u0432\u0435\u043d\u043d\u043e\u0433\u043e \u043f\u0440\u043e\u0444\u0435\u0441\u0441\u0438\u043e\u043d\u0430\u043b\u044c\u043d\u043e\u0433\u043e \u043f\u0440\u0435\u0431\u044b\u0432\u0430\u043d\u0438\u044f \u043d\u0430 Bassin.<\/p>\n\n\n\n<p><a href=\"https:\/\/www.bassin-arcachon.com\/wp-content\/uploads\/2020\/05\/CATALOGUE-ARCACHON-ECOTOURS-Web.pdf\" target=\"_blank\" rel=\"noreferrer noopener\">\u041e\u0442\u043a\u0440\u043e\u0439\u0442\u0435 \u0434\u043b\u044f \u0441\u0435\u0431\u044f \u0432\u0441\u0435 \u0435\u0433\u043e \u043f\u0440\u0435\u0434\u043b\u043e\u0436\u0435\u043d\u0438\u044f \u0437\u0434\u0435\u0441\u044c<\/a>.<\/p>\n<\/div>\n\n\n\n<div class=\"wp-block-uagb-container uagb-block-1ba8209f\"><\/div>\n<\/div><\/div>\n\n\n\n<div style=\"height:60px\" aria-hidden=\"true\" class=\"wp-block-spacer\"><\/div>","protected":false},"excerpt":{"rendered":"<p>Offre Green Meeting Un s\u00e9minaire qui a du sens Au coeur de la nature Tarifs green D\u00e9couverte \u00e9co-responsable Plogging Coh\u00e9sion Nous contacter mice@siba-bassin-arcachon.fr Suggestion de programme Jour 1 H\u00e9bergement sur [&hellip;]<\/p>\n","protected":false},"author":13,"featured_media":44400,"parent":47639,"menu_order":0,"comment_status":"closed","ping_status":"closed","template":"","meta":{"_acf_changed":false,"_uag_custom_page_level_css":"","footnotes":""},"class_list":["post-47656","page","type-page","status-publish","has-post-thumbnail","hentry"],"acf":[],"uagb_featured_image_src":{"full":["https:\/\/bassin-arcachon.com\/wp-content\/uploads\/2020\/07\/pres-sales-ares-17.jpg",1200,800,false],"thumbnail":["https:\/\/bassin-arcachon.com\/wp-content\/uploads\/2020\/07\/pres-sales-ares-17-150x150.jpg",150,150,true],"medium":["https:\/\/bassin-arcachon.com\/wp-content\/uploads\/2020\/07\/pres-sales-ares-17-600x400.jpg",600,400,true],"medium_large":["https:\/\/bassin-arcachon.com\/wp-content\/uploads\/2020\/07\/pres-sales-ares-17-768x512.jpg",768,512,true],"large":["https:\/\/bassin-arcachon.com\/wp-content\/uploads\/2020\/07\/pres-sales-ares-17-1024x683.jpg",1024,683,true],"1536x1536":["https:\/\/bassin-arcachon.com\/wp-content\/uploads\/2020\/07\/pres-sales-ares-17.jpg",1200,800,false],"2048x2048":["https:\/\/bassin-arcachon.com\/wp-content\/uploads\/2020\/07\/pres-sales-ares-17.jpg",1200,800,false],"trp-custom-language-flag":["https:\/\/bassin-arcachon.com\/wp-content\/uploads\/2020\/07\/pres-sales-ares-17-18x12.jpg",18,12,true]},"uagb_author_info":{"display_name":"Marine, ambassadrice du Bassin d'Arcachon","author_link":"https:\/\/bassin-arcachon.com\/ru\/author\/marineles-conteurs-com\/"},"uagb_comment_info":0,"uagb_excerpt":"Offre Green Meeting Un s\u00e9minaire qui a du sens Au coeur de la nature Tarifs green D\u00e9couverte \u00e9co-responsable Plogging Coh\u00e9sion Nous contacter mice@siba-bassin-arcachon.fr Suggestion de programme Jour 1 H\u00e9bergement sur [&hellip;]","_links":{"self":[{"href":"https:\/\/bassin-arcachon.com\/ru\/wp-json\/wp\/v2\/pages\/47656","targetHints":{"allow":["GET"]}}],"collection":[{"href":"https:\/\/bassin-arcachon.com\/ru\/wp-json\/wp\/v2\/pages"}],"about":[{"href":"https:\/\/bassin-arcachon.com\/ru\/wp-json\/wp\/v2\/types\/page"}],"author":[{"embeddable":true,"href":"https:\/\/bassin-arcachon.com\/ru\/wp-json\/wp\/v2\/users\/13"}],"replies":[{"embeddable":true,"href":"https:\/\/bassin-arcachon.com\/ru\/wp-json\/wp\/v2\/comments?post=47656"}],"version-history":[{"count":0,"href":"https:\/\/bassin-arcachon.com\/ru\/wp-json\/wp\/v2\/pages\/47656\/revisions"}],"up":[{"embeddable":true,"href":"https:\/\/bassin-arcachon.com\/ru\/wp-json\/wp\/v2\/pages\/47639"}],"wp:featuredmedia":[{"embeddable":true,"href":"https:\/\/bassin-arcachon.com\/ru\/wp-json\/wp\/v2\/media\/44400"}],"wp:attachment":[{"href":"https:\/\/bassin-arcachon.com\/ru\/wp-json\/wp\/v2\/media?parent=47656"}],"curies":[{"name":"WP","href":"https:\/\/api.w.org\/{rel}","templated":true}]}}