{"id":47924,"date":"2020-10-02T17:01:05","date_gmt":"2020-10-02T15:01:05","guid":{"rendered":"https:\/\/bassin-arcachon.com\/\/?page_id=47924"},"modified":"2024-05-13T16:22:16","modified_gmt":"2024-05-13T14:22:16","slug":"%d0%bf%d1%80%d0%be%d0%b3%d1%80%d0%b0%d0%bc%d0%bc%d0%b0-%d1%81%d0%be%d1%86%d0%b8%d0%b0%d0%bb%d1%8c%d0%bd%d1%8b%d1%85-%d0%bc%d1%8b%d1%88%d0%b5%d0%b9","status":"publish","type":"page","link":"https:\/\/bassin-arcachon.com\/ru\/seminaires-congres\/programme-social-mice\/","title":{"rendered":"\u0421\u043e\u043f\u0443\u0442\u0441\u0442\u0432\u0443\u044e\u0449\u0430\u044f \u043f\u0440\u043e\u0433\u0440\u0430\u043c\u043c\u0430"},"content":{"rendered":"<div class=\"wp-block-uagb-container uagb-block-79a87478 alignfull uagb-is-root-container\"><div class=\"uagb-container-inner-blocks-wrap\">\n<div class=\"wp-block-uagb-container uagb-block-61acb081\">\t\t\t\t\t<div\n\t\t\t\t\t\tclass=\"wp-block-uagb-image-gallery uagb-block-9ee358e5\"\n\t\t\t\t\t\tstyle=\"\"\n\t\t\t\t\t>\n\t\t\t\t\t\t\t\t\t\t\t<div class=\"spectra-image-gallery spectra-image-gallery__layout--carousel\">\n\t\t\t\t\t\t\t\t<div class=\"uagb-slick-carousel uagb-block-9ee358e5\">\n\t\t\t\t\t\t\t\t\t\t\t\t<div class='spectra-image-gallery__media-wrapper' data-spectra-gallery-image-id='23422'>\n\t\t\t\t\t\t\t<div class=\"spectra-image-gallery__media spectra-image-gallery__media--carousel\">\n\t\t\t\t<picture>\n\t\t\t\t\t<source media=\"(min-width: 1024px)\" srcset=\"https:\/\/bassin-arcachon.com\/wp-content\/uploads\/2018\/07\/D\u00e9couvrir-la-Ville-dHiver.jpg\">\n\t\t\t\t\t<source media=\"(min-width: 768px)\" srcset=\"https:\/\/bassin-arcachon.com\/wp-content\/uploads\/2018\/07\/D\u00e9couvrir-la-Ville-dHiver.jpg\">\n\t\t\t\t\t<img decoding=\"async\" class=\"spectra-image-gallery__media-thumbnail spectra-image-gallery__media-thumbnail--carousel\" src=\"https:\/\/bassin-arcachon.com\/wp-content\/uploads\/2018\/07\/Discover-la-Ville-dHiver.jpg\" alt=\"- - Bassin d&#039;Arcachon\" loading=\"lazy\" title=\"- - Bassin d&#039;Arcachon\">\n\t\t\t\t<\/picture>\n\t\t\t\t<div class=\"spectra-image-gallery__media-thumbnail-blurrer\"><\/div>\n\t\t\t\t\t\t\t\t\t\t\t<div class=\"spectra-image-gallery__media-thumbnail-caption-wrapper spectra-image-gallery__media-thumbnail-caption-wrapper--overlay\"><\/div>\n\t\t\t\t\t\t\t\t<\/div>\n\t\t\t\t\t\t<\/div>\n\t\t\t\t\t\t<div class='spectra-image-gallery__media-wrapper' data-spectra-gallery-image-id='47488'>\n\t\t\t\t\t\t\t<div class=\"spectra-image-gallery__media spectra-image-gallery__media--carousel\">\n\t\t\t\t<picture>\n\t\t\t\t\t<source media=\"(min-width: 1024px)\" srcset=\"https:\/\/bassin-arcachon.com\/wp-content\/uploads\/2020\/09\/7-Vue-sur-la-Dune-du-Pilat-au-Cap-FerretcAng\u00e9lique-Saget-scaled-1024x768.jpg\">\n\t\t\t\t\t<source media=\"(min-width: 768px)\" srcset=\"https:\/\/bassin-arcachon.com\/wp-content\/uploads\/2020\/09\/7-Vue-sur-la-Dune-du-Pilat-au-Cap-FerretcAng\u00e9lique-Saget-scaled-1024x768.jpg\">\n\t\t\t\t\t<img decoding=\"async\" class=\"spectra-image-gallery__media-thumbnail spectra-image-gallery__media-thumbnail--carousel\" src=\"https:\/\/bassin-arcachon.com\/wp-content\/uploads\/2020\/09\/7-Vue-sur-la-Dune-du-Pilat-au-Cap-FerretcAng\u00e9lique-Saget-scaled-1024x768.jpg\" alt=\"- - Bassin d&#039;Arcachon\" loading=\"lazy\" title=\"- - Bassin d&#039;Arcachon\">\n\t\t\t\t<\/picture>\n\t\t\t\t<div class=\"spectra-image-gallery__media-thumbnail-blurrer\"><\/div>\n\t\t\t\t\t\t\t\t\t\t\t<div class=\"spectra-image-gallery__media-thumbnail-caption-wrapper spectra-image-gallery__media-thumbnail-caption-wrapper--overlay\"><\/div>\n\t\t\t\t\t\t\t\t<\/div>\n\t\t\t\t\t\t<\/div>\n\t\t\t\t\t\t<div class='spectra-image-gallery__media-wrapper' data-spectra-gallery-image-id='47936'>\n\t\t\t\t\t\t\t<div class=\"spectra-image-gallery__media spectra-image-gallery__media--carousel\">\n\t\t\t\t<picture>\n\t\t\t\t\t<source media=\"(min-width: 1024px)\" srcset=\"https:\/\/bassin-arcachon.com\/wp-content\/uploads\/2020\/09\/navettes-uba-agence-les-conteurs-9-1024x683.jpg\">\n\t\t\t\t\t<source media=\"(min-width: 768px)\" srcset=\"https:\/\/bassin-arcachon.com\/wp-content\/uploads\/2020\/09\/navettes-uba-agence-les-conteurs-9-1024x683.jpg\">\n\t\t\t\t\t<img decoding=\"async\" class=\"spectra-image-gallery__media-thumbnail spectra-image-gallery__media-thumbnail--carousel\" src=\"https:\/\/bassin-arcachon.com\/wp-content\/uploads\/2020\/09\/navettes-uba-agence-les-conteurs-9-1024x683.jpg\" alt=\"- - Bassin d&#039;Arcachon\" loading=\"lazy\" title=\"- - Bassin d&#039;Arcachon\">\n\t\t\t\t<\/picture>\n\t\t\t\t<div class=\"spectra-image-gallery__media-thumbnail-blurrer\"><\/div>\n\t\t\t\t\t\t\t\t\t\t\t<div class=\"spectra-image-gallery__media-thumbnail-caption-wrapper spectra-image-gallery__media-thumbnail-caption-wrapper--overlay\"><\/div>\n\t\t\t\t\t\t\t\t<\/div>\n\t\t\t\t\t\t<\/div>\n\t\t\t\t\t\t<div class='spectra-image-gallery__media-wrapper' data-spectra-gallery-image-id='47931'>\n\t\t\t\t\t\t\t<div class=\"spectra-image-gallery__media spectra-image-gallery__media--carousel\">\n\t\t\t\t<picture>\n\t\t\t\t\t<source media=\"(min-width: 1024px)\" srcset=\"https:\/\/bassin-arcachon.com\/wp-content\/uploads\/2020\/09\/andernos-3-scaled-1024x683.jpg\">\n\t\t\t\t\t<source media=\"(min-width: 768px)\" srcset=\"https:\/\/bassin-arcachon.com\/wp-content\/uploads\/2020\/09\/andernos-3-scaled-1024x683.jpg\">\n\t\t\t\t\t<img decoding=\"async\" class=\"spectra-image-gallery__media-thumbnail spectra-image-gallery__media-thumbnail--carousel\" src=\"https:\/\/bassin-arcachon.com\/wp-content\/uploads\/2020\/09\/andernos-3-scaled-1024x683.jpg\" alt=\"- - Bassin d&#039;Arcachon\" loading=\"lazy\" title=\"- - Bassin d&#039;Arcachon\">\n\t\t\t\t<\/picture>\n\t\t\t\t<div class=\"spectra-image-gallery__media-thumbnail-blurrer\"><\/div>\n\t\t\t\t\t\t\t\t\t\t\t<div class=\"spectra-image-gallery__media-thumbnail-caption-wrapper spectra-image-gallery__media-thumbnail-caption-wrapper--overlay\"><\/div>\n\t\t\t\t\t\t\t\t<\/div>\n\t\t\t\t\t\t<\/div>\n\t\t\t\t\t\t<div class='spectra-image-gallery__media-wrapper' data-spectra-gallery-image-id='47930'>\n\t\t\t\t\t\t\t<div class=\"spectra-image-gallery__media spectra-image-gallery__media--carousel\">\n\t\t\t\t<picture>\n\t\t\t\t\t<source media=\"(min-width: 1024px)\" srcset=\"https:\/\/bassin-arcachon.com\/wp-content\/uploads\/2020\/09\/andernos-2-1024x682.jpg\">\n\t\t\t\t\t<source media=\"(min-width: 768px)\" srcset=\"https:\/\/bassin-arcachon.com\/wp-content\/uploads\/2020\/09\/andernos-2-1024x682.jpg\">\n\t\t\t\t\t<img decoding=\"async\" class=\"spectra-image-gallery__media-thumbnail spectra-image-gallery__media-thumbnail--carousel\" src=\"https:\/\/bassin-arcachon.com\/wp-content\/uploads\/2020\/09\/andernos-2-1024x682.jpg\" alt=\"- - Bassin d&#039;Arcachon\" loading=\"lazy\" title=\"- - Bassin d&#039;Arcachon\">\n\t\t\t\t<\/picture>\n\t\t\t\t<div class=\"spectra-image-gallery__media-thumbnail-blurrer\"><\/div>\n\t\t\t\t\t\t\t\t\t\t\t<div class=\"spectra-image-gallery__media-thumbnail-caption-wrapper spectra-image-gallery__media-thumbnail-caption-wrapper--overlay\"><\/div>\n\t\t\t\t\t\t\t\t<\/div>\n\t\t\t\t\t\t<\/div>\n\t\t\t\t\t\t<div class='spectra-image-gallery__media-wrapper' data-spectra-gallery-image-id='48130'>\n\t\t\t\t\t\t\t<div class=\"spectra-image-gallery__media spectra-image-gallery__media--carousel\">\n\t\t\t\t<picture>\n\t\t\t\t\t<source media=\"(min-width: 1024px)\" srcset=\"https:\/\/bassin-arcachon.com\/wp-content\/uploads\/2020\/10\/thalasso-arcachon-karine-medina-1024x683.jpg\">\n\t\t\t\t\t<source media=\"(min-width: 768px)\" srcset=\"https:\/\/bassin-arcachon.com\/wp-content\/uploads\/2020\/10\/thalasso-arcachon-karine-medina-1024x683.jpg\">\n\t\t\t\t\t<img decoding=\"async\" class=\"spectra-image-gallery__media-thumbnail spectra-image-gallery__media-thumbnail--carousel\" src=\"https:\/\/bassin-arcachon.com\/wp-content\/uploads\/2020\/10\/thalasso-arcachon-karine-medina-1024x683.jpg\" alt=\"- - Bassin d&#039;Arcachon\" loading=\"lazy\" title=\"- - Bassin d&#039;Arcachon\">\n\t\t\t\t<\/picture>\n\t\t\t\t<div class=\"spectra-image-gallery__media-thumbnail-blurrer\"><\/div>\n\t\t\t\t\t\t\t\t\t\t\t<div class=\"spectra-image-gallery__media-thumbnail-caption-wrapper spectra-image-gallery__media-thumbnail-caption-wrapper--overlay\"><\/div>\n\t\t\t\t\t\t\t\t<\/div>\n\t\t\t\t\t\t<\/div>\n\t\t\t\t\t\t<div class='spectra-image-gallery__media-wrapper' data-spectra-gallery-image-id='47937'>\n\t\t\t\t\t\t\t<div class=\"spectra-image-gallery__media spectra-image-gallery__media--carousel\">\n\t\t\t\t<picture>\n\t\t\t\t\t<source media=\"(min-width: 1024px)\" srcset=\"https:\/\/bassin-arcachon.com\/wp-content\/uploads\/2020\/09\/shopping-arcachon-siba-agence-les-conteurs-17-1024x705.jpg\">\n\t\t\t\t\t<source media=\"(min-width: 768px)\" srcset=\"https:\/\/bassin-arcachon.com\/wp-content\/uploads\/2020\/09\/shopping-arcachon-siba-agence-les-conteurs-17-1024x705.jpg\">\n\t\t\t\t\t<img decoding=\"async\" class=\"spectra-image-gallery__media-thumbnail spectra-image-gallery__media-thumbnail--carousel\" src=\"https:\/\/bassin-arcachon.com\/wp-content\/uploads\/2020\/09\/shopping-arcachon-siba-agence-les-conteurs-17-1024x705.jpg\" alt=\"- - Bassin d&#039;Arcachon\" loading=\"lazy\" title=\"- - Bassin d&#039;Arcachon\">\n\t\t\t\t<\/picture>\n\t\t\t\t<div class=\"spectra-image-gallery__media-thumbnail-blurrer\"><\/div>\n\t\t\t\t\t\t\t\t\t\t\t<div class=\"spectra-image-gallery__media-thumbnail-caption-wrapper spectra-image-gallery__media-thumbnail-caption-wrapper--overlay\"><\/div>\n\t\t\t\t\t\t\t\t<\/div>\n\t\t\t\t\t\t<\/div>\n\t\t\t\t\t\t<div class='spectra-image-gallery__media-wrapper' data-spectra-gallery-image-id='47928'>\n\t\t\t\t\t\t\t<div class=\"spectra-image-gallery__media spectra-image-gallery__media--carousel\">\n\t\t\t\t<picture>\n\t\t\t\t\t<source media=\"(min-width: 1024px)\" srcset=\"https:\/\/bassin-arcachon.com\/wp-content\/uploads\/2020\/09\/Paddle-bassin-darcachon-1-scaled-1024x683.jpg\">\n\t\t\t\t\t<source media=\"(min-width: 768px)\" srcset=\"https:\/\/bassin-arcachon.com\/wp-content\/uploads\/2020\/09\/Paddle-bassin-darcachon-1-scaled-1024x683.jpg\">\n\t\t\t\t\t<img decoding=\"async\" class=\"spectra-image-gallery__media-thumbnail spectra-image-gallery__media-thumbnail--carousel\" src=\"https:\/\/bassin-arcachon.com\/wp-content\/uploads\/2020\/09\/Paddle-bassin-darcachon-1-scaled-1024x683.jpg\" alt=\"- - Bassin d&#039;Arcachon\" loading=\"lazy\" title=\"- - Bassin d&#039;Arcachon\">\n\t\t\t\t<\/picture>\n\t\t\t\t<div class=\"spectra-image-gallery__media-thumbnail-blurrer\"><\/div>\n\t\t\t\t\t\t\t\t\t\t\t<div class=\"spectra-image-gallery__media-thumbnail-caption-wrapper spectra-image-gallery__media-thumbnail-caption-wrapper--overlay\"><\/div>\n\t\t\t\t\t\t\t\t<\/div>\n\t\t\t\t\t\t<\/div>\n\t\t\t\t\t\t<div class='spectra-image-gallery__media-wrapper' data-spectra-gallery-image-id='47929'>\n\t\t\t\t\t\t\t<div class=\"spectra-image-gallery__media spectra-image-gallery__media--carousel\">\n\t\t\t\t<picture>\n\t\t\t\t\t<source media=\"(min-width: 1024px)\" srcset=\"https:\/\/bassin-arcachon.com\/wp-content\/uploads\/2020\/09\/andernos-1-1024x682.jpg\">\n\t\t\t\t\t<source media=\"(min-width: 768px)\" srcset=\"https:\/\/bassin-arcachon.com\/wp-content\/uploads\/2020\/09\/andernos-1-1024x682.jpg\">\n\t\t\t\t\t<img decoding=\"async\" class=\"spectra-image-gallery__media-thumbnail spectra-image-gallery__media-thumbnail--carousel\" src=\"https:\/\/bassin-arcachon.com\/wp-content\/uploads\/2020\/09\/andernos-1-1024x682.jpg\" alt=\"- - Bassin d&#039;Arcachon\" loading=\"lazy\" title=\"- - Bassin d&#039;Arcachon\">\n\t\t\t\t<\/picture>\n\t\t\t\t<div class=\"spectra-image-gallery__media-thumbnail-blurrer\"><\/div>\n\t\t\t\t\t\t\t\t\t\t\t<div class=\"spectra-image-gallery__media-thumbnail-caption-wrapper spectra-image-gallery__media-thumbnail-caption-wrapper--overlay\"><\/div>\n\t\t\t\t\t\t\t\t<\/div>\n\t\t\t\t\t\t<\/div>\n\t\t\t\t\t\t\t\t\t\t\t<\/div>\n\t\t\t\t\t\t\t<\/div>\n\t\t\t\t\t\t\t\t\t\t\t<\/div>\n\t\t\t\t\t\t\t\t\t<\/div>\n\n\n\n<div class=\"wp-block-uagb-container uagb-block-3ff112e5\">\n<div class=\"wp-block-uagb-container uagb-block-e3d33b9a\">\n<p class=\"has-white-color has-text-color\">\u041e\u0431\u0437\u043e\u0440\u043d\u0430\u044f \u044d\u043a\u0441\u043a\u0443\u0440\u0441\u0438\u044f \u043f\u043e \u0417\u0438\u043c\u043d\u0435\u043c\u0443 \u0433\u043e\u0440\u043e\u0434\u0443.<br><br>\u041f\u043e\u0445\u043e\u0434 \u043f\u043e \u043f\u0435\u0441\u043a\u0443<br><br>\u041a\u0440\u0443\u0438\u0437 \u043d\u0430 Bassin<br><br>\u041a\u0443\u043b\u0438\u043d\u0430\u0440\u043d\u044b\u0435 \u0434\u0435\u0433\u0443\u0441\u0442\u0430\u0446\u0438\u0438<br><br>\u0413\u043e\u043b\u044c\u0444 \u0438 \u0442\u0430\u043b\u0430\u0441\u0441\u043e\u0442\u0435\u0440\u0430\u043f\u0438\u044f<br><br>\u041f\u043e\u043a\u0443\u043f\u043a\u0430<\/p>\n<\/div>\n\n\n\n<div class=\"wp-block-uagb-container uagb-block-d7bc019e\">\n<h4 class=\"wp-block-heading\">\u0421\u0432\u044f\u0436\u0438\u0442\u0435\u0441\u044c \u0441 \u043d\u0430\u043c\u0438<\/h4>\n\n\n\n<p class=\"has-black-color has-text-color\"><a href=\"mailto:mice@siba-bassin-arcachon.fr\">mice@siba-bassin-arcachon.fr<\/a><\/p>\n<\/div>\n<\/div>\n<\/div><\/div>\n\n\n\n<div style=\"height:40px\" aria-hidden=\"true\" class=\"wp-block-spacer\"><\/div>\n\n\n\n<div class=\"wp-block-uagb-container uagb-block-f3a0d706 alignfull uagb-is-root-container\"><div class=\"uagb-container-inner-blocks-wrap\">\n<div class=\"wp-block-uagb-container uagb-block-98354184\">\n<h2 class=\"wp-block-heading\">\u0421\u043e\u0446\u0438\u0430\u043b\u044c\u043d\u0430\u044f \u043f\u0440\u043e\u0433\u0440\u0430\u043c\u043c\u0430 \/ \u043a\u043e\u043c\u043f\u0430\u043d\u044c\u043e\u043d<\/h2>\n\n\n\n<h3 class=\"wp-block-heading\">\u042d\u043a\u0441\u043a\u0443\u0440\u0441\u0438\u044f \u043f\u043e \u0437\u0438\u043c\u043d\u0435\u043c\u0443 \u0433\u043e\u0440\u043e\u0434\u0443 \u0410\u0440\u043a\u0430\u0448\u043e\u043d.<strong><\/strong><\/h3>\n\n\n\n<p>\u041e\u0442\u043a\u0440\u043e\u0439\u0442\u0435 \u0434\u043b\u044f \u0441\u0435\u0431\u044f \u0430\u0440\u0445\u0438\u0442\u0435\u043a\u0442\u0443\u0440\u043d\u0443\u044e \u0438 \u0441\u0442\u0438\u043b\u0438\u0441\u0442\u0438\u0447\u0435\u0441\u043a\u0443\u044e \u044d\u0432\u043e\u043b\u044e\u0446\u0438\u044e \u0432\u0438\u043b\u043b&nbsp;<strong>\u0417\u0438\u043c\u043d\u0438\u0439 \u0433\u043e\u0440\u043e\u0434<\/strong>. \u041e\u0442 \u0435\u0433\u043e \u0441\u043e\u0437\u0434\u0430\u043d\u0438\u044f \u0434\u043e \u0438\u0441\u0442\u043e\u0440\u0438\u0447\u0435\u0441\u043a\u0438\u0445 \u0430\u043d\u0435\u043a\u0434\u043e\u0442\u043e\u0432, \u0441\u0432\u044f\u0437\u0430\u043d\u043d\u044b\u0445 \u0441 \u0430\u0440\u0438\u0441\u0442\u043e\u043a\u0440\u0430\u0442\u0438\u0435\u0439 \u0438 \u0431\u0443\u0440\u0436\u0443\u0430\u0437\u0438\u0435\u0439, \u043a\u043e\u0442\u043e\u0440\u044b\u0435 \u043f\u0440\u0438\u0435\u0445\u0430\u043b\u0438 \u043d\u0430 \u043e\u0442\u0434\u044b\u0445 \u0432 \u0410\u0440\u043a\u0430\u0448\u043e\u043d, \u043f\u043e\u0437\u0432\u043e\u043b\u044c\u0442\u0435 \u0441\u0435\u0431\u0435 \u043f\u0440\u043e\u0439\u0442\u0438 \u0447\u0435\u0440\u0435\u0437 \u044d\u0442\u043e\u0442 \u0441\u0438\u043c\u0432\u043e\u043b\u0438\u0447\u0435\u0441\u043a\u0438\u0439 \u0440\u0430\u0439\u043e\u043d.<\/p>\n\n\n\n<h3 class=\"wp-block-heading\">\u041f\u043e\u0445\u043e\u0434\u044b \u043f\u043e \u043f\u0435\u0441\u043a\u0443 \u0438 \u043f\u043e\u0434 \u0441\u043e\u0441\u043d\u0430\u043c\u0438<\/h3>\n\n\n\n<p>\u041e\u0442\u043a\u0440\u043e\u0439\u0442\u0435 \u0434\u043b\u044f \u0441\u0435\u0431\u044f&nbsp;<strong>\u041f\u043e\u043b\u0443\u043e\u0441\u0442\u0440\u043e\u0432 \u041b\u0435\u0436-\u041a\u0430\u043f-\u0424\u0435\u0440\u0440\u0435<\/strong>, \u043f\u0435\u0448\u043a\u043e\u043c, \u043d\u0430 \u0441\u0435\u0433\u0432\u0435\u0435, \u043d\u0430 \u0441\u043a\u0443\u0442\u0435\u0440\u0435 \u0438\u043b\u0438 \u0434\u0430\u0436\u0435 \u043d\u0430 \u0432\u0435\u043b\u043e\u0441\u0438\u043f\u0435\u0434\u0435. \u041f\u0440\u043e\u0439\u0434\u0438\u0442\u0435 \u0447\u0435\u0440\u0435\u0437 44 \u0433\u0435\u043a\u0442\u0430\u0440\u0430 \u043a \u041f\u0443\u044d\u043d\u0442-\u0434\u044e-\u041a\u0430\u043f-\u0424\u0435\u0440\u0440\u0435 \u0441 \u0435\u0433\u043e \u0432\u0435\u043b\u0438\u043a\u043e\u043b\u0435\u043f\u043d\u043e\u0439 \u043f\u0430\u043d\u043e\u0440\u0430\u043c\u043e\u0439 \u043d\u0430 Bassin \u0438 \u043e\u043a\u0435\u0430\u043d. \u0418\u043b\u0438 \u043e\u0442\u043a\u0440\u043e\u0439\u0442\u0435 \u0434\u043b\u044f \u0441\u0435\u0431\u044f&nbsp;<strong>\u0414\u044e\u043d\u0430 \u041f\u0438\u043b\u0430\u0442\u0430<\/strong>&nbsp;\u0432\u043e \u0432\u0440\u0435\u043c\u044f \u043f\u0440\u043e\u0433\u0443\u043b\u043a\u0438 \u0441 \u044d\u043a\u0441\u043a\u0443\u0440\u0441\u043e\u0432\u043e\u0434\u043e\u043c.<\/p>\n\n\n\n<h3 class=\"wp-block-heading\">\u041a\u0440\u0443\u0438\u0437 \u043d\u0430 Bassin \u0410\u0440\u043a\u0430\u0448\u043e\u043d\u0430<strong><\/strong><\/h3>\n\n\n\n<p><strong>\u041f\u043e\u0435\u0437\u0434\u043a\u0430 \u043d\u0430 \u043b\u043e\u0434\u043a\u0435<\/strong>&nbsp;\u043d\u0430 Arcachon Bassin: \u043a\u0440\u0443\u0433&nbsp;<strong>\u041f\u0442\u0438\u0447\u0438\u0439 \u043e\u0441\u0442\u0440\u043e\u0432<\/strong>&nbsp;\u0438 \u0435\u0433\u043e \u0437\u043d\u0430\u043c\u0435\u043d\u0438\u0442\u044b\u0439&nbsp;<strong>\u0434\u043e\u043c\u0438\u043a\u0438 \u043d\u0430 \u0441\u0432\u0430\u044f\u0445<\/strong>&nbsp;(\u0445\u0438\u0436\u0438\u043d\u044b \u043d\u0430 \u0441\u0432\u0430\u044f\u0445) \u0438 \u043f\u0440\u043e\u0433\u0443\u043b\u043a\u0430 \u043f\u043e \u0434\u0435\u0440\u0435\u0432\u043d\u044f\u043c, \u0432\u044b\u0440\u0430\u0449\u0438\u0432\u0430\u044e\u0449\u0438\u043c \u0443\u0441\u0442\u0440\u0438\u0446, \u043d\u0430 \u043f\u043e\u043b\u0443\u043e\u0441\u0442\u0440\u043e\u0432\u0435 \u041a\u0430\u043f-\u0424\u0435\u0440\u0440\u0435.<\/p>\n\n\n\n<h3 class=\"wp-block-heading\">\u041a\u0443\u043b\u0438\u043d\u0430\u0440\u043d\u044b\u0435 \u0434\u0435\u0433\u0443\u0441\u0442\u0430\u0446\u0438\u0438<strong><\/strong><\/h3>\n\n\n\n<p>\u0410\u043f\u0435\u0440\u0438\u0442\u0438\u0432 \u0432&nbsp;<strong>\u0443\u0441\u0442\u0440\u0438\u0447\u043d\u0430\u044f \u0445\u0438\u0436\u0438\u043d\u0430<\/strong>&nbsp;\u0432\u043e\u043a\u0440\u0443\u0433 \u0442\u0430\u0440\u0435\u043b\u043a\u0438 \u0443\u0441\u0442\u0440\u0438\u0446 \u0432 \u0441\u043e\u043f\u0440\u043e\u0432\u043e\u0436\u0434\u0435\u043d\u0438\u0438 \u0431\u043e\u043a\u0430\u043b\u0430 \u0431\u0435\u043b\u043e\u0433\u043e \u0432\u0438\u043d\u0430. \u0412\u043e\u0437\u043c\u043e\u0436\u0435\u043d \u043c\u0430\u0441\u0442\u0435\u0440-\u043a\u043b\u0430\u0441\u0441 \u043f\u043e \u0440\u0430\u043a\u0443\u0448\u0435\u0447\u043d\u0438\u043a\u0443 \u0441 \u0443\u0441\u0442\u0440\u0438\u0447\u043d\u044b\u043c \u0444\u0435\u0440\u043c\u0435\u0440\u043e\u043c \u0432 \u0434\u0440\u0443\u0436\u0435\u0441\u043a\u043e\u0439 \u0430\u0442\u043c\u043e\u0441\u0444\u0435\u0440\u0435.<\/p>\n\n\n\n<h3 class=\"wp-block-heading\">\u0413\u043e\u043b\u044c\u0444<strong><\/strong><\/h3>\n\n\n\n<p>\u041d\u0430\u0441\u043b\u0430\u0434\u0438\u0442\u0435\u0441\u044c \u043f\u043e\u043b\u0435\u043c \u0434\u043b\u044f \u0433\u043e\u043b\u044c\u0444\u0430 \u0441\u0440\u0435\u0434\u0438 \u0441\u043e\u0441\u0435\u043d, \u0430 \u0437\u0430\u0442\u0435\u043c \u043f\u043e\u043e\u0431\u0435\u0434\u0430\u0439\u0442\u0435 \u0432 \u0440\u0435\u0441\u0442\u043e\u0440\u0430\u043d\u0435 \u043d\u0430 \u0442\u0435\u0440\u0440\u0430\u0441\u0435 \u0434\u043b\u044f \u0433\u043e\u043b\u044c\u0444\u0430: \u0432&nbsp;<a href=\"https:\/\/www.golfarcachon.org\/fr\/\" target=\"_blank\" rel=\"noreferrer noopener\">\u0410\u0440\u043a\u0430\u0448\u043e\u043d<\/a>,&nbsp;<a href=\"https:\/\/bluegreen.fr\/gujan\/\" target=\"_blank\" rel=\"noreferrer noopener\">\u0413\u0443\u0436\u0430\u043d-\u041c\u0435\u0441\u0442\u0440\u0430\u0441<\/a>,&nbsp;<a href=\"https:\/\/bassin-arcachon.com\/ru\/%d0%bf%d0%be%d0%b4%d1%80%d0%be%d0%b1%d0%bd%d0%b0%d1%8f-%d0%b8%d0%bd%d1%84%d0%be%d1%80%d0%bc%d0%b0%d1%86%d0%b8%d1%8f\/?types=activite_golf&amp;id=LOIAQU033FS000NJ&amp;title=golf-des-aiguilles-vertes\" target=\"_blank\" rel=\"noreferrer noopener\">\u041b\u0430\u043d\u0442\u043e\u043d<\/a>&nbsp;\u0413\u0434\u0435&nbsp;<a href=\"https:\/\/www.capgolf.fr\/\" target=\"_blank\" rel=\"noreferrer noopener\">\u041b\u0435\u0433-\u041a\u0430\u043f \u0425\u043e\u0440\u0435\u043a<\/a>.<\/p>\n\n\n\n<h3 class=\"wp-block-heading\">\u0422\u0430\u043b\u0430\u0441\u0441\u043e\/\u0411\u0430\u043b\u044c\u043d\u0435\u043e\u0442\u0435\u0440\u0430\u043f\u0438\u044f\/\u0421\u043f\u0430<strong><\/strong><\/h3>\n\n\n\n<p>\u041d\u0430\u0441\u043b\u0430\u0436\u0434\u0430\u0439\u0442\u0435\u0441\u044c \u043c\u043e\u043c\u0435\u043d\u0442\u043e\u043c \u0440\u0430\u0441\u0441\u043b\u0430\u0431\u043b\u0435\u043d\u0438\u044f \u0432 \u0446\u0435\u043d\u0442\u0440\u0435 \u0442\u0430\u043b\u0430\u0441\u0441\u043e\u0442\u0435\u0440\u0430\u043f\u0438\u0438&nbsp;<a href=\"https:\/\/www.thalazur.fr\/arcachon\/thalasso\/\" target=\"_blank\" rel=\"noreferrer noopener\">\u0422\u0430\u043b\u0430\u0437\u0443\u0440 \u0410\u0440\u043a\u0430\u0448\u043e\u043d<\/a>, \u0412&nbsp;<a href=\"https:\/\/www.domaineduferret.com\/\" target=\"_blank\" rel=\"noreferrer noopener\">\u0414\u043e\u043c\u0435\u043d \u0434\u044e \u0424\u0435\u0440\u0440\u0435 \u0411\u0430\u043b\u044c\u043d\u0435\u043e &amp; \u0421\u043f\u0430<\/a>&nbsp;\u0432 \u041b\u0435\u0436-\u041a\u0430\u043f-\u0424\u0435\u0440\u0440\u0435 \u0438\u043b\u0438 \u0432 \u0438\u0441\u043a\u043b\u044e\u0447\u0438\u0442\u0435\u043b\u044c\u043d\u043e\u043c \u0441\u043f\u0430-\u043e\u0442\u0435\u043b\u0435:<a href=\"https:\/\/www.hotel-cotesable.com\/fr\/spa-clarins-cap-ferret.html\" target=\"_blank\" rel=\"noopener\">\u0421\u044d\u043d\u0434\u0438 \u0421\u0430\u0439\u0434 \u041e\u0442\u0435\u043b\u044c<\/a>&nbsp;\u0432 \u041a\u0430\u043f-\u0424\u0435\u0440\u0440\u0435,<a href=\"https:\/\/www.hotelvilledhiver.com\/\" target=\"_blank\" rel=\"noreferrer noopener\">\u0423\u0438\u043d\u0442\u0435\u0440 \u0421\u0438\u0442\u0438 \u041e\u0442\u0435\u043b\u044c<\/a>&nbsp;\u0438\u043b\u0438 \u0434\u0430\u0436\u0435<a href=\"https:\/\/www.hotelvillalamartine.com\/\" target=\"_blank\" rel=\"noopener\">\u041e\u0442\u0435\u043b\u044c \u0412\u0438\u043b\u043b\u0430 \u041b\u0430\u043c\u0430\u0440\u0442\u0438\u043d<\/a>&nbsp;\u0432 \u0410\u0440\u043a\u0430\u0448\u043e\u043d\u0435.<\/p>\n\n\n\n<h3 class=\"wp-block-heading\">\u041f\u043e\u043a\u0443\u043f\u043a\u0430<strong><\/strong><\/h3>\n\n\n\n<p><strong>\u041a\u0430\u043d\u0435\u043b\u0435\u0441<\/strong>&nbsp;\u043e\u0442 \u0413\u0438\u043d\u044c\u044f\u0440\u0430 \/&nbsp;<strong>\u0431\u0435\u043b\u044b\u0435 \u0434\u044e\u043d\u044b<\/strong>&nbsp;\u0427\u0435\u0437 \u041f\u0430\u0441\u043a\u0430\u043b\u044c \/&nbsp;<strong>\u0428\u043e\u043a\u043e\u043b\u0430\u0434\u043d\u044b\u0435 \u0443\u0441\u0442\u0440\u0438\u0446\u044b<\/strong>&nbsp;\u043e\u0442 P\u00e2tisserie Marquet \u0438\u043b\u0438 \u043e\u0442 \u041f\u044c\u0435\u0440\u0430 \u041c\u0438\u0440\u0433\u0430\u043b\u0435 \/&nbsp;<strong>\u0410\u0440\u043a\u0430\u0448\u043e\u043d \u041f\u0435\u043d\u043d\u044b\u0439 \u0414\u0443\u0445\u0438&nbsp;<\/strong>\/&nbsp;<strong>\u041c\u0430\u0440\u0435\u043b\u0438\u044f \u0425\u0430\u0443\u0441&nbsp;<\/strong>\u0432 \u0410\u043d\u0434\u0435\u0440\u043d\u043e\u0441\u0435\u2026<\/p>\n\n\n\n<p>\u041c\u0435\u0440\u043e\u043f\u0440\u0438\u044f\u0442\u0438\u044f, \u043f\u0440\u0435\u0434\u043b\u0430\u0433\u0430\u0435\u043c\u044b\u0435 \u0432 \u044d\u0442\u043e\u0439 \u043f\u0440\u043e\u0433\u0440\u0430\u043c\u043c\u0435, \u043f\u0440\u0438\u0432\u043e\u0434\u044f\u0442\u0441\u044f \u0432 \u043a\u0430\u0447\u0435\u0441\u0442\u0432\u0435 \u043f\u0440\u0438\u043c\u0435\u0440\u0430. \u0423\u0437\u043d\u0430\u0439\u0442\u0435 \u043e \u0434\u0435\u044f\u0442\u0435\u043b\u044c\u043d\u043e\u0441\u0442\u0438 Bassin \u043f\u043e <a href=\"https:\/\/bassin-arcachon.com\/ru\/%d1%81%d0%ba%d0%b0%d1%87%d0%b0%d1%82%d1%8c-%d0%bd%d0%b0%d1%88%d0%b5-%d0%bf%d1%80%d0%b8%d0%bb%d0%be%d0%b6%d0%b5%d0%bd%d0%b8%d0%b5\/\">\u0437\u0430\u0433\u0440\u0443\u0436\u0430\u044f \u043d\u0430\u0448\u0435 \u043c\u043e\u0431\u0438\u043b\u044c\u043d\u043e\u0435 \u043f\u0440\u0438\u043b\u043e\u0436\u0435\u043d\u0438\u0435!<\/a><\/p>\n<\/div>\n\n\n\n<div class=\"wp-block-uagb-container uagb-block-96db5550\"><\/div>\n<\/div><\/div>\n\n\n\n<div style=\"height:60px\" aria-hidden=\"true\" class=\"wp-block-spacer\"><\/div>","protected":false},"excerpt":{"rendered":"<p>Visite guid\u00e9e de la Ville d&rsquo;Hiver Rando dans le sable Croisi\u00e8re sur le Bassin D\u00e9gustations culinaires Golf et Thalasso Shopping Nous contacter mice@siba-bassin-arcachon.fr Programme social \/ accompagnant Visite guid\u00e9e de [&hellip;]<\/p>\n","protected":false},"author":12,"featured_media":47917,"parent":47639,"menu_order":0,"comment_status":"closed","ping_status":"closed","template":"","meta":{"_acf_changed":false,"_uag_custom_page_level_css":"","footnotes":""},"class_list":["post-47924","page","type-page","status-publish","has-post-thumbnail","hentry"],"acf":[],"uagb_featured_image_src":{"full":["https:\/\/bassin-arcachon.com\/wp-content\/uploads\/2020\/09\/shopping-arcachon.jpg",2000,1333,false],"thumbnail":["https:\/\/bassin-arcachon.com\/wp-content\/uploads\/2020\/09\/shopping-arcachon-150x150.jpg",150,150,true],"medium":["https:\/\/bassin-arcachon.com\/wp-content\/uploads\/2020\/09\/shopping-arcachon-600x400.jpg",600,400,true],"medium_large":["https:\/\/bassin-arcachon.com\/wp-content\/uploads\/2020\/09\/shopping-arcachon-768x512.jpg",768,512,true],"large":["https:\/\/bassin-arcachon.com\/wp-content\/uploads\/2020\/09\/shopping-arcachon-1024x682.jpg",1024,682,true],"1536x1536":["https:\/\/bassin-arcachon.com\/wp-content\/uploads\/2020\/09\/shopping-arcachon-1536x1024.jpg",1536,1024,true],"2048x2048":["https:\/\/bassin-arcachon.com\/wp-content\/uploads\/2020\/09\/shopping-arcachon.jpg",2000,1333,false],"trp-custom-language-flag":["https:\/\/bassin-arcachon.com\/wp-content\/uploads\/2020\/09\/shopping-arcachon-18x12.jpg",18,12,true]},"uagb_author_info":{"display_name":"Marine, habitante du Bassin d'Arcachon","author_link":"https:\/\/bassin-arcachon.com\/ru\/author\/marinesiba\/"},"uagb_comment_info":0,"uagb_excerpt":"Visite guid\u00e9e de la Ville d&rsquo;Hiver Rando dans le sable Croisi\u00e8re sur le Bassin D\u00e9gustations culinaires Golf et Thalasso Shopping Nous contacter mice@siba-bassin-arcachon.fr Programme social \/ accompagnant Visite guid\u00e9e de [&hellip;]","_links":{"self":[{"href":"https:\/\/bassin-arcachon.com\/ru\/wp-json\/wp\/v2\/pages\/47924","targetHints":{"allow":["GET"]}}],"collection":[{"href":"https:\/\/bassin-arcachon.com\/ru\/wp-json\/wp\/v2\/pages"}],"about":[{"href":"https:\/\/bassin-arcachon.com\/ru\/wp-json\/wp\/v2\/types\/page"}],"author":[{"embeddable":true,"href":"https:\/\/bassin-arcachon.com\/ru\/wp-json\/wp\/v2\/users\/12"}],"replies":[{"embeddable":true,"href":"https:\/\/bassin-arcachon.com\/ru\/wp-json\/wp\/v2\/comments?post=47924"}],"version-history":[{"count":0,"href":"https:\/\/bassin-arcachon.com\/ru\/wp-json\/wp\/v2\/pages\/47924\/revisions"}],"up":[{"embeddable":true,"href":"https:\/\/bassin-arcachon.com\/ru\/wp-json\/wp\/v2\/pages\/47639"}],"wp:featuredmedia":[{"embeddable":true,"href":"https:\/\/bassin-arcachon.com\/ru\/wp-json\/wp\/v2\/media\/47917"}],"wp:attachment":[{"href":"https:\/\/bassin-arcachon.com\/ru\/wp-json\/wp\/v2\/media?parent=47924"}],"curies":[{"name":"WP","href":"https:\/\/api.w.org\/{rel}","templated":true}]}}