{"id":48239,"date":"2020-10-21T12:20:30","date_gmt":"2020-10-21T10:20:30","guid":{"rendered":"https:\/\/bassin-arcachon.com\/\/?page_id=48239"},"modified":"2024-09-02T10:58:06","modified_gmt":"2024-09-02T08:58:06","slug":"vip-%d0%b7%d0%b0%d0%bb-%d0%b0%d1%80%d0%ba%d0%b0%d1%88%d0%be%d0%bd","status":"publish","type":"page","link":"https:\/\/bassin-arcachon.com\/ru\/seminaires-congres\/offres-codir\/salon-vip-arcachon-4\/","title":{"rendered":"\u0411\u0438\u0437\u043d\u0435\u0441-VIP-\u0437\u0430\u043b \u0410\u0440\u043a\u0430\u0448\u043e\u043d"},"content":{"rendered":"<div class=\"wp-block-uagb-container uagb-block-97a66069 alignfull uagb-is-root-container\"><div class=\"uagb-container-inner-blocks-wrap\">\n<div class=\"wp-block-uagb-container uagb-block-4f159a09\">\t\t\t\t\t<div\n\t\t\t\t\t\tclass=\"wp-block-uagb-image-gallery uagb-block-d19b0ff6\"\n\t\t\t\t\t\tstyle=\"\"\n\t\t\t\t\t>\n\t\t\t\t\t\t\t\t\t\t\t<div class=\"spectra-image-gallery spectra-image-gallery__layout--carousel\">\n\t\t\t\t\t\t\t\t<div class=\"uagb-slick-carousel uagb-block-d19b0ff6\">\n\t\t\t\t\t\t\t\t\t\t\t\t<div class='spectra-image-gallery__media-wrapper' data-spectra-gallery-image-id='34926'>\n\t\t\t\t\t\t\t<div class=\"spectra-image-gallery__media spectra-image-gallery__media--carousel\">\n\t\t\t\t<picture>\n\t\t\t\t\t<source media=\"(min-width: 1024px)\" srcset=\"https:\/\/bassin-arcachon.com\/wp-content\/uploads\/2019\/06\/Salle-Palais-des-congr\u00e8s-organisation-de-seminaire-et-congres-1024x683.jpg\">\n\t\t\t\t\t<source media=\"(min-width: 768px)\" srcset=\"https:\/\/bassin-arcachon.com\/wp-content\/uploads\/2019\/06\/Salle-Palais-des-congr\u00e8s-organisation-de-seminaire-et-congres-1024x683.jpg\">\n\t\t\t\t\t<img decoding=\"async\" class=\"spectra-image-gallery__media-thumbnail spectra-image-gallery__media-thumbnail--carousel\" src=\"https:\/\/bassin-arcachon.com\/wp-content\/uploads\/2019\/06\/Salle-Palais-des-congr\u00e8s-organisation-de-seminaire-et-congres-300x200.jpg\" alt=\"- - Bassin d&#039;Arcachon\" loading=\"lazy\" title=\"- - Bassin d&#039;Arcachon\">\n\t\t\t\t<\/picture>\n\t\t\t\t<div class=\"spectra-image-gallery__media-thumbnail-blurrer\"><\/div>\n\t\t\t\t\t\t\t\t\t\t\t<div class=\"spectra-image-gallery__media-thumbnail-caption-wrapper spectra-image-gallery__media-thumbnail-caption-wrapper--overlay\"><\/div>\n\t\t\t\t\t\t\t\t<\/div>\n\t\t\t\t\t\t<\/div>\n\t\t\t\t\t\t<div class='spectra-image-gallery__media-wrapper' data-spectra-gallery-image-id='48245'>\n\t\t\t\t\t\t\t<div class=\"spectra-image-gallery__media spectra-image-gallery__media--carousel\">\n\t\t\t\t<picture>\n\t\t\t\t\t<source media=\"(min-width: 1024px)\" srcset=\"https:\/\/bassin-arcachon.com\/wp-content\/uploads\/2020\/10\/palais-des-congr\u00e8s-darcachon-vue-mer-scaled-1024x683.jpg\">\n\t\t\t\t\t<source media=\"(min-width: 768px)\" srcset=\"https:\/\/bassin-arcachon.com\/wp-content\/uploads\/2020\/10\/palais-des-congr\u00e8s-darcachon-vue-mer-scaled-1024x683.jpg\">\n\t\t\t\t\t<img decoding=\"async\" class=\"spectra-image-gallery__media-thumbnail spectra-image-gallery__media-thumbnail--carousel\" src=\"https:\/\/bassin-arcachon.com\/wp-content\/uploads\/2020\/10\/palais-des-congr\u00e8s-darcachon-vue-mer-scaled-300x200.jpg\" alt=\"- - Bassin d&#039;Arcachon\" loading=\"lazy\" title=\"- - Bassin d&#039;Arcachon\">\n\t\t\t\t<\/picture>\n\t\t\t\t<div class=\"spectra-image-gallery__media-thumbnail-blurrer\"><\/div>\n\t\t\t\t\t\t\t\t\t\t\t<div class=\"spectra-image-gallery__media-thumbnail-caption-wrapper spectra-image-gallery__media-thumbnail-caption-wrapper--overlay\"><\/div>\n\t\t\t\t\t\t\t\t<\/div>\n\t\t\t\t\t\t<\/div>\n\t\t\t\t\t\t<div class='spectra-image-gallery__media-wrapper' data-spectra-gallery-image-id='47911'>\n\t\t\t\t\t\t\t<div class=\"spectra-image-gallery__media spectra-image-gallery__media--carousel\">\n\t\t\t\t<picture>\n\t\t\t\t\t<source media=\"(min-width: 1024px)\" srcset=\"https:\/\/bassin-arcachon.com\/wp-content\/uploads\/2020\/09\/Balade-en-pinasse-scaled-1024x683.jpg\">\n\t\t\t\t\t<source media=\"(min-width: 768px)\" srcset=\"https:\/\/bassin-arcachon.com\/wp-content\/uploads\/2020\/09\/Balade-en-pinasse-scaled-1024x683.jpg\">\n\t\t\t\t\t<img decoding=\"async\" class=\"spectra-image-gallery__media-thumbnail spectra-image-gallery__media-thumbnail--carousel\" src=\"https:\/\/bassin-arcachon.com\/wp-content\/uploads\/2020\/09\/Balade-en-pinasse-scaled-300x200.jpg\" alt=\"- - Bassin d&#039;Arcachon\" loading=\"lazy\" title=\"- - Bassin d&#039;Arcachon\">\n\t\t\t\t<\/picture>\n\t\t\t\t<div class=\"spectra-image-gallery__media-thumbnail-blurrer\"><\/div>\n\t\t\t\t\t\t\t\t\t\t\t<div class=\"spectra-image-gallery__media-thumbnail-caption-wrapper spectra-image-gallery__media-thumbnail-caption-wrapper--overlay\"><\/div>\n\t\t\t\t\t\t\t\t<\/div>\n\t\t\t\t\t\t<\/div>\n\t\t\t\t\t\t<div class='spectra-image-gallery__media-wrapper' data-spectra-gallery-image-id='22801'>\n\t\t\t\t\t\t\t<div class=\"spectra-image-gallery__media spectra-image-gallery__media--carousel\">\n\t\t\t\t<picture>\n\t\t\t\t\t<source media=\"(min-width: 1024px)\" srcset=\"https:\/\/bassin-arcachon.com\/wp-content\/uploads\/2018\/06\/cap-gourmand-siba-agence-les-conteurs-97-e1546597288272.jpg\">\n\t\t\t\t\t<source media=\"(min-width: 768px)\" srcset=\"https:\/\/bassin-arcachon.com\/wp-content\/uploads\/2018\/06\/cap-gourmand-siba-agence-les-conteurs-97-e1546597288272.jpg\">\n\t\t\t\t\t<img decoding=\"async\" class=\"spectra-image-gallery__media-thumbnail spectra-image-gallery__media-thumbnail--carousel\" src=\"https:\/\/bassin-arcachon.com\/wp-content\/uploads\/2018\/06\/cap-gourmand-siba-agence-les-conteurs-97-e1546597288272-300x200.jpg\" alt=\"\u0414\u0435\u0440\u0435\u0432\u043d\u044f \u041c\u0438\u043c\u0431\u043e, \u0438\u0437\u0432\u0435\u0441\u0442\u043d\u0430\u044f \u0441\u0432\u043e\u0438\u043c \u0443\u0441\u0442\u0440\u0438\u0447\u043d\u044b\u043c \u043f\u0440\u043e\u043c\u044b\u0441\u043b\u043e\u043c, \u0441 Cap Gourmand \u043d\u0430 Bassin d&#039;Arcachon\" loading=\"lazy\" title=\"- - Bassin d&#039;Arcachon\">\n\t\t\t\t<\/picture>\n\t\t\t\t<div class=\"spectra-image-gallery__media-thumbnail-blurrer\"><\/div>\n\t\t\t\t\t\t\t\t\t\t\t<div class=\"spectra-image-gallery__media-thumbnail-caption-wrapper spectra-image-gallery__media-thumbnail-caption-wrapper--overlay\"><\/div>\n\t\t\t\t\t\t\t\t<\/div>\n\t\t\t\t\t\t<\/div>\n\t\t\t\t\t\t<div class='spectra-image-gallery__media-wrapper' data-spectra-gallery-image-id='24866'>\n\t\t\t\t\t\t\t<div class=\"spectra-image-gallery__media spectra-image-gallery__media--carousel\">\n\t\t\t\t<picture>\n\t\t\t\t\t<source media=\"(min-width: 1024px)\" srcset=\"https:\/\/bassin-arcachon.com\/wp-content\/uploads\/2018\/07\/d\u00e9guster-hu\u00eetres-arcachon-cap-ferret-e1546595398521.jpg\">\n\t\t\t\t\t<source media=\"(min-width: 768px)\" srcset=\"https:\/\/bassin-arcachon.com\/wp-content\/uploads\/2018\/07\/d\u00e9guster-hu\u00eetres-arcachon-cap-ferret-e1546595398521.jpg\">\n\t\t\t\t\t<img decoding=\"async\" class=\"spectra-image-gallery__media-thumbnail spectra-image-gallery__media-thumbnail--carousel\" src=\"https:\/\/bassin-arcachon.com\/wp-content\/uploads\/2018\/07\/d\u00e9guster-hu\u00eetres-arcachon-cap-ferret-e1546595398521-300x200.jpg\" alt=\"\u0414\u0435\u0433\u0443\u0441\u0442\u0430\u0446\u0438\u044f \u0443\u0441\u0442\u0440\u0438\u0446 \u0432 \u041a\u0430\u043f-\u0424\u0435\u0440\u0440\u0435 \u043d\u0430 \u0442\u0440\u0430\u0441\u0441\u0435 Bassin d&#039;Arcachon\" loading=\"lazy\" title=\"- - Bassin d&#039;Arcachon\">\n\t\t\t\t<\/picture>\n\t\t\t\t<div class=\"spectra-image-gallery__media-thumbnail-blurrer\"><\/div>\n\t\t\t\t\t\t\t\t\t\t\t<div class=\"spectra-image-gallery__media-thumbnail-caption-wrapper spectra-image-gallery__media-thumbnail-caption-wrapper--overlay\"><\/div>\n\t\t\t\t\t\t\t\t<\/div>\n\t\t\t\t\t\t<\/div>\n\t\t\t\t\t\t<div class='spectra-image-gallery__media-wrapper' data-spectra-gallery-image-id='48250'>\n\t\t\t\t\t\t\t<div class=\"spectra-image-gallery__media spectra-image-gallery__media--carousel\">\n\t\t\t\t<picture>\n\t\t\t\t\t<source media=\"(min-width: 1024px)\" srcset=\"https:\/\/bassin-arcachon.com\/wp-content\/uploads\/2020\/10\/SALON-VIP-ARCACHON-1024x694.jpg\">\n\t\t\t\t\t<source media=\"(min-width: 768px)\" srcset=\"https:\/\/bassin-arcachon.com\/wp-content\/uploads\/2020\/10\/SALON-VIP-ARCACHON-1024x694.jpg\">\n\t\t\t\t\t<img decoding=\"async\" class=\"spectra-image-gallery__media-thumbnail spectra-image-gallery__media-thumbnail--carousel\" src=\"https:\/\/bassin-arcachon.com\/wp-content\/uploads\/2020\/10\/SALON-VIP-ARCACHON-300x203.jpg\" alt=\"- - Bassin d&#039;Arcachon\" loading=\"lazy\" title=\"- - Bassin d&#039;Arcachon\">\n\t\t\t\t<\/picture>\n\t\t\t\t<div class=\"spectra-image-gallery__media-thumbnail-blurrer\"><\/div>\n\t\t\t\t\t\t\t\t\t\t\t<div class=\"spectra-image-gallery__media-thumbnail-caption-wrapper spectra-image-gallery__media-thumbnail-caption-wrapper--overlay\"><\/div>\n\t\t\t\t\t\t\t\t<\/div>\n\t\t\t\t\t\t<\/div>\n\t\t\t\t\t\t<div class='spectra-image-gallery__media-wrapper' data-spectra-gallery-image-id='47953'>\n\t\t\t\t\t\t\t<div class=\"spectra-image-gallery__media spectra-image-gallery__media--carousel\">\n\t\t\t\t<picture>\n\t\t\t\t\t<source media=\"(min-width: 1024px)\" srcset=\"https:\/\/bassin-arcachon.com\/wp-content\/uploads\/2020\/09\/terrasses-du-port-arcachon-1024x684.jpg\">\n\t\t\t\t\t<source media=\"(min-width: 768px)\" srcset=\"https:\/\/bassin-arcachon.com\/wp-content\/uploads\/2020\/09\/terrasses-du-port-arcachon-1024x684.jpg\">\n\t\t\t\t\t<img decoding=\"async\" class=\"spectra-image-gallery__media-thumbnail spectra-image-gallery__media-thumbnail--carousel\" src=\"https:\/\/bassin-arcachon.com\/wp-content\/uploads\/2020\/09\/terrasses-du-port-arcachon-300x200.jpg\" alt=\"- - Bassin d&#039;Arcachon\" loading=\"lazy\" title=\"- - Bassin d&#039;Arcachon\">\n\t\t\t\t<\/picture>\n\t\t\t\t<div class=\"spectra-image-gallery__media-thumbnail-blurrer\"><\/div>\n\t\t\t\t\t\t\t\t\t\t\t<div class=\"spectra-image-gallery__media-thumbnail-caption-wrapper spectra-image-gallery__media-thumbnail-caption-wrapper--overlay\"><\/div>\n\t\t\t\t\t\t\t\t<\/div>\n\t\t\t\t\t\t<\/div>\n\t\t\t\t\t\t<div class='spectra-image-gallery__media-wrapper' data-spectra-gallery-image-id='9916'>\n\t\t\t\t\t\t\t<div class=\"spectra-image-gallery__media spectra-image-gallery__media--carousel\">\n\t\t\t\t<picture>\n\t\t\t\t\t<source media=\"(min-width: 1024px)\" srcset=\"https:\/\/bassin-arcachon.com\/wp-content\/uploads\/2017\/10\/ville-dhiver-1-compress\u00e9-1024x683.jpg\">\n\t\t\t\t\t<source media=\"(min-width: 768px)\" srcset=\"https:\/\/bassin-arcachon.com\/wp-content\/uploads\/2017\/10\/ville-dhiver-1-compress\u00e9-1024x683.jpg\">\n\t\t\t\t\t<img decoding=\"async\" class=\"spectra-image-gallery__media-thumbnail spectra-image-gallery__media-thumbnail--carousel\" src=\"https:\/\/bassin-arcachon.com\/wp-content\/uploads\/2017\/10\/ville-dhiver-1-compress\u00e9-300x200.jpg\" alt=\"- - Bassin d&#039;Arcachon\" loading=\"lazy\" title=\"- - Bassin d&#039;Arcachon\">\n\t\t\t\t<\/picture>\n\t\t\t\t<div class=\"spectra-image-gallery__media-thumbnail-blurrer\"><\/div>\n\t\t\t\t\t\t\t\t\t\t\t<div class=\"spectra-image-gallery__media-thumbnail-caption-wrapper spectra-image-gallery__media-thumbnail-caption-wrapper--overlay\"><\/div>\n\t\t\t\t\t\t\t\t<\/div>\n\t\t\t\t\t\t<\/div>\n\t\t\t\t\t\t\t\t\t\t\t<\/div>\n\t\t\t\t\t\t\t<\/div>\n\t\t\t\t\t\t\t\t\t\t\t<\/div>\n\t\t\t\t\t\t\t\t\t<\/div>\n\n\n\n<div class=\"wp-block-uagb-container uagb-block-ce13ea3a\">\n<div class=\"wp-block-uagb-container uagb-block-840ba42a\">\n<p class=\"has-white-color has-text-color\">\u0411\u0438\u0437\u043d\u0435\u0441 \u0441 \u0432\u0438\u0434\u043e\u043c<br><br>\u041f\u043b\u043e\u0449\u0430\u0434\u044c 70 \u043c\u00b2<br><br>\u0412\u043c\u0435\u0441\u0442\u0438\u043c\u043e\u0441\u0442\u044c 19 \u0447\u0435\u043b\u043e\u0432\u0435\u043a<br><br>\u041f\u043e\u043b\u043d\u043e\u0441\u0442\u044c\u044e \u043e\u0431\u043e\u0440\u0443\u0434\u043e\u0432\u0430\u043d\u043d\u044b\u0439 VIP-\u0437\u0430\u043b.<br><br>\u0418\u043d\u0434\u0438\u0432\u0438\u0434\u0443\u0430\u043b\u044c\u043d\u0430\u044f \u043f\u0440\u043e\u0433\u0440\u0430\u043c\u043c\u0430<br><br>\u0423\u0441\u043b\u0443\u0433\u0438<br><br>\u0414\u043e\u0441\u0442\u0443\u043f\u043d\u044b\u0435 \u0446\u0435\u043d\u044b<\/p>\n<\/div>\n\n\n\n<div class=\"wp-block-uagb-container bloc_contact uagb-block-e4d02c2a\">\n<h4 class=\"wp-block-heading\">\u0421\u0432\u044f\u0436\u0438\u0442\u0435\u0441\u044c \u0441 \u043d\u0430\u043c\u0438<\/h4>\n\n\n\n<p class=\"has-black-color has-text-color\"><a href=\"mailto:palaisdescongres@arcachon.com\">palaisdescongres@arcachon.com<\/a><\/p>\n<\/div>\n<\/div>\n<\/div><\/div>\n\n\n\n<div style=\"height:40px\" aria-hidden=\"true\" class=\"wp-block-spacer\"><\/div>\n\n\n\n<div class=\"wp-block-uagb-container uagb-block-d2bbc83b alignfull uagb-is-root-container\"><div class=\"uagb-container-inner-blocks-wrap\">\n<div class=\"wp-block-uagb-container uagb-block-e6ef3422\">\n<p>\u042d\u0442\u043e\u0442 \u043f\u0440\u0435\u0441\u0442\u0438\u0436\u043d\u044b\u0439 \u0437\u0430\u043b \u043f\u043b\u043e\u0449\u0430\u0434\u044c\u044e 70 \u043c\u00b2, \u0437\u0430\u043b\u0438\u0442\u044b\u0439 \u0441\u0432\u0435\u0442\u043e\u043c Bassin \u0432 \u0410\u0440\u043a\u0430\u0448\u043e\u043d\u0435, \u0441 \u0431\u043e\u043b\u044c\u0448\u0438\u043c \u044d\u0440\u043a\u0435\u0440\u043e\u043c, \u0432\u044b\u0445\u043e\u0434\u044f\u0449\u0438\u043c \u043d\u0430 \u043d\u0430\u0431\u0435\u0440\u0435\u0436\u043d\u0443\u044e, \u044f\u0432\u043b\u044f\u0435\u0442\u0441\u044f \u0438\u0434\u0435\u0430\u043b\u044c\u043d\u044b\u043c \u043c\u0435\u0441\u0442\u043e\u043c \u0434\u043b\u044f \u043f\u0440\u043e\u0432\u0435\u0434\u0435\u043d\u0438\u044f \u0437\u0430\u0441\u0435\u0434\u0430\u043d\u0438\u0439 \u0443\u043f\u0440\u0430\u0432\u043b\u044f\u044e\u0449\u0438\u0445 \u043a\u043e\u043c\u0438\u0442\u0435\u0442\u043e\u0432, \u043f\u0440\u0435\u0441\u0441-\u043a\u043e\u043d\u0444\u0435\u0440\u0435\u043d\u0446\u0438\u0439, \u0432\u0441\u0442\u0440\u0435\u0447, \u0441\u043e\u0432\u0435\u0442\u043e\u0432 \u0430\u0434\u043c\u0438\u043d\u0438\u0441\u0442\u0440\u0430\u0446\u0438\u0438\u2026<\/p>\n\n\n\n<p>\u0412 \u044d\u0442\u043e\u043c \u043d\u043e\u043c\u0435\u0440\u0435 \u0432\u043c\u0435\u0441\u0442\u0438\u043c\u043e\u0441\u0442\u044c\u044e 19 \u0447\u0435\u043b\u043e\u0432\u0435\u043a \u0435\u0441\u0442\u044c \u0433\u0430\u0440\u0434\u0435\u0440\u043e\u0431\u043d\u0430\u044f, \u0442\u0443\u0430\u043b\u0435\u0442\u044b, \u0444\u043e\u043d\u0442\u0430\u043d \u0441 \u043d\u0435\u0433\u0430\u0437\u0438\u0440\u043e\u0432\u0430\u043d\u043d\u043e\u0439 \u0438 \u0433\u0430\u0437\u0438\u0440\u043e\u0432\u0430\u043d\u043d\u043e\u0439 \u0432\u043e\u0434\u043e\u0439, \u0430 \u0442\u0430\u043a\u0436\u0435 \u043f\u043e\u0441\u0442\u043e\u044f\u043d\u043d\u043e \u0434\u043e\u0441\u0442\u0443\u043f\u043d\u044b\u0439 \u0430\u0432\u0442\u043e\u043c\u0430\u0442 \u0434\u043b\u044f \u043f\u0440\u0438\u0433\u043e\u0442\u043e\u0432\u043b\u0435\u043d\u0438\u044f \u043a\u043e\u0444\u0435\/\u0447\u0430\u044f.<\/p>\n\n\n\n<h3 class=\"wp-block-heading\">\u041f\u0440\u0435\u0434\u043b\u043e\u0436\u0435\u043d\u0438\u0435 \u043f\u0440\u043e\u0433\u0440\u0430\u043c\u043c\u044b<\/h3>\n\n\n\n<h3 class=\"wp-block-heading\">1 \u0434\u0435\u043d\u044c<strong><\/strong><\/h3>\n\n\n\n<ul class=\"wp-block-list\">\n<li>\u041f\u0440\u0438\u0431\u044b\u0442\u0438\u0435 \u0443\u0447\u0430\u0441\u0442\u043d\u0438\u043a\u043e\u0432 \u0443\u0442\u0440\u043e\u043c \u0438\u0437 \u041f\u0430\u0440\u0438\u0436\u0430 \u043d\u0430 LGV (\u0435\u0436\u0435\u0434\u043d\u0435\u0432\u043d\u044b\u0435 \u0440\u0435\u0439\u0441\u044b 2 \u0447\u0430\u0441\u0430 50 \u043c\u0438\u043d\u0443\u0442).<\/li>\n\n\n\n<li>\u0423\u0441\u0442\u0430\u043d\u043e\u0432\u043a\u0430 \u0432&nbsp;<a href=\"https:\/\/fr.calameo.com\/read\/0000244211152a79deb84\" target=\"_blank\" rel=\"noreferrer noopener\">\u043e\u0434\u0438\u043d \u0438\u0437 MICE-\u043e\u0442\u0435\u043b\u0435\u0439<\/a>.<\/li>\n\n\n\n<li><strong>\u041e\u0431\u0435\u0434 \u0438\u0437 \u043c\u0435\u0441\u0442\u043d\u044b\u0445 \u0434\u0435\u043b\u0438\u043a\u0430\u0442\u0435\u0441\u043e\u0432<\/strong>&nbsp;\u0432 \u043e\u0434\u043d\u043e\u043c \u0438\u0437 \u0440\u0435\u0441\u0442\u043e\u0440\u0430\u043d\u043e\u0432-\u043f\u0430\u0440\u0442\u043d\u0435\u0440\u043e\u0432, \u0440\u0430\u0441\u043f\u043e\u043b\u043e\u0436\u0435\u043d\u043d\u044b\u0445 \u043d\u0430 \u0431\u0435\u0440\u0435\u0433\u0443 \u043c\u043e\u0440\u044f, \u0432 \u043d\u0435\u043f\u043e\u0441\u0440\u0435\u0434\u0441\u0442\u0432\u0435\u043d\u043d\u043e\u0439 \u0431\u043b\u0438\u0437\u043e\u0441\u0442\u0438 \u043e\u0442 \u0414\u0432\u043e\u0440\u0446\u0430 \u041a\u043e\u043d\u0433\u0440\u0435\u0441\u0441\u043e\u0432.<\/li>\n\n\n\n<li><strong>\u0420\u0430\u0431\u043e\u0447\u0430\u044f \u0432\u0441\u0442\u0440\u0435\u0447\u0430 \u0432 VIP-\u0437\u0430\u043b\u0435<\/strong>, \u0441 \u0432\u0438\u0434\u043e\u043c \u043d\u0430 Bassin \u0410\u0440\u043a\u0430\u0448\u043e\u043d\u0430, \u041a\u0430\u0431\u0430\u043d\u0435\u0441-\u0427\u0430\u043d\u043a\u0435 \u0438 \u043e\u0441\u0442\u0440\u043e\u0432 \u0423\u0430\u0437\u043e.<\/li>\n\n\n\n<li>\u0414\u0435\u0442\u043e\u043a\u0441-\u043a\u043e\u0444\u0435-\u0431\u0440\u0435\u0439\u043a \u0441 \u0444\u0440\u0443\u043a\u0442\u0430\u043c\u0438 \u0438 \u0441\u043c\u0443\u0437\u0438 \u0438\u043b\u0438&nbsp;<strong>\u041a\u043e\u0444\u0435-\u0431\u0440\u0435\u0439\u043a \u0432 \u0410\u0440\u043a\u0430\u0448\u043e\u043d\u0435<\/strong>&nbsp;\u0441\u043e \u0437\u043d\u0430\u043c\u0435\u043d\u0438\u0442\u044b\u043c\u0438 \u0411\u0435\u043b\u044b\u043c\u0438 \u0434\u044e\u043d\u0430\u043c\u0438, \u0441 \u0440\u0430\u0441\u0441\u043b\u0430\u0431\u043b\u044f\u044e\u0449\u0438\u043c \u043c\u043e\u043c\u0435\u043d\u0442\u043e\u043c \u043d\u0430 \u0431\u0430\u043b\u043a\u043e\u043d\u0435 VIP-\u0437\u0430\u043b\u0430.<\/li>\n\n\n\n<li>\u0412 \u043a\u043e\u043d\u0446\u0435 \u0434\u043d\u044f,&nbsp;<strong>\u043e\u0442\u044a\u0435\u0437\u0434 \u0432 \u041f\u0438\u043d\u043d\u0430\u0441\u0435<\/strong>&nbsp;(\u0442\u0440\u0430\u0434\u0438\u0446\u0438\u043e\u043d\u043d\u0430\u044f \u043b\u043e\u0434\u043a\u0430 \u0410\u0440\u043a\u0430\u0448\u043e\u043d\u0430), \u0447\u0442\u043e\u0431\u044b \u043f\u043e\u043b\u044e\u0431\u043e\u0432\u0430\u0442\u044c\u0441\u044f \u0437\u0430\u043a\u0430\u0442\u043e\u043c, \u043f\u0440\u043e\u0433\u0443\u043b\u044f\u0442\u044c\u0441\u044f \u043f\u043e \u043e\u0441\u0442\u0440\u043e\u0432\u0443 \u0418\u043b\u044c-\u043e-\u0423\u0430\u0437\u043e \u0441 \u0432\u043e\u0437\u043c\u043e\u0436\u043d\u043e\u0441\u0442\u044c\u044e \u0434\u0435\u0433\u0443\u0441\u0442\u0430\u0446\u0438\u0438 \u0443\u0441\u0442\u0440\u0438\u0446 \u043d\u0430 \u0431\u043e\u0440\u0442\u0443 \u0438\u043b\u0438 \u0432 \u0443\u0441\u0442\u0440\u0438\u0447\u043d\u043e\u043c \u0434\u043e\u043c\u0438\u043a\u0435 \u0432 \u041b\u0435-\u041a\u0430\u043d\u043e\u043d\u0435, \u043d\u0435\u0431\u043e\u043b\u044c\u0448\u043e\u0439 \u0434\u0435\u0440\u0435\u0432\u043d\u0435 \u043d\u0430 \u043f\u043e\u043b\u0443\u043e\u0441\u0442\u0440\u043e\u0432\u0435 \u041b\u0435\u0436-\u041a\u0430\u043f-\u0424\u0435\u0440\u0440\u0435.<\/li>\n\n\n\n<li><strong>\u0423\u0436\u0438\u043d \u0432 \u041a\u0430\u043f \u0424\u0435\u0440\u0440\u0435<\/strong>&nbsp;\u0432 \u0440\u0435\u0441\u0442\u043e\u0440\u0430\u043d\u0435 \u0441 \u0432\u0438\u0434\u043e\u043c \u043d\u0430 \u0414\u044e\u043d\u0443 \u041f\u0438\u043b\u0430.<\/li>\n\n\n\n<li>\u0412\u043e\u0437\u0432\u0440\u0430\u0449\u0435\u043d\u0438\u0435 \u0432 \u0410\u0440\u043a\u0430\u0448\u043e\u043d \u043d\u0430 \u043b\u043e\u0434\u043a\u0435 \u0438 \u043d\u043e\u0447\u044c \u0432&nbsp;<a href=\"https:\/\/fr.calameo.com\/read\/0000244211152a79deb84\" target=\"_blank\" rel=\"noreferrer noopener\">\u043e\u0434\u0438\u043d \u0438\u0437&nbsp;<strong>\u043e\u0442\u0435\u043b\u0438<\/strong>&nbsp;<strong>\u041c\u042b\u0428\u0418<\/strong>&nbsp;<\/a>.<\/li>\n<\/ul>\n\n\n\n<h3 class=\"wp-block-heading\">\u0414\u0435\u043d\u044c 2<strong><\/strong><\/h3>\n\n\n\n<ul class=\"wp-block-list\">\n<li>\u0417\u0430\u0432\u0442\u0440\u0430\u043a \u00ab\u0448\u0432\u0435\u0434\u0441\u043a\u0438\u0439 \u0441\u0442\u043e\u043b\u00bb \u0432&nbsp;<a href=\"https:\/\/fr.calameo.com\/read\/0000244211152a79deb84\" target=\"_blank\" rel=\"noreferrer noopener\">\u043e\u0434\u0438\u043d \u0438\u0437 MICE-\u043e\u0442\u0435\u043b\u0435\u0439<\/a>.<\/li>\n\n\n\n<li><strong>\u0420\u0430\u0431\u043e\u0447\u0430\u044f \u0432\u0441\u0442\u0440\u0435\u0447\u0430 \u0432 VIP-\u0437\u0430\u043b\u0435<\/strong>.<\/li>\n\n\n\n<li><strong>\u0423\u0441\u0442\u0440\u0438\u0447\u043d\u044b\u0439 \u043a\u043e\u0444\u0435-\u0431\u0440\u0435\u0439\u043a<\/strong>&nbsp;\u0441\u043e\u0441\u0442\u043e\u0438\u0442 \u0438\u0437 \u0443\u0441\u0442\u0440\u0438\u0446 \u0438\u0437 Banc d&#039;Arguin \u0438\u043b\u0438 Grand Banc \u0438 \u0431\u043e\u043a\u0430\u043b\u0430 \u0431\u0435\u043b\u043e\u0433\u043e \u0432\u0438\u043d\u0430 Entre deux Mers.<\/li>\n\n\n\n<li><strong>\u041e\u0431\u0435\u0434<\/strong>&nbsp;\u0432 \u043f\u043e\u0440\u0442\u0443 \u0410\u0440\u043a\u0430\u0448\u043e\u043d,&nbsp;<strong>\u043d\u0430 \u043a\u0440\u044b\u0448\u0435&nbsp;<\/strong>\u0441 \u0432\u0438\u0434\u043e\u043c \u043d\u0430 \u043f\u043e\u0440\u0442, \u0443\u0441\u0442\u0440\u0438\u0447\u043d\u044b\u0435 \u0437\u0430\u0440\u043e\u0441\u043b\u0438 \u0438 \u043f\u043b\u044f\u0436\u0438 \u0410\u0440\u043a\u0430\u0448\u043e\u043d\u0430.<\/li>\n\n\n\n<li>\u041f\u043e\u043b\u0434\u0435\u043d\u044c, \u043f\u043e\u0441\u0432\u044f\u0449\u0435\u043d\u043d\u044b\u0439&nbsp;<strong>\u044d\u043a\u0441\u043a\u0443\u0440\u0441\u0438\u044f \u0441 \u0433\u0438\u0434\u043e\u043c \u043f\u043e \u0417\u0438\u043c\u043d\u0435\u043c\u0443 \u0433\u043e\u0440\u043e\u0434\u0443<\/strong>, \u0438\u0441\u0442\u043e\u0440\u0438\u0447\u0435\u0441\u043a\u0438\u0439 \u0440\u0430\u0439\u043e\u043d \u0410\u0440\u043a\u0430\u0448\u043e\u043d\u0430, \u043f\u0435\u0448\u043a\u043e\u043c \u0438\u043b\u0438 \u043d\u0430 \u044d\u043b\u0435\u043a\u0442\u0440\u0438\u0447\u0435\u0441\u043a\u043e\u043c \u0432\u0435\u043b\u043e\u0441\u0438\u043f\u0435\u0434\u0435.<\/li>\n\n\n\n<li>\u041e\u0442\u044a\u0435\u0437\u0434 \u0443\u0447\u0430\u0441\u0442\u043d\u0438\u043a\u043e\u0432 \u0432 \u043a\u043e\u043d\u0446\u0435 \u0434\u043d\u044f.<\/li>\n<\/ul>\n\n\n\n<p>\u0412 \u043a\u0430\u0447\u0435\u0441\u0442\u0432\u0435 \u043f\u0440\u0438\u043c\u0435\u0440\u043e\u0432 \u043f\u0440\u0438\u0432\u043e\u0434\u044f\u0442\u0441\u044f \u043e\u0431\u044a\u0435\u0434\u0438\u043d\u044f\u044e\u0449\u0438\u0435 \u043c\u0435\u0440\u043e\u043f\u0440\u0438\u044f\u0442\u0438\u044f, \u043f\u0440\u0435\u0434\u043b\u0430\u0433\u0430\u0435\u043c\u044b\u0435 \u0432 \u044d\u0442\u043e\u0439 \u043f\u0440\u043e\u0433\u0440\u0430\u043c\u043c\u0435. \u041e\u0442\u043a\u0440\u043e\u0439\u0442\u0435 \u0434\u043b\u044f \u0441\u0435\u0431\u044f&nbsp;<a href=\"https:\/\/fr.calameo.com\/read\/000024421f9dbe748c813\" target=\"_blank\" rel=\"noreferrer noopener\">\u0432\u0445\u043e\u0434\u044f\u0449\u0438\u0435 \u0430\u0433\u0435\u043d\u0442\u0441\u0442\u0432\u0430 \u0432 \u0440\u0443\u043a\u043e\u0432\u043e\u0434\u0441\u0442\u0432\u0435 \u043e\u0440\u0433\u0430\u043d\u0438\u0437\u0430\u0442\u043e\u0440\u0430 Arcachon Bassin, \u043d\u0430\u0436\u0430\u0432 \u0437\u0434\u0435\u0441\u044c<\/a>.<\/p>\n\n\n\n<p>\u0414\u043e\u043f\u043e\u043b\u043d\u0438\u0442\u0435\u043b\u044c\u043d\u0430\u044f \u0438\u043d\u0444\u043e\u0440\u043c\u0430\u0446\u0438\u044f :&nbsp;<a href=\"https:\/\/www.arcachon.com\/palais-des-congres\/\" target=\"_blank\" rel=\"noreferrer noopener\">www.arcachon.com\/palais-des-congres\/<\/a><\/p>\n<\/div>\n\n\n\n<div class=\"wp-block-uagb-container uagb-block-0e5e02d9\"><\/div>\n<\/div><\/div>\n\n\n\n<div style=\"height:60px\" aria-hidden=\"true\" class=\"wp-block-spacer\"><\/div>","protected":false},"excerpt":{"rendered":"<p>Business avec vue Espace de 70 m\u00b2 Capacit\u00e9 19 personnes Salon VIP tout \u00e9quip\u00e9 Programme sur-mesure Services Tarifs abordables Nous contacter palaisdescongres@arcachon.com Baign\u00e9e par la lumi\u00e8re du Bassin d\u2019Arcachon avec [&hellip;]<\/p>\n","protected":false},"author":12,"featured_media":58947,"parent":47887,"menu_order":0,"comment_status":"closed","ping_status":"closed","template":"","meta":{"_acf_changed":false,"_uag_custom_page_level_css":".bloc_contact {overflow-wrap: break-word; word-break: break-all;}","footnotes":""},"class_list":["post-48239","page","type-page","status-publish","has-post-thumbnail","hentry"],"acf":[],"uagb_featured_image_src":{"full":["https:\/\/bassin-arcachon.com\/wp-content\/uploads\/2024\/08\/Salon-VIP-PDC-reunion-strom-studio-scaled.png",2560,1707,false],"thumbnail":["https:\/\/bassin-arcachon.com\/wp-content\/uploads\/2024\/08\/Salon-VIP-PDC-reunion-strom-studio-150x150.png",150,150,true],"medium":["https:\/\/bassin-arcachon.com\/wp-content\/uploads\/2024\/08\/Salon-VIP-PDC-reunion-strom-studio-600x400.png",600,400,true],"medium_large":["https:\/\/bassin-arcachon.com\/wp-content\/uploads\/2024\/08\/Salon-VIP-PDC-reunion-strom-studio-768x512.png",768,512,true],"large":["https:\/\/bassin-arcachon.com\/wp-content\/uploads\/2024\/08\/Salon-VIP-PDC-reunion-strom-studio-1024x683.png",1024,683,true],"1536x1536":["https:\/\/bassin-arcachon.com\/wp-content\/uploads\/2024\/08\/Salon-VIP-PDC-reunion-strom-studio-1536x1024.png",1536,1024,true],"2048x2048":["https:\/\/bassin-arcachon.com\/wp-content\/uploads\/2024\/08\/Salon-VIP-PDC-reunion-strom-studio-2048x1365.png",2048,1365,true],"trp-custom-language-flag":["https:\/\/bassin-arcachon.com\/wp-content\/uploads\/2024\/08\/Salon-VIP-PDC-reunion-strom-studio-18x12.png",18,12,true]},"uagb_author_info":{"display_name":"Marine, habitante du Bassin d'Arcachon","author_link":"https:\/\/bassin-arcachon.com\/ru\/author\/marinesiba\/"},"uagb_comment_info":0,"uagb_excerpt":"Business avec vue Espace de 70 m\u00b2 Capacit\u00e9 19 personnes Salon VIP tout \u00e9quip\u00e9 Programme sur-mesure Services Tarifs abordables Nous contacter palaisdescongres@arcachon.com Baign\u00e9e par la lumi\u00e8re du Bassin d\u2019Arcachon avec [&hellip;]","_links":{"self":[{"href":"https:\/\/bassin-arcachon.com\/ru\/wp-json\/wp\/v2\/pages\/48239","targetHints":{"allow":["GET"]}}],"collection":[{"href":"https:\/\/bassin-arcachon.com\/ru\/wp-json\/wp\/v2\/pages"}],"about":[{"href":"https:\/\/bassin-arcachon.com\/ru\/wp-json\/wp\/v2\/types\/page"}],"author":[{"embeddable":true,"href":"https:\/\/bassin-arcachon.com\/ru\/wp-json\/wp\/v2\/users\/12"}],"replies":[{"embeddable":true,"href":"https:\/\/bassin-arcachon.com\/ru\/wp-json\/wp\/v2\/comments?post=48239"}],"version-history":[{"count":0,"href":"https:\/\/bassin-arcachon.com\/ru\/wp-json\/wp\/v2\/pages\/48239\/revisions"}],"up":[{"embeddable":true,"href":"https:\/\/bassin-arcachon.com\/ru\/wp-json\/wp\/v2\/pages\/47887"}],"wp:featuredmedia":[{"embeddable":true,"href":"https:\/\/bassin-arcachon.com\/ru\/wp-json\/wp\/v2\/media\/58947"}],"wp:attachment":[{"href":"https:\/\/bassin-arcachon.com\/ru\/wp-json\/wp\/v2\/media?parent=48239"}],"curies":[{"name":"WP","href":"https:\/\/api.w.org\/{rel}","templated":true}]}}