{"id":51255,"date":"2022-10-04T15:39:16","date_gmt":"2022-10-04T13:39:16","guid":{"rendered":"https:\/\/bassin-arcachon.com\/\/?page_id=51255"},"modified":"2025-02-06T10:31:26","modified_gmt":"2025-02-06T09:31:26","slug":"%d1%81%d0%ba%d0%b0%d1%87%d0%b0%d1%82%d1%8c-%d0%bd%d0%b0%d1%88%d0%b5-%d0%bf%d1%80%d0%b8%d0%bb%d0%be%d0%b6%d0%b5%d0%bd%d0%b8%d0%b5","status":"publish","type":"page","link":"https:\/\/bassin-arcachon.com\/ru\/telechargez-notre-application\/","title":{"rendered":"\u0417\u0430\u0433\u0440\u0443\u0437\u0438\u0442\u0435 \u043d\u0430\u0448\u0435 \u043f\u0440\u0438\u043b\u043e\u0436\u0435\u043d\u0438\u0435"},"content":{"rendered":"<div class=\"wp-block-uagb-container uagb-block-cae9c66a alignfull uagb-is-root-container\"><div class=\"uagb-container-inner-blocks-wrap\">\n<div class=\"wp-block-uagb-container uagb-block-df47c534\"><div class=\"wp-block-image\">\n<figure class=\"aligncenter size-full\"><img loading=\"lazy\" decoding=\"async\" width=\"240\" height=\"240\" src=\"https:\/\/bassin-arcachon.com\/wp-content\/uploads\/2022\/10\/logo-app.jpeg\" alt=\"Bassin d&#039;Arcachon\" class=\"wp-image-51626\" title=\"- - Bassin d&#039;Arcachon\" srcset=\"https:\/\/bassin-arcachon.com\/wp-content\/uploads\/2022\/10\/logo-app.jpeg 240w, https:\/\/bassin-arcachon.com\/wp-content\/uploads\/2022\/10\/logo-app-150x150.jpeg 150w, https:\/\/bassin-arcachon.com\/wp-content\/uploads\/2022\/10\/logo-app-12x12.jpeg 12w\" sizes=\"auto, (max-width: 240px) 100vw, 240px\" \/><\/figure>\n<\/div><\/div>\n\n\n\n<div class=\"wp-block-uagb-container uagb-block-62fe68e1\">\n<p>\u043d\u0430\u0439\u0442\u0438<strong>\u00a0\u0432\u0441\u0435 \u0440\u0435\u0441\u0442\u043e\u0440\u0430\u043d\u044b \u0438 \u0434\u0435\u0433\u0443\u0441\u0442\u0430\u0446\u0438\u043e\u043d\u043d\u044b\u0435 \u043a\u0430\u0431\u0438\u043d\u044b, \u0440\u0430\u0437\u0432\u043b\u0435\u0447\u0435\u043d\u0438\u044f \u0438 \u0434\u043e\u0441\u0443\u0433, \u043a\u0430\u043b\u0435\u043d\u0434\u0430\u0440\u044c \u0441\u043e\u0431\u044b\u0442\u0438\u0439, \u0441\u043e\u0432\u0435\u0442\u044b \u043f\u043e \u043e\u0431\u043c\u0435\u043d\u0443 \u0430\u0432\u0442\u043e\u043c\u043e\u0431\u0438\u043b\u044f\u043c\u0438 \u0438 \u0440\u0430\u0437\u043c\u0435\u0449\u0435\u043d\u0438\u044e Bassin \u0410\u0440\u043a\u0430\u0448\u043e\u043d\u0430 \u0432 \u043c\u043e\u0431\u0438\u043b\u044c\u043d\u043e\u043c \u043f\u0440\u0438\u043b\u043e\u0436\u0435\u043d\u0438\u0438!<\/strong><\/p>\n\n\n\n<p>\u0412 \u043e\u0434\u0438\u043d \u043a\u043b\u0438\u043a \u043f\u043e\u0437\u0432\u043e\u043d\u0438\u0442\u0435 \u0438\u043b\u0438 \u043e\u0442\u043f\u0440\u0430\u0432\u044c\u0442\u0435 \u044d\u043b\u0435\u043a\u0442\u0440\u043e\u043d\u043d\u043e\u0435 \u043f\u0438\u0441\u044c\u043c\u043e \u0432 \u0432\u044b\u0431\u0440\u0430\u043d\u043d\u043e\u0435 \u0437\u0430\u0432\u0435\u0434\u0435\u043d\u0438\u0435 \u0438 \u043d\u0430\u0439\u0434\u0438\u0442\u0435 \u0435\u0433\u043e \u043d\u0430 \u043a\u0430\u0440\u0442\u0435<strong>. \u0422\u0430\u043a\u0436\u0435 \u043d\u0430\u0439\u0434\u0438\u0442\u0435 \u0432\u0441\u044e \u043f\u043e\u043b\u0435\u0437\u043d\u0443\u044e \u043f\u0440\u0430\u043a\u0442\u0438\u0447\u0435\u0441\u043a\u0443\u044e \u0438\u043d\u0444\u043e\u0440\u043c\u0430\u0446\u0438\u044e (\u043f\u043e\u0433\u043e\u0434\u0430, \u0432\u0440\u0435\u043c\u044f \u043f\u0440\u0438\u043b\u0438\u0432\u043e\u0432, \u0430\u043f\u0442\u0435\u043a\u0438 \u0438 \u043d\u043e\u043c\u0435\u0440\u0430 \u044d\u043a\u0441\u0442\u0440\u0435\u043d\u043d\u044b\u0445 \u0441\u043b\u0443\u0436\u0431 \u0438 \u0442. \u0434.).<\/strong><\/p>\n\n\n\n<p>\u041d\u0435\u0442 \u0441\u0435\u0442\u0438?&nbsp;<strong>\u041f\u0440\u0438\u043b\u043e\u0436\u0435\u043d\u0438\u0435 \u0434\u043e\u0441\u0442\u0443\u043f\u043d\u043e \u0432 \u0430\u0432\u0442\u043e\u043d\u043e\u043c\u043d\u043e\u043c \u0440\u0435\u0436\u0438\u043c\u0435!<\/strong><\/p>\n<\/div>\n<\/div><\/div>\n\n\n\n<p><\/p>\n\n\n\n<div class=\"wp-block-uagb-container uagb-block-24ea3a34 alignfull uagb-is-root-container\"><div class=\"uagb-container-inner-blocks-wrap\">\n<div class=\"wp-block-uagb-container uagb-block-fcede75e\">\n<div class=\"wp-block-buttons is-layout-flex wp-block-buttons-is-layout-flex\">\n<div class=\"wp-block-button\"><a class=\"wp-block-button__link wp-element-button\" href=\"https:\/\/itunes.apple.com\/fr\/app\/bassin-darcachon\/id409095527?mt=8\" target=\"_blank\" rel=\"noopener\">\u0421\u043a\u0430\u0447\u0430\u0442\u044c \u0432 App Store<\/a><\/div>\n<\/div>\n<\/div>\n\n\n\n<div class=\"wp-block-uagb-container uagb-block-1f286914\">\n<div class=\"wp-block-buttons is-layout-flex wp-block-buttons-is-layout-flex\">\n<div class=\"wp-block-button\"><a class=\"wp-block-button__link wp-element-button\" href=\"https:\/\/play.google.com\/store\/apps\/details?id=com.youteam.sibav2&amp;hl=fr\" target=\"_blank\" rel=\"noopener\">\u0421\u043a\u0430\u0447\u0430\u0442\u044c \u0432 Google Play<\/a><\/div>\n<\/div>\n<\/div>\n<\/div><\/div>\n\n\n\n<p><\/p>\n\n\n\n<div class=\"wp-block-uagb-container uagb-block-5c1675dc alignfull uagb-is-root-container\"><div class=\"uagb-container-inner-blocks-wrap\">\n<div class=\"wp-block-uagb-container uagb-block-7d7d9dab\">\n<div class=\"wp-block-uagb-image uagb-block-7111f316 wp-block-uagb-image--layout-default wp-block-uagb-image--effect-static wp-block-uagb-image--align-none\"><figure class=\"wp-block-uagb-image__figure\"><img decoding=\"async\" srcset=\"https:\/\/bassin-arcachon.com\/wp-content\/uploads\/2022\/10\/app-ecran-1-485x1024.jpeg \" sizes=\"auto, (max-width: 480px) 150px\" src=\"https:\/\/bassin-arcachon.com\/wp-content\/uploads\/2022\/10\/app-ecran-1-485x1024.jpeg\" alt=\"- - Bassin d&#039;Arcachon\" class=\"uag-image-51620\" width=\"485\" height=\"1024\" title=\"- - Bassin d&#039;Arcachon\" loading=\"lazy\"><\/figure><\/div>\n<\/div>\n\n\n\n<div class=\"wp-block-uagb-container uagb-block-698e1326\">\n<div class=\"wp-block-uagb-image uagb-block-4df6ae38 wp-block-uagb-image--layout-default wp-block-uagb-image--effect-static wp-block-uagb-image--align-none\"><figure class=\"wp-block-uagb-image__figure\"><img decoding=\"async\" srcset=\"https:\/\/bassin-arcachon.com\/wp-content\/uploads\/2022\/10\/app-ecran-6-485x1024.jpeg \" sizes=\"auto, (max-width: 480px) 150px\" src=\"https:\/\/bassin-arcachon.com\/wp-content\/uploads\/2022\/10\/app-ecran-6-485x1024.jpeg\" alt=\"- - Bassin d&#039;Arcachon\" class=\"uag-image-51625\" width=\"485\" height=\"1024\" title=\"- - Bassin d&#039;Arcachon\" loading=\"lazy\"><\/figure><\/div>\n<\/div>\n\n\n\n<div class=\"wp-block-uagb-container uagb-block-c70e4157\">\n<div class=\"wp-block-uagb-image uagb-block-2338f9ed wp-block-uagb-image--layout-default wp-block-uagb-image--effect-static wp-block-uagb-image--align-none\"><figure class=\"wp-block-uagb-image__figure\"><img decoding=\"async\" srcset=\"https:\/\/bassin-arcachon.com\/wp-content\/uploads\/2022\/10\/app-ecran-4-485x1024.jpeg \" sizes=\"auto, (max-width: 480px) 150px\" src=\"https:\/\/bassin-arcachon.com\/wp-content\/uploads\/2022\/10\/app-ecran-4-485x1024.jpeg\" alt=\"- - Bassin d&#039;Arcachon\" class=\"uag-image-51623\" width=\"485\" height=\"1024\" title=\"- - Bassin d&#039;Arcachon\" loading=\"lazy\"><\/figure><\/div>\n<\/div>\n\n\n\n<div class=\"wp-block-uagb-container uagb-block-30fdbb5d\">\n<div class=\"wp-block-uagb-image uagb-block-6aadbe05 wp-block-uagb-image--layout-default wp-block-uagb-image--effect-static wp-block-uagb-image--align-none\"><figure class=\"wp-block-uagb-image__figure\"><img decoding=\"async\" srcset=\"https:\/\/bassin-arcachon.com\/wp-content\/uploads\/2022\/10\/app-ecran-5-485x1024.jpeg \" sizes=\"auto, (max-width: 480px) 150px\" src=\"https:\/\/bassin-arcachon.com\/wp-content\/uploads\/2022\/10\/app-ecran-5-485x1024.jpeg\" alt=\"- - Bassin d&#039;Arcachon\" class=\"uag-image-51624\" width=\"485\" height=\"1024\" title=\"- - Bassin d&#039;Arcachon\" loading=\"lazy\"><\/figure><\/div>\n<\/div>\n<\/div><\/div>\n\n\n\n<div style=\"height:60px\" aria-hidden=\"true\" class=\"wp-block-spacer\"><\/div>","protected":false},"excerpt":{"rendered":"<p>Retrouvez\u00a0l\u2019ensemble des restaurants et cabanes de d\u00e9gustation, les activit\u00e9s &amp; loisirs, l\u2019agenda des \u00e9v\u00e9nements, les astuces pour troquer la voiture et les h\u00e9bergements du Bassin d\u2019Arcachon sur l&rsquo;application mobile ! [&hellip;]<\/p>\n","protected":false},"author":300,"featured_media":51806,"parent":0,"menu_order":20,"comment_status":"closed","ping_status":"closed","template":"","meta":{"_acf_changed":false,"_uag_custom_page_level_css":"","footnotes":""},"class_list":["post-51255","page","type-page","status-publish","has-post-thumbnail","hentry"],"acf":[],"uagb_featured_image_src":{"full":["https:\/\/bassin-arcachon.com\/wp-content\/uploads\/2022\/10\/SIBA-Application-web.jpg",1400,553,false],"thumbnail":["https:\/\/bassin-arcachon.com\/wp-content\/uploads\/2022\/10\/SIBA-Application-web-150x150.jpg",150,150,true],"medium":["https:\/\/bassin-arcachon.com\/wp-content\/uploads\/2022\/10\/SIBA-Application-web-600x237.jpg",600,237,true],"medium_large":["https:\/\/bassin-arcachon.com\/wp-content\/uploads\/2022\/10\/SIBA-Application-web-768x303.jpg",768,303,true],"large":["https:\/\/bassin-arcachon.com\/wp-content\/uploads\/2022\/10\/SIBA-Application-web-1024x404.jpg",1024,404,true],"1536x1536":["https:\/\/bassin-arcachon.com\/wp-content\/uploads\/2022\/10\/SIBA-Application-web.jpg",1400,553,false],"2048x2048":["https:\/\/bassin-arcachon.com\/wp-content\/uploads\/2022\/10\/SIBA-Application-web.jpg",1400,553,false],"trp-custom-language-flag":["https:\/\/bassin-arcachon.com\/wp-content\/uploads\/2022\/10\/SIBA-Application-web-18x7.jpg",18,7,true]},"uagb_author_info":{"display_name":"dfuzionadmin","author_link":"https:\/\/bassin-arcachon.com\/ru\/author\/dfuzionadmin\/"},"uagb_comment_info":0,"uagb_excerpt":"Retrouvez\u00a0l\u2019ensemble des restaurants et cabanes de d\u00e9gustation, les activit\u00e9s &amp; loisirs, l\u2019agenda des \u00e9v\u00e9nements, les astuces pour troquer la voiture et les h\u00e9bergements du Bassin d\u2019Arcachon sur l&rsquo;application mobile ! [&hellip;]","_links":{"self":[{"href":"https:\/\/bassin-arcachon.com\/ru\/wp-json\/wp\/v2\/pages\/51255","targetHints":{"allow":["GET"]}}],"collection":[{"href":"https:\/\/bassin-arcachon.com\/ru\/wp-json\/wp\/v2\/pages"}],"about":[{"href":"https:\/\/bassin-arcachon.com\/ru\/wp-json\/wp\/v2\/types\/page"}],"author":[{"embeddable":true,"href":"https:\/\/bassin-arcachon.com\/ru\/wp-json\/wp\/v2\/users\/300"}],"replies":[{"embeddable":true,"href":"https:\/\/bassin-arcachon.com\/ru\/wp-json\/wp\/v2\/comments?post=51255"}],"version-history":[{"count":1,"href":"https:\/\/bassin-arcachon.com\/ru\/wp-json\/wp\/v2\/pages\/51255\/revisions"}],"predecessor-version":[{"id":144096,"href":"https:\/\/bassin-arcachon.com\/ru\/wp-json\/wp\/v2\/pages\/51255\/revisions\/144096"}],"wp:featuredmedia":[{"embeddable":true,"href":"https:\/\/bassin-arcachon.com\/ru\/wp-json\/wp\/v2\/media\/51806"}],"wp:attachment":[{"href":"https:\/\/bassin-arcachon.com\/ru\/wp-json\/wp\/v2\/media?parent=51255"}],"curies":[{"name":"WP","href":"https:\/\/api.w.org\/{rel}","templated":true}]}}