{"id":52487,"date":"2022-11-04T15:59:29","date_gmt":"2022-11-04T14:59:29","guid":{"rendered":"https:\/\/bassin-arcachon.com\/?page_id=52487"},"modified":"2025-09-04T16:36:41","modified_gmt":"2025-09-04T14:36:41","slug":"%d0%b2%d1%80%d0%b5%d0%bc%d1%8f-%d0%bf%d1%80%d0%b8%d0%bb%d0%b8%d0%b2%d0%be%d0%b2","status":"publish","type":"page","link":"https:\/\/bassin-arcachon.com\/ru\/horaires-des-marees\/","title":{"rendered":"\u0412\u0440\u0435\u043c\u044f \u043f\u0440\u0438\u043b\u0438\u0432\u043e\u0432"},"content":{"rendered":"<div style=\"height:30px\" aria-hidden=\"true\" class=\"wp-block-spacer\"><\/div>\n\n\n\n<div class=\"wp-block-uagb-container mareesvdo uagb-block-c39714a5 alignfull uagb-is-root-container\"><div class=\"uagb-container-inner-blocks-wrap\">\n<div class=\"wp-block-uagb-container uagb-block-05ae7661\">\n<figure class=\"wp-block-video\"><video height=\"720\" style=\"aspect-ratio: 720 \/ 720;\" width=\"720\" autoplay loop muted src=\"https:\/\/bassin-arcachon.com\/wp-content\/uploads\/2024\/02\/VideoMarees-1.mp4\" playsinline><\/video><\/figure>\n<\/div>\n\n\n\n<div class=\"wp-block-uagb-container uagb-block-f49a0e82\">\n<h2 class=\"wp-block-heading\">\u041f\u0440\u0438\u043b\u0438\u0432\u044b<br>Bassin \u0438\u0437 \u0410\u0440\u043a\u0430\u0448\u043e\u043d\u0430,<br>\u0435\u0436\u0435\u0434\u043d\u0435\u0432\u043d\u043e\u0435 \u0448\u043e\u0443<\/h2>\n\n\n\n<p>\u0412 \u0441\u0430\u043c\u043e\u043c \u0441\u0435\u0440\u0434\u0446\u0435 Bassin \u0410\u0440\u043a\u0430\u0448\u043e\u043d\u0430 \u0435\u0436\u0435\u0434\u043d\u0435\u0432\u043d\u043e\u0435 \u0437\u0440\u0435\u043b\u0438\u0449\u0435 \u043f\u0440\u0438\u043b\u0438\u0432\u043e\u0432, \u0443\u043f\u0440\u0430\u0432\u043b\u044f\u0435\u043c\u044b\u0445 \u043b\u0443\u043d\u043e\u0439 \u0438 \u0441\u043e\u043b\u043d\u0446\u0435\u043c, \u043d\u0430\u0432\u0441\u0435\u0433\u0434\u0430 \u043c\u0435\u043d\u044f\u0435\u0442 \u043b\u0430\u043d\u0434\u0448\u0430\u0444\u0442. \u042d\u0442\u0438 \u0437\u0430\u0445\u0432\u0430\u0442\u044b\u0432\u0430\u044e\u0449\u0438\u0435 \u043f\u0440\u0438\u043b\u0438\u0432\u044b, \u0445\u043e\u0442\u044f \u0438 \u0440\u0430\u0437\u043b\u0438\u0447\u0430\u044e\u0442\u0441\u044f \u043f\u043e \u0432\u044b\u0441\u043e\u0442\u0435 \u0438 \u0441\u043a\u043e\u0440\u043e\u0441\u0442\u0438, \u0442\u0440\u0435\u0431\u0443\u044e\u0442 \u043e\u0441\u0442\u043e\u0440\u043e\u0436\u043d\u043e\u0441\u0442\u0438.<br>\u0427\u0442\u043e\u0431\u044b \u0431\u0435\u0437\u043e\u043f\u0430\u0441\u043d\u043e \u0438\u0441\u0441\u043b\u0435\u0434\u043e\u0432\u0430\u0442\u044c Bassin, \u0432\u0430\u0436\u043d\u043e \u0441\u043b\u0435\u0434\u0438\u0442\u044c \u0437\u0430 \u0432\u0440\u0435\u043c\u0435\u043d\u0435\u043c \u043f\u0440\u0438\u043b\u0438\u0432\u0430 \u0438 \u0441\u043b\u0435\u0434\u043e\u0432\u0430\u0442\u044c \u0438\u043d\u0441\u0442\u0440\u0443\u043a\u0446\u0438\u044f\u043c \u043f\u043e \u0431\u0435\u0437\u043e\u043f\u0430\u0441\u043d\u043e\u0441\u0442\u0438.<\/p>\n<\/div>\n<\/div><\/div>\n\n\n\n<p class=\"has-text-align-center\">\u041d\u0430\u0439\u0434\u0438\u0442\u0435 \u043d\u0430\u0448 <a href=\"https:\/\/bassin-arcachon.com\/ru\/%d0%bf%d1%80%d0%be%d0%b3%d0%bd%d0%be%d0%b7-%d0%bf%d0%be%d0%b3%d0%be%d0%b4%d1%8b-%d0%b2-%d0%b1%d0%b0%d1%81%d1%81%d0%b5%d0%b9%d0%bd%d0%b5-%d0%b0%d1%80%d0%ba%d0%b0%d1%88%d0%be%d0%bd%d0%b0-%d0%bd%d0%b0\/\" data-type=\"link\" data-id=\"https:\/\/bassin-arcachon.com\/previsions-meteo-bassin-arcachon-semaine\/\">\u043f\u0440\u043e\u0433\u043d\u043e\u0437 \u043f\u043e\u0433\u043e\u0434\u044b \u043d\u0430 7 \u0434\u043d\u0435\u0439<\/a> \u0434\u043b\u044f Bassin \u0410\u0440\u043a\u0430\u0448\u043e\u043d\u0430<\/p>\n\n\n\n<div style=\"height:100px\" aria-hidden=\"true\" class=\"wp-block-spacer\"><\/div>","protected":false},"excerpt":{"rendered":"<p>Mar\u00e9es duBassin d\u2019Arcachon,un spectacle quotidien Au c\u0153ur du Bassin d\u2019Arcachon, le spectacle quotidien des mar\u00e9es, guid\u00e9 par la lune et le soleil, transforme le paysage en permanence. Ces mar\u00e9es fascinantes, [&hellip;]<\/p>\n","protected":false},"author":300,"featured_media":271,"parent":0,"menu_order":14,"comment_status":"closed","ping_status":"closed","template":"page-templates\/page-marees2.php","meta":{"_acf_changed":false,"_uag_custom_page_level_css":"","footnotes":""},"class_list":["post-52487","page","type-page","status-publish","has-post-thumbnail","hentry"],"acf":[],"uagb_featured_image_src":{"full":["https:\/\/bassin-arcachon.com\/wp-content\/uploads\/2017\/02\/header-marees.png",1200,290,false],"thumbnail":["https:\/\/bassin-arcachon.com\/wp-content\/uploads\/2017\/02\/header-marees-150x150.png",150,150,true],"medium":["https:\/\/bassin-arcachon.com\/wp-content\/uploads\/2017\/02\/header-marees-600x145.png",600,145,true],"medium_large":["https:\/\/bassin-arcachon.com\/wp-content\/uploads\/2017\/02\/header-marees-768x186.png",768,186,true],"large":["https:\/\/bassin-arcachon.com\/wp-content\/uploads\/2017\/02\/header-marees-1024x247.png",1024,247,true],"1536x1536":["https:\/\/bassin-arcachon.com\/wp-content\/uploads\/2017\/02\/header-marees.png",1200,290,false],"2048x2048":["https:\/\/bassin-arcachon.com\/wp-content\/uploads\/2017\/02\/header-marees.png",1200,290,false],"trp-custom-language-flag":["https:\/\/bassin-arcachon.com\/wp-content\/uploads\/2017\/02\/header-marees-18x4.png",18,4,true]},"uagb_author_info":{"display_name":"dfuzionadmin","author_link":"https:\/\/bassin-arcachon.com\/ru\/author\/dfuzionadmin\/"},"uagb_comment_info":0,"uagb_excerpt":"Mar\u00e9es duBassin d\u2019Arcachon,un spectacle quotidien Au c\u0153ur du Bassin d\u2019Arcachon, le spectacle quotidien des mar\u00e9es, guid\u00e9 par la lune et le soleil, transforme le paysage en permanence. Ces mar\u00e9es fascinantes, [&hellip;]","_links":{"self":[{"href":"https:\/\/bassin-arcachon.com\/ru\/wp-json\/wp\/v2\/pages\/52487","targetHints":{"allow":["GET"]}}],"collection":[{"href":"https:\/\/bassin-arcachon.com\/ru\/wp-json\/wp\/v2\/pages"}],"about":[{"href":"https:\/\/bassin-arcachon.com\/ru\/wp-json\/wp\/v2\/types\/page"}],"author":[{"embeddable":true,"href":"https:\/\/bassin-arcachon.com\/ru\/wp-json\/wp\/v2\/users\/300"}],"replies":[{"embeddable":true,"href":"https:\/\/bassin-arcachon.com\/ru\/wp-json\/wp\/v2\/comments?post=52487"}],"version-history":[{"count":1,"href":"https:\/\/bassin-arcachon.com\/ru\/wp-json\/wp\/v2\/pages\/52487\/revisions"}],"predecessor-version":[{"id":180388,"href":"https:\/\/bassin-arcachon.com\/ru\/wp-json\/wp\/v2\/pages\/52487\/revisions\/180388"}],"wp:featuredmedia":[{"embeddable":true,"href":"https:\/\/bassin-arcachon.com\/ru\/wp-json\/wp\/v2\/media\/271"}],"wp:attachment":[{"href":"https:\/\/bassin-arcachon.com\/ru\/wp-json\/wp\/v2\/media?parent=52487"}],"curies":[{"name":"WP","href":"https:\/\/api.w.org\/{rel}","templated":true}]}}