{"id":57983,"date":"2024-02-29T16:47:31","date_gmt":"2024-02-29T15:47:31","guid":{"rendered":"https:\/\/bassin-arcachon.com\/?page_id=57983"},"modified":"2025-07-16T09:40:44","modified_gmt":"2025-07-16T07:40:44","slug":"%d0%b2%d0%b5%d0%b1-%d0%ba%d0%b0%d0%bc%d0%b5%d1%80%d1%8b","status":"publish","type":"page","link":"https:\/\/bassin-arcachon.com\/ru\/les-webcams\/","title":{"rendered":"\u0412\u0435\u0431-\u043a\u0430\u043c\u0435\u0440\u044b"},"content":{"rendered":"<div class=\"wp-block-uagb-container uagb-block-b178cc18 alignfull uagb-is-root-container\"><div class=\"uagb-container-inner-blocks-wrap\">\n<h2 class=\"wp-block-heading has-text-align-center\">\u0418\u0441\u043f\u044b\u0442\u0430\u0439\u0442\u0435 \u0432\u043e\u043b\u0448\u0435\u0431\u0441\u0442\u0432\u043e \u0410\u0440\u043a\u0430\u0448\u043e\u043d\u0430 Bassin \u0432 \u0440\u0435\u0430\u043b\u044c\u043d\u043e\u043c \u0432\u0440\u0435\u043c\u0435\u043d\u0438, \u043a\u0430\u043a \u0435\u0441\u043b\u0438 \u0431\u044b \u0432\u044b \u043d\u0430\u0445\u043e\u0434\u0438\u043b\u0438\u0441\u044c \u0442\u0430\u043c!<\/h2>\n\n\n\n<div style=\"height:50px\" aria-hidden=\"true\" class=\"wp-block-spacer\"><\/div>\n<\/div><\/div>\n\n\n\n<div class=\"wp-block-uagb-container uagb-block-0815fd7e alignfull uagb-is-root-container\"><div class=\"uagb-container-inner-blocks-wrap\">\n<div class=\"wp-block-uagb-container uagb-block-65aea1dc\">\n<h3 class=\"wp-block-heading\">\u0410\u0440\u043a\u0430\u0448\u043e\u043d<\/h3>\n\n\n\n<p>\u041f\u0438\u0440\u0441 \u0422\u044c\u0435\u0440<\/p>\n\n\n\n<div style=\"padding-top: 56.25%;position: relative;\">\n     <iframe\n         src=\"https:\/\/pv.viewsurf.com\/2480\/Arcachon-Jetee-Thiers-Live\" frameborder=\"0\"\n         scrolling=\"no\" allowfullscreen=\"allowfullscreen\"\n         style=\"position: absolute; top: 0;left: 0;bottom: 0;right: 0;width: 100%; height: 100%;\">\n     <\/iframe>\n<\/div>\n<\/div>\n\n\n\n<div class=\"wp-block-uagb-container uagb-block-19ab3351\">\n<h3 class=\"wp-block-heading\">\u0410\u043d\u0434\u0435\u0440\u043d\u043e\u0441-\u043b\u0435-\u0411\u0435\u043d<\/h3>\n\n\n\n<p>\u0423\u0441\u0442\u0440\u0438\u0447\u043d\u044b\u0439 \u043f\u043e\u0440\u0442<\/p>\n\n\n\n<div style=\"padding-top: 56.25%;position: relative;\">\n     <iframe\n         src=\"https:\/\/pv.viewsurf.com\/2514\/Andernoslesbains\" frameborder=\"0\"\n         scrolling=\"no\" allowfullscreen=\"allowfullscreen\"\n         style=\"position: absolute; top: 0;left: 0;bottom: 0;right: 0;width: 100%; height: 100%;\">\n     <\/iframe>\n<\/div>\n<\/div>\n\n\n\n<div class=\"wp-block-uagb-container uagb-block-59dcc7dc\"><\/div>\n\n\n\n<div class=\"wp-block-uagb-container uagb-block-1eb55803\"><\/div>\n<\/div><\/div>","protected":false},"excerpt":{"rendered":"<p>\u041e\u0449\u0443\u0442\u0438\u0442\u0435 \u0432\u043e\u043b\u0448\u0435\u0431\u0441\u0442\u0432\u043e \u0442\u0440\u0430\u0441\u0441\u044b Bassin \u0432 \u0410\u0440\u043a\u0430\u0448\u043e\u043d\u0435 \u0432 \u0440\u0435\u0436\u0438\u043c\u0435 \u0440\u0435\u0430\u043b\u044c\u043d\u043e\u0433\u043e \u0432\u0440\u0435\u043c\u0435\u043d\u0438, \u043a\u0430\u043a \u0431\u0443\u0434\u0442\u043e \u0432\u044b \u0442\u0430\u043c \u043d\u0430\u0445\u043e\u0434\u0438\u0442\u0435\u0441\u044c! \u0410\u0440\u043a\u0430\u0448\u043e\u043d, \u0422\u044c\u0435\u0440, \u043f\u0440\u0438\u0447\u0430\u043b, \u0410\u043d\u0434\u0435\u0440\u043d\u043e-\u043b\u0435-\u0411\u0435\u043d, \u0443\u0441\u0442\u0440\u0438\u0447\u043d\u044b\u0439 \u043f\u043e\u0440\u0442<\/p>","protected":false},"author":300,"featured_media":268,"parent":0,"menu_order":0,"comment_status":"closed","ping_status":"closed","template":"","meta":{"_acf_changed":false,"_uag_custom_page_level_css":"","footnotes":""},"class_list":["post-57983","page","type-page","status-publish","has-post-thumbnail","hentry"],"acf":[],"uagb_featured_image_src":{"full":["https:\/\/bassin-arcachon.com\/wp-content\/uploads\/2017\/02\/header-meteo.jpg",1200,290,false],"thumbnail":["https:\/\/bassin-arcachon.com\/wp-content\/uploads\/2017\/02\/header-meteo-150x150.jpg",150,150,true],"medium":["https:\/\/bassin-arcachon.com\/wp-content\/uploads\/2017\/02\/header-meteo-600x145.jpg",600,145,true],"medium_large":["https:\/\/bassin-arcachon.com\/wp-content\/uploads\/2017\/02\/header-meteo-768x186.jpg",768,186,true],"large":["https:\/\/bassin-arcachon.com\/wp-content\/uploads\/2017\/02\/header-meteo-1024x247.jpg",1024,247,true],"1536x1536":["https:\/\/bassin-arcachon.com\/wp-content\/uploads\/2017\/02\/header-meteo.jpg",1200,290,false],"2048x2048":["https:\/\/bassin-arcachon.com\/wp-content\/uploads\/2017\/02\/header-meteo.jpg",1200,290,false],"trp-custom-language-flag":["https:\/\/bassin-arcachon.com\/wp-content\/uploads\/2017\/02\/header-meteo-18x4.jpg",18,4,true]},"uagb_author_info":{"display_name":"dfuzionadmin","author_link":"https:\/\/bassin-arcachon.com\/ru\/author\/dfuzionadmin\/"},"uagb_comment_info":0,"uagb_excerpt":"Vivez la magie du Bassin d\u2019Arcachon en temps r\u00e9el, comme si vous y \u00e9tiez ! Arcachon Jet\u00e9e Thiers Andernos-les-Bains Le Port Ostr\u00e9icole","_links":{"self":[{"href":"https:\/\/bassin-arcachon.com\/ru\/wp-json\/wp\/v2\/pages\/57983","targetHints":{"allow":["GET"]}}],"collection":[{"href":"https:\/\/bassin-arcachon.com\/ru\/wp-json\/wp\/v2\/pages"}],"about":[{"href":"https:\/\/bassin-arcachon.com\/ru\/wp-json\/wp\/v2\/types\/page"}],"author":[{"embeddable":true,"href":"https:\/\/bassin-arcachon.com\/ru\/wp-json\/wp\/v2\/users\/300"}],"replies":[{"embeddable":true,"href":"https:\/\/bassin-arcachon.com\/ru\/wp-json\/wp\/v2\/comments?post=57983"}],"version-history":[{"count":1,"href":"https:\/\/bassin-arcachon.com\/ru\/wp-json\/wp\/v2\/pages\/57983\/revisions"}],"predecessor-version":[{"id":172306,"href":"https:\/\/bassin-arcachon.com\/ru\/wp-json\/wp\/v2\/pages\/57983\/revisions\/172306"}],"wp:featuredmedia":[{"embeddable":true,"href":"https:\/\/bassin-arcachon.com\/ru\/wp-json\/wp\/v2\/media\/268"}],"wp:attachment":[{"href":"https:\/\/bassin-arcachon.com\/ru\/wp-json\/wp\/v2\/media?parent=57983"}],"curies":[{"name":"WP","href":"https:\/\/api.w.org\/{rel}","templated":true}]}}