{"id":58310,"date":"2024-05-07T13:31:15","date_gmt":"2024-05-07T11:31:15","guid":{"rendered":"https:\/\/bassin-arcachon.com\/?page_id=58310"},"modified":"2026-01-19T08:22:53","modified_gmt":"2026-01-19T07:22:53","slug":"%d0%bf%d1%80%d0%be%d0%b3%d0%bd%d0%be%d0%b7-%d0%bf%d0%be%d0%b3%d0%be%d0%b4%d1%8b-%d0%b2-%d0%b1%d0%b0%d1%81%d1%81%d0%b5%d0%b9%d0%bd%d0%b5-%d0%b0%d1%80%d0%ba%d0%b0%d1%88%d0%be%d0%bd%d0%b0-%d0%bd%d0%b0","status":"publish","type":"page","link":"https:\/\/bassin-arcachon.com\/ru\/previsions-meteo-bassin-arcachon-semaine\/","title":{"rendered":"\u041f\u0440\u043e\u0433\u043d\u043e\u0437 \u043f\u043e\u0433\u043e\u0434\u044b \u0432 \u0410\u0440\u043a\u0430\u0448\u043e\u043d\u0435 Bassin"},"content":{"rendered":"<h2 class=\"wp-block-heading has-text-align-center\" style=\"font-size:33px\">\u041d\u0430\u0439\u0434\u0438\u0442\u0435 \u043c\u0435\u0441\u0442\u043d\u0443\u044e \u043f\u043e\u0433\u043e\u0434\u0443 <br>6 \u0434\u043d\u0435\u0439 \u043d\u0430 Bassin \u0438\u0437 \u0410\u0440\u043a\u0430\u0448\u043e\u043d\u0430<\/h2>\n\n\n\n<div style=\"height:28px\" aria-hidden=\"true\" class=\"wp-block-spacer\"><\/div>\n\n\n<div class=\"wp-block-image is-style-default\">\n<figure class=\"aligncenter size-large is-resized\"><img loading=\"lazy\" decoding=\"async\" width=\"1024\" height=\"683\" src=\"https:\/\/bassin-arcachon.com\/wp-content\/uploads\/2022\/11\/20160429_HD_Jetee-du-Moulleau_CASSIAU-9-scaled-1024x683.jpg\" alt=\"- - Bassin d&#039;Arcachon\" class=\"wp-image-52236\" style=\"width:736px;height:auto\" title=\"- - Bassin d&#039;Arcachon\" srcset=\"https:\/\/bassin-arcachon.com\/wp-content\/uploads\/2022\/11\/20160429_HD_Jetee-du-Moulleau_CASSIAU-9-scaled-1024x683.jpg 1024w, https:\/\/bassin-arcachon.com\/wp-content\/uploads\/2022\/11\/20160429_HD_Jetee-du-Moulleau_CASSIAU-9-scaled-600x400.jpg 600w, https:\/\/bassin-arcachon.com\/wp-content\/uploads\/2022\/11\/20160429_HD_Jetee-du-Moulleau_CASSIAU-9-scaled-768x512.jpg 768w, https:\/\/bassin-arcachon.com\/wp-content\/uploads\/2022\/11\/20160429_HD_Jetee-du-Moulleau_CASSIAU-9-scaled-1536x1024.jpg 1536w, https:\/\/bassin-arcachon.com\/wp-content\/uploads\/2022\/11\/20160429_HD_Jetee-du-Moulleau_CASSIAU-9-scaled-2048x1366.jpg 2048w, https:\/\/bassin-arcachon.com\/wp-content\/uploads\/2022\/11\/20160429_HD_Jetee-du-Moulleau_CASSIAU-9-scaled-18x12.jpg 18w\" sizes=\"auto, (max-width: 1024px) 100vw, 1024px\" \/><\/figure>\n<\/div>\n\n\n<div style=\"height:25px\" aria-hidden=\"true\" class=\"wp-block-spacer\"><\/div>\n\n\n\n<h2 class=\"wp-block-heading has-text-align-center has-large-font-size\">\u041f\u043b\u0430\u043d\u0438\u0440\u0443\u0439\u0442\u0435 \u0441\u0432\u043e\u0438 \u043c\u0435\u0440\u043e\u043f\u0440\u0438\u044f\u0442\u0438\u044f \u0432 \u0437\u0430\u0432\u0438\u0441\u0438\u043c\u043e\u0441\u0442\u0438 \u043e\u0442 \u043f\u043e\u0433\u043e\u0434\u044b:<\/h2>\n\n\n\n<p class=\"has-text-align-center\">\u041f\u043e\u0433\u043e\u0434\u0430 \u0445\u043e\u0440\u043e\u0448\u0430\u044f: \u044d\u0442\u043e \u0432\u043e\u0437\u043c\u043e\u0436\u043d\u043e\u0441\u0442\u044c \u043e\u0442\u043a\u0440\u044b\u0442\u044c \u0434\u043b\u044f \u0441\u0435\u0431\u044f <a href=\"https:\/\/bassin-arcachon.com\/ru\/%d0%bd%d0%b0%d1%88%d0%b8-%d0%be%d1%81%d0%bd%d0%be%d0%b2%d1%8b\/%d0%bf%d0%bb%d1%8f%d0%b6%d0%b8\/\">\u043d\u0430\u0448\u0438 \u0441\u0430\u043c\u044b\u0435 \u043a\u0440\u0430\u0441\u0438\u0432\u044b\u0435 \u043f\u043b\u044f\u0436\u0438<\/a> ! <br>\u0418\u0434\u0435\u0442 \u0434\u043e\u0436\u0434\u044c: \u0442\u0440\u0430\u0441\u0441\u0430 Bassin \u0432 \u0410\u0440\u043a\u0430\u0448\u043e\u043d\u0435 \u0437\u0430\u043f\u043e\u043b\u043d\u0435\u043d\u0430 <a href=\"https:\/\/bassin-arcachon.com\/ru\/%d1%87%d1%82%d0%be-%d0%b4%d0%b5%d0%bb%d0%b0%d1%82%d1%8c-%d0%ba%d0%be%d0%b3%d0%b4%d0%b0-%d0%b8%d0%b4%d0%b5%d1%82-%d0%b4%d0%be%d0%b6%d0%b4%d1%8c\/\">\u0434\u0435\u044f\u0442\u0435\u043b\u044c\u043d\u043e\u0441\u0442\u0438<\/a> \u0434\u0430\u0436\u0435 \u0432 \u043f\u043b\u043e\u0445\u0443\u044e \u043f\u043e\u0433\u043e\u0434\u0443!<\/p>\n\n\n\n<div style=\"height:38px\" aria-hidden=\"true\" class=\"wp-block-spacer\"><\/div>\n\n\n\n<div class=\"wp-block-uagb-container uagb-block-311c41f9 alignfull uagb-is-root-container\"><div class=\"uagb-container-inner-blocks-wrap\"><iframe title=\"\u041a\u043e\u0440\u043e\u0442\u043a\u0438\u0439 \u043a\u043e\u0434 \u043a\u0430\u0440\u0442\u044b \u043f\u043e\u0433\u043e\u0434\u044b Ventus 44,65 -1,1667\" loading=\"lazy\" style=\"width: 100%; height: 600px; border-radius: 20px; box-sizing: border-box;\" src=\"https:\/\/embed.windy.com\/embed2.html?lat=44.65&lon=-1.1667&zoom=9&overlay=currents&marker=wrong&pressure=true&detailLat=44.65&detailLon=-1.1667&metricWind=knots&metricTemp=\u00b0C&detail=true&calendar=now&product=ecmwf&level=surface&menu=&message=true&type=map&location=coordinates&radarRange=-1\" frameborder=\"0\"><\/iframe>\n\n\n\n<div style=\"height:25px\" aria-hidden=\"true\" class=\"wp-block-spacer\"><\/div>\n\n\n\n<p class=\"has-text-align-center has-medium-font-size\"><strong>\u0410\u0440\u043a\u0430\u0448\u043e\u043d, \u0440\u0430\u0441\u043f\u043e\u043b\u043e\u0436\u0435\u043d\u043d\u044b\u0439 \u043d\u0430 \u0430\u0442\u043b\u0430\u043d\u0442\u0438\u0447\u0435\u0441\u043a\u043e\u043c \u043f\u043e\u0431\u0435\u0440\u0435\u0436\u044c\u0435 \u0424\u0440\u0430\u043d\u0446\u0438\u0438, \u043e\u0442\u043b\u0438\u0447\u0430\u0435\u0442\u0441\u044f \u043c\u044f\u0433\u043a\u0438\u043c \u0438 \u0443\u043c\u0435\u0440\u0435\u043d\u043d\u044b\u043c \u043e\u043a\u0435\u0430\u043d\u0438\u0447\u0435\u0441\u043a\u0438\u043c \u043a\u043b\u0438\u043c\u0430\u0442\u043e\u043c \u0441 \u0440\u0430\u0437\u043d\u043e\u043e\u0431\u0440\u0430\u0437\u043d\u044b\u043c\u0438 \u043f\u043e\u0433\u043e\u0434\u043d\u044b\u043c\u0438 \u0443\u0441\u043b\u043e\u0432\u0438\u044f\u043c\u0438 \u0432 \u0442\u0435\u0447\u0435\u043d\u0438\u0435 \u0433\u043e\u0434\u0430.<\/strong><\/p>\n<\/div><\/div>\n\n\n\n<div style=\"height:29px\" aria-hidden=\"true\" class=\"wp-block-spacer\"><\/div>\n\n\n\n<div class=\"wp-block-uagb-container uagb-block-d27eeb93 alignfull uagb-is-root-container\"><div class=\"uagb-container-inner-blocks-wrap\">\n<div class=\"wp-block-uagb-container uagb-block-66f0952b\">\n<figure class=\"wp-block-image size-large\"><img loading=\"lazy\" decoding=\"async\" width=\"1024\" height=\"700\" src=\"https:\/\/bassin-arcachon.com\/wp-content\/uploads\/2020\/07\/20160531_HD_Printemps_Port-Biganos_CASSIAU-12-scaled-1024x700.jpg\" alt=\"\u0420\u0430\u0437\u043d\u043e\u0446\u0432\u0435\u0442\u043d\u044b\u0435 \u0445\u0438\u0436\u0438\u043d\u044b \u0432 \u0433\u0430\u0432\u0430\u043d\u0438 \u0411\u0438\u0433\u0430\u043d\u043e\u0441\u0430\" class=\"wp-image-51799\" title=\"- - Bassin d&#039;Arcachon\" srcset=\"https:\/\/bassin-arcachon.com\/wp-content\/uploads\/2020\/07\/20160531_HD_Printemps_Port-Biganos_CASSIAU-12-scaled-1024x700.jpg 1024w, https:\/\/bassin-arcachon.com\/wp-content\/uploads\/2020\/07\/20160531_HD_Printemps_Port-Biganos_CASSIAU-12-scaled-600x410.jpg 600w, https:\/\/bassin-arcachon.com\/wp-content\/uploads\/2020\/07\/20160531_HD_Printemps_Port-Biganos_CASSIAU-12-scaled-768x525.jpg 768w, https:\/\/bassin-arcachon.com\/wp-content\/uploads\/2020\/07\/20160531_HD_Printemps_Port-Biganos_CASSIAU-12-scaled-1536x1050.jpg 1536w, https:\/\/bassin-arcachon.com\/wp-content\/uploads\/2020\/07\/20160531_HD_Printemps_Port-Biganos_CASSIAU-12-scaled-2048x1400.jpg 2048w, https:\/\/bassin-arcachon.com\/wp-content\/uploads\/2020\/07\/20160531_HD_Printemps_Port-Biganos_CASSIAU-12-scaled-18x12.jpg 18w\" sizes=\"auto, (max-width: 1024px) 100vw, 1024px\" \/><\/figure>\n<\/div>\n\n\n\n<div class=\"wp-block-uagb-container uagb-block-2e66e4fa\">\n<h2 class=\"wp-block-heading\">\u041f\u043e\u0433\u043e\u0434\u0430 \u0432\u0435\u0441\u043d\u043e\u0439:<\/h2>\n\n\n\n<p>\u0412\u0435\u0441\u043d\u0430, \u043c\u044f\u0433\u043a\u0438\u0439 \u0438 \u0441\u043e\u043b\u043d\u0435\u0447\u043d\u044b\u0439 \u0441\u0435\u0437\u043e\u043d, \u043f\u0440\u0438\u0433\u043b\u0430\u0448\u0430\u0435\u0442 \u0432\u0430\u0441 \u043e\u0442\u043a\u0440\u044b\u0442\u044c \u0434\u043b\u044f \u0441\u0435\u0431\u044f Bassin \u0410\u0440\u043a\u0430\u0448\u043e\u043d\u0430. \u0423\u043c\u0435\u0440\u0435\u043d\u043d\u0430\u044f \u0442\u0435\u043c\u043f\u0435\u0440\u0430\u0442\u0443\u0440\u0430, \u0432\u0435\u043b\u043e\u0441\u0438\u043f\u0435\u0434\u043d\u044b\u0435 \u043f\u0440\u043e\u0433\u0443\u043b\u043a\u0438, <a href=\"https:\/\/bassin-arcachon.com\/ru\/%d0%bd%d0%b0%d1%88%d0%b8-%d0%b3%d0%be%d1%80%d0%be%d0%b4%d0%b0-%d0%b8-%d0%b4%d0%b5%d1%80%d0%b5%d0%b2%d0%bd%d0%b8\/\">\u043e\u0442\u043a\u0440\u044b\u0442\u0438\u0435 \u0434\u0435\u0440\u0435\u0432\u0435\u043d\u044c<\/a>, \u043f\u043e\u0445\u043e\u0434\u044b, <a href=\"https:\/\/www.reserve-ornithologique-du-teich.com\/\" data-type=\"link\" data-id=\"https:\/\/www.reserve-ornithologique-du-teich.com\/\" target=\"_blank\" rel=\"noopener\">\u043d\u0430\u0431\u043b\u044e\u0434\u0435\u043d\u0438\u0435 \u0437\u0430 \u043f\u0442\u0438\u0446\u0430\u043c\u0438<\/a>, \u0434\u0435\u0433\u0443\u0441\u0442\u0430\u0446\u0438\u044f \u0443\u0441\u0442\u0440\u0438\u0446 \u0438 \u043c\u0435\u0441\u0442\u043d\u044b\u0445 \u0434\u0435\u043b\u0438\u043a\u0430\u0442\u0435\u0441\u043e\u0432, \u043e\u0436\u0438\u0432\u043b\u0435\u043d\u043d\u044b\u0435 \u0440\u044b\u043d\u043a\u0438, \u0440\u0435\u043c\u0435\u0441\u043b\u0430, \u0432\u043e\u0434\u043d\u044b\u0435 \u0432\u0438\u0434\u044b \u0441\u043f\u043e\u0440\u0442\u0430, \u0448\u043e\u0443\u2026 \u0412\u0435\u0441\u043d\u0430 \u0432 Bassin \u0432 \u0410\u0440\u043a\u0430\u0448\u043e\u043d\u0435: \u043d\u0435\u0437\u0430\u0431\u044b\u0432\u0430\u0435\u043c\u044b\u0439 \u043e\u0442\u0434\u044b\u0445!<\/p>\n\n\n\n<p><\/p>\n<\/div>\n<\/div><\/div>\n\n\n\n<div style=\"height:37px\" aria-hidden=\"true\" class=\"wp-block-spacer\"><\/div>\n\n\n\n<div class=\"wp-block-uagb-container uagb-block-10d90490 alignfull uagb-is-root-container\"><div class=\"uagb-container-inner-blocks-wrap\">\n<div class=\"wp-block-uagb-container uagb-block-2d3d2013\">\n<figure class=\"wp-block-image size-large\"><img loading=\"lazy\" decoding=\"async\" width=\"1024\" height=\"683\" src=\"https:\/\/bassin-arcachon.com\/wp-content\/uploads\/2017\/03\/1-plage-bassin-darcachon-j5-1024x683.jpg\" alt=\"\u043f\u043e\u0433\u043e\u0434\u0430 \u043b\u0435\u0442\u043e \u043f\u043b\u044f\u0436 \u0441\u043e\u043b\u043d\u0446\u0435 \u0431\u0430\u0441\u0441\u0435\u0439\u043d \u0410\u0440\u043a\u0430\u0448\u043e\u043d\" class=\"wp-image-533\" title=\"- - Bassin d&#039;Arcachon\" srcset=\"https:\/\/bassin-arcachon.com\/wp-content\/uploads\/2017\/03\/1-plage-bassin-darcachon-j5-1024x683.jpg 1024w, https:\/\/bassin-arcachon.com\/wp-content\/uploads\/2017\/03\/1-plage-bassin-darcachon-j5-600x400.jpg 600w, https:\/\/bassin-arcachon.com\/wp-content\/uploads\/2017\/03\/1-plage-bassin-darcachon-j5-768x512.jpg 768w, https:\/\/bassin-arcachon.com\/wp-content\/uploads\/2017\/03\/1-plage-bassin-darcachon-j5-18x12.jpg 18w, https:\/\/bassin-arcachon.com\/wp-content\/uploads\/2017\/03\/1-plage-bassin-darcachon-j5.jpg 1200w\" sizes=\"auto, (max-width: 1024px) 100vw, 1024px\" \/><\/figure>\n<\/div>\n\n\n\n<div class=\"wp-block-uagb-container uagb-block-0f4a85e9\">\n<h2 class=\"wp-block-heading\">\u041a\u043b\u0438\u043c\u0430\u0442 \u043b\u0435\u0442\u043e\u043c:<\/h2>\n\n\n\n<p>\u0412 \u043b\u0435\u0442\u043d\u0438\u0435 \u043c\u0435\u0441\u044f\u0446\u044b Bassin \u0432 \u0410\u0440\u043a\u0430\u0448\u043e\u043d\u0435 \u043e\u043c\u044b\u0432\u0430\u0435\u0442\u0441\u044f \u043d\u0435\u0436\u043d\u044b\u043c \u043c\u043e\u0440\u0441\u043a\u0438\u043c \u0431\u0440\u0438\u0437\u043e\u043c \u0438 \u043f\u0440\u0438\u044f\u0442\u043d\u043e\u0439 \u0442\u0435\u043c\u043f\u0435\u0440\u0430\u0442\u0443\u0440\u043e\u0439, \u0441\u0440\u0435\u0434\u043d\u044f\u044f \u0442\u0435\u043c\u043f\u0435\u0440\u0430\u0442\u0443\u0440\u0430 \u0441\u043e\u0441\u0442\u0430\u0432\u043b\u044f\u0435\u0442 \u043e\u0442 20\u00b0C \u0434\u043e 30\u00b0C. \u0421\u043e\u043b\u043d\u0435\u0447\u043d\u044b\u0435 \u0434\u043d\u0438 \u043f\u0440\u0438\u0433\u043b\u0430\u0448\u0430\u044e\u0442 \u0432\u0430\u0441 \u043e\u0442\u0434\u043e\u0445\u043d\u0443\u0442\u044c <a href=\"https:\/\/bassin-arcachon.com\/ru\/%d0%bd%d0%b0%d1%88%d0%b8-%d0%be%d1%81%d0%bd%d0%be%d0%b2%d1%8b\/%d0%bf%d0%bb%d1%8f%d0%b6%d0%b8\/\">\u041f\u043b\u044f\u0436\u0438<\/a> \u043c\u0435\u043b\u043a\u043e\u0433\u043e \u043f\u0435\u0441\u043a\u0430 \u0438 \u043e\u0442\u043a\u0440\u044b\u0442\u0438\u0435 \u0436\u0438\u0432\u043e\u043f\u0438\u0441\u043d\u044b\u0445 \u0434\u0435\u0440\u0435\u0432\u0435\u043d\u044c, \u0433\u0440\u0430\u043d\u0438\u0447\u0430\u0449\u0438\u0445 \u0441 \u0442\u0440\u0430\u0441\u0441\u043e\u0439 Bassin.<\/p>\n<\/div>\n<\/div><\/div>\n\n\n\n<div style=\"height:37px\" aria-hidden=\"true\" class=\"wp-block-spacer\"><\/div>\n\n\n\n<div class=\"wp-block-uagb-container uagb-block-ad965336 alignfull uagb-is-root-container\"><div class=\"uagb-container-inner-blocks-wrap\">\n<div class=\"wp-block-uagb-container uagb-block-8a39d8e4\">\n<figure class=\"wp-block-image size-large\"><img loading=\"lazy\" decoding=\"async\" width=\"1024\" height=\"683\" src=\"https:\/\/bassin-arcachon.com\/wp-content\/uploads\/2023\/04\/20191010_BD_Sentier-Littoral-VeloPlage_CASSIAU-38-1024x683.jpg\" alt=\"\u043f\u0440\u043e\u0433\u0443\u043b\u043a\u0430 \u043e\u0441\u0435\u043d\u044c\u044e \u043f\u043e\u0433\u043e\u0434\u0430 \u0432 \u0431\u0430\u0441\u0441\u0435\u0439\u043d\u0435 \u0410\u0440\u043a\u0430\u0448\u043e\u043d\u0430\" class=\"wp-image-55429\" title=\"- - Bassin d&#039;Arcachon\" srcset=\"https:\/\/bassin-arcachon.com\/wp-content\/uploads\/2023\/04\/20191010_BD_Sentier-Littoral-VeloPlage_CASSIAU-38-1024x683.jpg 1024w, https:\/\/bassin-arcachon.com\/wp-content\/uploads\/2023\/04\/20191010_BD_Sentier-Littoral-VeloPlage_CASSIAU-38-600x400.jpg 600w, https:\/\/bassin-arcachon.com\/wp-content\/uploads\/2023\/04\/20191010_BD_Sentier-Littoral-VeloPlage_CASSIAU-38-768x512.jpg 768w, https:\/\/bassin-arcachon.com\/wp-content\/uploads\/2023\/04\/20191010_BD_Sentier-Littoral-VeloPlage_CASSIAU-38-18x12.jpg 18w, https:\/\/bassin-arcachon.com\/wp-content\/uploads\/2023\/04\/20191010_BD_Sentier-Littoral-VeloPlage_CASSIAU-38.jpg 1500w\" sizes=\"auto, (max-width: 1024px) 100vw, 1024px\" \/><\/figure>\n<\/div>\n\n\n\n<div class=\"wp-block-uagb-container uagb-block-c26c47a5\">\n<h2 class=\"wp-block-heading\">\u0421\u043b\u0430\u0434\u043e\u0441\u0442\u044c \u043e\u0441\u0435\u043d\u0438: <\/h2>\n\n\n\n<p>\u041e\u0441\u0435\u043d\u044c \u043f\u0440\u0438\u0432\u043d\u043e\u0441\u0438\u0442 \u043f\u0430\u043b\u0438\u0442\u0440\u0443 \u0432\u0435\u043b\u0438\u043a\u043e\u043b\u0435\u043f\u043d\u044b\u0445 \u043a\u0440\u0430\u0441\u043e\u043a \u0432 \u043b\u0430\u043d\u0434\u0448\u0430\u0444\u0442 Bassin \u0410\u0440\u043a\u0430\u0448\u043e\u043d\u0430. \u0422\u0435\u043c\u043f\u0435\u0440\u0430\u0442\u0443\u0440\u0430 \u043d\u0430\u0447\u0438\u043d\u0430\u0435\u0442 \u043d\u0435\u043c\u043d\u043e\u0433\u043e \u043f\u0430\u0434\u0430\u0442\u044c, \u043e\u0431\u0435\u0441\u043f\u0435\u0447\u0438\u0432\u0430\u044f \u043e\u0441\u0432\u0435\u0436\u0430\u044e\u0449\u0438\u0435 \u0434\u043d\u0438, \u0438\u0434\u0435\u0430\u043b\u044c\u043d\u044b\u0435 \u0434\u043b\u044f <a href=\"https:\/\/bassin-arcachon.com\/ru\/5-%d0%b8%d0%b4%d0%b5%d0%b9-%d0%b4%d0%bb%d1%8f-%d0%bf%d1%80%d0%be%d0%b3%d1%83%d0%bb%d0%be%d0%ba-%d0%bf%d0%be-%d0%b1%d0%b0%d1%81%d1%81%d0%b5%d0%b9%d0%bd%d1%83-%d0%b0%d1%80%d0%ba%d0%b0%d1%88%d0%be%d0%bd\/\">\u043f\u0440\u043e\u0433\u0443\u043b\u043a\u0438<\/a> \u0432\u0434\u043e\u043b\u044c \u043f\u0440\u0438\u0431\u0440\u0435\u0436\u043d\u044b\u0445 \u0442\u0440\u043e\u043f\u0438\u043d\u043e\u043a \u0438 \u043e\u0442\u0434\u044b\u0445\u0430 \u0432 \u0448\u0443\u043c\u043d\u044b\u0445 \u043f\u0440\u0438\u043c\u043e\u0440\u0441\u043a\u0438\u0445 \u043a\u0430\u0444\u0435.<\/p>\n<\/div>\n<\/div><\/div>\n\n\n\n<div style=\"height:37px\" aria-hidden=\"true\" class=\"wp-block-spacer\"><\/div>\n\n\n\n<div class=\"wp-block-uagb-container uagb-block-ae90c130 alignfull uagb-is-root-container\"><div class=\"uagb-container-inner-blocks-wrap\">\n<div class=\"wp-block-uagb-container uagb-block-653d626f\">\n<figure class=\"wp-block-image size-large\"><img loading=\"lazy\" decoding=\"async\" width=\"1024\" height=\"683\" src=\"https:\/\/bassin-arcachon.com\/wp-content\/uploads\/2021\/01\/hiver-famille-SIBA-agence-les-conteurs-33-1024x683.jpg\" alt=\"\u043f\u043e\u0433\u043e\u0434\u0430 \u0437\u0438\u043c\u043e\u0439 \u0434\u044e\u043d\u0430 \u0431\u0430\u0441\u0441\u0435\u0439\u043d\u0430 \u041f\u0438\u043b\u0430\u0442 \u0410\u0440\u043a\u0430\u0448\u043e\u043d\" class=\"wp-image-48545\" title=\"- - Bassin d&#039;Arcachon\" srcset=\"https:\/\/bassin-arcachon.com\/wp-content\/uploads\/2021\/01\/hiver-famille-SIBA-agence-les-conteurs-33-1024x683.jpg 1024w, https:\/\/bassin-arcachon.com\/wp-content\/uploads\/2021\/01\/hiver-famille-SIBA-agence-les-conteurs-33-600x400.jpg 600w, https:\/\/bassin-arcachon.com\/wp-content\/uploads\/2021\/01\/hiver-famille-SIBA-agence-les-conteurs-33-768x512.jpg 768w, https:\/\/bassin-arcachon.com\/wp-content\/uploads\/2021\/01\/hiver-famille-SIBA-agence-les-conteurs-33-18x12.jpg 18w, https:\/\/bassin-arcachon.com\/wp-content\/uploads\/2021\/01\/hiver-famille-SIBA-agence-les-conteurs-33.jpg 1500w\" sizes=\"auto, (max-width: 1024px) 100vw, 1024px\" \/><\/figure>\n<\/div>\n\n\n\n<div class=\"wp-block-uagb-container uagb-block-98dd496d\">\n<h2 class=\"wp-block-heading\">\u041f\u043e\u0433\u043e\u0434\u0430 \u0437\u0438\u043c\u043e\u0439:<\/h2>\n\n\n\n<p>\u0417\u0438\u043c\u043e\u0439 \u0432 Bassin \u0410\u0440\u043a\u0430\u0448\u043e\u043d\u0430 \u0446\u0430\u0440\u0438\u0442 \u043c\u0438\u0440\u043d\u0430\u044f \u0438 \u0441\u043f\u043e\u043a\u043e\u0439\u043d\u0430\u044f \u0430\u0442\u043c\u043e\u0441\u0444\u0435\u0440\u0430. \u0423\u043c\u0435\u0440\u0435\u043d\u043d\u0430\u044f \u0442\u0435\u043c\u043f\u0435\u0440\u0430\u0442\u0443\u0440\u0430 \u043e\u0431\u044b\u0447\u043d\u043e \u043a\u043e\u043b\u0435\u0431\u043b\u0435\u0442\u0441\u044f \u043e\u0442 5\u00b0C \u0434\u043e 10\u00b0C, \u0447\u0442\u043e \u0434\u0430\u0435\u0442 \u0432\u043e\u0437\u043c\u043e\u0436\u043d\u043e\u0441\u0442\u044c \u0443\u0432\u0438\u0434\u0435\u0442\u044c \u0434\u0438\u043a\u0443\u044e \u043a\u0440\u0430\u0441\u043e\u0442\u0443 \u0440\u0435\u0433\u0438\u043e\u043d\u0430 \u0441 \u0434\u0440\u0443\u0433\u043e\u0439 \u0442\u043e\u0447\u043a\u0438 \u0437\u0440\u0435\u043d\u0438\u044f. \u041f\u0440\u043e\u0433\u0443\u043b\u043a\u0438 \u043f\u043e \u043f\u043b\u044f\u0436\u0443 \u0438 \u0434\u0435\u0433\u0443\u0441\u0442\u0430\u0446\u0438\u044f \u043c\u043e\u0440\u0435\u043f\u0440\u043e\u0434\u0443\u043a\u0442\u043e\u0432 \u0432 \u043c\u0435\u0441\u0442\u043d\u044b\u0445 \u0440\u0435\u0441\u0442\u043e\u0440\u0430\u043d\u0430\u0445 \u2014 \u043e\u0431\u044f\u0437\u0430\u0442\u0435\u043b\u044c\u043d\u044b\u0435 \u0440\u0430\u0437\u0432\u043b\u0435\u0447\u0435\u043d\u0438\u044f \u0432 \u0441\u043e\u043b\u043d\u0435\u0447\u043d\u044b\u0435 \u0434\u043d\u0438.<\/p>\n<\/div>\n<\/div><\/div>\n\n\n\n<div style=\"height:37px\" aria-hidden=\"true\" class=\"wp-block-spacer\"><\/div>\n\n\n\n<p class=\"has-text-align-center\">\u041a\u0440\u043e\u043c\u0435 \u0442\u043e\u0433\u043e, \u043d\u0435 \u0441\u0442\u0435\u0441\u043d\u044f\u0439\u0442\u0435\u0441\u044c \u043e\u0431\u0440\u0430\u0449\u0430\u0442\u044c\u0441\u044f \u043a <a href=\"https:\/\/bassin-arcachon.com\/ru\/%d0%b2%d1%80%d0%b5%d0%bc%d1%8f-%d0%bf%d1%80%d0%b8%d0%bb%d0%b8%d0%b2%d0%be%d0%b2\/\">\u0432\u0440\u0435\u043c\u044f \u043f\u0440\u0438\u043b\u0438\u0432\u0430<\/a> \u0438\u0437 Bassin \u0410\u0440\u043a\u0430\u0448\u043e\u043d\u0430<\/p>","protected":false},"excerpt":{"rendered":"<p>Retrouvez votre m\u00e9t\u00e9o locale \u00e0 6 jours sur le Bassin d&rsquo;Arcachon Programmez vos activit\u00e9s suivant la m\u00e9t\u00e9o : Il fait beau : C&rsquo;est l&rsquo;occasion de d\u00e9couvrir nos plus belles plages [&hellip;]<\/p>\n","protected":false},"author":305,"featured_media":54249,"parent":0,"menu_order":0,"comment_status":"closed","ping_status":"closed","template":"","meta":{"_acf_changed":false,"_uag_custom_page_level_css":"","footnotes":""},"class_list":["post-58310","page","type-page","status-publish","has-post-thumbnail","hentry"],"acf":[],"uagb_featured_image_src":{"full":["https:\/\/bassin-arcachon.com\/wp-content\/uploads\/2023\/01\/C6A9329-scaled.jpg",2560,1707,false],"thumbnail":["https:\/\/bassin-arcachon.com\/wp-content\/uploads\/2023\/01\/C6A9329-scaled-150x150.jpg",150,150,true],"medium":["https:\/\/bassin-arcachon.com\/wp-content\/uploads\/2023\/01\/C6A9329-scaled-600x400.jpg",600,400,true],"medium_large":["https:\/\/bassin-arcachon.com\/wp-content\/uploads\/2023\/01\/C6A9329-scaled-768x512.jpg",768,512,true],"large":["https:\/\/bassin-arcachon.com\/wp-content\/uploads\/2023\/01\/C6A9329-scaled-1024x683.jpg",1024,683,true],"1536x1536":["https:\/\/bassin-arcachon.com\/wp-content\/uploads\/2023\/01\/C6A9329-scaled-1536x1024.jpg",1536,1024,true],"2048x2048":["https:\/\/bassin-arcachon.com\/wp-content\/uploads\/2023\/01\/C6A9329-scaled-2048x1366.jpg",2048,1366,true],"trp-custom-language-flag":["https:\/\/bassin-arcachon.com\/wp-content\/uploads\/2023\/01\/C6A9329-scaled-18x12.jpg",18,12,true]},"uagb_author_info":{"display_name":"Franck BAUPREY","author_link":"https:\/\/bassin-arcachon.com\/ru\/author\/weboostdigital33gmail-com\/"},"uagb_comment_info":0,"uagb_excerpt":"Retrouvez votre m\u00e9t\u00e9o locale \u00e0 6 jours sur le Bassin d&rsquo;Arcachon Programmez vos activit\u00e9s suivant la m\u00e9t\u00e9o : Il fait beau : C&rsquo;est l&rsquo;occasion de d\u00e9couvrir nos plus belles plages [&hellip;]","_links":{"self":[{"href":"https:\/\/bassin-arcachon.com\/ru\/wp-json\/wp\/v2\/pages\/58310","targetHints":{"allow":["GET"]}}],"collection":[{"href":"https:\/\/bassin-arcachon.com\/ru\/wp-json\/wp\/v2\/pages"}],"about":[{"href":"https:\/\/bassin-arcachon.com\/ru\/wp-json\/wp\/v2\/types\/page"}],"author":[{"embeddable":true,"href":"https:\/\/bassin-arcachon.com\/ru\/wp-json\/wp\/v2\/users\/305"}],"replies":[{"embeddable":true,"href":"https:\/\/bassin-arcachon.com\/ru\/wp-json\/wp\/v2\/comments?post=58310"}],"version-history":[{"count":8,"href":"https:\/\/bassin-arcachon.com\/ru\/wp-json\/wp\/v2\/pages\/58310\/revisions"}],"predecessor-version":[{"id":223662,"href":"https:\/\/bassin-arcachon.com\/ru\/wp-json\/wp\/v2\/pages\/58310\/revisions\/223662"}],"wp:featuredmedia":[{"embeddable":true,"href":"https:\/\/bassin-arcachon.com\/ru\/wp-json\/wp\/v2\/media\/54249"}],"wp:attachment":[{"href":"https:\/\/bassin-arcachon.com\/ru\/wp-json\/wp\/v2\/media?parent=58310"}],"curies":[{"name":"WP","href":"https:\/\/api.w.org\/{rel}","templated":true}]}}