{"id":59,"date":"2017-02-06T14:55:13","date_gmt":"2017-02-06T13:55:13","guid":{"rendered":"https:\/\/bassin-arcachon.com\/\/?page_id=59"},"modified":"2024-05-13T12:17:47","modified_gmt":"2024-05-13T10:17:47","slug":"%d0%b1%d0%bb%d0%be%d0%b3","status":"publish","type":"page","link":"https:\/\/bassin-arcachon.com\/ru\/blog\/","title":{"rendered":"\u0410\u0440\u043a\u0430\u0448\u043e\u043d Bassin \u0411\u043b\u043e\u0433"},"content":{"rendered":"<div class=\"wp-block-uagb-container uagb-block-0562a526 alignfull uagb-is-root-container\"><div class=\"uagb-container-inner-blocks-wrap\">\n<h2 class=\"wp-block-heading has-text-align-center blog_accroche\">\u041f\u043e\u0433\u0440\u0443\u0436\u0430\u0439\u0442\u0435\u0441\u044c \u0432 \u0441\u0435\u0440\u0434\u0446\u0435 \u043d\u0430\u0448\u0438\u0445 \u0432\u0434\u043e\u0445\u043d\u043e\u0432\u043b\u044f\u044e\u0449\u0438\u0445 \u0441\u043e\u0431\u044b\u0442\u0438\u0439 \u043c\u0435\u0441\u044f\u0446 \u0437\u0430 \u043c\u0435\u0441\u044f\u0446\u0435\u043c, \u0447\u0442\u043e\u0431\u044b \u0432\u0441\u0442\u0440\u0435\u0442\u0438\u0442\u044c\u0441\u044f \u0441 \u043d\u0430\u0448\u0438\u043c\u0438 \u043f\u0440\u043e\u0444\u0435\u0441\u0441\u0438\u043e\u043d\u0430\u043b\u0430\u043c\u0438 \u0438 \u043d\u0430\u0448\u0438\u043c\u0438 \u043c\u0435\u0441\u0442\u043d\u044b\u043c\u0438 \u0441\u0430\u043c\u043e\u0440\u043e\u0434\u043a\u0430\u043c\u0438:<\/h2>\n<\/div><\/div>","protected":false},"excerpt":{"rendered":"<p>\u041f\u043e\u0433\u0440\u0443\u0436\u0430\u0439\u0442\u0435\u0441\u044c \u0432 \u0441\u0435\u0440\u0434\u0446\u0435 \u043d\u0430\u0448\u0438\u0445 \u0432\u0434\u043e\u0445\u043d\u043e\u0432\u043b\u044f\u044e\u0449\u0438\u0445 \u0441\u043e\u0431\u044b\u0442\u0438\u0439 \u043c\u0435\u0441\u044f\u0446 \u0437\u0430 \u043c\u0435\u0441\u044f\u0446\u0435\u043c, \u0447\u0442\u043e\u0431\u044b \u0432\u0441\u0442\u0440\u0435\u0442\u0438\u0442\u044c\u0441\u044f \u0441 \u043d\u0430\u0448\u0438\u043c\u0438 \u043f\u0440\u043e\u0444\u0435\u0441\u0441\u0438\u043e\u043d\u0430\u043b\u0430\u043c\u0438 \u0438 \u043d\u0430\u0448\u0438\u043c\u0438 \u043c\u0435\u0441\u0442\u043d\u044b\u043c\u0438 \u0441\u0430\u043c\u043e\u0440\u043e\u0434\u043a\u0430\u043c\u0438:<\/p>","protected":false},"author":25,"featured_media":51811,"parent":0,"menu_order":4,"comment_status":"closed","ping_status":"closed","template":"page-templates\/page-articles2.php","meta":{"_acf_changed":false,"_uag_custom_page_level_css":"","footnotes":""},"class_list":["post-59","page","type-page","status-publish","has-post-thumbnail","hentry"],"acf":[],"uagb_featured_image_src":{"full":["https:\/\/bassin-arcachon.com\/wp-content\/uploads\/2022\/10\/SIBA-Blog-web.jpg",1400,566,false],"thumbnail":["https:\/\/bassin-arcachon.com\/wp-content\/uploads\/2022\/10\/SIBA-Blog-web-150x150.jpg",150,150,true],"medium":["https:\/\/bassin-arcachon.com\/wp-content\/uploads\/2022\/10\/SIBA-Blog-web-600x243.jpg",600,243,true],"medium_large":["https:\/\/bassin-arcachon.com\/wp-content\/uploads\/2022\/10\/SIBA-Blog-web-768x310.jpg",768,310,true],"large":["https:\/\/bassin-arcachon.com\/wp-content\/uploads\/2022\/10\/SIBA-Blog-web-1024x414.jpg",1024,414,true],"1536x1536":["https:\/\/bassin-arcachon.com\/wp-content\/uploads\/2022\/10\/SIBA-Blog-web.jpg",1400,566,false],"2048x2048":["https:\/\/bassin-arcachon.com\/wp-content\/uploads\/2022\/10\/SIBA-Blog-web.jpg",1400,566,false],"trp-custom-language-flag":["https:\/\/bassin-arcachon.com\/wp-content\/uploads\/2022\/10\/SIBA-Blog-web-18x7.jpg",18,7,true]},"uagb_author_info":{"display_name":"Marie Clauzel","author_link":"https:\/\/bassin-arcachon.com\/ru\/author\/mariesiba\/"},"uagb_comment_info":0,"uagb_excerpt":"Plongez au c\u0153ur de nos exp\u00e9riences inspirantes mois par mois, \u00e0 la rencontre de nos professionnels et de nos p\u00e9pites locales :","_links":{"self":[{"href":"https:\/\/bassin-arcachon.com\/ru\/wp-json\/wp\/v2\/pages\/59","targetHints":{"allow":["GET"]}}],"collection":[{"href":"https:\/\/bassin-arcachon.com\/ru\/wp-json\/wp\/v2\/pages"}],"about":[{"href":"https:\/\/bassin-arcachon.com\/ru\/wp-json\/wp\/v2\/types\/page"}],"author":[{"embeddable":true,"href":"https:\/\/bassin-arcachon.com\/ru\/wp-json\/wp\/v2\/users\/25"}],"replies":[{"embeddable":true,"href":"https:\/\/bassin-arcachon.com\/ru\/wp-json\/wp\/v2\/comments?post=59"}],"version-history":[{"count":0,"href":"https:\/\/bassin-arcachon.com\/ru\/wp-json\/wp\/v2\/pages\/59\/revisions"}],"wp:featuredmedia":[{"embeddable":true,"href":"https:\/\/bassin-arcachon.com\/ru\/wp-json\/wp\/v2\/media\/51811"}],"wp:attachment":[{"href":"https:\/\/bassin-arcachon.com\/ru\/wp-json\/wp\/v2\/media?parent=59"}],"curies":[{"name":"WP","href":"https:\/\/api.w.org\/{rel}","templated":true}]}}