{"id":645,"date":"2017-03-27T17:34:08","date_gmt":"2017-03-27T15:34:08","guid":{"rendered":"https:\/\/bassin-arcachon.com\/\/?page_id=645"},"modified":"2023-07-06T12:15:56","modified_gmt":"2023-07-06T10:15:56","slug":"%d0%be%d1%84%d0%b8%d1%86%d0%b8%d0%b0%d0%bb%d1%8c%d0%bd%d0%be%d0%b5-%d1%83%d0%b2%d0%b5%d0%b4%d0%be%d0%bc%d0%bb%d0%b5%d0%bd%d0%b8%d0%b5","status":"publish","type":"page","link":"https:\/\/bassin-arcachon.com\/ru\/mentions-legales\/","title":{"rendered":"\u041e\u0444\u0438\u0446\u0438\u0430\u043b\u044c\u043d\u043e\u0435 \u0443\u0432\u0435\u0434\u043e\u043c\u043b\u0435\u043d\u0438\u0435"},"content":{"rendered":"<div class=\"wp-block-uagb-container uagb-block-9cb3f0a0 alignfull uagb-is-root-container\"><div class=\"uagb-container-inner-blocks-wrap\">\n<h2 class=\"wp-block-heading\">\u0414\u043e\u0431\u0440\u043e \u043f\u043e\u0436\u0430\u043b\u043e\u0432\u0430\u0442\u044c \u043d\u0430 \u0441\u0430\u0439\u0442 \u0410\u0440\u043a\u0430\u0448\u043e\u043d Bassin.<\/h2>\n\n\n\n<p>\u0412 \u0441\u043e\u043e\u0442\u0432\u0435\u0442\u0441\u0442\u0432\u0438\u0438 \u0441 \u043f\u043e\u043b\u043e\u0436\u0435\u043d\u0438\u044f\u043c\u0438 \u0417\u0430\u043a\u043e\u043d\u0430 \u2116 2004-575 \u043e\u0442 21 \u0438\u044e\u043d\u044f 2004 \u0433. \u043e \u0434\u043e\u0432\u0435\u0440\u0438\u0438 \u0432 \u0446\u0438\u0444\u0440\u043e\u0432\u043e\u0439 \u044d\u043a\u043e\u043d\u043e\u043c\u0438\u043a\u0435 \u043f\u043e\u043b\u044c\u0437\u043e\u0432\u0430\u0442\u0435\u043b\u0438 \u0441\u0430\u0439\u0442\u0430 \u0438\u043d\u0444\u043e\u0440\u043c\u0438\u0440\u0443\u044e\u0442\u0441\u044f \u043e \u043b\u0438\u0447\u043d\u043e\u0441\u0442\u0438 \u0440\u0430\u0437\u043b\u0438\u0447\u043d\u044b\u0445 \u0441\u0442\u043e\u0440\u043e\u043d, \u0443\u0447\u0430\u0441\u0442\u0432\u0443\u044e\u0449\u0438\u0445 \u0432 \u0435\u0433\u043e \u0440\u0435\u0430\u043b\u0438\u0437\u0430\u0446\u0438\u0438 \u0438 \u043c\u043e\u043d\u0438\u0442\u043e\u0440\u0438\u043d\u0433\u0435.<\/p>\n\n\n\n<h4 class=\"wp-block-heading\">\u0420\u0435\u0434\u0430\u043a\u0442\u0438\u0440\u043e\u0432\u0430\u043d\u0438\u0435 \u0441\u0430\u0439\u0442\u0430<\/h4>\n\n\n\n<ul class=\"wp-block-list\">\n<li><strong>\u0418\u0437\u0434\u0430\u0442\u0435\u043b\u044c\u0441\u043a\u0438\u0439 \u043c\u0435\u043d\u0435\u0434\u0436\u0435\u0440<\/strong>&nbsp;: \u041c\u0435\u0436\u043c\u0443\u043d\u0438\u0446\u0438\u043f\u0430\u043b\u044c\u043d\u044b\u0439 \u0441\u0438\u043d\u0434\u0438\u043a\u0430\u0442 Bassin \u0410\u0440\u043a\u0430\u0448\u043e\u043d\u0430 (<a href=\"https:\/\/www.siba-bassin-arcachon.fr\/\" target=\"_blank\" rel=\"noopener\">https:\/\/www.siba-bassin-arcachon.fr<\/a>) 16, all\u00e9e Corrigan \u2013 33120 ARCACHON \u0422\u0435\u043b. : (+33) 05 57 52 74 74 Tourisme@siba-bassin-arcachon.fr<\/li>\n\n\n\n<li><strong>\u0414\u0438\u0440\u0435\u043a\u0442\u043e\u0440 \u043f\u0443\u0431\u043b\u0438\u043a\u0430\u0446\u0438\u0438&nbsp;<\/strong>: \u0418\u0432 \u0424\u0423\u041b\u041e\u041d, \u043f\u0440\u0435\u0437\u0438\u0434\u0435\u043d\u0442 SIBA \u0438 \u043c\u044d\u0440 \u0410\u0440\u043a\u0430\u0448\u043e\u043d\u0430<\/li>\n\n\n\n<li><strong>\u0420\u0435\u0434\u0430\u043a\u0446\u0438\u043e\u043d\u043d\u0430\u044f \u0430\u043d\u0438\u043c\u0430\u0446\u0438\u044f, \u0443\u043f\u0440\u0430\u0432\u043b\u0435\u043d\u0438\u0435 \u0438 \u043e\u0431\u043d\u043e\u0432\u043b\u0435\u043d\u0438\u0435&nbsp;<\/strong>: \u041e\u0442\u0434\u0435\u043b \u043a\u043e\u043c\u043c\u0443\u043d\u0438\u043a\u0430\u0446\u0438\u0439 \u0438 \u043f\u0440\u043e\u0434\u0432\u0438\u0436\u0435\u043d\u0438\u044f SIBA<br><strong>\u041a\u043e\u043d\u0442\u0430\u043a\u0442&nbsp;<\/strong>: \u041c\u0430\u0440\u0438 \u041a\u041b\u041e\u0417\u0415\u041b\u042c (+33) 05 57 52 74 74 \/ m.clauzel@siba-bassin-arcachon.fr)<\/li>\n\n\n\n<li><strong>\u0422\u0443\u0440\u0438\u0441\u0442\u0438\u0447\u0435\u0441\u043a\u0438\u0435 \u0434\u0430\u043d\u043d\u044b\u0435 \u0438\u0437 \u0440\u0435\u0433\u0438\u043e\u043d\u0430\u043b\u044c\u043d\u043e\u0439 \u0442\u0443\u0440\u0438\u0441\u0442\u0438\u0447\u0435\u0441\u043a\u043e\u0439 \u0438\u043d\u0444\u043e\u0440\u043c\u0430\u0446\u0438\u043e\u043d\u043d\u043e\u0439 \u0441\u0438\u0441\u0442\u0435\u043c\u044b \u0410\u043a\u0432\u0438\u0442\u0430\u043d\u0438\u0438 SIRTAQUI.<\/strong>&nbsp;(<a href=\"https:\/\/www.sirtaqui-aquitaine.com\/\" target=\"_blank\" rel=\"noopener\">https:\/\/www.sirtaqui-aquitaine.com\/<\/a>)<\/li>\n\n\n\n<li><strong>\u0421\u043e\u0437\u0434\u0430\u043d\u0438\u0435 \u0442\u0443\u0440\u0438\u0441\u0442\u0438\u0447\u0435\u0441\u043a\u043e\u0433\u043e \u043f\u043e\u0440\u0442\u0430\u043b\u0430&nbsp;<\/strong>: \u041a\u043e\u043c\u043c\u0443\u043d\u0438\u043a\u0430\u0446\u0438\u043e\u043d\u043d\u043e\u0435 \u0430\u0433\u0435\u043d\u0442\u0441\u0442\u0432\u043e \u041a\u04102 (<a href=\"https:\/\/ka2com.fr\/\" target=\"_blank\" rel=\"noopener\">https:\/\/ka2com.fr\/<\/a>)<\/li>\n\n\n\n<li><strong>\u0421\u043e\u0437\u0434\u0430\u043d\u0438\u0435 \u0440\u0435\u0434\u0430\u043a\u0446\u0438\u043e\u043d\u043d\u043e\u0433\u043e \u043a\u043e\u043d\u0442\u0435\u043d\u0442\u0430&nbsp;<\/strong>: \u041e\u0442\u0434\u0435\u043b \u043a\u043e\u043c\u043c\u0443\u043d\u0438\u043a\u0430\u0446\u0438\u0439 \u0438 \u043f\u0440\u043e\u0434\u0432\u0438\u0436\u0435\u043d\u0438\u044f SIBA<\/li>\n\n\n\n<li><strong>\u043f\u0440\u043e\u0433\u0440\u0430\u043c\u043c\u043d\u043e\u0435 \u043e\u0431\u0435\u0441\u043f\u0435\u0447\u0435\u043d\u0438\u0435 \u0434\u043b\u044f \u0443\u043f\u0440\u0430\u0432\u043b\u0435\u043d\u0438\u044f \u0432\u0435\u0431-\u043a\u043e\u043d\u0442\u0435\u043d\u0442\u043e\u043c<\/strong>&nbsp;: \u0412\u043e\u0440\u0434\u043f\u0440\u0435\u0441\u0441<\/li>\n\n\n\n<li><strong>\u0425\u043e\u0437\u044f\u0438\u043d<\/strong>&nbsp;: O2\u041f\u0435\u0440\u0435\u043a\u043b\u044e\u0447\u0430\u0442\u0435\u043b\u044c<\/li>\n<\/ul>\n\n\n\n<p><strong>\u041f\u0440\u0438\u043b\u043e\u0436\u0435\u043d\u0438\u0435 Arcachon Bassin \u044f\u0432\u043b\u044f\u0435\u0442\u0441\u044f \u0441\u043e\u0431\u0441\u0442\u0432\u0435\u043d\u043d\u043e\u0441\u0442\u044c\u044e SIBA (Syndicat Intercommunal du Bassin d&#039;Arcachon).<\/strong><\/p>\n\n\n\n<ul class=\"wp-block-list\">\n<li>\u043d\u0435\u0442 \u0441\u0431\u043e\u0440\u0430 \u043f\u0435\u0440\u0441\u043e\u043d\u0430\u043b\u044c\u043d\u044b\u0445 \u0434\u0430\u043d\u043d\u044b\u0445<\/li>\n\n\n\n<li>\u043d\u0435\u0442 \u043f\u0435\u0447\u0435\u043d\u044c\u044f<\/li>\n\n\n\n<li>\u0438\u0441\u043f\u043e\u043b\u044c\u0437\u043e\u0432\u0430\u043d\u0438\u0435 \u0434\u0430\u043d\u043d\u044b\u0445 \u043e \u043c\u0435\u0441\u0442\u043e\u043f\u043e\u043b\u043e\u0436\u0435\u043d\u0438\u0438 \u0432 \u043e\u043f\u0440\u0435\u0434\u0435\u043b\u0435\u043d\u043d\u044b\u0445 \u0444\u0443\u043d\u043a\u0446\u0438\u044f\u0445 (\u043d\u0430\u043f\u0440\u0438\u043c\u0435\u0440, \u0441\u043e\u0440\u0442\u0438\u0440\u043e\u0432\u043a\u0430 \u043f\u043e \u0440\u0430\u0441\u0441\u0442\u043e\u044f\u043d\u0438\u044e)<\/li>\n\n\n\n<li>\u0441\u0431\u043e\u0440 \u0441\u0442\u0430\u0442\u0438\u0441\u0442\u0438\u043a\u0438 \u0438\u0441\u043f\u043e\u043b\u044c\u0437\u043e\u0432\u0430\u043d\u0438\u044f (\u0432 \u0430\u043d\u043e\u043d\u0438\u043c\u043d\u043e\u043c \u0440\u0435\u0436\u0438\u043c\u0435 \u0447\u0435\u0440\u0435\u0437 google analytics)<\/li>\n<\/ul>\n\n\n\n<ul class=\"wp-block-list\">\n<li><strong>\u0418\u0437\u0434\u0430\u0442\u0435\u043b\u044c\u0441\u043a\u0438\u0439 \u043c\u0435\u043d\u0435\u0434\u0436\u0435\u0440<\/strong>&nbsp;: \u041c\u0435\u0436\u043c\u0443\u043d\u0438\u0446\u0438\u043f\u0430\u043b\u044c\u043d\u044b\u0439 \u0441\u0438\u043d\u0434\u0438\u043a\u0430\u0442 Bassin \u0410\u0440\u043a\u0430\u0448\u043e\u043d\u0430 (<a href=\"https:\/\/www.siba-bassin-arcachon.fr\/\" target=\"_blank\" rel=\"noopener\">https:\/\/www.siba-bassin-arcachon.fr<\/a>) 16, all\u00e9e Corrigan \u2013 33120 ARCACHON \u0422\u0435\u043b. : (+33) 05 57 52 74 74 Tourisme@siba-bassin-arcachon.fr<\/li>\n\n\n\n<li><strong>\u0414\u0438\u0440\u0435\u043a\u0442\u043e\u0440 \u043f\u0443\u0431\u043b\u0438\u043a\u0430\u0446\u0438\u0438&nbsp;<\/strong>: \u0418\u0432 \u0424\u0423\u041b\u041e\u041d, \u043f\u0440\u0435\u0437\u0438\u0434\u0435\u043d\u0442 SIBA \u0438 \u043c\u044d\u0440 \u0410\u0440\u043a\u0430\u0448\u043e\u043d\u0430<\/li>\n\n\n\n<li><strong>\u0420\u0435\u0434\u0430\u043a\u0446\u0438\u043e\u043d\u043d\u0430\u044f \u0430\u043d\u0438\u043c\u0430\u0446\u0438\u044f, \u0443\u043f\u0440\u0430\u0432\u043b\u0435\u043d\u0438\u0435 \u0438 \u043e\u0431\u043d\u043e\u0432\u043b\u0435\u043d\u0438\u0435&nbsp;<\/strong>: \u041e\u0442\u0434\u0435\u043b \u043a\u043e\u043c\u043c\u0443\u043d\u0438\u043a\u0430\u0446\u0438\u0439 \u0438 \u043f\u0440\u043e\u0434\u0432\u0438\u0436\u0435\u043d\u0438\u044f SIBA<\/li>\n\n\n\n<li><strong>\u0421\u043e\u0437\u0434\u0430\u043d\u0438\u0435 \u043c\u043e\u0431\u0438\u043b\u044c\u043d\u043e\u0433\u043e \u043f\u0440\u0438\u043b\u043e\u0436\u0435\u043d\u0438\u044f<\/strong>&nbsp;:YouTeam(<a href=\"https:\/\/www.you-team.com\/\" target=\"_blank\" rel=\"noopener\">https:\/\/www.you-team.com\/<\/a>)<\/li>\n<\/ul>\n\n\n\n<h4 class=\"wp-block-heading\">\u0424\u043e\u0442\u043e \u043a\u0440\u0435\u0434\u0438\u0442\u044b<\/h4>\n\n\n\n<p><a href=\"http:\/\/www.les-conteurs.com\/\" target=\"_blank\" rel=\"noopener\">\u0413. \u041a\u0430\u0441\u0441\u0438\u043e\/\u0410\u0433\u0435\u043d\u0442\u0441\u0442\u0432\u043e \u0440\u0430\u0441\u0441\u043a\u0430\u0437\u0447\u0438\u043a\u043e\u0432<\/a>&nbsp;\u2013&nbsp;<a href=\"https:\/\/www.jeanphilippebellonphotography.com\/\" target=\"_blank\" rel=\"noopener\">\u0414\u0436.\u041f. \u043a\u043e\u043b\u043e\u043a\u043e\u043b<\/a>&nbsp;\u2013 \u0421. \u041a\u043e\u0442\u0442\u0435\u0440\u043e \u2013 \u041a. \u0411\u044c\u0435\u0442 \u2013&nbsp;<a href=\"https:\/\/www.midiprod.com\/\" target=\"_blank\" rel=\"noopener\">\u041f. \u0425\u0430\u0443\u0437\u0435\u0440<\/a>&nbsp;\u2013 \u0411. \u0420\u0443\u0438\u0441 \u2013&nbsp;<a href=\"https:\/\/www.sepanso.org\/\" target=\"_blank\" rel=\"noopener\">RNN Banc d&#039;Arguin\/SEPANSO<\/a>&nbsp;\u2013&nbsp;<a href=\"https:\/\/ladunedupilat.com\/\" target=\"_blank\" rel=\"noopener\">\u0411\u043e\u043b\u044c\u0448\u043e\u0439 \u0441\u0430\u0439\u0442 \u0434\u044e\u043d\u044b \u0434\u044e \u041f\u0438\u043b\u0430\u0442<\/a>&nbsp;\u2013 \u041d. \u041c\u043e\u043b\u043b\u043e \u2013 \u041a. \u0424\u0435\u043d\u044c \u2013 \u041f. \u041e\u0434\u0443\u0430\u043d \u2013 \u0420. \u041f\u0440\u0435\u0441\u0430 \u2013 \u041c. \u0411\u0443\u0430\u0432\u0435\u043d \u2013 \u0410. \u0412\u0430\u0448\u0435\u0440\u043e\u043d \u2013 \u041e\u0442\u0435\u043b\u044c \u041a\u043e\u0442\u0435 \u0421\u043e\u0431\u043e\u043b\u044c \u2013 \u0416. \u0416\u0438\u043b\u043b\u043e\u043d \u2013 \u0424. \u041c\u0443\u0441\u0438\u0441 \u2013 \u0416.\u041a. Lauchas \u2013 F. Perrogon \u2013 \u0422\u0443\u0440\u0438\u0441\u0442\u0438\u0447\u0435\u0441\u043a\u0438\u0439 \u043e\u0444\u0438\u0441 L\u00e8ge-Cap Ferret \u2013 Heart of Bassin OTI \u2013 \u0420\u0430\u0442\u0443\u0448\u0430 \u0410\u043d\u0434\u0435\u0440\u043d\u043e\u0441\u0430\/\u0421\u043b\u0443\u0436\u0431\u0430 \u0441\u0432\u044f\u0437\u0438 \u2013 \u0422\u0443\u0440\u0438\u0441\u0442\u0438\u0447\u0435\u0441\u043a\u0438\u0439 \u043e\u0444\u0438\u0441 Andernos-les-Bains \u2013 UBA \u2013 Thalazur Arcachon \u2013 \u0420\u0430\u0442\u0443\u0448\u0430 L\u00e8ge-Cap Ferret \u2013 \u0414\u043e\u043c \u043f\u0440\u0438\u0440\u043e\u0434\u044b Arcachon Bassin \u2013 Camping Panorama du Pyla \u2013 Camping Pasteur \u2013 Golf Blue Green \u2013 \u0420\u0430\u0441\u0448\u0438\u0440\u0435\u043d\u0438\u0435 \u0410\u0440\u043a\u0430\u0448\u043e\u043d\u0430 \u2013 OT de Bordeaux \u2013 Christophe Boute \u2013 Karine M\u00e9dina \u2013 St\u00e9phane T \u2013 Landes de Gascogne PNR<\/p>\n<\/div><\/div>","protected":false},"excerpt":{"rendered":"<p>Bienvenue sur le site du Bassin d\u2019Arcachon. Conform\u00e9ment aux dispositions de la loi n\u00b0 2004-575 du 21 juin 2004 pour la confiance en l\u2019\u00e9conomie num\u00e9rique, il est pr\u00e9cis\u00e9 aux utilisateurs [&hellip;]<\/p>\n","protected":false},"author":25,"featured_media":23808,"parent":0,"menu_order":30,"comment_status":"closed","ping_status":"closed","template":"","meta":{"_acf_changed":false,"_uag_custom_page_level_css":"","footnotes":""},"class_list":["post-645","page","type-page","status-publish","has-post-thumbnail","hentry"],"acf":[],"uagb_featured_image_src":{"full":["https:\/\/bassin-arcachon.com\/wp-content\/uploads\/2017\/02\/Domaine-de-Certes-Audenge.jpg",1000,666,false],"thumbnail":["https:\/\/bassin-arcachon.com\/wp-content\/uploads\/2017\/02\/Domaine-de-Certes-Audenge-150x150.jpg",150,150,true],"medium":["https:\/\/bassin-arcachon.com\/wp-content\/uploads\/2017\/02\/Domaine-de-Certes-Audenge-600x400.jpg",600,400,true],"medium_large":["https:\/\/bassin-arcachon.com\/wp-content\/uploads\/2017\/02\/Domaine-de-Certes-Audenge-768x511.jpg",768,511,true],"large":["https:\/\/bassin-arcachon.com\/wp-content\/uploads\/2017\/02\/Domaine-de-Certes-Audenge.jpg",1000,666,false],"1536x1536":["https:\/\/bassin-arcachon.com\/wp-content\/uploads\/2017\/02\/Domaine-de-Certes-Audenge.jpg",1000,666,false],"2048x2048":["https:\/\/bassin-arcachon.com\/wp-content\/uploads\/2017\/02\/Domaine-de-Certes-Audenge.jpg",1000,666,false],"trp-custom-language-flag":["https:\/\/bassin-arcachon.com\/wp-content\/uploads\/2017\/02\/Domaine-de-Certes-Audenge-18x12.jpg",18,12,true]},"uagb_author_info":{"display_name":"Marie Clauzel","author_link":"https:\/\/bassin-arcachon.com\/ru\/author\/mariesiba\/"},"uagb_comment_info":0,"uagb_excerpt":"Bienvenue sur le site du Bassin d\u2019Arcachon. Conform\u00e9ment aux dispositions de la loi n\u00b0 2004-575 du 21 juin 2004 pour la confiance en l\u2019\u00e9conomie num\u00e9rique, il est pr\u00e9cis\u00e9 aux utilisateurs [&hellip;]","_links":{"self":[{"href":"https:\/\/bassin-arcachon.com\/ru\/wp-json\/wp\/v2\/pages\/645","targetHints":{"allow":["GET"]}}],"collection":[{"href":"https:\/\/bassin-arcachon.com\/ru\/wp-json\/wp\/v2\/pages"}],"about":[{"href":"https:\/\/bassin-arcachon.com\/ru\/wp-json\/wp\/v2\/types\/page"}],"author":[{"embeddable":true,"href":"https:\/\/bassin-arcachon.com\/ru\/wp-json\/wp\/v2\/users\/25"}],"replies":[{"embeddable":true,"href":"https:\/\/bassin-arcachon.com\/ru\/wp-json\/wp\/v2\/comments?post=645"}],"version-history":[{"count":0,"href":"https:\/\/bassin-arcachon.com\/ru\/wp-json\/wp\/v2\/pages\/645\/revisions"}],"wp:featuredmedia":[{"embeddable":true,"href":"https:\/\/bassin-arcachon.com\/ru\/wp-json\/wp\/v2\/media\/23808"}],"wp:attachment":[{"href":"https:\/\/bassin-arcachon.com\/ru\/wp-json\/wp\/v2\/media?parent=645"}],"curies":[{"name":"WP","href":"https:\/\/api.w.org\/{rel}","templated":true}]}}