{"id":67,"date":"2019-09-26T10:35:20","date_gmt":"2019-09-26T08:35:20","guid":{"rendered":"https:\/\/bassin-arcachon.com\/\/?page_id=67"},"modified":"2026-03-17T14:13:33","modified_gmt":"2026-03-17T13:13:33","slug":"%d0%bf%d0%b5%d1%80%d0%b5%d0%b4%d0%b2%d0%b8%d0%b6%d0%b5%d0%bd%d0%b8%d0%b5-%d0%bf%d0%be-%d0%b1%d0%b0%d1%81%d1%81%d0%b5%d0%b9%d0%bd%d1%83","status":"publish","type":"page","link":"https:\/\/bassin-arcachon.com\/ru\/se-deplacer-sur-le-bassin\/","title":{"rendered":"\u0414\u0432\u0438\u0433\u0430\u0439\u0442\u0435\u0441\u044c \u043f\u043e Bassin"},"content":{"rendered":"<p><\/p>\n\n\n\n<div class=\"wp-block-uagb-container uagb-block-21a4dd1f alignfull uagb-is-root-container\"><div class=\"uagb-container-inner-blocks-wrap\">\n<h2 class=\"wp-block-heading\">Bassin \u0441\u043c\u0430\u0440\u0442<\/h2>\n\n\n\n<p>\u041f\u043e \u0442\u0440\u0430\u0441\u0441\u0435 Bassin \u0438\u0437 \u0410\u0440\u043a\u0430\u0448\u043e\u043d\u0430 \u0440\u0430\u0441\u0441\u0442\u043e\u044f\u043d\u0438\u044f \u043a\u043e\u0440\u043e\u0442\u043a\u0438\u0435, \u043d\u043e \u043e\u043d\u0438 \u043c\u043e\u0433\u0443\u0442 \u0431\u044b\u0442\u044c \u0433\u043e\u0440\u0430\u0437\u0434\u043e \u0434\u043b\u0438\u043d\u043d\u0435\u0435, \u0435\u0441\u043b\u0438 \u0437\u0430\u0441\u0442\u0440\u044f\u0442\u044c \u0432 \u043f\u0440\u043e\u0431\u043a\u0430\u0445, \u043f\u043e\u044d\u0442\u043e\u043c\u0443 \u043c\u044b \u043f\u0440\u0435\u0434\u043f\u043e\u0447\u0438\u0442\u0430\u0435\u043c \u0441\u043f\u043e\u043a\u043e\u0439\u043d\u044b\u0435, \u043a\u043e\u043b\u043b\u0435\u043a\u0442\u0438\u0432\u043d\u044b\u0435 \u043f\u043e\u0435\u0437\u0434\u043a\u0438...<\/p>\n\n\n\n<div class=\"wp-block-buttons is-layout-flex wp-block-buttons-is-layout-flex\">\n<div class=\"wp-block-button\"><a class=\"wp-block-button__link wp-element-button\" href=\"https:\/\/www.calameo.com\/read\/00002442172196ce0017a\" target=\"_blank\" rel=\"noreferrer noopener\">\u041e\u0437\u043d\u0430\u043a\u043e\u043c\u044c\u0442\u0435\u0441\u044c \u0441 \u043d\u0430\u0448\u0435\u0439 \u0431\u0440\u043e\u0448\u044e\u0440\u043e\u0439 \u00abBassin \u0431\u0435\u0437 \u043c\u043e\u0435\u0439 \u043c\u0430\u0448\u0438\u043d\u044b\u00bb.<\/a><\/div>\n<\/div>\n<\/div><\/div>\n\n\n\n<div style=\"height:40px\" aria-hidden=\"true\" class=\"wp-block-spacer\"><\/div>\n\n\n\n<div class=\"wp-block-uagb-container uagb-block-951451fa alignfull uagb-is-root-container\"><div class=\"uagb-container-inner-blocks-wrap\">\n<div class=\"wp-block-uagb-tabs uagb-block-d34a5791 uagb-tabs__wrap uagb-tabs__hstyle3-desktop uagb-tabs__vstyle6-tablet uagb-tabs__stack1-mobile dep_tabs\" data-tab-active=\"0\"><ul class=\"uagb-tabs__panel uagb-tabs__align-left\" role=\"tablist\"><li class=\"uagb-tab uagb-tabs__active\" role=\"none\"><a href=\"#uagb-tabs__tab0\" class=\"uagb-tabs-list uagb-tabs__icon-position-top\" data-tab=\"0\" role=\"tab\"><span class=\"uagb-tabs__icon\"><svg xmlns=\"https:\/\/www.w3.org\/2000\/svg\" viewbox=\"0 0 448 512\"><path d=\"M352 0C405 0 448 42.98 448 96V352C448 399.1 412.8 439.7 366.9 446.9L412.9 492.9C419.9 499.9 414.9 512 404.1 512H365.3C356.8 512 348.6 508.6 342.6 502.6L288 448H160L105.4 502.6C99.37 508.6 91.23 512 82.75 512H43.04C33.06 512 28.06 499.9 35.12 492.9L81.14 446.9C35.18 439.7 0 399.1 0 352V96C0 42.98 42.98 0 96 0H352zM64 224C64 241.7 78.33 256 96 256H176C193.7 256 208 241.7 208 224V128C208 110.3 193.7 96 176 96H96C78.33 96 64 110.3 64 128V224zM272 96C254.3 96 240 110.3 240 128V224C240 241.7 254.3 256 272 256H352C369.7 256 384 241.7 384 224V128C384 110.3 369.7 96 352 96H272zM96 320C78.33 320 64 334.3 64 352C64 369.7 78.33 384 96 384C113.7 384 128 369.7 128 352C128 334.3 113.7 320 96 320zM352 384C369.7 384 384 369.7 384 352C384 334.3 369.7 320 352 320C334.3 320 320 334.3 320 352C320 369.7 334.3 384 352 384z\"><\/path><\/svg><\/span><div>\u041d\u0430 \u0432\u0435\u043b\u043e\u0441\u0438\u043f\u0435\u0434\u0435<\/div><\/a><\/li><li class=\"uagb-tab\" role=\"none\"><a href=\"#uagb-tabs__tab1\" class=\"uagb-tabs-list uagb-tabs__icon-position-top\" data-tab=\"1\" role=\"tab\"><span class=\"uagb-tabs__icon\"><svg xmlns=\"https:\/\/www.w3.org\/2000\/svg\" viewbox=\"0 0 448 512\"><path d=\"M352 0C405 0 448 42.98 448 96V352C448 399.1 412.8 439.7 366.9 446.9L412.9 492.9C419.9 499.9 414.9 512 404.1 512H365.3C356.8 512 348.6 508.6 342.6 502.6L288 448H160L105.4 502.6C99.37 508.6 91.23 512 82.75 512H43.04C33.06 512 28.06 499.9 35.12 492.9L81.14 446.9C35.18 439.7 0 399.1 0 352V96C0 42.98 42.98 0 96 0H352zM64 224C64 241.7 78.33 256 96 256H176C193.7 256 208 241.7 208 224V128C208 110.3 193.7 96 176 96H96C78.33 96 64 110.3 64 128V224zM272 96C254.3 96 240 110.3 240 128V224C240 241.7 254.3 256 272 256H352C369.7 256 384 241.7 384 224V128C384 110.3 369.7 96 352 96H272zM96 320C78.33 320 64 334.3 64 352C64 369.7 78.33 384 96 384C113.7 384 128 369.7 128 352C128 334.3 113.7 320 96 320zM352 384C369.7 384 384 369.7 384 352C384 334.3 369.7 320 352 320C334.3 320 320 334.3 320 352C320 369.7 334.3 384 352 384z\"><\/path><\/svg><\/span><div>\u041d\u0430 \u043b\u043e\u0434\u043a\u0435<\/div><\/a><\/li><li class=\"uagb-tab\" role=\"none\"><a href=\"#uagb-tabs__tab2\" class=\"uagb-tabs-list uagb-tabs__icon-position-top\" data-tab=\"2\" role=\"tab\"><span class=\"uagb-tabs__icon\"><svg xmlns=\"https:\/\/www.w3.org\/2000\/svg\" viewbox=\"0 0 448 512\"><path d=\"M352 0C405 0 448 42.98 448 96V352C448 399.1 412.8 439.7 366.9 446.9L412.9 492.9C419.9 499.9 414.9 512 404.1 512H365.3C356.8 512 348.6 508.6 342.6 502.6L288 448H160L105.4 502.6C99.37 508.6 91.23 512 82.75 512H43.04C33.06 512 28.06 499.9 35.12 492.9L81.14 446.9C35.18 439.7 0 399.1 0 352V96C0 42.98 42.98 0 96 0H352zM64 224C64 241.7 78.33 256 96 256H176C193.7 256 208 241.7 208 224V128C208 110.3 193.7 96 176 96H96C78.33 96 64 110.3 64 128V224zM272 96C254.3 96 240 110.3 240 128V224C240 241.7 254.3 256 272 256H352C369.7 256 384 241.7 384 224V128C384 110.3 369.7 96 352 96H272zM96 320C78.33 320 64 334.3 64 352C64 369.7 78.33 384 96 384C113.7 384 128 369.7 128 352C128 334.3 113.7 320 96 320zM352 384C369.7 384 384 369.7 384 352C384 334.3 369.7 320 352 320C334.3 320 320 334.3 320 352C320 369.7 334.3 384 352 384z\"><\/path><\/svg><\/span><div>\u041f\u043e\u0435\u0437\u0434\u043e\u043c<\/div><\/a><\/li><li class=\"uagb-tab\" role=\"none\"><a href=\"#uagb-tabs__tab3\" class=\"uagb-tabs-list uagb-tabs__icon-position-top\" data-tab=\"3\" role=\"tab\"><span class=\"uagb-tabs__icon\"><svg xmlns=\"https:\/\/www.w3.org\/2000\/svg\" viewbox=\"0 0 448 512\"><path d=\"M352 0C405 0 448 42.98 448 96V352C448 399.1 412.8 439.7 366.9 446.9L412.9 492.9C419.9 499.9 414.9 512 404.1 512H365.3C356.8 512 348.6 508.6 342.6 502.6L288 448H160L105.4 502.6C99.37 508.6 91.23 512 82.75 512H43.04C33.06 512 28.06 499.9 35.12 492.9L81.14 446.9C35.18 439.7 0 399.1 0 352V96C0 42.98 42.98 0 96 0H352zM64 224C64 241.7 78.33 256 96 256H176C193.7 256 208 241.7 208 224V128C208 110.3 193.7 96 176 96H96C78.33 96 64 110.3 64 128V224zM272 96C254.3 96 240 110.3 240 128V224C240 241.7 254.3 256 272 256H352C369.7 256 384 241.7 384 224V128C384 110.3 369.7 96 352 96H272zM96 320C78.33 320 64 334.3 64 352C64 369.7 78.33 384 96 384C113.7 384 128 369.7 128 352C128 334.3 113.7 320 96 320zM352 384C369.7 384 384 369.7 384 352C384 334.3 369.7 320 352 320C334.3 320 320 334.3 320 352C320 369.7 334.3 384 352 384z\"><\/path><\/svg><\/span><div>\u0410\u0432\u0442\u043e\u0431\u0443\u0441\u043e\u043c<\/div><\/a><\/li><li class=\"uagb-tab\" role=\"none\"><a href=\"#uagb-tabs__tab4\" class=\"uagb-tabs-list uagb-tabs__icon-position-top\" data-tab=\"4\" role=\"tab\"><span class=\"uagb-tabs__icon\"><svg xmlns=\"https:\/\/www.w3.org\/2000\/svg\" viewbox=\"0 0 448 512\"><path d=\"M352 0C405 0 448 42.98 448 96V352C448 399.1 412.8 439.7 366.9 446.9L412.9 492.9C419.9 499.9 414.9 512 404.1 512H365.3C356.8 512 348.6 508.6 342.6 502.6L288 448H160L105.4 502.6C99.37 508.6 91.23 512 82.75 512H43.04C33.06 512 28.06 499.9 35.12 492.9L81.14 446.9C35.18 439.7 0 399.1 0 352V96C0 42.98 42.98 0 96 0H352zM64 224C64 241.7 78.33 256 96 256H176C193.7 256 208 241.7 208 224V128C208 110.3 193.7 96 176 96H96C78.33 96 64 110.3 64 128V224zM272 96C254.3 96 240 110.3 240 128V224C240 241.7 254.3 256 272 256H352C369.7 256 384 241.7 384 224V128C384 110.3 369.7 96 352 96H272zM96 320C78.33 320 64 334.3 64 352C64 369.7 78.33 384 96 384C113.7 384 128 369.7 128 352C128 334.3 113.7 320 96 320zM352 384C369.7 384 384 369.7 384 352C384 334.3 369.7 320 352 320C334.3 320 320 334.3 320 352C320 369.7 334.3 384 352 384z\"><\/path><\/svg><\/span><div>\u041d\u0430 \u043c\u0430\u0448\u0438\u043d\u0435<\/div><\/a><\/li><\/ul><div class=\"uagb-tabs__body-wrap\">\n<div class=\"wp-block-uagb-tabs-child uagb-tabs__body-container uagb-inner-tab-0 dep_tabs\" aria-labelledby=\"uagb-tabs__tab0\">\n<h4 class=\"wp-block-heading\">\u0427\u0442\u043e\u0431\u044b \u043a\u0430\u0442\u0430\u0442\u044c\u0441\u044f \u043f\u0440\u0438\u044f\u0442\u043d\u043e, \u0432\u044b\u0431\u0435\u0440\u0438 \u0432\u0435\u043b\u043e\u0441\u0438\u043f\u0435\u0434!<\/h4>\n\n\n\n<p>\u0412\u0441\u0435 \u0433\u043e\u0440\u043e\u0434\u0430 Bassin \u0410\u0440\u043a\u0430\u0448\u043e\u043d\u0430 \u0441\u043e\u0435\u0434\u0438\u043d\u0435\u043d\u044b \u0432\u0435\u043b\u043e\u0441\u0438\u043f\u0435\u0434\u043d\u044b\u043c\u0438 \u0434\u043e\u0440\u043e\u0436\u043a\u0430\u043c\u0438. \u0411\u043e\u043b\u0435\u0435 330 \u043a\u043c \u0442\u0440\u0430\u0441\u0441 \u043f\u043e \u0432\u0441\u0435\u043c\u0443 \u043c\u0430\u0440\u0448\u0440\u0443\u0442\u0443 Bassin.<\/p>\n\n\n\n<figure class=\"wp-block-image\"><img loading=\"lazy\" decoding=\"async\" width=\"1200\" height=\"800\" src=\"https:\/\/www.bassin-arcachon.com\/wp-content\/uploads\/2017\/02\/velo-cap-ferret-SIBA-agence-les-conteurs-8.jpg\" alt=\"- - Bassin d&#039;Arcachon\" class=\"wp-image-10754\" title=\"- - Bassin d&#039;Arcachon\" srcset=\"https:\/\/bassin-arcachon.com\/wp-content\/uploads\/2017\/02\/velo-cap-ferret-SIBA-agence-les-conteurs-8.jpg 1200w, https:\/\/bassin-arcachon.com\/wp-content\/uploads\/2017\/02\/velo-cap-ferret-SIBA-agence-les-conteurs-8-600x400.jpg 600w, https:\/\/bassin-arcachon.com\/wp-content\/uploads\/2017\/02\/velo-cap-ferret-SIBA-agence-les-conteurs-8-1024x683.jpg 1024w, https:\/\/bassin-arcachon.com\/wp-content\/uploads\/2017\/02\/velo-cap-ferret-SIBA-agence-les-conteurs-8-768x512.jpg 768w, https:\/\/bassin-arcachon.com\/wp-content\/uploads\/2017\/02\/velo-cap-ferret-SIBA-agence-les-conteurs-8-18x12.jpg 18w\" sizes=\"auto, (max-width: 1200px) 100vw, 1200px\" \/><\/figure>\n\n\n\n<div class=\"wp-block-buttons is-horizontal is-layout-flex wp-block-buttons-is-layout-flex\">\n<div class=\"wp-block-button\"><a class=\"wp-block-button__link wp-element-button\" href=\"https:\/\/fr.calameo.com\/read\/000024421306f9920b5fd\" target=\"_blank\" rel=\"noreferrer noopener\">\u0421\u043a\u0430\u0447\u0430\u0442\u044c \u0442\u0443\u0440\u0438\u0441\u0442\u0438\u0447\u0435\u0441\u043a\u0443\u044e \u043a\u0430\u0440\u0442\u0443<\/a><\/div>\n\n\n\n<div class=\"wp-block-button\"><a class=\"wp-block-button__link wp-element-button\" href=\"https:\/\/bassin-arcachon.com\/ru\/%d0%b1%d0%b0%d1%81%d1%81%d0%b5%d0%b9%d0%bd-%d0%bd%d0%b0-%d0%b2%d0%b5%d0%bb%d0%be%d1%81%d0%b8%d0%bf%d0%b5%d0%b4%d0%b5\/\">\u041d\u0430\u0439\u0434\u0438\u0442\u0435 \u0432\u0435\u043b\u043e\u0441\u0438\u043f\u0435\u0434\u043d\u044b\u0439 \u043c\u0430\u0440\u0448\u0440\u0443\u0442<\/a><\/div>\n\n\n\n<div class=\"wp-block-button\"><a class=\"wp-block-button__link wp-element-button\" href=\"https:\/\/bassin-arcachon.com\/ru\/%d0%bf%d1%80%d0%be%d0%ba%d0%b0%d1%82-%d0%b2%d0%b5%d0%bb%d0%be%d1%81%d0%b8%d0%bf%d0%b5%d0%b4%d0%be%d0%b2\/\">\u0410\u0440\u0435\u043d\u0434\u0430 \u0432\u0435\u043b\u043e\u0441\u0438\u043f\u0435\u0434\u0430<\/a><\/div>\n\n\n\n<div class=\"wp-block-button\"><a class=\"wp-block-button__link wp-element-button\" href=\"https:\/\/fr.calameo.com\/read\/00002442172196ce0017a\" target=\"_blank\" rel=\"noreferrer noopener\">\u00abBassin \u0431\u0435\u0437 \u043c\u043e\u0435\u0439 \u043c\u0430\u0448\u0438\u043d\u044b\u00bb<\/a><\/div>\n<\/div>\n<\/div>\n\n\n\n<div class=\"wp-block-uagb-tabs-child uagb-tabs__body-container uagb-inner-tab-1 dep_tabs\" aria-labelledby=\"uagb-tabs__tab1\">\n<h4 class=\"wp-block-heading\">\u041f\u0435\u0440\u0435\u0441\u0435\u043a\u0438\u0442\u0435 \u0448\u043e\u0441\u0441\u0435 Bassin \u0410\u0440\u043a\u0430\u0448\u043e\u043d\u0430 \u043d\u0430 \u043c\u043e\u0440\u0441\u043a\u043e\u043c \u0448\u0430\u0442\u0442\u043b\u0435.<\/h4>\n\n\n\n<p>2 \u043f\u0440\u043e\u0432\u0430\u0439\u0434\u0435\u0440\u0430 \u043f\u0440\u0435\u0434\u043b\u0430\u0433\u0430\u044e\u0442 \u043f\u0435\u0440\u0435\u043f\u0440\u0430\u0432\u044b \u043d\u0430 \u043b\u043e\u0434\u043a\u0430\u0445: <a href=\"https:\/\/bateliers-arcachon.com\/navettes\/\" target=\"_blank\" rel=\"noreferrer noopener\">\u0423\u0411\u0410<\/a> \u0438 <a href=\"https:\/\/passemaree.fr\/bateau-andernos-arcachon-cap-ferret\/\" target=\"_blank\" rel=\"noreferrer noopener\">\u041f\u0440\u0438\u043b\u0438\u0432\u043d\u043e\u0439 \u043f\u0435\u0440\u0435\u0432\u0430\u043b<\/a>. \u0422\u0430\u043a\u0436\u0435 \u0432\u043e\u0437\u043c\u043e\u0436\u043d\u043e \u0434\u0432\u0438\u0433\u0430\u0442\u044c\u0441\u044f \u0431\u043e\u043b\u0435\u0435 \u0438\u043d\u0442\u0438\u043c\u043d\u043e \u0441 <a href=\"https:\/\/www.calameo.com\/read\/000024421aa7e5a3e7faf\" target=\"_blank\" rel=\"noreferrer noopener\">\u0432\u043e\u0434\u043d\u044b\u0435 \u0442\u0430\u043a\u0441\u0438<\/a> (7 \u0434\u043d\u0435\u0439 \u0432 \u043d\u0435\u0434\u0435\u043b\u044e \u0438 24 \u0447\u0430\u0441\u0430 \u0432 \u0441\u0443\u0442\u043a\u0438) \u0438\u043b\u0438 <a href=\"https:\/\/www.calameo.com\/read\/000024421aa7e5a3e7faf\" target=\"_blank\" rel=\"noreferrer noopener\">\u0430\u0440\u0435\u043d\u0434\u043e\u0432\u0430\u0442\u044c \u043b\u043e\u0434\u043a\u0443<\/a> \u043f\u043e\u0434 \u043f\u0430\u0440\u0443\u0441\u043e\u043c, \u043d\u0430 \u043c\u043e\u0442\u043e\u0440\u0435 \u0438\u043b\u0438 \u0434\u0430\u0436\u0435 \u043d\u0430 \u0442\u0440\u0430\u0434\u0438\u0446\u0438\u043e\u043d\u043d\u044b\u0445 \u043b\u043e\u0434\u043a\u0430\u0445.<\/p>\n\n\n\n<p><strong>Bassin \u0441\u043c\u0430\u0440\u0442<\/strong>&nbsp;: \u0432 \u0438\u044e\u043b\u0435-\u0430\u0432\u0433\u0443\u0441\u0442\u0435,&nbsp;<a href=\"https:\/\/www.agglo-cobas.fr\/mobilites\/bus-de-mer\/\" target=\"_blank\" rel=\"noreferrer noopener\">\u043f\u0443\u0442\u0435\u0448\u0435\u0441\u0442\u0432\u0438\u0435 \u043d\u0430 \u043c\u043e\u0440\u0441\u043a\u043e\u043c \u0430\u0432\u0442\u043e\u0431\u0443\u0441\u0435<\/a>&nbsp;\u0437\u0430 2 \u0435\u0432\u0440\u043e! \u042d\u0442\u043e\u0442 \u043b\u043e\u0434\u043e\u0447\u043d\u044b\u0439 \u0430\u0432\u0442\u043e\u0431\u0443\u0441 \u043a\u0443\u0440\u0441\u0438\u0440\u0443\u0435\u0442 \u043c\u0435\u0436\u0434\u0443 \u043d\u0435\u0431\u043e\u043b\u044c\u0448\u0438\u043c \u043f\u043e\u0440\u0442\u043e\u043c \u0410\u0440\u043a\u0430\u0448\u043e\u043d\u0430, \u0416\u0435\u0442\u0435 \u0422\u044c\u0435\u0440 \u0438 \u0416\u0435\u0442\u0435 \u0434\u044e \u041c\u0443\u043b\u043b\u043e \u0432 \u0410\u0440\u043a\u0430\u0448\u043e\u043d\u0435.<\/p>\n\n\n\n<figure class=\"wp-block-image\"><img loading=\"lazy\" decoding=\"async\" width=\"1200\" height=\"800\" src=\"https:\/\/www.bassin-arcachon.com\/wp-content\/uploads\/2017\/11\/balade-pinasse-lege-cap-ferret-56-1.jpg\" alt=\"- - Bassin d&#039;Arcachon\" class=\"wp-image-11004\" title=\"- - Bassin d&#039;Arcachon\" srcset=\"https:\/\/bassin-arcachon.com\/wp-content\/uploads\/2017\/11\/balade-pinasse-lege-cap-ferret-56-1.jpg 1200w, https:\/\/bassin-arcachon.com\/wp-content\/uploads\/2017\/11\/balade-pinasse-lege-cap-ferret-56-1-600x400.jpg 600w, https:\/\/bassin-arcachon.com\/wp-content\/uploads\/2017\/11\/balade-pinasse-lege-cap-ferret-56-1-1024x683.jpg 1024w, https:\/\/bassin-arcachon.com\/wp-content\/uploads\/2017\/11\/balade-pinasse-lege-cap-ferret-56-1-768x512.jpg 768w, https:\/\/bassin-arcachon.com\/wp-content\/uploads\/2017\/11\/balade-pinasse-lege-cap-ferret-56-1-18x12.jpg 18w\" sizes=\"auto, (max-width: 1200px) 100vw, 1200px\" \/><\/figure>\n\n\n\n<div class=\"wp-block-buttons is-horizontal is-layout-flex wp-block-buttons-is-layout-flex\">\n<div class=\"wp-block-button\"><a class=\"wp-block-button__link wp-element-button\" href=\"https:\/\/www.calameo.com\/read\/000024421e9482904bfbe\" target=\"_blank\" rel=\"noopener\">\u0412\u044b\u0437\u043e\u0432 \u0432\u043e\u0434\u043d\u043e\u0433\u043e \u0442\u0430\u043a\u0441\u0438<\/a><\/div>\n\n\n\n<div class=\"wp-block-button\"><a class=\"wp-block-button__link wp-element-button\" href=\"https:\/\/www.calameo.com\/read\/0000244210a9b6b28589a\" target=\"_blank\" rel=\"noopener\">\u0410\u0440\u0435\u043d\u0434\u0430 \u043b\u043e\u0434\u043a\u0438<\/a><\/div>\n<\/div>\n<\/div>\n\n\n\n<div class=\"wp-block-uagb-tabs-child uagb-tabs__body-container uagb-inner-tab-2 dep_tabs\" aria-labelledby=\"uagb-tabs__tab2\">\n<h4 class=\"wp-block-heading\">\u041d\u0430 Bassin \u0438\u0437 \u0410\u0440\u043a\u0430\u0448\u043e\u043d\u0430 \u043f\u0443\u0442\u0435\u0448\u0435\u0441\u0442\u0432\u0443\u0439\u0442\u0435 \u043d\u0430 TER Nouvelle Aquitaine:<\/h4>\n\n\n\n<p>\u2013 27 \u0440\u0435\u0439\u0441\u043e\u0432 \u0442\u0443\u0434\u0430 \u0438 \u043e\u0431\u0440\u0430\u0442\u043d\u043e \u0432 \u0434\u0435\u043d\u044c (\u043b\u0438\u043d\u0438\u044f 41): \u0411\u043e\u0440\u0434\u043e \u0421\u0435\u043d-\u0416\u0430\u043d &gt; \u041c\u0430\u0440\u0448\u0435\u043f\u0440\u0438\u043c (20 \u043c\u0438\u043d\u0443\u0442) &gt; \u0411\u0438\u0433\u0430\u043d\u043e\u0441 (30 \u043c\u0438\u043d\u0443\u0442) &gt; Le Teich (35 \u043c\u0438\u043d\u0443\u0442) &gt; \u0413\u044e\u0436\u0430\u043d-\u041c\u0435\u0441\u0442\u0440\u0430\u0441 (40 \u043c\u0438\u043d\u0443\u0442) &gt; \u041b\u0430 \u042e\u043c (44 \u043c\u0438\u043d\u0443\u0442\u044b) &gt; La Teste de Buch (47 \u043c\u0438\u043d\u0443\u0442) &gt; \u0410\u0440\u043a\u0430\u0448\u043e\u043d (50 \u043c\u0438\u043d\u0443\u0442)<\/p>\n\n\n\n<p>\u2013 \u0415\u0436\u0435\u0434\u043d\u0435\u0432\u043d\u043e\u0435 \u0441\u043e\u043e\u0431\u0449\u0435\u043d\u0438\u0435 \u0441 \u0411\u0438\u0433\u0430\u043d\u043e\u0441 \u043f\u043e\u043b\u0443\u043f\u0440\u044f\u043c\u044b\u043c \u043f\u043e\u0435\u0437\u0434\u043e\u043c \u0438\u0437 \u0411\u043e\u0440\u0434\u043e (15 \u043c\u0438\u043d\u0443\u0442) \u043f\u043e \u043b\u0438\u043d\u0438\u044f\u043c 45 (\u043d\u0430\u043f\u0440\u0430\u0432\u043b\u0435\u043d\u0438\u0435 \u041c\u043e\u043d-\u0434\u0435-\u041c\u0430\u0440\u0441\u0430\u043d) \u0438 51 (\u043d\u0430\u043f\u0440\u0430\u0432\u043b\u0435\u043d\u0438\u0435 \u0410\u043d\u0434\u0430\u0439)<\/p>\n\n\n\n<div class=\"wp-block-buttons is-vertical is-layout-flex wp-container-core-buttons-is-layout-8cf370e7 wp-block-buttons-is-layout-flex\">\n<div class=\"wp-block-button\"><a class=\"wp-block-button__link wp-element-button\" href=\"https:\/\/www.ter.sncf.com\/nouvelle-aquitaine?gad_source=1&amp;gclid=EAIaIQobChMI8uP0uc-UiAMVMGNBAh0y0yXkEAAYASAAEgKSSfD_BwE&amp;gclsrc=aw.ds\" target=\"_blank\" rel=\"noopener\">\u041d\u0430\u0439\u0442\u0438 \u043f\u043e\u0435\u0437\u0434<\/a><\/div>\n<\/div>\n<\/div>\n\n\n\n<div class=\"wp-block-uagb-tabs-child uagb-tabs__body-container uagb-inner-tab-3 dep_tabs\" aria-labelledby=\"uagb-tabs__tab3\">\n<h4 class=\"wp-block-heading\">\u041d\u0430 \u0441\u0435\u0432\u0435\u0440\u0435 Bassin, \u0435\u0437\u0436\u0430\u0439\u0442\u0435 \u043d\u0430 \u0430\u0432\u0442\u043e\u0431\u0443\u0441\u0435 Alego \u0438\u043b\u0438 Nouvelle Aquitaine.<\/h4>\n\n\n\n<div class=\"wp-block-buttons is-layout-flex wp-block-buttons-is-layout-flex\">\n<div class=\"wp-block-button\"><a class=\"wp-block-button__link wp-element-button\" href=\"https:\/\/transports.nouvelle-aquitaine.fr\/cars-regionaux\/reseau-et-horaires\" target=\"_blank\" rel=\"noreferrer noopener\">\u041d\u0430\u0439\u0442\u0438 \u0442\u0440\u0435\u043d\u0435\u0440\u0430 \u0432 \u041d\u043e\u0432\u043e\u0439 \u0410\u043a\u0432\u0438\u0442\u0430\u043d\u0438\u0438<\/a><\/div>\n\n\n\n<div class=\"wp-block-button\"><a class=\"wp-block-button__link wp-element-button\" href=\"https:\/\/coban-atlantique.fr\/wp-content\/uploads\/2024\/08\/ALEGO_PlanReseau2_DernierTrim2024-1-scaled.jpg\" target=\"_blank\" rel=\"noreferrer noopener\">\u041d\u0430\u0439\u0442\u0438 \u0430\u0432\u0442\u043e\u0431\u0443\u0441 ALEGO<\/a><\/div>\n<\/div>\n\n\n\n<h4 class=\"wp-block-heading\">\u041d\u0430 \u044e\u0433\u0435 Bassin \u043f\u0440\u043e\u0435\u0437\u0434 \u043d\u0430 \u0430\u0432\u0442\u043e\u0431\u0443\u0441\u0435 Baia \u0437\u0430 2 \u0435\u0432\u0440\u043e (\u0434\u0435\u0439\u0441\u0442\u0432\u0438\u0442\u0435\u043b\u0435\u043d \u0432 \u0442\u0435\u0447\u0435\u043d\u0438\u0435 1 \u0447\u0430\u0441\u0430).<\/h4>\n\n\n\n<div class=\"wp-block-buttons is-layout-flex wp-block-buttons-is-layout-flex\">\n<div class=\"wp-block-button\"><a class=\"wp-block-button__link wp-element-button\" href=\"https:\/\/www.bus-baia.fr\/\" target=\"_blank\" rel=\"noreferrer noopener\">\u041d\u0430\u0439\u0442\u0438 \u0430\u0432\u0442\u043e\u0431\u0443\u0441 \u0434\u043e \u0411\u0410\u0419\u042f<\/a><\/div>\n<\/div>\n<\/div>\n\n\n\n<div class=\"wp-block-uagb-tabs-child uagb-tabs__body-container uagb-inner-tab-4 dep_tabs\" aria-labelledby=\"uagb-tabs__tab4\">\n<p><a href=\"https:\/\/mobibarval.fr\/fr\/covoiturage-et-autopartage\" target=\"_blank\" rel=\"noreferrer noopener\">\u0420\u0430\u0441\u0441\u043c\u043e\u0442\u0440\u0438\u0442\u0435 \u0432\u043e\u0437\u043c\u043e\u0436\u043d\u043e\u0441\u0442\u044c \u0441\u043e\u0432\u043c\u0435\u0441\u0442\u043d\u043e\u0433\u043e \u0438\u0441\u043f\u043e\u043b\u044c\u0437\u043e\u0432\u0430\u043d\u0438\u044f \u0430\u0432\u0442\u043e\u043c\u043e\u0431\u0438\u043b\u0435\u0439<\/a><\/p>\n\n\n\n<p><a href=\"https:\/\/bassin-arcachon.com\/ru\/vtc-%d0%bf%d1%80%d0%be%d0%ba%d0%b0%d1%82\/\" target=\"_blank\" rel=\"noreferrer noopener\">\u0410\u0440\u0435\u043d\u0434\u0430 \u0412\u0422\u0426<\/a><\/p>\n\n\n\n<p><a href=\"https:\/\/www.calameo.com\/read\/000024421aa7e5a3e7faf\" target=\"_blank\" rel=\"noopener\">\u0412\u044b\u0437\u0432\u0430\u0442\u044c \u0442\u0430\u043a\u0441\u0438<\/a><\/p>\n\n\n\n<p><a href=\"https:\/\/www.google.fr\/maps\/dir\/\/Arcachon\/@44.6864424,-1.1801575,12.28z\/data=!4m8!4m7!1m0!1m5!1m1!1s0xd549ef8c86711e3:0x40665174816f060!2m2!1d-1.1785016!2d44.652297\" target=\"_blank\" rel=\"noreferrer noopener\">\u0420\u0430\u0441\u0441\u0447\u0438\u0442\u0430\u0442\u044c \u0441\u0432\u043e\u0439 \u043c\u0430\u0440\u0448\u0440\u0443\u0442<\/a><\/p>\n\n\n\n<p><a href=\"https:\/\/bassin-arcachon.com\/ru\/%d0%b4%d0%be%d1%80%d0%be%d0%b6%d0%bd%d0%be%d0%b5-%d0%b4%d0%b2%d0%b8%d0%b6%d0%b5%d0%bd%d0%b8%d0%b5\/\">\u041f\u043e\u0441\u043c\u043e\u0442\u0440\u0438\u0442\u0435 \u043d\u0430 \u0441\u043e\u0441\u0442\u043e\u044f\u043d\u0438\u0435 \u0434\u043e\u0440\u043e\u0436\u043d\u043e\u0433\u043e \u0434\u0432\u0438\u0436\u0435\u043d\u0438\u044f<\/a><\/p>\n<\/div>\n<\/div><\/div>\n<\/div><\/div>","protected":false},"excerpt":{"rendered":"<p>Bassin smart \u041d\u0430 Bassin \u0410\u0440\u043a\u0430\u0448\u043e\u043d\u0430 \u0440\u0430\u0441\u0441\u0442\u043e\u044f\u043d\u0438\u044f \u043a\u043e\u0440\u043e\u0442\u043a\u0438\u0435, \u043d\u043e \u043e\u043d\u0438 \u043c\u043e\u0433\u0443\u0442 \u043e\u043a\u0430\u0437\u0430\u0442\u044c\u0441\u044f \u043d\u0430\u043c\u043d\u043e\u0433\u043e \u0434\u043b\u0438\u043d\u043d\u0435\u0435, \u0435\u0441\u043b\u0438 \u0432\u044b \u0437\u0430\u0441\u0442\u0440\u044f\u043b\u0438 \u0432 \u043f\u0440\u043e\u0431\u043a\u0435; \u043c\u044b \u043f\u0440\u0435\u0434\u043f\u043e\u0447\u0438\u0442\u0430\u0435\u043c \u0441\u043f\u043e\u043a\u043e\u0439\u043d\u044b\u0435 \u0438 \u043a\u043e\u043b\u043b\u0435\u043a\u0442\u0438\u0432\u043d\u044b\u0435 \u043f\u043e\u0435\u0437\u0434\u043a\u0438...<\/p>","protected":false},"author":25,"featured_media":19889,"parent":0,"menu_order":16,"comment_status":"closed","ping_status":"closed","template":"page-templates\/page-se-deplacer.php","meta":{"_acf_changed":false,"_uag_custom_page_level_css":"","footnotes":""},"class_list":["post-67","page","type-page","status-publish","has-post-thumbnail","hentry"],"acf":[],"uagb_featured_image_src":{"full":["https:\/\/bassin-arcachon.com\/wp-content\/uploads\/2018\/04\/velo-bassin-darcachon-photo-de-une-1-e1548069222827.jpg",1200,800,false],"thumbnail":["https:\/\/bassin-arcachon.com\/wp-content\/uploads\/2018\/04\/velo-bassin-darcachon-photo-de-une-1-e1548069222827-150x150.jpg",150,150,true],"medium":["https:\/\/bassin-arcachon.com\/wp-content\/uploads\/2018\/04\/velo-bassin-darcachon-photo-de-une-1-e1548069222827-600x400.jpg",600,400,true],"medium_large":["https:\/\/bassin-arcachon.com\/wp-content\/uploads\/2018\/04\/velo-bassin-darcachon-photo-de-une-1-e1548069222827-768x512.jpg",768,512,true],"large":["https:\/\/bassin-arcachon.com\/wp-content\/uploads\/2018\/04\/velo-bassin-darcachon-photo-de-une-1-e1548069222827-1024x683.jpg",1024,683,true],"1536x1536":["https:\/\/bassin-arcachon.com\/wp-content\/uploads\/2018\/04\/velo-bassin-darcachon-photo-de-une-1-e1548069222827.jpg",1200,800,false],"2048x2048":["https:\/\/bassin-arcachon.com\/wp-content\/uploads\/2018\/04\/velo-bassin-darcachon-photo-de-une-1-e1548069222827.jpg",1200,800,false],"trp-custom-language-flag":["https:\/\/bassin-arcachon.com\/wp-content\/uploads\/2018\/04\/velo-bassin-darcachon-photo-de-une-1-e1548069222827-18x12.jpg",18,12,true]},"uagb_author_info":{"display_name":"Marie Clauzel","author_link":"https:\/\/bassin-arcachon.com\/ru\/author\/mariesiba\/"},"uagb_comment_info":0,"uagb_excerpt":"Bassin malin Sur le Bassin d&rsquo;Arcachon, les distances sont courtes, mais elles peuvent s\u2019av\u00e9rer bien plus longues lorsqu\u2019on est dans les bouchons, on privil\u00e9gie plut\u00f4t les d\u00e9placements doux et collectifs\u2026","_links":{"self":[{"href":"https:\/\/bassin-arcachon.com\/ru\/wp-json\/wp\/v2\/pages\/67","targetHints":{"allow":["GET"]}}],"collection":[{"href":"https:\/\/bassin-arcachon.com\/ru\/wp-json\/wp\/v2\/pages"}],"about":[{"href":"https:\/\/bassin-arcachon.com\/ru\/wp-json\/wp\/v2\/types\/page"}],"author":[{"embeddable":true,"href":"https:\/\/bassin-arcachon.com\/ru\/wp-json\/wp\/v2\/users\/25"}],"replies":[{"embeddable":true,"href":"https:\/\/bassin-arcachon.com\/ru\/wp-json\/wp\/v2\/comments?post=67"}],"version-history":[{"count":6,"href":"https:\/\/bassin-arcachon.com\/ru\/wp-json\/wp\/v2\/pages\/67\/revisions"}],"predecessor-version":[{"id":239045,"href":"https:\/\/bassin-arcachon.com\/ru\/wp-json\/wp\/v2\/pages\/67\/revisions\/239045"}],"wp:featuredmedia":[{"embeddable":true,"href":"https:\/\/bassin-arcachon.com\/ru\/wp-json\/wp\/v2\/media\/19889"}],"wp:attachment":[{"href":"https:\/\/bassin-arcachon.com\/ru\/wp-json\/wp\/v2\/media?parent=67"}],"curies":[{"name":"WP","href":"https:\/\/api.w.org\/{rel}","templated":true}]}}