{"id":69,"date":"2019-09-26T11:20:36","date_gmt":"2019-09-26T09:20:36","guid":{"rendered":"https:\/\/bassin-arcachon.com\/\/?page_id=69"},"modified":"2024-12-16T13:59:34","modified_gmt":"2024-12-16T12:59:34","slug":"%d0%bd%d0%b0%d0%b9%d0%b4%d0%b8-%d1%81%d0%b2%d0%be%d1%8e-%d1%82%d0%be%d1%87%d0%ba%d1%83-%d0%b4%d0%be%d1%81%d1%82%d1%83%d0%bf%d0%b0-wi-fi","status":"publish","type":"page","link":"https:\/\/bassin-arcachon.com\/ru\/trouver-votre-point-wifi\/","title":{"rendered":"\u041d\u0430\u0439\u0434\u0438\u0442\u0435 \u0441\u0432\u043e\u044e \u0442\u043e\u0447\u043a\u0443 \u0434\u043e\u0441\u0442\u0443\u043f\u0430 Wi-Fi"},"content":{"rendered":"<div class=\"wp-block-uagb-container uagb-block-48fa6ada alignfull uagb-is-root-container\"><div class=\"uagb-container-inner-blocks-wrap\">\n<h2 class=\"wp-block-heading\">\u0411\u043e\u043b\u0435\u0435 80 \u0442\u043e\u0447\u0435\u043a WiFi \u043d\u0430 Bassin \u0432 \u0410\u0440\u043a\u0430\u0448\u043e\u043d\u0435<\/h2>\n\n\n\n<h3 class=\"wp-block-heading\">Bassin \u0432 \u0410\u0440\u043a\u0430\u0448\u043e\u043d\u0435 \u043f\u0440\u0435\u0434\u043b\u0430\u0433\u0430\u0435\u0442 \u0432\u0430\u043c \u0431\u0435\u0441\u043f\u043b\u0430\u0442\u043d\u044b\u0439, \u043d\u0435\u043e\u0433\u0440\u0430\u043d\u0438\u0447\u0435\u043d\u043d\u044b\u0439 \u0438 \u0431\u0435\u0437\u043e\u043f\u0430\u0441\u043d\u044b\u0439 \u0434\u043e\u0441\u0442\u0443\u043f \u043a Wi-Fi \u0434\u043b\u044f \u0441\u0432\u043e\u0431\u043e\u0434\u043d\u043e\u0433\u043e \u0434\u043e\u0441\u0442\u0443\u043f\u0430 \u0432 \u0418\u043d\u0442\u0435\u0440\u043d\u0435\u0442 \u0432 \u043e\u0431\u043e\u0440\u0443\u0434\u043e\u0432\u0430\u043d\u043d\u044b\u0445 \u043e\u0431\u0449\u0435\u0441\u0442\u0432\u0435\u043d\u043d\u044b\u0445 \u043c\u0435\u0441\u0442\u0430\u0445. <\/h3>\n\n\n\n<p><a href=\"https:\/\/bassin-arcachon.com\/wp-content\/uploads\/2020\/07\/Wifi_janvier_2025-dg.pdf\">\u0411\u0440\u043e\u0448\u044e\u0440\u0430 \u043e Wi-Fi \u0434\u043b\u044f Bassin \u0432 \u0410\u0440\u043a\u0430\u0448\u043e\u043d\u0435<\/a><\/p>\n<\/div><\/div>\n\n\n\n<div style=\"height:40px\" aria-hidden=\"true\" class=\"wp-block-spacer\"><\/div>\n\n\n\n<div class=\"wp-block-uagb-container uagb-block-090d7186 alignfull uagb-is-root-container\"><div class=\"uagb-container-inner-blocks-wrap\">\n<div class=\"wp-block-uagb-container gris uagb-block-54694b29\">\n<h2 class=\"wp-block-heading\">\u041a\u0430\u043a \u0432\u043e\u0439\u0442\u0438<\/h2>\n\n\n\n<p><img loading=\"lazy\" decoding=\"async\" src=\"https:\/\/bassin-arcachon.com\/\/wp-content\/uploads\/2021\/02\/wifi-01-2.png\" alt=\"- - Bassin d&#039;Arcachon\" width=\"54\" height=\"43\" title=\"- - Bassin d&#039;Arcachon\">&nbsp;&nbsp; 1\/ \u0410\u043a\u0442\u0438\u0432\u0438\u0440\u0443\u0439\u0442\u0435 \u0444\u0443\u043d\u043a\u0446\u0438\u044e WiFi \u043d\u0430 \u0432\u0430\u0448\u0435\u043c \u043a\u043e\u043c\u043f\u044c\u044e\u0442\u0435\u0440\u0435, \u043f\u043b\u0430\u043d\u0448\u0435\u0442\u0435 \u0438\u043b\u0438 \u0441\u043c\u0430\u0440\u0442\u0444\u043e\u043d\u0435.<\/p>\n\n\n\n<p><img loading=\"lazy\" decoding=\"async\" src=\"https:\/\/bassin-arcachon.com\/\/wp-content\/uploads\/2021\/02\/wifi-02-2-244x300.png\" alt=\"- - Bassin d&#039;Arcachon\" width=\"45\" height=\"55\" srcset=\"https:\/\/bassin-arcachon.com\/wp-content\/uploads\/2021\/02\/wifi-02-2-244x300.png 244w, https:\/\/bassin-arcachon.com\/wp-content\/uploads\/2021\/02\/wifi-02-2.png 321w\" title=\"- - Bassin d&#039;Arcachon\">&nbsp; &nbsp; &nbsp;2\/ \u041d\u0430\u0439\u0434\u0438\u0442\u0435 \u0442\u043e\u0447\u043a\u0443 \u0434\u043e\u0441\u0442\u0443\u043f\u0430 Wi-Fi \u043f\u043e \u0435\u0435 \u0432\u044b\u0432\u0435\u0441\u043a\u0435. \u0423\u0441\u0442\u0430\u043d\u043e\u0432\u043a\u0430 \u0432 \u043f\u0440\u0435\u0434\u0435\u043b\u0430\u0445 50 \u043c.<\/p>\n\n\n\n<p><img loading=\"lazy\" decoding=\"async\" src=\"https:\/\/bassin-arcachon.com\/\/wp-content\/uploads\/2021\/02\/wifi-03-2-300x234.png\" alt=\"- - Bassin d&#039;Arcachon\" width=\"55\" height=\"43\" srcset=\"https:\/\/bassin-arcachon.com\/wp-content\/uploads\/2021\/02\/wifi-03-2-300x234.png 300w, https:\/\/bassin-arcachon.com\/wp-content\/uploads\/2021\/02\/wifi-03-2.png 379w\" title=\"- - Bassin d&#039;Arcachon\">&nbsp; &nbsp;3\/ \u0412\u044b\u0431\u0435\u0440\u0438\u0442\u0435 \u0441\u0435\u0442\u044c \u00abWiFi_Bassin_Arcachon\u00bb \u0438 \u043f\u043e\u0434\u0442\u0432\u0435\u0440\u0434\u0438\u0442\u0435 \u0441\u0432\u043e\u0439 \u0432\u044b\u0431\u043e\u0440.<\/p>\n\n\n\n<p><img loading=\"lazy\" decoding=\"async\" src=\"https:\/\/bassin-arcachon.com\/\/wp-content\/uploads\/2021\/02\/wifi-04-2-300x300.png\" alt=\"- - Bassin d&#039;Arcachon\" width=\"55\" height=\"55\" srcset=\"https:\/\/bassin-arcachon.com\/wp-content\/uploads\/2021\/02\/wifi-04-2-300x300.png 300w, https:\/\/bassin-arcachon.com\/wp-content\/uploads\/2021\/02\/wifi-04-2-150x150.png 150w, https:\/\/bassin-arcachon.com\/wp-content\/uploads\/2021\/02\/wifi-04-2.png 363w\" title=\"- - Bassin d&#039;Arcachon\">&nbsp; &nbsp;4\/ \u041e\u0442\u043e\u0431\u0440\u0430\u0436\u0430\u0435\u0442\u0441\u044f \u043f\u043e\u0440\u0442\u0430\u043b \u0434\u043e\u0441\u0442\u0443\u043f\u0430 \u043a \u0441\u0435\u0442\u0438 WiFi_Bassin_Arcachon.<\/p>\n\n\n\n<p><img loading=\"lazy\" decoding=\"async\" src=\"https:\/\/bassin-arcachon.com\/\/wp-content\/uploads\/2021\/02\/wifi-05-2.png\" alt=\"- - Bassin d&#039;Arcachon\" width=\"64\" height=\"46\" title=\"- - Bassin d&#039;Arcachon\">&nbsp;&nbsp;5\/ \u0412\u0432\u0435\u0434\u0438\u0442\u0435 \u0430\u0434\u0440\u0435\u0441 \u044d\u043b\u0435\u043a\u0442\u0440\u043e\u043d\u043d\u043e\u0439 \u043f\u043e\u0447\u0442\u044b \u0438\u043b\u0438 \u0438\u0441\u043f\u043e\u043b\u044c\u0437\u0443\u0439\u0442\u0435 \u0441\u0432\u043e\u044e \u0443\u0447\u0435\u0442\u043d\u0443\u044e \u0437\u0430\u043f\u0438\u0441\u044c Facebook, Twitter \u0438\u043b\u0438 Google \u0438 \u043f\u0440\u0438\u043c\u0438\u0442\u0435 \u0443\u0441\u043b\u043e\u0432\u0438\u044f \u0438\u0441\u043f\u043e\u043b\u044c\u0437\u043e\u0432\u0430\u043d\u0438\u044f.<\/p>\n\n\n\n<p><img loading=\"lazy\" decoding=\"async\" src=\"https:\/\/bassin-arcachon.com\/\/wp-content\/uploads\/2021\/02\/wifi-06-2-300x290.png\" alt=\"- - Bassin d&#039;Arcachon\" width=\"54\" height=\"52\" srcset=\"https:\/\/bassin-arcachon.com\/wp-content\/uploads\/2021\/02\/wifi-06-2-300x290.png 300w, https:\/\/bassin-arcachon.com\/wp-content\/uploads\/2021\/02\/wifi-06-2.png 408w\" title=\"- - Bassin d&#039;Arcachon\">&nbsp; &nbsp; 6\/ \u0422\u0435\u043f\u0435\u0440\u044c \u0432\u044b \u043c\u043e\u0436\u0435\u0442\u0435 \u043f\u0443\u0442\u0435\u0448\u0435\u0441\u0442\u0432\u043e\u0432\u0430\u0442\u044c \u043f\u043e \u0418\u043d\u0442\u0435\u0440\u043d\u0435\u0442\u0443 \u0431\u0435\u0437 \u043e\u0433\u0440\u0430\u043d\u0438\u0447\u0435\u043d\u0438\u0439, \u0431\u0435\u0441\u043f\u043b\u0430\u0442\u043d\u043e \u0438 \u0432 \u043f\u043e\u043b\u043d\u043e\u0439 \u0431\u0435\u0437\u043e\u043f\u0430\u0441\u043d\u043e\u0441\u0442\u0438!<\/p>\n<\/div>\n\n\n\n<div class=\"wp-block-uagb-container uagb-block-4a9e8f10\">\n<div class=\"wp-block-uagb-image alignleft uagb-block-1a9dafad wp-block-uagb-image--layout-default wp-block-uagb-image--effect-static wp-block-uagb-image--align-left\"><figure class=\"wp-block-uagb-image__figure\"><a class=\"\" href=\"https:\/\/bassin-arcachon.com\/wp-content\/uploads\/2020\/07\/Wifi_janvier_2025-dg.pdf\" target=\"\" rel=\"noopener\"><img decoding=\"async\" srcset=\"https:\/\/bassin-arcachon.com\/wp-content\/uploads\/2022\/01\/capture-wifi-bassin-arcachon.png \" sizes=\"auto, (max-width: 480px) 150px\" src=\"https:\/\/bassin-arcachon.com\/wp-content\/uploads\/2022\/01\/capture-wifi-bassin-arcachon.png\" alt=\"- - Bassin d&#039;Arcachon\" class=\"uag-image-50923\" width=\"288\" height=\"511\" title=\"- - Bassin d&#039;Arcachon\" loading=\"lazy\" role=\"img\"><\/a><\/figure><\/div>\n<\/div>\n<\/div><\/div>\n\n\n\n<div style=\"height:40px\" aria-hidden=\"true\" class=\"wp-block-spacer\"><\/div>\n\n\n\n<div class=\"wp-block-group\"><div class=\"wp-block-group__inner-container is-layout-constrained wp-block-group-is-layout-constrained\">\n<div class=\"wp-block-uagb-container uagb-block-81f1f5a0 alignfull uagb-is-root-container\"><div class=\"uagb-container-inner-blocks-wrap\">\n<div class=\"wp-block-uagb-container uagb-block-7cfcf15d\">\n<h3 class=\"wp-block-heading\">\u0421\u0435\u0440\u0444\u0438\u043d\u0433 \u0441 \u0443\u043c\u043e\u043c!<\/h3>\n\n\n\n<p>\u0421\u0435\u0442\u044c WiFi_Bassin_Arcachon \u0437\u0430\u043f\u043e\u043c\u0438\u043d\u0430\u0435\u0442 \u0432\u0430\u0441, \u0435\u0441\u043b\u0438 \u0432\u0430\u0448\u0435 \u043f\u0435\u0440\u0432\u043e\u0435 \u0441\u043e\u0435\u0434\u0438\u043d\u0435\u043d\u0438\u0435 \u0443\u0441\u0442\u0430\u043d\u043e\u0432\u043b\u0435\u043d\u043e \u043f\u0440\u0430\u0432\u0438\u043b\u044c\u043d\u043e (\u043f\u043e\u0434\u0442\u0432\u0435\u0440\u0436\u0434\u0435\u043d\u0438\u0435 \u0432\u0430\u0448\u0435\u0439 \u044d\u043b\u0435\u043a\u0442\u0440\u043e\u043d\u043d\u043e\u0439 \u043f\u043e\u0447\u0442\u044b \u0438\u043b\u0438 \u0437\u0430\u0432\u0435\u0440\u0448\u0435\u043d\u0438\u0435 \u043f\u0440\u043e\u0446\u0435\u0441\u0441\u0430 \u0441\u043e\u0435\u0434\u0438\u043d\u0435\u043d\u0438\u044f \u0441 Facebook, Google, Twitter)! \u0421\u043e\u0435\u0434\u0438\u043d\u0435\u043d\u0438\u0435 \u0431\u0443\u0434\u0435\u0442 \u043f\u0440\u043e\u0438\u0437\u0432\u043e\u0434\u0438\u0442\u044c\u0441\u044f \u0430\u0432\u0442\u043e\u043c\u0430\u0442\u0438\u0447\u0435\u0441\u043a\u0438 \u043d\u0430 \u043e\u0434\u043d\u043e\u043c \u0438 \u0442\u043e\u043c \u0436\u0435 \u0443\u0441\u0442\u0440\u043e\u0439\u0441\u0442\u0432\u0435 \u043a\u0430\u0436\u0434\u044b\u0439 \u0440\u0430\u0437, \u043a\u043e\u0433\u0434\u0430 \u0432\u044b \u043d\u0430\u0445\u043e\u0434\u0438\u0442\u0435\u0441\u044c \u0440\u044f\u0434\u043e\u043c \u0441 \u043e\u0434\u043d\u0438\u043c \u0438\u0437 \u043d\u0430\u0448\u0438\u0445 WiFi-\u0442\u0435\u0440\u043c\u0438\u043d\u0430\u043b\u043e\u0432, \u043d\u0435\u0437\u0430\u0432\u0438\u0441\u0438\u043c\u043e \u043e\u0442 \u043c\u0443\u043d\u0438\u0446\u0438\u043f\u0430\u043b\u0438\u0442\u0435\u0442\u0430 Bassin.<\/p>\n<\/div>\n\n\n\n<div class=\"wp-block-uagb-container uagb-block-b4eb1e67\">\n<h3 class=\"wp-block-heading\">\u0422\u0435\u0445\u043d\u0438\u0447\u0435\u0441\u043a\u0430\u044f \u043f\u043e\u043c\u043e\u0449\u044c \u043f\u043e \u0430\u0434\u0440\u0435\u0441\u0443:<\/h3>\n\n\n\n<p>09 72 12 27 24 (\u0426\u0435\u043d\u0430 \u043c\u0435\u0441\u0442\u043d\u043e\u0433\u043e \u0437\u0432\u043e\u043d\u043a\u0430).<br>\u0441 \u043f\u043e\u043d\u0435\u0434\u0435\u043b\u044c\u043d\u0438\u043a\u0430 \u043f\u043e \u043f\u044f\u0442\u043d\u0438\u0446\u0443, \u0441 8:00 \u0434\u043e 18:00<br>\u041f\u043e\u0434\u0440\u043e\u0431\u043d\u0435\u0435 \u043e&nbsp;<a href=\"http:\/\/assistance.2isr.fr\/\" target=\"_blank\" rel=\"noreferrer noopener\">http:\/\/assistance.2isr.fr<\/a><\/p>\n<\/div>\n<\/div><\/div>\n<\/div><\/div>\n\n\n\n<div class=\"wp-block-uagb-container uagb-block-a72ac55a alignfull uagb-is-root-container\"><div class=\"uagb-container-inner-blocks-wrap\">\n<h3 class=\"wp-block-heading\">\u0426\u0438\u0444\u0440\u043e\u0432\u0430\u044f \u0442\u0440\u0435\u0437\u0432\u043e\u0441\u0442\u044c<\/h3>\n\n\n\n<p>\u0414\u0430\u0432\u0430\u0439\u0442\u0435 \u043f\u0440\u0435\u0434\u043f\u0440\u0438\u043c\u0435\u043c \u043f\u0440\u0430\u0432\u0438\u043b\u044c\u043d\u044b\u0435 \u0434\u0435\u0439\u0441\u0442\u0432\u0438\u044f \u0434\u043b\u044f \u0431\u043e\u043b\u0435\u0435 \u0437\u0435\u043b\u0435\u043d\u043e\u0433\u043e \u0446\u0438\u0444\u0440\u043e\u0432\u043e\u0433\u043e \u043c\u0438\u0440\u0430! \u0414\u0430\u0432\u0430\u0439\u0442\u0435 \u0432\u043c\u0435\u0441\u0442\u0435 \u0443\u043c\u0435\u043d\u044c\u0448\u0438\u043c \u043d\u0430\u0448\u0435 \u0432\u043e\u0437\u0434\u0435\u0439\u0441\u0442\u0432\u0438\u0435 \u043d\u0430 \u043e\u043a\u0440\u0443\u0436\u0430\u044e\u0449\u0443\u044e \u0441\u0440\u0435\u0434\u0443, \u043f\u0440\u0438\u043d\u044f\u0432 \u043f\u0440\u043e\u0441\u0442\u044b\u0435 \u043c\u0435\u0440\u044b \u0434\u043b\u044f \u0431\u043e\u043b\u0435\u0435 \u043e\u0442\u0432\u0435\u0442\u0441\u0442\u0432\u0435\u043d\u043d\u043e\u0433\u043e \u0446\u0438\u0444\u0440\u043e\u0432\u043e\u0433\u043e \u043c\u0438\u0440\u0430. \u041e\u0437\u043d\u0430\u043a\u043e\u043c\u044c\u0442\u0435\u0441\u044c \u0441 \u043d\u0430\u0448\u0438\u043c\u0438 \u043f\u0440\u0430\u043a\u0442\u0438\u0447\u0435\u0441\u043a\u0438\u043c\u0438 \u0441\u043e\u0432\u0435\u0442\u0430\u043c\u0438\u00a0<strong><a href=\"https:\/\/www.ecologie.gouv.fr\/sites\/default\/files\/guide-en-route-vers-sobriete-numerique.pdf\" target=\"_blank\" rel=\"noreferrer noopener\">\u043d\u0430 \u044d\u0442\u043e\u043c \u0441\u0430\u0439\u0442\u0435\u00a0<\/a>!<\/strong><\/p>\n<\/div><\/div>\n\n\n\n<div style=\"height:40px\" aria-hidden=\"true\" class=\"wp-block-spacer\"><\/div>\n\n\n\n<div class=\"wp-block-uagb-container uagb-block-5b52632f alignfull uagb-is-root-container\"><div class=\"uagb-container-inner-blocks-wrap\">\n<h2 class=\"wp-block-heading\">\u0412\u0430\u0448\u0438 \u0442\u043e\u0447\u043a\u0438 \u0434\u043e\u0441\u0442\u0443\u043f\u0430 WIFI<\/h2>\n\n\n\n<p><a class=\"\" href=\"https:\/\/bassin-arcachon.com\/ru\/%d0%bd%d0%b0%d0%b9%d0%b4%d0%b8-%d1%81%d0%b2%d0%be%d1%8e-%d1%82%d0%be%d1%87%d0%ba%d1%83-%d0%b4%d0%be%d1%81%d1%82%d1%83%d0%bf%d0%b0-wi-fi\/wi-fi-%d0%b0%d1%80%d0%ba%d0%b0%d1%88%d0%be%d0%bd\/\">Wi-Fi \u0432 \u0410\u0440\u043a\u0430\u0448\u043e\u043d\u0435<\/a>&nbsp;|&nbsp;<a class=\"\" href=\"https:\/\/bassin-arcachon.com\/ru\/%d0%bd%d0%b0%d0%b9%d0%b4%d0%b8-%d1%81%d0%b2%d0%be%d1%8e-%d1%82%d0%be%d1%87%d0%ba%d1%83-%d0%b4%d0%be%d1%81%d1%82%d1%83%d0%bf%d0%b0-wi-fi\/wifi-%d0%bb%d0%b0-%d1%82%d0%b5%d1%81%d1%82-%d0%b4%d0%b5-%d0%b1%d1%8e%d1%88\/\">Wi-Fi \u043d\u0430 La Teste de Buch<\/a>&nbsp;|&nbsp;<a class=\"\" href=\"https:\/\/bassin-arcachon.com\/ru\/%d0%bd%d0%b0%d0%b9%d0%b4%d0%b8-%d1%81%d0%b2%d0%be%d1%8e-%d1%82%d0%be%d1%87%d0%ba%d1%83-%d0%b4%d0%be%d1%81%d1%82%d1%83%d0%bf%d0%b0-wi-fi\/wi-fi-%d0%b2-%d0%b3%d0%be%d1%80%d0%be%d0%b4%d0%b5-%d0%bc%d0%b5%d1%81%d1%82%d1%80%d0%b0%d1%81\/\">Wi-Fi \u0432 \u0413\u044e\u0436\u0430\u043d-\u041c\u0435\u0441\u0442\u0440\u0430\u0441<\/a>&nbsp;|&nbsp;<a class=\"\" href=\"https:\/\/bassin-arcachon.com\/ru\/%d0%bd%d0%b0%d0%b9%d0%b4%d0%b8-%d1%81%d0%b2%d0%be%d1%8e-%d1%82%d0%be%d1%87%d0%ba%d1%83-%d0%b4%d0%be%d1%81%d1%82%d1%83%d0%bf%d0%b0-wi-fi\/wifi-le-teich\/\">Wi-Fi \u0432 \u0422\u0430\u0439\u0445\u0435<\/a>&nbsp;|&nbsp;<a class=\"\" href=\"https:\/\/bassin-arcachon.com\/ru\/%d0%bd%d0%b0%d0%b9%d0%b4%d0%b8-%d1%81%d0%b2%d0%be%d1%8e-%d1%82%d0%be%d1%87%d0%ba%d1%83-%d0%b4%d0%be%d1%81%d1%82%d1%83%d0%bf%d0%b0-wi-fi\/wi-fi-%d0%b1%d0%b8%d0%b3%d0%b0%d0%bd%d0%be%d1%81\/\">Wi-Fi \u0432 \u0411\u0438\u0433\u0430\u043d\u043e\u0441<\/a>&nbsp;|&nbsp;<a class=\"\" href=\"https:\/\/bassin-arcachon.com\/ru\/%d0%bd%d0%b0%d0%b9%d0%b4%d0%b8-%d1%81%d0%b2%d0%be%d1%8e-%d1%82%d0%be%d1%87%d0%ba%d1%83-%d0%b4%d0%be%d1%81%d1%82%d1%83%d0%bf%d0%b0-wi-fi\/wi-fi-audenge\/\">Wi-Fi \u0432 \u041e\u0434\u0435\u043d\u0436\u0435<\/a>&nbsp;|&nbsp;<a class=\"\" href=\"https:\/\/bassin-arcachon.com\/ru\/%d0%bd%d0%b0%d0%b9%d0%b4%d0%b8-%d1%81%d0%b2%d0%be%d1%8e-%d1%82%d0%be%d1%87%d0%ba%d1%83-%d0%b4%d0%be%d1%81%d1%82%d1%83%d0%bf%d0%b0-wi-fi\/wifi-%d0%bb%d0%b0%d0%bd%d1%82%d0%be%d0%bd\/\">Wi-Fi \u0432 \u041b\u0430\u043d\u0442\u043e\u043d\u0435<\/a>&nbsp;|&nbsp;<a class=\"\" href=\"https:\/\/bassin-arcachon.com\/ru\/%d0%bd%d0%b0%d0%b9%d0%b4%d0%b8-%d1%81%d0%b2%d0%be%d1%8e-%d1%82%d0%be%d1%87%d0%ba%d1%83-%d0%b4%d0%be%d1%81%d1%82%d1%83%d0%bf%d0%b0-wi-fi\/wi-fi-%d0%b0%d0%bd%d0%b4%d0%b5%d1%80%d0%bd%d0%be%d1%81-%d0%bb%d0%b5-%d0%b1%d0%b5%d0%bd\/\">Wi-Fi \u0432 \u0410\u043d\u0434\u0435\u0440\u043d\u043e\u0441-\u043b\u0435-\u0411\u0435\u043d<\/a>&nbsp;|&nbsp;<a class=\"\" href=\"https:\/\/bassin-arcachon.com\/ru\/%d0%bd%d0%b0%d0%b9%d0%b4%d0%b8-%d1%81%d0%b2%d0%be%d1%8e-%d1%82%d0%be%d1%87%d0%ba%d1%83-%d0%b4%d0%be%d1%81%d1%82%d1%83%d0%bf%d0%b0-wi-fi\/wifi-%d0%b0%d1%80%d0%b5%d1%81\/\">Wi-Fi \u0432 \u0410\u0440\u0435\u0441\u0435<\/a>&nbsp;|&nbsp;<a class=\"\" href=\"https:\/\/bassin-arcachon.com\/ru\/%d0%bd%d0%b0%d0%b9%d0%b4%d0%b8-%d1%81%d0%b2%d0%be%d1%8e-%d1%82%d0%be%d1%87%d0%ba%d1%83-%d0%b4%d0%be%d1%81%d1%82%d1%83%d0%bf%d0%b0-wi-fi\/wifi-lege-cap-ferret\/\">Wi-Fi \u0432 \u041b\u0435\u0436-\u041a\u0430\u043f-\u0424\u0435\u0440\u0440\u0435<\/a><\/p>\n<\/div><\/div>\n\n\n\n<div style=\"height:40px\" aria-hidden=\"true\" class=\"wp-block-spacer\"><\/div>","protected":false},"excerpt":{"rendered":"<p>Plus de 80 points WiFi sur le Bassin d&rsquo;Arcachon Le Bassin d\u2019Arcachon vous offre un acc\u00e8s WiFi gratuit, illimit\u00e9 et s\u00e9curis\u00e9 pour surfer sur Internet librement dans des lieux publics [&hellip;]<\/p>\n","protected":false},"author":25,"featured_media":7351,"parent":0,"menu_order":17,"comment_status":"closed","ping_status":"closed","template":"","meta":{"_acf_changed":false,"_uag_custom_page_level_css":"","footnotes":""},"class_list":["post-69","page","type-page","status-publish","has-post-thumbnail","hentry"],"acf":[],"uagb_featured_image_src":{"full":["https:\/\/bassin-arcachon.com\/wp-content\/uploads\/2017\/02\/Modif-Marion.jpg",915,368,false],"thumbnail":["https:\/\/bassin-arcachon.com\/wp-content\/uploads\/2017\/02\/Modif-Marion-150x150.jpg",150,150,true],"medium":["https:\/\/bassin-arcachon.com\/wp-content\/uploads\/2017\/02\/Modif-Marion-600x241.jpg",600,241,true],"medium_large":["https:\/\/bassin-arcachon.com\/wp-content\/uploads\/2017\/02\/Modif-Marion-768x309.jpg",768,309,true],"large":["https:\/\/bassin-arcachon.com\/wp-content\/uploads\/2017\/02\/Modif-Marion.jpg",915,368,false],"1536x1536":["https:\/\/bassin-arcachon.com\/wp-content\/uploads\/2017\/02\/Modif-Marion.jpg",915,368,false],"2048x2048":["https:\/\/bassin-arcachon.com\/wp-content\/uploads\/2017\/02\/Modif-Marion.jpg",915,368,false],"trp-custom-language-flag":["https:\/\/bassin-arcachon.com\/wp-content\/uploads\/2017\/02\/Modif-Marion-18x7.jpg",18,7,true]},"uagb_author_info":{"display_name":"Marie Clauzel","author_link":"https:\/\/bassin-arcachon.com\/ru\/author\/mariesiba\/"},"uagb_comment_info":0,"uagb_excerpt":"Plus de 80 points WiFi sur le Bassin d&rsquo;Arcachon Le Bassin d\u2019Arcachon vous offre un acc\u00e8s WiFi gratuit, illimit\u00e9 et s\u00e9curis\u00e9 pour surfer sur Internet librement dans des lieux publics [&hellip;]","_links":{"self":[{"href":"https:\/\/bassin-arcachon.com\/ru\/wp-json\/wp\/v2\/pages\/69","targetHints":{"allow":["GET"]}}],"collection":[{"href":"https:\/\/bassin-arcachon.com\/ru\/wp-json\/wp\/v2\/pages"}],"about":[{"href":"https:\/\/bassin-arcachon.com\/ru\/wp-json\/wp\/v2\/types\/page"}],"author":[{"embeddable":true,"href":"https:\/\/bassin-arcachon.com\/ru\/wp-json\/wp\/v2\/users\/25"}],"replies":[{"embeddable":true,"href":"https:\/\/bassin-arcachon.com\/ru\/wp-json\/wp\/v2\/comments?post=69"}],"version-history":[{"count":1,"href":"https:\/\/bassin-arcachon.com\/ru\/wp-json\/wp\/v2\/pages\/69\/revisions"}],"predecessor-version":[{"id":119036,"href":"https:\/\/bassin-arcachon.com\/ru\/wp-json\/wp\/v2\/pages\/69\/revisions\/119036"}],"wp:featuredmedia":[{"embeddable":true,"href":"https:\/\/bassin-arcachon.com\/ru\/wp-json\/wp\/v2\/media\/7351"}],"wp:attachment":[{"href":"https:\/\/bassin-arcachon.com\/ru\/wp-json\/wp\/v2\/media?parent=69"}],"curies":[{"name":"WP","href":"https:\/\/api.w.org\/{rel}","templated":true}]}}