{"id":754,"date":"2017-04-04T12:21:37","date_gmt":"2017-04-04T10:21:37","guid":{"rendered":"https:\/\/bassin-arcachon.com\/\/?page_id=754"},"modified":"2024-12-16T14:02:22","modified_gmt":"2024-12-16T13:02:22","slug":"wifi-%d0%b0%d1%80%d0%b5%d1%81","status":"publish","type":"page","link":"https:\/\/bassin-arcachon.com\/ru\/trouver-votre-point-wifi\/wifi-ares\/","title":{"rendered":"\u0414\u043e\u0431\u0440\u043e \u043f\u043e\u0436\u0430\u043b\u043e\u0432\u0430\u0442\u044c \u0432 \u0410\u0440\u0435\u0441"},"content":{"rendered":"<div class=\"wp-block-uagb-container uagb-block-153fbf96 alignfull uagb-is-root-container\"><div class=\"uagb-container-inner-blocks-wrap\">\n<div class=\"wp-block-uagb-container uagb-block-7810a821\">\n<h2 class=\"wp-block-heading\">\u0410\u0440\u0435\u0441 \u043f\u0440\u0435\u0434\u043b\u0430\u0433\u0430\u0435\u0442 \u0432\u0430\u043c \u0431\u0435\u0441\u043f\u043b\u0430\u0442\u043d\u044b\u0439 \u0438 \u0431\u0435\u0437\u043e\u043f\u0430\u0441\u043d\u044b\u0439 \u0434\u043e\u0441\u0442\u0443\u043f \u043a \u0441\u0435\u0442\u0438 Wi-Fi \u0434\u043b\u044f \u0441\u0432\u043e\u0431\u043e\u0434\u043d\u043e\u0433\u043e \u0434\u043e\u0441\u0442\u0443\u043f\u0430 \u0432 \u0418\u043d\u0442\u0435\u0440\u043d\u0435\u0442 \u0432\u043e \u0432\u0441\u0435\u0445 \u043e\u0431\u043e\u0440\u0443\u0434\u043e\u0432\u0430\u043d\u043d\u044b\u0445 \u043e\u0431\u0449\u0435\u0441\u0442\u0432\u0435\u043d\u043d\u044b\u0445 \u043c\u0435\u0441\u0442\u0430\u0445.<\/h2>\n\n\n\n<p>\u041c\u0435\u0436\u0434\u0443 \u043f\u043b\u044f\u0436\u0430\u043c\u0438, \u043b\u0435\u0441\u0430\u043c\u0438 \u0438 \u043e\u0445\u0440\u0430\u043d\u044f\u0435\u043c\u044b\u043c\u0438 \u043f\u0440\u0438\u0440\u043e\u0434\u043d\u044b\u043c\u0438 \u0437\u043e\u043d\u0430\u043c\u0438:&nbsp;<a href=\"https:\/\/bassin-arcachon.com\/ru\/%d0%bd%d0%b0%d1%88%d0%b8-%d0%b3%d0%be%d1%80%d0%be%d0%b4%d0%b0-%d0%b8-%d0%b4%d0%b5%d1%80%d0%b5%d0%b2%d0%bd%d0%b8\/%d0%b0%d1%80%d0%b5%d1%81\/\">\u0410\u0440\u0435\u0441<\/a>, \u0430\u0443\u0442\u0435\u043d\u0442\u0438\u0447\u043d\u0430\u044f \u0434\u0435\u0440\u0435\u0432\u043d\u044f, \u043f\u0440\u0435\u0434\u043b\u0430\u0433\u0430\u0435\u0442 \u043a\u0440\u0443\u0433\u043b\u043e\u0433\u043e\u0434\u0438\u0447\u043d\u0443\u044e \u043f\u0440\u043e\u0433\u0440\u0430\u043c\u043c\u0443 \u043c\u0435\u0440\u043e\u043f\u0440\u0438\u044f\u0442\u0438\u0439 \u0438 \u0440\u0430\u0437\u0432\u043b\u0435\u0447\u0435\u043d\u0438\u0439 \u00ab\u041f\u0440\u0438\u0440\u043e\u0434\u0430\u00bb \u0434\u043b\u044f \u0432\u0441\u0435\u0439 \u0441\u0435\u043c\u044c\u0438. \u0410\u0440\u0435\u0441, \u043f\u0435\u0440\u0435\u0441\u0435\u043a\u0430\u0435\u043c\u044b\u0439 \u0412\u0435\u043b\u043e\u0434\u0438\u0441\u0441\u0435, \u0438\u0434\u0435\u0430\u043b\u044c\u043d\u043e \u043f\u043e\u0434\u0445\u043e\u0434\u0438\u0442 \u0434\u043b\u044f \u043b\u044e\u0431\u0438\u0442\u0435\u043b\u0435\u0439 \u0432\u0435\u043b\u043e\u0441\u0438\u043f\u0435\u0434\u043d\u043e\u0433\u043e \u0441\u043f\u043e\u0440\u0442\u0430.<\/p>\n<\/div>\n\n\n\n<div class=\"wp-block-uagb-container uagb-block-b1de9fbd\">\n<div class=\"wp-block-uagb-image uagb-block-ef8820b0 wp-block-uagb-image--layout-default wp-block-uagb-image--effect-static wp-block-uagb-image--align-none\"><figure class=\"wp-block-uagb-image__figure\"><img decoding=\"async\" srcset=\"https:\/\/bassin-arcachon.com\/wp-content\/uploads\/2020\/07\/Flaner-sur-le-port-ostreicole-Ares-Bassin-Arcachon-1024x683-1.jpg \" sizes=\"auto, (max-width: 480px) 150px\" src=\"https:\/\/bassin-arcachon.com\/wp-content\/uploads\/2020\/07\/Flaner-sur-le-port-ostreicole-Ares-Bassin-Arcachon-1024x683-1.jpg\" alt=\"- - Bassin d&#039;Arcachon\" class=\"uag-image-44399\" width=\"1024\" height=\"683\" title=\"- - Bassin d&#039;Arcachon\" loading=\"lazy\" role=\"img\"><\/figure><\/div>\n<\/div>\n<\/div><\/div>\n\n\n\n<div style=\"height:40px\" aria-hidden=\"true\" class=\"wp-block-spacer\"><\/div>\n\n\n\n<div class=\"wp-block-uagb-container uagb-block-d5780c99 alignfull uagb-is-root-container\"><div class=\"uagb-container-inner-blocks-wrap\">\n<figure class=\"wp-block-pullquote\"><blockquote><p>\u041e\u0442\u043a\u0440\u043e\u0439\u0442\u0435 \u0434\u043b\u044f \u0441\u0435\u0431\u044f \u0433\u043e\u0440\u043e\u0434 \u0410\u0440\u0435\u0441 \u043d\u0430&nbsp;<a href=\"http:\/\/www.ares-tourisme.com\/\" target=\"_blank\" rel=\"noreferrer noopener\">www.ares-tourisme.com<\/a>.<br>\u041f\u0440\u043e\u0441\u043c\u043e\u0442\u0440\u0438\u0442\u0435 \u044d\u0442\u043e&nbsp;<a href=\"https:\/\/bassin-arcachon.com\/ru\/\">\u0432\u0435\u0431-\u0441\u0430\u0439\u0442 Bassin \u0410\u0440\u043a\u0430\u0448\u043e\u043d\u0430<\/a>. \u0412\u0430\u043c \u043d\u0435 \u043d\u0443\u0436\u043d\u043e \u0438\u0434\u0435\u043d\u0442\u0438\u0444\u0438\u0446\u0438\u0440\u043e\u0432\u0430\u0442\u044c \u0441\u0435\u0431\u044f!<\/p><\/blockquote><\/figure>\n<\/div><\/div>\n\n\n\n<div style=\"height:40px\" aria-hidden=\"true\" class=\"wp-block-spacer\"><\/div>\n\n\n\n<div class=\"wp-block-uagb-container uagb-block-566dc536 alignfull uagb-is-root-container\"><div class=\"uagb-container-inner-blocks-wrap\">\n<h3 class=\"wp-block-heading\">\u0421\u0435\u0440\u0444\u0438\u043d\u0433 \u0441 \u0443\u043c\u043e\u043c!<\/h3>\n\n\n\n<p>\u0421\u0435\u0442\u044c WiFi_Bassin_Arcachon \u043f\u043e\u043c\u043d\u0438\u0442 \u0432\u0430\u0441! \u0421\u043e\u0435\u0434\u0438\u043d\u0435\u043d\u0438\u0435 \u0431\u0443\u0434\u0435\u0442 \u043f\u0440\u043e\u0438\u0437\u0432\u043e\u0434\u0438\u0442\u044c\u0441\u044f \u0430\u0432\u0442\u043e\u043c\u0430\u0442\u0438\u0447\u0435\u0441\u043a\u0438 \u043d\u0430 \u043e\u0434\u043d\u043e\u043c \u0438 \u0442\u043e\u043c \u0436\u0435 \u0443\u0441\u0442\u0440\u043e\u0439\u0441\u0442\u0432\u0435 \u043a\u0430\u0436\u0434\u044b\u0439 \u0440\u0430\u0437, \u043a\u043e\u0433\u0434\u0430 \u0432\u044b \u043d\u0430\u0445\u043e\u0434\u0438\u0442\u0435\u0441\u044c \u0440\u044f\u0434\u043e\u043c \u0441 \u043e\u0434\u043d\u0438\u043c \u0438\u0437 \u043d\u0430\u0448\u0438\u0445 WiFi-\u0442\u0435\u0440\u043c\u0438\u043d\u0430\u043b\u043e\u0432, \u043d\u0435\u0437\u0430\u0432\u0438\u0441\u0438\u043c\u043e \u043e\u0442 \u043c\u0443\u043d\u0438\u0446\u0438\u043f\u0430\u043b\u0438\u0442\u0435\u0442\u0430 Bassin. \u041d\u0435 \u0437\u0430\u0431\u0443\u0434\u044c\u0442\u0435 \u043f\u0435\u0440\u0435\u0437\u0430\u043f\u0443\u0441\u0442\u0438\u0442\u044c \u0431\u0440\u0430\u0443\u0437\u0435\u0440.<\/p>\n<\/div><\/div>\n\n\n\n<div class=\"wp-block-uagb-container uagb-block-216b45c7 alignfull uagb-is-root-container\"><div class=\"uagb-container-inner-blocks-wrap\">\n<h3 class=\"wp-block-heading\">\u0426\u0438\u0444\u0440\u043e\u0432\u0430\u044f \u0442\u0440\u0435\u0437\u0432\u043e\u0441\u0442\u044c<\/h3>\n\n\n\n<p>\u0414\u0430\u0432\u0430\u0439\u0442\u0435 \u043f\u0440\u0435\u0434\u043f\u0440\u0438\u043c\u0435\u043c \u043f\u0440\u0430\u0432\u0438\u043b\u044c\u043d\u044b\u0435 \u0434\u0435\u0439\u0441\u0442\u0432\u0438\u044f \u0434\u043b\u044f \u0431\u043e\u043b\u0435\u0435 \u0437\u0435\u043b\u0435\u043d\u043e\u0433\u043e \u0446\u0438\u0444\u0440\u043e\u0432\u043e\u0433\u043e \u043c\u0438\u0440\u0430! \u0414\u0430\u0432\u0430\u0439\u0442\u0435 \u0432\u043c\u0435\u0441\u0442\u0435 \u0443\u043c\u0435\u043d\u044c\u0448\u0438\u043c \u043d\u0430\u0448\u0435 \u0432\u043e\u0437\u0434\u0435\u0439\u0441\u0442\u0432\u0438\u0435 \u043d\u0430 \u043e\u043a\u0440\u0443\u0436\u0430\u044e\u0449\u0443\u044e \u0441\u0440\u0435\u0434\u0443, \u043f\u0440\u0438\u043d\u044f\u0432 \u043f\u0440\u043e\u0441\u0442\u044b\u0435 \u043c\u0435\u0440\u044b \u0434\u043b\u044f \u0431\u043e\u043b\u0435\u0435 \u043e\u0442\u0432\u0435\u0442\u0441\u0442\u0432\u0435\u043d\u043d\u043e\u0433\u043e \u0446\u0438\u0444\u0440\u043e\u0432\u043e\u0433\u043e \u043c\u0438\u0440\u0430. \u041e\u0437\u043d\u0430\u043a\u043e\u043c\u044c\u0442\u0435\u0441\u044c \u0441 \u043d\u0430\u0448\u0438\u043c\u0438 \u043f\u0440\u0430\u043a\u0442\u0438\u0447\u0435\u0441\u043a\u0438\u043c\u0438 \u0441\u043e\u0432\u0435\u0442\u0430\u043c\u0438\u00a0<strong><a href=\"https:\/\/www.ecologie.gouv.fr\/sites\/default\/files\/guide-en-route-vers-sobriete-numerique.pdf\" target=\"_blank\" rel=\"noreferrer noopener\">\u043d\u0430 \u044d\u0442\u043e\u043c \u0441\u0430\u0439\u0442\u0435\u00a0<\/a>!<\/strong><\/p>\n<\/div><\/div>\n\n\n\n<div style=\"height:40px\" aria-hidden=\"true\" class=\"wp-block-spacer\"><\/div>","protected":false},"excerpt":{"rendered":"<p>Ar\u00e8s vous offre un acc\u00e8s WiFi gratuit et s\u00e9curis\u00e9 pour surfer sur Internet librement dans tous les lieux publics \u00e9quip\u00e9s. Entre plages, for\u00eats et espaces naturels pr\u00e9serv\u00e9s :&nbsp;Ar\u00e8s, village authentique, [&hellip;]<\/p>\n","protected":false},"author":25,"featured_media":23617,"parent":69,"menu_order":10,"comment_status":"closed","ping_status":"closed","template":"","meta":{"_acf_changed":false,"_uag_custom_page_level_css":"","footnotes":""},"class_list":["post-754","page","type-page","status-publish","has-post-thumbnail","hentry"],"acf":[],"uagb_featured_image_src":{"full":["https:\/\/bassin-arcachon.com\/wp-content\/uploads\/2018\/07\/Vue-depuis-la-jet\u00e9e-dAr\u00e8s.jpg",1000,666,false],"thumbnail":["https:\/\/bassin-arcachon.com\/wp-content\/uploads\/2018\/07\/Vue-depuis-la-jet\u00e9e-dAr\u00e8s-150x150.jpg",150,150,true],"medium":["https:\/\/bassin-arcachon.com\/wp-content\/uploads\/2018\/07\/Vue-depuis-la-jet\u00e9e-dAr\u00e8s-600x400.jpg",600,400,true],"medium_large":["https:\/\/bassin-arcachon.com\/wp-content\/uploads\/2018\/07\/Vue-depuis-la-jet\u00e9e-dAr\u00e8s-768x511.jpg",768,511,true],"large":["https:\/\/bassin-arcachon.com\/wp-content\/uploads\/2018\/07\/Vue-depuis-la-jet\u00e9e-dAr\u00e8s.jpg",1000,666,false],"1536x1536":["https:\/\/bassin-arcachon.com\/wp-content\/uploads\/2018\/07\/Vue-depuis-la-jet\u00e9e-dAr\u00e8s.jpg",1000,666,false],"2048x2048":["https:\/\/bassin-arcachon.com\/wp-content\/uploads\/2018\/07\/Vue-depuis-la-jet\u00e9e-dAr\u00e8s.jpg",1000,666,false],"trp-custom-language-flag":["https:\/\/bassin-arcachon.com\/wp-content\/uploads\/2018\/07\/Vue-depuis-la-jet\u00e9e-dAr\u00e8s-18x12.jpg",18,12,true]},"uagb_author_info":{"display_name":"Marie Clauzel","author_link":"https:\/\/bassin-arcachon.com\/ru\/author\/mariesiba\/"},"uagb_comment_info":0,"uagb_excerpt":"Ar\u00e8s vous offre un acc\u00e8s WiFi gratuit et s\u00e9curis\u00e9 pour surfer sur Internet librement dans tous les lieux publics \u00e9quip\u00e9s. Entre plages, for\u00eats et espaces naturels pr\u00e9serv\u00e9s :&nbsp;Ar\u00e8s, village authentique, [&hellip;]","_links":{"self":[{"href":"https:\/\/bassin-arcachon.com\/ru\/wp-json\/wp\/v2\/pages\/754","targetHints":{"allow":["GET"]}}],"collection":[{"href":"https:\/\/bassin-arcachon.com\/ru\/wp-json\/wp\/v2\/pages"}],"about":[{"href":"https:\/\/bassin-arcachon.com\/ru\/wp-json\/wp\/v2\/types\/page"}],"author":[{"embeddable":true,"href":"https:\/\/bassin-arcachon.com\/ru\/wp-json\/wp\/v2\/users\/25"}],"replies":[{"embeddable":true,"href":"https:\/\/bassin-arcachon.com\/ru\/wp-json\/wp\/v2\/comments?post=754"}],"version-history":[{"count":1,"href":"https:\/\/bassin-arcachon.com\/ru\/wp-json\/wp\/v2\/pages\/754\/revisions"}],"predecessor-version":[{"id":119039,"href":"https:\/\/bassin-arcachon.com\/ru\/wp-json\/wp\/v2\/pages\/754\/revisions\/119039"}],"up":[{"embeddable":true,"href":"https:\/\/bassin-arcachon.com\/ru\/wp-json\/wp\/v2\/pages\/69"}],"wp:featuredmedia":[{"embeddable":true,"href":"https:\/\/bassin-arcachon.com\/ru\/wp-json\/wp\/v2\/media\/23617"}],"wp:attachment":[{"href":"https:\/\/bassin-arcachon.com\/ru\/wp-json\/wp\/v2\/media?parent=754"}],"curies":[{"name":"WP","href":"https:\/\/api.w.org\/{rel}","templated":true}]}}