{"id":760,"date":"2017-04-04T12:24:38","date_gmt":"2017-04-04T10:24:38","guid":{"rendered":"https:\/\/bassin-arcachon.com\/\/?page_id=760"},"modified":"2024-12-16T14:04:13","modified_gmt":"2024-12-16T13:04:13","slug":"wifi-le-teich","status":"publish","type":"page","link":"https:\/\/bassin-arcachon.com\/ru\/trouver-votre-point-wifi\/wifi-le-teich\/","title":{"rendered":"\u0414\u043e\u0431\u0440\u043e \u043f\u043e\u0436\u0430\u043b\u043e\u0432\u0430\u0442\u044c \u0432 \u0422\u0430\u0439\u0447"},"content":{"rendered":"<div class=\"wp-block-uagb-container uagb-block-d91e8758 alignfull uagb-is-root-container\"><div class=\"uagb-container-inner-blocks-wrap\">\n<div class=\"wp-block-uagb-container uagb-block-b955d429\">\n<h2 class=\"wp-block-heading\">Le Teich \u043f\u0440\u0435\u0434\u043b\u0430\u0433\u0430\u0435\u0442 \u0432\u0430\u043c \u0431\u0435\u0441\u043f\u043b\u0430\u0442\u043d\u044b\u0439 \u0438 \u0431\u0435\u0437\u043e\u043f\u0430\u0441\u043d\u044b\u0439 \u0434\u043e\u0441\u0442\u0443\u043f \u043a Wi-Fi \u0434\u043b\u044f \u0441\u0432\u043e\u0431\u043e\u0434\u043d\u043e\u0433\u043e \u0434\u043e\u0441\u0442\u0443\u043f\u0430 \u0432 \u0418\u043d\u0442\u0435\u0440\u043d\u0435\u0442 \u0432 \u043e\u0431\u043e\u0440\u0443\u0434\u043e\u0432\u0430\u043d\u043d\u044b\u0445 \u043e\u0431\u0449\u0435\u0441\u0442\u0432\u0435\u043d\u043d\u044b\u0445 \u043c\u0435\u0441\u0442\u0430\u0445.<\/h2>\n\n\n\n<p>\u041f\u0440\u0438\u0445\u043e\u0434\u0438\u0442\u0435 \u0438 \u043e\u0442\u043a\u0440\u043e\u0439\u0442\u0435 \u0434\u043b\u044f \u0441\u0435\u0431\u044f \u043f\u0440\u0438\u0440\u043e\u0434\u043d\u044b\u0435 \u0431\u043e\u0433\u0430\u0442\u0441\u0442\u0432\u0430 \u0422\u0435\u0439\u0445\u0430 \u043f\u0435\u0448\u043a\u043e\u043c, \u043d\u0430 \u0432\u0435\u043b\u043e\u0441\u0438\u043f\u0435\u0434\u0435 \u0438\u043b\u0438 \u043d\u0430 \u043a\u0430\u043d\u043e\u044d-\u0431\u0430\u0439\u0434\u0430\u0440\u043a\u0435, \u043f\u0443\u0442\u0435\u0448\u0435\u0441\u0442\u0432\u0443\u044f \u043f\u043e \u0442\u0440\u043e\u043f\u0438\u043d\u043a\u0430\u043c \u0438 \u0432\u043e\u0434\u043d\u044b\u043c \u043f\u0443\u0442\u044f\u043c \u043c\u0435\u0436\u0434\u0443 \u043b\u0435\u0441\u0430\u043c\u0438 \u0438 \u0432\u043b\u0430\u0436\u043d\u044b\u043c\u0438 \u043b\u0443\u0433\u0430\u043c\u0438, \u0438 \u043f\u043e\u043d\u0430\u0431\u043b\u044e\u0434\u0430\u0439\u0442\u0435 \u0437\u0430 \u0440\u0430\u0437\u043b\u0438\u0447\u043d\u044b\u043c\u0438 \u0432\u0438\u0434\u0430\u043c\u0438 \u043f\u0442\u0438\u0446, \u043f\u0440\u0438\u0441\u0443\u0442\u0441\u0442\u0432\u0443\u044e\u0449\u0438\u0445 \u0432 \u0442\u0435\u0447\u0435\u043d\u0438\u0435 \u0432\u0441\u0435\u0433\u043e \u0433\u043e\u0434\u0430 \u0432 \u043e\u0440\u043d\u0438\u0442\u043e\u043b\u043e\u0433\u0438\u0447\u0435\u0441\u043a\u043e\u043c \u0437\u0430\u043f\u043e\u0432\u0435\u0434\u043d\u0438\u043a\u0435.<\/p>\n<\/div>\n\n\n\n<div class=\"wp-block-uagb-container uagb-block-282ada4a\">\n<div class=\"wp-block-uagb-image uagb-block-fbcc2db0 wp-block-uagb-image--layout-default wp-block-uagb-image--effect-static wp-block-uagb-image--align-none\"><figure class=\"wp-block-uagb-image__figure\"><img decoding=\"async\" srcset=\"https:\/\/bassin-arcachon.com\/wp-content\/uploads\/2017\/04\/sentier-littoral-gujan-le-teich-8-1024x683.jpg \" sizes=\"auto, (max-width: 480px) 150px\" src=\"https:\/\/bassin-arcachon.com\/wp-content\/uploads\/2017\/04\/sentier-littoral-gujan-le-teich-8-1024x683.jpg\" alt=\"Le Teich\" class=\"uag-image-8233\" width=\"1024\" height=\"683\" title=\"- - Bassin d&#039;Arcachon\" loading=\"lazy\"><\/figure><\/div>\n<\/div>\n<\/div><\/div>\n\n\n\n<div style=\"height:40px\" aria-hidden=\"true\" class=\"wp-block-spacer\"><\/div>\n\n\n\n<div class=\"wp-block-uagb-container uagb-block-f6c0da35 alignfull uagb-is-root-container\"><div class=\"uagb-container-inner-blocks-wrap\">\n<figure class=\"wp-block-pullquote\"><blockquote><p>\u041e\u0442\u043a\u0440\u043e\u0439\u0442\u0435 \u0434\u043b\u044f \u0441\u0435\u0431\u044f \u0433\u043e\u0440\u043e\u0434 \u0422\u0435\u0439\u0445 \u043d\u0430&nbsp;<a href=\"http:\/\/www.leteich-tourisme.com\/\" target=\"_blank\" rel=\"noreferrer noopener\">www.leteich-tourisme.com<\/a>.<br>\u041f\u0440\u043e\u0441\u043c\u043e\u0442\u0440\u0438\u0442\u0435 \u044d\u0442\u043e&nbsp;<a href=\"https:\/\/bassin-arcachon.com\/ru\/\">\u0432\u0435\u0431-\u0441\u0430\u0439\u0442 Bassin \u0410\u0440\u043a\u0430\u0448\u043e\u043d\u0430<\/a>. \u0412\u0430\u043c \u043d\u0435 \u043d\u0443\u0436\u043d\u043e \u0438\u0434\u0435\u043d\u0442\u0438\u0444\u0438\u0446\u0438\u0440\u043e\u0432\u0430\u0442\u044c \u0441\u0435\u0431\u044f!<\/p><\/blockquote><\/figure>\n<\/div><\/div>\n\n\n\n<div style=\"height:40px\" aria-hidden=\"true\" class=\"wp-block-spacer\"><\/div>\n\n\n\n<div class=\"wp-block-uagb-container uagb-block-f654ba1d alignfull uagb-is-root-container\"><div class=\"uagb-container-inner-blocks-wrap\">\n<h3 class=\"wp-block-heading\">\u0421\u0435\u0440\u0444\u0438\u043d\u0433 \u0441 \u0443\u043c\u043e\u043c!<\/h3>\n\n\n\n<p>\u0421\u0435\u0442\u044c WiFi_Bassin_Arcachon \u043f\u043e\u043c\u043d\u0438\u0442 \u0432\u0430\u0441! \u0421\u043e\u0435\u0434\u0438\u043d\u0435\u043d\u0438\u0435 \u0431\u0443\u0434\u0435\u0442 \u043f\u0440\u043e\u0438\u0437\u0432\u043e\u0434\u0438\u0442\u044c\u0441\u044f \u0430\u0432\u0442\u043e\u043c\u0430\u0442\u0438\u0447\u0435\u0441\u043a\u0438 \u043d\u0430 \u043e\u0434\u043d\u043e\u043c \u0438 \u0442\u043e\u043c \u0436\u0435 \u0443\u0441\u0442\u0440\u043e\u0439\u0441\u0442\u0432\u0435 \u043a\u0430\u0436\u0434\u044b\u0439 \u0440\u0430\u0437, \u043a\u043e\u0433\u0434\u0430 \u0432\u044b \u043d\u0430\u0445\u043e\u0434\u0438\u0442\u0435\u0441\u044c \u0440\u044f\u0434\u043e\u043c \u0441 \u043e\u0434\u043d\u0438\u043c \u0438\u0437 \u043d\u0430\u0448\u0438\u0445 WiFi-\u0442\u0435\u0440\u043c\u0438\u043d\u0430\u043b\u043e\u0432, \u043d\u0435\u0437\u0430\u0432\u0438\u0441\u0438\u043c\u043e \u043e\u0442 \u043c\u0443\u043d\u0438\u0446\u0438\u043f\u0430\u043b\u0438\u0442\u0435\u0442\u0430 Bassin. \u041d\u0435 \u0437\u0430\u0431\u0443\u0434\u044c\u0442\u0435 \u043f\u0435\u0440\u0435\u0437\u0430\u043f\u0443\u0441\u0442\u0438\u0442\u044c \u0431\u0440\u0430\u0443\u0437\u0435\u0440.<\/p>\n<\/div><\/div>\n\n\n\n<div style=\"height:40px\" aria-hidden=\"true\" class=\"wp-block-spacer\"><\/div>","protected":false},"excerpt":{"rendered":"<p>Le Teich vous offre un acc\u00e8s WiFi gratuit et s\u00e9curis\u00e9 pour surfer sur Internet librement dans les lieux publics \u00e9quip\u00e9s. Venez d\u00e9couvrir les richesses naturelles du Teich \u00e0 pied, \u00e0 [&hellip;]<\/p>\n","protected":false},"author":25,"featured_media":23579,"parent":69,"menu_order":19,"comment_status":"closed","ping_status":"closed","template":"","meta":{"_acf_changed":false,"_uag_custom_page_level_css":"","footnotes":""},"class_list":["post-760","page","type-page","status-publish","has-post-thumbnail","hentry"],"acf":[],"uagb_featured_image_src":{"full":["https:\/\/bassin-arcachon.com\/wp-content\/uploads\/2017\/02\/vue-sentier-littoral-le-teich.jpg",1000,666,false],"thumbnail":["https:\/\/bassin-arcachon.com\/wp-content\/uploads\/2017\/02\/vue-sentier-littoral-le-teich-150x150.jpg",150,150,true],"medium":["https:\/\/bassin-arcachon.com\/wp-content\/uploads\/2017\/02\/vue-sentier-littoral-le-teich-600x400.jpg",600,400,true],"medium_large":["https:\/\/bassin-arcachon.com\/wp-content\/uploads\/2017\/02\/vue-sentier-littoral-le-teich-768x511.jpg",768,511,true],"large":["https:\/\/bassin-arcachon.com\/wp-content\/uploads\/2017\/02\/vue-sentier-littoral-le-teich.jpg",1000,666,false],"1536x1536":["https:\/\/bassin-arcachon.com\/wp-content\/uploads\/2017\/02\/vue-sentier-littoral-le-teich.jpg",1000,666,false],"2048x2048":["https:\/\/bassin-arcachon.com\/wp-content\/uploads\/2017\/02\/vue-sentier-littoral-le-teich.jpg",1000,666,false],"trp-custom-language-flag":["https:\/\/bassin-arcachon.com\/wp-content\/uploads\/2017\/02\/vue-sentier-littoral-le-teich-18x12.jpg",18,12,true]},"uagb_author_info":{"display_name":"Marie Clauzel","author_link":"https:\/\/bassin-arcachon.com\/ru\/author\/mariesiba\/"},"uagb_comment_info":0,"uagb_excerpt":"Le Teich vous offre un acc\u00e8s WiFi gratuit et s\u00e9curis\u00e9 pour surfer sur Internet librement dans les lieux publics \u00e9quip\u00e9s. Venez d\u00e9couvrir les richesses naturelles du Teich \u00e0 pied, \u00e0 [&hellip;]","_links":{"self":[{"href":"https:\/\/bassin-arcachon.com\/ru\/wp-json\/wp\/v2\/pages\/760","targetHints":{"allow":["GET"]}}],"collection":[{"href":"https:\/\/bassin-arcachon.com\/ru\/wp-json\/wp\/v2\/pages"}],"about":[{"href":"https:\/\/bassin-arcachon.com\/ru\/wp-json\/wp\/v2\/types\/page"}],"author":[{"embeddable":true,"href":"https:\/\/bassin-arcachon.com\/ru\/wp-json\/wp\/v2\/users\/25"}],"replies":[{"embeddable":true,"href":"https:\/\/bassin-arcachon.com\/ru\/wp-json\/wp\/v2\/comments?post=760"}],"version-history":[{"count":1,"href":"https:\/\/bassin-arcachon.com\/ru\/wp-json\/wp\/v2\/pages\/760\/revisions"}],"predecessor-version":[{"id":119043,"href":"https:\/\/bassin-arcachon.com\/ru\/wp-json\/wp\/v2\/pages\/760\/revisions\/119043"}],"up":[{"embeddable":true,"href":"https:\/\/bassin-arcachon.com\/ru\/wp-json\/wp\/v2\/pages\/69"}],"wp:featuredmedia":[{"embeddable":true,"href":"https:\/\/bassin-arcachon.com\/ru\/wp-json\/wp\/v2\/media\/23579"}],"wp:attachment":[{"href":"https:\/\/bassin-arcachon.com\/ru\/wp-json\/wp\/v2\/media?parent=760"}],"curies":[{"name":"WP","href":"https:\/\/api.w.org\/{rel}","templated":true}]}}