{"id":891,"date":"2017-04-10T15:04:49","date_gmt":"2017-04-10T13:04:49","guid":{"rendered":"http:\/\/bassin-arcachon.com\/?page_id=891"},"modified":"2026-04-07T11:42:53","modified_gmt":"2026-04-07T09:42:53","slug":"%d0%bf%d1%80%d0%be%d1%84%d0%b5%d1%81%d1%81%d0%b8%d0%be%d0%bd%d0%b0%d0%bb%d1%8c%d0%bd%d0%be%d0%b5-%d0%bf%d1%80%d0%be%d1%81%d1%82%d1%80%d0%b0%d0%bd%d1%81%d1%82%d0%b2%d0%be","status":"publish","type":"page","link":"https:\/\/bassin-arcachon.com\/ru\/espace-pro\/","title":{"rendered":"\u041f\u0440\u043e\u0444\u0435\u0441\u0441\u0438\u043e\u043d\u0430\u043b\u044c\u043d\u0430\u044f \u0437\u043e\u043d\u0430"},"content":{"rendered":"<div class=\"wp-block-uagb-container uagb-block-f8679caf alignfull uagb-is-root-container\"><div class=\"uagb-container-inner-blocks-wrap\">\n<h2 class=\"wp-block-heading\">Bienvenue dans l&rsquo;Espace Pro : des outils et supports \u00e0 votre disposition  ! <\/h2>\n\n\n\n<h3 class=\"wp-block-heading\">1) O\u00f9 trouver nos contenus et vid\u00e9os&nbsp;de promotion Bassin d\u2019Arcachon ? <\/h3>\n\n\n\n<p>Servez-vous&nbsp;\ud83d\ude0a et mentionnez <strong>@bassindarcachon sur <a href=\"https:\/\/www.facebook.com\/bassindarcachon\" target=\"_blank\" rel=\"noopener\">\u0424\u0435\u0439\u0441\u0431\u0443\u043a<\/a> \u0430 \u0442\u0430\u043a\u0436\u0435 <a href=\"https:\/\/www.instagram.com\/bassindarcachon\/\" target=\"_blank\" rel=\"noopener\">\u0438\u043d\u0441\u0442\u0430\u0433\u0440\u0430\u043c<\/a><\/strong>. <\/p>\n\n\n\n<ul class=\"wp-block-list\">\n<li><strong>Nos vid\u00e9os<\/strong> sont \u00e0 votre disposition : <a href=\"\/ru\/vimeo.com\/bassindarcachon\/\">vimeo.com\/bassindarcachon<\/a> <em>(t\u00e9l\u00e9chargeable en HD)<\/em> et sur<a href=\"https:\/\/www.youtube.com\/lebassindarcachon\" target=\"_blank\" rel=\"noopener\"> https:\/\/www.youtube.com\/lebassindarcachon<\/a><\/li>\n\n\n\n<li><strong>Site Bassin d\u2019Arcachon et son blog<\/strong>\u00a0: <a href=\"https:\/\/bassin-arcachon.com\/ru\/%d0%b1%d0%bb%d0%be%d0%b3\/\">https:\/\/bassin-arcachon.com\/blog\/<\/a>\u00a0<\/li>\n\n\n\n<li>Id\u00e9es de s\u00e9jour d\u2019<strong>une semaine sur le Bassin<\/strong>&nbsp;: <a href=\"https:\/\/bassin-arcachon.com\/ru\/1-%d0%bd%d0%b5%d0%b4%d0%b5%d0%bb%d1%8c%d0%bd%d1%8b%d0%b9-%d0%b1%d0%b0%d1%81%d1%81%d0%b5%d0%b9%d0%bd\/\">https:\/\/bassin-arcachon.com\/1-semaine-bassin\/<\/a><\/li>\n\n\n\n<li><strong>Listing avec coordonn\u00e9es des activit\u00e9s et loisirs <\/strong>en lecture dynamique&nbsp;: <a href=\"https:\/\/www.calameo.com\/bassin-arcachon\/read\/000024421aa7e5a3e7faf\" target=\"_blank\" rel=\"noopener\">guide 2026<\/a><\/li>\n\n\n\n<li>Toutes <strong>les brochures et documents t\u00e9l\u00e9chargeables<\/strong> en ligne&nbsp;: <a href=\"https:\/\/bassin-arcachon.com\/ru\/%d0%bd%d0%b0%d1%88%d0%b8-%d0%b1%d1%80%d0%be%d1%88%d1%8e%d1%80%d1%8b\/\">https:\/\/bassin-arcachon.com\/nos-brochures\/<\/a> <em>(ex&nbsp;: liste des march\u00e9s, handitourisme, il pleut que faire&nbsp;?)<\/em><\/li>\n\n\n\n<li>\u0432 <strong>Dossier de presse du Bassin d\u2019Arcachon et les communiqu\u00e9s de presse envoy\u00e9s<\/strong> par le SIBA&nbsp;: <a href=\"https:\/\/www.calameo.com\/bassin-arcachon\/subscriptions\/1430334\" target=\"_blank\" rel=\"noopener\">https:\/\/www.calameo.com\/bassin-arcachon\/subscriptions\/1430334<\/a><\/li>\n\n\n\n<li>\u00c0 noter&nbsp;: <strong>un assistant IA, aliment\u00e9 par NOS DONN\u00c9ES<\/strong>, peut vous aider \u00e0 r\u00e9pondre \u00e0 toutes les questions que vous vous posez&nbsp;: <a href=\"https:\/\/bassin-arcachon.com\/ru\/\">https:\/\/bassin-arcachon.com\/<\/a><\/li>\n<\/ul>\n\n\n\n<h3 class=\"wp-block-heading\">2) O\u00f9 trouver une information fiable et actualis\u00e9e, sur les animations et \u00e9v\u00e9nements dans nos 12 communes&nbsp;:<\/h3>\n\n\n\n<ul class=\"wp-block-list\">\n<li>T\u00e9l\u00e9charger gratuitement <a href=\"https:\/\/bassin-arcachon.com\/ru\/%d1%81%d0%ba%d0%b0%d1%87%d0%b0%d1%82%d1%8c-%d0%bd%d0%b0%d1%88%d0%b5-%d0%bf%d1%80%d0%b8%d0%bb%d0%be%d0%b6%d0%b5%d0%bd%d0%b8%d0%b5\/\"><strong>l\u2019application Bassin d\u2019Arcachon<\/strong><\/a> (<em>mise \u00e0 jour quotidienne<\/em>), reconnaissable avec ses 2 roulettes. <\/li>\n\n\n\n<li>S\u00e9lectionner <strong>\u00ab&nbsp;se divertir&nbsp;\u00bb<\/strong>, \u0417\u0430\u0442\u0435\u043c <strong>\u00ab&nbsp;agenda des \u00e9v\u00e8nements&nbsp;\u00bb<\/strong>, et enfin la p\u00e9riode.<\/li>\n<\/ul>\n\n\n\n<h3 class=\"wp-block-heading\">3) Comment appara\u00eetre sur les supports r\u00e9alis\u00e9s par le SIBA&nbsp;?<\/h3>\n\n\n\n<p>Nos supports (<em>site internet et application<\/em>) utilisent une <strong>base de donn\u00e9es r\u00e9gionale appel\u00e9e SIRTAQUI<\/strong>. Les informations sont saisies par vos <strong>\u0442\u0443\u0440\u0438\u0441\u0442\u0438\u0447\u0435\u0441\u043a\u0438\u0435 \u043e\u0444\u0438\u0441\u044b <\/strong>puis diffus\u00e9es sur les supports du SIBA.<\/p>\n\n\n\n<p>Pour figurer dans cette base de donn\u00e9es, <strong>merci de vous rapprocher de votre Office de tourisme <\/strong>!<\/p>\n\n\n\n<h3 class=\"wp-block-heading\">4) Comment interagir avec nos r\u00e9seaux de promotion de la destination ?<\/h3>\n\n\n\n<ul class=\"wp-block-list\">\n<li>Bassin d\u2019Arcachon&nbsp;: \n<ul class=\"wp-block-list\">\n<li><strong>Facebook : <a href=\"https:\/\/www.instagram.com\/bassindarcachon\/\" target=\"_blank\" rel=\"noopener\">https:\/\/www.instagram.com\/bassindarcachon\/<\/a><\/strong><\/li>\n\n\n\n<li><strong>Instagram : <a href=\"https:\/\/www.instagram.com\/bassindarcachon\/\" target=\"_blank\" rel=\"noopener\">https:\/\/www.instagram.com\/bassindarcachon\/<\/a><\/strong><\/li>\n\n\n\n<li><strong>LinkedIn&nbsp;:<\/strong>\n<ul class=\"wp-block-list\">\n<li><a href=\"https:\/\/www.linkedin.com\/in\/marque-bassin-arcachon\/\" target=\"_blank\" rel=\"noopener\">https:\/\/www.linkedin.com\/in\/marque-bassin-arcachon\/<\/a><\/li>\n\n\n\n<li><a href=\"https:\/\/www.linkedin.com\/in\/bassindarcachonaffaires\" target=\"_blank\" rel=\"noopener\">https:\/\/www.linkedin.com\/in\/bassindarcachonaffaires<\/a><\/li>\n<\/ul>\n<\/li>\n<\/ul>\n<\/li>\n<\/ul>\n\n\n\n<h3 class=\"wp-block-heading\">5) O\u00f9 trouver la documentation touristique \u00ab&nbsp;Bassin d\u2019Arcachon&nbsp;\u00bb&nbsp;? &nbsp;<\/h3>\n\n\n\n<div class=\"wp-block-uagb-container uagb-block-c7374873\">\n<p>Pour r\u00e9cup\u00e9rer des exemplaires, merci de vous rapprocher de votre Office de Tourisme en priorit\u00e9. Vous retrouvez \u00e9galement notre documentation en calam\u00e9o interactif :<\/p>\n<\/div>\n\n\n\n<ul class=\"wp-block-list\">\n<li><strong><a href=\"https:\/\/www.calameo.com\/bassin-arcachon\/read\/000024421306f9920b5fd\" target=\"_blank\" rel=\"noopener\">\u0422\u0443\u0440\u0438\u0441\u0442\u0438\u0447\u0435\u0441\u043a\u0430\u044f \u043a\u0430\u0440\u0442\u0430<\/a><\/strong> en fran\u00e7ais, <a href=\"https:\/\/www.calameo.com\/bassin-arcachon\/read\/000024421068f7d6c4614\" target=\"_blank\" rel=\"noopener\">\u0410\u043d\u0433\u043b\u0438\u0439\u0441\u043a\u0438\u0439 \u044f\u0437\u044b\u043a<\/a>, <a href=\"https:\/\/www.calameo.com\/bassin-arcachon\/read\/000024421e693dd179d84\" target=\"_blank\" rel=\"noopener\">\u041d\u0435\u043c\u0435\u0446\u043a\u0438\u0439<\/a>,<a href=\"https:\/\/www.calameo.com\/bassin-arcachon\/read\/0000244213620f91402b8\" target=\"_blank\" rel=\"noopener\"> \u0418\u0441\u043f\u0430\u043d\u0441\u043a\u0438\u0439<\/a> \u0430 \u0442\u0430\u043a\u0436\u0435 <a href=\"https:\/\/www.calameo.com\/bassin-arcachon\/read\/000024421fcbd62b9dd24\" target=\"_blank\" rel=\"noopener\">\u0418\u0442\u0430\u043b\u044c\u044f\u043d\u0441\u043a\u0438\u0439<\/a><\/li>\n\n\n\n<li><strong><a href=\"https:\/\/www.calameo.com\/bassin-arcachon\/read\/0000244214d5faf8a6d5b\" target=\"_blank\" rel=\"noopener\">\u0416\u0443\u0440\u043d\u0430\u043b Bassin \u0438\u0437 \u0410\u0440\u043a\u0430\u0448\u043e\u043d\u0430<\/a><\/strong><\/li>\n\n\n\n<li>\u041a\u0430\u0442\u0430\u043b\u043e\u0433 \u00ab&nbsp;<a href=\"https:\/\/www.calameo.com\/bassin-arcachon\/read\/00002442172196ce0017a\" target=\"_blank\" rel=\"noopener\"><strong>\u041c\u043e\u0439 Bassin \u0431\u0435\u0437 \u043c\u043e\u0435\u0433\u043e \u0430\u0432\u0442\u043e\u043c\u043e\u0431\u0438\u043b\u044f<\/strong><\/a>&nbsp;\u00bb (<em>\u043a\u043e\u043c\u043f\u0430\u043d\u0438\u0438 \u043f\u043e \u043f\u0440\u043e\u043a\u0430\u0442\u0443 \u0432\u0435\u043b\u043e\u0441\u0438\u043f\u0435\u0434\u043e\u0432, \u0432\u0441\u0435, \u0447\u0442\u043e \u0432\u0430\u043c \u043d\u0443\u0436\u043d\u043e \u0437\u043d\u0430\u0442\u044c \u043e \u043c\u043e\u0431\u0438\u043b\u044c\u043d\u043e\u0441\u0442\u0438 \u043d\u0430 Bassin<\/em>)<\/li>\n<\/ul>\n\n\n\n<p>\u0427\u0442\u043e\u0431\u044b \u043f\u043e\u043c\u043e\u0447\u044c \u0432\u0430\u043c <strong>\u043f\u043e\u0441\u0442\u0430\u0432\u043b\u044f\u0439\u0442\u0435 \u043d\u0430\u0448\u0443 \u0434\u043e\u043a\u0443\u043c\u0435\u043d\u0442\u0430\u0446\u0438\u044e \u043d\u0430\u043f\u0440\u044f\u043c\u0443\u044e<\/strong>, \u043f\u043e\u0436\u0430\u043b\u0443\u0439\u0441\u0442\u0430, \u0441\u0432\u044f\u0436\u0438\u0442\u0435\u0441\u044c \u0441 : <a href=\"mailto:communication@siba-bassin-arcachon.fr\">communication@siba-bassin-arcachon.fr<\/a><\/p>\n\n\n\n<h3 class=\"wp-block-heading\">6) \u0413\u0434\u0435 \u043c\u043e\u0436\u043d\u043e \u043d\u0430\u0439\u0442\u0438 \u043e\u0441\u043d\u043e\u0432\u043d\u044b\u0435 \u0434\u0430\u043d\u043d\u044b\u0435 \u043f\u043e \u0442\u0443\u0440\u0438\u0437\u043c\u0443: \u043a\u043e\u043b\u0438\u0447\u0435\u0441\u0442\u0432\u043e \u043f\u043e\u0441\u0435\u0442\u0438\u0442\u0435\u043b\u0435\u0439, \u043e\u0442\u0440\u0430\u0441\u043b\u0438 \u0438 \u0442.\u0434.? :<\/h3>\n\n\n\n<p><strong>\u0421\u0431\u043e\u0440 \u0434\u0430\u043d\u043d\u044b\u0445 \u0434\u043e\u0441\u0442\u0443\u043f\u0435\u043d \u0438 \u0434\u043e\u0441\u0442\u0443\u043f\u0435\u043d \u0434\u043b\u044f \u0441\u043a\u0430\u0447\u0438\u0432\u0430\u043d\u0438\u044f<\/strong> en ligne&nbsp;: <a href=\"https:\/\/www.siba-bassin-arcachon.fr\/le-pole-promotion\/le-recueil-de-donnees-tourisme\" target=\"_blank\" rel=\"noopener\">https:\/\/www.siba-bassin-arcachon.fr\/le-pole-promotion\/le-recueil-de-donnees-tourisme<\/a><\/p>\n\n\n\n<h3 class=\"wp-block-heading\">7) \u041a\u043e\u0433\u0434\u0430 \u0441\u043b\u0435\u0434\u0443\u0435\u0442 \u043f\u0440\u0438\u0432\u043b\u0435\u043a\u0430\u0442\u044c \u043e\u0442\u0434\u0435\u043b \u043f\u0440\u043e\u0434\u0432\u0438\u0436\u0435\u043d\u0438\u044f SIBA?<\/h3>\n\n\n\n<p>\u041a\u043e\u0433\u0434\u0430 <strong>\u043f\u0440\u043e\u0435\u043a\u0442, \u0434\u0435\u0439\u0441\u0442\u0432\u0438\u0435 \u0438\u043b\u0438 \u043f\u043e\u0442\u0440\u0435\u0431\u043d\u043e\u0441\u0442\u044c<\/strong> \u041f\u0440\u043e\u0434\u0432\u0438\u0436\u0435\u043d\u0438\u0435 \u0440\u0435\u0433\u0438\u043e\u043d\u0430 \u0432 \u043a\u043e\u043b\u043b\u0435\u043a\u0442\u0438\u0432\u043d\u043e\u043c \u043c\u0430\u0441\u0448\u0442\u0430\u0431\u0435, \u043e\u0442\u0434\u0435\u043b \u043f\u0440\u043e\u0434\u0432\u0438\u0436\u0435\u043d\u0438\u044f \u044f\u0432\u043b\u044f\u0435\u0442\u0441\u044f \u0432\u0441\u043f\u043e\u043c\u043e\u0433\u0430\u0442\u0435\u043b\u044c\u043d\u043e\u0439 \u0441\u043b\u0443\u0436\u0431\u043e\u0439, <strong>\u043a \u0443\u0441\u043b\u0443\u0433\u0430\u043c \u0438\u043d\u0441\u0442\u0438\u0442\u0443\u0446\u0438\u043e\u043d\u0430\u043b\u044c\u043d\u044b\u0445 \u043f\u0430\u0440\u0442\u043d\u0435\u0440\u043e\u0432, \u043f\u0440\u043e\u0444\u0435\u0441\u0441\u0438\u043e\u043d\u0430\u043b\u043e\u0432 \u0442\u0443\u0440\u0438\u0437\u043c\u0430 \u0438 \u043f\u0430\u0440\u0442\u043d\u0435\u0440\u043e\u0432 \u0431\u0440\u0435\u043d\u0434\u043e\u0432.<\/strong><\/p>\n\n\n\n<ul class=\"wp-block-list\">\n<li>\u0414\u043b\u044f <strong>\u0441\u0442\u0430\u0442\u044c \u043f\u0430\u0440\u0442\u043d\u0435\u0440\u043e\u043c <a href=\"https:\/\/www.marque-bassin-arcachon.fr\/\" target=\"_blank\" rel=\"noopener\">\u0420\u0435\u0433\u0438\u043e\u043d\u0430\u043b\u044c\u043d\u044b\u0439 \u0431\u0440\u0435\u043d\u0434 Bassin Arcachon<\/a><\/strong> : \u043e\u0442\u043f\u0440\u0430\u0432\u044c\u0442\u0435 \u0441\u0432\u043e\u0439 \u0430\u0440\u0433\u0443\u043c\u0435\u043d\u0442\u0438\u0440\u043e\u0432\u0430\u043d\u043d\u044b\u0439 \u0437\u0430\u043f\u0440\u043e\u0441 \u043f\u043e \u044d\u043b\u0435\u043a\u0442\u0440\u043e\u043d\u043d\u043e\u0439 \u043f\u043e\u0447\u0442\u0435 \u043f\u043e \u0430\u0434\u0440\u0435\u0441\u0443 <a href=\"https:\/\/www.marque-bassin-arcachon.fr\/les-partenaires\/devenir-partenaire\/\" target=\"_blank\" rel=\"noopener\">https:\/\/www.marque-bassin-arcachon.fr\/les-partenaires\/devenir-partenaire\/<\/a><\/li>\n\n\n\n<li>\u0427\u0442\u043e\u0431\u044b \u0443\u0437\u043d\u0430\u0442\u044c \u0431\u043e\u043b\u044c\u0448\u0435 <strong>\u043a\u0442\u043e \u044f\u0432\u043b\u044f\u0435\u0442\u0441\u044f \u043f\u0430\u0440\u0442\u043d\u0435\u0440\u043e\u043c<\/strong>, \u041e\u0431\u0440\u0430\u0442\u0438\u0442\u0435\u0441\u044c \u043a \u0438\u043d\u0442\u0435\u0440\u0430\u043a\u0442\u0438\u0432\u043d\u043e\u0439 \u043a\u0430\u0440\u0442\u0435 \u043e\u043d\u043b\u0430\u0439\u043d: <a href=\"https:\/\/www.marque-bassin-arcachon.fr\/les-partenaires\/deja-partenaires\/\" target=\"_blank\" rel=\"noopener\">https:\/\/www.marque-bassin-arcachon.fr\/les-partenaires\/deja-partenaires\/<\/a><\/li>\n\n\n\n<li>\u043f\u0440\u0438\u0441\u043e\u0435\u0434\u0438\u043d\u0438\u0442\u044c\u0441\u044f \u043a <strong>\u0441\u0435\u0442\u044c \u043f\u0440\u043e\u0444\u0435\u0441\u0441\u0438\u043e\u043d\u0430\u043b\u043e\u0432 \u0434\u0435\u043b\u043e\u0432\u043e\u0433\u043e \u0442\u0443\u0440\u0438\u0437\u043c\u0430<\/strong>&nbsp;: <a href=\"mailto:mice@siba-bassin-arcachon.fr\">mice@siba-bassin-arcachon.fr<\/a>. \u0411\u043e\u043b\u0435\u0435 \u043f\u043e\u0434\u0440\u043e\u0431\u043d\u0443\u044e \u0438\u043d\u0444\u043e\u0440\u043c\u0430\u0446\u0438\u044e \u043e \u0434\u0435\u043b\u043e\u0432\u043e\u043c \u0442\u0443\u0440\u0438\u0437\u043c\u0435 \u043c\u043e\u0436\u043d\u043e \u043d\u0430\u0439\u0442\u0438 \u0437\u0434\u0435\u0441\u044c: <a href=\"https:\/\/bassin-arcachon.com\/ru\/%d1%81%d0%b5%d0%bc%d0%b8%d0%bd%d0%b0%d1%80%d1%8b-%d0%ba%d0%be%d0%bd%d0%b3%d1%80%d0%b5%d1%81%d1%81%d1%8b\/\">https:\/\/bassin-arcachon.com\/seminaires-congres\/<\/a><\/li>\n\n\n\n<li>\u0427\u0442\u043e\u0431\u044b \u043f\u043e\u043b\u0443\u0447\u0438\u0442\u044c \u0432\u044b\u0433\u043e\u0434\u0443 <strong>\u043c\u0430\u0442\u0435\u0440\u0438\u0430\u043b\u044b \u0438 \u0438\u043d\u0441\u0442\u0440\u0443\u043c\u0435\u043d\u0442\u044b \u0434\u043b\u044f \u043f\u043e\u0432\u044b\u0448\u0435\u043d\u0438\u044f \u043e\u0441\u0432\u0435\u0434\u043e\u043c\u043b\u0435\u043d\u043d\u043e\u0441\u0442\u0438<\/strong> \u0441\u043e\u0445\u0440\u0430\u043d\u0435\u043d\u0438\u0435 \u043a\u0430\u0447\u0435\u0441\u0442\u0432\u0430 \u0432\u043e\u0434\u044b (<a href=\"https:\/\/www.siba-bassin-arcachon.fr\/ici-commence-la-mer\" target=\"_blank\" rel=\"noopener\">\u0417\u0434\u0435\u0441\u044c \u043d\u0430\u0447\u0438\u043d\u0430\u0435\u0442\u0441\u044f \u043c\u043e\u0440\u0435 \u00ab\u041d\u0438\u0447\u0435\u0433\u043e \u043d\u0435 \u0432\u044b\u0431\u0440\u0430\u0441\u044b\u0432\u0430\u0439\u0442\u0435\u00bb<\/a>, \u0438\u0433\u0440\u0430 \u0432 \u0433\u0443\u0441\u0435\u0439, \u043d\u0430\u043a\u043b\u0435\u0439\u043a\u0438 \u043d\u0430 \u043e\u043a\u043d\u0430...)\u00a0<\/li>\n<\/ul>\n\n\n\n<h3 class=\"wp-block-heading\">8) \u041d\u0435\u043e\u0431\u0445\u043e\u0434\u0438\u043c\u043e \u0441\u0432\u044f\u0437\u0430\u0442\u044c\u0441\u044f \u0441 \u043c\u0435\u0441\u0442\u043d\u044b\u043c\u0438 \u0421\u041c\u0418 <a href=\"https:\/\/tvba.fr\/\" target=\"_blank\" rel=\"noopener\">TVBA.fr<\/a>&nbsp;: <\/h3>\n\n\n\n<ul class=\"wp-block-list\">\n<li>\u0421\u0432\u044f\u0436\u0438\u0442\u0435\u0441\u044c \u0441 \u0424\u0430\u043d\u043d\u0438 \u0438 \u041a\u0430\u043c\u0438\u043b\u043b\u043e\u0439, \u0434\u0432\u0443\u043c\u044f \u043d\u0430\u0448\u0438\u043c\u0438 \u043c\u0435\u0441\u0442\u043d\u044b\u043c\u0438 \u0440\u0435\u043f\u043e\u0440\u0442\u0435\u0440\u0430\u043c\u0438, \u043f\u043e \u0430\u0434\u0440\u0435\u0441\u0443 <a href=\"mailto:contact@tvba.fr\">contact@tvba.fr<\/a>. \u0421\u043b\u0435\u0434\u0438\u0442\u0435 \u0437\u0430 \u043d\u0438\u043c\u0438 \u043d\u0430 <strong><a href=\"https:\/\/tvba.fr\/\" target=\"_blank\" rel=\"noopener\">tvba.fr<\/a> <\/strong>\u0438 \u0432 \u0438\u0445 \u0441\u043e\u0446\u0438\u0430\u043b\u044c\u043d\u044b\u0445 \u0441\u0435\u0442\u044f\u0445, \u0447\u0442\u043e\u0431\u044b \u0443\u0437\u043d\u0430\u0442\u044c \u0432\u0441\u0435 \u043f\u043e\u0441\u043b\u0435\u0434\u043d\u0438\u0435 \u043d\u043e\u0432\u043e\u0441\u0442\u0438:\n<ul class=\"wp-block-list\">\n<li><strong>Facebook : <a href=\"https:\/\/www.facebook.com\/tvba.fr\" target=\"_blank\" rel=\"noopener\">https:\/\/www.facebook.com\/tvba.fr<\/a><\/strong><\/li>\n\n\n\n<li><strong>Instagram : <a href=\"https:\/\/www.instagram.com\/tvba.fr\/\" target=\"_blank\" rel=\"noopener\">https:\/\/www.instagram.com\/tvba.fr\/<\/a><\/strong><\/li>\n<\/ul>\n<\/li>\n<\/ul>\n\n\n\n<p>\u0415\u0441\u043b\u0438 \u0432\u0430\u043c \u043d\u0443\u0436\u043d\u0430 \u0438\u043d\u0444\u043e\u0440\u043c\u0430\u0446\u0438\u044f, \u0431\u0440\u043e\u0448\u044e\u0440\u0430 \u0434\u043b\u044f \u0432\u0430\u0448\u0435\u0433\u043e \u0437\u0430\u0432\u0435\u0434\u0435\u043d\u0438\u044f \u0438\u043b\u0438 \u0431\u0438\u0437\u043d\u0435\u0441-\u043c\u0435\u0440\u043e\u043f\u0440\u0438\u044f\u0442\u0438\u044f, \u0432\u0438\u0434\u0435\u043e\u0440\u043e\u043b\u0438\u043a\u0438 \u0438\u043b\u0438 \u0441\u0443\u0432\u0435\u043d\u0438\u0440\u044b, \u043d\u0435 \u0441\u0442\u0435\u0441\u043d\u044f\u0439\u0442\u0435\u0441\u044c \u043e\u0431\u0440\u0430\u0449\u0430\u0442\u044c\u0441\u044f \u0432 \u043e\u0442\u0434\u0435\u043b \u043f\u0440\u043e\u0434\u0432\u0438\u0436\u0435\u043d\u0438\u044f SIBA \u043f\u043e \u044d\u043b\u0435\u043a\u0442\u0440\u043e\u043d\u043d\u043e\u0439 \u043f\u043e\u0447\u0442\u0435:&nbsp;<a href=\"mailto:contact@bassin-arcachon.com\">contact@bassin-arcachon.com<\/a><\/p>\n<\/div><\/div>\n\n\n\n<div style=\"height:60px\" aria-hidden=\"true\" class=\"wp-block-spacer\"><\/div>","protected":false},"excerpt":{"rendered":"<p>Bienvenue dans l&rsquo;Espace Pro : des outils et supports \u00e0 votre disposition ! 1) O\u00f9 trouver nos contenus et vid\u00e9os&nbsp;de promotion Bassin d\u2019Arcachon ? Servez-vous&nbsp;\ud83d\ude0a et mentionnez @bassindarcachon sur Facebook [&hellip;]<\/p>\n","protected":false},"author":25,"featured_media":51812,"parent":0,"menu_order":30,"comment_status":"closed","ping_status":"closed","template":"","meta":{"_acf_changed":false,"_uag_custom_page_level_css":"","footnotes":""},"class_list":["post-891","page","type-page","status-publish","has-post-thumbnail","hentry"],"acf":[],"uagb_featured_image_src":{"full":["https:\/\/bassin-arcachon.com\/wp-content\/uploads\/2022\/10\/SIBA-CONGRES-web.jpg",1383,524,false],"thumbnail":["https:\/\/bassin-arcachon.com\/wp-content\/uploads\/2022\/10\/SIBA-CONGRES-web-150x150.jpg",150,150,true],"medium":["https:\/\/bassin-arcachon.com\/wp-content\/uploads\/2022\/10\/SIBA-CONGRES-web-600x227.jpg",600,227,true],"medium_large":["https:\/\/bassin-arcachon.com\/wp-content\/uploads\/2022\/10\/SIBA-CONGRES-web-768x291.jpg",768,291,true],"large":["https:\/\/bassin-arcachon.com\/wp-content\/uploads\/2022\/10\/SIBA-CONGRES-web-1024x388.jpg",1024,388,true],"1536x1536":["https:\/\/bassin-arcachon.com\/wp-content\/uploads\/2022\/10\/SIBA-CONGRES-web.jpg",1383,524,false],"2048x2048":["https:\/\/bassin-arcachon.com\/wp-content\/uploads\/2022\/10\/SIBA-CONGRES-web.jpg",1383,524,false],"trp-custom-language-flag":["https:\/\/bassin-arcachon.com\/wp-content\/uploads\/2022\/10\/SIBA-CONGRES-web-18x7.jpg",18,7,true]},"uagb_author_info":{"display_name":"Marie Clauzel","author_link":"https:\/\/bassin-arcachon.com\/ru\/author\/mariesiba\/"},"uagb_comment_info":0,"uagb_excerpt":"Bienvenue dans l&rsquo;Espace Pro : des outils et supports \u00e0 votre disposition ! 1) O\u00f9 trouver nos contenus et vid\u00e9os&nbsp;de promotion Bassin d\u2019Arcachon ? Servez-vous&nbsp;\ud83d\ude0a et mentionnez @bassindarcachon sur Facebook [&hellip;]","_links":{"self":[{"href":"https:\/\/bassin-arcachon.com\/ru\/wp-json\/wp\/v2\/pages\/891","targetHints":{"allow":["GET"]}}],"collection":[{"href":"https:\/\/bassin-arcachon.com\/ru\/wp-json\/wp\/v2\/pages"}],"about":[{"href":"https:\/\/bassin-arcachon.com\/ru\/wp-json\/wp\/v2\/types\/page"}],"author":[{"embeddable":true,"href":"https:\/\/bassin-arcachon.com\/ru\/wp-json\/wp\/v2\/users\/25"}],"replies":[{"embeddable":true,"href":"https:\/\/bassin-arcachon.com\/ru\/wp-json\/wp\/v2\/comments?post=891"}],"version-history":[{"count":22,"href":"https:\/\/bassin-arcachon.com\/ru\/wp-json\/wp\/v2\/pages\/891\/revisions"}],"predecessor-version":[{"id":244593,"href":"https:\/\/bassin-arcachon.com\/ru\/wp-json\/wp\/v2\/pages\/891\/revisions\/244593"}],"wp:featuredmedia":[{"embeddable":true,"href":"https:\/\/bassin-arcachon.com\/ru\/wp-json\/wp\/v2\/media\/51812"}],"wp:attachment":[{"href":"https:\/\/bassin-arcachon.com\/ru\/wp-json\/wp\/v2\/media?parent=891"}],"curies":[{"name":"WP","href":"https:\/\/api.w.org\/{rel}","templated":true}]}}