{"id":98630,"date":"2024-11-18T12:22:45","date_gmt":"2024-11-18T11:22:45","guid":{"rendered":"https:\/\/bassin-arcachon.com\/?page_id=98630"},"modified":"2026-04-08T16:52:32","modified_gmt":"2026-04-08T14:52:32","slug":"%d0%bf%d1%80%d0%b0%d0%ba%d1%82%d0%b8%d1%87%d0%b5%d1%81%d0%ba%d0%b0%d1%8f-%d0%b8%d0%bd%d1%84%d0%be%d1%80%d0%bc%d0%b0%d1%86%d0%b8%d1%8f-%d0%be-%d0%bf%d0%b5%d1%80%d0%b5%d0%b4%d0%b2%d0%b8%d0%b6%d0%b5","status":"publish","type":"page","link":"https:\/\/bassin-arcachon.com\/ru\/informations-pratiques-pour-se-deplacer-a-velo\/","title":{"rendered":"\u041f\u0440\u0430\u043a\u0442\u0438\u0447\u0435\u0441\u043a\u0430\u044f \u0438\u043d\u0444\u043e\u0440\u043c\u0430\u0446\u0438\u044f \u0434\u043b\u044f \u043f\u0443\u0442\u0435\u0448\u0435\u0441\u0442\u0432\u0438\u0439 \u043d\u0430 \u0432\u0435\u043b\u043e\u0441\u0438\u043f\u0435\u0434\u0435"},"content":{"rendered":"<div class=\"wp-block-uagb-container uagb-block-c7651c20 alignfull uagb-is-root-container\"><div class=\"uagb-container-inner-blocks-wrap\">\n<p>\u041d\u0430 \u044d\u0442\u043e\u0439 \u0441\u0442\u0440\u0430\u043d\u0438\u0446\u0435 \u0432\u044b \u043d\u0430\u0439\u0434\u0435\u0442\u0435 \u0432\u0441\u044e \u043f\u043e\u043b\u0435\u0437\u043d\u0443\u044e \u0438 \u043f\u0440\u0430\u043a\u0442\u0438\u0447\u0435\u0441\u043a\u0443\u044e \u0438\u043d\u0444\u043e\u0440\u043c\u0430\u0446\u0438\u044e \u0434\u043b\u044f <strong>\u0441\u043e\u0432\u0435\u0440\u0448\u0430\u0439\u0442\u0435 \u043f\u043e\u0435\u0437\u0434\u043a\u0438 \u043d\u0430 \u0432\u0435\u043b\u043e\u0441\u0438\u043f\u0435\u0434\u0435 \u0432 \u043b\u0443\u0447\u0448\u0438\u0445 \u0443\u0441\u043b\u043e\u0432\u0438\u044f\u0445.<\/strong><\/p>\n<\/div><\/div>\n\n\n\n<div class=\"wp-block-uagb-container uagb-block-a9138734 alignfull uagb-is-root-container\"><div class=\"uagb-container-inner-blocks-wrap\">\n<h2 class=\"wp-block-heading\">1) \u0418\u043d\u0444\u043b\u044f\u0446\u0438\u043e\u043d\u043d\u044b\u0435 \u043d\u0430\u0441\u043e\u0441\u044b \u0441\u0430\u043c\u043e\u043e\u0431\u0441\u043b\u0443\u0436\u0438\u0432\u0430\u043d\u0438\u044f<\/h2>\n<\/div><\/div>\n\n\n\n<div class=\"wp-block-uagb-container uagb-block-832224e8 alignfull uagb-is-root-container\"><div class=\"uagb-container-inner-blocks-wrap\">\n<div class=\"wp-block-uagb-container uagb-block-cf1714b1\">\n<figure class=\"wp-block-image size-full\"><img loading=\"lazy\" decoding=\"async\" width=\"480\" height=\"640\" src=\"https:\/\/bassin-arcachon.com\/wp-content\/uploads\/2024\/11\/N\u00b05-Station-de-Gonflage-Mairie-duTeich.jpg\" alt=\"- - Bassin d&#039;Arcachon\" class=\"wp-image-98633\" title=\"- - Bassin d&#039;Arcachon\" srcset=\"https:\/\/bassin-arcachon.com\/wp-content\/uploads\/2024\/11\/N\u00b05-Station-de-Gonflage-Mairie-duTeich.jpg 480w, https:\/\/bassin-arcachon.com\/wp-content\/uploads\/2024\/11\/N\u00b05-Station-de-Gonflage-Mairie-duTeich-450x600.jpg 450w, https:\/\/bassin-arcachon.com\/wp-content\/uploads\/2024\/11\/N\u00b05-Station-de-Gonflage-Mairie-duTeich-9x12.jpg 9w\" sizes=\"auto, (max-width: 480px) 100vw, 480px\" \/><figcaption class=\"wp-element-caption\">\u00a9 \u041a\u041e\u0411\u0410\u0421<\/figcaption><\/figure>\n<\/div>\n\n\n\n<div class=\"wp-block-uagb-container uagb-block-732da1a7\">\n<h3 class=\"wp-block-heading\"><strong>\u041d\u0430 \u042e\u0433-1\u0422\u041f4\u0422:<\/strong><\/h3>\n\n\n\n<ul class=\"wp-block-list\">\n<li><strong>\u0410\u0440\u043a\u0430\u0448\u043e\u043d:<\/strong><br>\u041f\u0435\u0440\u0435\u0439\u0440, \u043f\u043b\u043e\u0449\u0430\u0434\u044c \u041f\u0435\u0439\u043d\u043e, \u0441\u0442\u0430\u043d\u0446\u0438\u044f SNCF, \u0416\u0435\u0442\u0435-\u0434\u044e-\u041c\u0443\u043b\u043b\u043e, \u043d\u0435\u0431\u043e\u043b\u044c\u0448\u043e\u0439 \u043f\u043e\u0440\u0442 \u0410\u0440\u043a\u0430\u0448\u043e\u043d.<\/li>\n\n\n\n<li><strong>1\u0422\u041f2\u0422:<\/strong><br>Place Meller au Pyla, Halte Nautique de Cazaux, Port de La Teste, Intermarch\u00e9 Les Miquelots, Pr\u00e9s sal\u00e9s Ouest, Espace d'accueil de la Dune du Pilat (+ \u0440\u0435\u043c\u043e\u043d\u0442)<\/li>\n\n\n\n<li><strong>\u0413\u0443\u0436\u0430\u043d-\u041c\u0435\u0441\u0442\u0440\u0430\u0441:<\/strong><br>\u041a\u043e\u043b\u044c\u0446\u0435\u0432\u0430\u044f \u0440\u0430\u0437\u0432\u044f\u0437\u043a\u0430 \u0428\u0430\u043d\u0442\u0435-\u0421\u0438\u0433\u0430\u043b\u0435, \u0441\u0442\u0430\u043d\u0446\u0438\u044f \u041b\u0430-\u042e\u043c, \u041b\u0430-\u0428\u0435\u043d\u0435\u0440\u0435, \u0437\u043e\u043d\u0430 \u043e\u0442\u0434\u044b\u0445\u0430, \u0441\u0442\u0430\u043d\u0446\u0438\u044f \u0413\u044e\u0436\u0430\u043d-\u041c\u0435\u0441\u0442\u0440\u0430\u0441 (\u0441\u0435\u0432\u0435\u0440 \u0438 \u044e\u0433), \u0440\u0430\u0442\u0443\u0448\u0430 \u0413\u044e\u0436\u0430\u043d-\u041c\u0435\u0441\u0442\u0440\u0430\u0441<\/li>\n\n\n\n<li><strong>1\u0422\u041f3\u0422:<\/strong><br>\u0420\u0430\u0442\u0443\u0448\u0430 \u041b\u0435-\u0422\u0435\u0439\u0445\u0430, \u0441\u0442\u0430\u043d\u0446\u0438\u044f SNCF, Super U, \u041f\u043e\u0440\u0442-\u0434\u044e-\u0422\u0435\u0439\u0448<\/li>\n<\/ul>\n<\/div>\n<\/div><\/div>\n\n\n\n<div class=\"wp-block-uagb-container uagb-block-9a502bd6 alignfull uagb-is-root-container\"><div class=\"uagb-container-inner-blocks-wrap\">\n<div class=\"wp-block-uagb-container uagb-block-68dec60e\">\n<h3 class=\"wp-block-heading\"><a href=\"https:\/\/coban-atlantique.fr\/la-coban\/services-equipements\/\" target=\"_blank\" rel=\"noopener\">\u041d\u0430 \u0421\u0435\u0432\u0435\u0440\u043d\u043e\u043c 1\u0422\u041f4\u0422: <\/a><\/h3>\n\n\n\n<ul class=\"wp-block-list\">\n<li><strong>\u0410\u043d\u0434\u0435\u0440\u043d\u043e\u0441 \u043b\u0435 \u0411\u0435\u043d:<\/strong><br>devant la m\u00e9diath\u00e8que avec un totem de r\u00e9paration, au March\u00e9 couvert et au Port ostr\u00e9icole<\/li>\n\n\n\n<li><strong>\u0410\u0440\u0435\u0441:<\/strong><br>Au PEI d&rsquo;Ar\u00e8s-L\u00e8ge avec un totem de r\u00e9paration, \u00e0 la halte de l&rsquo;ancienne gare, devant l&rsquo;Office de tourisme et devant l&rsquo;Espace Br\u00e9montier<\/li>\n\n\n\n<li><strong>\u041e\u0434\u0435\u043d\u0436:<\/strong><br>Au PEI de Cardolle avec un totem de r\u00e9paration, au bassin de baignade, au rond point du centre-ville et devant le complexe sportif Ballion<\/li>\n\n\n\n<li><strong>\u0411\u0438\u0433\u0430\u043d\u043e\u0441:<\/strong><br>Sur le parvis de la gare TER, au PEI avec totem de r\u00e9paration et \u00e0 l&rsquo;entr\u00e9e du Parc Charles Lecoq<\/li>\n\n\n\n<li><strong>\u041b\u044d\u043d\u0442\u043e\u043d:<\/strong><br>Office du tourisme Coeur de Bassin &#8211; 1 route du Stade (sur le parking), \u00e0 la halte de Cassy (All\u00e9e de la halte &#8211; sur la V\u00e9lodyss\u00e9e) et au bassin de baignade<\/li>\n\n\n\n<li><strong>\u041b\u0435\u0436 \u2013 \u041a\u0430\u043f-\u0424\u0435\u0440\u0440\u0435:<\/strong><br>\u00c0 l&rsquo;ancienne gare de L\u00e8ge, \u00e0 l&rsquo;Office de tourisme de Claouey, au port de la Vigne et \u00e0 l&rsquo;Office de tourisme de B\u00e9lisaire<\/li>\n\n\n\n<li><strong>\u041c\u0430\u0440\u043a\u0435\u0442\u043f\u0440\u0430\u0439\u043c:<\/strong><br>\u00c0 l&rsquo;\u00e9cole primaire Maurice FOGNET en centre-ville avec un totem de r\u00e9paration, devant la salle de La Caravelle et \u00e0 la gare TER<\/li>\n\n\n\n<li><strong>\u041c\u0438\u043e\u0441:<\/strong><br>Parvis du bureau de l&rsquo;office du tourisme (All\u00e9e de Val de San Vicente) et au Parc Birabeille avec un totem de r\u00e9paration.<\/li>\n<\/ul>\n<\/div>\n\n\n\n<div class=\"wp-block-uagb-container uagb-block-67e8edc7\">\n<figure class=\"wp-block-image size-large\"><img loading=\"lazy\" decoding=\"async\" width=\"506\" height=\"1024\" src=\"https:\/\/bassin-arcachon.com\/wp-content\/uploads\/2024\/11\/mobilier-type-62668ba9b5506298122291-1-506x1024.jpg\" alt=\"- - Bassin d&#039;Arcachon\" class=\"wp-image-98636\" title=\"- - Bassin d&#039;Arcachon\" srcset=\"https:\/\/bassin-arcachon.com\/wp-content\/uploads\/2024\/11\/mobilier-type-62668ba9b5506298122291-1-506x1024.jpg 506w, https:\/\/bassin-arcachon.com\/wp-content\/uploads\/2024\/11\/mobilier-type-62668ba9b5506298122291-1-297x600.jpg 297w, https:\/\/bassin-arcachon.com\/wp-content\/uploads\/2024\/11\/mobilier-type-62668ba9b5506298122291-1-768x1553.jpg 768w, https:\/\/bassin-arcachon.com\/wp-content\/uploads\/2024\/11\/mobilier-type-62668ba9b5506298122291-1-759x1536.jpg 759w, https:\/\/bassin-arcachon.com\/wp-content\/uploads\/2024\/11\/mobilier-type-62668ba9b5506298122291-1-1013x2048.jpg 1013w, https:\/\/bassin-arcachon.com\/wp-content\/uploads\/2024\/11\/mobilier-type-62668ba9b5506298122291-1-6x12.jpg 6w, https:\/\/bassin-arcachon.com\/wp-content\/uploads\/2024\/11\/mobilier-type-62668ba9b5506298122291-1.jpg 1024w\" sizes=\"auto, (max-width: 506px) 100vw, 506px\" \/><\/figure>\n<\/div>\n<\/div><\/div>\n\n\n\n<div class=\"wp-block-uagb-container uagb-block-4c786e10 alignfull uagb-is-root-container\"><div class=\"uagb-container-inner-blocks-wrap\">\n<h2 class=\"wp-block-heading\">2) \u0411\u0435\u0437\u043e\u043f\u0430\u0441\u043d\u0430\u044f \u043f\u0430\u0440\u043a\u043e\u0432\u043a\u0430 \u0434\u043b\u044f \u0432\u0435\u043b\u043e\u0441\u0438\u043f\u0435\u0434\u043e\u0432<\/h2>\n<\/div><\/div>\n\n\n\n<div class=\"wp-block-uagb-container uagb-block-0b113335 alignfull uagb-is-root-container\"><div class=\"uagb-container-inner-blocks-wrap\">\n<div class=\"wp-block-uagb-container uagb-block-e639cbfa\">\n<figure class=\"wp-block-image size-full\"><img loading=\"lazy\" decoding=\"async\" width=\"380\" height=\"285\" src=\"https:\/\/bassin-arcachon.com\/wp-content\/uploads\/2024\/11\/PEI-audenge-380x285-1.jpg\" alt=\"- - Bassin d&#039;Arcachon\" class=\"wp-image-98640\" title=\"- - Bassin d&#039;Arcachon\" srcset=\"https:\/\/bassin-arcachon.com\/wp-content\/uploads\/2024\/11\/PEI-audenge-380x285-1.jpg 380w, https:\/\/bassin-arcachon.com\/wp-content\/uploads\/2024\/11\/PEI-audenge-380x285-1-16x12.jpg 16w\" sizes=\"auto, (max-width: 380px) 100vw, 380px\" \/><\/figure>\n<\/div>\n<\/div><\/div>\n\n\n\n<div class=\"wp-block-uagb-container uagb-block-0d2dcc91 alignfull uagb-is-root-container\"><div class=\"uagb-container-inner-blocks-wrap\">\n<p><strong>\u0411\u0435\u0437\u043e\u043f\u0430\u0441\u043d\u0430\u044f \u043f\u0430\u0440\u043a\u043e\u0432\u043a\u0430 \u043b\u0443\u0447\u0448\u0435!<\/strong><\/p>\n\n\n\n<p>\u041e\u0445\u0440\u0430\u043d\u044f\u0435\u043c\u0430\u044f \u043f\u0430\u0440\u043a\u043e\u0432\u043a\u0430, \u043c\u0435\u0441\u0442\u0430 \u0434\u043b\u044f \u0432\u0435\u043b\u043e\u0441\u0438\u043f\u0435\u0434\u043e\u0432 \u0434\u043e\u0441\u0442\u0443\u043f\u043d\u044b:<\/p>\n\n\n\n<ul class=\"wp-block-list\">\n<li>\u041d\u0430 \u0441\u0442\u0430\u043d\u0446\u0438\u044f\u0445: <strong>Marcheprime, Biganos-Facture, Le Teich, Gujan-Mestras, <strong>\u041b\u0430 \u042e\u043c<\/strong> et Arcachon<\/strong>. \u0412 \u043a\u043e\u043d\u0435\u0447\u043d\u043e\u043c \u0438\u0442\u043e\u0433\u0435 \u0438\u043c \u0431\u0443\u0434\u0443\u0442 \u043e\u0441\u043d\u0430\u0449\u0435\u043d\u044b \u0432\u0441\u0435 \u0441\u0442\u0430\u043d\u0446\u0438\u0438.<\/li>\n\n\n\n<li>Sur les aires de covoiturage<strong> de Mios A660 <\/strong>\u0442\u0430\u043a \u0438 \u043d\u0430 \u0443\u0440\u043e\u0432\u043d\u0435<strong>arr\u00eat de bus Al\u00e9go, boulevard de l&rsquo;A\u00e9rium \u00e0 Ar\u00e8s.<\/strong><\/li>\n\n\n\n<li>\u041d\u0430 <strong>p\u00f4les d&rsquo;\u00e9changes intermodaux (PEI) d&rsquo;Audenge Cardolle<\/strong> (pr\u00e8s du camping du Braou) et<strong> d&rsquo;Ar\u00e8s-L\u00e8ge (intersection RD106\/RD3 \u00e0 Ar\u00e8s)<\/strong>. <\/li>\n\n\n\n<li>\u0412\u0435\u043b\u043e\u043f\u0430\u0440\u043a\u043e\u0432\u043a\u0430 \u0443 <strong>\u041c\u0443\u043b\u043b\u043e (\u0410\u0440\u043a\u0430\u0448\u043e\u043d)<\/strong><\/li>\n<\/ul>\n<\/div><\/div>\n\n\n\n<div class=\"wp-block-uagb-container uagb-block-40fa4ca0 alignfull uagb-is-root-container\"><div class=\"uagb-container-inner-blocks-wrap\">\n<h2 class=\"wp-block-heading\">3) \u041f\u043e\u043b\u0435\u0437\u043d\u043e \u0437\u043d\u0430\u0442\u044c: \u043f\u0443\u043d\u043a\u0442\u044b \u044d\u043b\u0435\u043a\u0442\u0440\u0438\u0447\u0435\u0441\u043a\u043e\u0439 \u043f\u043e\u0434\u0437\u0430\u0440\u044f\u0434\u043a\u0438<\/h2>\n<\/div><\/div>\n\n\n\n<div class=\"wp-block-uagb-container uagb-block-26b285ea alignfull uagb-is-root-container\"><div class=\"uagb-container-inner-blocks-wrap\">\n<p>\u041d\u0435\u0431\u043e\u043b\u044c\u0448\u043e\u0439 \u043f\u043e\u0440\u0442 \u0433.<strong>\u0410\u0440\u043a\u0430\u0448\u043e\u043d<\/strong> \u0438\u043b\u0438\u2019<strong>\u0422\u0443\u0440\u0438\u0441\u0442\u0438\u0447\u0435\u0441\u043a\u0438\u0439 \u043e\u0444\u0438\u0441 \u041b\u0435\u0436-\u041a\u0430\u043f-\u0424\u0435\u0440\u0440\u0435<\/strong>&nbsp;\u0412 \u041a\u043b\u0430\u0443\u0438 \u0435\u0441\u0442\u044c \u0442\u0435\u0440\u043c\u0438\u043d\u0430\u043b \u0434\u043b\u044f \u044d\u043b\u0435\u043a\u0442\u0440\u0438\u0447\u0435\u0441\u043a\u0438\u0445 \u0432\u0435\u043b\u043e\u0441\u0438\u043f\u0435\u0434\u043e\u0432.<\/p>\n\n\n\n<p><strong>\u0426\u0435\u043d\u0442\u0440 \u0434\u043b\u044f \u043f\u043e\u0441\u0435\u0442\u0438\u0442\u0435\u043b\u0435\u0439 \u0414\u044e\u043d-\u0434\u044e-\u041f\u0438\u043b\u0430\u0442\u0430<\/strong> \u043f\u0440\u0435\u0434\u043b\u0430\u0433\u0430\u0435\u0442 \u00ab\u0443\u0441\u0442\u0440\u043e\u0439\u0441\u0442\u0432\u043e \u0434\u043b\u044f \u043f\u043e\u0434\u0437\u0430\u0440\u044f\u0434\u043a\u0438 \u0430\u043a\u043a\u0443\u043c\u0443\u043b\u044f\u0442\u043e\u0440\u0430 \u044d\u043b\u0435\u043a\u0442\u0440\u0438\u0447\u0435\u0441\u043a\u043e\u0433\u043e \u0432\u0435\u043b\u043e\u0441\u0438\u043f\u0435\u0434\u0430\u00bb (\u0448\u0442\u0435\u043a\u0435\u0440\u044b \u0432\u043d\u0443\u0442\u0440\u0438 \u043f\u043e\u0434\u043a\u043b\u044e\u0447\u0435\u043d\u043d\u044b\u0445 \u0448\u043a\u0430\u0444\u0447\u0438\u043a\u043e\u0432).<\/p>\n\n\n\n<p><br><\/p>\n<\/div><\/div>\n\n\n\n<div class=\"wp-block-uagb-container uagb-block-d49d06d2 alignfull uagb-is-root-container\"><div class=\"uagb-container-inner-blocks-wrap\">\n<h2 class=\"wp-block-heading\">4) \u0427\u0442\u043e \u043f\u043e\u0441\u043e\u0432\u0435\u0442\u0443\u0435\u0442\u0435? \u041f\u0440\u043e\u043a\u043e\u043b? \u041f\u0440\u043e\u0436\u0438\u0432\u0430\u043d\u0438\u0435?<\/h2>\n<\/div><\/div>\n\n\n\n<div class=\"wp-block-uagb-container uagb-block-c50e29ba alignfull uagb-is-root-container\"><div class=\"uagb-container-inner-blocks-wrap\">\n<p>\u041d\u0430\u0448\u0438 \u043f\u0440\u043e\u0444\u0435\u0441\u0441\u0438\u043e\u043d\u0430\u043b\u044b <strong>\u00abAccueil V\u00e9lo\u00bb<\/strong> \u0437\u0434\u0435\u0441\u044c \u0434\u043b\u044f \u0432\u0430\u0441: <a href=\"https:\/\/www.francevelotourisme.com\/accueil-velo\" target=\"_blank\" rel=\"noopener\">https:\/\/www.francevelotourisme.com\/accueil-velo<\/a><\/p>\n\n\n\n<p><strong>\u041d\u041e\u0412\u0418\u041d\u041a\u0410 \u0432 \u0410\u0440\u0435\u0441\u0435 : <\/strong>LA GARE - \u0443\u043d\u0438\u0432\u0435\u0440\u0441\u0430\u043b\u044c\u043d\u044b\u0439 \u043c\u0430\u0433\u0430\u0437\u0438\u043d, \u043f\u0440\u0435\u0434\u043b\u0430\u0433\u0430\u044e\u0449\u0438\u0439 \u043c\u0430\u0441\u0442\u0435\u0440\u0441\u043a\u0443\u044e \u043f\u043e \u0440\u0435\u043c\u043e\u043d\u0442\u0443 \u0432\u0435\u043b\u043e\u0441\u0438\u043f\u0435\u0434\u043e\u0432 \u0434\u043b\u044f \u043b\u044e\u0434\u0435\u0439, \u043f\u0440\u043e\u0435\u0437\u0436\u0430\u044e\u0449\u0438\u0445 \u0447\u0435\u0440\u0435\u0437 \u044d\u0442\u043e\u0442 \u0440\u0430\u0439\u043e\u043d. \u0423\u0437\u043d\u0430\u0439\u0442\u0435 \u0431\u043e\u043b\u044c\u0448\u0435 \u0437\u0434\u0435\u0441\u044c: <a href=\"https:\/\/www.facebook.com\/lagareares\/\" target=\"_blank\" rel=\"noopener\">https:\/\/www.facebook.com\/lagareares\/<\/a><\/p>\n<\/div><\/div>\n\n\n\n<div class=\"wp-block-uagb-container uagb-block-ebfe10dc alignfull uagb-is-root-container\"><div class=\"uagb-container-inner-blocks-wrap\">\n<h2 class=\"wp-block-heading\">5) \u0412 \u0441\u043b\u0443\u0447\u0430\u0435 \u043b\u0435\u0441\u043d\u044b\u0445 \u043f\u043e\u0436\u0430\u0440\u043e\u0432 <\/h2>\n\n\n\n<p>\u041b\u0435\u0442\u043e\u043c, <strong>\u0442\u0430\u043c, \u0433\u0434\u0435 \u0441\u0443\u0449\u0435\u0441\u0442\u0432\u0443\u0435\u0442 \u0440\u0438\u0441\u043a \u043b\u0435\u0441\u043d\u044b\u0445 \u043f\u043e\u0436\u0430\u0440\u043e\u0432, \u0432\u0435\u043b\u043e\u0441\u0438\u043f\u0435\u0434\u043d\u044b\u0435 \u0434\u043e\u0440\u043e\u0436\u043a\u0438 \u043c\u043e\u0433\u0443\u0442 \u0431\u044b\u0442\u044c \u0437\u0430\u043a\u0440\u044b\u0442\u044b<\/strong>. \u041f\u0440\u043e\u0432\u0435\u0440\u044c\u0442\u0435 \u043e\u0444\u0438\u0446\u0438\u0430\u043b\u044c\u043d\u0443\u044e \u0438\u043d\u0444\u043e\u0440\u043c\u0430\u0446\u0438\u044e: <a href=\"https:\/\/qr.dfci-aquitaine.fr\/p\/dc7aBiOioS?utm_source=qrcode&amp;utm_medium=link-list&amp;utm_campaign=40434135\" target=\"_blank\" rel=\"noopener\">https:\/\/qr.dfci-aquitaine.fr\/p\/dc7aBiOioS?utm_source=qrcode&amp;utm_medium=link-list&amp;utm_campaign=40434135<\/a><\/p>\n<\/div><\/div>\n\n\n\n<div class=\"wp-block-uagb-container uagb-block-907b103f alignfull uagb-is-root-container\"><div class=\"uagb-container-inner-blocks-wrap\"><\/div><\/div>","protected":false},"excerpt":{"rendered":"<p>Sur cette page, retrouvez toutes les informations utiles et pratiques pour r\u00e9aliser vos d\u00e9placements \u00e0 v\u00e9lo dans les meilleures conditions. 1) Les pompes de gonflage en libre-service Sur le Sud-Bassin [&hellip;]<\/p>\n","protected":false},"author":25,"featured_media":223651,"parent":0,"menu_order":0,"comment_status":"closed","ping_status":"closed","template":"","meta":{"_acf_changed":false,"_uag_custom_page_level_css":"","footnotes":""},"class_list":["post-98630","page","type-page","status-publish","has-post-thumbnail","hentry"],"acf":[],"uagb_featured_image_src":{"full":["https:\/\/bassin-arcachon.com\/wp-content\/uploads\/2026\/01\/2015_HD_Viree-velo-Bassin_BIETTE-10-scaled-1.jpg",2560,1707,false],"thumbnail":["https:\/\/bassin-arcachon.com\/wp-content\/uploads\/2026\/01\/2015_HD_Viree-velo-Bassin_BIETTE-10-scaled-1-150x150.jpg",150,150,true],"medium":["https:\/\/bassin-arcachon.com\/wp-content\/uploads\/2026\/01\/2015_HD_Viree-velo-Bassin_BIETTE-10-scaled-1-600x400.jpg",600,400,true],"medium_large":["https:\/\/bassin-arcachon.com\/wp-content\/uploads\/2026\/01\/2015_HD_Viree-velo-Bassin_BIETTE-10-scaled-1-768x512.jpg",768,512,true],"large":["https:\/\/bassin-arcachon.com\/wp-content\/uploads\/2026\/01\/2015_HD_Viree-velo-Bassin_BIETTE-10-scaled-1-1024x683.jpg",1024,683,true],"1536x1536":["https:\/\/bassin-arcachon.com\/wp-content\/uploads\/2026\/01\/2015_HD_Viree-velo-Bassin_BIETTE-10-scaled-1-1536x1024.jpg",1536,1024,true],"2048x2048":["https:\/\/bassin-arcachon.com\/wp-content\/uploads\/2026\/01\/2015_HD_Viree-velo-Bassin_BIETTE-10-scaled-1-2048x1366.jpg",2048,1366,true],"trp-custom-language-flag":["https:\/\/bassin-arcachon.com\/wp-content\/uploads\/2026\/01\/2015_HD_Viree-velo-Bassin_BIETTE-10-scaled-1-18x12.jpg",18,12,true]},"uagb_author_info":{"display_name":"Marie Clauzel","author_link":"https:\/\/bassin-arcachon.com\/ru\/author\/mariesiba\/"},"uagb_comment_info":0,"uagb_excerpt":"Sur cette page, retrouvez toutes les informations utiles et pratiques pour r\u00e9aliser vos d\u00e9placements \u00e0 v\u00e9lo dans les meilleures conditions. 1) Les pompes de gonflage en libre-service Sur le Sud-Bassin [&hellip;]","_links":{"self":[{"href":"https:\/\/bassin-arcachon.com\/ru\/wp-json\/wp\/v2\/pages\/98630","targetHints":{"allow":["GET"]}}],"collection":[{"href":"https:\/\/bassin-arcachon.com\/ru\/wp-json\/wp\/v2\/pages"}],"about":[{"href":"https:\/\/bassin-arcachon.com\/ru\/wp-json\/wp\/v2\/types\/page"}],"author":[{"embeddable":true,"href":"https:\/\/bassin-arcachon.com\/ru\/wp-json\/wp\/v2\/users\/25"}],"replies":[{"embeddable":true,"href":"https:\/\/bassin-arcachon.com\/ru\/wp-json\/wp\/v2\/comments?post=98630"}],"version-history":[{"count":35,"href":"https:\/\/bassin-arcachon.com\/ru\/wp-json\/wp\/v2\/pages\/98630\/revisions"}],"predecessor-version":[{"id":244851,"href":"https:\/\/bassin-arcachon.com\/ru\/wp-json\/wp\/v2\/pages\/98630\/revisions\/244851"}],"wp:featuredmedia":[{"embeddable":true,"href":"https:\/\/bassin-arcachon.com\/ru\/wp-json\/wp\/v2\/media\/223651"}],"wp:attachment":[{"href":"https:\/\/bassin-arcachon.com\/ru\/wp-json\/wp\/v2\/media?parent=98630"}],"curies":[{"name":"WP","href":"https:\/\/api.w.org\/{rel}","templated":true}]}}