{"id":111,"date":"2017-02-07T16:13:30","date_gmt":"2017-02-07T15:13:30","guid":{"rendered":"https:\/\/bassin-arcachon.com\/\/?page_id=111"},"modified":"2024-05-13T17:29:48","modified_gmt":"2024-05-13T15:29:48","slug":"%e9%98%bf%e5%8d%a1%e9%9b%84","status":"publish","type":"page","link":"https:\/\/bassin-arcachon.com\/zh\/nos-villes-et-villages\/arcachon\/","title":{"rendered":"\u963f\u5361\u96c4"},"content":{"rendered":"<div class=\"wp-block-uagb-container uagb-block-e72b4fc9 alignfull uagb-is-root-container\"><div class=\"uagb-container-inner-blocks-wrap\">\n<div class=\"wp-block-uagb-container uagb-block-596830f3\">\n<div class=\"wp-block-uagb-image uagb-block-29829e90 wp-block-uagb-image--layout-default wp-block-uagb-image--effect-static wp-block-uagb-image--align-none\"><figure class=\"wp-block-uagb-image__figure\"><img decoding=\"async\" srcset=\"https:\/\/bassin-arcachon.com\/wp-content\/uploads\/2017\/02\/mini-map-arcachon.jpg \" sizes=\"auto, (max-width: 480px) 150px\" src=\"https:\/\/bassin-arcachon.com\/wp-content\/uploads\/2017\/02\/mini-map-arcachon.jpg\" alt=\"- - Bassin d&#039;Arcachon\" class=\"uag-image-1913\" width=\"278\" height=\"278\" title=\"- - Bassin d&#039;Arcachon\" loading=\"lazy\" role=\"img\"><\/figure><\/div>\n\n\n\n<h2 class=\"wp-block-heading\">Arcachon \u811a\u5728\u6c34\u4e2d<\/h2>\n\n\n\n<p>Arcachon \u4e00\u5e74\u56db\u5b63\u90fd\u53ef\u4ee5\u53d1\u73b0\uff0c\u751a\u81f3\u5206\u4e3a 4 \u4e2a\u5b63\u8282\uff01\u5feb\u6765\u53d1\u73b0\u5b83\u7684\u590f\u65e5\u4e4b\u57ce\uff0c\u5b83\u7684&nbsp;<a href=\"https:\/\/bassin-arcachon.com\/zh\/%e6%88%91%e4%bb%ac%e7%9a%84%e5%bf%85%e9%9c%80%e5%93%81\/%e7%a0%81%e5%a4%b4\/\">\u7f8e\u4e3d\u7684\u7801\u5934<\/a>&nbsp;\u53ca\u5176\u7e41\u534e\u7684\u5e02\u4e2d\u5fc3\uff1b\u548c&nbsp;<a href=\"https:\/\/bassin-arcachon.com\/zh\/%e6%88%91%e4%bb%ac%e7%9a%84%e5%bf%85%e9%9c%80%e5%93%81\/%e5%86%ac%e5%ad%a3%e5%b0%8f%e9%95%87\/\">\u51ac\u5b63\u5c0f\u9547<\/a>&nbsp;\u4ee5\u5176\u5947\u5999\u7684\u5178\u578b 19 \u4e16\u7eaa\u522b\u5885\u3002<\/p>\n\n\n\n<p>Ville d&#039;Automne \u5c06\u5e26\u60a8\u524d\u5f80\u6e2f\u53e3\u548c Aiguillon \u6e14\u533a\uff0c\u800c Ville de Printemps \u5c06\u5e26\u60a8\u524d\u5f80 Source des Abatilles\u3001Plage Pereire \u548c\u5145\u6ee1\u6d3b\u529b\u7684 Moulleau \u533a\u3002<\/p>\n\n\n\n<p>\u6b22\u8fce\u6765\u5230&nbsp;<strong>\u963f\u5361\u96c4<\/strong>&nbsp;\uff01\u8003\u8651\u9884\u8ba2\u5ea6\u5047\u79df\u8d41 <a href=\"https:\/\/bassin-arcachon.com\/zh\/%e6%88%96%e7%9d%a1%e8%a7%89\/%e7%a7%9f%e9%87%91\/%e6%88%91%e4%bb%ac%e5%9c%a8%e9%98%bf%e5%8d%a1%e9%9b%84%e7%9a%84%e5%ba%a6%e5%81%87%e5%87%ba%e7%a7%9f%e5%b1%8b\/\">\u8fd9\u91cc<\/a> ! <\/p>\n<\/div>\n\n\n\n<div class=\"wp-block-uagb-container uagb-block-1220d86a\">\n<div class=\"wp-block-uagb-image uagb-block-2cc92cb2 wp-block-uagb-image--layout-default wp-block-uagb-image--effect-static wp-block-uagb-image--align-none\"><figure class=\"wp-block-uagb-image__figure\"><img decoding=\"async\" srcset=\"https:\/\/bassin-arcachon.com\/wp-content\/uploads\/2018\/07\/Plage-Pereire-Arcachon.jpg \" sizes=\"auto, (max-width: 480px) 150px\" src=\"https:\/\/bassin-arcachon.com\/wp-content\/uploads\/2018\/07\/Plage-Pereire-Arcachon.jpg\" alt=\"- - Bassin d&#039;Arcachon\" class=\"uag-image-23988\" width=\"631\" height=\"797\" title=\"- - Bassin d&#039;Arcachon\" loading=\"lazy\" role=\"img\"><\/figure><\/div>\n<\/div>\n<\/div><\/div>\n\n\n\n<div style=\"height:40px\" aria-hidden=\"true\" class=\"wp-block-spacer\"><\/div>\n\n\n\n<div class=\"wp-block-uagb-container uagb-block-576910ea alignfull uagb-is-root-container\"><div class=\"uagb-container-inner-blocks-wrap\">\n<div class=\"wp-block-uagb-container uagb-block-5719ced9\">\n<div class=\"wp-block-uagb-image uagb-block-73255a25 wp-block-uagb-image--layout-default wp-block-uagb-image--effect-static wp-block-uagb-image--align-none\"><figure class=\"wp-block-uagb-image__figure\"><img decoding=\"async\" srcset=\"\" sizes=\"auto, (max-width: 480px) 150px\" src=\"https:\/\/bassin-arcachon.com\/wp-content\/uploads\/2018\/07\/jet\u00e9e-du-moulleau-1024x683.jpg\" alt=\"- - Bassin d&#039;Arcachon\" class=\"uag-image-24836\" width=\"1024\" height=\"683\" title=\"- - Bassin d&#039;Arcachon\" loading=\"lazy\" role=\"img\" data-srcset=\"\"><\/figure><\/div>\n<\/div>\n\n\n\n<div class=\"wp-block-uagb-container uagb-block-26a62c85\">\n<h2 class=\"wp-block-heading\">\u6cbf\u7740\u963f\u5361\u96c4\u7684\u7801\u5934\u6f2b\u6b65<\/h2>\n\n\n\n<p>\u7801\u5934<strong>\u57c3\u62c9\u514b<\/strong>, \u7801\u5934&nbsp;<strong>\u68af\u4e5f\u5c14<\/strong>, \u7684\u7801\u5934&nbsp;<strong>\u6559\u5802<\/strong>&nbsp;\u6216\u90a3\u4e2a&nbsp;<strong>\u7a46\u6d1b<\/strong>\uff0c\u8fd9\u4e9b\u5f53\u5730\u4eba\u719f\u77e5\u7684\u5730\u65b9\u662f\u963f\u5361\u96c4\u7684\u8c61\u5f81\u3002<\/p>\n\n\n\n<p><a href=\"https:\/\/bassin-arcachon.com\/zh\/%e9%aa%91%e8%87%aa%e8%a1%8c%e8%bd%a6-2\/\">\u9a91\u4e0a\u81ea\u884c\u8f66<\/a>&nbsp;\u4e00\u5929\u4e2d\u7684\u65f6\u95f4\u53bb\u53d1\u73b0\u5b83\u4eec\uff0c\u4e0d\u8981\u5fd8\u8bb0\u76f8\u673a\uff0c\u56e0\u4e3a\u6bcf\u4e2a\u5730\u65b9\u7684\u98ce\u666f\u90fd\u662f\u72ec\u4e00\u65e0\u4e8c\u7684&nbsp;<strong>\u963f\u5361\u96c4\u7801\u5934<\/strong>.<\/p>\n<\/div>\n<\/div><\/div>\n\n\n\n<div style=\"height:40px\" aria-hidden=\"true\" class=\"wp-block-spacer\"><\/div>\n\n\n\n<div class=\"wp-block-uagb-container uagb-block-31588b29 alignfull uagb-is-root-container\"><div class=\"uagb-container-inner-blocks-wrap\">\n<div class=\"wp-block-uagb-container uagb-block-ead86c22\">\n<h2 class=\"wp-block-heading\">\u5728\u963f\u5361\u96c4\u51ac\u5b63\u5c0f\u9547\u6563\u6b65\u548c\u6f2b\u6b65<\/h2>\n\n\n\n<p>\u8fd9&nbsp;<a href=\"https:\/\/bassin-arcachon.com\/zh\/%e6%88%91%e4%bb%ac%e7%9a%84%e5%bf%85%e9%9c%80%e5%93%81\/%e5%86%ac%e5%ad%a3%e5%b0%8f%e9%95%87\/\">\u51ac\u5b63\u5c0f\u9547<\/a>&nbsp;\u662fArcachon \u5b81\u9759\u7684\u5c0f\u89d2\u843d\u3002\u51fa\u53d1\u5730&nbsp;<strong>\u6469\u5c14\u516c\u56ed<\/strong>\uff0c\u5728\u873f\u8712\u66f2\u6298\u7684\u8ff7\u4eba\u8ff7\u5bab\u4e2d\uff0c\u6709\u8fd9\u5ea7\u57ce\u5e02\u6700\u6f02\u4eae\u7684\u623f\u5b50\u3002\u82b1\u51e0\u4e2a\u5c0f\u65f6\u5728\u90a3\u91cc\u8ff7\u8def\uff0c\u8fd9\u5c31\u662f\u60a8\u9047\u5230\u6700\u8ff7\u4eba\u522b\u5885\u7684\u65b9\u5f0f\uff01\u4e0d\u8981\u72b9\u8c6b\uff0c\u4ece\u65c5\u6e38\u5c40\u62ff\u8d70 Ville d&#039;Hiver \u7684\u5730\u56fe\u3002<\/p>\n<\/div>\n\n\n\n<div class=\"wp-block-uagb-container uagb-block-23b24d68\">\n<div class=\"wp-block-uagb-image uagb-block-635b8cbd wp-block-uagb-image--layout-default wp-block-uagb-image--effect-static wp-block-uagb-image--align-none\"><figure class=\"wp-block-uagb-image__figure\"><img decoding=\"async\" srcset=\"\" sizes=\"auto, (max-width: 480px) 150px\" src=\"https:\/\/bassin-arcachon.com\/wp-content\/uploads\/2018\/07\/Discover-la-Ville-dHiver.jpg\" alt=\"- - Bassin d&#039;Arcachon\" class=\"uag-image-23422\" width=\"1024\" height=\"682\" title=\"- - Bassin d&#039;Arcachon\" loading=\"lazy\" role=\"img\" data-srcset=\"\"><\/figure><\/div>\n<\/div>\n<\/div><\/div>\n\n\n\n<div style=\"height:40px\" aria-hidden=\"true\" class=\"wp-block-spacer\"><\/div>\n\n\n\n<div class=\"wp-block-uagb-container uagb-block-026e7f24 alignfull uagb-is-root-container\"><div class=\"uagb-container-inner-blocks-wrap\">\n<figure class=\"wp-block-pullquote\" style=\"border-radius:0px;border-top-style:none;border-top-width:0px;border-right-style:none;border-right-width:0px;border-bottom-style:none;border-bottom-width:0px;border-left-width:2px\"><blockquote><p>\u8fd9\u91cc\u9690\u85cf\u7740\u963f\u5361\u96c4\u7684\u201c\u827e\u83f2\u5c14\u94c1\u5854\u201d\u3002 Sainte-C\u00e9cile \u5929\u6587\u53f0\u63d0\u4f9b\u57ce\u5e02\u5168\u666f\uff01<\/p><\/blockquote><\/figure>\n<\/div><\/div>\n\n\n\n<div style=\"height:20px\" aria-hidden=\"true\" class=\"wp-block-spacer\"><\/div>\n\n\n\n<div class=\"wp-block-uagb-container uagb-block-b6ff30d3 alignfull uagb-is-root-container\"><div class=\"uagb-container-inner-blocks-wrap\">\n<div class=\"wp-block-uagb-container uagb-block-2abfb3cf\">\t\t\t\t\t<div\n\t\t\t\t\t\tclass=\"wp-block-uagb-image-gallery uagb-block-d0b18a44\"\n\t\t\t\t\t\tstyle=\"\"\n\t\t\t\t\t>\n\t\t\t\t\t\t\t\t\t\t\t<div class=\"spectra-image-gallery spectra-image-gallery__layout--carousel\">\n\t\t\t\t\t\t\t\t<div class=\"uagb-slick-carousel uagb-block-d0b18a44\">\n\t\t\t\t\t\t\t\t\t\t\t\t<div class='spectra-image-gallery__media-wrapper' data-spectra-gallery-image-id='35222'>\n\t\t\t\t\t\t\t<div class=\"spectra-image-gallery__media spectra-image-gallery__media--carousel\">\n\t\t\t\t<picture>\n\t\t\t\t\t<source media=\"(min-width: 1024px)\" srcset=\"https:\/\/bassin-arcachon.com\/wp-content\/uploads\/2019\/06\/observatoire-saint-c\u00e9cile-arcachon-683x1024.jpg\">\n\t\t\t\t\t<source media=\"(min-width: 768px)\" srcset=\"https:\/\/bassin-arcachon.com\/wp-content\/uploads\/2019\/06\/observatoire-saint-c\u00e9cile-arcachon-683x1024.jpg\">\n\t\t\t\t\t<img decoding=\"async\" class=\"spectra-image-gallery__media-thumbnail spectra-image-gallery__media-thumbnail--carousel\" src=\"https:\/\/bassin-arcachon.com\/wp-content\/uploads\/2019\/06\/observatoire-saint-c\u00e9cile-arcachon-200x300.jpg\" alt=\"- - Bassin d&#039;Arcachon\" loading=\"lazy\" title=\"- - Bassin d&#039;Arcachon\">\n\t\t\t\t<\/picture>\n\t\t\t\t<div class=\"spectra-image-gallery__media-thumbnail-blurrer\"><\/div>\n\t\t\t\t\t\t\t\t\t\t\t<div class=\"spectra-image-gallery__media-thumbnail-caption-wrapper spectra-image-gallery__media-thumbnail-caption-wrapper--overlay\"><\/div>\n\t\t\t\t\t\t\t\t<\/div>\n\t\t\t\t\t\t<\/div>\n\t\t\t\t\t\t<div class='spectra-image-gallery__media-wrapper' data-spectra-gallery-image-id='35224'>\n\t\t\t\t\t\t\t<div class=\"spectra-image-gallery__media spectra-image-gallery__media--carousel\">\n\t\t\t\t<picture>\n\t\t\t\t\t<source media=\"(min-width: 1024px)\" srcset=\"https:\/\/bassin-arcachon.com\/wp-content\/uploads\/2019\/06\/arcachon-depuis-lobservatoire-sainte-cecile-683x1024.jpg\">\n\t\t\t\t\t<source media=\"(min-width: 768px)\" srcset=\"https:\/\/bassin-arcachon.com\/wp-content\/uploads\/2019\/06\/arcachon-depuis-lobservatoire-sainte-cecile-683x1024.jpg\">\n\t\t\t\t\t<img decoding=\"async\" class=\"spectra-image-gallery__media-thumbnail spectra-image-gallery__media-thumbnail--carousel\" src=\"https:\/\/bassin-arcachon.com\/wp-content\/uploads\/2019\/06\/arcachon-depuis-lobservatoire-sainte-cecile-200x300.jpg\" alt=\"- - Bassin d&#039;Arcachon\" loading=\"lazy\" title=\"- - Bassin d&#039;Arcachon\">\n\t\t\t\t<\/picture>\n\t\t\t\t<div class=\"spectra-image-gallery__media-thumbnail-blurrer\"><\/div>\n\t\t\t\t\t\t\t\t\t\t\t<div class=\"spectra-image-gallery__media-thumbnail-caption-wrapper spectra-image-gallery__media-thumbnail-caption-wrapper--overlay\"><\/div>\n\t\t\t\t\t\t\t\t<\/div>\n\t\t\t\t\t\t<\/div>\n\t\t\t\t\t\t<div class='spectra-image-gallery__media-wrapper' data-spectra-gallery-image-id='23675'>\n\t\t\t\t\t\t\t<div class=\"spectra-image-gallery__media spectra-image-gallery__media--carousel\">\n\t\t\t\t<picture>\n\t\t\t\t\t<source media=\"(min-width: 1024px)\" srcset=\"https:\/\/bassin-arcachon.com\/wp-content\/uploads\/2018\/07\/Balade-sur-leau-Bassin-Arcachon.jpg\">\n\t\t\t\t\t<source media=\"(min-width: 768px)\" srcset=\"https:\/\/bassin-arcachon.com\/wp-content\/uploads\/2018\/07\/Balade-sur-leau-Bassin-Arcachon.jpg\">\n\t\t\t\t\t<img decoding=\"async\" class=\"spectra-image-gallery__media-thumbnail spectra-image-gallery__media-thumbnail--carousel\" src=\"https:\/\/bassin-arcachon.com\/wp-content\/uploads\/2018\/07\/Balade-sur-leau-Bassin-Arcachon-450x300.jpg\" alt=\"- - Bassin d&#039;Arcachon\" loading=\"lazy\" title=\"- - Bassin d&#039;Arcachon\">\n\t\t\t\t<\/picture>\n\t\t\t\t<div class=\"spectra-image-gallery__media-thumbnail-blurrer\"><\/div>\n\t\t\t\t\t\t\t\t\t\t\t<div class=\"spectra-image-gallery__media-thumbnail-caption-wrapper spectra-image-gallery__media-thumbnail-caption-wrapper--overlay\"><\/div>\n\t\t\t\t\t\t\t\t<\/div>\n\t\t\t\t\t\t<\/div>\n\t\t\t\t\t\t\t\t\t\t\t<\/div>\n\t\t\t\t\t\t\t<\/div>\n\t\t\t\t\t\t\t\t\t\t\t<\/div>\n\t\t\t\t\t\t\t\t\t<\/div>\n\n\n\n<div class=\"wp-block-uagb-container uagb-block-8da6f29a\">\n<h2 class=\"wp-block-heading\">\u4e58\u5750 Bassin \u7a7f\u8d8a\u6216\u4e58\u8239\u6e38\u89c8<\/h2>\n\n\n\n<p>\u5168\u5e74\uff0c\u4ece\u963f\u5361\u96c4\u7684\u68af\u4e5f\u5c14\u7801\u5934\u51fa\u53d1\uff0c\u4ece\u963f\u5361\u96c4\u7a7f\u8d8a Bassin \u516c\u8def\u524d\u5f80\u8d39\u96f7\u89d2\uff0c\u6216\u524d\u5f80\u8457\u540d\u7684&nbsp;<a href=\"https:\/\/bassin-arcachon.com\/zh\/%e6%88%91%e4%bb%ac%e7%9a%84%e5%bf%85%e9%9c%80%e5%93%81\/the-cabanes-thanquees\/\" target=\"_blank\" rel=\"noreferrer noopener\">Tchanqu\u00e9es \u4e0a\u7684\u5c0f\u5c4b<\/a>. 7-8\u6708\uff0c\u524d\u5f80 <a href=\"https:\/\/bassin-arcachon.com\/zh\/%e6%88%91%e4%bb%ac%e7%9a%84%e5%9f%8e%e5%b8%82%e5%92%8c%e6%9d%91%e5%ba%84\/%e5%ae%89%e5%be%b7%e8%af%ba%e8%8e%b1%e7%8f%ad\/\" data-type=\"page\" data-id=\"339\">\u5b89\u5fb7\u8bfa\u83b1\u73ed<\/a> \u6216\u5728&nbsp;<a href=\"https:\/\/bassin-arcachon.com\/zh\/%e6%88%91%e4%bb%ac%e7%9a%84%e5%bf%85%e9%9c%80%e5%93%81\/%e9%93%b6%e8%a1%8c%e8%be%be%e9%87%91\/\">\u963f\u5c14\u91d1\u94f6\u884c<\/a>.<\/p>\n\n\n\n<p>\u54a8\u8be2\u7684&nbsp;<a href=\"https:\/\/bateliers-arcachon.com\/navettes\/arcachon-cap-ferret\/\" target=\"_blank\" rel=\"noreferrer noopener\">\u7a7f\u8d8a\u65f6\u95f4<\/a>&nbsp;\u5728 Arcachon \u7684 Bassin \u4e0a\u51c6\u5907\u771f\u6b63\u7684\u5047\u671f\u3002<\/p>\n<\/div>\n<\/div><\/div>\n\n\n\n<div style=\"height:60px\" aria-hidden=\"true\" class=\"wp-block-spacer\"><\/div>\n\n\n\n<div class=\"wp-block-uagb-container uagb-block-a8dec0e8 alignfull uagb-is-root-container\"><div class=\"uagb-container-inner-blocks-wrap\">\n<div class=\"wp-block-uagb-container uagb-block-69e277a2\">\n<h2 class=\"wp-block-heading\">\u6f2b\u6b65\u5728\u6e14\u6c11\u533a l&#039;Aiguillon<\/h2>\n\n\n\n<p>Aiguillon \u533a\u662f\u6211\u4eec\u5728 Arcachon \u7684\u79d8\u5bc6\u89d2\u843d\u3002\u8272\u5f69\u7f24\u7eb7\u7684\u5c0f\u5c4b\u4ecd\u5728\u4f7f\u7528\uff0c\u60a8\u4e0d\u80fd\u9519\u8fc7\u8fd9\u4e2a\u5145\u6ee1\u9b45\u529b\u7684\u4e0a\u955c\u4e4b\u5730\u3002<\/p>\n\n\n\n<p>\u6f2b\u6b65\u65f6\uff0c\u5728\u8be5\u5730\u533a\u552f\u4e00\u7684\u7261\u86ce\u5c0f\u5c4b\uff1aCabane de l&#039;Aiguillon \u5c0f\u61a9\u7247\u523b\uff01<\/p>\n<\/div>\n\n\n\n<div class=\"wp-block-uagb-container uagb-block-6eec8bcd\">\n<div class=\"wp-block-uagb-image uagb-block-45097359 wp-block-uagb-image--layout-default wp-block-uagb-image--effect-static wp-block-uagb-image--align-none\"><figure class=\"wp-block-uagb-image__figure\"><img decoding=\"async\" srcset=\"https:\/\/bassin-arcachon.com\/wp-content\/uploads\/2017\/03\/quartier-aiguillon-arcachon-1024x683.jpg \" sizes=\"auto, (max-width: 480px) 150px\" src=\"https:\/\/bassin-arcachon.com\/wp-content\/uploads\/2017\/03\/quartier-aiguillon-arcachon-1024x683.jpg\" alt=\"- - Bassin d&#039;Arcachon\" class=\"uag-image-24552\" width=\"1024\" height=\"683\" title=\"- - Bassin d&#039;Arcachon\" loading=\"lazy\" role=\"img\"><\/figure><\/div>\n<\/div>\n<\/div><\/div>\n\n\n\n<div style=\"height:40px\" aria-hidden=\"true\" class=\"wp-block-spacer\"><\/div>\n\n\n\n<div class=\"wp-block-uagb-container uagb-block-75f2d821 alignfull uagb-is-root-container\"><div class=\"uagb-container-inner-blocks-wrap\">\n<div class=\"wp-block-uagb-container uagb-block-4616a241\">\n<div class=\"wp-block-uagb-image uagb-block-6b5c19d5 wp-block-uagb-image--layout-default wp-block-uagb-image--effect-static wp-block-uagb-image--align-none\"><figure class=\"wp-block-uagb-image__figure\"><img decoding=\"async\" srcset=\"https:\/\/bassin-arcachon.com\/wp-content\/uploads\/2017\/02\/Pereire-arcachon-plage-1024x683.jpg \" sizes=\"auto, (max-width: 480px) 150px\" src=\"https:\/\/bassin-arcachon.com\/wp-content\/uploads\/2017\/02\/Pereire-arcachon-plage-1024x683.jpg\" alt=\"- - Bassin d&#039;Arcachon\" class=\"uag-image-23756\" width=\"1024\" height=\"683\" title=\"- - Bassin d&#039;Arcachon\" loading=\"lazy\" role=\"img\"><\/figure><\/div>\n<\/div>\n\n\n\n<div class=\"wp-block-uagb-container uagb-block-7cec3277\">\n<h2 class=\"wp-block-heading\">\u5728\u963f\u5361\u96c4\u7684 Pereire \u548c Moulleau \u6d77\u6ee9\u4e0a\u653e\u677e\u8eab\u5fc3<\/h2>\n\n\n\n<p>\u5728\u590f\u57ce\u8d2d\u7269\u4e00\u5929\u540e\uff0c\u524d\u5f80\u6d77\u6ee9\u5ea6\u8fc7\u4e00\u4e2a\u771f\u6b63\u7684\u5047\u671f\u4e0b\u5348\u3002\u5c06\u6bdb\u5dfe\u94fa\u5728 Pereire \u6d77\u6ee9\u6216 Moulleau \u6d77\u6ee9\u4e0a\u3002\u4ece\u540e\u8005\uff0c\u60a8\u5c06\u6b23\u8d4f\u5230\u4ee4\u4eba\u53f9\u4e3a\u89c2\u6b62\u7684\u666f\u8272&nbsp;<a href=\"http:\/\/bassin-arcachon.com\/zh\/%e6%88%91%e4%bb%ac%e7%9a%84%e5%bf%85%e9%9c%80%e5%93%81\/%e7%9a%ae%e6%8b%89%e7%89%b9%e6%b2%99%e4%b8%98\/\">\u76ae\u62c9\u7279\u6c99\u4e18<\/a>. Pereire \u6d77\u6ee9\u4e24\u65c1\u79cd\u7740\u677e\u6811\uff0c\u975e\u5e38\u9002\u5408\u6b23\u8d4f\u65e5\u843d\u6216\u9000\u6f6e\u65f6\u5728\u5de8\u5927\u7684\u6c99\u6d32\u4e0a\u6563\u6b65\uff0c\u53ef\u4ee5\u770b\u5230\u2026\u2026<\/p>\n<\/div>\n<\/div><\/div>\n\n\n\n<div style=\"height:60px\" aria-hidden=\"true\" class=\"wp-block-spacer\"><\/div>\n\n\n\n<div class=\"wp-block-uagb-container uagb-block-e2a2c9bd alignfull uagb-is-root-container\"><div class=\"uagb-container-inner-blocks-wrap\">\n<div class=\"wp-block-uagb-container uagb-block-3d939de5\">\n<h2 class=\"wp-block-heading\">\u4eab\u53d7 Arcachonnaises \u4e4b\u591c<\/h2>\n\n\n\n<p>Arcachon \u4e5f\u5728\u665a\u4e0a\u632f\u52a8\u3002\u5728\u3002\u3002\u4e4b\u95f4&nbsp;<a href=\"https:\/\/www.arcachon.com\/culture\/\" target=\"_blank\" rel=\"noreferrer noopener\">\u5965\u6797\u5339\u4e9a\u5267\u9662<\/a>, \u7535\u5f71\u9662,&nbsp;<a href=\"http:\/\/www.zebrearcachon.fr\/cafe-theatre\/\" target=\"_blank\" rel=\"noreferrer noopener\">Z\u00e8bre \u5496\u5561\u9986\u5267\u9662<\/a>, \u590f\u5b63\u5728 Festival Arcachon en Sc\u00e8ne \u671f\u95f4\u5728 V\u00e9lodrome \u4e3e\u884c\u7684\u97f3\u4e50\u4f1a\uff0c\u60a8\u53ef\u4ee5\u5728\u5047\u671f\u7684\u6bcf\u4e00\u5929\u5ea6\u8fc7\u4e00\u4e2a\u72ec\u7279\u7684\u591c\u665a\u3002\u5bf9\u4e8e\u8d4c\u535a\u7231\u597d\u8005\u6765\u8bf4\uff0c\u4e0d\u8981\u5fd8\u8bb0\u4e5f\u63d0\u4f9b\u8868\u6f14\u7684\u8d4c\u573a\u3002<\/p>\n\n\n\n<p>\u5728 Moulleau \u533a\u7684\u65f6\u5c1a\u9152\u5427\u4e4b\u4e00\u7ed3\u675f\u60a8\u7684\u591c\u665a\uff01<\/p>\n<\/div>\n\n\n\n<div class=\"wp-block-uagb-container uagb-block-f40a8937\">\n<div class=\"wp-block-uagb-image uagb-block-527c3612 wp-block-uagb-image--layout-default wp-block-uagb-image--effect-static wp-block-uagb-image--align-none\"><figure class=\"wp-block-uagb-image__figure\"><img decoding=\"async\" srcset=\"\" sizes=\"auto, (max-width: 480px) 150px\" src=\"https:\/\/bassin-arcachon.com\/wp-content\/uploads\/2018\/07\/Soir\u00e9e-Blanche-sur-Arcachon-1024x576.jpg\" alt=\"- - Bassin d&#039;Arcachon\" class=\"uag-image-23992\" width=\"1024\" height=\"576\" title=\"- - Bassin d&#039;Arcachon\" loading=\"lazy\" role=\"img\" data-srcset=\"\"><\/figure><\/div>\n<\/div>\n<\/div><\/div>\n\n\n\n<div style=\"height:40px\" aria-hidden=\"true\" class=\"wp-block-spacer\"><\/div>","protected":false},"excerpt":{"rendered":"<p>Arcachon les pieds dans l\u2019eau Arcachon se d\u00e9couvre toute l\u2019ann\u00e9e et se divise m\u00eame en 4 saisons ! Venez d\u00e9couvrir le contraste entre sa Ville d\u2019\u00c9t\u00e9, ses&nbsp;magnifiques jet\u00e9es&nbsp;et son centre-ville [&hellip;]<\/p>\n","protected":false},"author":25,"featured_media":23420,"parent":29,"menu_order":1,"comment_status":"closed","ping_status":"closed","template":"","meta":{"_acf_changed":false,"_uag_custom_page_level_css":"","footnotes":""},"class_list":["post-111","page","type-page","status-publish","has-post-thumbnail","hentry"],"acf":[],"uagb_featured_image_src":{"full":["https:\/\/bassin-arcachon.com\/wp-content\/uploads\/2018\/07\/Villa-Trocadero-ville-dhiver-arcachon.jpg",1000,666,false],"thumbnail":["https:\/\/bassin-arcachon.com\/wp-content\/uploads\/2018\/07\/Villa-Trocadero-ville-dhiver-arcachon-150x150.jpg",150,150,true],"medium":["https:\/\/bassin-arcachon.com\/wp-content\/uploads\/2018\/07\/Villa-Trocadero-ville-dhiver-arcachon-600x400.jpg",600,400,true],"medium_large":["https:\/\/bassin-arcachon.com\/wp-content\/uploads\/2018\/07\/Villa-Trocadero-ville-dhiver-arcachon-768x511.jpg",768,511,true],"large":["https:\/\/bassin-arcachon.com\/wp-content\/uploads\/2018\/07\/Villa-Trocadero-ville-dhiver-arcachon.jpg",1000,666,false],"1536x1536":["https:\/\/bassin-arcachon.com\/wp-content\/uploads\/2018\/07\/Villa-Trocadero-ville-dhiver-arcachon.jpg",1000,666,false],"2048x2048":["https:\/\/bassin-arcachon.com\/wp-content\/uploads\/2018\/07\/Villa-Trocadero-ville-dhiver-arcachon.jpg",1000,666,false],"trp-custom-language-flag":["https:\/\/bassin-arcachon.com\/wp-content\/uploads\/2018\/07\/Villa-Trocadero-ville-dhiver-arcachon-18x12.jpg",18,12,true]},"uagb_author_info":{"display_name":"Marie Clauzel","author_link":"https:\/\/bassin-arcachon.com\/zh\/author\/mariesiba\/"},"uagb_comment_info":0,"uagb_excerpt":"Arcachon les pieds dans l\u2019eau Arcachon se d\u00e9couvre toute l\u2019ann\u00e9e et se divise m\u00eame en 4 saisons ! Venez d\u00e9couvrir le contraste entre sa Ville d\u2019\u00c9t\u00e9, ses&nbsp;magnifiques jet\u00e9es&nbsp;et son centre-ville [&hellip;]","_links":{"self":[{"href":"https:\/\/bassin-arcachon.com\/zh\/wp-json\/wp\/v2\/pages\/111","targetHints":{"allow":["GET"]}}],"collection":[{"href":"https:\/\/bassin-arcachon.com\/zh\/wp-json\/wp\/v2\/pages"}],"about":[{"href":"https:\/\/bassin-arcachon.com\/zh\/wp-json\/wp\/v2\/types\/page"}],"author":[{"embeddable":true,"href":"https:\/\/bassin-arcachon.com\/zh\/wp-json\/wp\/v2\/users\/25"}],"replies":[{"embeddable":true,"href":"https:\/\/bassin-arcachon.com\/zh\/wp-json\/wp\/v2\/comments?post=111"}],"version-history":[{"count":1,"href":"https:\/\/bassin-arcachon.com\/zh\/wp-json\/wp\/v2\/pages\/111\/revisions"}],"predecessor-version":[{"id":217791,"href":"https:\/\/bassin-arcachon.com\/zh\/wp-json\/wp\/v2\/pages\/111\/revisions\/217791"}],"up":[{"embeddable":true,"href":"https:\/\/bassin-arcachon.com\/zh\/wp-json\/wp\/v2\/pages\/29"}],"wp:featuredmedia":[{"embeddable":true,"href":"https:\/\/bassin-arcachon.com\/zh\/wp-json\/wp\/v2\/media\/23420"}],"wp:attachment":[{"href":"https:\/\/bassin-arcachon.com\/zh\/wp-json\/wp\/v2\/media?parent=111"}],"curies":[{"name":"\u53ef\u6e7f\u6027\u7c89\u5242","href":"https:\/\/api.w.org\/{rel}","templated":true}]}}