{"id":117,"date":"2017-02-07T16:17:11","date_gmt":"2017-02-07T15:17:11","guid":{"rendered":"https:\/\/bassin-arcachon.com\/\/?page_id=117"},"modified":"2024-12-13T10:53:49","modified_gmt":"2024-12-13T09:53:49","slug":"%e5%8f%a4%e8%ae%a9%e6%a2%85%e6%96%af%e7%89%b9%e6%8b%89%e6%96%af","status":"publish","type":"page","link":"https:\/\/bassin-arcachon.com\/zh\/nos-villes-et-villages\/gujan-mestras\/","title":{"rendered":"\u53e4\u8ba9-\u6885\u65af\u7279\u62c9"},"content":{"rendered":"<div class=\"wp-block-uagb-container uagb-block-aab26be1 alignfull uagb-is-root-container\"><div class=\"uagb-container-inner-blocks-wrap\">\n<div class=\"wp-block-uagb-container uagb-block-3cf758f3\">\n<div class=\"wp-block-uagb-image uagb-block-e679998f wp-block-uagb-image--layout-default wp-block-uagb-image--effect-static wp-block-uagb-image--align-none\"><figure class=\"wp-block-uagb-image__figure\"><img decoding=\"async\" srcset=\"https:\/\/bassin-arcachon.com\/wp-content\/uploads\/2017\/02\/mini-map-gujan.jpg \" sizes=\"auto, (max-width: 480px) 150px\" src=\"https:\/\/bassin-arcachon.com\/wp-content\/uploads\/2017\/02\/mini-map-gujan.jpg\" alt=\"\u53e4\u8ba9\u6885\u65af\u7279\u62c9\u65af\u5730\u56fe\" class=\"uag-image-1919\" width=\"278\" height=\"278\" title=\"- - Bassin d&#039;Arcachon\" loading=\"lazy\" role=\"img\"><\/figure><\/div>\n\n\n\n<h2 class=\"wp-block-heading\">Gujan-Mestras\uff0c\u62e5\u6709 7 \u4e2a\u6e2f\u53e3\u7684\u57ce\u5e02<\/h2>\n\n\n\n<p>\u4e0d\u5c11\u4e8e7\u4e2a\u7261\u86ce\u6e2f\u53e3\u4f9d\u6b21\u6392\u5217&nbsp;<strong>\u53e4\u8ba9-\u6885\u65af\u7279\u62c9<\/strong>.\u5728\u8fd9\u91cc\uff0c\u60a8\u53ef\u4ee5\u89c2\u5bdf\u7261\u86ce\u517b\u6b96\u8005\u7684\u65e5\u5e38\u5de5\u4f5c\uff0c\u6709\u673a\u4f1a\u66f4\u591a\u5730\u4e86\u89e3\u8fd9\u4e2a\u4ee4\u4eba\u5174\u594b\u7684\u804c\u4e1a\u3002\u653e\u677e\u5fc3\u60c5\uff0c\u95fb\u7740\u751f\u869d\u7684\u9999\u5473\uff0c\u4f60\u5230\u4e86\uff01<br>\u5982\u679c\u60a8\u6b63\u5728\u5bfb\u627e\u53e4\u8ba9\u6885\u65af\u7279\u62c9\u7684\u5ea6\u5047\u51fa\u79df\u5c4b\uff0c <a href=\"https:\/\/bassin-arcachon.com\/zh\/%e6%88%96%e7%9d%a1%e8%a7%89\/%e7%a7%9f%e9%87%91\/%e6%88%91%e4%bb%ac%e5%9c%a8%e5%8f%a4%e8%ae%a9%e6%a2%85%e6%96%af%e7%89%b9%e6%8b%89%e7%9a%84%e5%ba%a6%e5%81%87%e5%87%ba%e7%a7%9f%e5%b1%8b\/\">\u5c31\u662f\u8fd9\u6837 <\/a>! <\/p>\n<\/div>\n\n\n\n<div class=\"wp-block-uagb-container uagb-block-56d49e3a\">\n<div class=\"wp-block-uagb-image uagb-block-207e986c wp-block-uagb-image--layout-default wp-block-uagb-image--effect-static wp-block-uagb-image--align-none\"><figure class=\"wp-block-uagb-image__figure\"><img decoding=\"async\" srcset=\"https:\/\/bassin-arcachon.com\/wp-content\/uploads\/2020\/07\/Sillonnez-03-GujanMestras.jpeg \" sizes=\"auto, (max-width: 480px) 150px\" src=\"https:\/\/bassin-arcachon.com\/wp-content\/uploads\/2020\/07\/Sillonnez-03-GujanMestras.jpeg\" alt=\"- - Bassin d&#039;Arcachon\" class=\"uag-image-51465\" width=\"1000\" height=\"666\" title=\"- - Bassin d&#039;Arcachon\" loading=\"lazy\" role=\"img\"><\/figure><\/div>\n<\/div>\n<\/div><\/div>\n\n\n\n<div style=\"height:40px\" aria-hidden=\"true\" class=\"wp-block-spacer\"><\/div>\n\n\n\n<div class=\"wp-block-uagb-container uagb-block-3ddc2cdc alignfull uagb-is-root-container\"><div class=\"uagb-container-inner-blocks-wrap\">\n<h2 class=\"wp-block-heading\">\u4ece\u4e00\u4e2a\u6e2f\u53e3\u6f2b\u6b65\u5230\u53e6\u4e00\u4e2a\u6e2f\u53e3<\/h2>\n\n\n\n<p>\u4e0e\u5176&nbsp;<strong>\u4e94\u989c\u516d\u8272\u7684\u5c0f\u5c4b<\/strong>\uff0c \u4ed6\u7684&nbsp;<strong>\u7261\u86ce\u517b\u6b96\u8005<\/strong>&nbsp;\u548c&nbsp;<a href=\"https:\/\/bassin-arcachon.com\/zh\/%e6%88%96%e5%90%83\/cabanes-a-huitres\/\">\u7261\u86ce\u54c1\u5c1d<\/a>, \u6709\u5f88\u591a\u673a\u4f1a\u5728 Gujan-Mestras \u505c\u7559\u3002\u6bcf\u4e2a\u6e2f\u53e3\u90fd\u6709\u81ea\u5df1\u7684\u771f\u5b9e\u6027\uff0c\u5e76\u968f\u7740\u6f6e\u6c50\u7684\u8282\u594f\u800c\u53d8\u5316\u3002\u5728\u7261\u86ce\u517b\u6b96\u8005\u7684\u6ee8\u6d77\u5927\u9053\u4e0a&nbsp;<a href=\"https:\/\/bassin-arcachon.com\/zh\/%e6%8b%89%e7%bd%97%e6%96%af%e6%b8%af%e7%9a%84%e7%9b%ae%e5%85%89\/\">\u62c9\u7f57\u65af\u6e2f<\/a>\uff0c\u8ba9\u81ea\u5df1\u4f11\u606f\u4e00\u4e0b\uff0c\u53bb\u89c1\u89c1\u7261\u86ce\u517b\u6b96\u8005\uff0c\u54c1\u5c1d\u7261\u86ce\uff0c\u914d\u4e0a\u5927\u867e\u548c\u8089\u9171\uff01\u5e76\u5145\u5206\u4e86\u89e3\u7261\u86ce\u7684\u5386\u53f2\uff0c\u5229\u7528\u8fd9\u6b21\u6b65\u884c\u53c2\u89c2&nbsp;<a href=\"http:\/\/www.maison-huitre.fr\/\" target=\"_blank\" rel=\"noopener\">\u7261\u86ce\u5c4b<\/a>.<\/p>\n<\/div><\/div>\n\n\n<div class=\"wp-block-image\">\n<figure class=\"aligncenter size-large is-resized\"><img loading=\"lazy\" decoding=\"async\" width=\"1024\" height=\"683\" src=\"https:\/\/bassin-arcachon.com\/wp-content\/uploads\/2023\/02\/20191203_HD_Hiver_Pole-de-Larros_Gujan_CASSIAU-11-1-scaled-1024x683.jpg\" alt=\"- - Bassin d&#039;Arcachon\" class=\"wp-image-55080\" style=\"aspect-ratio:16\/9;object-fit:cover;width:1200px\" title=\"- - Bassin d&#039;Arcachon\" srcset=\"https:\/\/bassin-arcachon.com\/wp-content\/uploads\/2023\/02\/20191203_HD_Hiver_Pole-de-Larros_Gujan_CASSIAU-11-1-scaled-1024x683.jpg 1024w, https:\/\/bassin-arcachon.com\/wp-content\/uploads\/2023\/02\/20191203_HD_Hiver_Pole-de-Larros_Gujan_CASSIAU-11-1-scaled-600x400.jpg 600w, https:\/\/bassin-arcachon.com\/wp-content\/uploads\/2023\/02\/20191203_HD_Hiver_Pole-de-Larros_Gujan_CASSIAU-11-1-scaled-768x512.jpg 768w, https:\/\/bassin-arcachon.com\/wp-content\/uploads\/2023\/02\/20191203_HD_Hiver_Pole-de-Larros_Gujan_CASSIAU-11-1-scaled-1536x1024.jpg 1536w, https:\/\/bassin-arcachon.com\/wp-content\/uploads\/2023\/02\/20191203_HD_Hiver_Pole-de-Larros_Gujan_CASSIAU-11-1-scaled-2048x1366.jpg 2048w, https:\/\/bassin-arcachon.com\/wp-content\/uploads\/2023\/02\/20191203_HD_Hiver_Pole-de-Larros_Gujan_CASSIAU-11-1-scaled-18x12.jpg 18w\" sizes=\"auto, (max-width: 1024px) 100vw, 1024px\" \/><\/figure>\n<\/div>\n\n\n<div style=\"height:40px\" aria-hidden=\"true\" class=\"wp-block-spacer\"><\/div>\n\n\n\n<div class=\"wp-block-uagb-container uagb-block-2702df83 alignfull uagb-is-root-container\"><div class=\"uagb-container-inner-blocks-wrap\">\n<h2 class=\"wp-block-heading\">\u53e4\u8ba9-\u6885\u65af\u7279\u62c9\u6d77\u6ee8\u5c0f\u9053\uff0c\u6b65\u884c\u6216\u9a91\u81ea\u884c\u8f66<\/h2>\n\n\n\n<p>\u8fd9&nbsp;<strong>7 \u516c\u91cc\u957f\u7684\u8def\u7ebf\u8fde\u63a5 Gujan-Mestras \u7684 7 \u4e2a\u6e2f\u53e3<\/strong>&nbsp;\u5e76\u7a7f\u8fc7 Bassin \u548c\u76d0\u8349\u7538\u4e4b\u95f4\u4fdd\u5b58\u5b8c\u597d\u7684\u666f\u89c2\u3002\u6b65\u884c\u6216\u9a91\u81ea\u884c\u8f66\uff0c\u8d70\u5728\u6cbf\u6d77\u5c0f\u5f84\u4e0a\uff0c\u4eab\u53d7\u4e0e\u5927\u81ea\u7136\u91cd\u65b0\u63a5\u89e6\u7684\u4e50\u8da3\u3002\u9000\u6f6e\u65f6\uff0c\u6709\u4e9b\u5730\u65b9\u611f\u89c9\u5c31\u50cf\u7f6e\u8eab\u4e8e\u5927\u8349\u539f\u4e2d\u592e\uff0c\u800c\u6da8\u6f6e\u65f6\uff0c\u60a8\u4f1a\u7a7f\u8fc7\u6c34\u9762\u4e0a\u65b9\u7684\u4eba\u884c\u6865\uff01<\/p>\n\n\n\n<p>\u5229\u7528\u60a8\u5728\u6e2f\u53e3\u7684\u65f6\u95f4\u53bb\u00a0<strong>\u7261\u86ce\u517b\u6b96\u8005\u4f1a\u8bae<\/strong>\u00a0\u6216\u8005\u5750\u5728\u5c0f\u5f84\u9644\u8fd1\u5373\u5174\u91ce\u9910\uff01<\/p>\n\n\n\n<div style=\"height:40px\" aria-hidden=\"true\" class=\"wp-block-spacer\"><\/div>\n<\/div><\/div>\n\n\n\n<div class=\"wp-block-uagb-container uagb-block-fa9f6d1e alignfull uagb-is-root-container\">\n<div class=\"wp-block-cover is-light has-parallax\"><span aria-hidden=\"true\" class=\"wp-block-cover__background has-background-dim-0 has-background-dim\"><\/span><div class=\"wp-block-cover__image-background wp-image-20636 has-parallax\" style=\"background-position:50% 50%;background-image:url(https:\/\/bassin-arcachon.com\/wp-content\/uploads\/2018\/04\/Sentier-littoral-Gujan.jpg)\"><\/div><div class=\"wp-block-cover__inner-container is-layout-flow wp-block-cover-is-layout-flow\">\n<h2 class=\"wp-block-heading has-text-align-center has-white-color has-text-color has-background has-large-font-size\" style=\"background-color:#000000b3\"><a href=\"https:\/\/www.gironde-tourisme.fr\/patrimoine-naturel\/le-sentier-du-littoral-de-gujan-mestras\/\" target=\"_blank\" rel=\"noopener\">\u6e05\u6668\u6216\u4e00\u5929\u7ed3\u675f\u65f6\u8d70\u6cbf\u6d77\u5c0f\u8def<\/a><\/h2>\n<\/div><\/div>\n<\/div>\n\n\n\n<div style=\"height:40px\" aria-hidden=\"true\" class=\"wp-block-spacer\"><\/div>\n\n\n\n<div class=\"wp-block-uagb-container uagb-block-7bbb98c5 alignfull uagb-is-root-container\"><div class=\"uagb-container-inner-blocks-wrap\">\n<div class=\"wp-block-uagb-container uagb-block-c027a36d\">\n<h2 class=\"wp-block-heading\">\u57c3\u62c9\u6258\u90a6\u5bb6\u5ead\u65e5<\/h2>\n\n\n\n<p>\u8fd9\u91cc\u6709&nbsp;<strong>\u4e3b\u9898\u516c\u56ed<\/strong>&nbsp;\u9002\u5408\u6240\u6709\u5e74\u9f84\u6bb5\u548c\u5404\u79cd\u53e3\u5473\uff1aLa Coccinelle\u3001Kid Parc\u3001Aqualand\u3001Bassin Aventures\u3001Max&#039; Golf\u3001Laser Lander...\u5f53\u5b69\u5b50\u4eec\u5728\u6ed1\u68af\u3001\u8fc7\u5c71\u8f66\u751a\u81f3\u6811\u4e0a\u7684\u7403\u573a\u4e2d\u73a9\u800d\u65f6\uff0c\u6210\u4eba\u4e5f\u53ef\u4ee5\u5728\u9ad8\u5c14\u592b\u7403\u573a\u5c1d\u8bd5\u4e00\u4e0b&nbsp;<a href=\"https:\/\/bluegreen.fr\/\" target=\"_blank\" rel=\"noopener\">Gujan-Mestras \u7684\u84dd\u7eff\u8272\u3002<\/a><\/p>\n\n\n\n<p><strong>7 \u6708\u81f3 8 \u6708\uff0c\u8ba1\u5212\u5728\u5927\u897f\u6d0b\u6cbf\u5cb8\u6700\u5927\u7684\u6c34\u4e0a\u4e50\u56ed\u4e4b\u4e00\uff1aAqualand \u5ea6\u8fc7\u4e00\u5929\uff01<\/strong><\/p>\n<\/div>\n\n\n\n<div class=\"wp-block-uagb-container uagb-block-4fb842d7\">\n<figure class=\"wp-block-embed is-type-video is-provider-vimeo wp-block-embed-vimeo wp-embed-aspect-16-9 wp-has-aspect-ratio\"><div class=\"wp-block-embed__wrapper\">\n<iframe loading=\"lazy\" title=\"30\u5e74\u4ee3Bassin d&#039;Arcachon\u7684\u4f11\u95f2\u516c\u56ed\" src=\"https:\/\/player.vimeo.com\/video\/209048634?dnt=1&amp;app_id=122963\" width=\"500\" height=\"281\" frameborder=\"0\" allow=\"autoplay; fullscreen; picture-in-picture; clipboard-write\"><\/iframe>\n<\/div><\/figure>\n<\/div>\n<\/div><\/div>","protected":false},"excerpt":{"rendered":"<p>Gujan-Mestras, la ville aux 7 ports Ce n\u2019est pas moins de 7 ports ostr\u00e9icoles qui se succ\u00e8dent \u00e0&nbsp;Gujan-Mestras. Ici, vous pourrez observer le travail quotidien des ostr\u00e9iculteurs, l\u2019occasion d\u2019en apprendre [&hellip;]<\/p>\n","protected":false},"author":25,"featured_media":11174,"parent":29,"menu_order":3,"comment_status":"closed","ping_status":"closed","template":"","meta":{"_acf_changed":false,"_uag_custom_page_level_css":"","footnotes":""},"class_list":["post-117","page","type-page","status-publish","has-post-thumbnail","hentry"],"acf":[],"uagb_featured_image_src":{"full":["https:\/\/bassin-arcachon.com\/wp-content\/uploads\/2017\/02\/Sentier_littoral_Gujan_N6825.jpg",2048,1365,false],"thumbnail":["https:\/\/bassin-arcachon.com\/wp-content\/uploads\/2017\/02\/Sentier_littoral_Gujan_N6825-150x150.jpg",150,150,true],"medium":["https:\/\/bassin-arcachon.com\/wp-content\/uploads\/2017\/02\/Sentier_littoral_Gujan_N6825-600x400.jpg",600,400,true],"medium_large":["https:\/\/bassin-arcachon.com\/wp-content\/uploads\/2017\/02\/Sentier_littoral_Gujan_N6825-768x512.jpg",768,512,true],"large":["https:\/\/bassin-arcachon.com\/wp-content\/uploads\/2017\/02\/Sentier_littoral_Gujan_N6825-1024x683.jpg",1024,683,true],"1536x1536":["https:\/\/bassin-arcachon.com\/wp-content\/uploads\/2017\/02\/Sentier_littoral_Gujan_N6825-1536x1024.jpg",1536,1024,true],"2048x2048":["https:\/\/bassin-arcachon.com\/wp-content\/uploads\/2017\/02\/Sentier_littoral_Gujan_N6825.jpg",2048,1365,false],"trp-custom-language-flag":["https:\/\/bassin-arcachon.com\/wp-content\/uploads\/2017\/02\/Sentier_littoral_Gujan_N6825-18x12.jpg",18,12,true]},"uagb_author_info":{"display_name":"Marie Clauzel","author_link":"https:\/\/bassin-arcachon.com\/zh\/author\/mariesiba\/"},"uagb_comment_info":0,"uagb_excerpt":"Gujan-Mestras, la ville aux 7 ports Ce n\u2019est pas moins de 7 ports ostr\u00e9icoles qui se succ\u00e8dent \u00e0&nbsp;Gujan-Mestras. Ici, vous pourrez observer le travail quotidien des ostr\u00e9iculteurs, l\u2019occasion d\u2019en apprendre [&hellip;]","_links":{"self":[{"href":"https:\/\/bassin-arcachon.com\/zh\/wp-json\/wp\/v2\/pages\/117","targetHints":{"allow":["GET"]}}],"collection":[{"href":"https:\/\/bassin-arcachon.com\/zh\/wp-json\/wp\/v2\/pages"}],"about":[{"href":"https:\/\/bassin-arcachon.com\/zh\/wp-json\/wp\/v2\/types\/page"}],"author":[{"embeddable":true,"href":"https:\/\/bassin-arcachon.com\/zh\/wp-json\/wp\/v2\/users\/25"}],"replies":[{"embeddable":true,"href":"https:\/\/bassin-arcachon.com\/zh\/wp-json\/wp\/v2\/comments?post=117"}],"version-history":[{"count":1,"href":"https:\/\/bassin-arcachon.com\/zh\/wp-json\/wp\/v2\/pages\/117\/revisions"}],"predecessor-version":[{"id":118613,"href":"https:\/\/bassin-arcachon.com\/zh\/wp-json\/wp\/v2\/pages\/117\/revisions\/118613"}],"up":[{"embeddable":true,"href":"https:\/\/bassin-arcachon.com\/zh\/wp-json\/wp\/v2\/pages\/29"}],"wp:featuredmedia":[{"embeddable":true,"href":"https:\/\/bassin-arcachon.com\/zh\/wp-json\/wp\/v2\/media\/11174"}],"wp:attachment":[{"href":"https:\/\/bassin-arcachon.com\/zh\/wp-json\/wp\/v2\/media?parent=117"}],"curies":[{"name":"\u53ef\u6e7f\u6027\u7c89\u5242","href":"https:\/\/api.w.org\/{rel}","templated":true}]}}