{"id":120,"date":"2017-02-07T16:18:43","date_gmt":"2017-02-07T15:18:43","guid":{"rendered":"https:\/\/bassin-arcachon.com\/\/?page_id=120"},"modified":"2024-12-13T10:54:23","modified_gmt":"2024-12-13T09:54:23","slug":"%e5%8b%92%e6%b3%b0%e5%85%8b","status":"publish","type":"page","link":"https:\/\/bassin-arcachon.com\/zh\/nos-villes-et-villages\/le-teich\/","title":{"rendered":"Le Teich"},"content":{"rendered":"<div class=\"wp-block-uagb-container uagb-block-647b9371 alignfull uagb-is-root-container\"><div class=\"uagb-container-inner-blocks-wrap\">\n<div class=\"wp-block-uagb-container uagb-block-2f6ffa31\">\n<div class=\"wp-block-uagb-image uagb-block-7a5a156c wp-block-uagb-image--layout-default wp-block-uagb-image--effect-static wp-block-uagb-image--align-none\"><figure class=\"wp-block-uagb-image__figure\"><img decoding=\"async\" srcset=\"https:\/\/bassin-arcachon.com\/wp-content\/uploads\/2017\/02\/mini-map-le-teich.jpg \" sizes=\"auto, (max-width: 480px) 150px\" src=\"https:\/\/bassin-arcachon.com\/wp-content\/uploads\/2017\/02\/mini-map-le-teich.jpg\" alt=\"- - Bassin d&#039;Arcachon\" class=\"uag-image-1923\" width=\"278\" height=\"278\" title=\"- - Bassin d&#039;Arcachon\" loading=\"lazy\" role=\"img\"><\/figure><\/div>\n\n\n\n<h2 class=\"wp-block-heading\">\u5728 Le Teich \u4eab\u53d7\u771f\u6b63\u7684\u81ea\u7136\u5047\u671f<\/h2>\n\n\n\n<p>\u5728\u8fdc\u79bb\u55a7\u56a3\u7684\u7eff\u8272\u73af\u5883\u4e2d\uff0c&nbsp;<strong>Le Teich<\/strong>&nbsp;\u9080\u8bf7\u60a8\u5b8c\u5168\u65ad\u5f00\u8fde\u63a5\uff01\u5e7f\u9614\u7a7a\u95f4\u7684\u7231\u597d\u8005\u53ea\u80fd\u6b23\u8d4f\u8fd9\u4e00\u523b\u3002\u4ece\u5f17\u52d2\u91cc\u5e84\u56ed\u5230&nbsp;<strong>\u83b1\u5c14\u4e09\u89d2\u6d32<\/strong>, \u901a\u8fc7&nbsp;<strong>\u9e1f\u7c7b\u4fdd\u62a4\u533a<\/strong>, Le Teich \u5c06\u662f\u60a8\u7684\u5c0f\u5929\u5802\u3002<br>\u5982\u679c\u60a8\u60f3\u5728\u90a3\u91cc\u79df\u623f\u4f4f\u5bbf\uff0c\u8bf7\u67e5\u627e\u6211\u4eec\u7cbe\u9009\u7684\u4f4f\u5bbf <a href=\"https:\/\/bassin-arcachon.com\/zh\/%e6%88%96%e7%9d%a1%e8%a7%89\/%e7%a7%9f%e9%87%91\/%e6%88%91%e4%bb%ac%e7%9a%84%e5%ba%a6%e5%81%87%e5%87%ba%e7%a7%9f%e5%b1%8b%e5%9b%a0%e6%b3%b0%e5%b8%8c\/\">\u8fd9\u8fb9\u8d70<\/a> ! <\/p>\n<\/div>\n\n\n\n<div class=\"wp-block-uagb-container uagb-block-669331e1\">\n<div class=\"wp-block-uagb-image uagb-block-1ffb6ffb wp-block-uagb-image--layout-default wp-block-uagb-image--effect-static wp-block-uagb-image--align-none\"><figure class=\"wp-block-uagb-image__figure\"><img decoding=\"async\" srcset=\"https:\/\/bassin-arcachon.com\/wp-content\/uploads\/2017\/02\/reserve-ornithologique-le-teich-bassin-darcachon-1.jpg \" sizes=\"auto, (max-width: 480px) 150px\" src=\"https:\/\/bassin-arcachon.com\/wp-content\/uploads\/2017\/02\/reserve-ornithologique-le-teich-bassin-darcachon-1.jpg\" alt=\"- - Bassin d&#039;Arcachon\" class=\"uag-image-23571\" width=\"1000\" height=\"666\" title=\"- - Bassin d&#039;Arcachon\" loading=\"lazy\" role=\"img\"><\/figure><\/div>\n\n\n\n<p>\u9884\u8ba2\u60a8\u7684\u4e0b\u4e00\u6b21\u8bbf\u95ee&nbsp;<a href=\"https:\/\/billetterie.leteich-ecotourisme.fr\/\" target=\"_blank\" rel=\"noreferrer noopener\">\u6cf0\u5947\u65c5\u6e38\u5c40\u552e\u7968\u5904<\/a>.<\/p>\n<\/div>\n<\/div><\/div>\n\n\n\n<div style=\"height:40px\" aria-hidden=\"true\" class=\"wp-block-spacer\"><\/div>\n\n\n\n<div class=\"wp-block-uagb-container uagb-block-d05deecb alignfull uagb-is-root-container\"><div class=\"uagb-container-inner-blocks-wrap\">\n<h2 class=\"wp-block-heading\">\u5728\u9e1f\u7c7b\u4fdd\u62a4\u533a\u89c2\u5bdf\u9e1f\u7c7b<\/h2>\n\n\n\n<p>\u4f4d\u4e8e\u6700\u91cd\u8981\u7684\u8fc1\u5f99\u8def\u7ebf\u4e4b\u4e00\uff0c\u60a8\u53ef\u4ee5&nbsp;<strong>\u89c2\u5bdf\u9e1f\u7c7b&nbsp;<\/strong>\u5728\u91cc\u9762&nbsp;<a href=\"https:\/\/bassin-arcachon.com\/zh\/%e6%88%91%e4%bb%ac%e7%9a%84%e5%bf%85%e9%9c%80%e5%93%81\/%e9%b8%9f%e7%b1%bb%e4%bf%9d%e6%8a%a4%e5%8c%ba\/\">\u6cf0\u5947\u9e1f\u7c7b\u4fdd\u62a4\u533a<\/a>&nbsp;\uff01\u7a7f\u4e0a\u597d\u978b\u3001\u4e00\u526f\u53cc\u7b52\u671b\u8fdc\u955c\uff08\u53ef\u5728\u5165\u53e3\u5904\u79df\u7528\uff09\uff0c\u7136\u540e\u6b65\u884c\u524d\u5f80\u5176\u4e2d\u4e00\u6761\u5c0f\u5f84\u3002\u9014\u4e2d\uff0c\u5728\u89c2\u5bdf\u5c0f\u5c4b\u505c\u7559\uff0c\u89c2\u5bdf\u91ce\u5916\u7684\u9e1f\u7c7b\uff01<\/p>\n<\/div><\/div>\n\n\n\n<div style=\"height:40px\" aria-hidden=\"true\" class=\"wp-block-spacer\"><\/div>\n\n\n\n<div class=\"wp-block-uagb-container uagb-block-3e5d2e4e alignfull uagb-is-root-container\">\n<div class=\"wp-block-cover is-light has-parallax\"><span aria-hidden=\"true\" class=\"wp-block-cover__background has-background-dim-0 has-background-dim\"><\/span><div class=\"wp-block-cover__image-background wp-image-21280 has-parallax\" style=\"background-position:50% 50%;background-image:url(https:\/\/bassin-arcachon.com\/wp-content\/uploads\/2018\/05\/Le-Teich-1.jpg)\"><\/div><div class=\"wp-block-cover__inner-container is-layout-flow wp-block-cover-is-layout-flow\">\n<h2 class=\"wp-block-heading has-text-align-center has-white-color has-text-color has-background has-large-font-size\" style=\"background-color:#000000b3\">\u5728\u590f\u5b63\uff0c\u9009\u62e9\u9ec4\u660f\u65f6\u5206\u7684\u5bfc\u89c8\u6e38\uff0c\u4eab\u53d7\u9e1f\u513f\u7684\u79c1\u5bc6\u65f6\u5149<\/h2>\n<\/div><\/div>\n<\/div>\n\n\n\n<div style=\"height:40px\" aria-hidden=\"true\" class=\"wp-block-spacer\"><\/div>\n\n\n\n<div class=\"wp-block-uagb-container uagb-block-94a0e486 alignfull uagb-is-root-container\"><div class=\"uagb-container-inner-blocks-wrap\">\n<h2 class=\"wp-block-heading\">Domaine de Fleury \u7684\u7530\u56ed\u4e4b\u65c5<\/h2>\n\n\n\n<p>\u8d70\u8fdb\u6811\u6728\u7e41\u8302\u7684\u6cbc\u6cfd\u548c\u6e7f\u8349\u5730\u7684\u4e2d\u5fc3\uff0c\u6cbf\u7740&nbsp;<strong>\u5f17\u52d2\u91cc\u5730\u533a\u3002<\/strong>&nbsp;\u5168\u957f3\u516c\u91cc\u7684\u8def\u7ebf\u5168\u957f\u7ea61\u5c0f\u65f6\u3002\u5728\u9014\u4e2d\uff0c\u60a8\u53ef\u80fd\u4f1a\u9047\u5230\u8bb8\u591a\u9e1f\u7c7b\uff0c\u5982\u82cd\u9e6d\u3001\u9e73\u548c\u7435\u9e6d\uff0c\u8fd8\u6709\u4e00\u4e9b\u6b63\u5728\u5403\u8349\u7684\u91d1\u53d1 d&#039;Aquitaine\u3002<\/p>\n\n\n\t\t\t\t\t<div\n\t\t\t\t\t\tclass=\"wp-block-uagb-image-gallery uagb-block-83e5b01d\"\n\t\t\t\t\t\tstyle=\"\"\n\t\t\t\t\t>\n\t\t\t\t\t\t\t\t\t\t\t<div class=\"spectra-image-gallery spectra-image-gallery__layout--grid spectra-image-gallery__layout--grid-col-2 spectra-image-gallery__layout--grid-col-tab-2 spectra-image-gallery__layout--grid-col-mob-2\">\n\t\t\t\t\t\t\t\t\t\t\t<div class='spectra-image-gallery__media-wrapper' data-spectra-gallery-image-id='23948' tabindex=\"0\">\n\t\t\t\t\t\t\t<div class=\"spectra-image-gallery__media spectra-image-gallery__media--grid\">\n\t\t\t\t<picture>\n\t\t\t\t\t<source media=\"(min-width: 1024px)\" srcset=\"https:\/\/bassin-arcachon.com\/wp-content\/uploads\/2018\/07\/Domaine-de-Fleury-Le-Teich-1024x683.jpg\">\n\t\t\t\t\t<source media=\"(min-width: 768px)\" srcset=\"https:\/\/bassin-arcachon.com\/wp-content\/uploads\/2018\/07\/Domaine-de-Fleury-Le-Teich-1024x683.jpg\">\n\t\t\t\t\t<img decoding=\"async\" class=\"spectra-image-gallery__media-thumbnail spectra-image-gallery__media-thumbnail--grid\" src=\"https:\/\/bassin-arcachon.com\/wp-content\/uploads\/2018\/07\/Domaine-de-Fleury-Le-Teich-300x200.jpg\" alt=\"- - Bassin d&#039;Arcachon\" loading=\"lazy\" title=\"- - Bassin d&#039;Arcachon\">\n\t\t\t\t<\/picture>\n\t\t\t\t<div class=\"spectra-image-gallery__media-thumbnail-blurrer\"><\/div>\n\t\t\t\t\t\t\t\t\t\t\t<div class=\"spectra-image-gallery__media-thumbnail-caption-wrapper spectra-image-gallery__media-thumbnail-caption-wrapper--overlay\"><\/div>\n\t\t\t\t\t\t\t\t<\/div>\n\t\t\t\t\t\t<\/div>\n\t\t\t\t\t\t<div class='spectra-image-gallery__media-wrapper' data-spectra-gallery-image-id='19968' tabindex=\"0\">\n\t\t\t\t\t\t\t<div class=\"spectra-image-gallery__media spectra-image-gallery__media--grid\">\n\t\t\t\t<picture>\n\t\t\t\t\t<source media=\"(min-width: 1024px)\" srcset=\"https:\/\/bassin-arcachon.com\/wp-content\/uploads\/2018\/04\/le-teich-e1546599776901.jpg\">\n\t\t\t\t\t<source media=\"(min-width: 768px)\" srcset=\"https:\/\/bassin-arcachon.com\/wp-content\/uploads\/2018\/04\/le-teich-e1546599776901.jpg\">\n\t\t\t\t\t<img decoding=\"async\" class=\"spectra-image-gallery__media-thumbnail spectra-image-gallery__media-thumbnail--grid\" src=\"https:\/\/bassin-arcachon.com\/wp-content\/uploads\/2018\/04\/le-teich-e1546599776901-300x200.jpg\" alt=\"Bassin d&#039;Arcachon \u6cf0\u5e0c\u9547\u4e4b\u65c5\" loading=\"lazy\" title=\"- - Bassin d&#039;Arcachon\">\n\t\t\t\t<\/picture>\n\t\t\t\t<div class=\"spectra-image-gallery__media-thumbnail-blurrer\"><\/div>\n\t\t\t\t\t\t\t\t\t\t\t<div class=\"spectra-image-gallery__media-thumbnail-caption-wrapper spectra-image-gallery__media-thumbnail-caption-wrapper--overlay\"><\/div>\n\t\t\t\t\t\t\t\t<\/div>\n\t\t\t\t\t\t<\/div>\n\t\t\t\t\t\t\t\t\t\t<\/div>\n\t\t\t\t\t\t\t\t\t\t\t\t\t\t\t\t\t\t<\/div>\n\t\t\t\t\t\t\t\t\t<\/div><\/div>\n\n\n\n<div style=\"height:40px\" aria-hidden=\"true\" class=\"wp-block-spacer\"><\/div>\n\n\n\n<div class=\"wp-block-uagb-container uagb-block-f461adfa alignfull uagb-is-root-container\"><div class=\"uagb-container-inner-blocks-wrap\">\n<figure class=\"wp-block-pullquote\" style=\"border-radius:0px;border-top-style:none;border-top-width:0px;border-right-style:none;border-right-width:0px;border-bottom-style:none;border-bottom-width:0px;border-left-width:2px\"><blockquote><p>\u7741\u5f00\u773c\u775b\uff0c\u4f60\u53ef\u80fd\u4f1a\u5e78\u8fd0\u5730\u770b\u5230\u6c60\u5858\u91cc\u7684\u4e4c\u9f9f<\/p><\/blockquote><\/figure>\n<\/div><\/div>\n\n\n\n<div style=\"height:20px\" aria-hidden=\"true\" class=\"wp-block-spacer\"><\/div>\n\n\n\n<div class=\"wp-block-uagb-container uagb-block-14623528 alignfull uagb-is-root-container\"><div class=\"uagb-container-inner-blocks-wrap\">\n<div class=\"wp-block-uagb-container uagb-block-d7c1de90\">\n<div class=\"wp-block-uagb-image uagb-block-a50f5eb3 wp-block-uagb-image--layout-default wp-block-uagb-image--effect-static wp-block-uagb-image--align-none\"><figure class=\"wp-block-uagb-image__figure\"><img decoding=\"async\" srcset=\"https:\/\/bassin-arcachon.com\/wp-content\/uploads\/2017\/04\/faire-du-canoe-sur-la-leyre-1024x683.jpg \" sizes=\"auto, (max-width: 480px) 150px\" src=\"https:\/\/bassin-arcachon.com\/wp-content\/uploads\/2017\/04\/faire-du-canoe-sur-la-leyre-1024x683.jpg\" alt=\"\u5212\u72ec\u6728\u821f\" class=\"uag-image-24474\" width=\"1024\" height=\"683\" title=\"- - Bassin d&#039;Arcachon\" loading=\"lazy\" role=\"img\"><\/figure><\/div>\n<\/div>\n\n\n\n<div class=\"wp-block-uagb-container uagb-block-3f3a28e0\">\n<h2 class=\"wp-block-heading\">\u6cbf\u7740 Leyre \u4e09\u89d2\u6d32\u7684\u6c34\u57df<\/h2>\n\n\n\n<p>\u6b65\u884c\u3001\u9a91\u81ea\u884c\u8f66\u6216\u6c34\u4e0a\uff0c\u4e00\u8d77\u6765\u00a0<strong>\u83b1\u5c14<\/strong>\uff0c\u4e5f\u88ab\u79f0\u4e3a\u7f8e\u56fd\u7684\u201c\u5c0f\u4e9a\u9a6c\u900a\u201d\u00a0<strong>\u6765\u81ea\u963f\u5361\u96c4\u7684 Bassin<\/strong>.\u8981\u63a2\u7d22\u4e09\u89d2\u6d32\u7684\u72c2\u91ce\u4e00\u9762\uff0c\u8bf7\u6beb\u4e0d\u72b9\u8c6b\u5730\u4ece\u6cf0\u5947\u6e2f\u79df\u4e00\u8258\u6ca1\u6709\u6267\u7167\u7684\u5c0f\u8239\u3001\u72ec\u6728\u821f\u6216\u6868\u3002\u8fdc\u79bb\u57ce\u5e02\u7684\u55a7\u56a3\uff0c\u4f60\u4e00\u5b9a\u4f1a\u627e\u5230\u81ea\u7531\u7684\u611f\u89c9\uff01<\/p>\n<\/div>\n<\/div><\/div>\n\n\n\n<div style=\"height:40px\" aria-hidden=\"true\" class=\"wp-block-spacer\"><\/div>\n\n\n\n<div class=\"wp-block-uagb-container uagb-block-f602a397 alignfull uagb-is-root-container\">\n<div class=\"wp-block-cover is-light has-parallax\"><span aria-hidden=\"true\" class=\"wp-block-cover__background has-background-dim-0 has-background-dim\"><\/span><div class=\"wp-block-cover__image-background wp-image-23949 has-parallax\" style=\"background-position:50% 50%;background-image:url(https:\/\/bassin-arcachon.com\/wp-content\/uploads\/2018\/07\/Le-Teich-Bassin-Arcachon.jpg)\"><\/div><div class=\"wp-block-cover__inner-container is-layout-flow wp-block-cover-is-layout-flow\">\n<h2 class=\"wp-block-heading has-text-align-center has-white-color has-text-color has-background has-large-font-size\" style=\"background-color:#000000b3\">\u6cbf\u6c5f\u5c0f\u6eaa\u9080\u4f60\u91ce\u9910\uff01<\/h2>\n<\/div><\/div>\n<\/div>\n\n\n\n<div style=\"height:20px\" aria-hidden=\"true\" class=\"wp-block-spacer\"><\/div>","protected":false},"excerpt":{"rendered":"<p>Les vraies vacances c\u00f4t\u00e9 nature au Teich Dans un \u00e9crin de verdure pr\u00e9serv\u00e9 et loin de l\u2019effervescence,&nbsp;Le Teich&nbsp;vous invite \u00e0 une d\u00e9connexion totale ! Les amoureux de grands espaces ne [&hellip;]<\/p>\n","protected":false},"author":25,"featured_media":1133,"parent":29,"menu_order":4,"comment_status":"closed","ping_status":"closed","template":"","meta":{"_acf_changed":false,"_uag_custom_page_level_css":"","footnotes":""},"class_list":["post-120","page","type-page","status-publish","has-post-thumbnail","hentry"],"acf":[],"uagb_featured_image_src":{"full":["https:\/\/bassin-arcachon.com\/wp-content\/uploads\/2017\/02\/le-teich_vue.jpg",1200,800,false],"thumbnail":["https:\/\/bassin-arcachon.com\/wp-content\/uploads\/2017\/02\/le-teich_vue-150x150.jpg",150,150,true],"medium":["https:\/\/bassin-arcachon.com\/wp-content\/uploads\/2017\/02\/le-teich_vue-600x400.jpg",600,400,true],"medium_large":["https:\/\/bassin-arcachon.com\/wp-content\/uploads\/2017\/02\/le-teich_vue-768x512.jpg",768,512,true],"large":["https:\/\/bassin-arcachon.com\/wp-content\/uploads\/2017\/02\/le-teich_vue-1024x683.jpg",1024,683,true],"1536x1536":["https:\/\/bassin-arcachon.com\/wp-content\/uploads\/2017\/02\/le-teich_vue.jpg",1200,800,false],"2048x2048":["https:\/\/bassin-arcachon.com\/wp-content\/uploads\/2017\/02\/le-teich_vue.jpg",1200,800,false],"trp-custom-language-flag":["https:\/\/bassin-arcachon.com\/wp-content\/uploads\/2017\/02\/le-teich_vue-18x12.jpg",18,12,true]},"uagb_author_info":{"display_name":"Marie Clauzel","author_link":"https:\/\/bassin-arcachon.com\/zh\/author\/mariesiba\/"},"uagb_comment_info":0,"uagb_excerpt":"Les vraies vacances c\u00f4t\u00e9 nature au Teich Dans un \u00e9crin de verdure pr\u00e9serv\u00e9 et loin de l\u2019effervescence,&nbsp;Le Teich&nbsp;vous invite \u00e0 une d\u00e9connexion totale ! Les amoureux de grands espaces ne [&hellip;]","_links":{"self":[{"href":"https:\/\/bassin-arcachon.com\/zh\/wp-json\/wp\/v2\/pages\/120","targetHints":{"allow":["GET"]}}],"collection":[{"href":"https:\/\/bassin-arcachon.com\/zh\/wp-json\/wp\/v2\/pages"}],"about":[{"href":"https:\/\/bassin-arcachon.com\/zh\/wp-json\/wp\/v2\/types\/page"}],"author":[{"embeddable":true,"href":"https:\/\/bassin-arcachon.com\/zh\/wp-json\/wp\/v2\/users\/25"}],"replies":[{"embeddable":true,"href":"https:\/\/bassin-arcachon.com\/zh\/wp-json\/wp\/v2\/comments?post=120"}],"version-history":[{"count":2,"href":"https:\/\/bassin-arcachon.com\/zh\/wp-json\/wp\/v2\/pages\/120\/revisions"}],"predecessor-version":[{"id":121812,"href":"https:\/\/bassin-arcachon.com\/zh\/wp-json\/wp\/v2\/pages\/120\/revisions\/121812"}],"up":[{"embeddable":true,"href":"https:\/\/bassin-arcachon.com\/zh\/wp-json\/wp\/v2\/pages\/29"}],"wp:featuredmedia":[{"embeddable":true,"href":"https:\/\/bassin-arcachon.com\/zh\/wp-json\/wp\/v2\/media\/1133"}],"wp:attachment":[{"href":"https:\/\/bassin-arcachon.com\/zh\/wp-json\/wp\/v2\/media?parent=120"}],"curies":[{"name":"\u53ef\u6e7f\u6027\u7c89\u5242","href":"https:\/\/api.w.org\/{rel}","templated":true}]}}