{"id":131,"date":"2017-02-08T09:54:55","date_gmt":"2017-02-08T08:54:55","guid":{"rendered":"https:\/\/bassin-arcachon.com\/\/?page_id=131"},"modified":"2024-05-13T12:31:03","modified_gmt":"2024-05-13T10:31:03","slug":"%e7%81%af%e5%a1%94%e5%92%8c%e5%b0%96%e8%a7%92%e9%9b%aa%e8%b2%82","status":"publish","type":"page","link":"https:\/\/bassin-arcachon.com\/zh\/nos-incontournables\/le-phare-et-pointe-du-cap-ferret\/","title":{"rendered":"\u706f\u5854\u548c Pointe du Cap Ferret"},"content":{"rendered":"<div class=\"wp-block-uagb-container uagb-block-d8155aed alignfull uagb-is-root-container\"><div class=\"uagb-container-inner-blocks-wrap\">\n<div class=\"wp-block-uagb-container uagb-block-b4230842\">\n<div class=\"wp-block-uagb-image uagb-block-92d88869 wp-block-uagb-image--layout-default wp-block-uagb-image--effect-static wp-block-uagb-image--align-none\"><figure class=\"wp-block-uagb-image__figure\"><img decoding=\"async\" srcset=\"https:\/\/bassin-arcachon.com\/wp-content\/uploads\/2017\/02\/mini-map-phare-pointe.jpg \" sizes=\"auto, (max-width: 480px) 150px\" src=\"https:\/\/bassin-arcachon.com\/wp-content\/uploads\/2017\/02\/mini-map-phare-pointe.jpg\" alt=\"- - Bassin d&#039;Arcachon\" class=\"uag-image-1900\" width=\"278\" height=\"278\" title=\"- - Bassin d&#039;Arcachon\" loading=\"lazy\" role=\"img\"><\/figure><\/div>\n\n\n\n<p><strong>\u4e00\u5e74\u56db\u5b63\uff0c\u8fd9\u91cc\u90fd\u662f L\u00e8ge-Cap Ferret \u4e0d\u5bb9\u9519\u8fc7\u7684\u5730\u65b9\uff01\u5728\u8d39\u96f7\u89d2\u706f\u5854\u7684\u9ad8\u5904\u6216\u4ece Pointe\uff0c\u60a8\u53ef\u4ee5\u6b23\u8d4f\u963f\u5361\u96c4 Bassin \u6700\u7f8e\u4e3d\u7684\u5168\u666f\u3002<\/strong><\/p>\n\n\n\n<h2 class=\"wp-block-heading\">\u53d6\u8eab\u9ad8<\/h2>\n\n\n\n<p>\u65b9\u5411&nbsp;<strong>\u96ea\u8c82\u89d2\u706f\u5854&nbsp;<\/strong>\u91c7\u53d6\u5145\u5206\u7684\u773c\u775b\uff01\u4e0d\u53ef\u80fd\u9519\u8fc7 Bassin \u7684\u8fd9\u4e2a\u91cd\u8981\u4f4d\u7f6e\u3002\u662f\u65f6\u5019\u505a\u4e9b\u8fd0\u52a8\u548c\u6500\u767b\u4e86&nbsp;<strong>\u8ddd\u706f\u5854 258 \u6b65<\/strong>&nbsp;\uff01\u767b\u9876\u540e\uff0c\u666f\u8272\u4ee4\u4eba\u53f9\u4e3a\u89c2\u6b62\u3002\u4ece\u8fd9\u91cc\u60a8\u53ef\u4ee5\u4eab\u53d7&nbsp;<strong>360\u00b0 \u89c6\u56fe<\/strong>&nbsp;\u5728 conche du Mimbeau \u4e0a\u8d85\u8fc7 53 m \u9ad8\uff0c&nbsp;<a href=\"https:\/\/bassin-arcachon.com\/zh\/%e6%88%91%e4%bb%ac%e7%9a%84%e5%bf%85%e9%9c%80%e5%93%81\/%e7%9a%ae%e6%8b%89%e7%89%b9%e6%b2%99%e4%b8%98\/\">\u76ae\u62c9\u7279\u6c99\u4e18<\/a>\u548c\u7261\u86ce\u5e8a\u3002<\/p>\n\n\n\n<p><strong>\u4ef7\u683c<\/strong>&nbsp;: 4 \u6b27\u5143\/\u513f\u7ae5\uff0c7 \u6b27\u5143\/\u6210\u4eba<\/p>\n<\/div>\n\n\n\n<div class=\"wp-block-uagb-container uagb-block-f398ede0\">\n<div class=\"wp-block-uagb-image uagb-block-17584f11 wp-block-uagb-image--layout-default wp-block-uagb-image--effect-static wp-block-uagb-image--align-none\"><figure class=\"wp-block-uagb-image__figure\"><img decoding=\"async\" srcset=\"https:\/\/bassin-arcachon.com\/wp-content\/uploads\/2017\/10\/velo-cap-ferret-SIBA-agence-les-conteurs-6-683x1024.jpg \" sizes=\"auto, (max-width: 480px) 150px\" src=\"https:\/\/bassin-arcachon.com\/wp-content\/uploads\/2017\/10\/velo-cap-ferret-SIBA-agence-les-conteurs-6-683x1024.jpg\" alt=\"\u9a91\u81ea\u884c\u8f66\u76d6\u5f17\u96f7\u7279\u706f\u5854\" class=\"uag-image-10402\" width=\"683\" height=\"1024\" title=\"- - Bassin d&#039;Arcachon\" loading=\"lazy\" role=\"img\"><\/figure><\/div>\n<\/div>\n<\/div><\/div>\n\n\n\n<div style=\"height:40px\" aria-hidden=\"true\" class=\"wp-block-spacer\"><\/div>\n\n\n\n<div class=\"wp-block-uagb-container uagb-block-3905ab67 alignfull uagb-is-root-container\">\n<div class=\"wp-block-cover has-parallax\"><span aria-hidden=\"true\" class=\"wp-block-cover__background has-background-dim-0 has-background-dim\"><\/span><div class=\"wp-block-cover__image-background wp-image-1061 has-parallax\" style=\"background-position:50% 50%;background-image:url(https:\/\/bassin-arcachon.com\/wp-content\/uploads\/2017\/02\/phare-du-cap-ferret.jpg)\"><\/div><div class=\"wp-block-cover__inner-container is-layout-flow wp-block-cover-is-layout-flow\">\n<h2 class=\"wp-block-heading has-text-align-center has-white-color has-text-color has-background has-large-font-size\" style=\"background-color:#000000b3\">\u66f4\u559c\u6b22\u4e00\u5929\u7684\u5f00\u59cb\u6216\u7ed3\u675f\uff0c\u5f53\u5929\u7a7a\u6539\u53d8\u989c\u8272\u65f6\uff01<\/h2>\n<\/div><\/div>\n<\/div>\n\n\n\n<div style=\"height:40px\" aria-hidden=\"true\" class=\"wp-block-spacer\"><\/div>\n\n\n\n<div class=\"wp-block-uagb-container uagb-block-d6e90228 alignfull uagb-is-root-container\"><div class=\"uagb-container-inner-blocks-wrap\">\n<div class=\"wp-block-uagb-container uagb-block-e7e617d5\">\n<div class=\"wp-block-uagb-image uagb-block-5b4f7557 wp-block-uagb-image--layout-default wp-block-uagb-image--effect-static wp-block-uagb-image--align-none\"><figure class=\"wp-block-uagb-image__figure\"><img decoding=\"async\" srcset=\"https:\/\/bassin-arcachon.com\/wp-content\/uploads\/2017\/02\/boutique-phare-lege.jpg ,https:\/\/bassin-arcachon.com\/wp-content\/uploads\/2017\/02\/boutique-phare-lege.jpg 780w, https:\/\/bassin-arcachon.com\/wp-content\/uploads\/2017\/02\/boutique-phare-lege.jpg 360w\" sizes=\"auto, (max-width: 480px) 150px\" src=\"https:\/\/bassin-arcachon.com\/wp-content\/uploads\/2017\/02\/boutique-phare-lege.jpg\" alt=\"- - Bassin d&#039;Arcachon\" class=\"uag-image-1064\" width=\"1024\" height=\"767\" title=\"- - Bassin d&#039;Arcachon\" loading=\"lazy\" role=\"img\"><\/figure><\/div>\n<\/div>\n\n\n\n<div class=\"wp-block-uagb-container uagb-block-e2e34a34\">\n<h2 class=\"wp-block-heading\">\u53c2\u89c2\u535a\u7269\u9986\u5e76\u5728\u706f\u5854\u5546\u5e97\u8d2d\u7269<\/h2>\n\n\n\n<p>\u4e0a\u5347\u540e\uff0c\u901a\u8fc7\u5bfc\u822a\u548c\u822a\u6d77\u5236\u56fe\u7684\u6f14\u53d8\uff0c\u5728\u7eaa\u5ff5\u7891\u4e2d\u8fdb\u884c\u4e92\u52a8\u5f0f\u6f2b\u6b65\u3002\u5728\u79bb\u5f00\u4e4b\u524d\uff0c\u53bb\u706f\u5854\u5546\u5e97\u901b\u4e00\u901b\uff0c\u6311\u9009\u4e00\u4e9b\u60a8\u5728\u5176\u4ed6\u5730\u65b9\u627e\u4e0d\u5230\u7684\u793c\u7269\u3002\u5b83\u4e5f\u662f\u5f53\u5730\u4eba\u6700\u559c\u6b22\u7684\u5546\u5e97\u4e4b\u4e00\uff0c\u4ed6\u4eec\u4f1a\u505c\u4e0b\u6765\u4e3a\u4ed6\u4eec\u7684\u5ba2\u4eba\u5bfb\u627e\u793c\u7269\uff01<\/p>\n<\/div>\n<\/div><\/div>\n\n\n\n<div style=\"height:60px\" aria-hidden=\"true\" class=\"wp-block-spacer\"><\/div>\n\n\n\n<div class=\"wp-block-uagb-container uagb-block-22c34bf5 alignfull uagb-is-root-container\"><div class=\"uagb-container-inner-blocks-wrap\">\n<div class=\"wp-block-uagb-container uagb-block-8d327173\">\n<h2 class=\"wp-block-heading\">\u9075\u5faa\u201cAb\u00e9c\u00e9daire des Dunes\u201d\u8def\u5f84<\/h2>\n\n\n\n<p>\u5982\u679c\u60a8\u501f\u6b64\u673a\u4f1a\u5728\u6c99\u4e18\u4e2d\u95f4\u6563\u6b65\uff1f\u6cbf\u7740\u5c0f\u5f84 (all\u00e9e des dunes) \u524d\u884c 5 \u516c\u91cc\uff0c\u63a2\u7d22 Cap Ferret \u7684\u52a8\u690d\u7269\u7fa4\u3002\u4ece Cap Ferret \u7684\u5165\u53e3\u5230\u534a\u5c9b\u7684\u6700\u9876\u7aef\uff0c\u4ee3\u8868\u5b57\u6bcd\u8868\u4e2d\u6bcf\u4e2a\u5b57\u6bcd\u7684\u9762\u677f\u89e3\u91ca\u4e86\u5173\u4e8e\u6c99\u4e18\u3001\u6f6e\u6c50\u3001\u6d77\u6d0b\u751f\u7269\u548c\u9e1f\u7c7b\u8fc1\u5f99\u7684\u4e00\u5207......\u5728\u5176\u4ed6\u5730\u65b9\u4e3a\u4ec0\u4e48\u88ab\u79f0\u4e3a\u201c&nbsp;<a href=\"https:\/\/www.lege-capferret.com\/wp-content\/uploads\/2017\/08\/Balade_pied_AbecedaireDesDunes.pdf\" target=\"_blank\" rel=\"noreferrer noopener\">\u6c99\u4e18\u5165\u95e8<\/a> \uff01<\/p>\n<\/div>\n\n\n\n<div class=\"wp-block-uagb-container uagb-block-236142b1\">\n<div class=\"wp-block-uagb-image uagb-block-9010d749 wp-block-uagb-image--layout-default wp-block-uagb-image--effect-static wp-block-uagb-image--align-none\"><figure class=\"wp-block-uagb-image__figure\"><img decoding=\"async\" srcset=\"\" sizes=\"auto, (max-width: 480px) 150px\" src=\"https:\/\/bassin-arcachon.com\/wp-content\/uploads\/2018\/07\/ab\u00e9c\u00e9daire-des-dunes-cap-ferret-1024x683.jpg\" alt=\"- - Bassin d&#039;Arcachon\" class=\"uag-image-23722\" width=\"1024\" height=\"683\" title=\"- - Bassin d&#039;Arcachon\" loading=\"lazy\" role=\"img\" data-srcset=\"\"><\/figure><\/div>\n<\/div>\n<\/div><\/div>\n\n\n\n<div style=\"height:60px\" aria-hidden=\"true\" class=\"wp-block-spacer\"><\/div>\n\n\n\n<div class=\"wp-block-uagb-container uagb-block-111066f8 alignfull uagb-is-root-container\"><div class=\"uagb-container-inner-blocks-wrap\">\n<div class=\"wp-block-uagb-container uagb-block-9a4a99d4\">\n<div class=\"wp-block-uagb-image uagb-block-dc573222 wp-block-uagb-image--layout-default wp-block-uagb-image--effect-static wp-block-uagb-image--align-none\"><figure class=\"wp-block-uagb-image__figure\"><img decoding=\"async\" srcset=\"https:\/\/bassin-arcachon.com\/wp-content\/uploads\/2018\/07\/plage-pointe-cap-ferret-e1546594665964.jpg ,https:\/\/bassin-arcachon.com\/wp-content\/uploads\/2018\/07\/plage-pointe-cap-ferret-e1546594665964.jpg 780w, https:\/\/bassin-arcachon.com\/wp-content\/uploads\/2018\/07\/plage-pointe-cap-ferret-e1546594665964.jpg 360w\" sizes=\"auto, (max-width: 480px) 150px\" src=\"https:\/\/bassin-arcachon.com\/wp-content\/uploads\/2018\/07\/plage-pointe-cap-ferret-e1546594665964.jpg\" alt=\"Cap Ferret \u9876\u7aef\u7684\u6d77\u6ee9\" class=\"uag-image-24875\" width=\"1000\" height=\"667\" title=\"- - Bassin d&#039;Arcachon\" loading=\"lazy\" role=\"img\"><\/figure><\/div>\n<\/div>\n\n\n\n<div class=\"wp-block-uagb-container uagb-block-8614e705\">\n<h2 class=\"wp-block-heading\">\u60ca\u53f9\u4e8e Pointe du Cap Ferret<\/h2>\n\n\n\n<p>\u7247\u523b\uff0c\u5728\u6c99\u6ee9\u4e0a\u6216\u7889\u5821\u4e0a\u5b89\u987f\u4e0b\u6765\uff0c\u6b23\u8d4f\u6c99\u4e18\u675c\u76ae\u62c9\u7279\u7684 180 \u5ea6\u5168\u666f\uff0c&nbsp;<a href=\"https:\/\/bassin-arcachon.com\/zh\/%e6%88%91%e4%bb%ac%e7%9a%84%e5%bf%85%e9%9c%80%e5%93%81\/%e9%93%b6%e8%a1%8c%e8%be%be%e9%87%91\/\">\u963f\u5c14\u91d1\u94f6\u884c<\/a>&nbsp;\u4f20\u6765\u6c34\u62cd\u6253\u7684\u58f0\u97f3\u3002\u8fd9\u662f\u5e73\u9759\u7684\u6c34 Bassin \u4e0e\u5927\u897f\u6d0b\u76f8\u9047\u7684\u5730\u65b9\u3002<\/p>\n\n\n\n<p>\u800c\u4e14\u4ed4\u7ec6\u4e00\u770b\uff0c\u8fd8\u80fd\u770b\u5230\u6c34\u6d41\u4ea4\u7ec7\uff0c\u6c14\u52bf\u78c5\u7934\uff01<\/p>\n<\/div>\n<\/div><\/div>\n\n\n\n<div style=\"height:40px\" aria-hidden=\"true\" class=\"wp-block-spacer\"><\/div>\n\n\n\n<div class=\"wp-block-uagb-container uagb-block-514828b2 alignfull uagb-is-root-container\"><div class=\"uagb-container-inner-blocks-wrap\">\n<figure class=\"wp-block-pullquote\" style=\"border-radius:0px;border-top-style:none;border-top-width:0px;border-right-style:none;border-right-width:0px;border-bottom-style:none;border-bottom-width:0px;border-left-width:2px\"><blockquote><p>\u65e9\u4e0a\u6765\u5427\uff0cPointe de la peninsula \u771f\u662f\u592a\u795e\u5947\u4e86\uff01<\/p><\/blockquote><\/figure>\n<\/div><\/div>\n\n\n\n<div style=\"height:20px\" aria-hidden=\"true\" class=\"wp-block-spacer\"><\/div>\n\n\n\n<div class=\"wp-block-uagb-container uagb-block-0f6b7a7c alignfull uagb-is-root-container\"><div class=\"uagb-container-inner-blocks-wrap\">\n<div class=\"wp-block-uagb-container uagb-block-c957af83\">\n<h2 class=\"wp-block-heading\">\u6211\u4eec\u6709\u7528\u7684\u94fe\u63a5\u53ef\u5e2e\u52a9\u60a8\u51c6\u5907\u5728 L\u00e8ge-Cap Ferret \u7684\u5047\u671f<\/h2>\n\n\n\n<p><a href=\"https:\/\/bassin-arcachon.com\/zh\/%e6%88%96%e7%9d%a1%e8%a7%89\/%e9%87%8e%e8%90%a5\/lege-cap-ferret\/\">\u9732\u8425<\/a>,\u00a0<a href=\"https:\/\/bassin-arcachon.com\/zh\/%e6%88%96%e7%9d%a1%e8%a7%89\/%e4%bd%8f%e5%ae%bf%e5%8a%a0%e6%97%a9%e9%a4%90%e5%87%ba%e7%a7%9f\/%e9%9b%aa%e8%b2%82%e5%b8%bd\/\">\u5bbe\u9986<\/a>,\u00a0<a href=\"https:\/\/bassin-arcachon.com\/zh\/%e6%88%96%e7%9d%a1%e8%a7%89\/%e9%85%92%e5%ba%97-2\/%e9%9b%aa%e8%b2%82%e5%b8%bd\/\">\u9152\u5e97<\/a>,\u00a0<a href=\"https:\/\/bassin-arcachon.com\/zh\/%e6%88%96%e7%9d%a1%e8%a7%89\/%e7%a7%9f%e9%87%91\/%e9%9b%aa%e8%b2%82%e5%b8%bd\/\">\u6211\u4eec\u7684\u5c0f\u5c4b<\/a>,\u00a0<a href=\"https:\/\/bassin-arcachon.com\/zh\/%e8%ae%ae%e7%a8%8b%e5%a4%96%e5%87%ba%e5%b8%82%e5%9c%ba\/lege-cap-%e9%9b%aa%e8%b2%82%e7%9a%84%e8%84%9a%e6%ad%a5\/\">\u534a\u5c9b\u5e02\u573a<\/a>,\u00a0<a href=\"https:\/\/bassin-arcachon.com\/zh\/%e6%88%96%e5%90%83\/lege-cap-ferret\/\">\u5728 Lege Cap Ferret \u4e2d\u9910\u9986<\/a>.<\/p>\n\n\n\n<p>\u5bf9\u4e8e\u81ea\u884c\u8f66\u7231\u597d\u8005\uff0c\u53d1\u73b0&nbsp;<a href=\"https:\/\/bassin-arcachon.com\/zh\/%e7%94%b5%e8%b7%af\/de-belisaire-a-pointe\/\">\u6211\u4eec\u7684\u884c\u7a0b\u4ece B\u00e9lisaire \u7801\u5934\u5f00\u59cb\u5230 Pointe du Cap Ferret<\/a>.<\/p>\n<\/div>\n\n\n\n<div class=\"wp-block-uagb-container uagb-block-21836a80\">\t\t\t\t\t<div\n\t\t\t\t\t\tclass=\"wp-block-uagb-image-gallery uagb-block-10ddf0f1\"\n\t\t\t\t\t\tstyle=\"\"\n\t\t\t\t\t>\n\t\t\t\t\t\t\t\t\t\t\t<div class=\"spectra-image-gallery spectra-image-gallery__layout--carousel\">\n\t\t\t\t\t\t\t\t<div class=\"uagb-slick-carousel uagb-block-10ddf0f1\">\n\t\t\t\t\t\t\t\t\t\t\t\t<div class='spectra-image-gallery__media-wrapper' data-spectra-gallery-image-id='37780'>\n\t\t\t\t\t\t\t<div class=\"spectra-image-gallery__media spectra-image-gallery__media--carousel\">\n\t\t\t\t<picture>\n\t\t\t\t\t<source media=\"(min-width: 1024px)\" srcset=\"https:\/\/bassin-arcachon.com\/wp-content\/uploads\/2019\/09\/plage-pointe-siba-agence-les-conteurs-47-1024x683.jpg\">\n\t\t\t\t\t<source media=\"(min-width: 768px)\" srcset=\"https:\/\/bassin-arcachon.com\/wp-content\/uploads\/2019\/09\/plage-pointe-siba-agence-les-conteurs-47-1024x683.jpg\">\n\t\t\t\t\t<img decoding=\"async\" class=\"spectra-image-gallery__media-thumbnail spectra-image-gallery__media-thumbnail--carousel\" src=\"https:\/\/bassin-arcachon.com\/wp-content\/uploads\/2019\/09\/plage-pointe-siba-agence-les-conteurs-47-450x300.jpg\" alt=\"Cap Ferret \u6d77\u6ee9\" loading=\"lazy\" title=\"- - Bassin d&#039;Arcachon\">\n\t\t\t\t<\/picture>\n\t\t\t\t<div class=\"spectra-image-gallery__media-thumbnail-blurrer\"><\/div>\n\t\t\t\t\t\t\t\t\t\t\t<div class=\"spectra-image-gallery__media-thumbnail-caption-wrapper spectra-image-gallery__media-thumbnail-caption-wrapper--overlay\"><\/div>\n\t\t\t\t\t\t\t\t<\/div>\n\t\t\t\t\t\t<\/div>\n\t\t\t\t\t\t<div class='spectra-image-gallery__media-wrapper' data-spectra-gallery-image-id='26169'>\n\t\t\t\t\t\t\t<div class=\"spectra-image-gallery__media spectra-image-gallery__media--carousel\">\n\t\t\t\t<picture>\n\t\t\t\t\t<source media=\"(min-width: 1024px)\" srcset=\"https:\/\/bassin-arcachon.com\/wp-content\/uploads\/2018\/09\/nourri-a-lhu\u00eetre-\u00e9lev\u00e9-sous-les-pins-Bassin-dArcachon.jpg\">\n\t\t\t\t\t<source media=\"(min-width: 768px)\" srcset=\"https:\/\/bassin-arcachon.com\/wp-content\/uploads\/2018\/09\/nourri-a-lhu\u00eetre-\u00e9lev\u00e9-sous-les-pins-Bassin-dArcachon.jpg\">\n\t\t\t\t\t<img decoding=\"async\" class=\"spectra-image-gallery__media-thumbnail spectra-image-gallery__media-thumbnail--carousel\" src=\"https:\/\/bassin-arcachon.com\/wp-content\/uploads\/2018\/09\/nourri-a-lhu\u00eetre-\u00e9lev\u00e9-sous-les-pins-Bassin-dArcachon-450x300.jpg\" alt=\"- - Bassin d&#039;Arcachon\" loading=\"lazy\" title=\"- - Bassin d&#039;Arcachon\">\n\t\t\t\t<\/picture>\n\t\t\t\t<div class=\"spectra-image-gallery__media-thumbnail-blurrer\"><\/div>\n\t\t\t\t\t\t\t\t\t\t\t<div class=\"spectra-image-gallery__media-thumbnail-caption-wrapper spectra-image-gallery__media-thumbnail-caption-wrapper--overlay\"><\/div>\n\t\t\t\t\t\t\t\t<\/div>\n\t\t\t\t\t\t<\/div>\n\t\t\t\t\t\t\t\t\t\t\t<\/div>\n\t\t\t\t\t\t\t<\/div>\n\t\t\t\t\t\t\t\t\t\t\t<\/div>\n\t\t\t\t\t\t\t\t\t<\/div>\n<\/div><\/div>\n\n\n\n<div style=\"height:60px\" aria-hidden=\"true\" class=\"wp-block-spacer\"><\/div>","protected":false},"excerpt":{"rendered":"<p>\u00c0 toutes les saisons, c\u2019est l\u2019endroit \u00e0 ne pas manquer \u00e0 L\u00e8ge-Cap Ferret&nbsp;! Sur les hauteurs du Phare du Cap Ferret ou depuis la Pointe, vous pourrez y admirer les [&hellip;]<\/p>\n","protected":false},"author":25,"featured_media":7327,"parent":27,"menu_order":0,"comment_status":"closed","ping_status":"closed","template":"","meta":{"_acf_changed":false,"_uag_custom_page_level_css":"","footnotes":""},"class_list":["post-131","page","type-page","status-publish","has-post-thumbnail","hentry"],"acf":[],"uagb_featured_image_src":{"full":["https:\/\/bassin-arcachon.com\/wp-content\/uploads\/2017\/02\/Phare_N0491.jpg",2048,1365,false],"thumbnail":["https:\/\/bassin-arcachon.com\/wp-content\/uploads\/2017\/02\/Phare_N0491-150x150.jpg",150,150,true],"medium":["https:\/\/bassin-arcachon.com\/wp-content\/uploads\/2017\/02\/Phare_N0491-600x400.jpg",600,400,true],"medium_large":["https:\/\/bassin-arcachon.com\/wp-content\/uploads\/2017\/02\/Phare_N0491-768x512.jpg",768,512,true],"large":["https:\/\/bassin-arcachon.com\/wp-content\/uploads\/2017\/02\/Phare_N0491-1024x683.jpg",1024,683,true],"1536x1536":["https:\/\/bassin-arcachon.com\/wp-content\/uploads\/2017\/02\/Phare_N0491-1536x1024.jpg",1536,1024,true],"2048x2048":["https:\/\/bassin-arcachon.com\/wp-content\/uploads\/2017\/02\/Phare_N0491.jpg",2048,1365,false],"trp-custom-language-flag":["https:\/\/bassin-arcachon.com\/wp-content\/uploads\/2017\/02\/Phare_N0491-18x12.jpg",18,12,true]},"uagb_author_info":{"display_name":"Marie Clauzel","author_link":"https:\/\/bassin-arcachon.com\/zh\/author\/mariesiba\/"},"uagb_comment_info":0,"uagb_excerpt":"\u00c0 toutes les saisons, c\u2019est l\u2019endroit \u00e0 ne pas manquer \u00e0 L\u00e8ge-Cap Ferret&nbsp;! Sur les hauteurs du Phare du Cap Ferret ou depuis la Pointe, vous pourrez y admirer les [&hellip;]","_links":{"self":[{"href":"https:\/\/bassin-arcachon.com\/zh\/wp-json\/wp\/v2\/pages\/131","targetHints":{"allow":["GET"]}}],"collection":[{"href":"https:\/\/bassin-arcachon.com\/zh\/wp-json\/wp\/v2\/pages"}],"about":[{"href":"https:\/\/bassin-arcachon.com\/zh\/wp-json\/wp\/v2\/types\/page"}],"author":[{"embeddable":true,"href":"https:\/\/bassin-arcachon.com\/zh\/wp-json\/wp\/v2\/users\/25"}],"replies":[{"embeddable":true,"href":"https:\/\/bassin-arcachon.com\/zh\/wp-json\/wp\/v2\/comments?post=131"}],"version-history":[{"count":1,"href":"https:\/\/bassin-arcachon.com\/zh\/wp-json\/wp\/v2\/pages\/131\/revisions"}],"predecessor-version":[{"id":217792,"href":"https:\/\/bassin-arcachon.com\/zh\/wp-json\/wp\/v2\/pages\/131\/revisions\/217792"}],"up":[{"embeddable":true,"href":"https:\/\/bassin-arcachon.com\/zh\/wp-json\/wp\/v2\/pages\/27"}],"wp:featuredmedia":[{"embeddable":true,"href":"https:\/\/bassin-arcachon.com\/zh\/wp-json\/wp\/v2\/media\/7327"}],"wp:attachment":[{"href":"https:\/\/bassin-arcachon.com\/zh\/wp-json\/wp\/v2\/media?parent=131"}],"curies":[{"name":"\u53ef\u6e7f\u6027\u7c89\u5242","href":"https:\/\/api.w.org\/{rel}","templated":true}]}}