{"id":137,"date":"2017-02-08T09:56:32","date_gmt":"2017-02-08T08:56:32","guid":{"rendered":"https:\/\/bassin-arcachon.com\/\/?page_id=137"},"modified":"2023-12-12T08:36:51","modified_gmt":"2023-12-12T07:36:51","slug":"%e7%89%a1%e8%9b%8e%e6%9d%91%e5%92%8c%e6%b8%af%e5%8f%a3","status":"publish","type":"page","link":"https:\/\/bassin-arcachon.com\/zh\/nos-incontournables\/les-villages-et-ports-ostreicoles\/","title":{"rendered":"\u7261\u86ce\u6751\u548c\u6e2f\u53e3"},"content":{"rendered":"<div class=\"wp-block-uagb-container uagb-block-9a520615 alignfull uagb-is-root-container\"><div class=\"uagb-container-inner-blocks-wrap\">\n<div class=\"wp-block-uagb-container uagb-block-866c04f1\">\n<div class=\"wp-block-uagb-image uagb-block-dd8f00f1 wp-block-uagb-image--layout-default wp-block-uagb-image--effect-static wp-block-uagb-image--align-none\"><figure class=\"wp-block-uagb-image__figure\"><img decoding=\"async\" srcset=\"https:\/\/bassin-arcachon.com\/wp-content\/uploads\/2017\/02\/mini-map-ports.jpg \" sizes=\"auto, (max-width: 480px) 150px\" src=\"https:\/\/bassin-arcachon.com\/wp-content\/uploads\/2017\/02\/mini-map-ports.jpg\" alt=\"- - Bassin d&#039;Arcachon\" class=\"uag-image-1887\" width=\"278\" height=\"278\" title=\"- - Bassin d&#039;Arcachon\" loading=\"lazy\"><\/figure><\/div>\n\n\n\n<h2 class=\"wp-block-heading\">\u5728 Arcachon Bassin \u4e0a\uff0c\u6e2f\u53e3\u548c\u7261\u86ce\u6751\u662f\u98ce\u666f\u7684\u4e00\u90e8\u5206\uff01<\/h2>\n\n\n\n<p>\u6bcf\u4e2a\u4eba\u90fd\u6709\u81ea\u5df1\u7684\u9b45\u529b\u548c\u4e2a\u6027\u3002\u6b65\u884c\u3001\u9a91\u81ea\u884c\u8f66\u751a\u81f3\u4e58\u8239\u63a2\u7d22\u5b83\u4eec\uff0c\u4f53\u9a8c\u771f\u6b63\u7684\u5047\u671f\uff01\u4eba\u4eec\u6765\u5230\u8fd9\u91cc\u662f\u4e3a\u4e86\u5728\u5f53\u5730\u7684\u7261\u86ce\u517b\u6b96\u573a\u5c06\u811a\u8e29\u5728\u6c34\u91cc\u54c1\u5c1d\u4e00\u4e9b\u65b0\u9c9c\u7684\u7261\u86ce\uff0c\u6f2b\u6b65\u5728\u4e94\u989c\u516d\u8272\u7684\u5c0f\u5c4b\u91cc\uff0c\u751a\u81f3\u6b23\u8d4f\u516c\u5bd3\u7684\u6765\u56de\u3002<\/p>\n<\/div>\n\n\n\n<div class=\"wp-block-uagb-container uagb-block-811be352\">\t\t\t\t\t<div\n\t\t\t\t\t\tclass=\"wp-block-uagb-image-gallery uagb-block-de19693b\"\n\t\t\t\t\t\tstyle=\"\"\n\t\t\t\t\t>\n\t\t\t\t\t\t\t\t\t\t\t<div class=\"spectra-image-gallery spectra-image-gallery__layout--carousel\">\n\t\t\t\t\t\t\t\t<div class=\"uagb-slick-carousel uagb-block-de19693b\">\n\t\t\t\t\t\t\t\t\t\t\t\t<div class='spectra-image-gallery__media-wrapper' data-spectra-gallery-image-id='8864'>\n\t\t\t\t\t\t\t<div class=\"spectra-image-gallery__media spectra-image-gallery__media--carousel\">\n\t\t\t\t<picture>\n\t\t\t\t\t<source media=\"(min-width: 1024px)\" srcset=\"https:\/\/bassin-arcachon.com\/wp-content\/uploads\/2017\/02\/Port-de-gujan-1024x683.jpg\">\n\t\t\t\t\t<source media=\"(min-width: 768px)\" srcset=\"https:\/\/bassin-arcachon.com\/wp-content\/uploads\/2017\/02\/Port-de-gujan-1024x683.jpg\">\n\t\t\t\t\t<img decoding=\"async\" class=\"spectra-image-gallery__media-thumbnail spectra-image-gallery__media-thumbnail--carousel\" src=\"https:\/\/bassin-arcachon.com\/wp-content\/uploads\/2017\/02\/Port-de-gujan-300x200.jpg\" alt=\"- - Bassin d&#039;Arcachon\" loading=\"lazy\" title=\"- - Bassin d&#039;Arcachon\">\n\t\t\t\t<\/picture>\n\t\t\t\t<div class=\"spectra-image-gallery__media-thumbnail-blurrer\"><\/div>\n\t\t\t\t\t\t\t\t\t\t\t<div class=\"spectra-image-gallery__media-thumbnail-caption-wrapper spectra-image-gallery__media-thumbnail-caption-wrapper--overlay\"><\/div>\n\t\t\t\t\t\t\t\t<\/div>\n\t\t\t\t\t\t<\/div>\n\t\t\t\t\t\t<div class='spectra-image-gallery__media-wrapper' data-spectra-gallery-image-id='1631'>\n\t\t\t\t\t\t\t<div class=\"spectra-image-gallery__media spectra-image-gallery__media--carousel\">\n\t\t\t\t<picture>\n\t\t\t\t\t<source media=\"(min-width: 1024px)\" srcset=\"https:\/\/bassin-arcachon.com\/wp-content\/uploads\/2017\/03\/aiguillon-cabane-pecheur-1024x683.jpg\">\n\t\t\t\t\t<source media=\"(min-width: 768px)\" srcset=\"https:\/\/bassin-arcachon.com\/wp-content\/uploads\/2017\/03\/aiguillon-cabane-pecheur-1024x683.jpg\">\n\t\t\t\t\t<img decoding=\"async\" class=\"spectra-image-gallery__media-thumbnail spectra-image-gallery__media-thumbnail--carousel\" src=\"https:\/\/bassin-arcachon.com\/wp-content\/uploads\/2017\/03\/aiguillon-cabane-pecheur-300x200.jpg\" alt=\"- - Bassin d&#039;Arcachon\" loading=\"lazy\" title=\"- - Bassin d&#039;Arcachon\">\n\t\t\t\t<\/picture>\n\t\t\t\t<div class=\"spectra-image-gallery__media-thumbnail-blurrer\"><\/div>\n\t\t\t\t\t\t\t\t\t\t\t<div class=\"spectra-image-gallery__media-thumbnail-caption-wrapper spectra-image-gallery__media-thumbnail-caption-wrapper--overlay\"><\/div>\n\t\t\t\t\t\t\t\t<\/div>\n\t\t\t\t\t\t<\/div>\n\t\t\t\t\t\t\t\t\t\t\t<\/div>\n\t\t\t\t\t\t\t<\/div>\n\t\t\t\t\t\t\t\t\t\t\t<\/div>\n\t\t\t\t\t\t\t\t\t<\/div>\n<\/div><\/div>\n\n\n\n<div style=\"height:40px\" aria-hidden=\"true\" class=\"wp-block-spacer\"><\/div>\n\n\n\n<div class=\"wp-block-uagb-container uagb-block-83832cbd alignfull uagb-is-root-container\"><div class=\"uagb-container-inner-blocks-wrap\">\n<figure class=\"wp-block-pullquote\" style=\"border-radius:0px;border-top-style:none;border-top-width:0px;border-right-style:none;border-right-width:0px;border-bottom-style:none;border-bottom-width:0px;border-left-width:2px\"><blockquote><p>\u53c2\u89c2 Arcachon Bassin \u7684\u6751\u5e84\u548c\u7261\u86ce\u6e2f\u53e3\u662f\u4e00\u79cd\u4f20\u7edf\uff0c\u662f\u4e00\u79cd\u89c6\u89c9\u4e0a\u7684\u4eab\u53d7\uff0c\u4e5f\u662f\u5473\u857e\u4e0a\u7684\u4eab\u53d7\uff01<\/p><\/blockquote><\/figure>\n<\/div><\/div>\n\n\n\n<div style=\"height:20px\" aria-hidden=\"true\" class=\"wp-block-spacer\"><\/div>\n\n\n\n<div class=\"wp-block-uagb-container uagb-block-eac81924 alignfull uagb-is-root-container\"><div class=\"uagb-container-inner-blocks-wrap\">\n<div class=\"wp-block-uagb-container uagb-block-09e15343\">\n<h2 class=\"wp-block-heading\">\u63a2\u7d22\u7261\u86ce\u6751<\/h2>\n\n\n\n<p>\u6211\u4eec\u4e2d\u7684\u8bb8\u591a\u4eba\u90fd\u559c\u6b22\u5728\u5c0f\u5c4b\u4e4b\u95f4\u6563\u6b65\uff0c\u65e0\u8bba\u590f\u5929\u8fd8\u662f\u51ac\u5929\u3002\u51e0\u7f15\u9633\u5149\u5c31\u8db3\u4ee5\u8ba9\u6211\u4eec\u60f3\u547c\u5438\u8fd9\u88ab\u7898\u5316\u7684\u7a7a\u6c14&nbsp;<strong>\u6765\u81ea\u963f\u5361\u96c4\u7684 Bassin<\/strong>.\u5728 Bassin \u5468\u56f4\uff0c\u4f60\u6709\u7261\u86ce\u6e2f\u53e3\u548c\u6751\u5e84\uff1a&nbsp;<a href=\"https:\/\/bassin-arcachon.com\/zh\/%e6%88%91%e4%bb%ac%e7%9a%84%e5%9f%8e%e5%b8%82%e5%92%8c%e6%9d%91%e5%ba%84\/%e6%89%b9%e9%87%8f%e6%b5%8b%e8%af%95\/\">La Teste de Buch<\/a>, Gujan-Mestras, Biganos, Andernos, Ares\u2026\u2026<\/p>\n\n\n\n<p>\u4e0d\u8981\u9519\u8fc7&nbsp;<strong>\u8349\u6751<\/strong>&nbsp;\u4e0a&nbsp;<a href=\"https:\/\/bassin-arcachon.com\/zh\/%e6%88%91%e4%bb%ac%e7%9a%84%e5%9f%8e%e5%b8%82%e5%92%8c%e6%9d%91%e5%ba%84\/lege-cap-ferret\/\">Lege-Cap\u96ea\u8c82<\/a>.\u8fd9\u4e2a\u6751\u5e84\u4ee5\u5176\u8272\u5f69\u9c9c\u8273\u7684\u6728\u5c4b\u548c\u963f\u5c14\u53ca\u5229\u4e9a\u522b\u5885\u5c0f\u6559\u5802\u800c\u95fb\u540d\uff0c\u770b\u8d77\u6765\u5c31\u50cf\u4e00\u5f20\u660e\u4fe1\u7247\u3002<\/p>\n\n\n\n<p>\u9664\u4e86\u662f\u6563\u6b65\u7684\u7406\u60f3\u573a\u6240\uff0c&nbsp;<strong>\u660e\u535a\u7261\u86ce\u517b\u6b96\u6751<\/strong>&nbsp;\uff08Cap Ferret\uff09\u5c31\u662f\u5176\u4e2d\u4e4b\u4e00\uff0c\u80cc\u666f\u662f Dune du Pilat\uff01\u4e0d\u8fdc\u5904\u7684 B\u00e9lisaire \u7801\u5934\u662f\u5c0f\u8239\u3001\u6c7d\u8247\u548c\u9a73\u8239\u63a2\u7d22\u7684\u8d77\u70b9&nbsp;<a href=\"https:\/\/bassin-arcachon.com\/zh\/%e7%9b%86%e5%9c%b0-arcachon\/%e6%88%91%e4%bb%ac%e7%9a%84%e5%bf%85%e9%9c%80%e5%93%81\/%e9%93%b6%e8%a1%8c%e8%be%be%e9%87%91\/\">\u963f\u5c14\u91d1\u94f6\u884c<\/a>,&nbsp;<a href=\"https:\/\/bassin-arcachon.com\/zh\/%e6%88%91%e4%bb%ac%e7%9a%84%e5%bf%85%e9%9c%80%e5%93%81\/the-cabanes-thanquees\/\">\u9ad8\u8df7\u4e0a\u7684\u5c0f\u5c4b<\/a>&nbsp;\u6216 Presqu&#039;\u00eele \u7684\u6d77\u5cb8\u3002<\/p>\n\n\n\n<p><strong>Bassin\u667a\u80fd<\/strong>&nbsp;: \u590f\u5929\u8bb0\u5f97\u5e26\u4e0a\u6cf3\u8863\uff0c\u7261\u86ce\u517b\u6b96\u6751\u9644\u8fd1\u7684\u5c0f\u6d77\u6ee9\u4f1a\u5438\u5f15\u4f60\u7684\u773c\u7403\u3002\u4e00\u65e6\u8fdb\u5165\u6c34\u4e2d\uff0c\u4fbf\u53ef 360 \u5ea6\u6b23\u8d4f\u8272\u5f69\u7f24\u7eb7\u7684\u5c0f\u5c4b\u548c&nbsp;<a href=\"https:\/\/bassin-arcachon.com\/zh\/%e6%88%91%e4%bb%ac%e7%9a%84%e5%bf%85%e9%9c%80%e5%93%81\/%e7%9a%ae%e6%8b%89%e7%89%b9%e6%b2%99%e4%b8%98\/\">\u76ae\u62c9\u7279\u6c99\u4e18<\/a>&nbsp;\u975e\u5e38\u5b8c\u7f8e\u3002\u7261\u86ce\u54c1\u5c1d\u663e\u7136\u5305\u62ec\u5728\u5185\u3002<\/p>\n<\/div>\n\n\n\n<div class=\"wp-block-uagb-container uagb-block-1e097a23\">\n<div class=\"wp-block-uagb-image uagb-block-b7f6bc5f wp-block-uagb-image--layout-default wp-block-uagb-image--effect-static wp-block-uagb-image--align-none\"><figure class=\"wp-block-uagb-image__figure\"><img decoding=\"async\" srcset=\"https:\/\/bassin-arcachon.com\/wp-content\/uploads\/2018\/04\/villlage-ostreicole-velo-lege-cap-ferret-1-683x1024.jpg \" sizes=\"auto, (max-width: 480px) 150px\" src=\"https:\/\/bassin-arcachon.com\/wp-content\/uploads\/2018\/04\/villlage-ostreicole-velo-lege-cap-ferret-1-683x1024.jpg\" alt=\"\u5728 L\u00e8ge Cap Ferret \u7684\u7261\u86ce\u517b\u6b96\u6751\u9a91\u81ea\u884c\u8f66\" class=\"uag-image-19929\" width=\"683\" height=\"1024\" title=\"- - Bassin d&#039;Arcachon\" loading=\"lazy\"><\/figure><\/div>\n<\/div>\n<\/div><\/div>\n\n\n\n<div style=\"height:40px\" aria-hidden=\"true\" class=\"wp-block-spacer\"><\/div>\n\n\n\n<div class=\"wp-block-uagb-container uagb-block-7bd83fbb alignfull uagb-is-root-container\"><div class=\"uagb-container-inner-blocks-wrap\">\t\t\t\t\t<div\n\t\t\t\t\t\tclass=\"wp-block-uagb-image-gallery uagb-block-5cdd89e6\"\n\t\t\t\t\t\tstyle=\"\"\n\t\t\t\t\t>\n\t\t\t\t\t\t\t\t\t\t\t<div class=\"spectra-image-gallery spectra-image-gallery__layout--grid spectra-image-gallery__layout--grid-col-2 spectra-image-gallery__layout--grid-col-tab-2 spectra-image-gallery__layout--grid-col-mob-2\">\n\t\t\t\t\t\t\t\t\t\t\t<div class='spectra-image-gallery__media-wrapper' data-spectra-gallery-image-id='22811' tabindex=\"0\">\n\t\t\t\t\t\t\t<div class=\"spectra-image-gallery__media spectra-image-gallery__media--grid\">\n\t\t\t\t<picture>\n\t\t\t\t\t<source media=\"(min-width: 1024px)\" srcset=\"https:\/\/bassin-arcachon.com\/wp-content\/uploads\/2018\/06\/cap-gourmand-siba-agence-les-conteurs-72-e1546597671403.jpg\">\n\t\t\t\t\t<source media=\"(min-width: 768px)\" srcset=\"https:\/\/bassin-arcachon.com\/wp-content\/uploads\/2018\/06\/cap-gourmand-siba-agence-les-conteurs-72-e1546597671403.jpg\">\n\t\t\t\t\t<img decoding=\"async\" class=\"spectra-image-gallery__media-thumbnail spectra-image-gallery__media-thumbnail--grid\" src=\"https:\/\/bassin-arcachon.com\/wp-content\/uploads\/2018\/06\/cap-gourmand-siba-agence-les-conteurs-72-e1546597671403-300x200.jpg\" alt=\"\u5728\u76ae\u62c9\u7279\u6c99\u4e18\u524d\u54c1\u5c1d\u7261\u86ce\uff0c\u4e0e\u7f8e\u98df\u5bb6\u540c\u884c\" loading=\"lazy\" title=\"- - Bassin d&#039;Arcachon\">\n\t\t\t\t<\/picture>\n\t\t\t\t<div class=\"spectra-image-gallery__media-thumbnail-blurrer\"><\/div>\n\t\t\t\t\t\t\t\t\t\t\t<div class=\"spectra-image-gallery__media-thumbnail-caption-wrapper spectra-image-gallery__media-thumbnail-caption-wrapper--overlay\"><\/div>\n\t\t\t\t\t\t\t\t<\/div>\n\t\t\t\t\t\t<\/div>\n\t\t\t\t\t\t<div class='spectra-image-gallery__media-wrapper' data-spectra-gallery-image-id='24865' tabindex=\"0\">\n\t\t\t\t\t\t\t<div class=\"spectra-image-gallery__media spectra-image-gallery__media--grid\">\n\t\t\t\t<picture>\n\t\t\t\t\t<source media=\"(min-width: 1024px)\" srcset=\"https:\/\/bassin-arcachon.com\/wp-content\/uploads\/2018\/07\/d\u00e9guster-hu\u00eetres-\u00e0-la-cabane-e1546595323274.jpg\">\n\t\t\t\t\t<source media=\"(min-width: 768px)\" srcset=\"https:\/\/bassin-arcachon.com\/wp-content\/uploads\/2018\/07\/d\u00e9guster-hu\u00eetres-\u00e0-la-cabane-e1546595323274.jpg\">\n\t\t\t\t\t<img decoding=\"async\" class=\"spectra-image-gallery__media-thumbnail spectra-image-gallery__media-thumbnail--grid\" src=\"https:\/\/bassin-arcachon.com\/wp-content\/uploads\/2018\/07\/d\u00e9guster-hu\u00eetres-\u00e0-la-cabane-e1546595323274-300x200.jpg\" alt=\"\u5728 Bassin d&#039;Arcachon \u7684\u5c0f\u5c4b\u4e2d\u54c1\u5c1d\u7261\u86ce\" loading=\"lazy\" title=\"- - Bassin d&#039;Arcachon\">\n\t\t\t\t<\/picture>\n\t\t\t\t<div class=\"spectra-image-gallery__media-thumbnail-blurrer\"><\/div>\n\t\t\t\t\t\t\t\t\t\t\t<div class=\"spectra-image-gallery__media-thumbnail-caption-wrapper spectra-image-gallery__media-thumbnail-caption-wrapper--overlay\"><\/div>\n\t\t\t\t\t\t\t\t<\/div>\n\t\t\t\t\t\t<\/div>\n\t\t\t\t\t\t\t\t\t\t<\/div>\n\t\t\t\t\t\t\t\t\t\t\t\t\t\t\t\t\t\t<\/div>\n\t\t\t\t\t\t\t\t\t<\/div><\/div>\n\n\n\n<div style=\"height:40px\" aria-hidden=\"true\" class=\"wp-block-spacer\"><\/div>\n\n\n\n<div class=\"wp-block-uagb-container uagb-block-14443563 alignfull uagb-is-root-container\"><div class=\"uagb-container-inner-blocks-wrap\">\n<div class=\"wp-block-uagb-container uagb-block-43170417\">\n<div class=\"wp-block-uagb-image uagb-block-90f424bc wp-block-uagb-image--layout-default wp-block-uagb-image--effect-static wp-block-uagb-image--align-none\"><figure class=\"wp-block-uagb-image__figure\"><img decoding=\"async\" srcset=\"https:\/\/bassin-arcachon.com\/wp-content\/uploads\/2023\/08\/Design-sans-titre-2023-12-08T104740.989-1024x1024.png ,https:\/\/bassin-arcachon.com\/wp-content\/uploads\/2023\/08\/Design-sans-titre-2023-12-08T104740.989.png 780w, https:\/\/bassin-arcachon.com\/wp-content\/uploads\/2023\/08\/Design-sans-titre-2023-12-08T104740.989.png 360w\" sizes=\"auto, (max-width: 480px) 150px\" src=\"https:\/\/bassin-arcachon.com\/wp-content\/uploads\/2023\/08\/Design-sans-titre-2023-12-08T104740.989-1024x1024.png\" alt=\"- - Bassin d&#039;Arcachon\" class=\"uag-image-57369\" width=\"1024\" height=\"1024\" title=\"- - Bassin d&#039;Arcachon\" loading=\"lazy\"><\/figure><\/div>\n<\/div>\n\n\n\n<div class=\"wp-block-uagb-container uagb-block-5f9282e8\">\n<h2 class=\"wp-block-heading\">\u63a2\u7d22\u963f\u5361\u96c4 Bassin \u7684\u7261\u86ce\u6e2f\u53e3\u53ca\u5176\u6d3b\u52a8<\/h2>\n\n\n\n<p>\u524d\u5f80 Arcachon Bassin \u7684\u7261\u86ce\u6e2f\u53e3\u8fd8\u610f\u5473\u7740\u4f1a\u89c1\u7261\u86ce\u517b\u6b96\u548c\u6e14\u4e1a\u4e13\u4e1a\u4eba\u58eb\u3002\u6e2f\u53e3\u4e24\u65c1\u8272\u5f69\u7f24\u7eb7\u7684\u68da\u5c4b\u901a\u5e38\u5b58\u653e\u7740\u517b\u6b96\u7261\u86ce\u548c\u9c7c\u7c7b\u6240\u9700\u7684\u8bbe\u5907\u3002<\/p>\n<\/div>\n<\/div><\/div>\n\n\n\n<div style=\"height:40px\" aria-hidden=\"true\" class=\"wp-block-spacer\"><\/div>\n\n\n\n<div class=\"wp-block-uagb-container uagb-block-e4459af0 alignfull uagb-is-root-container\"><div class=\"uagb-container-inner-blocks-wrap\">\n<figure class=\"wp-block-pullquote\" style=\"border-radius:0px;border-top-style:none;border-top-width:0px;border-right-style:none;border-right-width:0px;border-bottom-style:none;border-bottom-width:0px;border-left-width:2px\"><blockquote><p>\u6f2b\u6b65\u5728\u5c0f\u6728\u5c4b\u4e4b\u95f4\uff0c\u4e00\u5b9a\u4f1a\u53d1\u73b0\u6b63\u5728\u6652\u5e72\u7684\u7a7a\u7261\u86ce\u888b\uff01<\/p><\/blockquote><\/figure>\n<\/div><\/div>\n\n\n\n<div style=\"height:20px\" aria-hidden=\"true\" class=\"wp-block-spacer\"><\/div>\n\n\n\n<div class=\"wp-block-uagb-container uagb-block-69924b9e alignfull uagb-is-root-container\"><div class=\"uagb-container-inner-blocks-wrap\">\n<p>\u771f\u6b63\u7684\u6d3b\u52a8\u573a\u6240\uff0c\u843d\u6237\u5728\u6e2f\u53e3\u7684\u6c34\u8fb9<a href=\"https:\/\/bassin-arcachon.com\/zh\/%e6%88%91%e4%bb%ac%e7%9a%84%e5%9f%8e%e5%b8%82%e5%92%8c%e6%9d%91%e5%ba%84\/%e6%88%98%e7%a5%9e-2\/\">\u6218\u795e<\/a>&nbsp;\u6216\u8005<a href=\"https:\/\/bassin-arcachon.com\/zh\/%e6%88%91%e4%bb%ac%e7%9a%84%e5%9f%8e%e5%b8%82%e5%92%8c%e6%9d%91%e5%ba%84\/%e5%ae%89%e5%be%b7%e8%af%ba%e8%8e%b1%e7%8f%ad\/\">\u5b89\u5fb7\u8bfa\u65af\u00b7\u83b1\u73ed<\/a>&nbsp;\u6b23\u8d4f\u6ee1\u8f7d\u7261\u86ce\u7684\u5e73\u5e95\u8239\u6765\u6765\u5f80\u5f80\u3002\u4e3a\u4e86\u8425\u9020\u7530\u56ed\u6c1b\u56f4\uff0c\u8ba9\u81ea\u5df1\u88ab\u5e26\u5230\u6e2f\u53e3&nbsp;<a href=\"https:\/\/bassin-arcachon.com\/zh\/%e6%88%91%e4%bb%ac%e7%9a%84%e5%9f%8e%e5%b8%82%e5%92%8c%e6%9d%91%e5%ba%84\/%e7%9b%86%e5%9c%b0%e7%9a%84%e5%bf%83%e8%84%8f\/\">\u6bd4\u52a0\u8bfa\u65af<\/a>.<\/p>\n<\/div><\/div>\n\n\n\n<div style=\"height:60px\" aria-hidden=\"true\" class=\"wp-block-spacer\"><\/div>\n\n\n\n<div class=\"wp-block-uagb-container uagb-block-11006bae alignfull uagb-is-root-container\">\n<div class=\"wp-block-cover has-parallax\"><span aria-hidden=\"true\" class=\"wp-block-cover__background has-background-dim-0 has-background-dim\"><\/span><div role=\"img\" class=\"wp-block-cover__image-background wp-image-10777 has-parallax\" style=\"background-position:50% 50%;background-image:url(https:\/\/bassin-arcachon.com\/wp-content\/uploads\/2017\/11\/Ares-01.jpg)\"><\/div><div class=\"wp-block-cover__inner-container is-layout-flow wp-block-cover-is-layout-flow\">\n<h2 class=\"wp-block-heading has-text-align-center has-white-color has-text-color has-background has-large-font-size\" style=\"background-color:#000000b3\">\u4eab\u53d7 Bassin d&#039;Arcachon \u56db\u5b63\u58ee\u4e3d\u7684\u65e5\u843d\uff01<\/h2>\n<\/div><\/div>\n<\/div>\n\n\n\n<div style=\"height:40px\" aria-hidden=\"true\" class=\"wp-block-spacer\"><\/div>\n\n\n\n<div class=\"wp-block-uagb-container uagb-block-d6d887b1 alignfull uagb-is-root-container\"><div class=\"uagb-container-inner-blocks-wrap\">\n<div class=\"wp-block-uagb-container uagb-block-fef30770\">\n<p><strong>\u6076\u6027 Bassin\uff1a<\/strong>&nbsp;\u5728\u4f60\u53d1\u73b0\u6e2f\u53e3\u7684\u8fc7\u7a0b\u4e2d\uff0c\u4e0d\u8981\u9519\u8fc7&nbsp;<a href=\"https:\/\/bassin-arcachon.com\/zh\/%e6%88%91%e4%bb%ac%e7%9a%84%e5%9f%8e%e5%b8%82%e5%92%8c%e6%9d%91%e5%ba%84\/%e5%8f%a4%e8%ae%a9%e6%a2%85%e6%96%af%e7%89%b9%e6%8b%89%e6%96%af\/\">\u53e4\u8ba9-\u6885\u65af\u7279\u62c9<\/a>\uff0c\u4e03\u4e2a\u6e2f\u53e3\u57ce\u5e02\u548c\u963f\u5361\u96c4 Bassin \u7684\u7261\u86ce\u4e4b\u90fd\u3002 <\/p>\n\n\n\n<p>\u8981\u4e86\u89e3\u6709\u5173\u7261\u86ce\u5386\u53f2\u7684\u4e00\u5207\uff0c\u8bf7\u8bbf\u95ee&nbsp;<a href=\"http:\/\/www.maison-huitre.fr\/\" target=\"_blank\" rel=\"noreferrer noopener\">\u7261\u86ce\u9986<\/a>&nbsp;\u5728&nbsp;<a href=\"https:\/\/bassin-arcachon.com\/zh\/%e6%8b%89%e7%bd%97%e6%96%af%e6%b8%af%e7%9a%84%e7%9b%ae%e5%85%89\/\">\u62c9\u7f57\u65af\u6e2f<\/a>.\u6210\u4e3a Gujan-Mestras \u7684\u5fc5\u6e38\u4e4b\u5730\uff0c\u60a8\u5c06\u4e86\u89e3\u51e0\u4e2a\u4e16\u7eaa\u4ee5\u6765\u7684\u517b\u6b96\u6280\u672f\u548c\u7261\u86ce\u517b\u6b96\u5de5\u4f5c\u3002\u8fd9\u4e2a\u7261\u86ce\u535a\u7269\u9986\u5168\u5e74\u5f00\u653e\u3002<\/p>\n<\/div>\n\n\n\n<div class=\"wp-block-uagb-container uagb-block-c13f4fde\">\n<div class=\"wp-block-uagb-image uagb-block-968b90ee wp-block-uagb-image--layout-default wp-block-uagb-image--effect-static wp-block-uagb-image--align-none\"><figure class=\"wp-block-uagb-image__figure\"><img decoding=\"async\" srcset=\"https:\/\/bassin-arcachon.com\/wp-content\/uploads\/2018\/04\/Parcours-exrt\u00e9rieur-Maison-de-lHu\u00eetre.jpg \" sizes=\"auto, (max-width: 480px) 150px\" src=\"https:\/\/bassin-arcachon.com\/wp-content\/uploads\/2018\/04\/Parcours-exrt\u00e9rieur-Maison-de-lHu\u00eetre.jpg\" alt=\"- - Bassin d&#039;Arcachon\" class=\"uag-image-20627\" width=\"1000\" height=\"666\" title=\"- - Bassin d&#039;Arcachon\" loading=\"lazy\"><\/figure><\/div>\n<\/div>\n<\/div><\/div>\n\n\n\n<div style=\"height:60px\" aria-hidden=\"true\" class=\"wp-block-spacer\"><\/div>","protected":false},"excerpt":{"rendered":"<p>Sur le Bassin d\u2019Arcachon, les ports et les villages ostr\u00e9icoles font partie du d\u00e9cor ! Et chacun poss\u00e8de son charme et sa personnalit\u00e9. Partez \u00e0 leur d\u00e9couverte \u00e0 pied, \u00e0 [&hellip;]<\/p>\n","protected":false},"author":25,"featured_media":23556,"parent":27,"menu_order":0,"comment_status":"closed","ping_status":"closed","template":"","meta":{"_acf_changed":false,"_uag_custom_page_level_css":"","footnotes":""},"class_list":["post-137","page","type-page","status-publish","has-post-thumbnail","hentry"],"acf":[],"uagb_featured_image_src":{"full":["https:\/\/bassin-arcachon.com\/wp-content\/uploads\/2017\/02\/port-de-biganos-bassin-arcachon.jpg",1200,820,false],"thumbnail":["https:\/\/bassin-arcachon.com\/wp-content\/uploads\/2017\/02\/port-de-biganos-bassin-arcachon-150x150.jpg",150,150,true],"medium":["https:\/\/bassin-arcachon.com\/wp-content\/uploads\/2017\/02\/port-de-biganos-bassin-arcachon-600x410.jpg",600,410,true],"medium_large":["https:\/\/bassin-arcachon.com\/wp-content\/uploads\/2017\/02\/port-de-biganos-bassin-arcachon-768x525.jpg",768,525,true],"large":["https:\/\/bassin-arcachon.com\/wp-content\/uploads\/2017\/02\/port-de-biganos-bassin-arcachon-1024x700.jpg",1024,700,true],"1536x1536":["https:\/\/bassin-arcachon.com\/wp-content\/uploads\/2017\/02\/port-de-biganos-bassin-arcachon.jpg",1200,820,false],"2048x2048":["https:\/\/bassin-arcachon.com\/wp-content\/uploads\/2017\/02\/port-de-biganos-bassin-arcachon.jpg",1200,820,false],"trp-custom-language-flag":["https:\/\/bassin-arcachon.com\/wp-content\/uploads\/2017\/02\/port-de-biganos-bassin-arcachon-18x12.jpg",18,12,true]},"uagb_author_info":{"display_name":"Marie Clauzel","author_link":"https:\/\/bassin-arcachon.com\/zh\/author\/mariesiba\/"},"uagb_comment_info":0,"uagb_excerpt":"Sur le Bassin d\u2019Arcachon, les ports et les villages ostr\u00e9icoles font partie du d\u00e9cor ! Et chacun poss\u00e8de son charme et sa personnalit\u00e9. Partez \u00e0 leur d\u00e9couverte \u00e0 pied, \u00e0 [&hellip;]","_links":{"self":[{"href":"https:\/\/bassin-arcachon.com\/zh\/wp-json\/wp\/v2\/pages\/137","targetHints":{"allow":["GET"]}}],"collection":[{"href":"https:\/\/bassin-arcachon.com\/zh\/wp-json\/wp\/v2\/pages"}],"about":[{"href":"https:\/\/bassin-arcachon.com\/zh\/wp-json\/wp\/v2\/types\/page"}],"author":[{"embeddable":true,"href":"https:\/\/bassin-arcachon.com\/zh\/wp-json\/wp\/v2\/users\/25"}],"replies":[{"embeddable":true,"href":"https:\/\/bassin-arcachon.com\/zh\/wp-json\/wp\/v2\/comments?post=137"}],"version-history":[{"count":0,"href":"https:\/\/bassin-arcachon.com\/zh\/wp-json\/wp\/v2\/pages\/137\/revisions"}],"up":[{"embeddable":true,"href":"https:\/\/bassin-arcachon.com\/zh\/wp-json\/wp\/v2\/pages\/27"}],"wp:featuredmedia":[{"embeddable":true,"href":"https:\/\/bassin-arcachon.com\/zh\/wp-json\/wp\/v2\/media\/23556"}],"wp:attachment":[{"href":"https:\/\/bassin-arcachon.com\/zh\/wp-json\/wp\/v2\/media?parent=137"}],"curies":[{"name":"\u53ef\u6e7f\u6027\u7c89\u5242","href":"https:\/\/api.w.org\/{rel}","templated":true}]}}