{"id":145,"date":"2017-02-08T09:57:47","date_gmt":"2017-02-08T08:57:47","guid":{"rendered":"https:\/\/bassin-arcachon.com\/\/?page_id=145"},"modified":"2024-10-04T08:45:01","modified_gmt":"2024-10-04T06:45:01","slug":"les-pres-sales-dares-lege","status":"publish","type":"page","link":"https:\/\/bassin-arcachon.com\/zh\/nos-incontournables\/les-pres-sales-dares-lege-2\/","title":{"rendered":"Ar\u00e8s-L\u00e8ge\u7684\u76d0\u8349\u5730"},"content":{"rendered":"<div class=\"wp-block-uagb-container uagb-block-5eb6d199 alignfull uagb-is-root-container\"><div class=\"uagb-container-inner-blocks-wrap\">\n<div class=\"wp-block-uagb-container uagb-block-6954a7cc\">\n<div class=\"wp-block-uagb-image uagb-block-cd67eaa3 wp-block-uagb-image--layout-default wp-block-uagb-image--effect-static wp-block-uagb-image--align-none\"><figure class=\"wp-block-uagb-image__figure\"><img decoding=\"async\" srcset=\"https:\/\/bassin-arcachon.com\/wp-content\/uploads\/2017\/02\/mini-map-pres-sales-ares.jpg \" sizes=\"auto, (max-width: 480px) 150px\" src=\"https:\/\/bassin-arcachon.com\/wp-content\/uploads\/2017\/02\/mini-map-pres-sales-ares.jpg\" alt=\"- - Bassin d&#039;Arcachon\" class=\"uag-image-1896\" width=\"278\" height=\"278\" title=\"- - Bassin d&#039;Arcachon\" loading=\"lazy\" role=\"img\"><\/figure><\/div>\n\n\n\n<h2 class=\"wp-block-heading\">\u5728 L\u00e8ge-Cap Ferret \u7684 Jane de Boy \u548c Ar\u00e8s \u7684\u7261\u86ce\u6e2f\u53e3\u4e4b\u95f4<\/h2>\n\n\n\n<p>\u76d0\u8349\u7538\u56fd\u5bb6\u7ea7\u81ea\u7136\u4fdd\u62a4\u533a\u5360\u5730 330 \u516c\u9877<a href=\"https:\/\/bassin-arcachon.com\/zh\/%e6%88%91%e4%bb%ac%e7%9a%84%e5%9f%8e%e5%b8%82%e5%92%8c%e6%9d%91%e5%ba%84\/%e6%88%98%e7%a5%9e-2\/\">\u963f\u745e\u65af-\u83b1\u70ed<\/a>\u3002\u590f\u5b63\u5982\u5927\u8349\u539f\uff0c\u51ac\u5b63\u5982\u68ee\u6797\uff0cPr\u00e9s Sal\u00e9s d&#039;Ar\u00e8s-L\u00e8ge \u7684\u5916\u89c2\u968f\u5b63\u8282\u548c\u6f6e\u6c50\u800c\u53d8\u5316\u3002\u8981\u4eab\u53d7\u963f\u5361\u96c4 Bassin \u7684\u81ea\u7136\u98ce\u5149\uff0c\u60a8\u53ef\u4ee5\u53d1\u73b0\u591a\u79cd\u9e1f\u7c7b\uff0c\u4ee5\u53ca\u8fd9\u4e2a\u81ea\u7136\u666f\u70b9\u7684\u6240\u6709\u52a8\u690d\u7269\u7fa4\u3002\u5f3a\u70c8\u63a8\u8350\u4e00\u526f\u53cc\u7b52\u671b\u8fdc\u955c\uff01<\/p>\n<\/div>\n\n\n\n<div class=\"wp-block-uagb-container uagb-block-f26ec7de\">\t\t\t\t\t<div\n\t\t\t\t\t\tclass=\"wp-block-uagb-image-gallery uagb-block-442e748d\"\n\t\t\t\t\t\tstyle=\"\"\n\t\t\t\t\t>\n\t\t\t\t\t\t\t\t\t\t\t<div class=\"spectra-image-gallery spectra-image-gallery__layout--carousel\">\n\t\t\t\t\t\t\t\t<div class=\"uagb-slick-carousel uagb-block-442e748d\">\n\t\t\t\t\t\t\t\t\t\t\t\t<div class='spectra-image-gallery__media-wrapper' data-spectra-gallery-image-id='24657'>\n\t\t\t\t\t\t\t<div class=\"spectra-image-gallery__media spectra-image-gallery__media--carousel\">\n\t\t\t\t<picture>\n\t\t\t\t\t<source media=\"(min-width: 1024px)\" srcset=\"https:\/\/bassin-arcachon.com\/wp-content\/uploads\/2017\/03\/balade-pr\u00e9s-sal\u00e9s-ar\u00e8s-l\u00e8ge-cap-ferret-1024x621.jpg\">\n\t\t\t\t\t<source media=\"(min-width: 768px)\" srcset=\"https:\/\/bassin-arcachon.com\/wp-content\/uploads\/2017\/03\/balade-pr\u00e9s-sal\u00e9s-ar\u00e8s-l\u00e8ge-cap-ferret-1024x621.jpg\">\n\t\t\t\t\t<img decoding=\"async\" class=\"spectra-image-gallery__media-thumbnail spectra-image-gallery__media-thumbnail--carousel\" src=\"https:\/\/bassin-arcachon.com\/wp-content\/uploads\/2017\/03\/balade-pr\u00e9s-sal\u00e9s-ar\u00e8s-l\u00e8ge-cap-ferret-300x182.jpg\" alt=\"- - Bassin d&#039;Arcachon\" loading=\"lazy\" title=\"- - Bassin d&#039;Arcachon\">\n\t\t\t\t<\/picture>\n\t\t\t\t<div class=\"spectra-image-gallery__media-thumbnail-blurrer\"><\/div>\n\t\t\t\t\t\t\t\t\t\t\t<div class=\"spectra-image-gallery__media-thumbnail-caption-wrapper spectra-image-gallery__media-thumbnail-caption-wrapper--overlay\"><\/div>\n\t\t\t\t\t\t\t\t<\/div>\n\t\t\t\t\t\t<\/div>\n\t\t\t\t\t\t<div class='spectra-image-gallery__media-wrapper' data-spectra-gallery-image-id='23609'>\n\t\t\t\t\t\t\t<div class=\"spectra-image-gallery__media spectra-image-gallery__media--carousel\">\n\t\t\t\t<picture>\n\t\t\t\t\t<source media=\"(min-width: 1024px)\" srcset=\"https:\/\/bassin-arcachon.com\/wp-content\/uploads\/2018\/07\/Pr\u00e9s-sal\u00e9s-Ar\u00e8s-L\u00e8ge-Bassin-Arcachon-1-1024x683.jpg\">\n\t\t\t\t\t<source media=\"(min-width: 768px)\" srcset=\"https:\/\/bassin-arcachon.com\/wp-content\/uploads\/2018\/07\/Pr\u00e9s-sal\u00e9s-Ar\u00e8s-L\u00e8ge-Bassin-Arcachon-1-1024x683.jpg\">\n\t\t\t\t\t<img decoding=\"async\" class=\"spectra-image-gallery__media-thumbnail spectra-image-gallery__media-thumbnail--carousel\" src=\"https:\/\/bassin-arcachon.com\/wp-content\/uploads\/2018\/07\/Pr\u00e9s-sal\u00e9s-Ar\u00e8s-L\u00e8ge-Bassin-Arcachon-1-300x200.jpg\" alt=\"- - Bassin d&#039;Arcachon\" loading=\"lazy\" title=\"- - Bassin d&#039;Arcachon\">\n\t\t\t\t<\/picture>\n\t\t\t\t<div class=\"spectra-image-gallery__media-thumbnail-blurrer\"><\/div>\n\t\t\t\t\t\t\t\t\t\t\t<div class=\"spectra-image-gallery__media-thumbnail-caption-wrapper spectra-image-gallery__media-thumbnail-caption-wrapper--overlay\"><\/div>\n\t\t\t\t\t\t\t\t<\/div>\n\t\t\t\t\t\t<\/div>\n\t\t\t\t\t\t\t\t\t\t\t<\/div>\n\t\t\t\t\t\t\t<\/div>\n\t\t\t\t\t\t\t\t\t\t\t<\/div>\n\t\t\t\t\t\t\t\t\t<\/div>\n<\/div><\/div>\n\n\n\n<div style=\"height:40px\" aria-hidden=\"true\" class=\"wp-block-spacer\"><\/div>\n\n\n\n<div class=\"wp-block-uagb-container uagb-block-85e0b749 alignfull uagb-is-root-container\"><div class=\"uagb-container-inner-blocks-wrap\">\n<div class=\"wp-block-uagb-container uagb-block-1cc83b29\">\n<div class=\"wp-block-uagb-image uagb-block-3384d0c3 wp-block-uagb-image--layout-default wp-block-uagb-image--effect-static wp-block-uagb-image--align-none\"><figure class=\"wp-block-uagb-image__figure\"><img decoding=\"async\" srcset=\"https:\/\/bassin-arcachon.com\/wp-content\/uploads\/2018\/07\/Pr\u00e9s-sal\u00e9s-Ar\u00e8s-L\u00e8ge-Bassin-Arcachon-4-683x1024.jpg \" sizes=\"auto, (max-width: 480px) 150px\" src=\"https:\/\/bassin-arcachon.com\/wp-content\/uploads\/2018\/07\/Pr\u00e9s-sal\u00e9s-Ar\u00e8s-L\u00e8ge-Bassin-Arcachon-4-683x1024.jpg\" alt=\"\u76d0\u8349\u5730 Ares-L\u00e8ge\" class=\"uag-image-23612\" width=\"683\" height=\"1024\" title=\"- - Bassin d&#039;Arcachon\" loading=\"lazy\" role=\"img\"><\/figure><\/div>\n<\/div>\n\n\n\n<div class=\"wp-block-uagb-container uagb-block-e2c8ea9c\">\n<h2 class=\"wp-block-heading\">\u5728\u9000\u6f6e\u65f6\u6f2b\u6b65\u5728 Pr\u00e9s Sal\u00e9s \u7684\u5c0f\u5f84\u4e0a......<\/h2>\n\n\n\n<p>\u60a8\u53ef\u4ee5\u901a\u8fc7\u4e24\u79cd\u65b9\u5f0f\u8bbf\u95ee Pr\u00e9s Sal\u00e9s\u3002\u4ece\u963f\u96f7\u65af (Ar\u00e8s) \u7684\u7261\u86ce\u6e2f\u53e3\u6216\u4ece \u96f7\u897f\u5c3c\u5c14 (R\u00e9sinier) \u5c0f\u5c4b\u51fa\u53d1&nbsp;<a href=\"https:\/\/bassin-arcachon.com\/zh\/%e6%88%91%e4%bb%ac%e7%9a%84%e5%9f%8e%e5%b8%82%e5%92%8c%e6%9d%91%e5%ba%84\/lege-cap-ferret\/\">Lege-Cap\u96ea\u8c82<\/a>.<\/p>\n\n\n\n<p>\u5f92\u6b65\u51fa\u53d1\uff0c\u7a7f\u68ad\u4e8e\u8fd9\u4e2a\u7f8e\u4e3d\u3001\u5b8c\u5168\u672a\u53d7\u7834\u574f\u7684\u81ea\u7136\u89d2\u843d\u3002\u5728\u9000\u6f6e\u7559\u4e0b\u7684\u5730\u65b9\uff0c\u5bfb\u627e\u5e26\u6709\u4e00\u70b9\u54b8\u5473\u7684\u6d77\u84ec\u5b50\u3002<\/p>\n\n\n\n<p>\u7741\u5927\u773c\u775b\uff0c\u770b\u770b\u878d\u5165\u8349\u5730\u7684\u8725\u8734\uff0c\u751a\u81f3\u662f\u6b27\u6d32\u6c60\u9f9f\u3002<\/p>\n\n\n\n<p>\u6625\u5929\uff0c\u9e1f\u513f\u6816\u606f\u7b51\u5de2\uff0c\u5947\u89c2\u53d8\u542c\u89c9\uff01\u79cb\u5929\uff0c\u706f\u5149\u4e0e\u8349\u6728\u5b09\u620f\uff0c\u8d4f\u5fc3\u60a6\u76ee\u3002\u51ac\u5b63\uff0c\u6211\u4eec\u5728 Arcachon \u7684 Bassin \u4e0a\u89c2\u5bdf\u8d8a\u51ac\u6c34\u9e1f\uff0c\u4f8b\u5982\u9ed1\u96c1\u3002<\/p>\n\n\n\n<p>\u5bf9\u4e8e\u8fd0\u52a8\u7231\u597d\u8005\u6765\u8bf4\uff0cPr\u00e9s Sal\u00e9s d&#039;Ar\u00e8s-L\u00e8ge \u7684\u91ce\u8def\u4e5f\u662f\u6162\u8dd1\u7684\u597d\u5730\u65b9\uff01<\/p>\n<\/div>\n<\/div><\/div>\n\n\n\n<div style=\"height:60px\" aria-hidden=\"true\" class=\"wp-block-spacer\"><\/div>\n\n\n\n<div class=\"wp-block-uagb-container uagb-block-f15bcbba alignfull uagb-is-root-container\"><div class=\"uagb-container-inner-blocks-wrap\">\n<h2 class=\"wp-block-heading\">\u4e0e\u81ea\u7136\u5411\u5bfc\u4e00\u8d77\u53c2\u89c2<\/h2>\n\n\n\n<p>\u4f60\u4f1a\u9047\u5230\u4e00\u4e2a\u89d2\u8272\uff01&nbsp;<a href=\"https:\/\/bassin-arcachon.com\/zh\/%e4%b8%8e%e8%87%aa%e7%84%b6%e6%8c%87%e5%8d%97%e4%b8%80%e8%b5%b7%e5%8f%91%e7%8e%b0%e9%94%80%e5%94%ae%e5%89%8d%e5%a4%a7%e8%83%86%e7%9a%84%e6%b3%95%e5%be%8b\/\">\u4e9a\u5386\u5c71\u5927\u662f\u4e00\u4f4d\u81ea\u7136\u5411\u5bfc<\/a>, \u5728<a href=\"https:\/\/www.ares-tourisme.com\/\" data-type=\"URL\" data-id=\"https:\/\/www.ares-tourisme.com\/\" target=\"_blank\" rel=\"noopener\">\u963f\u96f7\u65af\u65c5\u6e38\u5c40<\/a>\uff0c\u4f46\u6700\u91cd\u8981\u7684\u662f\u5bf9\u8fd9\u4e2a\u5730\u65b9\u5145\u6ee1\u70ed\u60c5\u3002\u5728\u4ed6\u7684\u5c0f\u672c\u5b50\u4e0a\uff0c\u4ed6\u6839\u636e\u4ed6\u770b\u5230\u7684\u9e1f\u7c7b\u548c\u52a8\u7269\u505a\u7b14\u8bb0\u3002\u597d\u597d\u770b\u770b\uff0c\u4ed6\u4f1a\u5e26\u4f60\u53bb\u770b\u6df7\u6742\u5728\u6d6e\u6728\u4e0a\u7684\u6b27\u6d32\u6c60\u9f9f\uff0c\u6216\u662f\u8eb2\u5728\u8fb9\u4e0a\u7684\u7eff\u8725\u8734\u3002<\/p>\n\n\n\t\t\t\t\t<div\n\t\t\t\t\t\tclass=\"wp-block-uagb-image-gallery uagb-block-8a747881\"\n\t\t\t\t\t\tstyle=\"\"\n\t\t\t\t\t>\n\t\t\t\t\t\t\t\t\t\t\t<div class=\"spectra-image-gallery spectra-image-gallery__layout--grid spectra-image-gallery__layout--grid-col-3 spectra-image-gallery__layout--grid-col-tab-3 spectra-image-gallery__layout--grid-col-mob-2\">\n\t\t\t\t\t\t\t\t\t\t\t<div class='spectra-image-gallery__media-wrapper' data-spectra-gallery-image-id='23614' tabindex=\"0\">\n\t\t\t\t\t\t\t<div class=\"spectra-image-gallery__media spectra-image-gallery__media--grid\">\n\t\t\t\t<picture>\n\t\t\t\t\t<source media=\"(min-width: 1024px)\" srcset=\"https:\/\/bassin-arcachon.com\/wp-content\/uploads\/2018\/07\/Pr\u00e9s-sal\u00e9s-Ar\u00e8s-L\u00e8ge-Bassin-Arcachon-6-1024x683.jpg\">\n\t\t\t\t\t<source media=\"(min-width: 768px)\" srcset=\"https:\/\/bassin-arcachon.com\/wp-content\/uploads\/2018\/07\/Pr\u00e9s-sal\u00e9s-Ar\u00e8s-L\u00e8ge-Bassin-Arcachon-6-1024x683.jpg\">\n\t\t\t\t\t<img decoding=\"async\" class=\"spectra-image-gallery__media-thumbnail spectra-image-gallery__media-thumbnail--grid\" src=\"https:\/\/bassin-arcachon.com\/wp-content\/uploads\/2018\/07\/Pr\u00e9s-sal\u00e9s-Ar\u00e8s-L\u00e8ge-Bassin-Arcachon-6-300x200.jpg\" alt=\"- - Bassin d&#039;Arcachon\" loading=\"lazy\" title=\"- - Bassin d&#039;Arcachon\">\n\t\t\t\t<\/picture>\n\t\t\t\t<div class=\"spectra-image-gallery__media-thumbnail-blurrer\"><\/div>\n\t\t\t\t\t\t\t\t\t\t\t<div class=\"spectra-image-gallery__media-thumbnail-caption-wrapper spectra-image-gallery__media-thumbnail-caption-wrapper--overlay\"><\/div>\n\t\t\t\t\t\t\t\t<\/div>\n\t\t\t\t\t\t<\/div>\n\t\t\t\t\t\t<div class='spectra-image-gallery__media-wrapper' data-spectra-gallery-image-id='23627' tabindex=\"0\">\n\t\t\t\t\t\t\t<div class=\"spectra-image-gallery__media spectra-image-gallery__media--grid\">\n\t\t\t\t<picture>\n\t\t\t\t\t<source media=\"(min-width: 1024px)\" srcset=\"https:\/\/bassin-arcachon.com\/wp-content\/uploads\/2018\/07\/guide-nature-Alexandre.jpg\">\n\t\t\t\t\t<source media=\"(min-width: 768px)\" srcset=\"https:\/\/bassin-arcachon.com\/wp-content\/uploads\/2018\/07\/guide-nature-Alexandre.jpg\">\n\t\t\t\t\t<img decoding=\"async\" class=\"spectra-image-gallery__media-thumbnail spectra-image-gallery__media-thumbnail--grid\" src=\"https:\/\/bassin-arcachon.com\/wp-content\/uploads\/2018\/07\/guide-nature-Alexandre-242x300.jpg\" alt=\"\u81ea\u7136\u6307\u5357\u4e9a\u5386\u5c71\u5927\u76d0\u8349\u7538\u6218\u795e-\u8f7b\u91cf\u7ea7\" loading=\"lazy\" title=\"- - Bassin d&#039;Arcachon\">\n\t\t\t\t<\/picture>\n\t\t\t\t<div class=\"spectra-image-gallery__media-thumbnail-blurrer\"><\/div>\n\t\t\t\t\t\t\t\t\t\t\t<div class=\"spectra-image-gallery__media-thumbnail-caption-wrapper spectra-image-gallery__media-thumbnail-caption-wrapper--overlay\"><\/div>\n\t\t\t\t\t\t\t\t<\/div>\n\t\t\t\t\t\t<\/div>\n\t\t\t\t\t\t<div class='spectra-image-gallery__media-wrapper' data-spectra-gallery-image-id='21295' tabindex=\"0\">\n\t\t\t\t\t\t\t<div class=\"spectra-image-gallery__media spectra-image-gallery__media--grid\">\n\t\t\t\t<picture>\n\t\t\t\t\t<source media=\"(min-width: 1024px)\" srcset=\"https:\/\/bassin-arcachon.com\/wp-content\/uploads\/2018\/05\/Inventaire-scientifique-sur-la-biodiversit\u00e9-1024x683.jpg\">\n\t\t\t\t\t<source media=\"(min-width: 768px)\" srcset=\"https:\/\/bassin-arcachon.com\/wp-content\/uploads\/2018\/05\/Inventaire-scientifique-sur-la-biodiversit\u00e9-1024x683.jpg\">\n\t\t\t\t\t<img decoding=\"async\" class=\"spectra-image-gallery__media-thumbnail spectra-image-gallery__media-thumbnail--grid\" src=\"https:\/\/bassin-arcachon.com\/wp-content\/uploads\/2018\/05\/Inventaire-scientifique-sur-la-biodiversit\u00e9-300x200.jpg\" alt=\"- - Bassin d&#039;Arcachon\" loading=\"lazy\" title=\"- - Bassin d&#039;Arcachon\">\n\t\t\t\t<\/picture>\n\t\t\t\t<div class=\"spectra-image-gallery__media-thumbnail-blurrer\"><\/div>\n\t\t\t\t\t\t\t\t\t\t\t<div class=\"spectra-image-gallery__media-thumbnail-caption-wrapper spectra-image-gallery__media-thumbnail-caption-wrapper--overlay\"><\/div>\n\t\t\t\t\t\t\t\t<\/div>\n\t\t\t\t\t\t<\/div>\n\t\t\t\t\t\t\t\t\t\t<\/div>\n\t\t\t\t\t\t\t\t\t\t\t\t\t\t\t\t\t\t<\/div>\n\t\t\t\t\t\t\t\t\t<\/div><\/div>\n\n\n\n<div style=\"height:60px\" aria-hidden=\"true\" class=\"wp-block-spacer\"><\/div>\n\n\n\n<div class=\"wp-block-uagb-container uagb-block-ff5c28d4 alignfull uagb-is-root-container\"><div class=\"uagb-container-inner-blocks-wrap\"><div class=\"wp-block-image\">\n<figure class=\"aligncenter size-full\"><img loading=\"lazy\" decoding=\"async\" width=\"564\" height=\"219\" src=\"https:\/\/bassin-arcachon.com\/wp-content\/uploads\/2023\/06\/rnn65-logo.jpg\" alt=\"- - Bassin d&#039;Arcachon\" class=\"wp-image-56339\" title=\"- - Bassin d&#039;Arcachon\" srcset=\"https:\/\/bassin-arcachon.com\/wp-content\/uploads\/2023\/06\/rnn65-logo.jpg 564w, https:\/\/bassin-arcachon.com\/wp-content\/uploads\/2023\/06\/rnn65-logo-18x7.jpg 18w\" sizes=\"auto, (max-width: 564px) 100vw, 564px\" \/><\/figure>\n<\/div><\/div><\/div>","protected":false},"excerpt":{"rendered":"<p>Entre Jane de Boy \u00e0 L\u00e8ge-Cap Ferret et le port ostr\u00e9icole d\u2019Ar\u00e8s 330 hectares forment la R\u00e9serve Naturelle Nationale des Pr\u00e9s Sal\u00e9s d\u2019Ar\u00e8s-L\u00e8ge. Avec des allures de savane en \u00e9t\u00e9 [&hellip;]<\/p>\n","protected":false},"author":25,"featured_media":11703,"parent":27,"menu_order":0,"comment_status":"closed","ping_status":"closed","template":"","meta":{"_acf_changed":false,"_uag_custom_page_level_css":"","footnotes":""},"class_list":["post-145","page","type-page","status-publish","has-post-thumbnail","hentry"],"acf":[],"uagb_featured_image_src":{"full":["https:\/\/bassin-arcachon.com\/wp-content\/uploads\/2017\/12\/pres-sales-ares-17.jpg",1200,800,false],"thumbnail":["https:\/\/bassin-arcachon.com\/wp-content\/uploads\/2017\/12\/pres-sales-ares-17-150x150.jpg",150,150,true],"medium":["https:\/\/bassin-arcachon.com\/wp-content\/uploads\/2017\/12\/pres-sales-ares-17-600x400.jpg",600,400,true],"medium_large":["https:\/\/bassin-arcachon.com\/wp-content\/uploads\/2017\/12\/pres-sales-ares-17-768x512.jpg",768,512,true],"large":["https:\/\/bassin-arcachon.com\/wp-content\/uploads\/2017\/12\/pres-sales-ares-17-1024x683.jpg",1024,683,true],"1536x1536":["https:\/\/bassin-arcachon.com\/wp-content\/uploads\/2017\/12\/pres-sales-ares-17.jpg",1200,800,false],"2048x2048":["https:\/\/bassin-arcachon.com\/wp-content\/uploads\/2017\/12\/pres-sales-ares-17.jpg",1200,800,false],"trp-custom-language-flag":["https:\/\/bassin-arcachon.com\/wp-content\/uploads\/2017\/12\/pres-sales-ares-17-18x12.jpg",18,12,true]},"uagb_author_info":{"display_name":"Marie Clauzel","author_link":"https:\/\/bassin-arcachon.com\/zh\/author\/mariesiba\/"},"uagb_comment_info":0,"uagb_excerpt":"Entre Jane de Boy \u00e0 L\u00e8ge-Cap Ferret et le port ostr\u00e9icole d\u2019Ar\u00e8s 330 hectares forment la R\u00e9serve Naturelle Nationale des Pr\u00e9s Sal\u00e9s d\u2019Ar\u00e8s-L\u00e8ge. Avec des allures de savane en \u00e9t\u00e9 [&hellip;]","_links":{"self":[{"href":"https:\/\/bassin-arcachon.com\/zh\/wp-json\/wp\/v2\/pages\/145","targetHints":{"allow":["GET"]}}],"collection":[{"href":"https:\/\/bassin-arcachon.com\/zh\/wp-json\/wp\/v2\/pages"}],"about":[{"href":"https:\/\/bassin-arcachon.com\/zh\/wp-json\/wp\/v2\/types\/page"}],"author":[{"embeddable":true,"href":"https:\/\/bassin-arcachon.com\/zh\/wp-json\/wp\/v2\/users\/25"}],"replies":[{"embeddable":true,"href":"https:\/\/bassin-arcachon.com\/zh\/wp-json\/wp\/v2\/comments?post=145"}],"version-history":[{"count":0,"href":"https:\/\/bassin-arcachon.com\/zh\/wp-json\/wp\/v2\/pages\/145\/revisions"}],"up":[{"embeddable":true,"href":"https:\/\/bassin-arcachon.com\/zh\/wp-json\/wp\/v2\/pages\/27"}],"wp:featuredmedia":[{"embeddable":true,"href":"https:\/\/bassin-arcachon.com\/zh\/wp-json\/wp\/v2\/media\/11703"}],"wp:attachment":[{"href":"https:\/\/bassin-arcachon.com\/zh\/wp-json\/wp\/v2\/media?parent=145"}],"curies":[{"name":"\u53ef\u6e7f\u6027\u7c89\u5242","href":"https:\/\/api.w.org\/{rel}","templated":true}]}}