{"id":157,"date":"2017-03-09T14:32:23","date_gmt":"2017-03-09T13:32:23","guid":{"rendered":"https:\/\/bassin-arcachon.com\/\/?page_id=157"},"modified":"2024-12-13T11:01:26","modified_gmt":"2024-12-13T10:01:26","slug":"%e6%88%98%e7%a5%9e-2","status":"publish","type":"page","link":"https:\/\/bassin-arcachon.com\/zh\/nos-villes-et-villages\/ares\/","title":{"rendered":"\u6218\u795e"},"content":{"rendered":"<div class=\"wp-block-uagb-container uagb-block-1d8bdfb2 alignfull uagb-is-root-container\"><div class=\"uagb-container-inner-blocks-wrap\">\n<div class=\"wp-block-uagb-container uagb-block-32469a85\">\n<div class=\"wp-block-uagb-image uagb-block-1f4775da wp-block-uagb-image--layout-default wp-block-uagb-image--effect-static wp-block-uagb-image--align-none\"><figure class=\"wp-block-uagb-image__figure\"><img decoding=\"async\" srcset=\"https:\/\/bassin-arcachon.com\/wp-content\/uploads\/2020\/07\/mini-map-ares.jpg \" sizes=\"auto, (max-width: 480px) 150px\" src=\"https:\/\/bassin-arcachon.com\/wp-content\/uploads\/2020\/07\/mini-map-ares.jpg\" alt=\"- - Bassin d&#039;Arcachon\" class=\"uag-image-44398\" width=\"278\" height=\"278\" title=\"- - Bassin d&#039;Arcachon\" loading=\"lazy\" role=\"img\"><\/figure><\/div>\n<\/div>\n\n\n\n<div class=\"wp-block-uagb-container uagb-block-685d65f6\">\n<h2 class=\"wp-block-heading\">\u963f\u745e\u65af\uff0c\u771f\u6b63\u7684\u5bb6\u5ead\u5047\u671f<\/h2>\n\n\n\n<p>\u5728 Bassin \u548c\u81ea\u7136\u4e4b\u95f4\uff0c\u963f\u745e\u65af\u4f1a\u7ed9\u60a8\u5e26\u6765\u60ca\u559c\uff01\u5feb\u6765\u4eab\u53d7\u8fd9\u91cc\u7684\u7261\u86ce\u6e2f\u6216\u81ea\u7136\u666f\u70b9\uff0c\u5bfb\u627e\u53d7\u4fdd\u62a4\u7684\u7269\u79cd\u3002\u51ed\u501f\u5176\u201cFamille Plus\u201d\u6807\u7b7e\uff0cAr\u00e8s \u662f\u771f\u6b63\u5bb6\u5ead\u5ea6\u5047\u7684\u7406\u60f3\u573a\u6240\uff0c&nbsp;<a href=\"https:\/\/bassin-arcachon.com\/zh\/%e6%80%8e%e4%b9%88%e5%8a%9e\/%e4%b8%8e%e5%84%bf%e7%ab%a5%e4%b8%80%e8%b5%b7%e7%8e%a9%e8%80%8d\/\">\u548c\u5b69\u5b50\u4eec<\/a>&nbsp;!<br>\u60a8\u5728\u5bfb\u627e\u9152\u5e97\u5417\uff0c <a href=\"https:\/\/bassin-arcachon.com\/zh\/%e6%88%96%e7%9d%a1%e8%a7%89\/%e7%a7%9f%e9%87%91\/%e6%88%91%e4%bb%ac%e7%9a%84%e9%98%bf%e9%9b%b7%e6%96%af%e5%ba%a6%e5%81%87%e5%87%ba%e7%a7%9f%e5%b1%8b\/\">\u5ea6\u5047\u51fa\u79df\u5c4b<\/a>, <a href=\"https:\/\/bassin-arcachon.com\/zh\/%e6%88%96%e7%9d%a1%e8%a7%89\/%e5%ba%8a%e5%92%8c%e6%97%a9%e9%a4%90\/%e6%88%91%e4%bb%ac%e5%9c%a8%e9%98%bf%e7%91%9e%e6%96%af%e7%9a%84%e5%ae%a2%e6%88%bf\/\">\u5bbe\u9986<\/a>, <a href=\"https:\/\/bassin-arcachon.com\/zh\/%e6%88%96%e7%9d%a1%e8%a7%89\/%e9%87%8e%e8%90%a5\/%e6%88%98%e7%a5%9e-2\/\">\u9732\u8425<\/a>\u963f\u96f7\u65af\u662f\u5ea6\u5047\u4f4f\u5bbf\u7684\u7406\u60f3\u6d77\u6ee8\u5ea6\u5047\u80dc\u5730\u3002<\/p>\n<\/div>\n<\/div><\/div>\n\n\n\n<div style=\"height:60px\" aria-hidden=\"true\" class=\"wp-block-spacer\"><\/div>\n\n\n\n<div class=\"wp-block-uagb-container uagb-block-d7962e0c alignfull uagb-is-root-container\"><div class=\"uagb-container-inner-blocks-wrap\">\n<div class=\"wp-block-uagb-container uagb-block-bd920663\">\n<div class=\"wp-block-uagb-image uagb-block-a08aee1b wp-block-uagb-image--layout-default wp-block-uagb-image--effect-static wp-block-uagb-image--align-none\"><figure class=\"wp-block-uagb-image__figure\"><img decoding=\"async\" srcset=\"https:\/\/bassin-arcachon.com\/wp-content\/uploads\/2018\/04\/port-ostreicole-aras-e1548070404746.jpg \" sizes=\"auto, (max-width: 480px) 150px\" src=\"https:\/\/bassin-arcachon.com\/wp-content\/uploads\/2018\/04\/port-ostreicole-aras-e1548070404746.jpg\" alt=\"\u963f\u96f7\u65af\u7261\u86ce\u6e2f\u53e3\" class=\"uag-image-19887\" width=\"1000\" height=\"667\" title=\"- - Bassin d&#039;Arcachon\" loading=\"lazy\" role=\"img\"><\/figure><\/div>\n<\/div>\n\n\n\n<div class=\"wp-block-uagb-container uagb-block-0339e121\">\n<h3 class=\"wp-block-heading\">\u6f2b\u6b65\u7261\u86ce\u6e2f<\/h3>\n\n\n\n<p>\u524d\u5f80\u8272\u5f69\u7f24\u7eb7\u7684\u5c0f\u5c4b&nbsp;<a href=\"https:\/\/bassin-arcachon.com\/zh\/%e6%88%91%e4%bb%ac%e7%9a%84%e5%bf%85%e9%9c%80%e5%93%81\/%e7%89%a1%e8%9b%8e%e6%9d%91%e5%92%8c%e6%b8%af%e5%8f%a3\/\">\u7261\u86ce\u6e2f<\/a>&nbsp;\u963f\u745e\u65af\uff01\u6d77\u5ce1\u4e0a\uff0c\u5e73\u5730\u5f80\u8fd4\uff0c\u82b1\u5f84\u9080\u60a8\u6f2b\u6b65\u3002<\/p>\n\n\n\n<p>\u65c1\u8fb9\u5c31\u662f\u8ff7\u4eba\u7684\u98ce\u666f&nbsp;<a href=\"https:\/\/bassin-arcachon.com\/zh\/%e6%88%91%e4%bb%ac%e7%9a%84%e5%bf%85%e9%9c%80%e5%93%81\/les-pres-sales-dares-lege\/\">Ar\u00e8s-L\u00e8ge \u7684\u76d0\u8349\u5730<\/a>&nbsp;\u63d0\u4f9b\u4e86\u5b8c\u5168\u4e0d\u540c\u7684\u5168\u666f\u3002\u501f\u6b64\u673a\u4f1a\u5728\u6211\u4eec\u7684\u7261\u86ce\u517b\u6b96\u573a\u54c1\u5c1d\u7f8e\u5473\u7684\u7261\u86ce\u5e76\u4f50\u4ee5\u4e00\u676f\u767d\u8461\u8404\u9152\uff01<\/p>\n<\/div>\n<\/div><\/div>\n\n\n\n<div style=\"height:40px\" aria-hidden=\"true\" class=\"wp-block-spacer\"><\/div>\n\n\n\n<div class=\"wp-block-uagb-container uagb-block-fb81b349 alignfull uagb-is-root-container\"><div class=\"uagb-container-inner-blocks-wrap\">\n<div class=\"wp-block-uagb-container uagb-block-0ad5a044\">\n<h3 class=\"wp-block-heading\">\u6c89\u6d78\u5728\u76d0\u8349\u5730\u4e2d\u592e<\/h3>\n\n\n\n<p>\u4ece\u963f\u96f7\u65af\u7684\u7261\u86ce\u6e2f\u53e3\u51fa\u53d1\uff0c\u6cbf\u7740\u6709\u6807\u8bb0\u7684\u5c0f\u5f84\u51fa\u53d1\uff0c\u524d\u5f80\u76d0\u8349\u7538\u56fd\u5bb6\u7ea7\u81ea\u7136\u4fdd\u62a4\u533a\u3002<\/p>\n\n\n\n<p>\u8def\u4e0a\u7741\u5927\u773c\u775b\uff0c\u60a8\u5c06\u80fd\u591f\u770b\u5230\u6b27\u6d32\u6c60\u9f9f\uff0c\u751a\u81f3\u8ba9\u5b69\u5b50\u4eec\u9ad8\u5174\u7684\u7eff\u8725\u8734\uff01\u6211\u4eec\u5efa\u8bae\u60a8\u53d1\u73b0&nbsp;<a href=\"https:\/\/bassin-arcachon.com\/zh\/%e4%b8%8e%e8%87%aa%e7%84%b6%e6%8c%87%e5%8d%97%e4%b8%80%e8%b5%b7%e5%8f%91%e7%8e%b0%e9%94%80%e5%94%ae%e5%89%8d%e5%a4%a7%e8%83%86%e7%9a%84%e6%b3%95%e5%be%8b\/\" target=\"_blank\" rel=\"noreferrer noopener\">\u4e0e Alexandre \u4e00\u8d77\u6e38\u89c8\u76d0\u8349\u7538\uff0c\u81ea\u7136\u5411\u5bfc<\/a>&nbsp;\u5728<a href=\"https:\/\/www.ares-tourisme.com\/\" data-type=\"URL\" data-id=\"https:\/\/www.ares-tourisme.com\/\" target=\"_blank\" rel=\"noopener\">\u6e38\u5ba2\u4e2d\u5fc3<\/a>.<\/p>\n<\/div>\n\n\n\n<div class=\"wp-block-uagb-container uagb-block-6133f195\">\n<div class=\"wp-block-uagb-image uagb-block-c8017fc4 wp-block-uagb-image--layout-default wp-block-uagb-image--effect-static wp-block-uagb-image--align-none\"><figure class=\"wp-block-uagb-image__figure\"><img decoding=\"async\" srcset=\"https:\/\/bassin-arcachon.com\/wp-content\/uploads\/2017\/02\/pres-sales-ares-17-1024x683.jpg \" sizes=\"auto, (max-width: 480px) 150px\" src=\"https:\/\/bassin-arcachon.com\/wp-content\/uploads\/2017\/02\/pres-sales-ares-17-1024x683.jpg\" alt=\"- - Bassin d&#039;Arcachon\" class=\"uag-image-11705\" width=\"1024\" height=\"683\" title=\"- - Bassin d&#039;Arcachon\" loading=\"lazy\" role=\"img\"><\/figure><\/div>\n<\/div>\n<\/div><\/div>\n\n\n\n<div style=\"height:40px\" aria-hidden=\"true\" class=\"wp-block-spacer\"><\/div>\n\n\n\n<div class=\"wp-block-uagb-container uagb-block-f0c1a50e alignfull uagb-is-root-container\"><div class=\"uagb-container-inner-blocks-wrap\">\n<div class=\"wp-block-uagb-container uagb-block-450fbae2\">\n<div class=\"wp-block-uagb-image uagb-block-0ef644f2 wp-block-uagb-image--layout-default wp-block-uagb-image--effect-static wp-block-uagb-image--align-none\"><figure class=\"wp-block-uagb-image__figure\"><img decoding=\"async\" srcset=\"https:\/\/bassin-arcachon.com\/wp-content\/uploads\/2020\/07\/ares-triangle-de-pereire-1024x683-1.jpg \" sizes=\"auto, (max-width: 480px) 150px\" src=\"https:\/\/bassin-arcachon.com\/wp-content\/uploads\/2020\/07\/ares-triangle-de-pereire-1024x683-1.jpg\" alt=\"- - Bassin d&#039;Arcachon\" class=\"uag-image-44401\" width=\"1024\" height=\"683\" title=\"- - Bassin d&#039;Arcachon\" loading=\"lazy\" role=\"img\"><\/figure><\/div>\n<\/div>\n\n\n\n<div class=\"wp-block-uagb-container uagb-block-6c2c0313\">\n<h3 class=\"wp-block-heading\">\u5728 Triangle de Pereire \u91ce\u9910<\/h3>\n\n\n\n<p>\u5728 Triangle de Pereire \u6d77\u6ee9\u6216 <a href=\"https:\/\/bassin-arcachon.com\/zh\/%e7%a7%8b%e5%a4%a9%e7%9a%84%e7%ac%ac%e4%b8%80%e4%b8%aa%e8%bf%b9%e8%b1%a1\/\">\u5723\u5e03\u83b1\u65af\u9057\u5740<\/a> \u5728\u677e\u6811\u7684\u6811\u836b\u4e0b\u3002<\/p>\n\n\n\n<p>\u5348\u9910\u540e\uff0c\u51fa\u53d1\u53bb\u63a2\u7d22\u5e84\u56ed\u548c\u6e56\u6cca\u7684\u5c0f\u79d8\u5bc6\u89d2\u843d\u3002<\/p>\n\n\n\n<p>\u9000\u6f6e\u65f6\uff0c\u5723\u5e03\u91cc\u65af\u6d77\u87ba (conche de St Brice) \u662f\u552f\u4e00\u53ef\u4ee5\u6e38\u6cf3\u7684\u5730\u65b9\u3002<\/p>\n<\/div>\n<\/div><\/div>\n\n\n\n<div style=\"height:40px\" aria-hidden=\"true\" class=\"wp-block-spacer\"><\/div>\n\n\n\n<div class=\"wp-block-uagb-container uagb-block-3f06d5b2 alignfull uagb-is-root-container\"><div class=\"uagb-container-inner-blocks-wrap\">\n<div class=\"wp-block-uagb-container uagb-block-4b47f266\">\n<h3 class=\"wp-block-heading\">\u5728\u68ee\u6797\u91cc\u6563\u6b65<\/h3>\n\n\n\n<p>\u524d\u5f80\u963f\u96f7\u65af\u68ee\u6797\uff0c\u5728\u5927\u81ea\u7136\u4e2d\u6f2b\u6b65\u3002<\/p>\n\n\n\n<p>\u79cb\u5929\u6700\u9002\u5408\u91c7\u8611\u83c7\u4e86\uff01 <a href=\"https:\/\/bassin-arcachon.com\/zh\/%e6%80%8e%e4%b9%88%e5%8a%9e\/balades-a-pied-a-velo\/\">\u6b65\u884c\u6216\u9a91\u81ea\u884c\u8f66<\/a>\uff0c\u5728\u6d77\u4e0a\u677e\u6797\u4e2d\u51fa\u53d1\u5ea6\u8fc7\u4e00\u5929\u3002\u4e00\u8def\u4e0a\uff0c\u8be5\u7f51\u7ad9\u9080\u8bf7\u60a8\u5728\u6811\u836b\u4e0b\u4f11\u606f\u4e00\u4e0b\u3002 <\/p>\n\n\n\n<p>\u65c5\u6e38\u5c40\u63d0\u4f9b\u5f88\u591a\u53c2\u89c2\u673a\u4f1a\uff0c\u4e0d\u8981\u72b9\u8c6b\uff0c\u53bb\u90a3\u91cc\u5427\uff01<\/p>\n<\/div>\n\n\n\n<div class=\"wp-block-uagb-container uagb-block-363ce8c8\">\n<div class=\"wp-block-uagb-image uagb-block-775d576c wp-block-uagb-image--layout-default wp-block-uagb-image--effect-static wp-block-uagb-image--align-none\"><figure class=\"wp-block-uagb-image__figure\"><img decoding=\"async\" srcset=\"https:\/\/bassin-arcachon.com\/wp-content\/uploads\/2020\/07\/Ramasser-les-champignons-en-foret-Bassin-Arcachon-1024x683-1.jpg \" sizes=\"auto, (max-width: 480px) 150px\" src=\"https:\/\/bassin-arcachon.com\/wp-content\/uploads\/2020\/07\/Ramasser-les-champignons-en-foret-Bassin-Arcachon-1024x683-1.jpg\" alt=\"- - Bassin d&#039;Arcachon\" class=\"uag-image-44402\" width=\"1024\" height=\"683\" title=\"- - Bassin d&#039;Arcachon\" loading=\"lazy\" role=\"img\"><\/figure><\/div>\n<\/div>\n<\/div><\/div>\n\n\n\n<div style=\"height:40px\" aria-hidden=\"true\" class=\"wp-block-spacer\"><\/div>\n\n\n\n<div class=\"wp-block-uagb-container uagb-block-826c5612 alignfull uagb-is-root-container\"><div class=\"uagb-container-inner-blocks-wrap\">\n<div class=\"wp-block-uagb-container uagb-block-4ea2cc4b\">\n<div class=\"wp-block-uagb-image uagb-block-26aa436a wp-block-uagb-image--layout-default wp-block-uagb-image--effect-static wp-block-uagb-image--align-none\"><figure class=\"wp-block-uagb-image__figure\"><img decoding=\"async\" srcset=\"https:\/\/bassin-arcachon.com\/wp-content\/uploads\/2020\/07\/ares-velos-1024x681-1.jpg \" sizes=\"auto, (max-width: 480px) 150px\" src=\"https:\/\/bassin-arcachon.com\/wp-content\/uploads\/2020\/07\/ares-velos-1024x681-1.jpg\" alt=\"- - Bassin d&#039;Arcachon\" class=\"uag-image-44403\" width=\"1024\" height=\"681\" title=\"- - Bassin d&#039;Arcachon\" loading=\"lazy\" role=\"img\"><\/figure><\/div>\n<\/div>\n\n\n\n<div class=\"wp-block-uagb-container uagb-block-98ade739\">\n<h3 class=\"wp-block-heading\">\u5728\u81ea\u884c\u8f66\u9053\u548c\u4eba\u884c\u9053\u4e0a\u6f2b\u6b65<\/h3>\n\n\n\n<p>\u7bee\u5b50\u91cc\u91ce\u9910\uff0c\u51fa\u53bb\u63a2\u9669 <a href=\"https:\/\/bassin-arcachon.com\/zh\/%e7%94%b5%e8%b7%af\/tour-dares\/\">\u6cbf\u7740\u81ea\u884c\u8f66\u9053\u6216\u4eba\u884c\u9053\u63a2\u7d22\u963f\u96f7\u65af\u7684\u65b9\u65b9\u9762\u9762\u3002<\/a><\/p>\n\n\n\n<p>\u5728\u9014\u4e2d\uff0c\u60a8\u53ef\u4ee5\u5728\u6da8\u6f6e\u65f6\u5728 Bassin \u4e2d\u4eab\u53d7\u4e00\u6b21\u5f53\u4e4b\u65e0\u6127\u7684\u6e38\u6cf3\u4f11\u606f\uff0c\u6216\u8005\u5728\u9000\u6f6e\u65f6\u9009\u62e9 Saint Brice\uff01<\/p>\n<\/div>\n<\/div><\/div>\n\n\n\n<div style=\"height:40px\" aria-hidden=\"true\" class=\"wp-block-spacer\"><\/div>\n\n\n\n<div class=\"wp-block-uagb-container uagb-block-4d7178b8 alignfull uagb-is-root-container\"><div class=\"uagb-container-inner-blocks-wrap\">\n<div class=\"wp-block-uagb-container uagb-block-3b8c531e\">\n<h3 class=\"wp-block-heading\">\u6cbf\u7740\u963f\u96f7\u65af\u7801\u5934<\/h3>\n\n\n\n<p>\u963f\u96f7\u65af\u7801\u5934\u88ab\u79f0\u4e3a\u963f\u5361\u96c4 Bassin \u4e2d\u6700\u53e4\u8001\u7684\u7801\u5934\u3002<\/p>\n\n\n\n<p>\u9000\u6f6e\u65f6\uff0c\u60a8\u53ef\u4ee5\u6cbf\u7740\u5f53\u65f6\u7528\u4f5c\u6e14\u6c11\u7801\u5934\u7684\u7801\u5934\u6f2b\u6b65\u3002<\/p>\n\n\n\n<p>Bassin \u7684\u4e00\u4e2a\u4e0d\u9519\u7684\u89c6\u89d2\uff1a\u62ff\u51fa\u4f60\u7684\u76f8\u673a\uff01<\/p>\n<\/div>\n\n\n\n<div class=\"wp-block-uagb-container uagb-block-9a8e086f\">\n<div class=\"wp-block-uagb-image uagb-block-c59bb09f wp-block-uagb-image--layout-default wp-block-uagb-image--effect-static wp-block-uagb-image--align-none\"><figure class=\"wp-block-uagb-image__figure\"><img decoding=\"async\" srcset=\"https:\/\/bassin-arcachon.com\/wp-content\/uploads\/2019\/06\/jet\u00e9e-dAr\u00e8s-point-de-vue-sur-le-Bassin-dArcachon.jpg 1000w, https:\/\/bassin-arcachon.com\/wp-content\/uploads\/2019\/06\/jet\u00e9e-dAr\u00e8s-point-de-vue-sur-le-Bassin-dArcachon-600x450.jpg 600w, https:\/\/bassin-arcachon.com\/wp-content\/uploads\/2019\/06\/jet\u00e9e-dAr\u00e8s-point-de-vue-sur-le-Bassin-dArcachon-768x576.jpg 768w, https:\/\/bassin-arcachon.com\/wp-content\/uploads\/2019\/06\/jet\u00e9e-dAr\u00e8s-point-de-vue-sur-le-Bassin-dArcachon-16x12.jpg 16w\" sizes=\"auto, (max-width: 480px) 150px\" src=\"https:\/\/bassin-arcachon.com\/wp-content\/uploads\/2019\/06\/jet\u00e9e-dAr\u00e8s-point-de-vue-sur-le-Bassin-dArcachon.jpg\" alt=\"- - Bassin d&#039;Arcachon\" class=\"uag-image-35260\" width=\"1000\" height=\"750\" title=\"- - Bassin d&#039;Arcachon\" loading=\"lazy\" role=\"img\"><\/figure><\/div>\n<\/div>\n<\/div><\/div>\n\n\n\n<div style=\"height:40px\" aria-hidden=\"true\" class=\"wp-block-spacer\"><\/div>","protected":false},"excerpt":{"rendered":"<p>Ar\u00e8s, pour des vraies vacances en famille Entre Bassin et nature, Ar\u00e8s a de quoi vous surprendre ! Venez profiter de son port ostr\u00e9icole, ou de ses sites naturels \u00e0 [&hellip;]<\/p>\n","protected":false},"author":25,"featured_media":11705,"parent":29,"menu_order":7,"comment_status":"closed","ping_status":"closed","template":"","meta":{"_acf_changed":false,"_uag_custom_page_level_css":"","footnotes":""},"class_list":["post-157","page","type-page","status-publish","has-post-thumbnail","hentry"],"acf":[],"uagb_featured_image_src":{"full":["https:\/\/bassin-arcachon.com\/wp-content\/uploads\/2017\/02\/pres-sales-ares-17.jpg",1200,800,false],"thumbnail":["https:\/\/bassin-arcachon.com\/wp-content\/uploads\/2017\/02\/pres-sales-ares-17-150x150.jpg",150,150,true],"medium":["https:\/\/bassin-arcachon.com\/wp-content\/uploads\/2017\/02\/pres-sales-ares-17-600x400.jpg",600,400,true],"medium_large":["https:\/\/bassin-arcachon.com\/wp-content\/uploads\/2017\/02\/pres-sales-ares-17-768x512.jpg",768,512,true],"large":["https:\/\/bassin-arcachon.com\/wp-content\/uploads\/2017\/02\/pres-sales-ares-17-1024x683.jpg",1024,683,true],"1536x1536":["https:\/\/bassin-arcachon.com\/wp-content\/uploads\/2017\/02\/pres-sales-ares-17.jpg",1200,800,false],"2048x2048":["https:\/\/bassin-arcachon.com\/wp-content\/uploads\/2017\/02\/pres-sales-ares-17.jpg",1200,800,false],"trp-custom-language-flag":["https:\/\/bassin-arcachon.com\/wp-content\/uploads\/2017\/02\/pres-sales-ares-17-18x12.jpg",18,12,true]},"uagb_author_info":{"display_name":"Marie Clauzel","author_link":"https:\/\/bassin-arcachon.com\/zh\/author\/mariesiba\/"},"uagb_comment_info":0,"uagb_excerpt":"Ar\u00e8s, pour des vraies vacances en famille Entre Bassin et nature, Ar\u00e8s a de quoi vous surprendre ! Venez profiter de son port ostr\u00e9icole, ou de ses sites naturels \u00e0 [&hellip;]","_links":{"self":[{"href":"https:\/\/bassin-arcachon.com\/zh\/wp-json\/wp\/v2\/pages\/157","targetHints":{"allow":["GET"]}}],"collection":[{"href":"https:\/\/bassin-arcachon.com\/zh\/wp-json\/wp\/v2\/pages"}],"about":[{"href":"https:\/\/bassin-arcachon.com\/zh\/wp-json\/wp\/v2\/types\/page"}],"author":[{"embeddable":true,"href":"https:\/\/bassin-arcachon.com\/zh\/wp-json\/wp\/v2\/users\/25"}],"replies":[{"embeddable":true,"href":"https:\/\/bassin-arcachon.com\/zh\/wp-json\/wp\/v2\/comments?post=157"}],"version-history":[{"count":1,"href":"https:\/\/bassin-arcachon.com\/zh\/wp-json\/wp\/v2\/pages\/157\/revisions"}],"predecessor-version":[{"id":118617,"href":"https:\/\/bassin-arcachon.com\/zh\/wp-json\/wp\/v2\/pages\/157\/revisions\/118617"}],"up":[{"embeddable":true,"href":"https:\/\/bassin-arcachon.com\/zh\/wp-json\/wp\/v2\/pages\/29"}],"wp:featuredmedia":[{"embeddable":true,"href":"https:\/\/bassin-arcachon.com\/zh\/wp-json\/wp\/v2\/media\/11705"}],"wp:attachment":[{"href":"https:\/\/bassin-arcachon.com\/zh\/wp-json\/wp\/v2\/media?parent=157"}],"curies":[{"name":"\u53ef\u6e7f\u6027\u7c89\u5242","href":"https:\/\/api.w.org\/{rel}","templated":true}]}}