{"id":26641,"date":"2018-10-29T15:44:13","date_gmt":"2018-10-29T14:44:13","guid":{"rendered":"https:\/\/bassin-arcachon.com\/\/?page_id=26641"},"modified":"2024-11-06T10:53:22","modified_gmt":"2024-11-06T09:53:22","slug":"%e9%9b%aa%e8%b2%82%e5%b8%bd","status":"publish","type":"page","link":"https:\/\/bassin-arcachon.com\/zh\/ou-dormir\/cap-ferret\/","title":{"rendered":"\u6211\u4eec\u5728\u8d39\u96f7\u89d2\u62e5\u6709\u7684\u9152\u5e97"},"content":{"rendered":"<div class=\"wp-block-uagb-container uagb-block-ad637d86 alignfull uagb-is-root-container\"><div class=\"uagb-container-inner-blocks-wrap\">\n<h2 class=\"wp-block-heading has-text-align-center\" style=\"font-size:25px\"><strong>\u9009\u62e9\u6211\u4eec\u4f4d\u4e8e L\u00e8ge-Cap-Ferret \u534a\u5c9b\u7684\u9152\u5e97\u4e4b\u4e00\uff0c\u5728\u963f\u5361\u96c4 Bassin \u4f4f\u5bbf\u671f\u95f4\uff0c\u60a8\u53ef\u4ee5\u6b23\u8d4f\u5230 Bassin \u7684\u666f\u8272\uff0c\u5e76\u8bbe\u6709\u6e38\u6cf3\u6c60\uff0c\u5e76\u4e14\u5168\u5e74\u5f00\u653e\uff01<\/strong><\/h2>\n<\/div><\/div>\n\n\n\n<div style=\"height:40px\" aria-hidden=\"true\" class=\"wp-block-spacer\"><\/div>\n\n\n\n<div class=\"wp-block-uagb-container uagb-block-a8ebaba9 alignfull uagb-is-root-container\"><div class=\"uagb-container-inner-blocks-wrap\">\n<div class=\"wp-block-uagb-container uagb-block-36895c6e\">\n<h2 class=\"wp-block-heading\">\u6211\u4eec\u4f4d\u4e8e Cap Ferret \u7684\u9152\u5e97\u53ef\u6b23\u8d4f\u76c6\u5730\u666f\u89c2<\/h2>\n\n\n\n<p>\u60f3\u8981\u5728\u66f4\u63a5\u8fd1\u5143\u7d20\u7684\u5730\u65b9\u4e3a\u7535\u6c60\u5145\u7535\uff1f\u5165\u4f4f\u6211\u4eec\u4f4d\u4e8e Cap Ferret \u7684\u9152\u5e97\u4e4b\u4e00\uff0c\u6b23\u8d4f\u76c6\u5730\u7f8e\u666f\uff01\u5e73\u5e95\u8239\u5728\u6c34\u9762\u4e0a\u6447\u6643\u7684\u58f0\u97f3\u8ba9\u60a8\u5b89\u7136\u5165\u7761\uff01\u5728\u9e1f\u9e23\u58f0\u4e2d\u9192\u6765\uff0c\u9762\u671d\u6d77\u6ee9\u4eab\u7528\u5348\u9910\uff0c\u4ece\u5bb9\u5730\u5f00\u59cb\u65b0\u7684\u4e00\u5929\u3002\u6b23\u8d4f\u58ee\u4e3d\u7684\u98ce\u666f\uff0c\u7136\u540e\u53cc\u811a\u8e29\u5728\u6c99\u6ee9\u4e0a\u6b23\u8d4f\u65e5\u843d\u3002\u5b8c\u7f8e\u7684\u6d6a\u6f2b\u5468\u672b\u6216\u4e0e\u670b\u53cb\uff01\u9009\u62e9\u60a8\u5728\u6c34\u8fb9\u7684\u9152\u5e97\uff0c\u6bcf\u5929\u5728\u6f6e\u6c50\u4e2d\u91cd\u65b0\u53d1\u73b0 Cap Ferret\uff01<\/p>\n\n\n\n<div class=\"wp-block-buttons is-layout-flex wp-block-buttons-is-layout-flex\">\n<div class=\"wp-block-button\"><a class=\"wp-block-button__link wp-element-button\" href=\"https:\/\/bassin-arcachon.com\/zh\/%e4%bd%8f%e5%ae%bf-2\/%e9%85%92%e5%ba%97lege-cap-ferretvuemer-2\/\">\u6d77\u6ee8\u9152\u5e97<\/a><\/div>\n<\/div>\n<\/div>\n\n\n\n<div class=\"wp-block-uagb-container uagb-block-c325e0b4\">\n<div class=\"wp-block-uagb-image uagb-block-dd9b6142 wp-block-uagb-image--layout-default wp-block-uagb-image--effect-static wp-block-uagb-image--align-none\"><figure class=\"wp-block-uagb-image__figure\"><img decoding=\"async\" srcset=\"https:\/\/bassin-arcachon.com\/wp-content\/uploads\/2018\/04\/cap-ferret-vue-sur-la-dune-du-pilat-e1546606801513.jpg \" sizes=\"auto, (max-width: 480px) 150px\" src=\"https:\/\/bassin-arcachon.com\/wp-content\/uploads\/2018\/04\/cap-ferret-vue-sur-la-dune-du-pilat-e1546606801513.jpg\" alt=\"\u6f2b\u6b65\u5230 Cap Ferret\uff0c\u6b23\u8d4f Dune du Pilat \u7684\u666f\u8272\" class=\"uag-image-19936\" width=\"1000\" height=\"667\" title=\"- - Bassin d&#039;Arcachon\" loading=\"lazy\" role=\"img\"><\/figure><\/div>\n<\/div>\n<\/div><\/div>\n\n\n\n<div style=\"height:60px\" aria-hidden=\"true\" class=\"wp-block-spacer\"><\/div>\n\n\n\n<div class=\"wp-block-uagb-container uagb-block-6f0eee2b alignfull uagb-is-root-container\"><div class=\"uagb-container-inner-blocks-wrap\">\n<div class=\"wp-block-uagb-container uagb-block-6fe81117\">\n<div class=\"wp-block-uagb-image uagb-block-48469825 wp-block-uagb-image--layout-default wp-block-uagb-image--effect-static wp-block-uagb-image--align-none\"><figure class=\"wp-block-uagb-image__figure\"><img decoding=\"async\" srcset=\"https:\/\/bassin-arcachon.com\/wp-content\/uploads\/2017\/12\/balneo-serge-blanco-lege-cap-ferret-33-1024x683.jpg \" sizes=\"auto, (max-width: 480px) 150px\" src=\"https:\/\/bassin-arcachon.com\/wp-content\/uploads\/2017\/12\/balneo-serge-blanco-lege-cap-ferret-33-1024x683.jpg\" alt=\"- - Bassin d&#039;Arcachon\" class=\"uag-image-11599\" width=\"1024\" height=\"683\" title=\"- - Bassin d&#039;Arcachon\" loading=\"lazy\" role=\"img\"><\/figure><\/div>\n<\/div>\n\n\n\n<div class=\"wp-block-uagb-container uagb-block-89feca12\">\n<h2 class=\"wp-block-heading\">\u6211\u4eec\u5728 Cap Ferret \u62e5\u6709\u6e38\u6cf3\u6c60\u7684\u9152\u5e97<\/h2>\n\n\n\n<p>\u5728 Cap Ferret \u9152\u5e97\u7684\u6e38\u6cf3\u6c60\u4e2d\u653e\u677e\u4e00\u4e0b\uff01\u5145\u5206\u5229\u7528\u5b81\u9759\u81ea\u7136\u7684\u73af\u5883\uff0c\u5728\u6cf3\u6c60\u8fb9\u653e\u677e\u8eab\u5fc3\u3002\u6652\u9ed1\u4f60\u7684\u76ae\u80a4\uff0c\u800c\u6d6e\u6807\u3001\u6c14\u7403\u548c\u6c34\u4e0a\u6e38\u620f\u4f1a\u8ba9\u5b69\u5b50\u4eec\u7b49\u5f85\u6da8\u6f6e\u3002\u548c...\u8c08\u604b\u7231 \uff1f\u5728\u6052\u6e29\u6cf3\u6c60\u4e2d\u5171\u4eab\u653e\u677e\u65f6\u523b\u3002\u670b\u53cb\u4e4b\u95f4\uff1f\u957f\u5ea6\u7ade\u4e89\u4fdd\u8bc1\uff01\u8ba9\u60a8\u7684\u613f\u671b\u8bf4\u8bdd\uff0c\u9009\u62e9\u6211\u4eec\u4f4d\u4e8e\u8d39\u96f7\u89d2\u7684\u5e26\u6cf3\u6c60\u7684\u9152\u5e97\u4e4b\u4e00\u3002\u770b\u770b\u6211\u4eec\u7684\u9009\u62e9\uff0c\u60a8\u4e00\u5b9a\u4f1a\u627e\u5230\u60a8\u60f3\u8981\u7684\uff01<\/p>\n\n\n\n<div class=\"wp-block-buttons is-layout-flex wp-block-buttons-is-layout-flex\">\n<div class=\"wp-block-button\"><a class=\"wp-block-button__link wp-element-button\" href=\"https:\/\/bassin-arcachon.com\/zh\/%e4%bd%8f%e5%ae%bf-2\/%e9%85%92%e5%ba%97%e7%99%bd%e9%bc%ac%e5%b8%bd%e5%ad%a6%e9%99%a2%e6%b8%b8%e6%b3%b3%e6%b1%a0\/\">\u5e26\u6e38\u6cf3\u6c60\u7684\u9152\u5e97<\/a><\/div>\n<\/div>\n<\/div>\n<\/div><\/div>\n\n\n\n<div style=\"height:60px\" aria-hidden=\"true\" class=\"wp-block-spacer\"><\/div>\n\n\n\n<div class=\"wp-block-uagb-container uagb-block-44092020 alignfull uagb-is-root-container\"><div class=\"uagb-container-inner-blocks-wrap\">\n<div class=\"wp-block-uagb-container uagb-block-44718edc\">\n<h2 class=\"wp-block-heading\">\u6211\u4eec\u5728\u8d39\u96f7\u89d2\u7684\u9152\u5e97\u5168\u5e74\u8425\u4e1a<\/h2>\n\n\n\n<p>\u5728\u5178\u578b\u7684\u5468\u672b\uff0c\u9884\u8ba2\u4f4d\u4e8e Cap Ferret \u7261\u86ce\u517b\u6b96\u6751\u4e2d\u5fc3\u7684\u5b81\u9759\u5c0f\u6e2f\u6e7e\u7684\u9152\u5e97\uff01\u4e00\u4e9b\u573a\u6240\u9760\u8fd1\u6700\u8457\u540d\u7684\u7261\u86ce\u6751\uff1al&#039;Herbe\u3001le Canon\uff0c\u5f53\u7136\u8fd8\u6709 Cap Ferret\u3002<br>\u4e00\u5e74\u56db\u5b63\u4eab\u53d7\u6d41\u57df\u7684\u81ea\u7136\u8d22\u5bcc\uff01\u6f2b\u6b65\u4e8e\u68ee\u6797\u6216\u6f2b\u6b65\u4e8e\u6c99\u6ee9\uff0c\u53d1\u73b0\u56db\u5b63\u53d8\u5316\u7684\u5c71\u6c34\u9b45\u529b\uff01\u5728\u51ac\u5b63\u653e\u677e\u6216\u5728\u590f\u5b63\u5145\u6ee1\u6d3b\u529b\uff0c\u9009\u62e9\u5165\u4f4f\u6211\u4eec\u5168\u5e74\u5f00\u653e\u7684\u9152\u5e97\u4e4b\u4e00\uff0c\u91cd\u65b0\u53d1\u73b0 Cap Ferret \u7684\u7f8e\u4e3d\uff01<\/p>\n\n\n\n<div class=\"wp-block-buttons is-layout-flex wp-block-buttons-is-layout-flex\">\n<div class=\"wp-block-button\"><a class=\"wp-block-button__link wp-element-button\" href=\"https:\/\/bassin-arcachon.com\/zh\/%e4%bd%8f%e5%ae%bf-2\/hotels%40lege-cap-ferret\/\">\u9152\u5e97\u5168\u5e74\u5f00\u653e<\/a><\/div>\n<\/div>\n<\/div>\n\n\n\n<div class=\"wp-block-uagb-container uagb-block-f7af55be\">\n<div class=\"wp-block-uagb-image uagb-block-d3b73739 wp-block-uagb-image--layout-default wp-block-uagb-image--effect-static wp-block-uagb-image--align-none\"><figure class=\"wp-block-uagb-image__figure\"><img decoding=\"async\" srcset=\"https:\/\/bassin-arcachon.com\/wp-content\/uploads\/2018\/04\/velo-phare-du-cap-ferret-e1548069770881.jpg \" sizes=\"auto, (max-width: 480px) 150px\" src=\"https:\/\/bassin-arcachon.com\/wp-content\/uploads\/2018\/04\/velo-phare-du-cap-ferret-e1548069770881.jpg\" alt=\"\u9a91\u81ea\u884c\u8f66\u524d\u5f80 Cap Ferret \u706f\u5854\" class=\"uag-image-19939\" width=\"1000\" height=\"666\" title=\"- - Bassin d&#039;Arcachon\" loading=\"lazy\" role=\"img\"><\/figure><\/div>\n<\/div>\n<\/div><\/div>\n\n\n\n<div style=\"height:60px\" aria-hidden=\"true\" class=\"wp-block-spacer\"><\/div>\n\n\n\n<div class=\"wp-block-uagb-container uagb-block-748d9289 alignfull uagb-is-root-container\">\n<div class=\"wp-block-cover is-light has-parallax\"><span aria-hidden=\"true\" class=\"wp-block-cover__background has-background-dim-0 has-background-dim\"><\/span><div class=\"wp-block-cover__image-background wp-image-1345 has-parallax\" style=\"background-position:50% 50%;background-image:url(https:\/\/bassin-arcachon.com\/wp-content\/uploads\/2017\/03\/Camping-Panorama-du-Pyla-cottage-vue-mer-coin-farniente.jpg)\"><\/div><div class=\"wp-block-cover__inner-container is-layout-flow wp-block-cover-is-layout-flow\">\n<div class=\"wp-block-uagb-container uagb-block-11b360e0\">\n<h2 class=\"wp-block-heading has-text-align-center has-white-color has-text-color has-large-font-size\">\u5728\u963f\u5361\u96c4\u7684 Bassin \u9152\u5e97\u4e4b\u4e00\u8f7b\u677e\u5ea6\u8fc7\u60a8\u7684\u5047\u671f<\/h2>\n\n\n\n<p class=\"has-text-align-center has-white-color has-text-color\"><a href=\"https:\/\/bassin-arcachon.com\/zh\/%e4%bd%8f%e5%ae%bf-2\/%e9%85%92%e5%ba%97-2\/\">\u5f00\u59cb\u60a8\u7684\u641c\u7d22<\/a><\/p>\n<\/div>\n<\/div><\/div>\n<\/div>\n\n\n\n<div style=\"height:60px\" aria-hidden=\"true\" class=\"wp-block-spacer\"><\/div>\n\n\n\n<div class=\"wp-block-uagb-container uagb-block-67970557 alignfull uagb-is-root-container\"><div class=\"uagb-container-inner-blocks-wrap\">\n<div class=\"wp-block-uagb-container uagb-block-dd7dcc04\">\n<h3 class=\"wp-block-heading\">\u60a8\u60f3\u9884\u8ba2 Cap Ferret \u9644\u8fd1\u7684\u9152\u5e97\u5417\uff1f<\/h3>\n\n\n\n<p>\u63a2\u7d22\u6211\u4eec\u4f4d\u4e8e Bassin Arcachon \u7684\u6240\u6709\u9152\u5e97\uff1a&nbsp;<a href=\"https:\/\/bassin-arcachon.com\/zh\/%e4%bd%8f%e5%ae%bf-2\/%e9%85%92%e5%ba%97-2+%e6%88%98%e7%a5%9e-2\/\">\u6218\u795e<\/a>,&nbsp;<a href=\"https:\/\/bassin-arcachon.com\/zh\/%e4%bd%8f%e5%ae%bf-2\/%e9%85%92%e5%ba%97-2+%e9%98%bf%e5%8d%a1%e9%9b%84\/\">\u963f\u5361\u96c4<\/a>,&nbsp;<a href=\"https:\/\/bassin-arcachon.com\/zh\/%e4%bd%8f%e5%ae%bf-2\/%e9%85%92%e5%ba%97-2+%e6%89%b9%e9%87%8f%e6%b5%8b%e8%af%95\/\">La Teste de Buch<\/a>,&nbsp;<a href=\"https:\/\/bassin-arcachon.com\/zh\/%e4%bd%8f%e5%ae%bf-2\/%e9%85%92%e5%ba%97-2+%e5%ae%89%e5%be%b7%e8%af%ba%e6%96%af\/\">\u5b89\u5fb7\u8bfa\u65af<\/a>,&nbsp;<a href=\"https:\/\/bassin-arcachon.com\/zh\/%e4%bd%8f%e5%ae%bf-2\/%e9%85%92%e5%ba%97-2+%e5%8f%a4%e8%ae%a9%e6%a2%85%e6%96%af%e7%89%b9%e6%8b%89%e6%96%af\/\">Gujan-Mestras,<\/a>&nbsp;<a href=\"https:\/\/bassin-arcachon.com\/zh\/%e4%bd%8f%e5%ae%bf-2\/%e9%85%92%e5%ba%97-2+%e7%9b%86%e5%9c%b0%e4%b9%8b%e5%bf%83\/\">\u6bd4\u52a0\u8bfa\u65af<\/a>&nbsp;<a href=\"https:\/\/bassin-arcachon.com\/zh\/%e4%bd%8f%e5%ae%bf-2\/%e9%85%92%e5%ba%97-2+%e7%9b%86%e5%9c%b0%e4%b9%8b%e5%bf%83\/\">\u5965\u767b\u683c<\/a>,<a href=\"https:\/\/bassin-arcachon.com\/zh\/%e4%bd%8f%e5%ae%bf-2\/%e9%85%92%e5%ba%97-2+%e7%9b%86%e5%9c%b0%e4%b9%8b%e5%bf%83\/\">&nbsp;\u5170\u987f&nbsp;<\/a>\u548c&nbsp;<a href=\"https:\/\/bassin-arcachon.com\/zh\/%e4%bd%8f%e5%ae%bf-2\/%e9%85%92%e5%ba%97-2+%e5%8b%92%e6%b3%b0%e5%85%8b\/\">Le Teich<\/a>&nbsp;!<\/p>\n<\/div>\n\n\n\n<div class=\"wp-block-uagb-container uagb-block-dd7a49a4\">\n<div class=\"wp-block-uagb-image uagb-block-349829c0 wp-block-uagb-image--layout-default wp-block-uagb-image--effect-static wp-block-uagb-image--align-none\"><figure class=\"wp-block-uagb-image__figure\"><img decoding=\"async\" srcset=\"https:\/\/bassin-arcachon.com\/wp-content\/uploads\/2018\/09\/nourri-a-lhu\u00eetre-\u00e9lev\u00e9-sous-les-pins-Bassin-dArcachon.jpg 1000w, https:\/\/bassin-arcachon.com\/wp-content\/uploads\/2018\/09\/nourri-a-lhu\u00eetre-\u00e9lev\u00e9-sous-les-pins-Bassin-dArcachon-600x400.jpg 600w, https:\/\/bassin-arcachon.com\/wp-content\/uploads\/2018\/09\/nourri-a-lhu\u00eetre-\u00e9lev\u00e9-sous-les-pins-Bassin-dArcachon-768x511.jpg 768w, https:\/\/bassin-arcachon.com\/wp-content\/uploads\/2018\/09\/nourri-a-lhu\u00eetre-\u00e9lev\u00e9-sous-les-pins-Bassin-dArcachon-18x12.jpg 18w\" sizes=\"auto, (max-width: 480px) 150px\" src=\"https:\/\/bassin-arcachon.com\/wp-content\/uploads\/2018\/09\/nourri-a-lhu\u00eetre-\u00e9lev\u00e9-sous-les-pins-Bassin-dArcachon.jpg\" alt=\"- - Bassin d&#039;Arcachon\" class=\"uag-image-26169\" width=\"1000\" height=\"666\" title=\"- - Bassin d&#039;Arcachon\" loading=\"lazy\" role=\"img\"><\/figure><\/div>\n<\/div>\n<\/div><\/div>\n\n\n\n<div style=\"height:60px\" aria-hidden=\"true\" class=\"wp-block-spacer\"><\/div>","protected":false},"excerpt":{"rendered":"<p>Optez pour l&rsquo;un de nos h\u00f4tels sur la presqu\u2019\u00eele de L\u00e8ge-Cap-Ferret, offrant une vue sur le Bassin, une piscine, et ouverts toute l&rsquo;ann\u00e9e, pour votre s\u00e9jour dans le Bassin d&rsquo;Arcachon [&hellip;]<\/p>\n","protected":false},"author":24,"featured_media":2217,"parent":43,"menu_order":1,"comment_status":"closed","ping_status":"closed","template":"","meta":{"_acf_changed":false,"_uag_custom_page_level_css":"","footnotes":""},"class_list":["post-26641","page","type-page","status-publish","has-post-thumbnail","hentry"],"acf":[],"uagb_featured_image_src":{"full":["https:\/\/bassin-arcachon.com\/wp-content\/uploads\/2017\/03\/camping-bassin-arcachon.jpg",1200,800,false],"thumbnail":["https:\/\/bassin-arcachon.com\/wp-content\/uploads\/2017\/03\/camping-bassin-arcachon-150x150.jpg",150,150,true],"medium":["https:\/\/bassin-arcachon.com\/wp-content\/uploads\/2017\/03\/camping-bassin-arcachon-600x400.jpg",600,400,true],"medium_large":["https:\/\/bassin-arcachon.com\/wp-content\/uploads\/2017\/03\/camping-bassin-arcachon-768x512.jpg",768,512,true],"large":["https:\/\/bassin-arcachon.com\/wp-content\/uploads\/2017\/03\/camping-bassin-arcachon-1024x683.jpg",1024,683,true],"1536x1536":["https:\/\/bassin-arcachon.com\/wp-content\/uploads\/2017\/03\/camping-bassin-arcachon.jpg",1200,800,false],"2048x2048":["https:\/\/bassin-arcachon.com\/wp-content\/uploads\/2017\/03\/camping-bassin-arcachon.jpg",1200,800,false],"trp-custom-language-flag":["https:\/\/bassin-arcachon.com\/wp-content\/uploads\/2017\/03\/camping-bassin-arcachon-18x12.jpg",18,12,true]},"uagb_author_info":{"display_name":"Audrey RAMBAUT","author_link":"https:\/\/bassin-arcachon.com\/zh\/author\/audrey-siba\/"},"uagb_comment_info":0,"uagb_excerpt":"Optez pour l&rsquo;un de nos h\u00f4tels sur la presqu\u2019\u00eele de L\u00e8ge-Cap-Ferret, offrant une vue sur le Bassin, une piscine, et ouverts toute l&rsquo;ann\u00e9e, pour votre s\u00e9jour dans le Bassin d&rsquo;Arcachon [&hellip;]","_links":{"self":[{"href":"https:\/\/bassin-arcachon.com\/zh\/wp-json\/wp\/v2\/pages\/26641","targetHints":{"allow":["GET"]}}],"collection":[{"href":"https:\/\/bassin-arcachon.com\/zh\/wp-json\/wp\/v2\/pages"}],"about":[{"href":"https:\/\/bassin-arcachon.com\/zh\/wp-json\/wp\/v2\/types\/page"}],"author":[{"embeddable":true,"href":"https:\/\/bassin-arcachon.com\/zh\/wp-json\/wp\/v2\/users\/24"}],"replies":[{"embeddable":true,"href":"https:\/\/bassin-arcachon.com\/zh\/wp-json\/wp\/v2\/comments?post=26641"}],"version-history":[{"count":2,"href":"https:\/\/bassin-arcachon.com\/zh\/wp-json\/wp\/v2\/pages\/26641\/revisions"}],"predecessor-version":[{"id":68244,"href":"https:\/\/bassin-arcachon.com\/zh\/wp-json\/wp\/v2\/pages\/26641\/revisions\/68244"}],"up":[{"embeddable":true,"href":"https:\/\/bassin-arcachon.com\/zh\/wp-json\/wp\/v2\/pages\/43"}],"wp:featuredmedia":[{"embeddable":true,"href":"https:\/\/bassin-arcachon.com\/zh\/wp-json\/wp\/v2\/media\/2217"}],"wp:attachment":[{"href":"https:\/\/bassin-arcachon.com\/zh\/wp-json\/wp\/v2\/media?parent=26641"}],"curies":[{"name":"\u53ef\u6e7f\u6027\u7c89\u5242","href":"https:\/\/api.w.org\/{rel}","templated":true}]}}